{"id":97211,"date":"2020-02-01T21:54:10","date_gmt":"2020-02-01T20:54:10","guid":{"rendered":"https:\/\/www.cuchillalia.com\/?post_type=product&#038;p=97211"},"modified":"2026-01-15T01:01:36","modified_gmt":"2026-01-15T00:01:36","slug":"alicates-multiusos-pequeno-11-funciones-baladeo-tem028","status":"publish","type":"product","link":"https:\/\/www.cuchillalia.com\/en\/producto\/alicates-multiusos-pequeno-11-funciones-baladeo-tem028\/","title":{"rendered":"Alicates multiusos peque\u00f1o 11 funciones Baladeo TEM028"},"content":{"rendered":"<h2>Tabla de caracter\u00edsticas multiherramientas 11 funciones Balad\u00e9o<\/h2>\n<div class='tabla-caracteristicas'>\n<div class='fila'><span class='etiqueta'>Nombre comercial:<\/span><span class='valor'><strong>Multiusos 11 funciones<\/strong><\/span><\/div>\n<div class='fila'><span class='etiqueta'>Fabricante:<\/span><span class='valor'>Balad\u00e9o<\/span><\/div>\n<div class='fila'><span class='etiqueta'>Referencia del fabricante:<\/span><span class='valor'>TEM000028<\/span><\/div>\n<div class='fila'><span class='etiqueta'>Material de la hoja:<\/span><span class='valor'>Acero inoxidable 420<\/span><\/div>\n<div class='fila'><span class='etiqueta'>Tipo de hoja:<\/span><span class='valor'>Plegable<\/span><\/div>\n<div class='fila'><span class='etiqueta'>Material del mango:<\/span><span class='valor'>Recubierto de aluminio negro<\/span><\/div>\n<div class='fila'><span class='etiqueta'>Medidas:<\/span><span class='valor'>Cerrado:     7,1&#215;3,1&#215;1,9 cm<br \/>\nAbierto:     10,8&#215;5,6&#215;1,9 cm<\/span><\/div>\n<div class='fila'><span class='etiqueta'>Peso del producto:<\/span><span class='valor'>131 g<\/span><\/div>\n<div class='fila'><span class='etiqueta'>Presentaci\u00f3n del producto:<\/span><span class='valor'>Caja<\/span><\/div>\n<div class='fila'><span class='etiqueta'>C\u00f3digo de barras (GTIN):<\/span><span class='valor'>3661190008947<\/span><\/div>\n<\/div>\n<h3>Otros productos Balad\u00e9o<\/h3>\n<div class=\"woocommerce columns-4 outofstock\"><ul class=\"products kad_product_wrapper rowtight shopcolumn4 shopfullwidth init-isotope-intrinsic kt-show-rating  reinit-isotope\" data-nextselector=\".woocommerce-pagination a.next\" data-navselector=\".woocommerce-pagination\" data-itemselector=\".kad_product\" data-itemloadselector=\".kt_item_fade_in\" data-iso-selector=\".kad_product\" data-iso-style=\"fitRows\" data-iso-filter=\"true\">\n<li class=\"product type-product post-240862 status-publish first instock product_cat-baladeo product_cat-navajas has-post-thumbnail taxable shipping-taxable purchasable product-type-simple col-xxl-2 col-xl-25 col-md-3 col-sm-4 col-xs-6 col-ss-6 baladeo navajas kad_product\">\n\t<div class=\"grid_item product_item clearfix kt_item_fade_in\"><a href=\"https:\/\/www.cuchillalia.com\/en\/producto\/navaja-baladeo-amarillo-mango-madera-eco000199\/\" class=\"product_item_link product_img_link\"><div class=\"kad-product-noflipper kt-product-hardcrop kt-product-intrinsic\" style=\"padding-bottom:100%;\"><div class=\"kt-product-animation-contain\"><img decoding=\"async\" src=\"https:\/\/www.cuchillalia.com\/wordpress\/wp-content\/uploads\/2025\/01\/navaja-baladeo-amarillo-eco000199-300x300.jpg\" srcset=\"https:\/\/www.cuchillalia.com\/wordpress\/wp-content\/uploads\/2025\/01\/navaja-baladeo-amarillo-eco000199-300x300.jpg 300w, https:\/\/www.cuchillalia.com\/wordpress\/wp-content\/uploads\/2025\/01\/navaja-baladeo-amarillo-eco000199-1024x1024.jpg 1024w, https:\/\/www.cuchillalia.com\/wordpress\/wp-content\/uploads\/2025\/01\/navaja-baladeo-amarillo-eco000199-150x150.jpg 150w, https:\/\/www.cuchillalia.com\/wordpress\/wp-content\/uploads\/2025\/01\/navaja-baladeo-amarillo-eco000199-768x768.jpg 768w, https:\/\/www.cuchillalia.com\/wordpress\/wp-content\/uploads\/2025\/01\/navaja-baladeo-amarillo-eco000199-1536x1536.jpg 1536w, https:\/\/www.cuchillalia.com\/wordpress\/wp-content\/uploads\/2025\/01\/navaja-baladeo-amarillo-eco000199-200x200.jpg 200w, https:\/\/www.cuchillalia.com\/wordpress\/wp-content\/uploads\/2025\/01\/navaja-baladeo-amarillo-eco000199-566x566.jpg 566w, https:\/\/www.cuchillalia.com\/wordpress\/wp-content\/uploads\/2025\/01\/navaja-baladeo-amarillo-eco000199-100x100.jpg 100w, https:\/\/www.cuchillalia.com\/wordpress\/wp-content\/uploads\/2025\/01\/navaja-baladeo-amarillo-eco000199-720x720.jpg 720w, https:\/\/www.cuchillalia.com\/wordpress\/wp-content\/uploads\/2025\/01\/navaja-baladeo-amarillo-eco000199-360x360.jpg 360w, https:\/\/www.cuchillalia.com\/wordpress\/wp-content\/uploads\/2025\/01\/navaja-baladeo-amarillo-eco000199-600x600.jpg 600w, https:\/\/www.cuchillalia.com\/wordpress\/wp-content\/uploads\/2025\/01\/navaja-baladeo-amarillo-eco000199-800x800.jpg 800w, https:\/\/www.cuchillalia.com\/wordpress\/wp-content\/uploads\/2025\/01\/navaja-baladeo-amarillo-eco000199-400x400.jpg 400w, https:\/\/www.cuchillalia.com\/wordpress\/wp-content\/uploads\/2025\/01\/navaja-baladeo-amarillo-eco000199.jpg 1800w\" sizes=\"(max-width: 300px) 100vw, 300px\"  alt=\"Navaja Balad\u00e9o Amarillo con mango de madera de fresno - Cuchillalia\" width=\"300\" height=\"300\" class=\"attachment-shop_catalog wp-post-image size-300x300\"><\/div><\/div><\/a> \n\n\t<div class=\"details_product_item\"><div class=\"product_details\"><a href=\"https:\/\/www.cuchillalia.com\/en\/producto\/navaja-baladeo-amarillo-mango-madera-eco000199\/\" class=\"product_item_link\"><h3 class=\"product_archive_title\">Navaja Balad\u00e9o Amarillo mango madera ECO000199<\/h3><\/a><\/div>\t\t\n\t<a href=\"https:\/\/www.cuchillalia.com\/en\/producto\/navaja-baladeo-amarillo-mango-madera-eco000199\/\"><span class=\"kt-notrated\">not rated<\/span><\/a>\n\t<span class=\"price\"><span class=\"woocommerce-Price-amount amount\"><bdi>29,99<span class=\"woocommerce-Price-currencySymbol\">&euro;<\/span><\/bdi><\/span><\/span>\n<div class=\"clearfix\"><\/div><\/div>\n\t<div class=\"product_action_wrap\"><a href=\"\/en\/wp-json\/wp\/v2\/product\/97211?add-to-cart=240862\" aria-describedby=\"woocommerce_loop_add_to_cart_link_describedby_240862\" data-quantity=\"1\" class=\"button product_type_simple add_to_cart_button ajax_add_to_cart\" data-product_id=\"240862\" data-product_sku=\"BA_ECO000199\" aria-label=\"Add to cart: &ldquo;Navaja Balad\u00e9o Amarillo mango madera ECO000199&rdquo;\" rel=\"nofollow\" data-success_message=\"&ldquo;Navaja Balad\u00e9o Amarillo mango madera ECO000199&rdquo; has been added to your cart\" role=\"button\">Add to cart<\/a>\t<span id=\"woocommerce_loop_add_to_cart_link_describedby_240862\" class=\"screen-reader-text\">\n\t\t\t<\/span>\n\t\t\t<input type=\"hidden\" class=\"pmwProductId\" data-id=\"240862\">\n\t\t\t\t\t<script>\n\t\t\t(window.pmwDataLayer = window.pmwDataLayer || {}).products                = window.pmwDataLayer.products || {};\n\t\t\twindow.pmwDataLayer.products[240862] = {\"id\":\"240862\",\"sku\":\"BA_ECO000199\",\"price\":29.989999999999998,\"brand\":\"\",\"quantity\":1,\"dyn_r_ids\":{\"post_id\":\"240862\",\"sku\":\"BA_ECO000199\",\"gpf\":\"woocommerce_gpf_240862\",\"gla\":\"gla_240862\"},\"is_variable\":false,\"type\":\"simple\",\"name\":\"Navaja Balad\u00e9o Amarillo mango madera ECO000199\",\"category\":[\"Balad\u00e9o\",\"Navajas\"],\"is_variation\":false};\n\t\t\t\t\twindow.pmw_product_position = window.pmw_product_position || 1;\n\t\twindow.pmwDataLayer.products[240862]['position'] = window.pmw_product_position++;\n\t\t\t\t<\/script>\n\t\t<\/div><\/div><\/li><li class=\"product type-product post-97315 status-publish instock product_cat-camping product_cat-baladeo product_cat-cuberteria-mesa product_cat-juegos-cubiertos has-post-thumbnail taxable shipping-taxable purchasable product-type-simple col-xxl-2 col-xl-25 col-md-3 col-sm-4 col-xs-6 col-ss-6 camping baladeo cuberteria-mesa juegos-cubiertos kad_product\">\n\t<div class=\"grid_item product_item clearfix kt_item_fade_in\"><a href=\"https:\/\/www.cuchillalia.com\/en\/producto\/set-3-cubiertos-camping-viaje-baladeo-eco112\/\" class=\"product_item_link product_img_link\"><div class=\"kad-product-noflipper kt-product-hardcrop kt-product-intrinsic\" style=\"padding-bottom:100%;\"><div class=\"kt-product-animation-contain\"><img decoding=\"async\" src=\"https:\/\/www.cuchillalia.com\/wordpress\/wp-content\/uploads\/2020\/02\/cubiertos-camping-viaje-basecamp-baladeo-eco000112-presentados-300x300.jpg\" srcset=\"https:\/\/www.cuchillalia.com\/wordpress\/wp-content\/uploads\/2020\/02\/cubiertos-camping-viaje-basecamp-baladeo-eco000112-presentados-300x300.jpg 300w, https:\/\/www.cuchillalia.com\/wordpress\/wp-content\/uploads\/2020\/02\/cubiertos-camping-viaje-basecamp-baladeo-eco000112-presentados-200x200.jpg 200w, https:\/\/www.cuchillalia.com\/wordpress\/wp-content\/uploads\/2020\/02\/cubiertos-camping-viaje-basecamp-baladeo-eco000112-presentados-100x100.jpg 100w, https:\/\/www.cuchillalia.com\/wordpress\/wp-content\/uploads\/2020\/02\/cubiertos-camping-viaje-basecamp-baladeo-eco000112-presentados-566x566.jpg 566w, https:\/\/www.cuchillalia.com\/wordpress\/wp-content\/uploads\/2020\/02\/cubiertos-camping-viaje-basecamp-baladeo-eco000112-presentados-1024x1024.jpg 1024w, https:\/\/www.cuchillalia.com\/wordpress\/wp-content\/uploads\/2020\/02\/cubiertos-camping-viaje-basecamp-baladeo-eco000112-presentados-150x150.jpg 150w, https:\/\/www.cuchillalia.com\/wordpress\/wp-content\/uploads\/2020\/02\/cubiertos-camping-viaje-basecamp-baladeo-eco000112-presentados-768x768.jpg 768w, https:\/\/www.cuchillalia.com\/wordpress\/wp-content\/uploads\/2020\/02\/cubiertos-camping-viaje-basecamp-baladeo-eco000112-presentados-1536x1536.jpg 1536w, https:\/\/www.cuchillalia.com\/wordpress\/wp-content\/uploads\/2020\/02\/cubiertos-camping-viaje-basecamp-baladeo-eco000112-presentados-720x720.jpg 720w, https:\/\/www.cuchillalia.com\/wordpress\/wp-content\/uploads\/2020\/02\/cubiertos-camping-viaje-basecamp-baladeo-eco000112-presentados-360x360.jpg 360w, https:\/\/www.cuchillalia.com\/wordpress\/wp-content\/uploads\/2020\/02\/cubiertos-camping-viaje-basecamp-baladeo-eco000112-presentados-600x600.jpg 600w, https:\/\/www.cuchillalia.com\/wordpress\/wp-content\/uploads\/2020\/02\/cubiertos-camping-viaje-basecamp-baladeo-eco000112-presentados-800x800.jpg 800w, https:\/\/www.cuchillalia.com\/wordpress\/wp-content\/uploads\/2020\/02\/cubiertos-camping-viaje-basecamp-baladeo-eco000112-presentados-400x400.jpg 400w, https:\/\/www.cuchillalia.com\/wordpress\/wp-content\/uploads\/2020\/02\/cubiertos-camping-viaje-basecamp-baladeo-eco000112-presentados-480x480.jpg 480w, https:\/\/www.cuchillalia.com\/wordpress\/wp-content\/uploads\/2020\/02\/cubiertos-camping-viaje-basecamp-baladeo-eco000112-presentados-240x240.jpg 240w, https:\/\/www.cuchillalia.com\/wordpress\/wp-content\/uploads\/2020\/02\/cubiertos-camping-viaje-basecamp-baladeo-eco000112-presentados.jpg 1600w\" sizes=\"(max-width: 300px) 100vw, 300px\"  alt=\"Cuchara, tenedor y cuchillo del set de cubiertos de camping\/viajes Basecamp Balad\u00e9o - Cuchillalia\" width=\"300\" height=\"300\" class=\"attachment-shop_catalog wp-post-image size-300x300\"><\/div><\/div><\/a> \n\n\t<div class=\"details_product_item\"><div class=\"product_details\"><a href=\"https:\/\/www.cuchillalia.com\/en\/producto\/set-3-cubiertos-camping-viaje-baladeo-eco112\/\" class=\"product_item_link\"><h3 class=\"product_archive_title\">Set de 3 cubiertos para camping con funda &#8211; Balad\u00e9o ECO112<\/h3><\/a><\/div>\t\t\n\t<a href=\"https:\/\/www.cuchillalia.com\/en\/producto\/set-3-cubiertos-camping-viaje-baladeo-eco112\/\"><span class=\"kt-notrated\">not rated<\/span><\/a>\n\t<span class=\"price\"><span class=\"woocommerce-Price-amount amount\"><bdi>17,47<span class=\"woocommerce-Price-currencySymbol\">&euro;<\/span><\/bdi><\/span><\/span>\n<div class=\"clearfix\"><\/div><\/div>\n\t<div class=\"product_action_wrap\"><a href=\"\/en\/wp-json\/wp\/v2\/product\/97211?add-to-cart=97315\" aria-describedby=\"woocommerce_loop_add_to_cart_link_describedby_97315\" data-quantity=\"1\" class=\"button product_type_simple add_to_cart_button ajax_add_to_cart\" data-product_id=\"97315\" data-product_sku=\"BA_ECO000112\" aria-label=\"Add to cart: &ldquo;Set de 3 cubiertos para camping con funda - Balad\u00e9o ECO112&rdquo;\" rel=\"nofollow\" data-success_message=\"&ldquo;Set de 3 cubiertos para camping con funda - Balad\u00e9o ECO112&rdquo; has been added to your cart\" role=\"button\">Add to cart<\/a>\t<span id=\"woocommerce_loop_add_to_cart_link_describedby_97315\" class=\"screen-reader-text\">\n\t\t\t<\/span>\n\t\t\t<input type=\"hidden\" class=\"pmwProductId\" data-id=\"97315\">\n\t\t\t\t\t<script>\n\t\t\t(window.pmwDataLayer = window.pmwDataLayer || {}).products                = window.pmwDataLayer.products || {};\n\t\t\twindow.pmwDataLayer.products[97315] = {\"id\":\"97315\",\"sku\":\"BA_ECO000112\",\"price\":17.469999999999999,\"brand\":\"\",\"quantity\":1,\"dyn_r_ids\":{\"post_id\":\"97315\",\"sku\":\"BA_ECO000112\",\"gpf\":\"woocommerce_gpf_97315\",\"gla\":\"gla_97315\"},\"is_variable\":false,\"type\":\"simple\",\"name\":\"Set de 3 cubiertos para camping con funda - Balad\u00e9o ECO112\",\"category\":[\"Accesorios para camping\",\"Balad\u00e9o\",\"Cuchillos y cuberter\u00eda de mesa\",\"Juegos de cubiertos\"],\"is_variation\":false};\n\t\t\t\t\twindow.pmw_product_position = window.pmw_product_position || 1;\n\t\twindow.pmwDataLayer.products[97315]['position'] = window.pmw_product_position++;\n\t\t\t\t<\/script>\n\t\t<\/div><\/div><\/li><\/ul>\n<\/div>\n","protected":false},"excerpt":{"rendered":"<p><strong>Alicates multiusos peque\u00f1o Balad\u00e9o<\/strong> con 11 funciones (navaja, destornillador plano y de estrella, sierra, abrelatas, abrebotellas, lima, &#8230;) en tan solo <strong>7 cm plegado<\/strong> y <strong>131 g de peso<\/strong>, con mango de aluminio negro.&hellip; <a class=\"kt-excerpt-readmore more-link\" href=\"https:\/\/www.cuchillalia.com\/en\/producto\/alicates-multiusos-pequeno-11-funciones-baladeo-tem028\/\" aria-label=\"Alicates multiusos peque\u00f1o 11 funciones Baladeo TEM028\">Read More<\/a><\/p>\n","protected":false},"featured_media":98394,"comment_status":"open","ping_status":"closed","template":"","meta":[],"product_brand":[],"product_cat":[8587,8589],"product_tag":[],"class_list":{"0":"post-97211","1":"product","2":"type-product","3":"status-publish","4":"has-post-thumbnail","6":"product_cat-baladeo","7":"product_cat-multiusos","9":"first","10":"outofstock","11":"taxable","12":"shipping-taxable","13":"purchasable","14":"product-type-simple"},"yoast_head":"<!-- This site is optimized with the Yoast SEO plugin v27.5 - https:\/\/yoast.com\/product\/yoast-seo-wordpress\/ -->\n<title>Alicates multiusos peque\u00f1o 7 cm plegado | Balad\u00e9o 11 usos | Cuchillalia<\/title>\n<meta name=\"description\" content=\"Alicates multiusos Balad\u00e9o, color negro, 11 funciones (navaja, destornilladores, abrelatas, sierra, lima y m\u00e1s) en tan solo 7 cm 131 g de peso\" \/>\n<meta name=\"robots\" content=\"index, follow, max-snippet:-1, max-image-preview:large, max-video-preview:-1\" \/>\n<link rel=\"canonical\" href=\"https:\/\/www.cuchillalia.com\/producto\/alicates-multiusos-pequeno-11-funciones-baladeo-tem028\/\" \/>\n<meta property=\"og:locale\" content=\"en_US\" \/>\n<meta property=\"og:type\" content=\"article\" \/>\n<meta property=\"og:title\" content=\"Alicates multiusos peque\u00f1o 7 cm plegado | Balad\u00e9o 11 usos | Cuchillalia\" \/>\n<meta property=\"og:description\" content=\"Alicates multiusos Balad\u00e9o, color negro, 11 funciones (navaja, destornilladores, abrelatas, sierra, lima y m\u00e1s) en tan solo 7 cm 131 g de peso\" \/>\n<meta property=\"og:url\" content=\"https:\/\/www.cuchillalia.com\/producto\/alicates-multiusos-pequeno-11-funciones-baladeo-tem028\/\" \/>\n<meta property=\"og:site_name\" content=\"Cuchillalia.com\" \/>\n<meta property=\"article:publisher\" content=\"http:\/\/www.facebook.com\/cuchillalia\" \/>\n<meta property=\"article:modified_time\" content=\"2026-01-15T00:01:36+00:00\" \/>\n<meta property=\"og:image\" content=\"https:\/\/www.cuchillalia.com\/wordpress\/wp-content\/uploads\/2020\/02\/alicates-multiusos-de-11-funciones-baladeo-tem000028.jpg\" \/>\n\t<meta property=\"og:image:width\" content=\"1087\" \/>\n\t<meta property=\"og:image:height\" content=\"1087\" \/>\n\t<meta property=\"og:image:type\" content=\"image\/jpeg\" \/>\n<meta name=\"twitter:card\" content=\"summary_large_image\" \/>\n<meta name=\"twitter:site\" content=\"@Cuchillalia\" \/>\n<meta name=\"twitter:label1\" content=\"Est. reading time\" \/>\n\t<meta name=\"twitter:data1\" content=\"1 minute\" \/>\n<!-- \/ Yoast SEO plugin. -->","yoast_head_json":{"title":"Alicates multiusos peque\u00f1o 7 cm plegado | Balad\u00e9o 11 usos | Cuchillalia","description":"Alicates multiusos Balad\u00e9o, color negro, 11 funciones (navaja, destornilladores, abrelatas, sierra, lima y m\u00e1s) en tan solo 7 cm 131 g de peso","robots":{"index":"index","follow":"follow","max-snippet":"max-snippet:-1","max-image-preview":"max-image-preview:large","max-video-preview":"max-video-preview:-1"},"canonical":"https:\/\/www.cuchillalia.com\/producto\/alicates-multiusos-pequeno-11-funciones-baladeo-tem028\/","og_locale":"en_US","og_type":"article","og_title":"Alicates multiusos peque\u00f1o 7 cm plegado | Balad\u00e9o 11 usos | Cuchillalia","og_description":"Alicates multiusos Balad\u00e9o, color negro, 11 funciones (navaja, destornilladores, abrelatas, sierra, lima y m\u00e1s) en tan solo 7 cm 131 g de peso","og_url":"https:\/\/www.cuchillalia.com\/producto\/alicates-multiusos-pequeno-11-funciones-baladeo-tem028\/","og_site_name":"Cuchillalia.com","article_publisher":"http:\/\/www.facebook.com\/cuchillalia","article_modified_time":"2026-01-15T00:01:36+00:00","og_image":[{"width":1087,"height":1087,"url":"https:\/\/www.cuchillalia.com\/wordpress\/wp-content\/uploads\/2020\/02\/alicates-multiusos-de-11-funciones-baladeo-tem000028.jpg","type":"image\/jpeg"}],"twitter_card":"summary_large_image","twitter_site":"@Cuchillalia","twitter_misc":{"Est. reading time":"1 minute"},"schema":{"@context":"https:\/\/schema.org","@graph":[{"@type":"WebPage","@id":"https:\/\/www.cuchillalia.com\/producto\/alicates-multiusos-pequeno-11-funciones-baladeo-tem028\/","url":"https:\/\/www.cuchillalia.com\/producto\/alicates-multiusos-pequeno-11-funciones-baladeo-tem028\/","name":"Alicates multiusos peque\u00f1o 7 cm plegado | Balad\u00e9o 11 usos | Cuchillalia","isPartOf":{"@id":"https:\/\/www.cuchillalia.com\/#website"},"primaryImageOfPage":{"@id":"https:\/\/www.cuchillalia.com\/producto\/alicates-multiusos-pequeno-11-funciones-baladeo-tem028\/#primaryimage"},"image":{"@id":"https:\/\/www.cuchillalia.com\/producto\/alicates-multiusos-pequeno-11-funciones-baladeo-tem028\/#primaryimage"},"thumbnailUrl":"https:\/\/www.cuchillalia.com\/wordpress\/wp-content\/uploads\/2020\/02\/alicates-multiusos-de-11-funciones-baladeo-tem000028.jpg","datePublished":"2020-02-01T20:54:10+00:00","dateModified":"2026-01-15T00:01:36+00:00","description":"Alicates multiusos Balad\u00e9o, color negro, 11 funciones (navaja, destornilladores, abrelatas, sierra, lima y m\u00e1s) en tan solo 7 cm 131 g de peso","breadcrumb":{"@id":"https:\/\/www.cuchillalia.com\/producto\/alicates-multiusos-pequeno-11-funciones-baladeo-tem028\/#breadcrumb"},"inLanguage":"en-US","potentialAction":[{"@type":"ReadAction","target":["https:\/\/www.cuchillalia.com\/producto\/alicates-multiusos-pequeno-11-funciones-baladeo-tem028\/"]}]},{"@type":"ImageObject","inLanguage":"en-US","@id":"https:\/\/www.cuchillalia.com\/producto\/alicates-multiusos-pequeno-11-funciones-baladeo-tem028\/#primaryimage","url":"https:\/\/www.cuchillalia.com\/wordpress\/wp-content\/uploads\/2020\/02\/alicates-multiusos-de-11-funciones-baladeo-tem000028.jpg","contentUrl":"https:\/\/www.cuchillalia.com\/wordpress\/wp-content\/uploads\/2020\/02\/alicates-multiusos-de-11-funciones-baladeo-tem000028.jpg","width":1087,"height":1087,"caption":"Alicates multiusos con 11 funciones Balad\u00e9o TEM028 - Cuchillalia"},{"@type":"BreadcrumbList","@id":"https:\/\/www.cuchillalia.com\/producto\/alicates-multiusos-pequeno-11-funciones-baladeo-tem028\/#breadcrumb","itemListElement":[{"@type":"ListItem","position":1,"name":"Cuchillalia","item":"https:\/\/www.cuchillalia.com\/en\/"},{"@type":"ListItem","position":2,"name":"Tienda","item":"https:\/\/www.cuchillalia.com\/tienda\/"},{"@type":"ListItem","position":3,"name":"Herramientas","item":"https:\/\/www.cuchillalia.com\/categoria\/herramientas\/"},{"@type":"ListItem","position":4,"name":"Multiusos","item":"https:\/\/www.cuchillalia.com\/categoria\/herramientas\/multiusos\/"},{"@type":"ListItem","position":5,"name":"Alicates multiusos peque\u00f1o 11 funciones Baladeo TEM028"}]},{"@type":"WebSite","@id":"https:\/\/www.cuchillalia.com\/#website","url":"https:\/\/www.cuchillalia.com\/","name":"Cuchillalia.com","description":"","publisher":{"@id":"https:\/\/www.cuchillalia.com\/#organization"},"potentialAction":[{"@type":"SearchAction","target":{"@type":"EntryPoint","urlTemplate":"https:\/\/www.cuchillalia.com\/?s={search_term_string}"},"query-input":{"@type":"PropertyValueSpecification","valueRequired":true,"valueName":"search_term_string"}}],"inLanguage":"en-US"},{"@type":"Organization","@id":"https:\/\/www.cuchillalia.com\/#organization","name":"Cuchillalia","url":"https:\/\/www.cuchillalia.com\/","logo":{"@type":"ImageObject","inLanguage":"en-US","@id":"https:\/\/www.cuchillalia.com\/#\/schema\/logo\/image\/","url":"https:\/\/www.cuchillalia.com\/wordpress\/wp-content\/uploads\/2021\/03\/logo-cuchillalia-jpg.jpg","contentUrl":"https:\/\/www.cuchillalia.com\/wordpress\/wp-content\/uploads\/2021\/03\/logo-cuchillalia-jpg.jpg","width":276,"height":192,"caption":"Cuchillalia"},"image":{"@id":"https:\/\/www.cuchillalia.com\/#\/schema\/logo\/image\/"},"sameAs":["http:\/\/www.facebook.com\/cuchillalia","https:\/\/x.com\/Cuchillalia"]}]}},"_links":{"self":[{"href":"https:\/\/www.cuchillalia.com\/en\/wp-json\/wp\/v2\/product\/97211","targetHints":{"allow":["GET"]}}],"collection":[{"href":"https:\/\/www.cuchillalia.com\/en\/wp-json\/wp\/v2\/product"}],"about":[{"href":"https:\/\/www.cuchillalia.com\/en\/wp-json\/wp\/v2\/types\/product"}],"replies":[{"embeddable":true,"href":"https:\/\/www.cuchillalia.com\/en\/wp-json\/wp\/v2\/comments?post=97211"}],"wp:featuredmedia":[{"embeddable":true,"href":"https:\/\/www.cuchillalia.com\/en\/wp-json\/wp\/v2\/media\/98394"}],"wp:attachment":[{"href":"https:\/\/www.cuchillalia.com\/en\/wp-json\/wp\/v2\/media?parent=97211"}],"wp:term":[{"taxonomy":"product_brand","embeddable":true,"href":"https:\/\/www.cuchillalia.com\/en\/wp-json\/wp\/v2\/product_brand?post=97211"},{"taxonomy":"product_cat","embeddable":true,"href":"https:\/\/www.cuchillalia.com\/en\/wp-json\/wp\/v2\/product_cat?post=97211"},{"taxonomy":"product_tag","embeddable":true,"href":"https:\/\/www.cuchillalia.com\/en\/wp-json\/wp\/v2\/product_tag?post=97211"}],"curies":[{"name":"wp","href":"https:\/\/api.w.org\/{rel}","templated":true}]}}