{"id":9661,"date":"2016-08-03T19:23:20","date_gmt":"2016-08-03T17:23:20","guid":{"rendered":"http:\/\/www.cuchillalia.com\/tienda\/3-claveles-1176-pinza-jamon-o-espinas-pescado\/"},"modified":"2026-03-24T13:47:31","modified_gmt":"2026-03-24T12:47:31","slug":"3-claveles-1176-pinza-jamon-o-espinas-pescado","status":"publish","type":"product","link":"https:\/\/www.cuchillalia.com\/en\/producto\/3-claveles-1176-pinza-jamon-o-espinas-pescado\/","title":{"rendered":"Pinzas para jam\u00f3n o espinas de pescado &#8211; 3 Claveles 1176"},"content":{"rendered":"<p>Pinzas para jam\u00f3n o espinas de pescado, ergon\u00f3micas, de acero inoxidable con unas puntas precisas para poder coger con precisi\u00f3n las lonchas de jam\u00f3n a medida que lo cortamos o quitar las espinas de los pescados.<\/p>\n<p>Su tama\u00f1o de 14 cm y su forma ergon\u00f3mica ayudan a sujetarla c\u00f3modamente al retirar las lonchas de jam\u00f3n cortado.<\/p>\n<h2>Tabla de caracter\u00edsticas Pinzas\u00a0para Jam\u00f3n o Pescado 3 Claveles 1176<\/h2>\n<div class='tabla-caracteristicas'>\n<div class='fila'><span class='etiqueta'>Nombre comercial:<\/span><span class='valor'><strong>Pinzas espinas pescado \/ jam\u00f3n<\/strong><\/span><\/div>\n<div class='fila'><span class='etiqueta'>Fabricante:<\/span><span class='valor'>3 Claveles<\/span><\/div>\n<div class='fila'><span class='etiqueta'>Referencia del fabricante:<\/span><span class='valor'>1176<\/span><\/div>\n<div class='fila'><span class='etiqueta'>Acabado:<\/span><span class='valor'>Satinado<\/span><\/div>\n<div class='fila'><span class='etiqueta'>Tipo de mango:<\/span><span class='valor'>Ergon\u00f3mico<\/span><\/div>\n<div class='fila'><span class='etiqueta'>Medidas:<\/span><span class='valor'>14 cm<\/span><\/div>\n<div class='fila'><span class='etiqueta'>Material:<\/span><span class='valor'>Acero inoxidable de alta calidad<\/span><\/div>\n<div class='fila'><span class='etiqueta'>Peso del producto:<\/span><span class='valor'>53 g<\/span><\/div>\n<div class='fila'><span class='etiqueta'>Presentaci\u00f3n del producto:<\/span><span class='valor'>Blister de pl\u00e1stico<\/span><\/div>\n<div class='fila'><span class='etiqueta'>C\u00f3digo de barras (GTIN):<\/span><span class='valor'>8410990011764<\/span><\/div>\n<\/div>\n","protected":false},"excerpt":{"rendered":"<p><strong>Pinzas para Jam\u00f3n \/ Espinas de Pescado<\/strong>, ergon\u00f3mica de 140 mm <strong>3 Claveles 1176<\/strong>\u00a0en acero inoxidable. Presentaci\u00f3n en display.&hellip; <a class=\"kt-excerpt-readmore more-link\" href=\"https:\/\/www.cuchillalia.com\/en\/producto\/3-claveles-1176-pinza-jamon-o-espinas-pescado\/\" aria-label=\"Pinzas para jam\u00f3n o espinas de pescado &#8211; 3 Claveles 1176\">Read More<\/a><\/p>\n","protected":false},"featured_media":9662,"comment_status":"open","ping_status":"closed","template":"","meta":[],"product_brand":[],"product_cat":[8284,8306],"product_tag":[],"class_list":{"0":"post-9661","1":"product","2":"type-product","3":"status-publish","4":"has-post-thumbnail","6":"product_cat-accesorios-3-claveles","7":"product_cat-pinzas-jamon-pescado-emplatar","9":"first","10":"instock","11":"taxable","12":"shipping-taxable","13":"purchasable","14":"product-type-simple"},"yoast_head":"<!-- This site is optimized with the Yoast SEO plugin v27.5 - https:\/\/yoast.com\/product\/yoast-seo-wordpress\/ -->\n<title>Pinzas para Jam\u00f3n \/ espinas Pescado 3 Claveles 1176 - Cuchillalia<\/title>\n<meta name=\"description\" content=\"Pinzas para jam\u00f3n o espinas de pescado de 3 Claveles, referencia 1176, de puntas precisas, en acero inoxidable, ergon\u00f3mica, de 14cm de largo.\" \/>\n<meta name=\"robots\" content=\"index, follow, max-snippet:-1, max-image-preview:large, max-video-preview:-1\" \/>\n<link rel=\"canonical\" href=\"https:\/\/www.cuchillalia.com\/producto\/3-claveles-1176-pinza-jamon-o-espinas-pescado\/\" \/>\n<meta property=\"og:locale\" content=\"en_US\" \/>\n<meta property=\"og:type\" content=\"article\" \/>\n<meta property=\"og:title\" content=\"Pinzas para Jam\u00f3n \/ espinas Pescado 3 Claveles 1176 - Cuchillalia\" \/>\n<meta property=\"og:description\" content=\"Pinzas para jam\u00f3n o espinas de pescado de 3 Claveles, referencia 1176, de puntas precisas, en acero inoxidable, ergon\u00f3mica, de 14cm de largo.\" \/>\n<meta property=\"og:url\" content=\"https:\/\/www.cuchillalia.com\/producto\/3-claveles-1176-pinza-jamon-o-espinas-pescado\/\" \/>\n<meta property=\"og:site_name\" content=\"Cuchillalia.com\" \/>\n<meta property=\"article:publisher\" content=\"http:\/\/www.facebook.com\/cuchillalia\" \/>\n<meta property=\"article:modified_time\" content=\"2026-03-24T12:47:31+00:00\" \/>\n<meta property=\"og:image\" content=\"https:\/\/www.cuchillalia.com\/wordpress\/wp-content\/uploads\/2016\/08\/cuchillalia-3-claveles-01176-pinza-pescado-jamon.jpg\" \/>\n\t<meta property=\"og:image:width\" content=\"1600\" \/>\n\t<meta property=\"og:image:height\" content=\"1600\" \/>\n\t<meta property=\"og:image:type\" content=\"image\/jpeg\" \/>\n<meta name=\"twitter:card\" content=\"summary_large_image\" \/>\n<meta name=\"twitter:site\" content=\"@Cuchillalia\" \/>\n<meta name=\"twitter:label1\" content=\"Est. reading time\" \/>\n\t<meta name=\"twitter:data1\" content=\"1 minute\" \/>\n<!-- \/ Yoast SEO plugin. -->","yoast_head_json":{"title":"Pinzas para Jam\u00f3n \/ espinas Pescado 3 Claveles 1176 - Cuchillalia","description":"Pinzas para jam\u00f3n o espinas de pescado de 3 Claveles, referencia 1176, de puntas precisas, en acero inoxidable, ergon\u00f3mica, de 14cm de largo.","robots":{"index":"index","follow":"follow","max-snippet":"max-snippet:-1","max-image-preview":"max-image-preview:large","max-video-preview":"max-video-preview:-1"},"canonical":"https:\/\/www.cuchillalia.com\/producto\/3-claveles-1176-pinza-jamon-o-espinas-pescado\/","og_locale":"en_US","og_type":"article","og_title":"Pinzas para Jam\u00f3n \/ espinas Pescado 3 Claveles 1176 - Cuchillalia","og_description":"Pinzas para jam\u00f3n o espinas de pescado de 3 Claveles, referencia 1176, de puntas precisas, en acero inoxidable, ergon\u00f3mica, de 14cm de largo.","og_url":"https:\/\/www.cuchillalia.com\/producto\/3-claveles-1176-pinza-jamon-o-espinas-pescado\/","og_site_name":"Cuchillalia.com","article_publisher":"http:\/\/www.facebook.com\/cuchillalia","article_modified_time":"2026-03-24T12:47:31+00:00","og_image":[{"width":1600,"height":1600,"url":"https:\/\/www.cuchillalia.com\/wordpress\/wp-content\/uploads\/2016\/08\/cuchillalia-3-claveles-01176-pinza-pescado-jamon.jpg","type":"image\/jpeg"}],"twitter_card":"summary_large_image","twitter_site":"@Cuchillalia","twitter_misc":{"Est. reading time":"1 minute"},"schema":{"@context":"https:\/\/schema.org","@graph":[{"@type":"WebPage","@id":"https:\/\/www.cuchillalia.com\/producto\/3-claveles-1176-pinza-jamon-o-espinas-pescado\/","url":"https:\/\/www.cuchillalia.com\/producto\/3-claveles-1176-pinza-jamon-o-espinas-pescado\/","name":"Pinzas para Jam\u00f3n \/ espinas Pescado 3 Claveles 1176 - Cuchillalia","isPartOf":{"@id":"https:\/\/www.cuchillalia.com\/#website"},"primaryImageOfPage":{"@id":"https:\/\/www.cuchillalia.com\/producto\/3-claveles-1176-pinza-jamon-o-espinas-pescado\/#primaryimage"},"image":{"@id":"https:\/\/www.cuchillalia.com\/producto\/3-claveles-1176-pinza-jamon-o-espinas-pescado\/#primaryimage"},"thumbnailUrl":"https:\/\/www.cuchillalia.com\/wordpress\/wp-content\/uploads\/2016\/08\/cuchillalia-3-claveles-01176-pinza-pescado-jamon.jpg","datePublished":"2016-08-03T17:23:20+00:00","dateModified":"2026-03-24T12:47:31+00:00","description":"Pinzas para jam\u00f3n o espinas de pescado de 3 Claveles, referencia 1176, de puntas precisas, en acero inoxidable, ergon\u00f3mica, de 14cm de largo.","breadcrumb":{"@id":"https:\/\/www.cuchillalia.com\/producto\/3-claveles-1176-pinza-jamon-o-espinas-pescado\/#breadcrumb"},"inLanguage":"en-US","potentialAction":[{"@type":"ReadAction","target":["https:\/\/www.cuchillalia.com\/producto\/3-claveles-1176-pinza-jamon-o-espinas-pescado\/"]}]},{"@type":"ImageObject","inLanguage":"en-US","@id":"https:\/\/www.cuchillalia.com\/producto\/3-claveles-1176-pinza-jamon-o-espinas-pescado\/#primaryimage","url":"https:\/\/www.cuchillalia.com\/wordpress\/wp-content\/uploads\/2016\/08\/cuchillalia-3-claveles-01176-pinza-pescado-jamon.jpg","contentUrl":"https:\/\/www.cuchillalia.com\/wordpress\/wp-content\/uploads\/2016\/08\/cuchillalia-3-claveles-01176-pinza-pescado-jamon.jpg","width":1600,"height":1600,"caption":"Cuchillalia - Pinza 3 Claveles 1176 para Jam\u00f3n o espinas de pescado"},{"@type":"BreadcrumbList","@id":"https:\/\/www.cuchillalia.com\/producto\/3-claveles-1176-pinza-jamon-o-espinas-pescado\/#breadcrumb","itemListElement":[{"@type":"ListItem","position":1,"name":"Cuchillalia","item":"https:\/\/www.cuchillalia.com\/en\/"},{"@type":"ListItem","position":2,"name":"Tienda","item":"https:\/\/www.cuchillalia.com\/tienda\/"},{"@type":"ListItem","position":3,"name":"Marcas","item":"https:\/\/www.cuchillalia.com\/categoria\/marcas\/"},{"@type":"ListItem","position":4,"name":"3 Claveles","item":"https:\/\/www.cuchillalia.com\/categoria\/marcas\/3-claveles\/"},{"@type":"ListItem","position":5,"name":"Accesorios de cocina 3 Claveles","item":"https:\/\/www.cuchillalia.com\/categoria\/marcas\/3-claveles\/accesorios-3-claveles\/"},{"@type":"ListItem","position":6,"name":"Pinzas para jam\u00f3n o espinas de pescado &#8211; 3 Claveles 1176"}]},{"@type":"WebSite","@id":"https:\/\/www.cuchillalia.com\/#website","url":"https:\/\/www.cuchillalia.com\/","name":"Cuchillalia.com","description":"","publisher":{"@id":"https:\/\/www.cuchillalia.com\/#organization"},"potentialAction":[{"@type":"SearchAction","target":{"@type":"EntryPoint","urlTemplate":"https:\/\/www.cuchillalia.com\/?s={search_term_string}"},"query-input":{"@type":"PropertyValueSpecification","valueRequired":true,"valueName":"search_term_string"}}],"inLanguage":"en-US"},{"@type":"Organization","@id":"https:\/\/www.cuchillalia.com\/#organization","name":"Cuchillalia","url":"https:\/\/www.cuchillalia.com\/","logo":{"@type":"ImageObject","inLanguage":"en-US","@id":"https:\/\/www.cuchillalia.com\/#\/schema\/logo\/image\/","url":"https:\/\/www.cuchillalia.com\/wordpress\/wp-content\/uploads\/2021\/03\/logo-cuchillalia-jpg.jpg","contentUrl":"https:\/\/www.cuchillalia.com\/wordpress\/wp-content\/uploads\/2021\/03\/logo-cuchillalia-jpg.jpg","width":276,"height":192,"caption":"Cuchillalia"},"image":{"@id":"https:\/\/www.cuchillalia.com\/#\/schema\/logo\/image\/"},"sameAs":["http:\/\/www.facebook.com\/cuchillalia","https:\/\/x.com\/Cuchillalia"]}]}},"_links":{"self":[{"href":"https:\/\/www.cuchillalia.com\/en\/wp-json\/wp\/v2\/product\/9661","targetHints":{"allow":["GET"]}}],"collection":[{"href":"https:\/\/www.cuchillalia.com\/en\/wp-json\/wp\/v2\/product"}],"about":[{"href":"https:\/\/www.cuchillalia.com\/en\/wp-json\/wp\/v2\/types\/product"}],"replies":[{"embeddable":true,"href":"https:\/\/www.cuchillalia.com\/en\/wp-json\/wp\/v2\/comments?post=9661"}],"wp:featuredmedia":[{"embeddable":true,"href":"https:\/\/www.cuchillalia.com\/en\/wp-json\/wp\/v2\/media\/9662"}],"wp:attachment":[{"href":"https:\/\/www.cuchillalia.com\/en\/wp-json\/wp\/v2\/media?parent=9661"}],"wp:term":[{"taxonomy":"product_brand","embeddable":true,"href":"https:\/\/www.cuchillalia.com\/en\/wp-json\/wp\/v2\/product_brand?post=9661"},{"taxonomy":"product_cat","embeddable":true,"href":"https:\/\/www.cuchillalia.com\/en\/wp-json\/wp\/v2\/product_cat?post=9661"},{"taxonomy":"product_tag","embeddable":true,"href":"https:\/\/www.cuchillalia.com\/en\/wp-json\/wp\/v2\/product_tag?post=9661"}],"curies":[{"name":"wp","href":"https:\/\/api.w.org\/{rel}","templated":true}]}}