{"id":8887,"date":"2016-07-03T20:44:31","date_gmt":"2016-07-03T18:44:31","guid":{"rendered":"http:\/\/www.cuchillalia.com\/tienda\/saigo-s-hb2-soporte-jamonero-plegable\/"},"modified":"2026-03-03T00:44:39","modified_gmt":"2026-03-02T23:44:39","slug":"saigo-s-hb2-soporte-jamonero-plegable","status":"publish","type":"product","link":"https:\/\/www.cuchillalia.com\/en\/producto\/saigo-s-hb2-soporte-jamonero-plegable\/","title":{"rendered":"Soporte jamonero plegable y giratorio de acero y bamb\u00fa &#8211; Saigo S-HB2"},"content":{"rendered":"<p>Soporte jamonero plegable Saigo S-HB2 con cabezal giratorio a 360\u00ba, para un r\u00e1pido giro del jam\u00f3n, y con base de madera de bamb\u00fa, tratada qu\u00edmicamente para hacerla mas resistente a humedad, bacterias y dem\u00e1s agentes externos. Esta base combina parte inferior de madera y bandeja superior, donde apoya el jam\u00f3n, de acero inoxidable. Adem\u00e1s dispone de 2 agujeros en el extremo para introducir los cuchillos jamoneros.<\/p>\n<p>El jam\u00f3n descansa en un pincho con forma de &#8216;U&#8217;, evitando que se perfore la pieza y as\u00ed ayudando en su conservaci\u00f3n.<\/p>\n<p>Muy f\u00e1cil de plegar para un transporte o almacenamiento m\u00e1s c\u00f3modo. Para transportarlo abierto, ayudan las dos hendiduras a los lados de la base.<\/p>\n<p>Se presenta en caja tipo maleta con asa de alta resistencia.<\/p>\n<p>Se apoya sobre 4 pies antideslizantes.<\/p>\n<h2>Tabla de caracter\u00edsticas soporte jamonero Saigo S-HB2<\/h2>\n<div class=\"tabla-caracteristicas\">\n<div class=\"fila\"><span class=\"etiqueta\">Nombre comercial:<\/span><span class=\"valor\"><strong>Soporte jamonero plegable Saigo modelo S-HB2<\/strong><\/span><\/div>\n<div class=\"fila\"><span class=\"etiqueta\">Fabricante:<\/span><span class=\"valor\">Saigo<\/span><\/div>\n<div class=\"fila\"><span class=\"etiqueta\">Referencia del fabricante:<\/span><span class=\"valor\">S-HB2<\/span><\/div>\n<div class=\"fila\"><span class=\"etiqueta\">Medidas:<\/span><span class=\"valor\">Base: 48&#215;26 cm<\/span><\/div>\n<div class=\"fila\"><span class=\"etiqueta\">Material:<\/span><span class=\"valor\">Base: Madera de bamb\u00fa y Acero inoxidable<\/span><\/div>\n<div class=\"fila\"><span class=\"etiqueta\">Peso del producto:<\/span><span class=\"valor\">7,5 Kg<\/span><\/div>\n<div class=\"fila\"><span class=\"etiqueta\">Presentaci\u00f3n del producto:<\/span><span class=\"valor\">Caja del tipo maleta con asa de alta resistencia<\/span><\/div>\n<div class=\"fila\"><span class=\"etiqueta\">C\u00f3digo de barras (GTIN):<\/span><span class=\"valor\">8462107213110<\/span><\/div>\n<div class=\"fila\"><span class=\"etiqueta\">Observaciones:<\/span><span class=\"valor\">&#8211; El kit est\u00e1 compuesto por el soporte jamonero solamente, sin los cuchillos utilizados para la foto.<br \/>\n&#8211; Posee una cabeza giratoria 360 grados que permite girar el jam\u00f3n en pocos segundos.<br \/>\n&#8211; El pincho de la base en forma de &#8216;U&#8217;. No se pincha el jam\u00f3n, sino que \u00e9ste queda apoyado sobre \u00e9l, manteni\u00e9ndose las propiedades y el sabor del jam\u00f3n.<\/span><\/div>\n<\/div>\n<h3>Otros soportes jamoneros Saigo<\/h3>\n<p>El cat\u00e1logo de soportes jamoneros Saigo no es muy grande, pero sus productos destacan por la calidad y el dise\u00f1o:<\/p>\n<div class=\"woocommerce columns-3 \"><ul class=\"products kad_product_wrapper rowtight shopcolumn3 shopfullwidth init-isotope-intrinsic kt-show-rating  reinit-isotope\" data-nextselector=\".woocommerce-pagination a.next\" data-navselector=\".woocommerce-pagination\" data-itemselector=\".kad_product\" data-itemloadselector=\".kt_item_fade_in\" data-iso-selector=\".kad_product\" data-iso-style=\"fitRows\" data-iso-filter=\"true\">\n<li class=\"product type-product post-164817 status-publish first instock product_cat-soportes-jamoneros has-post-thumbnail taxable shipping-taxable purchasable product-type-simple col-xxl-25 col-xl-3 col-md-4 col-sm-4 col-xs-6 col-ss-12 soportes-jamoneros kad_product\">\n\t<div class=\"grid_item product_item clearfix kt_item_fade_in\"><a href=\"https:\/\/www.cuchillalia.com\/en\/producto\/saigo-s-hb6g-soporte-jamonero-plegable-acero\/\" class=\"product_item_link product_img_link\"><div class=\"kad-product-noflipper kt-product-hardcrop kt-product-intrinsic\" style=\"padding-bottom:100%;\"><div class=\"kt-product-animation-contain\"><img decoding=\"async\" src=\"https:\/\/www.cuchillalia.com\/wordpress\/wp-content\/uploads\/2022\/11\/soporte-jamonero-saigo-s-hb6g-400x400.jpg\" srcset=\"https:\/\/www.cuchillalia.com\/wordpress\/wp-content\/uploads\/2022\/11\/soporte-jamonero-saigo-s-hb6g-400x400.jpg 400w, https:\/\/www.cuchillalia.com\/wordpress\/wp-content\/uploads\/2022\/11\/soporte-jamonero-saigo-s-hb6g-300x300.jpg 300w, https:\/\/www.cuchillalia.com\/wordpress\/wp-content\/uploads\/2022\/11\/soporte-jamonero-saigo-s-hb6g-150x150.jpg 150w, https:\/\/www.cuchillalia.com\/wordpress\/wp-content\/uploads\/2022\/11\/soporte-jamonero-saigo-s-hb6g-768x768.jpg 768w, https:\/\/www.cuchillalia.com\/wordpress\/wp-content\/uploads\/2022\/11\/soporte-jamonero-saigo-s-hb6g-200x200.jpg 200w, https:\/\/www.cuchillalia.com\/wordpress\/wp-content\/uploads\/2022\/11\/soporte-jamonero-saigo-s-hb6g-566x566.jpg 566w, https:\/\/www.cuchillalia.com\/wordpress\/wp-content\/uploads\/2022\/11\/soporte-jamonero-saigo-s-hb6g-100x100.jpg 100w, https:\/\/www.cuchillalia.com\/wordpress\/wp-content\/uploads\/2022\/11\/soporte-jamonero-saigo-s-hb6g-720x720.jpg 720w, https:\/\/www.cuchillalia.com\/wordpress\/wp-content\/uploads\/2022\/11\/soporte-jamonero-saigo-s-hb6g-360x360.jpg 360w, https:\/\/www.cuchillalia.com\/wordpress\/wp-content\/uploads\/2022\/11\/soporte-jamonero-saigo-s-hb6g-800x800.jpg 800w, https:\/\/www.cuchillalia.com\/wordpress\/wp-content\/uploads\/2022\/11\/soporte-jamonero-saigo-s-hb6g-600x600.jpg 600w, https:\/\/www.cuchillalia.com\/wordpress\/wp-content\/uploads\/2022\/11\/soporte-jamonero-saigo-s-hb6g.jpg 1000w\" sizes=\"(max-width: 400px) 100vw, 400px\"  alt=\"Soporte jamonero plegable con base de acero inoxidable grabado Saigo S-HB6G - Cuchillalia.com\" width=\"400\" height=\"400\" class=\"attachment-shop_catalog wp-post-image size-400x400\"><\/div><\/div><\/a> \n\n\t<div class=\"details_product_item\"><div class=\"product_details\"><a href=\"https:\/\/www.cuchillalia.com\/en\/producto\/saigo-s-hb6g-soporte-jamonero-plegable-acero\/\" class=\"product_item_link\"><h3 class=\"product_archive_title\">Soporte jamonero plegable y giratorio de acero Saigo S-HB6G<\/h3><\/a><\/div>\t\t\n\t<a href=\"https:\/\/www.cuchillalia.com\/en\/producto\/saigo-s-hb6g-soporte-jamonero-plegable-acero\/\"><span class=\"kt-notrated\">not rated<\/span><\/a>\n\t<span class=\"price\"><span class=\"woocommerce-Price-amount amount\"><bdi>489,00<span class=\"woocommerce-Price-currencySymbol\">&euro;<\/span><\/bdi><\/span><\/span>\n<div class=\"clearfix\"><\/div><\/div>\n\t<div class=\"product_action_wrap\"><a href=\"\/en\/wp-json\/wp\/v2\/product\/8887?add-to-cart=164817\" aria-describedby=\"woocommerce_loop_add_to_cart_link_describedby_164817\" data-quantity=\"1\" class=\"button product_type_simple add_to_cart_button ajax_add_to_cart\" data-product_id=\"164817\" data-product_sku=\"SA_S-HB6G\" aria-label=\"Add to cart: &ldquo;Soporte jamonero plegable y giratorio de acero Saigo S-HB6G&rdquo;\" rel=\"nofollow\" data-success_message=\"&ldquo;Soporte jamonero plegable y giratorio de acero Saigo S-HB6G&rdquo; has been added to your cart\" role=\"button\">Add to cart<\/a>\t<span id=\"woocommerce_loop_add_to_cart_link_describedby_164817\" class=\"screen-reader-text\">\n\t\t\t<\/span>\n\t\t\t<input type=\"hidden\" class=\"pmwProductId\" data-id=\"164817\">\n\t\t\t\t\t<script>\n\t\t\t(window.pmwDataLayer = window.pmwDataLayer || {}).products                = window.pmwDataLayer.products || {};\n\t\t\twindow.pmwDataLayer.products[164817] = {\"id\":\"164817\",\"sku\":\"SA_S-HB6G\",\"price\":489,\"brand\":\"\",\"quantity\":1,\"dyn_r_ids\":{\"post_id\":\"164817\",\"sku\":\"SA_S-HB6G\",\"gpf\":\"woocommerce_gpf_164817\",\"gla\":\"gla_164817\"},\"is_variable\":false,\"type\":\"simple\",\"name\":\"Soporte jamonero plegable y giratorio de acero Saigo S-HB6G\",\"category\":[\"Soportes jamoneros\"],\"is_variation\":false};\n\t\t\t\t\twindow.pmw_product_position = window.pmw_product_position || 1;\n\t\twindow.pmwDataLayer.products[164817]['position'] = window.pmw_product_position++;\n\t\t\t\t<\/script>\n\t\t<\/div><\/div><\/li><\/ul>\n<\/div>\n","protected":false},"excerpt":{"rendered":"<p><strong>Soporte jamonero plegable Saigo S-HB2<\/strong>, con <strong>cabezal giratorio 360\u00ba<\/strong>, con base en madera de bamb\u00fa y acero inoxidable.&hellip; <a class=\"kt-excerpt-readmore more-link\" href=\"https:\/\/www.cuchillalia.com\/en\/producto\/saigo-s-hb2-soporte-jamonero-plegable\/\" aria-label=\"Soporte jamonero plegable y giratorio de acero y bamb\u00fa &#8211; Saigo S-HB2\">Read More<\/a><\/p>\n","protected":false},"featured_media":8903,"comment_status":"open","ping_status":"closed","template":"","meta":[],"product_brand":[],"product_cat":[8323],"product_tag":[],"class_list":{"0":"post-8887","1":"product","2":"type-product","3":"status-publish","4":"has-post-thumbnail","6":"product_cat-soportes-jamoneros","8":"first","9":"instock","10":"taxable","11":"shipping-taxable","12":"purchasable","13":"product-type-simple"},"yoast_head":"<!-- This site is optimized with the Yoast SEO plugin v27.5 - https:\/\/yoast.com\/product\/yoast-seo-wordpress\/ -->\n<title>Saigo S-HB2 Soporte Jamonero profesional plegable | Cuchillalia.com<\/title>\n<meta name=\"description\" content=\"Soporte jamonero plegable Saigo con cabezal giratorio. Base en madera de bamb\u00fa y acero inoxidable. Portes gratis. Con 4 pies antideslizantes\" \/>\n<meta name=\"robots\" content=\"index, follow, max-snippet:-1, max-image-preview:large, max-video-preview:-1\" \/>\n<link rel=\"canonical\" href=\"https:\/\/www.cuchillalia.com\/producto\/saigo-s-hb2-soporte-jamonero-plegable\/\" \/>\n<meta property=\"og:locale\" content=\"en_US\" \/>\n<meta property=\"og:type\" content=\"article\" \/>\n<meta property=\"og:title\" content=\"Saigo S-HB2 Soporte Jamonero profesional plegable | Cuchillalia.com\" \/>\n<meta property=\"og:description\" content=\"Soporte jamonero plegable Saigo con cabezal giratorio. Base en madera de bamb\u00fa y acero inoxidable. Portes gratis. Con 4 pies antideslizantes\" \/>\n<meta property=\"og:url\" content=\"https:\/\/www.cuchillalia.com\/producto\/saigo-s-hb2-soporte-jamonero-plegable\/\" \/>\n<meta property=\"og:site_name\" content=\"Cuchillalia.com\" \/>\n<meta property=\"article:publisher\" content=\"http:\/\/www.facebook.com\/cuchillalia\" \/>\n<meta property=\"article:modified_time\" content=\"2026-03-02T23:44:39+00:00\" \/>\n<meta property=\"og:image\" content=\"https:\/\/www.cuchillalia.com\/wordpress\/wp-content\/uploads\/2016\/07\/cuchillalia-saigo-hb2-soporte-jamonero.jpg\" \/>\n\t<meta property=\"og:image:width\" content=\"650\" \/>\n\t<meta property=\"og:image:height\" content=\"650\" \/>\n\t<meta property=\"og:image:type\" content=\"image\/jpeg\" \/>\n<meta name=\"twitter:card\" content=\"summary_large_image\" \/>\n<meta name=\"twitter:site\" content=\"@Cuchillalia\" \/>\n<meta name=\"twitter:label1\" content=\"Est. reading time\" \/>\n\t<meta name=\"twitter:data1\" content=\"2 minutes\" \/>\n<!-- \/ Yoast SEO plugin. -->","yoast_head_json":{"title":"Saigo S-HB2 Soporte Jamonero profesional plegable | Cuchillalia.com","description":"Soporte jamonero plegable Saigo con cabezal giratorio. Base en madera de bamb\u00fa y acero inoxidable. Portes gratis. Con 4 pies antideslizantes","robots":{"index":"index","follow":"follow","max-snippet":"max-snippet:-1","max-image-preview":"max-image-preview:large","max-video-preview":"max-video-preview:-1"},"canonical":"https:\/\/www.cuchillalia.com\/producto\/saigo-s-hb2-soporte-jamonero-plegable\/","og_locale":"en_US","og_type":"article","og_title":"Saigo S-HB2 Soporte Jamonero profesional plegable | Cuchillalia.com","og_description":"Soporte jamonero plegable Saigo con cabezal giratorio. Base en madera de bamb\u00fa y acero inoxidable. Portes gratis. Con 4 pies antideslizantes","og_url":"https:\/\/www.cuchillalia.com\/producto\/saigo-s-hb2-soporte-jamonero-plegable\/","og_site_name":"Cuchillalia.com","article_publisher":"http:\/\/www.facebook.com\/cuchillalia","article_modified_time":"2026-03-02T23:44:39+00:00","og_image":[{"width":650,"height":650,"url":"https:\/\/www.cuchillalia.com\/wordpress\/wp-content\/uploads\/2016\/07\/cuchillalia-saigo-hb2-soporte-jamonero.jpg","type":"image\/jpeg"}],"twitter_card":"summary_large_image","twitter_site":"@Cuchillalia","twitter_misc":{"Est. reading time":"2 minutes"},"schema":{"@context":"https:\/\/schema.org","@graph":[{"@type":"WebPage","@id":"https:\/\/www.cuchillalia.com\/producto\/saigo-s-hb2-soporte-jamonero-plegable\/","url":"https:\/\/www.cuchillalia.com\/producto\/saigo-s-hb2-soporte-jamonero-plegable\/","name":"Saigo S-HB2 Soporte Jamonero profesional plegable | Cuchillalia.com","isPartOf":{"@id":"https:\/\/www.cuchillalia.com\/#website"},"primaryImageOfPage":{"@id":"https:\/\/www.cuchillalia.com\/producto\/saigo-s-hb2-soporte-jamonero-plegable\/#primaryimage"},"image":{"@id":"https:\/\/www.cuchillalia.com\/producto\/saigo-s-hb2-soporte-jamonero-plegable\/#primaryimage"},"thumbnailUrl":"https:\/\/www.cuchillalia.com\/wordpress\/wp-content\/uploads\/2016\/07\/cuchillalia-saigo-hb2-soporte-jamonero.jpg","datePublished":"2016-07-03T18:44:31+00:00","dateModified":"2026-03-02T23:44:39+00:00","description":"Soporte jamonero plegable Saigo con cabezal giratorio. Base en madera de bamb\u00fa y acero inoxidable. Portes gratis. Con 4 pies antideslizantes","breadcrumb":{"@id":"https:\/\/www.cuchillalia.com\/producto\/saigo-s-hb2-soporte-jamonero-plegable\/#breadcrumb"},"inLanguage":"en-US","potentialAction":[{"@type":"ReadAction","target":["https:\/\/www.cuchillalia.com\/producto\/saigo-s-hb2-soporte-jamonero-plegable\/"]}]},{"@type":"ImageObject","inLanguage":"en-US","@id":"https:\/\/www.cuchillalia.com\/producto\/saigo-s-hb2-soporte-jamonero-plegable\/#primaryimage","url":"https:\/\/www.cuchillalia.com\/wordpress\/wp-content\/uploads\/2016\/07\/cuchillalia-saigo-hb2-soporte-jamonero.jpg","contentUrl":"https:\/\/www.cuchillalia.com\/wordpress\/wp-content\/uploads\/2016\/07\/cuchillalia-saigo-hb2-soporte-jamonero.jpg","width":650,"height":650,"caption":"Cuchillalia - Saigo S-HB2 - Soporte jamonero plegable con base de bamb\u00fa"},{"@type":"BreadcrumbList","@id":"https:\/\/www.cuchillalia.com\/producto\/saigo-s-hb2-soporte-jamonero-plegable\/#breadcrumb","itemListElement":[{"@type":"ListItem","position":1,"name":"Cuchillalia","item":"https:\/\/www.cuchillalia.com\/en\/"},{"@type":"ListItem","position":2,"name":"Tienda","item":"https:\/\/www.cuchillalia.com\/tienda\/"},{"@type":"ListItem","position":3,"name":"Accesorios para cuchillos","item":"https:\/\/www.cuchillalia.com\/categoria\/accesorios-cuchillos\/"},{"@type":"ListItem","position":4,"name":"Soportes jamoneros","item":"https:\/\/www.cuchillalia.com\/categoria\/accesorios-cuchillos\/soportes-jamoneros\/"},{"@type":"ListItem","position":5,"name":"Soporte jamonero plegable y giratorio de acero y bamb\u00fa &#8211; Saigo S-HB2"}]},{"@type":"WebSite","@id":"https:\/\/www.cuchillalia.com\/#website","url":"https:\/\/www.cuchillalia.com\/","name":"Cuchillalia.com","description":"","publisher":{"@id":"https:\/\/www.cuchillalia.com\/#organization"},"potentialAction":[{"@type":"SearchAction","target":{"@type":"EntryPoint","urlTemplate":"https:\/\/www.cuchillalia.com\/?s={search_term_string}"},"query-input":{"@type":"PropertyValueSpecification","valueRequired":true,"valueName":"search_term_string"}}],"inLanguage":"en-US"},{"@type":"Organization","@id":"https:\/\/www.cuchillalia.com\/#organization","name":"Cuchillalia","url":"https:\/\/www.cuchillalia.com\/","logo":{"@type":"ImageObject","inLanguage":"en-US","@id":"https:\/\/www.cuchillalia.com\/#\/schema\/logo\/image\/","url":"https:\/\/www.cuchillalia.com\/wordpress\/wp-content\/uploads\/2021\/03\/logo-cuchillalia-jpg.jpg","contentUrl":"https:\/\/www.cuchillalia.com\/wordpress\/wp-content\/uploads\/2021\/03\/logo-cuchillalia-jpg.jpg","width":276,"height":192,"caption":"Cuchillalia"},"image":{"@id":"https:\/\/www.cuchillalia.com\/#\/schema\/logo\/image\/"},"sameAs":["http:\/\/www.facebook.com\/cuchillalia","https:\/\/x.com\/Cuchillalia"]}]}},"_links":{"self":[{"href":"https:\/\/www.cuchillalia.com\/en\/wp-json\/wp\/v2\/product\/8887","targetHints":{"allow":["GET"]}}],"collection":[{"href":"https:\/\/www.cuchillalia.com\/en\/wp-json\/wp\/v2\/product"}],"about":[{"href":"https:\/\/www.cuchillalia.com\/en\/wp-json\/wp\/v2\/types\/product"}],"replies":[{"embeddable":true,"href":"https:\/\/www.cuchillalia.com\/en\/wp-json\/wp\/v2\/comments?post=8887"}],"wp:featuredmedia":[{"embeddable":true,"href":"https:\/\/www.cuchillalia.com\/en\/wp-json\/wp\/v2\/media\/8903"}],"wp:attachment":[{"href":"https:\/\/www.cuchillalia.com\/en\/wp-json\/wp\/v2\/media?parent=8887"}],"wp:term":[{"taxonomy":"product_brand","embeddable":true,"href":"https:\/\/www.cuchillalia.com\/en\/wp-json\/wp\/v2\/product_brand?post=8887"},{"taxonomy":"product_cat","embeddable":true,"href":"https:\/\/www.cuchillalia.com\/en\/wp-json\/wp\/v2\/product_cat?post=8887"},{"taxonomy":"product_tag","embeddable":true,"href":"https:\/\/www.cuchillalia.com\/en\/wp-json\/wp\/v2\/product_tag?post=8887"}],"curies":[{"name":"wp","href":"https:\/\/api.w.org\/{rel}","templated":true}]}}