{"id":88161,"date":"2019-11-19T12:56:54","date_gmt":"2019-11-19T11:56:54","guid":{"rendered":"https:\/\/www.cuchillalia.com\/?post_type=product&#038;p=88161"},"modified":"2026-02-13T15:16:52","modified_gmt":"2026-02-13T14:16:52","slug":"set-mantenimiento-hojas-cuchillos-kai-45500610","status":"publish","type":"product","link":"https:\/\/www.cuchillalia.com\/en\/producto\/set-mantenimiento-hojas-cuchillos-kai-45500610\/","title":{"rendered":"Set de mantenimiento para hojas y mangos de cuchillos japoneses KAI"},"content":{"rendered":"<p>El juego de cuidado y mantenimiento de mangos de madera y hojas de KAI contiene:<\/p>\n<ul>\n<li>1x bote de aceite de camelia japon\u00e9s para el cuidado de los mangos de madera y adem\u00e1s como protecci\u00f3n contra la corrosi\u00f3n para aquellos cuchillos no inoxidables.<\/li>\n<li>1x pa\u00f1o de microfibra con logo KAI de 30&#215;30 cm<\/li>\n<\/ul>\n<p>El aceite de camelia se obtiene de la semilla del \u00e1rbol de camelia, originario del este de Asia, es seguro para los alimentos y no contiene parafinas. Este aceite se usaba hace siglos para el cuidad de las famosas espadas japonesas.<\/p>\n<p>Actualmente se utiliza para el cuidado del mango de madera de nuestros cuchillos japoneses y para aplicarlo sobre las hojas de cuchillos de aceros no inoxidables, protegiendo la superficie contra la corrosi\u00f3n. Se recomienda su uso regular. Del mismo modo, los mangos de cuchillo descoloridos pueden beneficiarse del cuidado del aceite de camelia.<\/p>\n<h3>Aplicaci\u00f3n del set<\/h3>\n<p>El set de mantenimiento KAI es muy f\u00e1cil de usar:<\/p>\n<ul>\n<li>Limpia el cuchillo como de costumbre antes de usarlo<\/li>\n<li>Sumerge el pa\u00f1o de microfibra en el aceite de camelia y se frota la cuchilla finamente<\/li>\n<\/ul>\n<h3>Instrucciones de cuidado del pa\u00f1o de microfibra<\/h3>\n<ul>\n<li>L\u00e1valo a 60\u00baC<\/li>\n<li>Usa un programa programa suave<\/li>\n<li>No uses lej\u00eda \/ no lo planches<\/li>\n<li>No uses suavizante<\/li>\n<\/ul>\n<h2>Tabla de caracter\u00edsticas set mantenimiento cuchillos KAI<\/h2>\n<div class='tabla-caracteristicas'>\n<div class='fila'><span class='etiqueta'>Nombre comercial:<\/span><span class='valor'><strong>Set de mantenimiento de hojas<\/strong><\/span><\/div>\n<div class='fila'><span class='etiqueta'>Fabricante:<\/span><span class='valor'>KAI<\/span><\/div>\n<div class='fila'><span class='etiqueta'>Referencia del fabricante:<\/span><span class='valor'>45500610<\/span><\/div>\n<div class='fila'><span class='etiqueta'>Medidas:<\/span><span class='valor'>Pa\u00f1o de 30&#215;30 cm<\/span><\/div>\n<div class='fila'><span class='etiqueta'>Material:<\/span><span class='valor'>&#8211; Aceite de camelia<br \/>\n&#8211; Pa\u00f1o de microfibra (80% microfibra, 20% poliamida)<\/span><\/div>\n<div class='fila'><span class='etiqueta'>Presentaci\u00f3n del producto:<\/span><span class='valor'>Caja para regalo<\/span><\/div>\n<div class='fila'><span class='etiqueta'>\u00bfDonde se fabrica?:<\/span><span class='valor'>Jap\u00f3n<\/span><\/div>\n<div class='fila'><span class='etiqueta'>\u00bfQu\u00e9 garant\u00eda tiene?:<\/span><span class='valor'>10 a\u00f1os contra todo defecto de fabricaci\u00f3n, siempre que del producto se haga un uso racional para el cual ha sido fabricado.<\/span><\/div>\n<div class='fila'><span class='etiqueta'>C\u00f3digo de barras (GTIN):<\/span><span class='valor'>4260163215772<\/span><\/div>\n<\/div>\n","protected":false},"excerpt":{"rendered":"<p><strong>Set de mantenimiento para mangos y hojas de cuchillos japoneses<\/strong> a base de <em>aceite de camelia<\/em> y pa\u00f1o de microfibra con el logo de KAI.&hellip; <a class=\"kt-excerpt-readmore more-link\" href=\"https:\/\/www.cuchillalia.com\/en\/producto\/set-mantenimiento-hojas-cuchillos-kai-45500610\/\" aria-label=\"Set de mantenimiento para hojas y mangos de cuchillos japoneses KAI\">Read More<\/a><\/p>\n","protected":false},"featured_media":88162,"comment_status":"open","ping_status":"closed","template":"","meta":[],"product_brand":[],"product_cat":[8380,8381,8329],"product_tag":[],"class_list":{"0":"post-88161","1":"product","2":"type-product","3":"status-publish","4":"has-post-thumbnail","6":"product_cat-accesorios-kai","7":"product_cat-piedras-afilar-kai","8":"product_cat-piedras-afilar","10":"first","11":"instock","12":"taxable","13":"shipping-taxable","14":"purchasable","15":"product-type-simple"},"yoast_head":"<!-- This site is optimized with the Yoast SEO plugin v27.5 - https:\/\/yoast.com\/product\/yoast-seo-wordpress\/ -->\n<title>Set de mantenimiento para hojas y mangos de cuchillos japoneses | KAI<\/title>\n<meta name=\"description\" content=\"Set de mantenimiento para mangos y hojas de cuchillos japoneses, aceite de camelia, pa\u00f1o de microfibra, hecho en Jap\u00f3n, caja elegante negra\" \/>\n<meta name=\"robots\" content=\"index, follow, max-snippet:-1, max-image-preview:large, max-video-preview:-1\" \/>\n<link rel=\"canonical\" href=\"https:\/\/www.cuchillalia.com\/producto\/set-mantenimiento-hojas-cuchillos-kai-45500610\/\" \/>\n<meta property=\"og:locale\" content=\"en_US\" \/>\n<meta property=\"og:type\" content=\"article\" \/>\n<meta property=\"og:title\" content=\"Set de mantenimiento para hojas y mangos de cuchillos japoneses | KAI\" \/>\n<meta property=\"og:description\" content=\"Set de mantenimiento para mangos y hojas de cuchillos japoneses, aceite de camelia, pa\u00f1o de microfibra, hecho en Jap\u00f3n, caja elegante negra\" \/>\n<meta property=\"og:url\" content=\"https:\/\/www.cuchillalia.com\/producto\/set-mantenimiento-hojas-cuchillos-kai-45500610\/\" \/>\n<meta property=\"og:site_name\" content=\"Cuchillalia.com\" \/>\n<meta property=\"article:publisher\" content=\"http:\/\/www.facebook.com\/cuchillalia\" \/>\n<meta property=\"article:modified_time\" content=\"2026-02-13T14:16:52+00:00\" \/>\n<meta property=\"og:image\" content=\"https:\/\/www.cuchillalia.com\/wordpress\/wp-content\/uploads\/2019\/11\/set-mantenimiento-hojas-kai-45500610-cuchillalia.jpg\" \/>\n\t<meta property=\"og:image:width\" content=\"1200\" \/>\n\t<meta property=\"og:image:height\" content=\"1200\" \/>\n\t<meta property=\"og:image:type\" content=\"image\/jpeg\" \/>\n<meta name=\"twitter:card\" content=\"summary_large_image\" \/>\n<meta name=\"twitter:site\" content=\"@Cuchillalia\" \/>\n<meta name=\"twitter:label1\" content=\"Est. reading time\" \/>\n\t<meta name=\"twitter:data1\" content=\"2 minutes\" \/>\n<!-- \/ Yoast SEO plugin. -->","yoast_head_json":{"title":"Set de mantenimiento para hojas y mangos de cuchillos japoneses | KAI","description":"Set de mantenimiento para mangos y hojas de cuchillos japoneses, aceite de camelia, pa\u00f1o de microfibra, hecho en Jap\u00f3n, caja elegante negra","robots":{"index":"index","follow":"follow","max-snippet":"max-snippet:-1","max-image-preview":"max-image-preview:large","max-video-preview":"max-video-preview:-1"},"canonical":"https:\/\/www.cuchillalia.com\/producto\/set-mantenimiento-hojas-cuchillos-kai-45500610\/","og_locale":"en_US","og_type":"article","og_title":"Set de mantenimiento para hojas y mangos de cuchillos japoneses | KAI","og_description":"Set de mantenimiento para mangos y hojas de cuchillos japoneses, aceite de camelia, pa\u00f1o de microfibra, hecho en Jap\u00f3n, caja elegante negra","og_url":"https:\/\/www.cuchillalia.com\/producto\/set-mantenimiento-hojas-cuchillos-kai-45500610\/","og_site_name":"Cuchillalia.com","article_publisher":"http:\/\/www.facebook.com\/cuchillalia","article_modified_time":"2026-02-13T14:16:52+00:00","og_image":[{"width":1200,"height":1200,"url":"https:\/\/www.cuchillalia.com\/wordpress\/wp-content\/uploads\/2019\/11\/set-mantenimiento-hojas-kai-45500610-cuchillalia.jpg","type":"image\/jpeg"}],"twitter_card":"summary_large_image","twitter_site":"@Cuchillalia","twitter_misc":{"Est. reading time":"2 minutes"},"schema":{"@context":"https:\/\/schema.org","@graph":[{"@type":"WebPage","@id":"https:\/\/www.cuchillalia.com\/producto\/set-mantenimiento-hojas-cuchillos-kai-45500610\/","url":"https:\/\/www.cuchillalia.com\/producto\/set-mantenimiento-hojas-cuchillos-kai-45500610\/","name":"Set de mantenimiento para hojas y mangos de cuchillos japoneses | KAI","isPartOf":{"@id":"https:\/\/www.cuchillalia.com\/#website"},"primaryImageOfPage":{"@id":"https:\/\/www.cuchillalia.com\/producto\/set-mantenimiento-hojas-cuchillos-kai-45500610\/#primaryimage"},"image":{"@id":"https:\/\/www.cuchillalia.com\/producto\/set-mantenimiento-hojas-cuchillos-kai-45500610\/#primaryimage"},"thumbnailUrl":"https:\/\/www.cuchillalia.com\/wordpress\/wp-content\/uploads\/2019\/11\/set-mantenimiento-hojas-kai-45500610-cuchillalia.jpg","datePublished":"2019-11-19T11:56:54+00:00","dateModified":"2026-02-13T14:16:52+00:00","description":"Set de mantenimiento para mangos y hojas de cuchillos japoneses, aceite de camelia, pa\u00f1o de microfibra, hecho en Jap\u00f3n, caja elegante negra","breadcrumb":{"@id":"https:\/\/www.cuchillalia.com\/producto\/set-mantenimiento-hojas-cuchillos-kai-45500610\/#breadcrumb"},"inLanguage":"en-US","potentialAction":[{"@type":"ReadAction","target":["https:\/\/www.cuchillalia.com\/producto\/set-mantenimiento-hojas-cuchillos-kai-45500610\/"]}]},{"@type":"ImageObject","inLanguage":"en-US","@id":"https:\/\/www.cuchillalia.com\/producto\/set-mantenimiento-hojas-cuchillos-kai-45500610\/#primaryimage","url":"https:\/\/www.cuchillalia.com\/wordpress\/wp-content\/uploads\/2019\/11\/set-mantenimiento-hojas-kai-45500610-cuchillalia.jpg","contentUrl":"https:\/\/www.cuchillalia.com\/wordpress\/wp-content\/uploads\/2019\/11\/set-mantenimiento-hojas-kai-45500610-cuchillalia.jpg","width":1200,"height":1200,"caption":"Set de mantenimiento para hojas de cuchillos KAI 45500610 - Cuchillalia"},{"@type":"BreadcrumbList","@id":"https:\/\/www.cuchillalia.com\/producto\/set-mantenimiento-hojas-cuchillos-kai-45500610\/#breadcrumb","itemListElement":[{"@type":"ListItem","position":1,"name":"Cuchillalia","item":"https:\/\/www.cuchillalia.com\/en\/"},{"@type":"ListItem","position":2,"name":"Tienda","item":"https:\/\/www.cuchillalia.com\/tienda\/"},{"@type":"ListItem","position":3,"name":"Marcas","item":"https:\/\/www.cuchillalia.com\/categoria\/marcas\/"},{"@type":"ListItem","position":4,"name":"KAI","item":"https:\/\/www.cuchillalia.com\/categoria\/marcas\/kai\/"},{"@type":"ListItem","position":5,"name":"Afilado KAI","item":"https:\/\/www.cuchillalia.com\/categoria\/marcas\/kai\/piedras-afilar-kai\/"},{"@type":"ListItem","position":6,"name":"Set de mantenimiento para hojas y mangos de cuchillos japoneses KAI"}]},{"@type":"WebSite","@id":"https:\/\/www.cuchillalia.com\/#website","url":"https:\/\/www.cuchillalia.com\/","name":"Cuchillalia.com","description":"","publisher":{"@id":"https:\/\/www.cuchillalia.com\/#organization"},"potentialAction":[{"@type":"SearchAction","target":{"@type":"EntryPoint","urlTemplate":"https:\/\/www.cuchillalia.com\/?s={search_term_string}"},"query-input":{"@type":"PropertyValueSpecification","valueRequired":true,"valueName":"search_term_string"}}],"inLanguage":"en-US"},{"@type":"Organization","@id":"https:\/\/www.cuchillalia.com\/#organization","name":"Cuchillalia","url":"https:\/\/www.cuchillalia.com\/","logo":{"@type":"ImageObject","inLanguage":"en-US","@id":"https:\/\/www.cuchillalia.com\/#\/schema\/logo\/image\/","url":"https:\/\/www.cuchillalia.com\/wordpress\/wp-content\/uploads\/2021\/03\/logo-cuchillalia-jpg.jpg","contentUrl":"https:\/\/www.cuchillalia.com\/wordpress\/wp-content\/uploads\/2021\/03\/logo-cuchillalia-jpg.jpg","width":276,"height":192,"caption":"Cuchillalia"},"image":{"@id":"https:\/\/www.cuchillalia.com\/#\/schema\/logo\/image\/"},"sameAs":["http:\/\/www.facebook.com\/cuchillalia","https:\/\/x.com\/Cuchillalia"]}]}},"_links":{"self":[{"href":"https:\/\/www.cuchillalia.com\/en\/wp-json\/wp\/v2\/product\/88161","targetHints":{"allow":["GET"]}}],"collection":[{"href":"https:\/\/www.cuchillalia.com\/en\/wp-json\/wp\/v2\/product"}],"about":[{"href":"https:\/\/www.cuchillalia.com\/en\/wp-json\/wp\/v2\/types\/product"}],"replies":[{"embeddable":true,"href":"https:\/\/www.cuchillalia.com\/en\/wp-json\/wp\/v2\/comments?post=88161"}],"wp:featuredmedia":[{"embeddable":true,"href":"https:\/\/www.cuchillalia.com\/en\/wp-json\/wp\/v2\/media\/88162"}],"wp:attachment":[{"href":"https:\/\/www.cuchillalia.com\/en\/wp-json\/wp\/v2\/media?parent=88161"}],"wp:term":[{"taxonomy":"product_brand","embeddable":true,"href":"https:\/\/www.cuchillalia.com\/en\/wp-json\/wp\/v2\/product_brand?post=88161"},{"taxonomy":"product_cat","embeddable":true,"href":"https:\/\/www.cuchillalia.com\/en\/wp-json\/wp\/v2\/product_cat?post=88161"},{"taxonomy":"product_tag","embeddable":true,"href":"https:\/\/www.cuchillalia.com\/en\/wp-json\/wp\/v2\/product_tag?post=88161"}],"curies":[{"name":"wp","href":"https:\/\/api.w.org\/{rel}","templated":true}]}}