{"id":80601,"date":"2019-10-09T14:24:06","date_gmt":"2019-10-09T12:24:06","guid":{"rendered":"https:\/\/www.cuchillalia.com\/?post_type=product&#038;p=80601"},"modified":"2026-03-14T09:14:29","modified_gmt":"2026-03-14T08:14:29","slug":"piedra-afilar-guias-alisador-3-claveles-9428","status":"publish","type":"product","link":"https:\/\/www.cuchillalia.com\/en\/producto\/piedra-afilar-guias-alisador-3-claveles-9428\/","title":{"rendered":"Piedra de afilar 1000\/3000 con 3 accesorios &#8211; 3 Claveles 9428"},"content":{"rendered":"<p>El set de piedra y accesorios se compone de:<\/p>\n<ul>\n<li>Piedra de afilar de doble grano (1000\/3000)<\/li>\n<li>Base antideslizante para un afilado m\u00e1s seguro<\/li>\n<li>2 gu\u00edas de afilado (para cuchillos grandes y peque\u00f1os)<\/li>\n<li>Rectificador \/ reparador para limpiar y alisar la piedra de afilado<\/li>\n<\/ul>\n<p>Los accesorios se ocultan dentro de la propia base antideslizante, quedando ocultos y ocupando menos espacio.<\/p>\n<p><a href='https:\/\/www.cuchillalia.com\/wordpress\/wp-content\/uploads\/2019\/10\/cuchillalia-3-claveles-09428-base-antideslizante-huecos-para-guardar.jpg'><img class='aligncenter wp-image-80667 size-medium' title='El rectificador y las 2 gu\u00edas quedan ocultas dentro de la base antideslizante de la piedra de afilar.' src='https:\/\/www.cuchillalia.com\/wordpress\/wp-content\/uploads\/2019\/10\/cuchillalia-3-claveles-09428-base-antideslizante-huecos-para-guardar-300x143.jpg' alt='El rectificador y las 2 gu\u00edas quedan ocultas dentro de la base antideslizante de la piedra de afilar.' width='300' height='143' \/><\/a><\/p>\n<h2>Tabla de caracter\u00edsticas piedra de afilar con accesorios 3 Claveles<\/h2>\n<div class='tabla-caracteristicas'>\n<div class='fila'><span class='etiqueta'>Nombre comercial:<\/span><span class='valor'><strong>Piedra de afilar (1000\/3000) con accesorios<\/strong><\/span><\/div>\n<div class='fila'><span class='etiqueta'>Fabricante:<\/span><span class='valor'>3 Claveles<\/span><\/div>\n<div class='fila'><span class='etiqueta'>Referencia del fabricante:<\/span><span class='valor'>9428<\/span><\/div>\n<div class='fila'><span class='etiqueta'>Acabado:<\/span><span class='valor'>Granos 1000\/3000<\/span><\/div>\n<div class='fila'><span class='etiqueta'>Medidas:<\/span><span class='valor'>18x6x2,8 cm (Largo x Ancho x Alto)<\/span><\/div>\n<div class='fila'><span class='etiqueta'>Presentaci\u00f3n del producto:<\/span><span class='valor'>Caja<\/span><\/div>\n<div class='fila'><span class='etiqueta'>C\u00f3digo de barras (GTIN):<\/span><span class='valor'>8410990094286<\/span><\/div>\n<div class='fila'><span class='etiqueta'>Observaciones:<\/span><span class='valor'>&#8211; Piedra de afilar al agua. Se puede utilizar con aceite para afilado, pero una vez utilizada con aceite no se podr\u00e1 volver al agua.<br \/>\n&#8211; La piedra tiene un grano diferente en cada cara. 1000 para afilar y 3000 para pulir.<br \/>\n&#8211; El kit incluye una base antideslizante para un afilado mas c\u00f3modo y dos gu\u00edas de afilar.<br \/>\n&#8211; Las instrucciones de uso est\u00e1n impresas en la caja.<\/span><\/div>\n<\/div>\n<h2>Instrucciones de uso de la piedra de afilar<\/h2>\n<p>1.- Se debe sumergir completamente la piedra en agua durante al menos 5\/10 minutos.<\/p>\n<p><img class='aligncenter wp-image-80663 size-medium' title='Sumergir la piedra de afilar en agua durante al menos 5-10 min.' src='https:\/\/www.cuchillalia.com\/wordpress\/wp-content\/uploads\/2019\/10\/paso-1-afilado-meter-piedra-en-agua-300x228.jpg' alt='Sumergir la piedra de afilar en agua durante al menos 5-10 min.' width='300' height='228' \/><\/p>\n<p>2.- Col\u00f3quese sobre la base antideslizante en una superficie estable.<\/p>\n<p><img class='aligncenter wp-image-80664 size-medium' title='Colocar la hoja del cuchillo sobre la piedra formando un \u00e1ngulo m\u00e1ximo de 30\u00ba. Lo ideal es unos 20\u00ba.' src='https:\/\/www.cuchillalia.com\/wordpress\/wp-content\/uploads\/2019\/10\/paso-2-afilado-colocar-angulo-300x228.jpg' alt='Colocar la hoja del cuchillo sobre la piedra formando un \u00e1ngulo m\u00e1ximo de 30\u00ba. Lo ideal es unos 20\u00ba.' width='300' height='228' \/><\/p>\n<p>3.- Usar cara del grano grueso (1000) para eliminar las irregularidades del cuchillo.<\/p>\n<ul>\n<li style='list-style-type: none;'>\n<ul>\n<li>Deslizar ambas superficies de la hoja sobre la piedra en ambas direcciones con el \u00e1ngulo indicado para el cuchillo (entre 10 y 30\u00ba)<\/li>\n<li>Presionar ligeramente el filo empezando en el extremo.<\/li>\n<li>Repetir el proceso hasta que se recupere el filo.<\/li>\n<li>Es importante mantener siempre el mismo \u00e1ngulo. Para ello puede ayudarse de las gu\u00edas de afilado del kit.<\/li>\n<li>Aplicar un poco de agua sobre la piedra cada cierto tiempo para que se mantenga siempre h\u00fameda.<\/li>\n<\/ul>\n<\/li>\n<\/ul>\n<p><img class='aligncenter wp-image-80665 size-medium' title='Realizar movimientos de la hoja del cuchillo sobre la piedra desde la punta.' src='https:\/\/www.cuchillalia.com\/wordpress\/wp-content\/uploads\/2019\/10\/paso-3-afilado-hacer-pasadas-300x229.jpg' alt='Realizar movimientos de la hoja del cuchillo sobre la piedra desde la punta.' width='300' height='229' \/><\/p>\n<p>4.-\u00a0Usar cara del grano fino (3000) para un afilado mas fino y pulido.<\/p>\n<ul>\n<li>Repetir el paso 3\u00ba pero con una menor presi\u00f3n, hasta conseguir un filo suave.<\/li>\n<\/ul>\n<p>5.- Lavar y secar la piedra.<\/p>\n<p><img class='aligncenter wp-image-80666 size-medium' title='Limpiar la piedra y el cuchillo despu\u00e9s del afilado.' src='https:\/\/www.cuchillalia.com\/wordpress\/wp-content\/uploads\/2019\/10\/paso-4-afilado-limpiar-piedra-300x229.jpg' alt='Limpiar la piedra y el cuchillo despu\u00e9s del afilado.' width='300' height='229' \/><\/p>\n<p>6.- Lavar el cuchillo tras el afilado.<\/p>\n<p>Nota importante: Se debe mantener SIEMPRE el mismo \u00e1ngulo de inclinaci\u00f3n del cuchillo, por eso se recomienda el uso de las gu\u00edas de afilado para iniciarse o en caso de no conseguir mantener el \u00e1ngulo constante. Adem\u00e1s, la piedra debe estar h\u00fameda durante todo el proceso.<\/p>\n","protected":false},"excerpt":{"rendered":"<p><strong>Piedra de afilar cuchillos 3 Claveles 9428<\/strong> con <strong>2 gu\u00edas de afilado<\/strong>, base antideslizante y piedra rectificadora. Granos 1000\/3000.&hellip; <a class=\"kt-excerpt-readmore more-link\" href=\"https:\/\/www.cuchillalia.com\/en\/producto\/piedra-afilar-guias-alisador-3-claveles-9428\/\" aria-label=\"Piedra de afilar 1000\/3000 con 3 accesorios &#8211; 3 Claveles 9428\">Read More<\/a><\/p>\n","protected":false},"featured_media":80657,"comment_status":"open","ping_status":"closed","template":"","meta":[],"product_brand":[],"product_cat":[8284,8329],"product_tag":[],"class_list":{"0":"post-80601","1":"product","2":"type-product","3":"status-publish","4":"has-post-thumbnail","6":"product_cat-accesorios-3-claveles","7":"product_cat-piedras-afilar","9":"first","10":"instock","11":"taxable","12":"shipping-taxable","13":"purchasable","14":"product-type-simple"},"yoast_head":"<!-- This site is optimized with the Yoast SEO plugin v27.5 - https:\/\/yoast.com\/product\/yoast-seo-wordpress\/ -->\n<title>Kit de piedra de afilar con gu\u00edas y rectificador 3 Claveles 9428 - Cuchillalia<\/title>\n<meta name=\"description\" content=\"Set de piedra de afilar cuchillos, granos 1000\/3000, 2 gu\u00edas (grande y peque\u00f1a), base antideslizante y rectificador para alizar la piedra.\" \/>\n<meta name=\"robots\" content=\"index, follow, max-snippet:-1, max-image-preview:large, max-video-preview:-1\" \/>\n<link rel=\"canonical\" href=\"https:\/\/www.cuchillalia.com\/producto\/piedra-afilar-guias-alisador-3-claveles-9428\/\" \/>\n<meta property=\"og:locale\" content=\"en_US\" \/>\n<meta property=\"og:type\" content=\"article\" \/>\n<meta property=\"og:title\" content=\"Kit de piedra de afilar con gu\u00edas y rectificador 3 Claveles 9428 - Cuchillalia\" \/>\n<meta property=\"og:description\" content=\"Set de piedra de afilar cuchillos, granos 1000\/3000, 2 gu\u00edas (grande y peque\u00f1a), base antideslizante y rectificador para alizar la piedra.\" \/>\n<meta property=\"og:url\" content=\"https:\/\/www.cuchillalia.com\/producto\/piedra-afilar-guias-alisador-3-claveles-9428\/\" \/>\n<meta property=\"og:site_name\" content=\"Cuchillalia.com\" \/>\n<meta property=\"article:publisher\" content=\"http:\/\/www.facebook.com\/cuchillalia\" \/>\n<meta property=\"article:modified_time\" content=\"2026-03-14T08:14:29+00:00\" \/>\n<meta property=\"og:image\" content=\"https:\/\/www.cuchillalia.com\/wordpress\/wp-content\/uploads\/2019\/10\/cuchillalia-3-claveles-09428-piedra-afilar-con-accesorios.jpg\" \/>\n\t<meta property=\"og:image:width\" content=\"1600\" \/>\n\t<meta property=\"og:image:height\" content=\"1600\" \/>\n\t<meta property=\"og:image:type\" content=\"image\/jpeg\" \/>\n<meta name=\"twitter:card\" content=\"summary_large_image\" \/>\n<meta name=\"twitter:site\" content=\"@Cuchillalia\" \/>\n<meta name=\"twitter:label1\" content=\"Est. reading time\" \/>\n\t<meta name=\"twitter:data1\" content=\"2 minutes\" \/>\n<!-- \/ Yoast SEO plugin. -->","yoast_head_json":{"title":"Kit de piedra de afilar con gu\u00edas y rectificador 3 Claveles 9428 - Cuchillalia","description":"Set de piedra de afilar cuchillos, granos 1000\/3000, 2 gu\u00edas (grande y peque\u00f1a), base antideslizante y rectificador para alizar la piedra.","robots":{"index":"index","follow":"follow","max-snippet":"max-snippet:-1","max-image-preview":"max-image-preview:large","max-video-preview":"max-video-preview:-1"},"canonical":"https:\/\/www.cuchillalia.com\/producto\/piedra-afilar-guias-alisador-3-claveles-9428\/","og_locale":"en_US","og_type":"article","og_title":"Kit de piedra de afilar con gu\u00edas y rectificador 3 Claveles 9428 - Cuchillalia","og_description":"Set de piedra de afilar cuchillos, granos 1000\/3000, 2 gu\u00edas (grande y peque\u00f1a), base antideslizante y rectificador para alizar la piedra.","og_url":"https:\/\/www.cuchillalia.com\/producto\/piedra-afilar-guias-alisador-3-claveles-9428\/","og_site_name":"Cuchillalia.com","article_publisher":"http:\/\/www.facebook.com\/cuchillalia","article_modified_time":"2026-03-14T08:14:29+00:00","og_image":[{"width":1600,"height":1600,"url":"https:\/\/www.cuchillalia.com\/wordpress\/wp-content\/uploads\/2019\/10\/cuchillalia-3-claveles-09428-piedra-afilar-con-accesorios.jpg","type":"image\/jpeg"}],"twitter_card":"summary_large_image","twitter_site":"@Cuchillalia","twitter_misc":{"Est. reading time":"2 minutes"},"schema":{"@context":"https:\/\/schema.org","@graph":[{"@type":"WebPage","@id":"https:\/\/www.cuchillalia.com\/producto\/piedra-afilar-guias-alisador-3-claveles-9428\/","url":"https:\/\/www.cuchillalia.com\/producto\/piedra-afilar-guias-alisador-3-claveles-9428\/","name":"Kit de piedra de afilar con gu\u00edas y rectificador 3 Claveles 9428 - Cuchillalia","isPartOf":{"@id":"https:\/\/www.cuchillalia.com\/#website"},"primaryImageOfPage":{"@id":"https:\/\/www.cuchillalia.com\/producto\/piedra-afilar-guias-alisador-3-claveles-9428\/#primaryimage"},"image":{"@id":"https:\/\/www.cuchillalia.com\/producto\/piedra-afilar-guias-alisador-3-claveles-9428\/#primaryimage"},"thumbnailUrl":"https:\/\/www.cuchillalia.com\/wordpress\/wp-content\/uploads\/2019\/10\/cuchillalia-3-claveles-09428-piedra-afilar-con-accesorios.jpg","datePublished":"2019-10-09T12:24:06+00:00","dateModified":"2026-03-14T08:14:29+00:00","description":"Set de piedra de afilar cuchillos, granos 1000\/3000, 2 gu\u00edas (grande y peque\u00f1a), base antideslizante y rectificador para alizar la piedra.","breadcrumb":{"@id":"https:\/\/www.cuchillalia.com\/producto\/piedra-afilar-guias-alisador-3-claveles-9428\/#breadcrumb"},"inLanguage":"en-US","potentialAction":[{"@type":"ReadAction","target":["https:\/\/www.cuchillalia.com\/producto\/piedra-afilar-guias-alisador-3-claveles-9428\/"]}]},{"@type":"ImageObject","inLanguage":"en-US","@id":"https:\/\/www.cuchillalia.com\/producto\/piedra-afilar-guias-alisador-3-claveles-9428\/#primaryimage","url":"https:\/\/www.cuchillalia.com\/wordpress\/wp-content\/uploads\/2019\/10\/cuchillalia-3-claveles-09428-piedra-afilar-con-accesorios.jpg","contentUrl":"https:\/\/www.cuchillalia.com\/wordpress\/wp-content\/uploads\/2019\/10\/cuchillalia-3-claveles-09428-piedra-afilar-con-accesorios.jpg","width":1600,"height":1600,"caption":"Kit de piedra de afilar con 2 gu\u00edas, base antideslizante y piedra de rectificar - 3 Claveles 9428 - Cuchillalia"},{"@type":"BreadcrumbList","@id":"https:\/\/www.cuchillalia.com\/producto\/piedra-afilar-guias-alisador-3-claveles-9428\/#breadcrumb","itemListElement":[{"@type":"ListItem","position":1,"name":"Cuchillalia","item":"https:\/\/www.cuchillalia.com\/en\/"},{"@type":"ListItem","position":2,"name":"Tienda","item":"https:\/\/www.cuchillalia.com\/tienda\/"},{"@type":"ListItem","position":3,"name":"Accesorios para cuchillos","item":"https:\/\/www.cuchillalia.com\/categoria\/accesorios-cuchillos\/"},{"@type":"ListItem","position":4,"name":"Piedras para afilar cuchillos","item":"https:\/\/www.cuchillalia.com\/categoria\/accesorios-cuchillos\/piedras-afilar\/"},{"@type":"ListItem","position":5,"name":"Piedra de afilar 1000\/3000 con 3 accesorios &#8211; 3 Claveles 9428"}]},{"@type":"WebSite","@id":"https:\/\/www.cuchillalia.com\/#website","url":"https:\/\/www.cuchillalia.com\/","name":"Cuchillalia.com","description":"","publisher":{"@id":"https:\/\/www.cuchillalia.com\/#organization"},"potentialAction":[{"@type":"SearchAction","target":{"@type":"EntryPoint","urlTemplate":"https:\/\/www.cuchillalia.com\/?s={search_term_string}"},"query-input":{"@type":"PropertyValueSpecification","valueRequired":true,"valueName":"search_term_string"}}],"inLanguage":"en-US"},{"@type":"Organization","@id":"https:\/\/www.cuchillalia.com\/#organization","name":"Cuchillalia","url":"https:\/\/www.cuchillalia.com\/","logo":{"@type":"ImageObject","inLanguage":"en-US","@id":"https:\/\/www.cuchillalia.com\/#\/schema\/logo\/image\/","url":"https:\/\/www.cuchillalia.com\/wordpress\/wp-content\/uploads\/2021\/03\/logo-cuchillalia-jpg.jpg","contentUrl":"https:\/\/www.cuchillalia.com\/wordpress\/wp-content\/uploads\/2021\/03\/logo-cuchillalia-jpg.jpg","width":276,"height":192,"caption":"Cuchillalia"},"image":{"@id":"https:\/\/www.cuchillalia.com\/#\/schema\/logo\/image\/"},"sameAs":["http:\/\/www.facebook.com\/cuchillalia","https:\/\/x.com\/Cuchillalia"]}]}},"_links":{"self":[{"href":"https:\/\/www.cuchillalia.com\/en\/wp-json\/wp\/v2\/product\/80601","targetHints":{"allow":["GET"]}}],"collection":[{"href":"https:\/\/www.cuchillalia.com\/en\/wp-json\/wp\/v2\/product"}],"about":[{"href":"https:\/\/www.cuchillalia.com\/en\/wp-json\/wp\/v2\/types\/product"}],"replies":[{"embeddable":true,"href":"https:\/\/www.cuchillalia.com\/en\/wp-json\/wp\/v2\/comments?post=80601"}],"wp:featuredmedia":[{"embeddable":true,"href":"https:\/\/www.cuchillalia.com\/en\/wp-json\/wp\/v2\/media\/80657"}],"wp:attachment":[{"href":"https:\/\/www.cuchillalia.com\/en\/wp-json\/wp\/v2\/media?parent=80601"}],"wp:term":[{"taxonomy":"product_brand","embeddable":true,"href":"https:\/\/www.cuchillalia.com\/en\/wp-json\/wp\/v2\/product_brand?post=80601"},{"taxonomy":"product_cat","embeddable":true,"href":"https:\/\/www.cuchillalia.com\/en\/wp-json\/wp\/v2\/product_cat?post=80601"},{"taxonomy":"product_tag","embeddable":true,"href":"https:\/\/www.cuchillalia.com\/en\/wp-json\/wp\/v2\/product_tag?post=80601"}],"curies":[{"name":"wp","href":"https:\/\/api.w.org\/{rel}","templated":true}]}}