{"id":80182,"date":"2019-10-02T10:37:10","date_gmt":"2019-10-02T08:37:10","guid":{"rendered":"https:\/\/www.cuchillalia.com\/?post_type=product&#038;p=80182"},"modified":"2026-05-14T18:00:14","modified_gmt":"2026-05-14T16:00:14","slug":"arcos-71626-kit-2-rodillos-bandas-afilador-electrico-arcos","status":"publish","type":"product","link":"https:\/\/www.cuchillalia.com\/en\/producto\/arcos-71626-kit-2-rodillos-bandas-afilador-electrico-arcos\/","title":{"rendered":"Kit de 2 rodillos con sus 2 bandas de recambio para afilador el\u00e9ctrico Arcos"},"content":{"rendered":"<p>Este kit de recambio se compone de dos rodillos y dos bandas de grano fino.<\/p>\n<p>Solo es necesario sustituir los rodillos del afilador el\u00e9ctrico cuando se deteriore la almohadilla que lo recubre. Mientras tanto se puede cambiar solamente las bandas, y puedes elegir entre las <a href=\"https:\/\/www.cuchillalia.com\/producto\/arcos-71612-recambio-banda-grano-80-basto-afilador-electrico\/\"><strong>bandas de grano 80 (grueso o basto)<\/strong><\/a> y las <a href=\"https:\/\/www.cuchillalia.com\/producto\/arcos-71613-recambio-banda-grano-100-medio-afilador-electrico\/\"><strong>bandas de grano 100 (fino)<\/strong><\/a>.<\/p>\n<p>Mientras que los rodillos no es necesario sustituir los dos al mismo tiempo, recomendamos siempre <strong>cambiar ambas bandas simult\u00e1neamente.<\/strong><\/p>\n<h2>Tabla de caracter\u00edsticas kit de 2 rodillos con 2 bandas de repuesto para afilador Arcos 610500<\/h2>\n<div class=\"tabla-caracteristicas\">\n<div class=\"fila\"><span class=\"etiqueta\">Nombre comercial:<\/span><span class=\"valor\"><strong>Bandas con rodillos grano fino para afilador el\u00e9ctrico 610500<\/strong><\/span><\/div>\n<div class=\"fila\"><span class=\"etiqueta\">Fabricante:<\/span><span class=\"valor\">Arcos<\/span><\/div>\n<div class=\"fila\"><span class=\"etiqueta\">Referencia del fabricante:<\/span><span class=\"valor\">71626<\/span><\/div>\n<div class=\"fila\"><span class=\"etiqueta\">Observaciones:<\/span><span class=\"valor\">Incluye 2 rodillos y 2 bandas de grano 100 (fino)<\/span><\/div>\n<\/div>\n<p>&nbsp;<\/p>\n<h3>Otros recambios para el afilador el\u00e9ctrico Arcos 610500<\/h3>\n<div class=\"woocommerce columns-3 \"><ul class=\"products kad_product_wrapper rowtight shopcolumn3 shopfullwidth init-isotope-intrinsic kt-show-rating  reinit-isotope\" data-nextselector=\".woocommerce-pagination a.next\" data-navselector=\".woocommerce-pagination\" data-itemselector=\".kad_product\" data-itemloadselector=\".kt_item_fade_in\" data-iso-selector=\".kad_product\" data-iso-style=\"fitRows\" data-iso-filter=\"true\">\n<li class=\"product type-product post-21680 status-publish first instock product_cat-afiladores product_cat-recambios-arcos has-post-thumbnail taxable shipping-taxable purchasable product-type-simple col-xxl-25 col-xl-3 col-md-4 col-sm-4 col-xs-6 col-ss-12 afiladores recambios-arcos kad_product\">\n\t<div class=\"grid_item product_item clearfix kt_item_fade_in\"><a href=\"https:\/\/www.cuchillalia.com\/en\/producto\/arcos-71612-recambio-banda-grano-80-basto-afilador-electrico\/\" class=\"product_item_link product_img_link\"><div class=\"kad-product-noflipper kt-product-hardcrop kt-product-intrinsic\" style=\"padding-bottom:100%;\"><div class=\"kt-product-animation-contain\"><img decoding=\"async\" src=\"https:\/\/www.cuchillalia.com\/wordpress\/wp-content\/uploads\/2017\/02\/cuchillalia-arcos-71612-banda-grano-80-grueso-400x400.jpg\" srcset=\"https:\/\/www.cuchillalia.com\/wordpress\/wp-content\/uploads\/2017\/02\/cuchillalia-arcos-71612-banda-grano-80-grueso-400x400.jpg 400w, https:\/\/www.cuchillalia.com\/wordpress\/wp-content\/uploads\/2017\/02\/cuchillalia-arcos-71612-banda-grano-80-grueso-200x200.jpg 200w, https:\/\/www.cuchillalia.com\/wordpress\/wp-content\/uploads\/2017\/02\/cuchillalia-arcos-71612-banda-grano-80-grueso-100x100.jpg 100w, https:\/\/www.cuchillalia.com\/wordpress\/wp-content\/uploads\/2017\/02\/cuchillalia-arcos-71612-banda-grano-80-grueso-566x566.jpg 566w, https:\/\/www.cuchillalia.com\/wordpress\/wp-content\/uploads\/2017\/02\/cuchillalia-arcos-71612-banda-grano-80-grueso-150x150.jpg 150w, https:\/\/www.cuchillalia.com\/wordpress\/wp-content\/uploads\/2017\/02\/cuchillalia-arcos-71612-banda-grano-80-grueso-300x300.jpg 300w, https:\/\/www.cuchillalia.com\/wordpress\/wp-content\/uploads\/2017\/02\/cuchillalia-arcos-71612-banda-grano-80-grueso-768x768.jpg 768w, https:\/\/www.cuchillalia.com\/wordpress\/wp-content\/uploads\/2017\/02\/cuchillalia-arcos-71612-banda-grano-80-grueso-600x600.jpg 600w, https:\/\/www.cuchillalia.com\/wordpress\/wp-content\/uploads\/2017\/02\/cuchillalia-arcos-71612-banda-grano-80-grueso-668x668.jpg 668w, https:\/\/www.cuchillalia.com\/wordpress\/wp-content\/uploads\/2017\/02\/cuchillalia-arcos-71612-banda-grano-80-grueso-334x334.jpg 334w, https:\/\/www.cuchillalia.com\/wordpress\/wp-content\/uploads\/2017\/02\/cuchillalia-arcos-71612-banda-grano-80-grueso-720x720.jpg 720w, https:\/\/www.cuchillalia.com\/wordpress\/wp-content\/uploads\/2017\/02\/cuchillalia-arcos-71612-banda-grano-80-grueso-360x360.jpg 360w, https:\/\/www.cuchillalia.com\/wordpress\/wp-content\/uploads\/2017\/02\/cuchillalia-arcos-71612-banda-grano-80-grueso.jpg 800w\" sizes=\"(max-width: 400px) 100vw, 400px\"  alt=\"Banda de recambio Arcos 71612 de grano 80 (basto) para el afilador Arcos 610500\" width=\"400\" height=\"400\" class=\"attachment-shop_catalog wp-post-image size-400x400\"><\/div><\/div><\/a> \n\n\t<div class=\"details_product_item\"><div class=\"product_details\"><a href=\"https:\/\/www.cuchillalia.com\/en\/producto\/arcos-71612-recambio-banda-grano-80-basto-afilador-electrico\/\" class=\"product_item_link\"><h3 class=\"product_archive_title\">Recambio de banda de grano 80 (basto) para afilador el\u00e9ctrico Arcos<\/h3><\/a><\/div>\t\t\n\t<a href=\"https:\/\/www.cuchillalia.com\/en\/producto\/arcos-71612-recambio-banda-grano-80-basto-afilador-electrico\/\"><span class=\"kt-notrated\">not rated<\/span><\/a>\n\t<span class=\"price\"><span class=\"woocommerce-Price-amount amount\"><bdi>3,99<span class=\"woocommerce-Price-currencySymbol\">&euro;<\/span><\/bdi><\/span><\/span>\n<div class=\"clearfix\"><\/div><\/div>\n\t<div class=\"product_action_wrap\"><a href=\"\/en\/wp-json\/wp\/v2\/product\/80182?add-to-cart=21680\" aria-describedby=\"woocommerce_loop_add_to_cart_link_describedby_21680\" data-quantity=\"1\" class=\"button product_type_simple add_to_cart_button ajax_add_to_cart\" data-product_id=\"21680\" data-product_sku=\"AR_071612\" aria-label=\"Add to cart: &ldquo;Recambio de banda de grano 80 (basto) para afilador el\u00e9ctrico Arcos&rdquo;\" rel=\"nofollow\" data-success_message=\"&ldquo;Recambio de banda de grano 80 (basto) para afilador el\u00e9ctrico Arcos&rdquo; has been added to your cart\" role=\"button\">Add to cart<\/a>\t<span id=\"woocommerce_loop_add_to_cart_link_describedby_21680\" class=\"screen-reader-text\">\n\t\t\t<\/span>\n\t\t\t<input type=\"hidden\" class=\"pmwProductId\" data-id=\"21680\">\n\t\t\t\t\t<script>\n\t\t\t(window.pmwDataLayer = window.pmwDataLayer || {}).products                = window.pmwDataLayer.products || {};\n\t\t\twindow.pmwDataLayer.products[21680] = {\"id\":\"21680\",\"sku\":\"AR_071612\",\"price\":3.9900000000000002,\"brand\":\"\",\"quantity\":1,\"dyn_r_ids\":{\"post_id\":\"21680\",\"sku\":\"AR_071612\",\"gpf\":\"woocommerce_gpf_21680\",\"gla\":\"gla_21680\"},\"is_variable\":false,\"type\":\"simple\",\"name\":\"Recambio de banda de grano 80 (basto) para afilador el\u00e9ctrico Arcos\",\"category\":[\"Afiladores para cuchillos\",\"Recambios para productos Arcos\"],\"is_variation\":false};\n\t\t\t\t\twindow.pmw_product_position = window.pmw_product_position || 1;\n\t\twindow.pmwDataLayer.products[21680]['position'] = window.pmw_product_position++;\n\t\t\t\t<\/script>\n\t\t<\/div><\/div><\/li><li class=\"product type-product post-21681 status-publish instock product_cat-afiladores product_cat-recambios-arcos has-post-thumbnail taxable shipping-taxable purchasable product-type-simple col-xxl-25 col-xl-3 col-md-4 col-sm-4 col-xs-6 col-ss-12 afiladores recambios-arcos kad_product\">\n\t<div class=\"grid_item product_item clearfix kt_item_fade_in\"><a href=\"https:\/\/www.cuchillalia.com\/en\/producto\/arcos-71613-recambio-banda-grano-100-medio-afilador-electrico\/\" class=\"product_item_link product_img_link\"><div class=\"kad-product-noflipper kt-product-hardcrop kt-product-intrinsic\" style=\"padding-bottom:100%;\"><div class=\"kt-product-animation-contain\"><img decoding=\"async\" src=\"https:\/\/www.cuchillalia.com\/wordpress\/wp-content\/uploads\/2017\/02\/cuchillalia-arcos-71613-banda-grano-100-medio-400x400.jpg\" srcset=\"https:\/\/www.cuchillalia.com\/wordpress\/wp-content\/uploads\/2017\/02\/cuchillalia-arcos-71613-banda-grano-100-medio-400x400.jpg 400w, https:\/\/www.cuchillalia.com\/wordpress\/wp-content\/uploads\/2017\/02\/cuchillalia-arcos-71613-banda-grano-100-medio-200x200.jpg 200w, https:\/\/www.cuchillalia.com\/wordpress\/wp-content\/uploads\/2017\/02\/cuchillalia-arcos-71613-banda-grano-100-medio-100x100.jpg 100w, https:\/\/www.cuchillalia.com\/wordpress\/wp-content\/uploads\/2017\/02\/cuchillalia-arcos-71613-banda-grano-100-medio-566x566.jpg 566w, https:\/\/www.cuchillalia.com\/wordpress\/wp-content\/uploads\/2017\/02\/cuchillalia-arcos-71613-banda-grano-100-medio-150x150.jpg 150w, https:\/\/www.cuchillalia.com\/wordpress\/wp-content\/uploads\/2017\/02\/cuchillalia-arcos-71613-banda-grano-100-medio-300x300.jpg 300w, https:\/\/www.cuchillalia.com\/wordpress\/wp-content\/uploads\/2017\/02\/cuchillalia-arcos-71613-banda-grano-100-medio-768x768.jpg 768w, https:\/\/www.cuchillalia.com\/wordpress\/wp-content\/uploads\/2017\/02\/cuchillalia-arcos-71613-banda-grano-100-medio-600x600.jpg 600w, https:\/\/www.cuchillalia.com\/wordpress\/wp-content\/uploads\/2017\/02\/cuchillalia-arcos-71613-banda-grano-100-medio-668x668.jpg 668w, https:\/\/www.cuchillalia.com\/wordpress\/wp-content\/uploads\/2017\/02\/cuchillalia-arcos-71613-banda-grano-100-medio-334x334.jpg 334w, https:\/\/www.cuchillalia.com\/wordpress\/wp-content\/uploads\/2017\/02\/cuchillalia-arcos-71613-banda-grano-100-medio-720x720.jpg 720w, https:\/\/www.cuchillalia.com\/wordpress\/wp-content\/uploads\/2017\/02\/cuchillalia-arcos-71613-banda-grano-100-medio-360x360.jpg 360w, https:\/\/www.cuchillalia.com\/wordpress\/wp-content\/uploads\/2017\/02\/cuchillalia-arcos-71613-banda-grano-100-medio.jpg 800w\" sizes=\"(max-width: 400px) 100vw, 400px\"  alt=\"Banda de recambio Arcos 71613 de grano 100 (medio) para el afilador Arcos 610500\" width=\"400\" height=\"400\" class=\"attachment-shop_catalog wp-post-image size-400x400\"><\/div><\/div><\/a> \n\n\t<div class=\"details_product_item\"><div class=\"product_details\"><a href=\"https:\/\/www.cuchillalia.com\/en\/producto\/arcos-71613-recambio-banda-grano-100-medio-afilador-electrico\/\" class=\"product_item_link\"><h3 class=\"product_archive_title\">Recambio de banda de grano 100 (medio) para afilador el\u00e9ctrico Arcos<\/h3><\/a><\/div>\t\t\n\t<a href=\"https:\/\/www.cuchillalia.com\/en\/producto\/arcos-71613-recambio-banda-grano-100-medio-afilador-electrico\/\"><div class=\"star-rating\" role=\"img\" aria-label=\"Rated 4.75 out of 5\"><span style=\"width:95%\">Rated <strong class=\"rating\">4.75<\/strong> out of 5<\/span><\/div><\/a>\n\t<span class=\"price\"><span class=\"woocommerce-Price-amount amount\"><bdi>3,99<span class=\"woocommerce-Price-currencySymbol\">&euro;<\/span><\/bdi><\/span><\/span>\n<div class=\"clearfix\"><\/div><\/div>\n\t<div class=\"product_action_wrap\"><a href=\"\/en\/wp-json\/wp\/v2\/product\/80182?add-to-cart=21681\" aria-describedby=\"woocommerce_loop_add_to_cart_link_describedby_21681\" data-quantity=\"1\" class=\"button product_type_simple add_to_cart_button ajax_add_to_cart\" data-product_id=\"21681\" data-product_sku=\"AR_071613\" aria-label=\"Add to cart: &ldquo;Recambio de banda de grano 100 (medio) para afilador el\u00e9ctrico Arcos&rdquo;\" rel=\"nofollow\" data-success_message=\"&ldquo;Recambio de banda de grano 100 (medio) para afilador el\u00e9ctrico Arcos&rdquo; has been added to your cart\" role=\"button\">Add to cart<\/a>\t<span id=\"woocommerce_loop_add_to_cart_link_describedby_21681\" class=\"screen-reader-text\">\n\t\t\t<\/span>\n\t\t\t<input type=\"hidden\" class=\"pmwProductId\" data-id=\"21681\">\n\t\t\t\t\t<script>\n\t\t\t(window.pmwDataLayer = window.pmwDataLayer || {}).products                = window.pmwDataLayer.products || {};\n\t\t\twindow.pmwDataLayer.products[21681] = {\"id\":\"21681\",\"sku\":\"AR_071613\",\"price\":3.9900000000000002,\"brand\":\"\",\"quantity\":1,\"dyn_r_ids\":{\"post_id\":\"21681\",\"sku\":\"AR_071613\",\"gpf\":\"woocommerce_gpf_21681\",\"gla\":\"gla_21681\"},\"is_variable\":false,\"type\":\"simple\",\"name\":\"Recambio de banda de grano 100 (medio) para afilador el\u00e9ctrico Arcos\",\"category\":[\"Afiladores para cuchillos\",\"Recambios para productos Arcos\"],\"is_variation\":false};\n\t\t\t\t\twindow.pmw_product_position = window.pmw_product_position || 1;\n\t\twindow.pmwDataLayer.products[21681]['position'] = window.pmw_product_position++;\n\t\t\t\t<\/script>\n\t\t<\/div><\/div><\/li><\/ul>\n<\/div>\n","protected":false},"excerpt":{"rendered":"<p><strong>Kit de recambio de 2 rodillos con sus 2 bandas<\/strong> de grano fino para el <strong>afilador el\u00e9ctrico Arcos 610500<\/strong>.&hellip; <a class=\"kt-excerpt-readmore more-link\" href=\"https:\/\/www.cuchillalia.com\/en\/producto\/arcos-71626-kit-2-rodillos-bandas-afilador-electrico-arcos\/\" aria-label=\"Kit de 2 rodillos con sus 2 bandas de recambio para afilador el\u00e9ctrico Arcos\">Read More<\/a><\/p>\n","protected":false},"featured_media":80184,"comment_status":"open","ping_status":"closed","template":"","meta":[],"product_brand":[],"product_cat":[8328,8350],"product_tag":[],"class_list":{"0":"post-80182","1":"product","2":"type-product","3":"status-publish","4":"has-post-thumbnail","6":"product_cat-afiladores","7":"product_cat-recambios-arcos","9":"first","10":"instock","11":"taxable","12":"shipping-taxable","13":"purchasable","14":"product-type-simple"},"yoast_head":"<!-- This site is optimized with the Yoast SEO plugin v27.5 - https:\/\/yoast.com\/product\/yoast-seo-wordpress\/ -->\n<title>kit 2 rodillos con bandas de recambio para afilador el\u00e9ctrico Arcos 610500<\/title>\n<meta name=\"description\" content=\"Repuesto formado por 2 rodillos y 2 bandas de grano fino para el afilador el\u00e9ctrico Arcos 610500. F\u00e1cil sustituci\u00f3n de los rodillos.\" \/>\n<meta name=\"robots\" content=\"index, follow, max-snippet:-1, max-image-preview:large, max-video-preview:-1\" \/>\n<link rel=\"canonical\" href=\"https:\/\/www.cuchillalia.com\/producto\/arcos-71626-kit-2-rodillos-bandas-afilador-electrico-arcos\/\" \/>\n<meta property=\"og:locale\" content=\"en_US\" \/>\n<meta property=\"og:type\" content=\"article\" \/>\n<meta property=\"og:title\" content=\"kit 2 rodillos con bandas de recambio para afilador el\u00e9ctrico Arcos 610500\" \/>\n<meta property=\"og:description\" content=\"Repuesto formado por 2 rodillos y 2 bandas de grano fino para el afilador el\u00e9ctrico Arcos 610500. F\u00e1cil sustituci\u00f3n de los rodillos.\" \/>\n<meta property=\"og:url\" content=\"https:\/\/www.cuchillalia.com\/producto\/arcos-71626-kit-2-rodillos-bandas-afilador-electrico-arcos\/\" \/>\n<meta property=\"og:site_name\" content=\"Cuchillalia.com\" \/>\n<meta property=\"article:publisher\" content=\"http:\/\/www.facebook.com\/cuchillalia\" \/>\n<meta property=\"article:modified_time\" content=\"2026-05-14T16:00:14+00:00\" \/>\n<meta property=\"og:image\" content=\"https:\/\/www.cuchillalia.com\/wordpress\/wp-content\/uploads\/2019\/10\/cuchillalia-arcos-71626-kit-2-rodillos-y-2-bandas-recambio-afilador-electrico.jpg\" \/>\n\t<meta property=\"og:image:width\" content=\"1200\" \/>\n\t<meta property=\"og:image:height\" content=\"1200\" \/>\n\t<meta property=\"og:image:type\" content=\"image\/jpeg\" \/>\n<meta name=\"twitter:card\" content=\"summary_large_image\" \/>\n<meta name=\"twitter:site\" content=\"@Cuchillalia\" \/>\n<meta name=\"twitter:label1\" content=\"Est. reading time\" \/>\n\t<meta name=\"twitter:data1\" content=\"1 minute\" \/>\n<!-- \/ Yoast SEO plugin. -->","yoast_head_json":{"title":"kit 2 rodillos con bandas de recambio para afilador el\u00e9ctrico Arcos 610500","description":"Repuesto formado por 2 rodillos y 2 bandas de grano fino para el afilador el\u00e9ctrico Arcos 610500. F\u00e1cil sustituci\u00f3n de los rodillos.","robots":{"index":"index","follow":"follow","max-snippet":"max-snippet:-1","max-image-preview":"max-image-preview:large","max-video-preview":"max-video-preview:-1"},"canonical":"https:\/\/www.cuchillalia.com\/producto\/arcos-71626-kit-2-rodillos-bandas-afilador-electrico-arcos\/","og_locale":"en_US","og_type":"article","og_title":"kit 2 rodillos con bandas de recambio para afilador el\u00e9ctrico Arcos 610500","og_description":"Repuesto formado por 2 rodillos y 2 bandas de grano fino para el afilador el\u00e9ctrico Arcos 610500. F\u00e1cil sustituci\u00f3n de los rodillos.","og_url":"https:\/\/www.cuchillalia.com\/producto\/arcos-71626-kit-2-rodillos-bandas-afilador-electrico-arcos\/","og_site_name":"Cuchillalia.com","article_publisher":"http:\/\/www.facebook.com\/cuchillalia","article_modified_time":"2026-05-14T16:00:14+00:00","og_image":[{"width":1200,"height":1200,"url":"https:\/\/www.cuchillalia.com\/wordpress\/wp-content\/uploads\/2019\/10\/cuchillalia-arcos-71626-kit-2-rodillos-y-2-bandas-recambio-afilador-electrico.jpg","type":"image\/jpeg"}],"twitter_card":"summary_large_image","twitter_site":"@Cuchillalia","twitter_misc":{"Est. reading time":"1 minute"},"schema":{"@context":"https:\/\/schema.org","@graph":[{"@type":"WebPage","@id":"https:\/\/www.cuchillalia.com\/producto\/arcos-71626-kit-2-rodillos-bandas-afilador-electrico-arcos\/","url":"https:\/\/www.cuchillalia.com\/producto\/arcos-71626-kit-2-rodillos-bandas-afilador-electrico-arcos\/","name":"kit 2 rodillos con bandas de recambio para afilador el\u00e9ctrico Arcos 610500","isPartOf":{"@id":"https:\/\/www.cuchillalia.com\/#website"},"primaryImageOfPage":{"@id":"https:\/\/www.cuchillalia.com\/producto\/arcos-71626-kit-2-rodillos-bandas-afilador-electrico-arcos\/#primaryimage"},"image":{"@id":"https:\/\/www.cuchillalia.com\/producto\/arcos-71626-kit-2-rodillos-bandas-afilador-electrico-arcos\/#primaryimage"},"thumbnailUrl":"https:\/\/www.cuchillalia.com\/wordpress\/wp-content\/uploads\/2019\/10\/cuchillalia-arcos-71626-kit-2-rodillos-y-2-bandas-recambio-afilador-electrico.jpg","datePublished":"2019-10-02T08:37:10+00:00","dateModified":"2026-05-14T16:00:14+00:00","description":"Repuesto formado por 2 rodillos y 2 bandas de grano fino para el afilador el\u00e9ctrico Arcos 610500. F\u00e1cil sustituci\u00f3n de los rodillos.","breadcrumb":{"@id":"https:\/\/www.cuchillalia.com\/producto\/arcos-71626-kit-2-rodillos-bandas-afilador-electrico-arcos\/#breadcrumb"},"inLanguage":"en-US","potentialAction":[{"@type":"ReadAction","target":["https:\/\/www.cuchillalia.com\/producto\/arcos-71626-kit-2-rodillos-bandas-afilador-electrico-arcos\/"]}]},{"@type":"ImageObject","inLanguage":"en-US","@id":"https:\/\/www.cuchillalia.com\/producto\/arcos-71626-kit-2-rodillos-bandas-afilador-electrico-arcos\/#primaryimage","url":"https:\/\/www.cuchillalia.com\/wordpress\/wp-content\/uploads\/2019\/10\/cuchillalia-arcos-71626-kit-2-rodillos-y-2-bandas-recambio-afilador-electrico.jpg","contentUrl":"https:\/\/www.cuchillalia.com\/wordpress\/wp-content\/uploads\/2019\/10\/cuchillalia-arcos-71626-kit-2-rodillos-y-2-bandas-recambio-afilador-electrico.jpg","width":1200,"height":1200,"caption":"Kit de 2 rodillos con sus 2 bandas de repuesto para el afilador el\u00e9ctrico Arcos 610500"},{"@type":"BreadcrumbList","@id":"https:\/\/www.cuchillalia.com\/producto\/arcos-71626-kit-2-rodillos-bandas-afilador-electrico-arcos\/#breadcrumb","itemListElement":[{"@type":"ListItem","position":1,"name":"Cuchillalia","item":"https:\/\/www.cuchillalia.com\/en\/"},{"@type":"ListItem","position":2,"name":"Tienda","item":"https:\/\/www.cuchillalia.com\/tienda\/"},{"@type":"ListItem","position":3,"name":"Marcas","item":"https:\/\/www.cuchillalia.com\/categoria\/marcas\/"},{"@type":"ListItem","position":4,"name":"Arcos","item":"https:\/\/www.cuchillalia.com\/categoria\/marcas\/arcos\/"},{"@type":"ListItem","position":5,"name":"Recambios para productos Arcos","item":"https:\/\/www.cuchillalia.com\/categoria\/marcas\/arcos\/recambios-arcos\/"},{"@type":"ListItem","position":6,"name":"Kit de 2 rodillos con sus 2 bandas de recambio para afilador el\u00e9ctrico Arcos"}]},{"@type":"WebSite","@id":"https:\/\/www.cuchillalia.com\/#website","url":"https:\/\/www.cuchillalia.com\/","name":"Cuchillalia.com","description":"","publisher":{"@id":"https:\/\/www.cuchillalia.com\/#organization"},"potentialAction":[{"@type":"SearchAction","target":{"@type":"EntryPoint","urlTemplate":"https:\/\/www.cuchillalia.com\/?s={search_term_string}"},"query-input":{"@type":"PropertyValueSpecification","valueRequired":true,"valueName":"search_term_string"}}],"inLanguage":"en-US"},{"@type":"Organization","@id":"https:\/\/www.cuchillalia.com\/#organization","name":"Cuchillalia","url":"https:\/\/www.cuchillalia.com\/","logo":{"@type":"ImageObject","inLanguage":"en-US","@id":"https:\/\/www.cuchillalia.com\/#\/schema\/logo\/image\/","url":"https:\/\/www.cuchillalia.com\/wordpress\/wp-content\/uploads\/2021\/03\/logo-cuchillalia-jpg.jpg","contentUrl":"https:\/\/www.cuchillalia.com\/wordpress\/wp-content\/uploads\/2021\/03\/logo-cuchillalia-jpg.jpg","width":276,"height":192,"caption":"Cuchillalia"},"image":{"@id":"https:\/\/www.cuchillalia.com\/#\/schema\/logo\/image\/"},"sameAs":["http:\/\/www.facebook.com\/cuchillalia","https:\/\/x.com\/Cuchillalia"]}]}},"_links":{"self":[{"href":"https:\/\/www.cuchillalia.com\/en\/wp-json\/wp\/v2\/product\/80182","targetHints":{"allow":["GET"]}}],"collection":[{"href":"https:\/\/www.cuchillalia.com\/en\/wp-json\/wp\/v2\/product"}],"about":[{"href":"https:\/\/www.cuchillalia.com\/en\/wp-json\/wp\/v2\/types\/product"}],"replies":[{"embeddable":true,"href":"https:\/\/www.cuchillalia.com\/en\/wp-json\/wp\/v2\/comments?post=80182"}],"wp:featuredmedia":[{"embeddable":true,"href":"https:\/\/www.cuchillalia.com\/en\/wp-json\/wp\/v2\/media\/80184"}],"wp:attachment":[{"href":"https:\/\/www.cuchillalia.com\/en\/wp-json\/wp\/v2\/media?parent=80182"}],"wp:term":[{"taxonomy":"product_brand","embeddable":true,"href":"https:\/\/www.cuchillalia.com\/en\/wp-json\/wp\/v2\/product_brand?post=80182"},{"taxonomy":"product_cat","embeddable":true,"href":"https:\/\/www.cuchillalia.com\/en\/wp-json\/wp\/v2\/product_cat?post=80182"},{"taxonomy":"product_tag","embeddable":true,"href":"https:\/\/www.cuchillalia.com\/en\/wp-json\/wp\/v2\/product_tag?post=80182"}],"curies":[{"name":"wp","href":"https:\/\/api.w.org\/{rel}","templated":true}]}}