{"id":78814,"date":"2019-09-09T13:19:24","date_gmt":"2019-09-09T11:19:24","guid":{"rendered":"https:\/\/www.cuchillalia.com\/?post_type=product&#038;p=78814"},"modified":"2026-05-17T02:52:30","modified_gmt":"2026-05-17T00:52:30","slug":"cuberteria-113-piezas-arcos-capri-587200-maletin","status":"publish","type":"product","link":"https:\/\/www.cuchillalia.com\/en\/producto\/cuberteria-113-piezas-arcos-capri-587200-maletin\/","title":{"rendered":"Cuberter\u00eda de 113 piezas &#8211; Arcos Capri 587200 &#8211; Malet\u00edn"},"content":{"rendered":"<h2>Tabla de caracter\u00edsticas malet\u00edn 113 cubiertos Arcos Capri<\/h2>\n<div class='tabla-caracteristicas'>\n<div class='fila'><span class='etiqueta'>Nombre comercial:<\/span><span class='valor'><strong>Malet\u00edn Capri<\/strong><\/span><\/div>\n<div class='fila'><span class='etiqueta'>Fabricante:<\/span><span class='valor'>Arcos<\/span><\/div>\n<div class='fila'><span class='etiqueta'>Referencia del fabricante:<\/span><span class='valor'>587200<\/span><\/div>\n<div class='fila'><span class='etiqueta'>Material del mango:<\/span><span class='valor'>Met\u00e1lico <\/span><\/div>\n<div class='fila'><span class='etiqueta'>Material:<\/span><span class='valor'>Acero inoxidable 18\/10<\/span><\/div>\n<div class='fila'><span class='etiqueta'>\u00bfEs apto para zurdos?:<\/span><span class='valor'>Para diestros y zurdos<\/span><\/div>\n<div class='fila'><span class='etiqueta'>Presentaci\u00f3n del producto:<\/span><span class='valor'>Malet\u00edn para regalo<\/span><\/div>\n<div class='fila'><span class='etiqueta'>\u00bfEs apto para el lavavajillas?:<\/span><span class='valor'>Si<\/span><\/div>\n<div class='fila'><span class='etiqueta'>\u00bfQu\u00e9 garant\u00eda tiene?:<\/span><span class='valor'>10 a\u00f1os contra todo defecto de fabricaci\u00f3n, siempre que del producto se haga un uso racional para el cual ha sido fabricado.<\/span><\/div>\n<div class='fila'><span class='etiqueta'>C\u00f3digo de barras (GTIN):<\/span><span class='valor'>8421002587207<\/span><\/div>\n<div class='fila'><span class='etiqueta'>Observaciones:<\/span><span class='valor'>&#8211; Contenido del malet\u00edn:<br \/>\n12x <a href='https:\/\/www.cuchillalia.com\/producto\/cuchillo-mesa-dentado-perlado-arcos-capri-585900\/'>cuchillos de mesa 585900<\/a><br \/>\n12x <a href='https:\/\/www.cuchillalia.com\/producto\/cuchara-mesa-arcos-capri-586000\/'>cucharas de mesa 586000<\/a><br \/>\n12x <a href='https:\/\/www.cuchillalia.com\/producto\/tenedor-de-mesa-arcos-capri-586100\/'>tenedores de mesa 586100<\/a><br \/>\n12x <a href='https:\/\/www.cuchillalia.com\/producto\/cuchillo-lunch-dentado-perlado-arcos-capri-585200\/'>cuchillos lunch 585200<\/a><br \/>\n12x <a href='https:\/\/www.cuchillalia.com\/producto\/cuchara-cafe-lunch-arcos-capri-585100\/'>cucharillas de caf\u00e9-lunch 585100<\/a><br \/>\n12x <a href='https:\/\/www.cuchillalia.com\/producto\/tenedor-lunch-arcos-capri-585400\/'>tenedores lunch 585400<\/a><br \/>\n12x <a href='https:\/\/www.cuchillalia.com\/producto\/cuchara-moka-arcos-capri-585000\/'>cucharillas moka 585000<\/a><br \/>\n12x <a href='https:\/\/www.cuchillalia.com\/producto\/cuchillo-pescado-arcos-capri-586200\/'>cuchillos para pescado 586200<\/a><br \/>\n12x <a href='https:\/\/www.cuchillalia.com\/producto\/tenedor-pescado-arcos-capri-586300\/'>tenedores para pescado 586300<\/a><br \/>\n1x <a href='https:\/\/www.cuchillalia.com\/producto\/cazo-sopa-arcos-capri-587000\/'>cazo para sopa 587000<\/a><br \/>\n1x <a href='https:\/\/www.cuchillalia.com\/producto\/cuchara-servir-arcos-capri-586600\/'>cuchara de servir 586600<\/a><br \/>\n1x <a href='https:\/\/www.cuchillalia.com\/producto\/tenedor-ensalada-arcos-capri-586700\/'>tenedor de ensalada 586700<\/a><br \/>\n1x <a href='https:\/\/www.cuchillalia.com\/producto\/cuchara-ensalada-arcos-capri-586800\/'>cuchara de ensalada 586800<\/a><br \/>\n1x <a href='https:\/\/www.cuchillalia.com\/producto\/pala-pastel-arcos-capri-586900\/'>pala para pastel 586900<\/a><br \/>\n&#8211; Cubiertos fabricados en una sola pieza maciza (Monoblock), junto al mango, en acero austen\u00edtico 18\/10 muy resistente. Este acero tiene una alta rigidez y durabilidad.<br \/>\n&#8211; Acero resistente a la corrosi\u00f3n y al lavavajillas.<br \/>\n&#8211; El perlado (dentado) de los cuchillos se realiza despu\u00e9s del mecanizado, lo que les da un mayor poder de corte.<\/span><\/div>\n<\/div>\n","protected":false},"excerpt":{"rendered":"<p><strong>Malet\u00edn con 113 cubiertos de mesa<\/strong>\u00a0de <strong>Arcos<\/strong>, serie <strong>Capri<\/strong>, referencia <strong>587200<\/strong>. Fabricados en una sola pieza de acero inoxidable 18\/10.&hellip; <a class=\"kt-excerpt-readmore more-link\" href=\"https:\/\/www.cuchillalia.com\/en\/producto\/cuberteria-113-piezas-arcos-capri-587200-maletin\/\" aria-label=\"Cuberter\u00eda de 113 piezas &#8211; Arcos Capri 587200 &#8211; Malet\u00edn\">Read More<\/a><\/p>\n","protected":false},"featured_media":89435,"comment_status":"open","ping_status":"closed","template":"","meta":[],"product_brand":[],"product_cat":[8532,8308,8793],"product_tag":[],"class_list":{"0":"post-78814","1":"product","2":"type-product","3":"status-publish","4":"has-post-thumbnail","6":"product_cat-capri","7":"product_cat-cuberteria-mesa","8":"product_cat-juegos-cubiertos","10":"first","11":"onbackorder","12":"taxable","13":"shipping-taxable","14":"purchasable","15":"product-type-simple"},"yoast_head":"<!-- This site is optimized with the Yoast SEO plugin v27.5 - https:\/\/yoast.com\/product\/yoast-seo-wordpress\/ -->\n<title>Malet\u00edn de 113 cubiertos de mesa Arcos Capri 587200 - Cuchillalia<\/title>\n<meta name=\"description\" content=\"Malet\u00edn con 113 cubiertos de mesa y accesorios Arcos de la serie Capri. 12 cubiertos de cada tipo. Mango met\u00e1lico. Fabricados en acero inoxidable 18\/10.\" \/>\n<meta name=\"robots\" content=\"index, follow, max-snippet:-1, max-image-preview:large, max-video-preview:-1\" \/>\n<link rel=\"canonical\" href=\"https:\/\/www.cuchillalia.com\/producto\/cuberteria-113-piezas-arcos-capri-587200-maletin\/\" \/>\n<meta property=\"og:locale\" content=\"en_US\" \/>\n<meta property=\"og:type\" content=\"article\" \/>\n<meta property=\"og:title\" content=\"Malet\u00edn de 113 cubiertos de mesa Arcos Capri 587200 - Cuchillalia\" \/>\n<meta property=\"og:description\" content=\"Malet\u00edn con 113 cubiertos de mesa y accesorios Arcos de la serie Capri. 12 cubiertos de cada tipo. Mango met\u00e1lico. Fabricados en acero inoxidable 18\/10.\" \/>\n<meta property=\"og:url\" content=\"https:\/\/www.cuchillalia.com\/producto\/cuberteria-113-piezas-arcos-capri-587200-maletin\/\" \/>\n<meta property=\"og:site_name\" content=\"Cuchillalia.com\" \/>\n<meta property=\"article:publisher\" content=\"http:\/\/www.facebook.com\/cuchillalia\" \/>\n<meta property=\"article:modified_time\" content=\"2026-05-17T00:52:30+00:00\" \/>\n<meta property=\"og:image\" content=\"https:\/\/www.cuchillalia.com\/wordpress\/wp-content\/uploads\/2019\/09\/arcos-capri-587200-maletin-113-piezas.jpg\" \/>\n\t<meta property=\"og:image:width\" content=\"1600\" \/>\n\t<meta property=\"og:image:height\" content=\"1600\" \/>\n\t<meta property=\"og:image:type\" content=\"image\/jpeg\" \/>\n<meta name=\"twitter:card\" content=\"summary_large_image\" \/>\n<meta name=\"twitter:site\" content=\"@Cuchillalia\" \/>\n<meta name=\"twitter:label1\" content=\"Est. reading time\" \/>\n\t<meta name=\"twitter:data1\" content=\"2 minutes\" \/>\n<!-- \/ Yoast SEO plugin. -->","yoast_head_json":{"title":"Malet\u00edn de 113 cubiertos de mesa Arcos Capri 587200 - Cuchillalia","description":"Malet\u00edn con 113 cubiertos de mesa y accesorios Arcos de la serie Capri. 12 cubiertos de cada tipo. Mango met\u00e1lico. Fabricados en acero inoxidable 18\/10.","robots":{"index":"index","follow":"follow","max-snippet":"max-snippet:-1","max-image-preview":"max-image-preview:large","max-video-preview":"max-video-preview:-1"},"canonical":"https:\/\/www.cuchillalia.com\/producto\/cuberteria-113-piezas-arcos-capri-587200-maletin\/","og_locale":"en_US","og_type":"article","og_title":"Malet\u00edn de 113 cubiertos de mesa Arcos Capri 587200 - Cuchillalia","og_description":"Malet\u00edn con 113 cubiertos de mesa y accesorios Arcos de la serie Capri. 12 cubiertos de cada tipo. Mango met\u00e1lico. Fabricados en acero inoxidable 18\/10.","og_url":"https:\/\/www.cuchillalia.com\/producto\/cuberteria-113-piezas-arcos-capri-587200-maletin\/","og_site_name":"Cuchillalia.com","article_publisher":"http:\/\/www.facebook.com\/cuchillalia","article_modified_time":"2026-05-17T00:52:30+00:00","og_image":[{"width":1600,"height":1600,"url":"https:\/\/www.cuchillalia.com\/wordpress\/wp-content\/uploads\/2019\/09\/arcos-capri-587200-maletin-113-piezas.jpg","type":"image\/jpeg"}],"twitter_card":"summary_large_image","twitter_site":"@Cuchillalia","twitter_misc":{"Est. reading time":"2 minutes"},"schema":{"@context":"https:\/\/schema.org","@graph":[{"@type":"WebPage","@id":"https:\/\/www.cuchillalia.com\/producto\/cuberteria-113-piezas-arcos-capri-587200-maletin\/","url":"https:\/\/www.cuchillalia.com\/producto\/cuberteria-113-piezas-arcos-capri-587200-maletin\/","name":"Malet\u00edn de 113 cubiertos de mesa Arcos Capri 587200 - Cuchillalia","isPartOf":{"@id":"https:\/\/www.cuchillalia.com\/#website"},"primaryImageOfPage":{"@id":"https:\/\/www.cuchillalia.com\/producto\/cuberteria-113-piezas-arcos-capri-587200-maletin\/#primaryimage"},"image":{"@id":"https:\/\/www.cuchillalia.com\/producto\/cuberteria-113-piezas-arcos-capri-587200-maletin\/#primaryimage"},"thumbnailUrl":"https:\/\/www.cuchillalia.com\/wordpress\/wp-content\/uploads\/2019\/09\/arcos-capri-587200-maletin-113-piezas.jpg","datePublished":"2019-09-09T11:19:24+00:00","dateModified":"2026-05-17T00:52:30+00:00","description":"Malet\u00edn con 113 cubiertos de mesa y accesorios Arcos de la serie Capri. 12 cubiertos de cada tipo. Mango met\u00e1lico. Fabricados en acero inoxidable 18\/10.","breadcrumb":{"@id":"https:\/\/www.cuchillalia.com\/producto\/cuberteria-113-piezas-arcos-capri-587200-maletin\/#breadcrumb"},"inLanguage":"en-US","potentialAction":[{"@type":"ReadAction","target":["https:\/\/www.cuchillalia.com\/producto\/cuberteria-113-piezas-arcos-capri-587200-maletin\/"]}]},{"@type":"ImageObject","inLanguage":"en-US","@id":"https:\/\/www.cuchillalia.com\/producto\/cuberteria-113-piezas-arcos-capri-587200-maletin\/#primaryimage","url":"https:\/\/www.cuchillalia.com\/wordpress\/wp-content\/uploads\/2019\/09\/arcos-capri-587200-maletin-113-piezas.jpg","contentUrl":"https:\/\/www.cuchillalia.com\/wordpress\/wp-content\/uploads\/2019\/09\/arcos-capri-587200-maletin-113-piezas.jpg","width":1600,"height":1600,"caption":"Malet\u00edn de 113 cubiertos Arcos de la serie Capri - Cuchillalia"},{"@type":"BreadcrumbList","@id":"https:\/\/www.cuchillalia.com\/producto\/cuberteria-113-piezas-arcos-capri-587200-maletin\/#breadcrumb","itemListElement":[{"@type":"ListItem","position":1,"name":"Cuchillalia","item":"https:\/\/www.cuchillalia.com\/en\/"},{"@type":"ListItem","position":2,"name":"Tienda","item":"https:\/\/www.cuchillalia.com\/tienda\/"},{"@type":"ListItem","position":3,"name":"Marcas","item":"https:\/\/www.cuchillalia.com\/categoria\/marcas\/"},{"@type":"ListItem","position":4,"name":"Arcos","item":"https:\/\/www.cuchillalia.com\/categoria\/marcas\/arcos\/"},{"@type":"ListItem","position":5,"name":"Cubiertos Arcos","item":"https:\/\/www.cuchillalia.com\/categoria\/marcas\/arcos\/cubiertos-arcos\/"},{"@type":"ListItem","position":6,"name":"Cubiertos Arcos Capri","item":"https:\/\/www.cuchillalia.com\/categoria\/marcas\/arcos\/cubiertos-arcos\/capri\/"},{"@type":"ListItem","position":7,"name":"Cuberter\u00eda de 113 piezas &#8211; Arcos Capri 587200 &#8211; Malet\u00edn"}]},{"@type":"WebSite","@id":"https:\/\/www.cuchillalia.com\/#website","url":"https:\/\/www.cuchillalia.com\/","name":"Cuchillalia.com","description":"","publisher":{"@id":"https:\/\/www.cuchillalia.com\/#organization"},"potentialAction":[{"@type":"SearchAction","target":{"@type":"EntryPoint","urlTemplate":"https:\/\/www.cuchillalia.com\/?s={search_term_string}"},"query-input":{"@type":"PropertyValueSpecification","valueRequired":true,"valueName":"search_term_string"}}],"inLanguage":"en-US"},{"@type":"Organization","@id":"https:\/\/www.cuchillalia.com\/#organization","name":"Cuchillalia","url":"https:\/\/www.cuchillalia.com\/","logo":{"@type":"ImageObject","inLanguage":"en-US","@id":"https:\/\/www.cuchillalia.com\/#\/schema\/logo\/image\/","url":"https:\/\/www.cuchillalia.com\/wordpress\/wp-content\/uploads\/2021\/03\/logo-cuchillalia-jpg.jpg","contentUrl":"https:\/\/www.cuchillalia.com\/wordpress\/wp-content\/uploads\/2021\/03\/logo-cuchillalia-jpg.jpg","width":276,"height":192,"caption":"Cuchillalia"},"image":{"@id":"https:\/\/www.cuchillalia.com\/#\/schema\/logo\/image\/"},"sameAs":["http:\/\/www.facebook.com\/cuchillalia","https:\/\/x.com\/Cuchillalia"]}]}},"_links":{"self":[{"href":"https:\/\/www.cuchillalia.com\/en\/wp-json\/wp\/v2\/product\/78814","targetHints":{"allow":["GET"]}}],"collection":[{"href":"https:\/\/www.cuchillalia.com\/en\/wp-json\/wp\/v2\/product"}],"about":[{"href":"https:\/\/www.cuchillalia.com\/en\/wp-json\/wp\/v2\/types\/product"}],"replies":[{"embeddable":true,"href":"https:\/\/www.cuchillalia.com\/en\/wp-json\/wp\/v2\/comments?post=78814"}],"wp:featuredmedia":[{"embeddable":true,"href":"https:\/\/www.cuchillalia.com\/en\/wp-json\/wp\/v2\/media\/89435"}],"wp:attachment":[{"href":"https:\/\/www.cuchillalia.com\/en\/wp-json\/wp\/v2\/media?parent=78814"}],"wp:term":[{"taxonomy":"product_brand","embeddable":true,"href":"https:\/\/www.cuchillalia.com\/en\/wp-json\/wp\/v2\/product_brand?post=78814"},{"taxonomy":"product_cat","embeddable":true,"href":"https:\/\/www.cuchillalia.com\/en\/wp-json\/wp\/v2\/product_cat?post=78814"},{"taxonomy":"product_tag","embeddable":true,"href":"https:\/\/www.cuchillalia.com\/en\/wp-json\/wp\/v2\/product_tag?post=78814"}],"curies":[{"name":"wp","href":"https:\/\/api.w.org\/{rel}","templated":true}]}}