{"id":78497,"date":"2019-09-06T17:42:43","date_gmt":"2019-09-06T15:42:43","guid":{"rendered":"https:\/\/www.cuchillalia.com\/?post_type=product&#038;p=78497"},"modified":"2026-03-20T13:00:57","modified_gmt":"2026-03-20T12:00:57","slug":"tenedor-mesa-arcos-madrid-556100","status":"publish","type":"product","link":"https:\/\/www.cuchillalia.com\/en\/producto\/tenedor-mesa-arcos-madrid-556100\/","title":{"rendered":"Tenedor de mesa &#8211; Arcos Madrid 556100"},"content":{"rendered":"<h2>Tabla de caracter\u00edsticas tenedor de mesa Arcos Madrid<\/h2>\n<div class=\"tabla-caracteristicas\">\n<div class=\"fila\"><span class=\"etiqueta\">Nombre comercial:<\/span><span class=\"valor\"><strong>Tenedor de mesa Madrid<\/strong><\/span><\/div>\n<div class=\"fila\"><span class=\"etiqueta\">Fabricante:<\/span><span class=\"valor\">Arcos<\/span><\/div>\n<div class=\"fila\"><span class=\"etiqueta\">Referencia del fabricante:<\/span><span class=\"valor\">556100<\/span><\/div>\n<div class=\"fila\"><span class=\"etiqueta\">Longitud total:<\/span><span class=\"valor\">21 cm<\/span><\/div>\n<div class=\"fila\"><span class=\"etiqueta\">Material del mango:<\/span><span class=\"valor\">Met\u00e1lico <\/span><\/div>\n<div class=\"fila\"><span class=\"etiqueta\">Material:<\/span><span class=\"valor\">Acero inoxidable 18\/10<\/span><\/div>\n<div class=\"fila\"><span class=\"etiqueta\">\u00bfEs apto para zurdos?:<\/span><span class=\"valor\">Para diestros y zurdos<\/span><\/div>\n<div class=\"fila\"><span class=\"etiqueta\">\u00bfEs apto para el lavavajillas?:<\/span><span class=\"valor\">Si<\/span><\/div>\n<div class=\"fila\"><span class=\"etiqueta\">\u00bfQu\u00e9 garant\u00eda tiene?:<\/span><span class=\"valor\">10 a\u00f1os contra todo defecto de fabricaci\u00f3n, siempre que del producto se haga un uso racional para el cual ha sido fabricado.<\/span><\/div>\n<div class=\"fila\"><span class=\"etiqueta\">C\u00f3digo de barras (GTIN):<\/span><span class=\"valor\">8421002556104<\/span><\/div>\n<div class=\"fila\"><span class=\"etiqueta\">Observaciones:<\/span><span class=\"valor\">&#8211; Cubierto fabricado en una sola pieza maciza (Monoblock), junto al mango, en acero austen\u00edtico 18\/10 muy resistente. Este acero tiene una alta rigidez y durabilidad.<br \/>\n&#8211; Acero resistente a la corrosi\u00f3n y al lavavajillas.<\/span><\/div>\n<\/div>\n<h3>Comparativa del tama\u00f1o del tenedor de mesa Arcos Madrid<\/h3>\n<p>A veces es dif\u00edcil elegir un cubierto si solo tienes la medida del largo. Como dicen que una imagen vale m\u00e1s que 1000 palabras, en Cuchillalia.com te lo ponemos m\u00e1s f\u00e1cil con la comparativa de tama\u00f1os de todos los <a href=\"https:\/\/www.cuchillalia.com\/categoria\/marcas\/arcos\/cubiertos-arcos\/madrid\/\"><strong>cubiertos de la serie Madrid de Arcos<\/strong><\/a> con un par de objetos que todos tenemos en casa, un bol\u00edgrafo o una lata de refresco:<\/p>\n<p><img decoding=\"async\" class=\"aligncenter wp-image-159982 size-large\" title=\"Comparativa del tama\u00f1o del tenedor de mesa con el resto serie Arcos Madrid\" src=\"https:\/\/www.cuchillalia.com\/wordpress\/wp-content\/uploads\/2019\/09\/comparativa-tamanos-cubiertos-arcos-madrid-556100-1024x399.jpg\" alt=\"Comparativa del tama\u00f1o del tenedor de mesa con el resto serie Arcos Madrid\" width=\"1024\" height=\"399\" srcset=\"https:\/\/www.cuchillalia.com\/wordpress\/wp-content\/uploads\/2019\/09\/comparativa-tamanos-cubiertos-arcos-madrid-556100-1024x399.jpg 1024w, https:\/\/www.cuchillalia.com\/wordpress\/wp-content\/uploads\/2019\/09\/comparativa-tamanos-cubiertos-arcos-madrid-556100-300x117.jpg 300w, https:\/\/www.cuchillalia.com\/wordpress\/wp-content\/uploads\/2019\/09\/comparativa-tamanos-cubiertos-arcos-madrid-556100-768x299.jpg 768w, https:\/\/www.cuchillalia.com\/wordpress\/wp-content\/uploads\/2019\/09\/comparativa-tamanos-cubiertos-arcos-madrid-556100-1536x599.jpg 1536w, https:\/\/www.cuchillalia.com\/wordpress\/wp-content\/uploads\/2019\/09\/comparativa-tamanos-cubiertos-arcos-madrid-556100-200x78.jpg 200w, https:\/\/www.cuchillalia.com\/wordpress\/wp-content\/uploads\/2019\/09\/comparativa-tamanos-cubiertos-arcos-madrid-556100-566x221.jpg 566w, https:\/\/www.cuchillalia.com\/wordpress\/wp-content\/uploads\/2019\/09\/comparativa-tamanos-cubiertos-arcos-madrid-556100.jpg 1600w\" sizes=\"(max-width: 1024px) 100vw, 1024px\" \/><\/p>\n","protected":false},"excerpt":{"rendered":"<p><strong>Tenedor de mesa<\/strong>\u00a0de <strong>Arcos<\/strong>, serie <strong>Madrid<\/strong>, referencia <strong>556100<\/strong>. Fabricado en una sola pieza de acero inoxidable. Se venden unidades sueltas o en cajas de 12 unidades.&hellip; <a class=\"kt-excerpt-readmore more-link\" href=\"https:\/\/www.cuchillalia.com\/en\/producto\/tenedor-mesa-arcos-madrid-556100\/\" aria-label=\"Tenedor de mesa &#8211; Arcos Madrid 556100\">Read More<\/a><\/p>\n","protected":false},"featured_media":78641,"comment_status":"open","ping_status":"closed","template":"","meta":[],"product_brand":[],"product_cat":[8530,8308,8789],"product_tag":[],"class_list":{"0":"post-78497","1":"product","2":"type-product","3":"status-publish","4":"has-post-thumbnail","6":"product_cat-madrid","7":"product_cat-cuberteria-mesa","8":"product_cat-tenedores","10":"first","11":"outofstock","12":"taxable","13":"shipping-taxable","14":"purchasable","15":"product-type-simple"},"yoast_head":"<!-- This site is optimized with the Yoast SEO plugin v27.5 - https:\/\/yoast.com\/product\/yoast-seo-wordpress\/ -->\n<title>Tenedor de mesa Arcos serie Madrid 556100 - Cuchillalia<\/title>\n<meta name=\"description\" content=\"Tenedor de mesa Arcos Madrid 556100, de 210 mm de largo, con mango met\u00e1lico. Fabricado en acero inoxidable. Se venden unidades sueltas.\" \/>\n<meta name=\"robots\" content=\"index, follow, max-snippet:-1, max-image-preview:large, max-video-preview:-1\" \/>\n<link rel=\"canonical\" href=\"https:\/\/www.cuchillalia.com\/producto\/tenedor-mesa-arcos-madrid-556100\/\" \/>\n<meta property=\"og:locale\" content=\"en_US\" \/>\n<meta property=\"og:type\" content=\"article\" \/>\n<meta property=\"og:title\" content=\"Tenedor de mesa Arcos serie Madrid 556100 - Cuchillalia\" \/>\n<meta property=\"og:description\" content=\"Tenedor de mesa Arcos Madrid 556100, de 210 mm de largo, con mango met\u00e1lico. Fabricado en acero inoxidable. Se venden unidades sueltas.\" \/>\n<meta property=\"og:url\" content=\"https:\/\/www.cuchillalia.com\/producto\/tenedor-mesa-arcos-madrid-556100\/\" \/>\n<meta property=\"og:site_name\" content=\"Cuchillalia.com\" \/>\n<meta property=\"article:publisher\" content=\"http:\/\/www.facebook.com\/cuchillalia\" \/>\n<meta property=\"article:modified_time\" content=\"2026-03-20T12:00:57+00:00\" \/>\n<meta property=\"og:image\" content=\"https:\/\/www.cuchillalia.com\/wordpress\/wp-content\/uploads\/2019\/09\/arcos-madrid-556100-tenedor-mesa.jpg\" \/>\n\t<meta property=\"og:image:width\" content=\"1600\" \/>\n\t<meta property=\"og:image:height\" content=\"1600\" \/>\n\t<meta property=\"og:image:type\" content=\"image\/jpeg\" \/>\n<meta name=\"twitter:card\" content=\"summary_large_image\" \/>\n<meta name=\"twitter:site\" content=\"@Cuchillalia\" \/>\n<meta name=\"twitter:label1\" content=\"Est. reading time\" \/>\n\t<meta name=\"twitter:data1\" content=\"2 minutes\" \/>\n<!-- \/ Yoast SEO plugin. -->","yoast_head_json":{"title":"Tenedor de mesa Arcos serie Madrid 556100 - Cuchillalia","description":"Tenedor de mesa Arcos Madrid 556100, de 210 mm de largo, con mango met\u00e1lico. Fabricado en acero inoxidable. Se venden unidades sueltas.","robots":{"index":"index","follow":"follow","max-snippet":"max-snippet:-1","max-image-preview":"max-image-preview:large","max-video-preview":"max-video-preview:-1"},"canonical":"https:\/\/www.cuchillalia.com\/producto\/tenedor-mesa-arcos-madrid-556100\/","og_locale":"en_US","og_type":"article","og_title":"Tenedor de mesa Arcos serie Madrid 556100 - Cuchillalia","og_description":"Tenedor de mesa Arcos Madrid 556100, de 210 mm de largo, con mango met\u00e1lico. Fabricado en acero inoxidable. Se venden unidades sueltas.","og_url":"https:\/\/www.cuchillalia.com\/producto\/tenedor-mesa-arcos-madrid-556100\/","og_site_name":"Cuchillalia.com","article_publisher":"http:\/\/www.facebook.com\/cuchillalia","article_modified_time":"2026-03-20T12:00:57+00:00","og_image":[{"width":1600,"height":1600,"url":"https:\/\/www.cuchillalia.com\/wordpress\/wp-content\/uploads\/2019\/09\/arcos-madrid-556100-tenedor-mesa.jpg","type":"image\/jpeg"}],"twitter_card":"summary_large_image","twitter_site":"@Cuchillalia","twitter_misc":{"Est. reading time":"2 minutes"},"schema":{"@context":"https:\/\/schema.org","@graph":[{"@type":"WebPage","@id":"https:\/\/www.cuchillalia.com\/producto\/tenedor-mesa-arcos-madrid-556100\/","url":"https:\/\/www.cuchillalia.com\/producto\/tenedor-mesa-arcos-madrid-556100\/","name":"Tenedor de mesa Arcos serie Madrid 556100 - Cuchillalia","isPartOf":{"@id":"https:\/\/www.cuchillalia.com\/#website"},"primaryImageOfPage":{"@id":"https:\/\/www.cuchillalia.com\/producto\/tenedor-mesa-arcos-madrid-556100\/#primaryimage"},"image":{"@id":"https:\/\/www.cuchillalia.com\/producto\/tenedor-mesa-arcos-madrid-556100\/#primaryimage"},"thumbnailUrl":"https:\/\/www.cuchillalia.com\/wordpress\/wp-content\/uploads\/2019\/09\/arcos-madrid-556100-tenedor-mesa.jpg","datePublished":"2019-09-06T15:42:43+00:00","dateModified":"2026-03-20T12:00:57+00:00","description":"Tenedor de mesa Arcos Madrid 556100, de 210 mm de largo, con mango met\u00e1lico. Fabricado en acero inoxidable. Se venden unidades sueltas.","breadcrumb":{"@id":"https:\/\/www.cuchillalia.com\/producto\/tenedor-mesa-arcos-madrid-556100\/#breadcrumb"},"inLanguage":"en-US","potentialAction":[{"@type":"ReadAction","target":["https:\/\/www.cuchillalia.com\/producto\/tenedor-mesa-arcos-madrid-556100\/"]}]},{"@type":"ImageObject","inLanguage":"en-US","@id":"https:\/\/www.cuchillalia.com\/producto\/tenedor-mesa-arcos-madrid-556100\/#primaryimage","url":"https:\/\/www.cuchillalia.com\/wordpress\/wp-content\/uploads\/2019\/09\/arcos-madrid-556100-tenedor-mesa.jpg","contentUrl":"https:\/\/www.cuchillalia.com\/wordpress\/wp-content\/uploads\/2019\/09\/arcos-madrid-556100-tenedor-mesa.jpg","width":1600,"height":1600,"caption":"Tenedor de mesa Arcos de la serie Madrid - Cuchillalia"},{"@type":"BreadcrumbList","@id":"https:\/\/www.cuchillalia.com\/producto\/tenedor-mesa-arcos-madrid-556100\/#breadcrumb","itemListElement":[{"@type":"ListItem","position":1,"name":"Cuchillalia","item":"https:\/\/www.cuchillalia.com\/en\/"},{"@type":"ListItem","position":2,"name":"Tienda","item":"https:\/\/www.cuchillalia.com\/tienda\/"},{"@type":"ListItem","position":3,"name":"Marcas","item":"https:\/\/www.cuchillalia.com\/categoria\/marcas\/"},{"@type":"ListItem","position":4,"name":"Arcos","item":"https:\/\/www.cuchillalia.com\/categoria\/marcas\/arcos\/"},{"@type":"ListItem","position":5,"name":"Cubiertos Arcos","item":"https:\/\/www.cuchillalia.com\/categoria\/marcas\/arcos\/cubiertos-arcos\/"},{"@type":"ListItem","position":6,"name":"Cubiertos Arcos Madrid","item":"https:\/\/www.cuchillalia.com\/categoria\/marcas\/arcos\/cubiertos-arcos\/madrid\/"},{"@type":"ListItem","position":7,"name":"Tenedor de mesa &#8211; Arcos Madrid 556100"}]},{"@type":"WebSite","@id":"https:\/\/www.cuchillalia.com\/#website","url":"https:\/\/www.cuchillalia.com\/","name":"Cuchillalia.com","description":"","publisher":{"@id":"https:\/\/www.cuchillalia.com\/#organization"},"potentialAction":[{"@type":"SearchAction","target":{"@type":"EntryPoint","urlTemplate":"https:\/\/www.cuchillalia.com\/?s={search_term_string}"},"query-input":{"@type":"PropertyValueSpecification","valueRequired":true,"valueName":"search_term_string"}}],"inLanguage":"en-US"},{"@type":"Organization","@id":"https:\/\/www.cuchillalia.com\/#organization","name":"Cuchillalia","url":"https:\/\/www.cuchillalia.com\/","logo":{"@type":"ImageObject","inLanguage":"en-US","@id":"https:\/\/www.cuchillalia.com\/#\/schema\/logo\/image\/","url":"https:\/\/www.cuchillalia.com\/wordpress\/wp-content\/uploads\/2021\/03\/logo-cuchillalia-jpg.jpg","contentUrl":"https:\/\/www.cuchillalia.com\/wordpress\/wp-content\/uploads\/2021\/03\/logo-cuchillalia-jpg.jpg","width":276,"height":192,"caption":"Cuchillalia"},"image":{"@id":"https:\/\/www.cuchillalia.com\/#\/schema\/logo\/image\/"},"sameAs":["http:\/\/www.facebook.com\/cuchillalia","https:\/\/x.com\/Cuchillalia"]}]}},"_links":{"self":[{"href":"https:\/\/www.cuchillalia.com\/en\/wp-json\/wp\/v2\/product\/78497","targetHints":{"allow":["GET"]}}],"collection":[{"href":"https:\/\/www.cuchillalia.com\/en\/wp-json\/wp\/v2\/product"}],"about":[{"href":"https:\/\/www.cuchillalia.com\/en\/wp-json\/wp\/v2\/types\/product"}],"replies":[{"embeddable":true,"href":"https:\/\/www.cuchillalia.com\/en\/wp-json\/wp\/v2\/comments?post=78497"}],"wp:featuredmedia":[{"embeddable":true,"href":"https:\/\/www.cuchillalia.com\/en\/wp-json\/wp\/v2\/media\/78641"}],"wp:attachment":[{"href":"https:\/\/www.cuchillalia.com\/en\/wp-json\/wp\/v2\/media?parent=78497"}],"wp:term":[{"taxonomy":"product_brand","embeddable":true,"href":"https:\/\/www.cuchillalia.com\/en\/wp-json\/wp\/v2\/product_brand?post=78497"},{"taxonomy":"product_cat","embeddable":true,"href":"https:\/\/www.cuchillalia.com\/en\/wp-json\/wp\/v2\/product_cat?post=78497"},{"taxonomy":"product_tag","embeddable":true,"href":"https:\/\/www.cuchillalia.com\/en\/wp-json\/wp\/v2\/product_tag?post=78497"}],"curies":[{"name":"wp","href":"https:\/\/api.w.org\/{rel}","templated":true}]}}