{"id":73871,"date":"2019-09-03T18:27:19","date_gmt":"2019-09-03T16:27:19","guid":{"rendered":"https:\/\/www.cuchillalia.com\/?post_type=product&#038;p=73871"},"modified":"2026-03-20T01:37:25","modified_gmt":"2026-03-20T00:37:25","slug":"tijera-cocina-zurdos-pescado-3-claveles-447","status":"publish","type":"product","link":"https:\/\/www.cuchillalia.com\/en\/producto\/tijera-cocina-zurdos-pescado-3-claveles-447\/","title":{"rendered":"Tijeras de cocina para zurdos para pescado de 24 cm &#8211; 3 Claveles Large 447"},"content":{"rendered":"<p><strong>Tijera de cocina para zurdos<\/strong> especialmente adaptada para el uso en pescader\u00edas, en la industria pesquera, carnicer\u00edas e industria alimentaria en general. Es apta <strong>para todo tipo de alimento<\/strong>, pero <strong>especialmente pescado<\/strong>.<\/p>\n<p>La <strong>Tijera 3 Claveles 447<\/strong>, para zurdos, presenta mangos ergon\u00f3micos con dedales sobremoldeados, para poder sujetarla m\u00e1s comodamente con la mano izquierda.<\/p>\n<p>Fabricada en acero inoxidable de <strong>alto rendimiento<\/strong>, la tijera incluye un pr\u00e1ctico <strong>tornillo regulable<\/strong> con tuerca. El filo est\u00e1 microdentado, para un corte seguro y estable.<\/p>\n<h2>Tabla de caracter\u00edsticas tijera de cocina para zurdos 3 Claveles 447<\/h2>\n<div class='tabla-caracteristicas'>\n<div class='fila'><span class='etiqueta'>Nombre comercial:<\/span><span class='valor'><strong>Tijera de cocina pescado Large Zurdos<\/strong><\/span><\/div>\n<div class='fila'><span class='etiqueta'>Fabricante:<\/span><span class='valor'>3 Claveles<\/span><\/div>\n<div class='fila'><span class='etiqueta'>Referencia del fabricante:<\/span><span class='valor'>447<\/span><\/div>\n<div class='fila'><span class='etiqueta'>Material de la hoja:<\/span><span class='valor'>Acero inoxidable<\/span><\/div>\n<div class='fila'><span class='etiqueta'>Tipo de hoja:<\/span><span class='valor'>Filo microdentado<\/span><\/div>\n<div class='fila'><span class='etiqueta'>Acabado:<\/span><span class='valor'>Pulido mate<\/span><\/div>\n<div class='fila'><span class='etiqueta'>Dureza:<\/span><span class='valor'>HRc 53 Rockwell<\/span><\/div>\n<div class='fila'><span class='etiqueta'>Material del mango:<\/span><span class='valor'>Sobremoldeados en pl\u00e1stico<\/span><\/div>\n<div class='fila'><span class='etiqueta'>Tipo de mango:<\/span><span class='valor'>Ergon\u00f3mico<\/span><\/div>\n<div class='fila'><span class='etiqueta'>Medidas:<\/span><span class='valor'>24 cm &#8211; 9,5&#8242;<\/span><\/div>\n<div class='fila'><span class='etiqueta'>\u00bfEs apto para zurdos?:<\/span><span class='valor'>Solo para zurdos<\/span><\/div>\n<div class='fila'><span class='etiqueta'>Peso del producto:<\/span><span class='valor'>208 g<\/span><\/div>\n<div class='fila'><span class='etiqueta'>Producci\u00f3n:<\/span><span class='valor'>Estampaci\u00f3n<\/span><\/div>\n<div class='fila'><span class='etiqueta'>Presentaci\u00f3n del producto:<\/span><span class='valor'>Blister de pl\u00e1stico<\/span><\/div>\n<div class='fila'><span class='etiqueta'>\u00bfEs apto para el lavavajillas?:<\/span><span class='valor'>Si<\/span><\/div>\n<div class='fila'><span class='etiqueta'>\u00bfTiene tornillo de apriete?:<\/span><span class='valor'>Si, para un f\u00e1cil ajuste de la tensi\u00f3n.<\/span><\/div>\n<div class='fila'><span class='etiqueta'>C\u00f3digo de barras (GTIN):<\/span><span class='valor'>8410990004476<\/span><\/div>\n<div class='fila'><span class='etiqueta'>Observaciones:<\/span><span class='valor'>&#8211; Tijera con dedales pl\u00e1sticos sobremoldeados para una sujeci\u00f3n perfecta y c\u00f3moda.<br \/>\n&#8211; Apta para todo tipo de alimentos, especialmente pescado.<br \/>\n&#8211; Filo microdentado para un corte seguro y estable.<br \/>\n&#8211; Tornillo regulable con una tuerca.<br \/>\n&#8211; Gracias a su brazo de palanca robusto se disminuye el esfuerzo en el uso.<br \/>\n&#8211; Apta para el lavavajillas. Como con cualquier otra tijera o cuchillo, se recomienda secar bien despu\u00e9s del lavado.<\/span><\/div>\n<\/div>\n","protected":false},"excerpt":{"rendered":"<p><strong>Tijera de cocina para zurdos<\/strong>, especial para pescado, de <strong>3 Claveles<\/strong>, de 24 cm. Concebida especialmente para su uso en pescader\u00edas, en la industria pesquera, carnicer\u00edas e industria alimentaria en general. Es apta <strong>para todo tipo de alimento<\/strong>, pero <strong>especialmente pescado<\/strong>. Fabricada en acero inoxidable de alto rendimiento, con mango ergon\u00f3mico y filo microdentado.&hellip; <a class=\"kt-excerpt-readmore more-link\" href=\"https:\/\/www.cuchillalia.com\/en\/producto\/tijera-cocina-zurdos-pescado-3-claveles-447\/\" aria-label=\"Tijeras de cocina para zurdos para pescado de 24 cm &#8211; 3 Claveles Large 447\">Read More<\/a><\/p>\n","protected":false},"featured_media":78447,"comment_status":"open","ping_status":"closed","template":"","meta":[],"product_brand":[],"product_cat":[8278,8279,8272],"product_tag":[],"class_list":{"0":"post-73871","1":"product","2":"type-product","3":"status-publish","4":"has-post-thumbnail","6":"product_cat-cocina","7":"product_cat-tijeras-cocina-3-claveles","8":"product_cat-tijeras-zurdos","10":"first","11":"instock","12":"taxable","13":"shipping-taxable","14":"purchasable","15":"product-type-simple"},"yoast_head":"<!-- This site is optimized with the Yoast SEO plugin v27.5 - https:\/\/yoast.com\/product\/yoast-seo-wordpress\/ -->\n<title>Tijera de cocina para zurdos pescado Large | 3 Claveles | Cuchillalia.com<\/title>\n<meta name=\"description\" content=\"Tijera de pescado para zurdos 3 Claveles 447, de acero inoxidable, mango ergon\u00f3mico rojo, con filo microdentado y tornillo regulable.\" \/>\n<meta name=\"robots\" content=\"index, follow, max-snippet:-1, max-image-preview:large, max-video-preview:-1\" \/>\n<link rel=\"canonical\" href=\"https:\/\/www.cuchillalia.com\/producto\/tijera-cocina-zurdos-pescado-3-claveles-447\/\" \/>\n<meta property=\"og:locale\" content=\"en_US\" \/>\n<meta property=\"og:type\" content=\"article\" \/>\n<meta property=\"og:title\" content=\"Tijera de cocina para zurdos pescado Large | 3 Claveles | Cuchillalia.com\" \/>\n<meta property=\"og:description\" content=\"Tijera de pescado para zurdos 3 Claveles 447, de acero inoxidable, mango ergon\u00f3mico rojo, con filo microdentado y tornillo regulable.\" \/>\n<meta property=\"og:url\" content=\"https:\/\/www.cuchillalia.com\/producto\/tijera-cocina-zurdos-pescado-3-claveles-447\/\" \/>\n<meta property=\"og:site_name\" content=\"Cuchillalia.com\" \/>\n<meta property=\"article:publisher\" content=\"http:\/\/www.facebook.com\/cuchillalia\" \/>\n<meta property=\"article:modified_time\" content=\"2026-03-20T00:37:25+00:00\" \/>\n<meta property=\"og:image\" content=\"https:\/\/www.cuchillalia.com\/wordpress\/wp-content\/uploads\/2019\/09\/cuchillalia-3-claveles-00447-tijera-cocina-pescado-zurdos.jpg\" \/>\n\t<meta property=\"og:image:width\" content=\"1600\" \/>\n\t<meta property=\"og:image:height\" content=\"1600\" \/>\n\t<meta property=\"og:image:type\" content=\"image\/jpeg\" \/>\n<meta name=\"twitter:card\" content=\"summary_large_image\" \/>\n<meta name=\"twitter:site\" content=\"@Cuchillalia\" \/>\n<meta name=\"twitter:label1\" content=\"Est. reading time\" \/>\n\t<meta name=\"twitter:data1\" content=\"2 minutes\" \/>\n<!-- \/ Yoast SEO plugin. -->","yoast_head_json":{"title":"Tijera de cocina para zurdos pescado Large | 3 Claveles | Cuchillalia.com","description":"Tijera de pescado para zurdos 3 Claveles 447, de acero inoxidable, mango ergon\u00f3mico rojo, con filo microdentado y tornillo regulable.","robots":{"index":"index","follow":"follow","max-snippet":"max-snippet:-1","max-image-preview":"max-image-preview:large","max-video-preview":"max-video-preview:-1"},"canonical":"https:\/\/www.cuchillalia.com\/producto\/tijera-cocina-zurdos-pescado-3-claveles-447\/","og_locale":"en_US","og_type":"article","og_title":"Tijera de cocina para zurdos pescado Large | 3 Claveles | Cuchillalia.com","og_description":"Tijera de pescado para zurdos 3 Claveles 447, de acero inoxidable, mango ergon\u00f3mico rojo, con filo microdentado y tornillo regulable.","og_url":"https:\/\/www.cuchillalia.com\/producto\/tijera-cocina-zurdos-pescado-3-claveles-447\/","og_site_name":"Cuchillalia.com","article_publisher":"http:\/\/www.facebook.com\/cuchillalia","article_modified_time":"2026-03-20T00:37:25+00:00","og_image":[{"width":1600,"height":1600,"url":"https:\/\/www.cuchillalia.com\/wordpress\/wp-content\/uploads\/2019\/09\/cuchillalia-3-claveles-00447-tijera-cocina-pescado-zurdos.jpg","type":"image\/jpeg"}],"twitter_card":"summary_large_image","twitter_site":"@Cuchillalia","twitter_misc":{"Est. reading time":"2 minutes"},"schema":{"@context":"https:\/\/schema.org","@graph":[{"@type":"WebPage","@id":"https:\/\/www.cuchillalia.com\/producto\/tijera-cocina-zurdos-pescado-3-claveles-447\/","url":"https:\/\/www.cuchillalia.com\/producto\/tijera-cocina-zurdos-pescado-3-claveles-447\/","name":"Tijera de cocina para zurdos pescado Large | 3 Claveles | Cuchillalia.com","isPartOf":{"@id":"https:\/\/www.cuchillalia.com\/#website"},"primaryImageOfPage":{"@id":"https:\/\/www.cuchillalia.com\/producto\/tijera-cocina-zurdos-pescado-3-claveles-447\/#primaryimage"},"image":{"@id":"https:\/\/www.cuchillalia.com\/producto\/tijera-cocina-zurdos-pescado-3-claveles-447\/#primaryimage"},"thumbnailUrl":"https:\/\/www.cuchillalia.com\/wordpress\/wp-content\/uploads\/2019\/09\/cuchillalia-3-claveles-00447-tijera-cocina-pescado-zurdos.jpg","datePublished":"2019-09-03T16:27:19+00:00","dateModified":"2026-03-20T00:37:25+00:00","description":"Tijera de pescado para zurdos 3 Claveles 447, de acero inoxidable, mango ergon\u00f3mico rojo, con filo microdentado y tornillo regulable.","breadcrumb":{"@id":"https:\/\/www.cuchillalia.com\/producto\/tijera-cocina-zurdos-pescado-3-claveles-447\/#breadcrumb"},"inLanguage":"en-US","potentialAction":[{"@type":"ReadAction","target":["https:\/\/www.cuchillalia.com\/producto\/tijera-cocina-zurdos-pescado-3-claveles-447\/"]}]},{"@type":"ImageObject","inLanguage":"en-US","@id":"https:\/\/www.cuchillalia.com\/producto\/tijera-cocina-zurdos-pescado-3-claveles-447\/#primaryimage","url":"https:\/\/www.cuchillalia.com\/wordpress\/wp-content\/uploads\/2019\/09\/cuchillalia-3-claveles-00447-tijera-cocina-pescado-zurdos.jpg","contentUrl":"https:\/\/www.cuchillalia.com\/wordpress\/wp-content\/uploads\/2019\/09\/cuchillalia-3-claveles-00447-tijera-cocina-pescado-zurdos.jpg","width":1600,"height":1600,"caption":"Cuchillalia - Tijera de cocina para pescado para zurdos Large - 3 Claveles 447"},{"@type":"BreadcrumbList","@id":"https:\/\/www.cuchillalia.com\/producto\/tijera-cocina-zurdos-pescado-3-claveles-447\/#breadcrumb","itemListElement":[{"@type":"ListItem","position":1,"name":"Cuchillalia","item":"https:\/\/www.cuchillalia.com\/en\/"},{"@type":"ListItem","position":2,"name":"Tienda","item":"https:\/\/www.cuchillalia.com\/tienda\/"},{"@type":"ListItem","position":3,"name":"Marcas","item":"https:\/\/www.cuchillalia.com\/categoria\/marcas\/"},{"@type":"ListItem","position":4,"name":"3 Claveles","item":"https:\/\/www.cuchillalia.com\/categoria\/marcas\/3-claveles\/"},{"@type":"ListItem","position":5,"name":"Tijeras de cocina 3 Claveles","item":"https:\/\/www.cuchillalia.com\/categoria\/marcas\/3-claveles\/tijeras-cocina-3-claveles\/"},{"@type":"ListItem","position":6,"name":"Tijeras de cocina para zurdos para pescado de 24 cm &#8211; 3 Claveles Large 447"}]},{"@type":"WebSite","@id":"https:\/\/www.cuchillalia.com\/#website","url":"https:\/\/www.cuchillalia.com\/","name":"Cuchillalia.com","description":"","publisher":{"@id":"https:\/\/www.cuchillalia.com\/#organization"},"potentialAction":[{"@type":"SearchAction","target":{"@type":"EntryPoint","urlTemplate":"https:\/\/www.cuchillalia.com\/?s={search_term_string}"},"query-input":{"@type":"PropertyValueSpecification","valueRequired":true,"valueName":"search_term_string"}}],"inLanguage":"en-US"},{"@type":"Organization","@id":"https:\/\/www.cuchillalia.com\/#organization","name":"Cuchillalia","url":"https:\/\/www.cuchillalia.com\/","logo":{"@type":"ImageObject","inLanguage":"en-US","@id":"https:\/\/www.cuchillalia.com\/#\/schema\/logo\/image\/","url":"https:\/\/www.cuchillalia.com\/wordpress\/wp-content\/uploads\/2021\/03\/logo-cuchillalia-jpg.jpg","contentUrl":"https:\/\/www.cuchillalia.com\/wordpress\/wp-content\/uploads\/2021\/03\/logo-cuchillalia-jpg.jpg","width":276,"height":192,"caption":"Cuchillalia"},"image":{"@id":"https:\/\/www.cuchillalia.com\/#\/schema\/logo\/image\/"},"sameAs":["http:\/\/www.facebook.com\/cuchillalia","https:\/\/x.com\/Cuchillalia"]}]}},"_links":{"self":[{"href":"https:\/\/www.cuchillalia.com\/en\/wp-json\/wp\/v2\/product\/73871","targetHints":{"allow":["GET"]}}],"collection":[{"href":"https:\/\/www.cuchillalia.com\/en\/wp-json\/wp\/v2\/product"}],"about":[{"href":"https:\/\/www.cuchillalia.com\/en\/wp-json\/wp\/v2\/types\/product"}],"replies":[{"embeddable":true,"href":"https:\/\/www.cuchillalia.com\/en\/wp-json\/wp\/v2\/comments?post=73871"}],"wp:featuredmedia":[{"embeddable":true,"href":"https:\/\/www.cuchillalia.com\/en\/wp-json\/wp\/v2\/media\/78447"}],"wp:attachment":[{"href":"https:\/\/www.cuchillalia.com\/en\/wp-json\/wp\/v2\/media?parent=73871"}],"wp:term":[{"taxonomy":"product_brand","embeddable":true,"href":"https:\/\/www.cuchillalia.com\/en\/wp-json\/wp\/v2\/product_brand?post=73871"},{"taxonomy":"product_cat","embeddable":true,"href":"https:\/\/www.cuchillalia.com\/en\/wp-json\/wp\/v2\/product_cat?post=73871"},{"taxonomy":"product_tag","embeddable":true,"href":"https:\/\/www.cuchillalia.com\/en\/wp-json\/wp\/v2\/product_tag?post=73871"}],"curies":[{"name":"wp","href":"https:\/\/api.w.org\/{rel}","templated":true}]}}