{"id":6748,"date":"2016-05-07T20:20:31","date_gmt":"2016-05-07T18:20:31","guid":{"rendered":"http:\/\/www.cuchillalia.com\/tienda\/3-claveles-8158-cuchillo-deshuesar-ancho-proflex-18cm-azul\/"},"modified":"2026-01-12T16:32:04","modified_gmt":"2026-01-12T15:32:04","slug":"3-claveles-8158-cuchillo-deshuesar-ancho-proflex-18cm-azul","status":"publish","type":"product","link":"https:\/\/www.cuchillalia.com\/en\/producto\/3-claveles-8158-cuchillo-deshuesar-ancho-proflex-18cm-azul\/","title":{"rendered":"Cuchillo deshuesador ancho de 18 cm con mango azul &#8211; 3 Claveles Proflex 8158"},"content":{"rendered":"<p><strong>Cuchillo deshuesador ancho de 18 cm<\/strong>, con <strong>mango Azul<\/strong>, <strong>3 Claveles<\/strong>, referencia <strong>8158<\/strong>.<\/p>\n<p><img class='imagen-sin-borde aligncenter wp-image-3198 size-thumbnail' title='Logo 3 Claveles Proflex' src='https:\/\/www.cuchillalia.com\/wordpress\/wp-content\/uploads\/2015\/03\/Logo-3-Claveles-Proflex1-150x100.png' alt='Logo 3 Claveles Proflex' width='150' height='100' \/><img class='imagen-sin-borde aligncenter wp-image-6733 size-thumbnail' title='Logo Microban' src='https:\/\/www.cuchillalia.com\/wordpress\/wp-content\/uploads\/2016\/05\/Logo-Microban-150x40.png' alt='Logo Microban' width='150' height='40' \/><\/p>\n<p>Este modelo de cuchillo de alta calidad re\u00fane las propiedades de:<\/p>\n<ul>\n<li><strong>PROFLEX,\u00a0<\/strong>material termopl\u00e1stico de alta calidad que resulta en un mango\u00a0<strong>ergon\u00f3mico<\/strong>, reduciendo las sobrecargas en m\u00fasculos y articulaciones de la mano, <strong>seguro<\/strong>, gracias a su mejorada sujeci\u00f3n antiadherente y <strong>estable<\/strong> en un amplio rango de temperatura y humedad.<\/li>\n<li><strong>MICROBAN<\/strong>\u00a0tecnolog\u00eda antibacteriana.<\/li>\n<\/ul>\n<p><img class='imagen-sin-borde aligncenter wp-image-6741 size-thumbnail' title='Logo NSF' src='https:\/\/www.cuchillalia.com\/wordpress\/wp-content\/uploads\/2016\/05\/Logo-NSF-150x71.png' alt='Logo NSF' width='150' height='71' \/><\/p>\n<p>Cuchillo con <strong>Certificaci\u00f3n Sanitaria NSF<\/strong> (National Sanitary Foundation), que es una organizaci\u00f3n independiente no gubernamental, l\u00edder a nivel mundial, que avala la seguridad de la salud p\u00fablica.<\/p>\n<p>Cuchillo dise\u00f1ado para un <strong>uso intensivo<\/strong> en los sectores profesionales m\u00e1s exigentes.<\/p>\n<h2>Tabla de caracter\u00edsticas del Cuchillo de Deshuesar 3 Claveles 8158 18 cm Azul<\/h2>\n<div class='tabla-caracteristicas'>\n<div class='fila'><span class='etiqueta'>Nombre comercial:<\/span><span class='valor'><strong>Cuchillo deshuesador ancho 18 cm Proflex azul<\/strong><\/span><\/div>\n<div class='fila'><span class='etiqueta'>Fabricante:<\/span><span class='valor'>3 Claveles<\/span><\/div>\n<div class='fila'><span class='etiqueta'>Referencia del fabricante:<\/span><span class='valor'>8158<\/span><\/div>\n<div class='fila'><span class='etiqueta'>Longitud de la hoja:<\/span><span class='valor'>18 cm<\/span><\/div>\n<div class='fila'><span class='etiqueta'>Longitud del mango:<\/span><span class='valor'>15 cm<\/span><\/div>\n<div class='fila'><span class='etiqueta'>Material de la hoja:<\/span><span class='valor'>Acero inoxidable<\/span><\/div>\n<div class='fila'><span class='etiqueta'>Acabado:<\/span><span class='valor'>Pulido semi mate<\/span><\/div>\n<div class='fila'><span class='etiqueta'>Dureza:<\/span><span class='valor'>HRc 56 Rockwell<\/span><\/div>\n<div class='fila'><span class='etiqueta'>Material del mango:<\/span><span class='valor'>Polipropileno azul<\/span><\/div>\n<div class='fila'><span class='etiqueta'>Tipo de mango:<\/span><span class='valor'>Mango inyectado ergon\u00f3mico con superficie de alta adherencia (Proflex) y tratamiento Microban<\/span><\/div>\n<div class='fila'><span class='etiqueta'>\u00bfEs apto para zurdos?:<\/span><span class='valor'>Para diestros y zurdos<\/span><\/div>\n<div class='fila'><span class='etiqueta'>Peso del producto:<\/span><span class='valor'>139 g<\/span><\/div>\n<div class='fila'><span class='etiqueta'>Producci\u00f3n:<\/span><span class='valor'>Estampaci\u00f3n<\/span><\/div>\n<div class='fila'><span class='etiqueta'>Presentaci\u00f3n del producto:<\/span><span class='valor'>Funda de pl\u00e1stico para la hoja<\/span><\/div>\n<div class='fila'><span class='etiqueta'>\u00bfEs apto para el lavavajillas?:<\/span><span class='valor'>Si<\/span><\/div>\n<div class='fila'><span class='etiqueta'>C\u00f3digo de barras (GTIN):<\/span><span class='valor'>8410990081583<\/span><\/div>\n<\/div>\n","protected":false},"excerpt":{"rendered":"<p><strong>Cuchillo de deshuesar (deshuesador) de 18 cm<\/strong> de hoja, con <em>mango de Proflex polipropileno azul<\/em>, referencia <strong>8158<\/strong> de <strong>3 Claveles<\/strong>.&hellip; <a class=\"kt-excerpt-readmore more-link\" href=\"https:\/\/www.cuchillalia.com\/en\/producto\/3-claveles-8158-cuchillo-deshuesar-ancho-proflex-18cm-azul\/\" aria-label=\"Cuchillo deshuesador ancho de 18 cm con mango azul &#8211; 3 Claveles Proflex 8158\">Read More<\/a><\/p>\n","protected":false},"featured_media":6728,"comment_status":"open","ping_status":"closed","template":"","meta":[],"product_brand":[],"product_cat":[8295,8327],"product_tag":[],"class_list":{"0":"post-6748","1":"product","2":"type-product","3":"status-publish","4":"has-post-thumbnail","6":"product_cat-deshuesadores","7":"product_cat-proflex","9":"first","10":"instock","11":"taxable","12":"shipping-taxable","13":"purchasable","14":"product-type-simple"},"yoast_head":"<!-- This site is optimized with the Yoast SEO plugin v27.5 - https:\/\/yoast.com\/product\/yoast-seo-wordpress\/ -->\n<title>Cuchillo Deshuesador Ancho 3 Claveles 8158 PROFLEX 18cm Azul - Cuchillalia<\/title>\n<meta name=\"description\" content=\"Cuchillo de Deshuesar Ancho 3 Claveles 8158, de 18 cm de hoja, con mango anat\u00f3mico de Polipropileno - Proflex color azul. Presentado con funda hoja.\" \/>\n<meta name=\"robots\" content=\"index, follow, max-snippet:-1, max-image-preview:large, max-video-preview:-1\" \/>\n<link rel=\"canonical\" href=\"https:\/\/www.cuchillalia.com\/producto\/3-claveles-8158-cuchillo-deshuesar-ancho-proflex-18cm-azul\/\" \/>\n<meta property=\"og:locale\" content=\"en_US\" \/>\n<meta property=\"og:type\" content=\"article\" \/>\n<meta property=\"og:title\" content=\"Cuchillo Deshuesador Ancho 3 Claveles 8158 PROFLEX 18cm Azul - Cuchillalia\" \/>\n<meta property=\"og:description\" content=\"Cuchillo de Deshuesar Ancho 3 Claveles 8158, de 18 cm de hoja, con mango anat\u00f3mico de Polipropileno - Proflex color azul. Presentado con funda hoja.\" \/>\n<meta property=\"og:url\" content=\"https:\/\/www.cuchillalia.com\/producto\/3-claveles-8158-cuchillo-deshuesar-ancho-proflex-18cm-azul\/\" \/>\n<meta property=\"og:site_name\" content=\"Cuchillalia.com\" \/>\n<meta property=\"article:publisher\" content=\"http:\/\/www.facebook.com\/cuchillalia\" \/>\n<meta property=\"article:modified_time\" content=\"2026-01-12T15:32:04+00:00\" \/>\n<meta property=\"og:image\" content=\"https:\/\/www.cuchillalia.com\/wordpress\/wp-content\/uploads\/2016\/05\/3-claveles-08158-cuchillo-deshuesar-ancho-18cm-azul.jpg\" \/>\n\t<meta property=\"og:image:width\" content=\"1600\" \/>\n\t<meta property=\"og:image:height\" content=\"1600\" \/>\n\t<meta property=\"og:image:type\" content=\"image\/jpeg\" \/>\n<meta name=\"twitter:card\" content=\"summary_large_image\" \/>\n<meta name=\"twitter:site\" content=\"@Cuchillalia\" \/>\n<meta name=\"twitter:label1\" content=\"Est. reading time\" \/>\n\t<meta name=\"twitter:data1\" content=\"1 minute\" \/>\n<!-- \/ Yoast SEO plugin. -->","yoast_head_json":{"title":"Cuchillo Deshuesador Ancho 3 Claveles 8158 PROFLEX 18cm Azul - Cuchillalia","description":"Cuchillo de Deshuesar Ancho 3 Claveles 8158, de 18 cm de hoja, con mango anat\u00f3mico de Polipropileno - Proflex color azul. Presentado con funda hoja.","robots":{"index":"index","follow":"follow","max-snippet":"max-snippet:-1","max-image-preview":"max-image-preview:large","max-video-preview":"max-video-preview:-1"},"canonical":"https:\/\/www.cuchillalia.com\/producto\/3-claveles-8158-cuchillo-deshuesar-ancho-proflex-18cm-azul\/","og_locale":"en_US","og_type":"article","og_title":"Cuchillo Deshuesador Ancho 3 Claveles 8158 PROFLEX 18cm Azul - Cuchillalia","og_description":"Cuchillo de Deshuesar Ancho 3 Claveles 8158, de 18 cm de hoja, con mango anat\u00f3mico de Polipropileno - Proflex color azul. Presentado con funda hoja.","og_url":"https:\/\/www.cuchillalia.com\/producto\/3-claveles-8158-cuchillo-deshuesar-ancho-proflex-18cm-azul\/","og_site_name":"Cuchillalia.com","article_publisher":"http:\/\/www.facebook.com\/cuchillalia","article_modified_time":"2026-01-12T15:32:04+00:00","og_image":[{"width":1600,"height":1600,"url":"https:\/\/www.cuchillalia.com\/wordpress\/wp-content\/uploads\/2016\/05\/3-claveles-08158-cuchillo-deshuesar-ancho-18cm-azul.jpg","type":"image\/jpeg"}],"twitter_card":"summary_large_image","twitter_site":"@Cuchillalia","twitter_misc":{"Est. reading time":"1 minute"},"schema":{"@context":"https:\/\/schema.org","@graph":[{"@type":"WebPage","@id":"https:\/\/www.cuchillalia.com\/producto\/3-claveles-8158-cuchillo-deshuesar-ancho-proflex-18cm-azul\/","url":"https:\/\/www.cuchillalia.com\/producto\/3-claveles-8158-cuchillo-deshuesar-ancho-proflex-18cm-azul\/","name":"Cuchillo Deshuesador Ancho 3 Claveles 8158 PROFLEX 18cm Azul - Cuchillalia","isPartOf":{"@id":"https:\/\/www.cuchillalia.com\/#website"},"primaryImageOfPage":{"@id":"https:\/\/www.cuchillalia.com\/producto\/3-claveles-8158-cuchillo-deshuesar-ancho-proflex-18cm-azul\/#primaryimage"},"image":{"@id":"https:\/\/www.cuchillalia.com\/producto\/3-claveles-8158-cuchillo-deshuesar-ancho-proflex-18cm-azul\/#primaryimage"},"thumbnailUrl":"https:\/\/www.cuchillalia.com\/wordpress\/wp-content\/uploads\/2016\/05\/3-claveles-08158-cuchillo-deshuesar-ancho-18cm-azul.jpg","datePublished":"2016-05-07T18:20:31+00:00","dateModified":"2026-01-12T15:32:04+00:00","description":"Cuchillo de Deshuesar Ancho 3 Claveles 8158, de 18 cm de hoja, con mango anat\u00f3mico de Polipropileno - Proflex color azul. Presentado con funda hoja.","breadcrumb":{"@id":"https:\/\/www.cuchillalia.com\/producto\/3-claveles-8158-cuchillo-deshuesar-ancho-proflex-18cm-azul\/#breadcrumb"},"inLanguage":"en-US","potentialAction":[{"@type":"ReadAction","target":["https:\/\/www.cuchillalia.com\/producto\/3-claveles-8158-cuchillo-deshuesar-ancho-proflex-18cm-azul\/"]}]},{"@type":"ImageObject","inLanguage":"en-US","@id":"https:\/\/www.cuchillalia.com\/producto\/3-claveles-8158-cuchillo-deshuesar-ancho-proflex-18cm-azul\/#primaryimage","url":"https:\/\/www.cuchillalia.com\/wordpress\/wp-content\/uploads\/2016\/05\/3-claveles-08158-cuchillo-deshuesar-ancho-18cm-azul.jpg","contentUrl":"https:\/\/www.cuchillalia.com\/wordpress\/wp-content\/uploads\/2016\/05\/3-claveles-08158-cuchillo-deshuesar-ancho-18cm-azul.jpg","width":1600,"height":1600,"caption":"3 Claveles 8158 - Cuchillo Deshuesar Ancho PROFLEX 18cm - Mango Azul"},{"@type":"BreadcrumbList","@id":"https:\/\/www.cuchillalia.com\/producto\/3-claveles-8158-cuchillo-deshuesar-ancho-proflex-18cm-azul\/#breadcrumb","itemListElement":[{"@type":"ListItem","position":1,"name":"Cuchillalia","item":"https:\/\/www.cuchillalia.com\/en\/"},{"@type":"ListItem","position":2,"name":"Tienda","item":"https:\/\/www.cuchillalia.com\/tienda\/"},{"@type":"ListItem","position":3,"name":"Marcas","item":"https:\/\/www.cuchillalia.com\/categoria\/marcas\/"},{"@type":"ListItem","position":4,"name":"3 Claveles","item":"https:\/\/www.cuchillalia.com\/categoria\/marcas\/3-claveles\/"},{"@type":"ListItem","position":5,"name":"Serie 3 Claveles Proflex","item":"https:\/\/www.cuchillalia.com\/categoria\/marcas\/3-claveles\/proflex\/"},{"@type":"ListItem","position":6,"name":"Cuchillo deshuesador ancho de 18 cm con mango azul &#8211; 3 Claveles Proflex 8158"}]},{"@type":"WebSite","@id":"https:\/\/www.cuchillalia.com\/#website","url":"https:\/\/www.cuchillalia.com\/","name":"Cuchillalia.com","description":"","publisher":{"@id":"https:\/\/www.cuchillalia.com\/#organization"},"potentialAction":[{"@type":"SearchAction","target":{"@type":"EntryPoint","urlTemplate":"https:\/\/www.cuchillalia.com\/?s={search_term_string}"},"query-input":{"@type":"PropertyValueSpecification","valueRequired":true,"valueName":"search_term_string"}}],"inLanguage":"en-US"},{"@type":"Organization","@id":"https:\/\/www.cuchillalia.com\/#organization","name":"Cuchillalia","url":"https:\/\/www.cuchillalia.com\/","logo":{"@type":"ImageObject","inLanguage":"en-US","@id":"https:\/\/www.cuchillalia.com\/#\/schema\/logo\/image\/","url":"https:\/\/www.cuchillalia.com\/wordpress\/wp-content\/uploads\/2021\/03\/logo-cuchillalia-jpg.jpg","contentUrl":"https:\/\/www.cuchillalia.com\/wordpress\/wp-content\/uploads\/2021\/03\/logo-cuchillalia-jpg.jpg","width":276,"height":192,"caption":"Cuchillalia"},"image":{"@id":"https:\/\/www.cuchillalia.com\/#\/schema\/logo\/image\/"},"sameAs":["http:\/\/www.facebook.com\/cuchillalia","https:\/\/x.com\/Cuchillalia"]}]}},"_links":{"self":[{"href":"https:\/\/www.cuchillalia.com\/en\/wp-json\/wp\/v2\/product\/6748","targetHints":{"allow":["GET"]}}],"collection":[{"href":"https:\/\/www.cuchillalia.com\/en\/wp-json\/wp\/v2\/product"}],"about":[{"href":"https:\/\/www.cuchillalia.com\/en\/wp-json\/wp\/v2\/types\/product"}],"replies":[{"embeddable":true,"href":"https:\/\/www.cuchillalia.com\/en\/wp-json\/wp\/v2\/comments?post=6748"}],"wp:featuredmedia":[{"embeddable":true,"href":"https:\/\/www.cuchillalia.com\/en\/wp-json\/wp\/v2\/media\/6728"}],"wp:attachment":[{"href":"https:\/\/www.cuchillalia.com\/en\/wp-json\/wp\/v2\/media?parent=6748"}],"wp:term":[{"taxonomy":"product_brand","embeddable":true,"href":"https:\/\/www.cuchillalia.com\/en\/wp-json\/wp\/v2\/product_brand?post=6748"},{"taxonomy":"product_cat","embeddable":true,"href":"https:\/\/www.cuchillalia.com\/en\/wp-json\/wp\/v2\/product_cat?post=6748"},{"taxonomy":"product_tag","embeddable":true,"href":"https:\/\/www.cuchillalia.com\/en\/wp-json\/wp\/v2\/product_tag?post=6748"}],"curies":[{"name":"wp","href":"https:\/\/api.w.org\/{rel}","templated":true}]}}