{"id":6599,"date":"2016-05-05T10:21:23","date_gmt":"2016-05-05T08:21:23","guid":{"rendered":"http:\/\/www.cuchillalia.com\/tienda\/3-claveles-1175-espatula-ancha-cocinero-12x13cm\/"},"modified":"2025-07-03T20:11:50","modified_gmt":"2025-07-03T18:11:50","slug":"3-claveles-1175-espatula-ancha-cocinero-12x13cm","status":"publish","type":"product","link":"https:\/\/www.cuchillalia.com\/en\/producto\/3-claveles-1175-espatula-ancha-cocinero-12x13cm\/","title":{"rendered":"Esp\u00e1tula ancha de cocinero de 12&#215;13 cm &#8211; 3 Claveles 1175"},"content":{"rendered":"<h2>Tabla de caracter\u00edsticas Esp\u00e1tula Ancha Cocinero 12x13cm 3 Claveles 1175<\/h2>\n<div class='tabla-caracteristicas'>\n<div class='fila'><span class='etiqueta'>Nombre comercial:<\/span><span class='valor'><strong>Esp\u00e1tula ancha 12&#215;13 cm Uniblock<\/strong><\/span><\/div>\n<div class='fila'><span class='etiqueta'>Fabricante:<\/span><span class='valor'>3 Claveles<\/span><\/div>\n<div class='fila'><span class='etiqueta'>Referencia del fabricante:<\/span><span class='valor'>1175<\/span><\/div>\n<div class='fila'><span class='etiqueta'>Longitud de la hoja:<\/span><span class='valor'>12&#215;13 cm<\/span><\/div>\n<div class='fila'><span class='etiqueta'>Material de la hoja:<\/span><span class='valor'>Acero inoxidable<\/span><\/div>\n<div class='fila'><span class='etiqueta'>Acabado:<\/span><span class='valor'>Pulido mate<\/span><\/div>\n<div class='fila'><span class='etiqueta'>Material del mango:<\/span><span class='valor'>POM (polioximetileno) de color negro<\/span><\/div>\n<div class='fila'><span class='etiqueta'>\u00bfEs apto para zurdos?:<\/span><span class='valor'>Para diestros y zurdos<\/span><\/div>\n<div class='fila'><span class='etiqueta'>Peso del producto:<\/span><span class='valor'>190 g<\/span><\/div>\n<div class='fila'><span class='etiqueta'>Producci\u00f3n:<\/span><span class='valor'>Estampaci\u00f3n<\/span><\/div>\n<div class='fila'><span class='etiqueta'>Presentaci\u00f3n del producto:<\/span><span class='valor'>Blister de pl\u00e1stico<\/span><\/div>\n<div class='fila'><span class='etiqueta'>\u00bfEs apto para el lavavajillas?:<\/span><span class='valor'>Si<\/span><\/div>\n<div class='fila'><span class='etiqueta'>C\u00f3digo de barras (GTIN):<\/span><span class='valor'>8410990011757<\/span><\/div>\n<\/div>\n","protected":false},"excerpt":{"rendered":"<p><strong>Esp\u00e1tula ancha para cocinero<\/strong> <strong>3 Claveles 1175<\/strong>\u00a0de 12&#215;13 cm, hoja en acero inoxidable, de la serie <strong>Uniblock<\/strong>, mango fabricado en <em>POM<\/em> con 3 remaches.&hellip; <a class=\"kt-excerpt-readmore more-link\" href=\"https:\/\/www.cuchillalia.com\/en\/producto\/3-claveles-1175-espatula-ancha-cocinero-12x13cm\/\" aria-label=\"Esp\u00e1tula ancha de cocinero de 12&#215;13 cm &#8211; 3 Claveles 1175\">Read More<\/a><\/p>\n","protected":false},"featured_media":6598,"comment_status":"open","ping_status":"closed","template":"","meta":[],"product_brand":[],"product_cat":[8284,8304],"product_tag":[],"class_list":{"0":"post-6599","1":"product","2":"type-product","3":"status-publish","4":"has-post-thumbnail","6":"product_cat-accesorios-3-claveles","7":"product_cat-espatulas","9":"first","10":"instock","11":"taxable","12":"shipping-taxable","13":"purchasable","14":"product-type-simple"},"yoast_head":"<!-- This site is optimized with the Yoast SEO plugin v27.5 - https:\/\/yoast.com\/product\/yoast-seo-wordpress\/ -->\n<title>Esp\u00e1tula Ancha Cocinero 12x13cm 3 Claveles 1175 - Cuchillalia<\/title>\n<meta name=\"description\" content=\"Esp\u00e1tula Ancha para Cocinero, 3 Claveles 1175 de 12x13cm, hoja en Acero Inoxidable, de la serie Uniblock, mango fabricado en POM con 3 remaches.\" \/>\n<meta name=\"robots\" content=\"index, follow, max-snippet:-1, max-image-preview:large, max-video-preview:-1\" \/>\n<link rel=\"canonical\" href=\"https:\/\/www.cuchillalia.com\/producto\/3-claveles-1175-espatula-ancha-cocinero-12x13cm\/\" \/>\n<meta property=\"og:locale\" content=\"en_US\" \/>\n<meta property=\"og:type\" content=\"article\" \/>\n<meta property=\"og:title\" content=\"Esp\u00e1tula Ancha Cocinero 12x13cm 3 Claveles 1175 - Cuchillalia\" \/>\n<meta property=\"og:description\" content=\"Esp\u00e1tula Ancha para Cocinero, 3 Claveles 1175 de 12x13cm, hoja en Acero Inoxidable, de la serie Uniblock, mango fabricado en POM con 3 remaches.\" \/>\n<meta property=\"og:url\" content=\"https:\/\/www.cuchillalia.com\/producto\/3-claveles-1175-espatula-ancha-cocinero-12x13cm\/\" \/>\n<meta property=\"og:site_name\" content=\"Cuchillalia.com\" \/>\n<meta property=\"article:publisher\" content=\"http:\/\/www.facebook.com\/cuchillalia\" \/>\n<meta property=\"article:modified_time\" content=\"2025-07-03T18:11:50+00:00\" \/>\n<meta property=\"og:image\" content=\"https:\/\/www.cuchillalia.com\/wordpress\/wp-content\/uploads\/2015\/02\/3-claveles-01175-espatula-ancha-12x13-cm.jpg\" \/>\n\t<meta property=\"og:image:width\" content=\"1600\" \/>\n\t<meta property=\"og:image:height\" content=\"1600\" \/>\n\t<meta property=\"og:image:type\" content=\"image\/jpeg\" \/>\n<meta name=\"twitter:card\" content=\"summary_large_image\" \/>\n<meta name=\"twitter:site\" content=\"@Cuchillalia\" \/>\n<!-- \/ Yoast SEO plugin. -->","yoast_head_json":{"title":"Esp\u00e1tula Ancha Cocinero 12x13cm 3 Claveles 1175 - Cuchillalia","description":"Esp\u00e1tula Ancha para Cocinero, 3 Claveles 1175 de 12x13cm, hoja en Acero Inoxidable, de la serie Uniblock, mango fabricado en POM con 3 remaches.","robots":{"index":"index","follow":"follow","max-snippet":"max-snippet:-1","max-image-preview":"max-image-preview:large","max-video-preview":"max-video-preview:-1"},"canonical":"https:\/\/www.cuchillalia.com\/producto\/3-claveles-1175-espatula-ancha-cocinero-12x13cm\/","og_locale":"en_US","og_type":"article","og_title":"Esp\u00e1tula Ancha Cocinero 12x13cm 3 Claveles 1175 - Cuchillalia","og_description":"Esp\u00e1tula Ancha para Cocinero, 3 Claveles 1175 de 12x13cm, hoja en Acero Inoxidable, de la serie Uniblock, mango fabricado en POM con 3 remaches.","og_url":"https:\/\/www.cuchillalia.com\/producto\/3-claveles-1175-espatula-ancha-cocinero-12x13cm\/","og_site_name":"Cuchillalia.com","article_publisher":"http:\/\/www.facebook.com\/cuchillalia","article_modified_time":"2025-07-03T18:11:50+00:00","og_image":[{"width":1600,"height":1600,"url":"https:\/\/www.cuchillalia.com\/wordpress\/wp-content\/uploads\/2015\/02\/3-claveles-01175-espatula-ancha-12x13-cm.jpg","type":"image\/jpeg"}],"twitter_card":"summary_large_image","twitter_site":"@Cuchillalia","schema":{"@context":"https:\/\/schema.org","@graph":[{"@type":"WebPage","@id":"https:\/\/www.cuchillalia.com\/producto\/3-claveles-1175-espatula-ancha-cocinero-12x13cm\/","url":"https:\/\/www.cuchillalia.com\/producto\/3-claveles-1175-espatula-ancha-cocinero-12x13cm\/","name":"Esp\u00e1tula Ancha Cocinero 12x13cm 3 Claveles 1175 - Cuchillalia","isPartOf":{"@id":"https:\/\/www.cuchillalia.com\/#website"},"primaryImageOfPage":{"@id":"https:\/\/www.cuchillalia.com\/producto\/3-claveles-1175-espatula-ancha-cocinero-12x13cm\/#primaryimage"},"image":{"@id":"https:\/\/www.cuchillalia.com\/producto\/3-claveles-1175-espatula-ancha-cocinero-12x13cm\/#primaryimage"},"thumbnailUrl":"https:\/\/www.cuchillalia.com\/wordpress\/wp-content\/uploads\/2015\/02\/3-claveles-01175-espatula-ancha-12x13-cm.jpg","datePublished":"2016-05-05T08:21:23+00:00","dateModified":"2025-07-03T18:11:50+00:00","description":"Esp\u00e1tula Ancha para Cocinero, 3 Claveles 1175 de 12x13cm, hoja en Acero Inoxidable, de la serie Uniblock, mango fabricado en POM con 3 remaches.","breadcrumb":{"@id":"https:\/\/www.cuchillalia.com\/producto\/3-claveles-1175-espatula-ancha-cocinero-12x13cm\/#breadcrumb"},"inLanguage":"en-US","potentialAction":[{"@type":"ReadAction","target":["https:\/\/www.cuchillalia.com\/producto\/3-claveles-1175-espatula-ancha-cocinero-12x13cm\/"]}]},{"@type":"ImageObject","inLanguage":"en-US","@id":"https:\/\/www.cuchillalia.com\/producto\/3-claveles-1175-espatula-ancha-cocinero-12x13cm\/#primaryimage","url":"https:\/\/www.cuchillalia.com\/wordpress\/wp-content\/uploads\/2015\/02\/3-claveles-01175-espatula-ancha-12x13-cm.jpg","contentUrl":"https:\/\/www.cuchillalia.com\/wordpress\/wp-content\/uploads\/2015\/02\/3-claveles-01175-espatula-ancha-12x13-cm.jpg","width":1600,"height":1600,"caption":"Esp\u00e1tula Cocinero Ancha 12x13cm 3 Claveles 1175"},{"@type":"BreadcrumbList","@id":"https:\/\/www.cuchillalia.com\/producto\/3-claveles-1175-espatula-ancha-cocinero-12x13cm\/#breadcrumb","itemListElement":[{"@type":"ListItem","position":1,"name":"Cuchillalia","item":"https:\/\/www.cuchillalia.com\/en\/"},{"@type":"ListItem","position":2,"name":"Tienda","item":"https:\/\/www.cuchillalia.com\/tienda\/"},{"@type":"ListItem","position":3,"name":"Marcas","item":"https:\/\/www.cuchillalia.com\/categoria\/marcas\/"},{"@type":"ListItem","position":4,"name":"3 Claveles","item":"https:\/\/www.cuchillalia.com\/categoria\/marcas\/3-claveles\/"},{"@type":"ListItem","position":5,"name":"Accesorios de cocina 3 Claveles","item":"https:\/\/www.cuchillalia.com\/categoria\/marcas\/3-claveles\/accesorios-3-claveles\/"},{"@type":"ListItem","position":6,"name":"Esp\u00e1tula ancha de cocinero de 12&#215;13 cm &#8211; 3 Claveles 1175"}]},{"@type":"WebSite","@id":"https:\/\/www.cuchillalia.com\/#website","url":"https:\/\/www.cuchillalia.com\/","name":"Cuchillalia.com","description":"","publisher":{"@id":"https:\/\/www.cuchillalia.com\/#organization"},"potentialAction":[{"@type":"SearchAction","target":{"@type":"EntryPoint","urlTemplate":"https:\/\/www.cuchillalia.com\/?s={search_term_string}"},"query-input":{"@type":"PropertyValueSpecification","valueRequired":true,"valueName":"search_term_string"}}],"inLanguage":"en-US"},{"@type":"Organization","@id":"https:\/\/www.cuchillalia.com\/#organization","name":"Cuchillalia","url":"https:\/\/www.cuchillalia.com\/","logo":{"@type":"ImageObject","inLanguage":"en-US","@id":"https:\/\/www.cuchillalia.com\/#\/schema\/logo\/image\/","url":"https:\/\/www.cuchillalia.com\/wordpress\/wp-content\/uploads\/2021\/03\/logo-cuchillalia-jpg.jpg","contentUrl":"https:\/\/www.cuchillalia.com\/wordpress\/wp-content\/uploads\/2021\/03\/logo-cuchillalia-jpg.jpg","width":276,"height":192,"caption":"Cuchillalia"},"image":{"@id":"https:\/\/www.cuchillalia.com\/#\/schema\/logo\/image\/"},"sameAs":["http:\/\/www.facebook.com\/cuchillalia","https:\/\/x.com\/Cuchillalia"]}]}},"_links":{"self":[{"href":"https:\/\/www.cuchillalia.com\/en\/wp-json\/wp\/v2\/product\/6599","targetHints":{"allow":["GET"]}}],"collection":[{"href":"https:\/\/www.cuchillalia.com\/en\/wp-json\/wp\/v2\/product"}],"about":[{"href":"https:\/\/www.cuchillalia.com\/en\/wp-json\/wp\/v2\/types\/product"}],"replies":[{"embeddable":true,"href":"https:\/\/www.cuchillalia.com\/en\/wp-json\/wp\/v2\/comments?post=6599"}],"wp:featuredmedia":[{"embeddable":true,"href":"https:\/\/www.cuchillalia.com\/en\/wp-json\/wp\/v2\/media\/6598"}],"wp:attachment":[{"href":"https:\/\/www.cuchillalia.com\/en\/wp-json\/wp\/v2\/media?parent=6599"}],"wp:term":[{"taxonomy":"product_brand","embeddable":true,"href":"https:\/\/www.cuchillalia.com\/en\/wp-json\/wp\/v2\/product_brand?post=6599"},{"taxonomy":"product_cat","embeddable":true,"href":"https:\/\/www.cuchillalia.com\/en\/wp-json\/wp\/v2\/product_cat?post=6599"},{"taxonomy":"product_tag","embeddable":true,"href":"https:\/\/www.cuchillalia.com\/en\/wp-json\/wp\/v2\/product_tag?post=6599"}],"curies":[{"name":"wp","href":"https:\/\/api.w.org\/{rel}","templated":true}]}}