{"id":5891,"date":"2016-01-19T16:18:54","date_gmt":"2016-01-19T15:18:54","guid":{"rendered":"http:\/\/www.cuchillalia.com\/tienda\/woll-ppset1-set-3-siliconas-proteccion-sartenes\/"},"modified":"2026-03-20T01:38:52","modified_gmt":"2026-03-20T00:38:52","slug":"protector-sartenes-silicona-woll-ppset1","status":"publish","type":"product","link":"https:\/\/www.cuchillalia.com\/en\/producto\/protector-sartenes-silicona-woll-ppset1\/","title":{"rendered":"Protectores para sartenes de silicona (3 uds) &#8211; Woll PPSET1"},"content":{"rendered":"<p>\u00bfBuscas una soluci\u00f3n para mantener tus sartenes en perfecto estado y aprovechar al m\u00e1ximo el espacio en tu cocina? Te presentamos los <strong>protectores para sartenes de silicona<\/strong> del fabricante alem\u00e1n de sartenes <a href=\"https:\/\/www.cuchillalia.com\/categoria\/marcas\/woll\/\"><strong>Woll<\/strong><\/a>. Este juego de 3 protectores de silicona es la soluci\u00f3n perfecta para proteger tus sartenes y ollas de rasgu\u00f1os y da\u00f1os. Adem\u00e1s, son resistentes al calor hasta 230\u00b0C, por lo que tambi\u00e9n pueden funcionar como <strong>salvamanteles<\/strong>. Con estos protectores, cocinar ser\u00e1 una experiencia m\u00e1s f\u00e1cil, segura y saludable.<\/p>\n<h3><strong>Descubre los protectores de silicona para sartenes de Woll<\/strong><\/h3>\n<ul>\n<li>Fabricados de <strong>silicona<\/strong>, este material es resistente al calor y muy f\u00e1cil de limpiar, incluso en lavavajillas, lo que garantiza una larga vida \u00fatil a tus protectores.<\/li>\n<li>El set lo forman <strong>2 protectores rojos de 35 cm<\/strong> de di\u00e1metro y <strong>1 protector gris de 40 cm<\/strong> de di\u00e1metro. Estas medidas permiten adaptarse a todas las formas de sartenes y cazuelas, protegi\u00e9ndolas de rasgu\u00f1os y permitiendo un almacenamiento eficiente.<\/li>\n<li>Al ser fabricados de silicona, con una <strong>resistencia al calor de hasta 230\u00b0C<\/strong>,\u00a0permite utilizar los protectores como salvamanteles, protegiendo tus superficies de las altas temperaturas.<\/li>\n<li>La <strong>calidad de los productos alemanes<\/strong>, como estos protectores para sartenes, es reconocida a nivel mundial.<\/li>\n<li>Los <strong>protectores vienen en una caja<\/strong>, lo que facilita su almacenamiento cuando no se est\u00e1n utilizando.<\/li>\n<\/ul>\n<h2>Tabla de caracter\u00edsticas set protecci\u00f3n sartenes Woll PPSET1<\/h2>\n<div class=\"tabla-caracteristicas\">\n<div class=\"fila\"><span class=\"etiqueta\">Nombre comercial:<\/span><span class=\"valor\"><strong>Set protectores silicona para sartenes<\/strong><\/span><\/div>\n<div class=\"fila\"><span class=\"etiqueta\">Fabricante:<\/span><span class=\"valor\">Woll<\/span><\/div>\n<div class=\"fila\"><span class=\"etiqueta\">Referencia del fabricante:<\/span><span class=\"valor\">PPSET1<\/span><\/div>\n<div class=\"fila\"><span class=\"etiqueta\">Acabado:<\/span><span class=\"valor\">2 de color rojo.<br \/>\n1 de color gris.<\/span><\/div>\n<div class=\"fila\"><span class=\"etiqueta\">Medidas:<\/span><span class=\"valor\">&#8211; 2 protectores rojos de 35 cm de di\u00e1metro.<br \/>\n&#8211; 1 protector gris de 40 cm de di\u00e1metro.<\/span><\/div>\n<div class=\"fila\"><span class=\"etiqueta\">Material:<\/span><span class=\"valor\">Silicona<\/span><\/div>\n<div class=\"fila\"><span class=\"etiqueta\">Peso del producto:<\/span><span class=\"valor\">Roja: 80 g (2 unidades)<br \/>\nGris: 85 g<\/span><\/div>\n<div class=\"fila\"><span class=\"etiqueta\">Presentaci\u00f3n del producto:<\/span><span class=\"valor\">Caja<\/span><\/div>\n<div class=\"fila\"><span class=\"etiqueta\">\u00bfDonde se fabrica?:<\/span><span class=\"valor\">Alemania<\/span><\/div>\n<div class=\"fila\"><span class=\"etiqueta\">C\u00f3digo de barras (GTIN):<\/span><span class=\"valor\">4054359002426<\/span><\/div>\n<div class=\"fila\"><span class=\"etiqueta\">Observaciones:<\/span><span class=\"valor\">&#8211; Se ajustan a todas las formas de sartenes y cazuelas.<br \/>\n&#8211; Protegen contra rasgu\u00f1os.<br \/>\n&#8211; Ahorran espacio al apilar.<br \/>\n&#8211; Aguantan hasta 230\u00baC.<br \/>\n&#8211; F\u00e1ciles de lavar.<\/span><\/div>\n<\/div>\n<p><a href=\"https:\/\/www.cuchillalia.com\/wordpress\/wp-content\/uploads\/2016\/01\/woll-ppset1-protector-silicona-para-sartenes-ejemplo.jpg\"><img decoding=\"async\" class=\"aligncenter wp-image-5893 size-medium\" title=\"Kit de 3 protectores de silicona para sartenes - Woll PPSET1\" src=\"https:\/\/www.cuchillalia.com\/wordpress\/wp-content\/uploads\/2016\/01\/woll-ppset1-protector-silicona-para-sartenes-ejemplo-300x300.jpg\" alt=\"Kit de 3 protectores de silicona para sartenes - Woll PPSET1\" width=\"300\" height=\"300\" srcset=\"https:\/\/www.cuchillalia.com\/wordpress\/wp-content\/uploads\/2016\/01\/woll-ppset1-protector-silicona-para-sartenes-ejemplo-300x300.jpg 300w, https:\/\/www.cuchillalia.com\/wordpress\/wp-content\/uploads\/2016\/01\/woll-ppset1-protector-silicona-para-sartenes-ejemplo-200x200.jpg 200w, https:\/\/www.cuchillalia.com\/wordpress\/wp-content\/uploads\/2016\/01\/woll-ppset1-protector-silicona-para-sartenes-ejemplo-100x100.jpg 100w, https:\/\/www.cuchillalia.com\/wordpress\/wp-content\/uploads\/2016\/01\/woll-ppset1-protector-silicona-para-sartenes-ejemplo-566x566.jpg 566w, https:\/\/www.cuchillalia.com\/wordpress\/wp-content\/uploads\/2016\/01\/woll-ppset1-protector-silicona-para-sartenes-ejemplo-150x150.jpg 150w, https:\/\/www.cuchillalia.com\/wordpress\/wp-content\/uploads\/2016\/01\/woll-ppset1-protector-silicona-para-sartenes-ejemplo-720x720.jpg 720w, https:\/\/www.cuchillalia.com\/wordpress\/wp-content\/uploads\/2016\/01\/woll-ppset1-protector-silicona-para-sartenes-ejemplo-360x360.jpg 360w, https:\/\/www.cuchillalia.com\/wordpress\/wp-content\/uploads\/2016\/01\/woll-ppset1-protector-silicona-para-sartenes-ejemplo-600x600.jpg 600w, https:\/\/www.cuchillalia.com\/wordpress\/wp-content\/uploads\/2016\/01\/woll-ppset1-protector-silicona-para-sartenes-ejemplo.jpg 800w, https:\/\/www.cuchillalia.com\/wordpress\/wp-content\/uploads\/2016\/01\/woll-ppset1-protector-silicona-para-sartenes-ejemplo-400x400.jpg 400w, https:\/\/www.cuchillalia.com\/wordpress\/wp-content\/uploads\/2016\/01\/woll-ppset1-protector-silicona-para-sartenes-ejemplo-480x480.jpg 480w, https:\/\/www.cuchillalia.com\/wordpress\/wp-content\/uploads\/2016\/01\/woll-ppset1-protector-silicona-para-sartenes-ejemplo-240x240.jpg 240w\" sizes=\"(max-width: 300px) 100vw, 300px\" \/><\/a><\/p>\n","protected":false},"excerpt":{"rendered":"<p>Pr\u00e1cticos <strong>protectores de silicona para sartenes<\/strong>, para poder apilarlas sin da\u00f1arlas. Fabricado en Alemania por <strong>Woll<\/strong>, referencia <strong>PPSET1<\/strong>.&hellip; <a class=\"kt-excerpt-readmore more-link\" href=\"https:\/\/www.cuchillalia.com\/en\/producto\/protector-sartenes-silicona-woll-ppset1\/\" aria-label=\"Protectores para sartenes de silicona (3 uds) &#8211; Woll PPSET1\">Read More<\/a><\/p>\n","protected":false},"featured_media":5893,"comment_status":"open","ping_status":"closed","template":"","meta":[],"product_brand":[],"product_cat":[8415,26278,26277],"product_tag":[],"class_list":{"0":"post-5891","1":"product","2":"type-product","3":"status-publish","4":"has-post-thumbnail","6":"product_cat-accesorios-woll","7":"product_cat-protectores-sartenes","8":"product_cat-salvamanteles","10":"first","11":"instock","12":"taxable","13":"shipping-taxable","14":"purchasable","15":"product-type-simple"},"yoast_head":"<!-- This site is optimized with the Yoast SEO plugin v27.5 - https:\/\/yoast.com\/product\/yoast-seo-wordpress\/ -->\n<title>Protectores de Sartenes de Silicona | Woll PPSET1 | Cuchillalia.com<\/title>\n<meta name=\"description\" content=\"Descubre el set de 3 protectores para sartenes de silicona. Protege tus sartenes de rasgu\u00f1os y ahorra espacio en tu cocina \u00a1f\u00e1cil y seguro!\" \/>\n<meta name=\"robots\" content=\"index, follow, max-snippet:-1, max-image-preview:large, max-video-preview:-1\" \/>\n<link rel=\"canonical\" href=\"https:\/\/www.cuchillalia.com\/producto\/protector-sartenes-silicona-woll-ppset1\/\" \/>\n<meta property=\"og:locale\" content=\"en_US\" \/>\n<meta property=\"og:type\" content=\"article\" \/>\n<meta property=\"og:title\" content=\"Protectores de Sartenes de Silicona | Woll PPSET1 | Cuchillalia.com\" \/>\n<meta property=\"og:description\" content=\"Descubre el set de 3 protectores para sartenes de silicona. Protege tus sartenes de rasgu\u00f1os y ahorra espacio en tu cocina \u00a1f\u00e1cil y seguro!\" \/>\n<meta property=\"og:url\" content=\"https:\/\/www.cuchillalia.com\/producto\/protector-sartenes-silicona-woll-ppset1\/\" \/>\n<meta property=\"og:site_name\" content=\"Cuchillalia.com\" \/>\n<meta property=\"article:publisher\" content=\"http:\/\/www.facebook.com\/cuchillalia\" \/>\n<meta property=\"article:modified_time\" content=\"2026-03-20T00:38:52+00:00\" \/>\n<meta property=\"og:image\" content=\"https:\/\/www.cuchillalia.com\/wordpress\/wp-content\/uploads\/2016\/01\/woll-ppset1-protector-silicona-para-sartenes-ejemplo.jpg\" \/>\n\t<meta property=\"og:image:width\" content=\"800\" \/>\n\t<meta property=\"og:image:height\" content=\"800\" \/>\n\t<meta property=\"og:image:type\" content=\"image\/jpeg\" \/>\n<meta name=\"twitter:card\" content=\"summary_large_image\" \/>\n<meta name=\"twitter:site\" content=\"@Cuchillalia\" \/>\n<meta name=\"twitter:label1\" content=\"Est. reading time\" \/>\n\t<meta name=\"twitter:data1\" content=\"2 minutes\" \/>\n<!-- \/ Yoast SEO plugin. -->","yoast_head_json":{"title":"Protectores de Sartenes de Silicona | Woll PPSET1 | Cuchillalia.com","description":"Descubre el set de 3 protectores para sartenes de silicona. Protege tus sartenes de rasgu\u00f1os y ahorra espacio en tu cocina \u00a1f\u00e1cil y seguro!","robots":{"index":"index","follow":"follow","max-snippet":"max-snippet:-1","max-image-preview":"max-image-preview:large","max-video-preview":"max-video-preview:-1"},"canonical":"https:\/\/www.cuchillalia.com\/producto\/protector-sartenes-silicona-woll-ppset1\/","og_locale":"en_US","og_type":"article","og_title":"Protectores de Sartenes de Silicona | Woll PPSET1 | Cuchillalia.com","og_description":"Descubre el set de 3 protectores para sartenes de silicona. Protege tus sartenes de rasgu\u00f1os y ahorra espacio en tu cocina \u00a1f\u00e1cil y seguro!","og_url":"https:\/\/www.cuchillalia.com\/producto\/protector-sartenes-silicona-woll-ppset1\/","og_site_name":"Cuchillalia.com","article_publisher":"http:\/\/www.facebook.com\/cuchillalia","article_modified_time":"2026-03-20T00:38:52+00:00","og_image":[{"width":800,"height":800,"url":"https:\/\/www.cuchillalia.com\/wordpress\/wp-content\/uploads\/2016\/01\/woll-ppset1-protector-silicona-para-sartenes-ejemplo.jpg","type":"image\/jpeg"}],"twitter_card":"summary_large_image","twitter_site":"@Cuchillalia","twitter_misc":{"Est. reading time":"2 minutes"},"schema":{"@context":"https:\/\/schema.org","@graph":[{"@type":"WebPage","@id":"https:\/\/www.cuchillalia.com\/producto\/protector-sartenes-silicona-woll-ppset1\/","url":"https:\/\/www.cuchillalia.com\/producto\/protector-sartenes-silicona-woll-ppset1\/","name":"Protectores de Sartenes de Silicona | Woll PPSET1 | Cuchillalia.com","isPartOf":{"@id":"https:\/\/www.cuchillalia.com\/#website"},"primaryImageOfPage":{"@id":"https:\/\/www.cuchillalia.com\/producto\/protector-sartenes-silicona-woll-ppset1\/#primaryimage"},"image":{"@id":"https:\/\/www.cuchillalia.com\/producto\/protector-sartenes-silicona-woll-ppset1\/#primaryimage"},"thumbnailUrl":"https:\/\/www.cuchillalia.com\/wordpress\/wp-content\/uploads\/2016\/01\/woll-ppset1-protector-silicona-para-sartenes-ejemplo.jpg","datePublished":"2016-01-19T15:18:54+00:00","dateModified":"2026-03-20T00:38:52+00:00","description":"Descubre el set de 3 protectores para sartenes de silicona. Protege tus sartenes de rasgu\u00f1os y ahorra espacio en tu cocina \u00a1f\u00e1cil y seguro!","breadcrumb":{"@id":"https:\/\/www.cuchillalia.com\/producto\/protector-sartenes-silicona-woll-ppset1\/#breadcrumb"},"inLanguage":"en-US","potentialAction":[{"@type":"ReadAction","target":["https:\/\/www.cuchillalia.com\/producto\/protector-sartenes-silicona-woll-ppset1\/"]}]},{"@type":"ImageObject","inLanguage":"en-US","@id":"https:\/\/www.cuchillalia.com\/producto\/protector-sartenes-silicona-woll-ppset1\/#primaryimage","url":"https:\/\/www.cuchillalia.com\/wordpress\/wp-content\/uploads\/2016\/01\/woll-ppset1-protector-silicona-para-sartenes-ejemplo.jpg","contentUrl":"https:\/\/www.cuchillalia.com\/wordpress\/wp-content\/uploads\/2016\/01\/woll-ppset1-protector-silicona-para-sartenes-ejemplo.jpg","width":800,"height":800,"caption":"Kit de 3 protectores de silicona para sartenes - Woll PPSET1"},{"@type":"BreadcrumbList","@id":"https:\/\/www.cuchillalia.com\/producto\/protector-sartenes-silicona-woll-ppset1\/#breadcrumb","itemListElement":[{"@type":"ListItem","position":1,"name":"Cuchillalia","item":"https:\/\/www.cuchillalia.com\/en\/"},{"@type":"ListItem","position":2,"name":"Tienda","item":"https:\/\/www.cuchillalia.com\/tienda\/"},{"@type":"ListItem","position":3,"name":"Marcas","item":"https:\/\/www.cuchillalia.com\/categoria\/marcas\/"},{"@type":"ListItem","position":4,"name":"Woll","item":"https:\/\/www.cuchillalia.com\/categoria\/marcas\/woll\/"},{"@type":"ListItem","position":5,"name":"Accesorios Woll","item":"https:\/\/www.cuchillalia.com\/categoria\/marcas\/woll\/accesorios-woll\/"},{"@type":"ListItem","position":6,"name":"Protectores para sartenes de silicona (3 uds) &#8211; Woll PPSET1"}]},{"@type":"WebSite","@id":"https:\/\/www.cuchillalia.com\/#website","url":"https:\/\/www.cuchillalia.com\/","name":"Cuchillalia.com","description":"","publisher":{"@id":"https:\/\/www.cuchillalia.com\/#organization"},"potentialAction":[{"@type":"SearchAction","target":{"@type":"EntryPoint","urlTemplate":"https:\/\/www.cuchillalia.com\/?s={search_term_string}"},"query-input":{"@type":"PropertyValueSpecification","valueRequired":true,"valueName":"search_term_string"}}],"inLanguage":"en-US"},{"@type":"Organization","@id":"https:\/\/www.cuchillalia.com\/#organization","name":"Cuchillalia","url":"https:\/\/www.cuchillalia.com\/","logo":{"@type":"ImageObject","inLanguage":"en-US","@id":"https:\/\/www.cuchillalia.com\/#\/schema\/logo\/image\/","url":"https:\/\/www.cuchillalia.com\/wordpress\/wp-content\/uploads\/2021\/03\/logo-cuchillalia-jpg.jpg","contentUrl":"https:\/\/www.cuchillalia.com\/wordpress\/wp-content\/uploads\/2021\/03\/logo-cuchillalia-jpg.jpg","width":276,"height":192,"caption":"Cuchillalia"},"image":{"@id":"https:\/\/www.cuchillalia.com\/#\/schema\/logo\/image\/"},"sameAs":["http:\/\/www.facebook.com\/cuchillalia","https:\/\/x.com\/Cuchillalia"]}]}},"_links":{"self":[{"href":"https:\/\/www.cuchillalia.com\/en\/wp-json\/wp\/v2\/product\/5891","targetHints":{"allow":["GET"]}}],"collection":[{"href":"https:\/\/www.cuchillalia.com\/en\/wp-json\/wp\/v2\/product"}],"about":[{"href":"https:\/\/www.cuchillalia.com\/en\/wp-json\/wp\/v2\/types\/product"}],"replies":[{"embeddable":true,"href":"https:\/\/www.cuchillalia.com\/en\/wp-json\/wp\/v2\/comments?post=5891"}],"wp:featuredmedia":[{"embeddable":true,"href":"https:\/\/www.cuchillalia.com\/en\/wp-json\/wp\/v2\/media\/5893"}],"wp:attachment":[{"href":"https:\/\/www.cuchillalia.com\/en\/wp-json\/wp\/v2\/media?parent=5891"}],"wp:term":[{"taxonomy":"product_brand","embeddable":true,"href":"https:\/\/www.cuchillalia.com\/en\/wp-json\/wp\/v2\/product_brand?post=5891"},{"taxonomy":"product_cat","embeddable":true,"href":"https:\/\/www.cuchillalia.com\/en\/wp-json\/wp\/v2\/product_cat?post=5891"},{"taxonomy":"product_tag","embeddable":true,"href":"https:\/\/www.cuchillalia.com\/en\/wp-json\/wp\/v2\/product_tag?post=5891"}],"curies":[{"name":"wp","href":"https:\/\/api.w.org\/{rel}","templated":true}]}}