{"id":55168,"date":"2018-11-05T16:45:17","date_gmt":"2018-11-05T15:45:17","guid":{"rendered":"https:\/\/www.cuchillalia.com\/?post_type=product&#038;p=55168"},"modified":"2025-07-03T20:14:35","modified_gmt":"2025-07-03T18:14:35","slug":"3-claveles-12623-tijeras-peluqueria-corte-silex","status":"publish","type":"product","link":"https:\/\/www.cuchillalia.com\/en\/producto\/3-claveles-12623-tijeras-peluqueria-corte-silex\/","title":{"rendered":"Tijeras de peluquer\u00eda de corte de 6&#8243; &#8211; 3 Claveles Silex 12623"},"content":{"rendered":"<h2>Tabla de caracter\u00edsticas tijeras de corte 3 Claveles Silex 12623<\/h2>\n<div class='tabla-caracteristicas'>\n<div class='fila'><span class='etiqueta'>Nombre comercial:<\/span><span class='valor'><strong>Silex 6&#8242;<\/strong><\/span><\/div>\n<div class='fila'><span class='etiqueta'>Fabricante:<\/span><span class='valor'>3 Claveles<\/span><\/div>\n<div class='fila'><span class='etiqueta'>Referencia del fabricante:<\/span><span class='valor'>12623<\/span><\/div>\n<div class='fila'><span class='etiqueta'>Tipo de hoja:<\/span><span class='valor'>Vaciado c\u00f3ncavo con filo navaja 40\u00ba<\/span><\/div>\n<div class='fila'><span class='etiqueta'>Acabado:<\/span><span class='valor'>Brillo<\/span><\/div>\n<div class='fila'><span class='etiqueta'>Dureza:<\/span><span class='valor'>HRc 62 Rockwell<\/span><\/div>\n<div class='fila'><span class='etiqueta'>Tipo de mango:<\/span><span class='valor'>Con silenciador y apoyadedos extra\u00edble.<br \/>\nDise\u00f1o ergon\u00f3mico Offset.<\/span><\/div>\n<div class='fila'><span class='etiqueta'>Medidas:<\/span><span class='valor'>15 cm &#8211; 6&#8242;<\/span><\/div>\n<div class='fila'><span class='etiqueta'>Material:<\/span><span class='valor'>Acero inoxidable AISI 440 C<\/span><\/div>\n<div class='fila'><span class='etiqueta'>\u00bfEs apto para zurdos?:<\/span><span class='valor'>Solo para diestros<\/span><\/div>\n<div class='fila'><span class='etiqueta'>Producci\u00f3n:<\/span><span class='valor'>Forjadas en caliente<\/span><\/div>\n<div class='fila'><span class='etiqueta'>Presentaci\u00f3n del producto:<\/span><span class='valor'>Estuche de pl\u00e1stico<\/span><\/div>\n<div class='fila'><span class='etiqueta'>\u00bfTiene tornillo de apriete?:<\/span><span class='valor'>Si, para un f\u00e1cil ajuste de la tensi\u00f3n.<\/span><\/div>\n<div class='fila'><span class='etiqueta'>\u00bfDonde se fabrica?:<\/span><span class='valor'>Espa\u00f1a<\/span><\/div>\n<div class='fila'><span class='etiqueta'>C\u00f3digo de barras (GTIN):<\/span><span class='valor'>8410990126239<\/span><\/div>\n<div class='fila'><span class='etiqueta'>Observaciones:<\/span><span class='valor'>&#8211; Las tijeras de peluquer\u00eda Silex de 3 Claveles tienen el filo navaja a 40\u00ba, filo para desfilar y texturizar.<br \/>\n&#8211; Con una dureza muy alta, HRc 62, por lo que tienen una muy buena duraci\u00f3n del Filo.<br \/>\n&#8211; Con apoyadedos extra\u00edble.<br \/>\n&#8211; Tornillo regulable, con tensor y auto stop (clic) en el interior que permite aflojar las hojas sin perder el ajuste de la medialuna.<br \/>\n&#8211; Trabajo sin fatigas gracias al dise\u00f1o ergon\u00f3nimo offset.<br \/>\n&#8211; Vaciado c\u00f3ncavo, lo que le da un filo m\u00e1s agudo y por tanto un corte con menor esfuerzo y mayor precisi\u00f3n.<\/span><\/div>\n<\/div>\n<h3>V\u00eddeo tijeras de peluquer\u00eda 3 Claveles Silex<\/h3>\n<div class=\"kad-youtube-shortcode videofit\"  ><iframe loading=\"lazy\" width=\"600\" height=\"400\" src=\"https:\/\/www.youtube.com\/embed\/qQV7cLKXV7k?autoplay=0&controls=1&fs=1&modestbranding=0&theme=dark&rel=0&loop=0\" frameborder=\"0\" allowfullscreen=\"true\"><\/iframe><\/div>\n","protected":false},"excerpt":{"rendered":"<p><strong>Tijeras de peluquero de corte<\/strong>, <strong>3 Claveles Silex 12623<\/strong>, de 6&#8243;, en acero inoxidable, vaciado c\u00f3ncavo, con filo navaja a 40\u00ba, tornillo regulable.\u00a0<em>Fabricadas en Espa\u00f1a<\/em>.&hellip; <a class=\"kt-excerpt-readmore more-link\" href=\"https:\/\/www.cuchillalia.com\/en\/producto\/3-claveles-12623-tijeras-peluqueria-corte-silex\/\" aria-label=\"Tijeras de peluquer\u00eda de corte de 6&#8243; &#8211; 3 Claveles Silex 12623\">Read More<\/a><\/p>\n","protected":false},"featured_media":55105,"comment_status":"open","ping_status":"closed","template":"","meta":[],"product_brand":[],"product_cat":[8334,8335],"product_tag":[],"class_list":{"0":"post-55168","1":"product","2":"type-product","3":"status-publish","4":"has-post-thumbnail","6":"product_cat-tijeras-peluqueria-corte","7":"product_cat-tijeras-de-peluqueria-3-claveles","9":"first","10":"instock","11":"taxable","12":"shipping-taxable","13":"purchasable","14":"product-type-simple"},"yoast_head":"<!-- This site is optimized with the Yoast SEO plugin v27.5 - https:\/\/yoast.com\/product\/yoast-seo-wordpress\/ -->\n<title>Tijeras de peluquer\u00eda corte de 6&quot; - 3 Claveles Silex 12623 - Cuchillalia<\/title>\n<meta name=\"description\" content=\"Tijeras de peluquer\u00eda de corte, 3 Claveles Silex 12623 de 6&quot;, acero inoxidable, filo navaja a 40\u00ba, con tornillo regulable. Fabricadas en Espa\u00f1a.\" \/>\n<meta name=\"robots\" content=\"index, follow, max-snippet:-1, max-image-preview:large, max-video-preview:-1\" \/>\n<link rel=\"canonical\" href=\"https:\/\/www.cuchillalia.com\/producto\/3-claveles-12623-tijeras-peluqueria-corte-silex\/\" \/>\n<meta property=\"og:locale\" content=\"en_US\" \/>\n<meta property=\"og:type\" content=\"article\" \/>\n<meta property=\"og:title\" content=\"Tijeras de peluquer\u00eda corte de 6&quot; - 3 Claveles Silex 12623 - Cuchillalia\" \/>\n<meta property=\"og:description\" content=\"Tijeras de peluquer\u00eda de corte, 3 Claveles Silex 12623 de 6&quot;, acero inoxidable, filo navaja a 40\u00ba, con tornillo regulable. Fabricadas en Espa\u00f1a.\" \/>\n<meta property=\"og:url\" content=\"https:\/\/www.cuchillalia.com\/producto\/3-claveles-12623-tijeras-peluqueria-corte-silex\/\" \/>\n<meta property=\"og:site_name\" content=\"Cuchillalia.com\" \/>\n<meta property=\"article:publisher\" content=\"http:\/\/www.facebook.com\/cuchillalia\" \/>\n<meta property=\"article:modified_time\" content=\"2025-07-03T18:14:35+00:00\" \/>\n<meta property=\"og:image\" content=\"https:\/\/www.cuchillalia.com\/wordpress\/wp-content\/uploads\/2018\/11\/cuchillalia-3-claveles-12623-silex-tijeras-peluqueria-corte.jpg\" \/>\n\t<meta property=\"og:image:width\" content=\"1500\" \/>\n\t<meta property=\"og:image:height\" content=\"1500\" \/>\n\t<meta property=\"og:image:type\" content=\"image\/jpeg\" \/>\n<meta name=\"twitter:card\" content=\"summary_large_image\" \/>\n<meta name=\"twitter:site\" content=\"@Cuchillalia\" \/>\n<meta name=\"twitter:label1\" content=\"Est. reading time\" \/>\n\t<meta name=\"twitter:data1\" content=\"1 minute\" \/>\n<!-- \/ Yoast SEO plugin. -->","yoast_head_json":{"title":"Tijeras de peluquer\u00eda corte de 6\" - 3 Claveles Silex 12623 - Cuchillalia","description":"Tijeras de peluquer\u00eda de corte, 3 Claveles Silex 12623 de 6\", acero inoxidable, filo navaja a 40\u00ba, con tornillo regulable. Fabricadas en Espa\u00f1a.","robots":{"index":"index","follow":"follow","max-snippet":"max-snippet:-1","max-image-preview":"max-image-preview:large","max-video-preview":"max-video-preview:-1"},"canonical":"https:\/\/www.cuchillalia.com\/producto\/3-claveles-12623-tijeras-peluqueria-corte-silex\/","og_locale":"en_US","og_type":"article","og_title":"Tijeras de peluquer\u00eda corte de 6\" - 3 Claveles Silex 12623 - Cuchillalia","og_description":"Tijeras de peluquer\u00eda de corte, 3 Claveles Silex 12623 de 6\", acero inoxidable, filo navaja a 40\u00ba, con tornillo regulable. Fabricadas en Espa\u00f1a.","og_url":"https:\/\/www.cuchillalia.com\/producto\/3-claveles-12623-tijeras-peluqueria-corte-silex\/","og_site_name":"Cuchillalia.com","article_publisher":"http:\/\/www.facebook.com\/cuchillalia","article_modified_time":"2025-07-03T18:14:35+00:00","og_image":[{"width":1500,"height":1500,"url":"https:\/\/www.cuchillalia.com\/wordpress\/wp-content\/uploads\/2018\/11\/cuchillalia-3-claveles-12623-silex-tijeras-peluqueria-corte.jpg","type":"image\/jpeg"}],"twitter_card":"summary_large_image","twitter_site":"@Cuchillalia","twitter_misc":{"Est. reading time":"1 minute"},"schema":{"@context":"https:\/\/schema.org","@graph":[{"@type":"WebPage","@id":"https:\/\/www.cuchillalia.com\/producto\/3-claveles-12623-tijeras-peluqueria-corte-silex\/","url":"https:\/\/www.cuchillalia.com\/producto\/3-claveles-12623-tijeras-peluqueria-corte-silex\/","name":"Tijeras de peluquer\u00eda corte de 6\" - 3 Claveles Silex 12623 - Cuchillalia","isPartOf":{"@id":"https:\/\/www.cuchillalia.com\/#website"},"primaryImageOfPage":{"@id":"https:\/\/www.cuchillalia.com\/producto\/3-claveles-12623-tijeras-peluqueria-corte-silex\/#primaryimage"},"image":{"@id":"https:\/\/www.cuchillalia.com\/producto\/3-claveles-12623-tijeras-peluqueria-corte-silex\/#primaryimage"},"thumbnailUrl":"https:\/\/www.cuchillalia.com\/wordpress\/wp-content\/uploads\/2018\/11\/cuchillalia-3-claveles-12623-silex-tijeras-peluqueria-corte.jpg","datePublished":"2018-11-05T15:45:17+00:00","dateModified":"2025-07-03T18:14:35+00:00","description":"Tijeras de peluquer\u00eda de corte, 3 Claveles Silex 12623 de 6\", acero inoxidable, filo navaja a 40\u00ba, con tornillo regulable. Fabricadas en Espa\u00f1a.","breadcrumb":{"@id":"https:\/\/www.cuchillalia.com\/producto\/3-claveles-12623-tijeras-peluqueria-corte-silex\/#breadcrumb"},"inLanguage":"en-US","potentialAction":[{"@type":"ReadAction","target":["https:\/\/www.cuchillalia.com\/producto\/3-claveles-12623-tijeras-peluqueria-corte-silex\/"]}]},{"@type":"ImageObject","inLanguage":"en-US","@id":"https:\/\/www.cuchillalia.com\/producto\/3-claveles-12623-tijeras-peluqueria-corte-silex\/#primaryimage","url":"https:\/\/www.cuchillalia.com\/wordpress\/wp-content\/uploads\/2018\/11\/cuchillalia-3-claveles-12623-silex-tijeras-peluqueria-corte.jpg","contentUrl":"https:\/\/www.cuchillalia.com\/wordpress\/wp-content\/uploads\/2018\/11\/cuchillalia-3-claveles-12623-silex-tijeras-peluqueria-corte.jpg","width":1500,"height":1500,"caption":"Tijeras de Peluquer\u00eda de Corte de 6\" - 3 Claveles Silex 12623 - Cuchillalia"},{"@type":"BreadcrumbList","@id":"https:\/\/www.cuchillalia.com\/producto\/3-claveles-12623-tijeras-peluqueria-corte-silex\/#breadcrumb","itemListElement":[{"@type":"ListItem","position":1,"name":"Cuchillalia","item":"https:\/\/www.cuchillalia.com\/en\/"},{"@type":"ListItem","position":2,"name":"Tienda","item":"https:\/\/www.cuchillalia.com\/tienda\/"},{"@type":"ListItem","position":3,"name":"Tijeras","item":"https:\/\/www.cuchillalia.com\/categoria\/tijeras\/"},{"@type":"ListItem","position":4,"name":"Tijeras de peluquer\u00eda","item":"https:\/\/www.cuchillalia.com\/categoria\/tijeras\/peluqueria\/"},{"@type":"ListItem","position":5,"name":"Tijeras de corte para peluquer\u00eda","item":"https:\/\/www.cuchillalia.com\/categoria\/tijeras\/peluqueria\/tijeras-peluqueria-corte\/"},{"@type":"ListItem","position":6,"name":"Tijeras de peluquer\u00eda de corte de 6&#8243; &#8211; 3 Claveles Silex 12623"}]},{"@type":"WebSite","@id":"https:\/\/www.cuchillalia.com\/#website","url":"https:\/\/www.cuchillalia.com\/","name":"Cuchillalia.com","description":"","publisher":{"@id":"https:\/\/www.cuchillalia.com\/#organization"},"potentialAction":[{"@type":"SearchAction","target":{"@type":"EntryPoint","urlTemplate":"https:\/\/www.cuchillalia.com\/?s={search_term_string}"},"query-input":{"@type":"PropertyValueSpecification","valueRequired":true,"valueName":"search_term_string"}}],"inLanguage":"en-US"},{"@type":"Organization","@id":"https:\/\/www.cuchillalia.com\/#organization","name":"Cuchillalia","url":"https:\/\/www.cuchillalia.com\/","logo":{"@type":"ImageObject","inLanguage":"en-US","@id":"https:\/\/www.cuchillalia.com\/#\/schema\/logo\/image\/","url":"https:\/\/www.cuchillalia.com\/wordpress\/wp-content\/uploads\/2021\/03\/logo-cuchillalia-jpg.jpg","contentUrl":"https:\/\/www.cuchillalia.com\/wordpress\/wp-content\/uploads\/2021\/03\/logo-cuchillalia-jpg.jpg","width":276,"height":192,"caption":"Cuchillalia"},"image":{"@id":"https:\/\/www.cuchillalia.com\/#\/schema\/logo\/image\/"},"sameAs":["http:\/\/www.facebook.com\/cuchillalia","https:\/\/x.com\/Cuchillalia"]}]}},"_links":{"self":[{"href":"https:\/\/www.cuchillalia.com\/en\/wp-json\/wp\/v2\/product\/55168","targetHints":{"allow":["GET"]}}],"collection":[{"href":"https:\/\/www.cuchillalia.com\/en\/wp-json\/wp\/v2\/product"}],"about":[{"href":"https:\/\/www.cuchillalia.com\/en\/wp-json\/wp\/v2\/types\/product"}],"replies":[{"embeddable":true,"href":"https:\/\/www.cuchillalia.com\/en\/wp-json\/wp\/v2\/comments?post=55168"}],"wp:featuredmedia":[{"embeddable":true,"href":"https:\/\/www.cuchillalia.com\/en\/wp-json\/wp\/v2\/media\/55105"}],"wp:attachment":[{"href":"https:\/\/www.cuchillalia.com\/en\/wp-json\/wp\/v2\/media?parent=55168"}],"wp:term":[{"taxonomy":"product_brand","embeddable":true,"href":"https:\/\/www.cuchillalia.com\/en\/wp-json\/wp\/v2\/product_brand?post=55168"},{"taxonomy":"product_cat","embeddable":true,"href":"https:\/\/www.cuchillalia.com\/en\/wp-json\/wp\/v2\/product_cat?post=55168"},{"taxonomy":"product_tag","embeddable":true,"href":"https:\/\/www.cuchillalia.com\/en\/wp-json\/wp\/v2\/product_tag?post=55168"}],"curies":[{"name":"wp","href":"https:\/\/api.w.org\/{rel}","templated":true}]}}