{"id":5513,"date":"2015-11-13T18:22:50","date_gmt":"2015-11-13T17:22:50","guid":{"rendered":"http:\/\/www.cuchillalia.com\/tienda\/serrucho-poda-hoja-curva-30cm-3-claveles-331\/"},"modified":"2025-12-10T08:11:08","modified_gmt":"2025-12-10T07:11:08","slug":"serrucho-poda-hoja-curva-30cm-3-claveles-331","status":"publish","type":"product","link":"https:\/\/www.cuchillalia.com\/en\/producto\/serrucho-poda-hoja-curva-30cm-3-claveles-331\/","title":{"rendered":"Serrucho de poda de hoja curva de 30 cm &#8211; 3 Claveles 331"},"content":{"rendered":"<h2>Tabla de caracter\u00edsticas serrucho para poda 3 Claveles<\/h2>\n<div class='tabla-caracteristicas'>\n<div class='fila'><span class='etiqueta'>Nombre comercial:<\/span><span class='valor'><strong>Serrucho de corte por tracci\u00f3n hoja curva 30 cm<\/strong><\/span><\/div>\n<div class='fila'><span class='etiqueta'>Fabricante:<\/span><span class='valor'>3 Claveles<\/span><\/div>\n<div class='fila'><span class='etiqueta'>Referencia del fabricante:<\/span><span class='valor'>331<\/span><\/div>\n<div class='fila'><span class='etiqueta'>Longitud de la hoja:<\/span><span class='valor'>30 cm<\/span><\/div>\n<div class='fila'><span class='etiqueta'>Longitud total:<\/span><span class='valor'>54 cm<\/span><\/div>\n<div class='fila'><span class='etiqueta'>Material de la hoja:<\/span><span class='valor'>Acero japon\u00e9s SK-5<\/span><\/div>\n<div class='fila'><span class='etiqueta'>Tipo de hoja:<\/span><span class='valor'>Desmontable<\/span><\/div>\n<div class='fila'><span class='etiqueta'>Material del mango:<\/span><span class='valor'>Polipropileno y elast\u00f3mero<\/span><\/div>\n<div class='fila'><span class='etiqueta'>Tipo de mango:<\/span><span class='valor'>Ergon\u00f3mico<\/span><\/div>\n<div class='fila'><span class='etiqueta'>\u00bfEs apto para zurdos?:<\/span><span class='valor'>Para diestros y zurdos<\/span><\/div>\n<div class='fila'><span class='etiqueta'>Peso del producto:<\/span><span class='valor'>Completo:     315 g<br \/>\nMango:     195 g<br \/>\nHoja:     120 g<br \/>\nFunda:     184g<\/span><\/div>\n<div class='fila'><span class='etiqueta'>Presentaci\u00f3n del producto:<\/span><span class='valor'>Blister de pl\u00e1stico<\/span><\/div>\n<div class='fila'><span class='etiqueta'>\u00bfEs desmontable?:<\/span><span class='valor'>Si<\/span><\/div>\n<div class='fila'><span class='etiqueta'>C\u00f3digo de barras (GTIN):<\/span><span class='valor'>8410990003318<\/span><\/div>\n<div class='fila'><span class='etiqueta'>Observaciones:<\/span><span class='valor'>&#8211; El kit incluye una funda para enganchar al cintur\u00f3n y de esa forma desplazarse sin riesgos.<br \/>\n&#8211; Acero de la hoja con doble tratamiento t\u00e9rmico, templado integral en la hoja y extraduro en los dientes, lo que le aporta un extra de resistencia en el corte y una mayor durabilidad.<\/span><\/div>\n<\/div>\n","protected":false},"excerpt":{"rendered":"<p><strong>Serrucho de poda<\/strong> con hoja curva serrada desmontable de 30 cm, de 3 Claveles. Incluye funda para cintur\u00f3n.&hellip; <a class=\"kt-excerpt-readmore more-link\" href=\"https:\/\/www.cuchillalia.com\/en\/producto\/serrucho-poda-hoja-curva-30cm-3-claveles-331\/\" aria-label=\"Serrucho de poda de hoja curva de 30 cm &#8211; 3 Claveles 331\">Read More<\/a><\/p>\n","protected":false},"featured_media":68445,"comment_status":"open","ping_status":"closed","template":"","meta":[],"product_brand":[],"product_cat":[8277],"product_tag":[],"class_list":{"0":"post-5513","1":"product","2":"type-product","3":"status-publish","4":"has-post-thumbnail","6":"product_cat-jardineria-poda","8":"first","9":"instock","10":"taxable","11":"shipping-taxable","12":"purchasable","13":"product-type-simple"},"yoast_head":"<!-- This site is optimized with the Yoast SEO plugin v27.5 - https:\/\/yoast.com\/product\/yoast-seo-wordpress\/ -->\n<title>Serrucho para poda de hoja curva desmontable de 30 cm de 3 Claveles<\/title>\n<meta name=\"description\" content=\"Serrucho para poda, con hoja curva de 30 cm, fabricada por 3 Claveles y mango ergon\u00f3mico. Incluye una pr\u00e1ctica funda para enganchar al cintur\u00f3n.\" \/>\n<meta name=\"robots\" content=\"index, follow, max-snippet:-1, max-image-preview:large, max-video-preview:-1\" \/>\n<link rel=\"canonical\" href=\"https:\/\/www.cuchillalia.com\/producto\/serrucho-poda-hoja-curva-30cm-3-claveles-331\/\" \/>\n<meta property=\"og:locale\" content=\"en_US\" \/>\n<meta property=\"og:type\" content=\"article\" \/>\n<meta property=\"og:title\" content=\"Serrucho para poda de hoja curva desmontable de 30 cm de 3 Claveles\" \/>\n<meta property=\"og:description\" content=\"Serrucho para poda, con hoja curva de 30 cm, fabricada por 3 Claveles y mango ergon\u00f3mico. Incluye una pr\u00e1ctica funda para enganchar al cintur\u00f3n.\" \/>\n<meta property=\"og:url\" content=\"https:\/\/www.cuchillalia.com\/producto\/serrucho-poda-hoja-curva-30cm-3-claveles-331\/\" \/>\n<meta property=\"og:site_name\" content=\"Cuchillalia.com\" \/>\n<meta property=\"article:publisher\" content=\"http:\/\/www.facebook.com\/cuchillalia\" \/>\n<meta property=\"article:modified_time\" content=\"2025-12-10T07:11:08+00:00\" \/>\n<meta property=\"og:image\" content=\"https:\/\/www.cuchillalia.com\/wordpress\/wp-content\/uploads\/2015\/11\/cuchillalia-3-claveles-00331-serrucho-poda-curvo-30cm.jpg\" \/>\n\t<meta property=\"og:image:width\" content=\"1600\" \/>\n\t<meta property=\"og:image:height\" content=\"1600\" \/>\n\t<meta property=\"og:image:type\" content=\"image\/jpeg\" \/>\n<meta name=\"twitter:card\" content=\"summary_large_image\" \/>\n<meta name=\"twitter:site\" content=\"@Cuchillalia\" \/>\n<meta name=\"twitter:label1\" content=\"Est. reading time\" \/>\n\t<meta name=\"twitter:data1\" content=\"1 minute\" \/>\n<!-- \/ Yoast SEO plugin. -->","yoast_head_json":{"title":"Serrucho para poda de hoja curva desmontable de 30 cm de 3 Claveles","description":"Serrucho para poda, con hoja curva de 30 cm, fabricada por 3 Claveles y mango ergon\u00f3mico. Incluye una pr\u00e1ctica funda para enganchar al cintur\u00f3n.","robots":{"index":"index","follow":"follow","max-snippet":"max-snippet:-1","max-image-preview":"max-image-preview:large","max-video-preview":"max-video-preview:-1"},"canonical":"https:\/\/www.cuchillalia.com\/producto\/serrucho-poda-hoja-curva-30cm-3-claveles-331\/","og_locale":"en_US","og_type":"article","og_title":"Serrucho para poda de hoja curva desmontable de 30 cm de 3 Claveles","og_description":"Serrucho para poda, con hoja curva de 30 cm, fabricada por 3 Claveles y mango ergon\u00f3mico. Incluye una pr\u00e1ctica funda para enganchar al cintur\u00f3n.","og_url":"https:\/\/www.cuchillalia.com\/producto\/serrucho-poda-hoja-curva-30cm-3-claveles-331\/","og_site_name":"Cuchillalia.com","article_publisher":"http:\/\/www.facebook.com\/cuchillalia","article_modified_time":"2025-12-10T07:11:08+00:00","og_image":[{"width":1600,"height":1600,"url":"https:\/\/www.cuchillalia.com\/wordpress\/wp-content\/uploads\/2015\/11\/cuchillalia-3-claveles-00331-serrucho-poda-curvo-30cm.jpg","type":"image\/jpeg"}],"twitter_card":"summary_large_image","twitter_site":"@Cuchillalia","twitter_misc":{"Est. reading time":"1 minute"},"schema":{"@context":"https:\/\/schema.org","@graph":[{"@type":"WebPage","@id":"https:\/\/www.cuchillalia.com\/producto\/serrucho-poda-hoja-curva-30cm-3-claveles-331\/","url":"https:\/\/www.cuchillalia.com\/producto\/serrucho-poda-hoja-curva-30cm-3-claveles-331\/","name":"Serrucho para poda de hoja curva desmontable de 30 cm de 3 Claveles","isPartOf":{"@id":"https:\/\/www.cuchillalia.com\/#website"},"primaryImageOfPage":{"@id":"https:\/\/www.cuchillalia.com\/producto\/serrucho-poda-hoja-curva-30cm-3-claveles-331\/#primaryimage"},"image":{"@id":"https:\/\/www.cuchillalia.com\/producto\/serrucho-poda-hoja-curva-30cm-3-claveles-331\/#primaryimage"},"thumbnailUrl":"https:\/\/www.cuchillalia.com\/wordpress\/wp-content\/uploads\/2015\/11\/cuchillalia-3-claveles-00331-serrucho-poda-curvo-30cm.jpg","datePublished":"2015-11-13T17:22:50+00:00","dateModified":"2025-12-10T07:11:08+00:00","description":"Serrucho para poda, con hoja curva de 30 cm, fabricada por 3 Claveles y mango ergon\u00f3mico. Incluye una pr\u00e1ctica funda para enganchar al cintur\u00f3n.","breadcrumb":{"@id":"https:\/\/www.cuchillalia.com\/producto\/serrucho-poda-hoja-curva-30cm-3-claveles-331\/#breadcrumb"},"inLanguage":"en-US","potentialAction":[{"@type":"ReadAction","target":["https:\/\/www.cuchillalia.com\/producto\/serrucho-poda-hoja-curva-30cm-3-claveles-331\/"]}]},{"@type":"ImageObject","inLanguage":"en-US","@id":"https:\/\/www.cuchillalia.com\/producto\/serrucho-poda-hoja-curva-30cm-3-claveles-331\/#primaryimage","url":"https:\/\/www.cuchillalia.com\/wordpress\/wp-content\/uploads\/2015\/11\/cuchillalia-3-claveles-00331-serrucho-poda-curvo-30cm.jpg","contentUrl":"https:\/\/www.cuchillalia.com\/wordpress\/wp-content\/uploads\/2015\/11\/cuchillalia-3-claveles-00331-serrucho-poda-curvo-30cm.jpg","width":1600,"height":1600,"caption":"Serrucho para poda con hoja curva extraible de 30 cm - 3 Claveles 331"},{"@type":"BreadcrumbList","@id":"https:\/\/www.cuchillalia.com\/producto\/serrucho-poda-hoja-curva-30cm-3-claveles-331\/#breadcrumb","itemListElement":[{"@type":"ListItem","position":1,"name":"Cuchillalia","item":"https:\/\/www.cuchillalia.com\/en\/"},{"@type":"ListItem","position":2,"name":"Tienda","item":"https:\/\/www.cuchillalia.com\/tienda\/"},{"@type":"ListItem","position":3,"name":"Tijeras","item":"https:\/\/www.cuchillalia.com\/categoria\/tijeras\/"},{"@type":"ListItem","position":4,"name":"Tijeras de jardiner\u00eda y poda","item":"https:\/\/www.cuchillalia.com\/categoria\/tijeras\/jardineria-poda\/"},{"@type":"ListItem","position":5,"name":"Serrucho de poda de hoja curva de 30 cm &#8211; 3 Claveles 331"}]},{"@type":"WebSite","@id":"https:\/\/www.cuchillalia.com\/#website","url":"https:\/\/www.cuchillalia.com\/","name":"Cuchillalia.com","description":"","publisher":{"@id":"https:\/\/www.cuchillalia.com\/#organization"},"potentialAction":[{"@type":"SearchAction","target":{"@type":"EntryPoint","urlTemplate":"https:\/\/www.cuchillalia.com\/?s={search_term_string}"},"query-input":{"@type":"PropertyValueSpecification","valueRequired":true,"valueName":"search_term_string"}}],"inLanguage":"en-US"},{"@type":"Organization","@id":"https:\/\/www.cuchillalia.com\/#organization","name":"Cuchillalia","url":"https:\/\/www.cuchillalia.com\/","logo":{"@type":"ImageObject","inLanguage":"en-US","@id":"https:\/\/www.cuchillalia.com\/#\/schema\/logo\/image\/","url":"https:\/\/www.cuchillalia.com\/wordpress\/wp-content\/uploads\/2021\/03\/logo-cuchillalia-jpg.jpg","contentUrl":"https:\/\/www.cuchillalia.com\/wordpress\/wp-content\/uploads\/2021\/03\/logo-cuchillalia-jpg.jpg","width":276,"height":192,"caption":"Cuchillalia"},"image":{"@id":"https:\/\/www.cuchillalia.com\/#\/schema\/logo\/image\/"},"sameAs":["http:\/\/www.facebook.com\/cuchillalia","https:\/\/x.com\/Cuchillalia"]}]}},"_links":{"self":[{"href":"https:\/\/www.cuchillalia.com\/en\/wp-json\/wp\/v2\/product\/5513","targetHints":{"allow":["GET"]}}],"collection":[{"href":"https:\/\/www.cuchillalia.com\/en\/wp-json\/wp\/v2\/product"}],"about":[{"href":"https:\/\/www.cuchillalia.com\/en\/wp-json\/wp\/v2\/types\/product"}],"replies":[{"embeddable":true,"href":"https:\/\/www.cuchillalia.com\/en\/wp-json\/wp\/v2\/comments?post=5513"}],"wp:featuredmedia":[{"embeddable":true,"href":"https:\/\/www.cuchillalia.com\/en\/wp-json\/wp\/v2\/media\/68445"}],"wp:attachment":[{"href":"https:\/\/www.cuchillalia.com\/en\/wp-json\/wp\/v2\/media?parent=5513"}],"wp:term":[{"taxonomy":"product_brand","embeddable":true,"href":"https:\/\/www.cuchillalia.com\/en\/wp-json\/wp\/v2\/product_brand?post=5513"},{"taxonomy":"product_cat","embeddable":true,"href":"https:\/\/www.cuchillalia.com\/en\/wp-json\/wp\/v2\/product_cat?post=5513"},{"taxonomy":"product_tag","embeddable":true,"href":"https:\/\/www.cuchillalia.com\/en\/wp-json\/wp\/v2\/product_tag?post=5513"}],"curies":[{"name":"wp","href":"https:\/\/api.w.org\/{rel}","templated":true}]}}