{"id":54907,"date":"2018-10-29T15:35:11","date_gmt":"2018-10-29T14:35:11","guid":{"rendered":"https:\/\/www.cuchillalia.com\/?post_type=product&#038;p=54907"},"modified":"2025-07-03T20:13:29","modified_gmt":"2025-07-03T18:13:29","slug":"sacabolas-vaciador-doble-profesional-3-claveles-4801","status":"publish","type":"product","link":"https:\/\/www.cuchillalia.com\/en\/producto\/sacabolas-vaciador-doble-profesional-3-claveles-4801\/","title":{"rendered":"Sacabolas doble profesional de 22 y 30 mm &#8211; 3 Claveles 4801"},"content":{"rendered":"<p>El <strong>sacabolas doble<\/strong> de 3 Claveles 4801 est\u00e1 dise\u00f1ado para hacer agujeros de 22 o 30 mm en frutas y verduras, como manzanas, peras, melones y papas, y extraer f\u00e1cilmente la pulpa o la carne en bolas limpias y uniformes.<\/p>\n<p>El <strong>sacabolas<\/strong> est\u00e1 fabricado con materiales de alta calidad y duraderos, lo que garantiza que durar\u00e1 muchos a\u00f1os en tu cocina. Las hojas est\u00e1n hechas de acero inoxidable de alta calidad, lo que significa que son resistentes a la corrosi\u00f3n y a las manchas. La construcci\u00f3n de la hoja tambi\u00e9n es robusta y resistente, lo que garantiza que el sacabolas pueda soportar un uso prolongado y continuo.<\/p>\n<p>Este <strong>sacabolas doble<\/strong> de 3 Claveles tiene un dise\u00f1o ergon\u00f3mico y c\u00f3modo de usar. El mango est\u00e1 hecho de pl\u00e1stico de alta calidad.<\/p>\n<p>Este <strong>sacabolas doble<\/strong> de 3 Claveles viene en un tama\u00f1o compacto y port\u00e1til que lo hace f\u00e1cil de almacenar en cualquier lugar de tu cocina. Adem\u00e1s, es f\u00e1cil de limpiar y mantener, lo que significa que puedes usarlo de manera constante y no tendr\u00e1s que preocuparte por el mantenimiento.<\/p>\n<p>En resumen, el sacabolas o vaciador doble de 3 Claveles es una herramienta de alta calidad y duradera que te permitir\u00e1 crear bolas limpias y uniformes de frutas y verduras en tu cocina. Con su tama\u00f1o compacto y port\u00e1til, es f\u00e1cil de almacenar y usar, lo que significa que puedes disfrutar de sus beneficios en cualquier momento y lugar.<\/p>\n<h2>Tabla de caracter\u00edsticas sacabolas doble 3 Claveles 4801<\/h2>\n<div class='tabla-caracteristicas'>\n<div class='fila'><span class='etiqueta'>Nombre comercial:<\/span><span class='valor'><strong>Vaciador doble profesional 22\/30 mm \u00d8<\/strong><\/span><\/div>\n<div class='fila'><span class='etiqueta'>Fabricante:<\/span><span class='valor'>3 Claveles<\/span><\/div>\n<div class='fila'><span class='etiqueta'>Referencia del fabricante:<\/span><span class='valor'>4801<\/span><\/div>\n<div class='fila'><span class='etiqueta'>Material de la hoja:<\/span><span class='valor'>Acero inoxidable<\/span><\/div>\n<div class='fila'><span class='etiqueta'>Material del mango:<\/span><span class='valor'>Polipropileno negro<\/span><\/div>\n<div class='fila'><span class='etiqueta'>Medidas:<\/span><span class='valor'>Vaciadores:     22 y 30 mm \u00d8<br \/>\nLargo total:     17 cm<\/span><\/div>\n<div class='fila'><span class='etiqueta'>\u00bfEs apto para zurdos?:<\/span><span class='valor'>Para diestros y zurdos<\/span><\/div>\n<div class='fila'><span class='etiqueta'>Producci\u00f3n:<\/span><span class='valor'>Estampaci\u00f3n<\/span><\/div>\n<div class='fila'><span class='etiqueta'>Presentaci\u00f3n del producto:<\/span><span class='valor'>Display de cart\u00f3n<\/span><\/div>\n<div class='fila'><span class='etiqueta'>\u00bfEs apto para el lavavajillas?:<\/span><span class='valor'>Si<\/span><\/div>\n<div class='fila'><span class='etiqueta'>C\u00f3digo de barras (GTIN):<\/span><span class='valor'>8410990048012<\/span><\/div>\n<div class='fila'><span class='etiqueta'>Observaciones:<\/span><span class='valor'>&#8211; Sacabolas o cuchara parisina doble.<br \/>\n&#8211; Dos vaciadores con dos di\u00e1metros diferentes: 22 y 30 mm.<br \/>\n&#8211; Gracias al agujero en el centro del vaciador, no se forma el vac\u00edo, lo que facilita que se suelten las bolas f\u00e1cilmente.<br \/>\n&#8211; Se usa con frutas, verduras, patatas, mantequilla, \u2026<\/span><\/div>\n<\/div>\n<h2>Otros sacabolas<\/h2>\n<p>Si este producto no se ajusta a tus necesidades, puedes echarle un ojo a otros modelos de <a href='https:\/\/www.cuchillalia.com\/producto\/sacabolas-cocina-vaciador-profesional-25-mm-3-claveles-4805\/'><strong>sacabolas<\/strong><\/a> que tenemos:<\/p>\n<div class=\"woocommerce columns-4 \"><ul class=\"products kad_product_wrapper rowtight shopcolumn4 shopfullwidth init-isotope-intrinsic kt-show-rating  reinit-isotope\" data-nextselector=\".woocommerce-pagination a.next\" data-navselector=\".woocommerce-pagination\" data-itemselector=\".kad_product\" data-itemloadselector=\".kt_item_fade_in\" data-iso-selector=\".kad_product\" data-iso-style=\"fitRows\" data-iso-filter=\"true\">\n<li class=\"product type-product post-54926 status-publish first instock product_cat-accesorios-3-claveles product_cat-utensilios-cocina has-post-thumbnail taxable shipping-taxable purchasable product-type-simple col-xxl-2 col-xl-25 col-md-3 col-sm-4 col-xs-6 col-ss-6 accesorios-3-claveles utensilios-cocina kad_product\">\n\t<div class=\"grid_item product_item clearfix kt_item_fade_in\"><a href=\"https:\/\/www.cuchillalia.com\/en\/producto\/sacabolas-cocina-vaciador-profesional-25-mm-3-claveles-4805\/\" class=\"product_item_link product_img_link\"><div class=\"kad-product-noflipper kt-product-hardcrop kt-product-intrinsic\" style=\"padding-bottom:100%;\"><div class=\"kt-product-animation-contain\"><img decoding=\"async\" src=\"https:\/\/www.cuchillalia.com\/wordpress\/wp-content\/uploads\/2018\/10\/cuchillalia-3-claveles-04805-vaciador-25mm-300x300.jpg\" srcset=\"https:\/\/www.cuchillalia.com\/wordpress\/wp-content\/uploads\/2018\/10\/cuchillalia-3-claveles-04805-vaciador-25mm-300x300.jpg 300w, https:\/\/www.cuchillalia.com\/wordpress\/wp-content\/uploads\/2018\/10\/cuchillalia-3-claveles-04805-vaciador-25mm-200x200.jpg 200w, https:\/\/www.cuchillalia.com\/wordpress\/wp-content\/uploads\/2018\/10\/cuchillalia-3-claveles-04805-vaciador-25mm-100x100.jpg 100w, https:\/\/www.cuchillalia.com\/wordpress\/wp-content\/uploads\/2018\/10\/cuchillalia-3-claveles-04805-vaciador-25mm-566x566.jpg 566w, https:\/\/www.cuchillalia.com\/wordpress\/wp-content\/uploads\/2018\/10\/cuchillalia-3-claveles-04805-vaciador-25mm-150x150.jpg 150w, https:\/\/www.cuchillalia.com\/wordpress\/wp-content\/uploads\/2018\/10\/cuchillalia-3-claveles-04805-vaciador-25mm-768x768.jpg 768w, https:\/\/www.cuchillalia.com\/wordpress\/wp-content\/uploads\/2018\/10\/cuchillalia-3-claveles-04805-vaciador-25mm-1024x1024.jpg 1024w, https:\/\/www.cuchillalia.com\/wordpress\/wp-content\/uploads\/2018\/10\/cuchillalia-3-claveles-04805-vaciador-25mm-720x720.jpg 720w, https:\/\/www.cuchillalia.com\/wordpress\/wp-content\/uploads\/2018\/10\/cuchillalia-3-claveles-04805-vaciador-25mm-360x360.jpg 360w, https:\/\/www.cuchillalia.com\/wordpress\/wp-content\/uploads\/2018\/10\/cuchillalia-3-claveles-04805-vaciador-25mm-800x800.jpg 800w, https:\/\/www.cuchillalia.com\/wordpress\/wp-content\/uploads\/2018\/10\/cuchillalia-3-claveles-04805-vaciador-25mm-400x400.jpg 400w, https:\/\/www.cuchillalia.com\/wordpress\/wp-content\/uploads\/2018\/10\/cuchillalia-3-claveles-04805-vaciador-25mm-600x600.jpg 600w, https:\/\/www.cuchillalia.com\/wordpress\/wp-content\/uploads\/2018\/10\/cuchillalia-3-claveles-04805-vaciador-25mm.jpg 1600w\" sizes=\"(max-width: 300px) 100vw, 300px\"  alt=\"Sacabolas \/ Vaciador Profesional de 25 mm - 3 Claveles 4805 - Cuchillalia\" width=\"300\" height=\"300\" class=\"attachment-shop_catalog wp-post-image size-300x300\"><\/div><\/div><\/a> \n\n\t<div class=\"details_product_item\"><div class=\"product_details\"><a href=\"https:\/\/www.cuchillalia.com\/en\/producto\/sacabolas-cocina-vaciador-profesional-25-mm-3-claveles-4805\/\" class=\"product_item_link\"><h3 class=\"product_archive_title\">Sacabolas \/ vaciador profesional de 25 mm &#8211; 3 Claveles 4805<\/h3><\/a><\/div>\t\t\n\t<a href=\"https:\/\/www.cuchillalia.com\/en\/producto\/sacabolas-cocina-vaciador-profesional-25-mm-3-claveles-4805\/\"><span class=\"kt-notrated\">not rated<\/span><\/a>\n\t<span class=\"price\"><span class=\"woocommerce-Price-amount amount\"><bdi>4,99<span class=\"woocommerce-Price-currencySymbol\">&euro;<\/span><\/bdi><\/span><\/span>\n<div class=\"clearfix\"><\/div><\/div>\n\t<div class=\"product_action_wrap\"><a href=\"\/en\/wp-json\/wp\/v2\/product\/54907?add-to-cart=54926\" aria-describedby=\"woocommerce_loop_add_to_cart_link_describedby_54926\" data-quantity=\"1\" class=\"button product_type_simple add_to_cart_button ajax_add_to_cart\" data-product_id=\"54926\" data-product_sku=\"3C_04805\" aria-label=\"Add to cart: &ldquo;Sacabolas \/ vaciador profesional de 25 mm - 3 Claveles 4805&rdquo;\" rel=\"nofollow\" data-success_message=\"&ldquo;Sacabolas \/ vaciador profesional de 25 mm - 3 Claveles 4805&rdquo; has been added to your cart\" role=\"button\">Add to cart<\/a>\t<span id=\"woocommerce_loop_add_to_cart_link_describedby_54926\" class=\"screen-reader-text\">\n\t\t\t<\/span>\n\t\t\t<input type=\"hidden\" class=\"pmwProductId\" data-id=\"54926\">\n\t\t\t\t\t<script>\n\t\t\t(window.pmwDataLayer = window.pmwDataLayer || {}).products                = window.pmwDataLayer.products || {};\n\t\t\twindow.pmwDataLayer.products[54926] = {\"id\":\"54926\",\"sku\":\"3C_04805\",\"price\":4.9900000000000002,\"brand\":\"\",\"quantity\":1,\"dyn_r_ids\":{\"post_id\":\"54926\",\"sku\":\"3C_04805\",\"gpf\":\"woocommerce_gpf_54926\",\"gla\":\"gla_54926\"},\"is_variable\":false,\"type\":\"simple\",\"name\":\"Sacabolas \/ vaciador profesional de 25 mm - 3 Claveles 4805\",\"category\":[\"Accesorios de cocina 3 Claveles\",\"Utensilios de cocina\"],\"is_variation\":false};\n\t\t\t\t\twindow.pmw_product_position = window.pmw_product_position || 1;\n\t\twindow.pmwDataLayer.products[54926]['position'] = window.pmw_product_position++;\n\t\t\t\t<\/script>\n\t\t<\/div><\/div><\/li><li class=\"product type-product post-54928 status-publish instock product_cat-accesorios-3-claveles product_cat-utensilios-cocina has-post-thumbnail taxable shipping-taxable purchasable product-type-simple col-xxl-2 col-xl-25 col-md-3 col-sm-4 col-xs-6 col-ss-6 accesorios-3-claveles utensilios-cocina kad_product\">\n\t<div class=\"grid_item product_item clearfix kt_item_fade_in\"><a href=\"https:\/\/www.cuchillalia.com\/en\/producto\/sacabolas-vaciador-ondulado-profesional-3-claveles-4807\/\" class=\"product_item_link product_img_link\"><div class=\"kad-product-noflipper kt-product-hardcrop kt-product-intrinsic\" style=\"padding-bottom:100%;\"><div class=\"kt-product-animation-contain\"><img decoding=\"async\" src=\"https:\/\/www.cuchillalia.com\/wordpress\/wp-content\/uploads\/2018\/10\/cuchillalia-3-claveles-04807-vaciador-ondulado-300x300.jpg\" srcset=\"https:\/\/www.cuchillalia.com\/wordpress\/wp-content\/uploads\/2018\/10\/cuchillalia-3-claveles-04807-vaciador-ondulado-300x300.jpg 300w, https:\/\/www.cuchillalia.com\/wordpress\/wp-content\/uploads\/2018\/10\/cuchillalia-3-claveles-04807-vaciador-ondulado-200x200.jpg 200w, https:\/\/www.cuchillalia.com\/wordpress\/wp-content\/uploads\/2018\/10\/cuchillalia-3-claveles-04807-vaciador-ondulado-100x100.jpg 100w, https:\/\/www.cuchillalia.com\/wordpress\/wp-content\/uploads\/2018\/10\/cuchillalia-3-claveles-04807-vaciador-ondulado-566x566.jpg 566w, https:\/\/www.cuchillalia.com\/wordpress\/wp-content\/uploads\/2018\/10\/cuchillalia-3-claveles-04807-vaciador-ondulado-150x150.jpg 150w, https:\/\/www.cuchillalia.com\/wordpress\/wp-content\/uploads\/2018\/10\/cuchillalia-3-claveles-04807-vaciador-ondulado-768x768.jpg 768w, https:\/\/www.cuchillalia.com\/wordpress\/wp-content\/uploads\/2018\/10\/cuchillalia-3-claveles-04807-vaciador-ondulado-1024x1024.jpg 1024w, https:\/\/www.cuchillalia.com\/wordpress\/wp-content\/uploads\/2018\/10\/cuchillalia-3-claveles-04807-vaciador-ondulado-720x720.jpg 720w, https:\/\/www.cuchillalia.com\/wordpress\/wp-content\/uploads\/2018\/10\/cuchillalia-3-claveles-04807-vaciador-ondulado-360x360.jpg 360w, https:\/\/www.cuchillalia.com\/wordpress\/wp-content\/uploads\/2018\/10\/cuchillalia-3-claveles-04807-vaciador-ondulado-800x800.jpg 800w, https:\/\/www.cuchillalia.com\/wordpress\/wp-content\/uploads\/2018\/10\/cuchillalia-3-claveles-04807-vaciador-ondulado-400x400.jpg 400w, https:\/\/www.cuchillalia.com\/wordpress\/wp-content\/uploads\/2018\/10\/cuchillalia-3-claveles-04807-vaciador-ondulado-600x600.jpg 600w, https:\/\/www.cuchillalia.com\/wordpress\/wp-content\/uploads\/2018\/10\/cuchillalia-3-claveles-04807-vaciador-ondulado.jpg 1600w\" sizes=\"(max-width: 300px) 100vw, 300px\"  alt=\"Sacabolas \/ Vaciador Profesional Ondulado - 3 Claveles 4807 - Cuchillalia\" width=\"300\" height=\"300\" class=\"attachment-shop_catalog wp-post-image size-300x300\"><\/div><\/div><\/a> \n\n\t<div class=\"details_product_item\"><div class=\"product_details\"><a href=\"https:\/\/www.cuchillalia.com\/en\/producto\/sacabolas-vaciador-ondulado-profesional-3-claveles-4807\/\" class=\"product_item_link\"><h3 class=\"product_archive_title\">Sacabolas \/ vaciador ondulado profesional &#8211; 3 Claveles 4807<\/h3><\/a><\/div>\t\t\n\t<a href=\"https:\/\/www.cuchillalia.com\/en\/producto\/sacabolas-vaciador-ondulado-profesional-3-claveles-4807\/\"><span class=\"kt-notrated\">not rated<\/span><\/a>\n\t<span class=\"price\"><span class=\"woocommerce-Price-amount amount\"><bdi>5,47<span class=\"woocommerce-Price-currencySymbol\">&euro;<\/span><\/bdi><\/span><\/span>\n<div class=\"clearfix\"><\/div><\/div>\n\t<div class=\"product_action_wrap\"><a href=\"\/en\/wp-json\/wp\/v2\/product\/54907?add-to-cart=54928\" aria-describedby=\"woocommerce_loop_add_to_cart_link_describedby_54928\" data-quantity=\"1\" class=\"button product_type_simple add_to_cart_button ajax_add_to_cart\" data-product_id=\"54928\" data-product_sku=\"3C_04807\" aria-label=\"Add to cart: &ldquo;Sacabolas \/ vaciador ondulado profesional - 3 Claveles 4807&rdquo;\" rel=\"nofollow\" data-success_message=\"&ldquo;Sacabolas \/ vaciador ondulado profesional - 3 Claveles 4807&rdquo; has been added to your cart\" role=\"button\">Add to cart<\/a>\t<span id=\"woocommerce_loop_add_to_cart_link_describedby_54928\" class=\"screen-reader-text\">\n\t\t\t<\/span>\n\t\t\t<input type=\"hidden\" class=\"pmwProductId\" data-id=\"54928\">\n\t\t\t\t\t<script>\n\t\t\t(window.pmwDataLayer = window.pmwDataLayer || {}).products                = window.pmwDataLayer.products || {};\n\t\t\twindow.pmwDataLayer.products[54928] = {\"id\":\"54928\",\"sku\":\"3C_04807\",\"price\":5.4699999999999998,\"brand\":\"\",\"quantity\":1,\"dyn_r_ids\":{\"post_id\":\"54928\",\"sku\":\"3C_04807\",\"gpf\":\"woocommerce_gpf_54928\",\"gla\":\"gla_54928\"},\"is_variable\":false,\"type\":\"simple\",\"name\":\"Sacabolas \/ vaciador ondulado profesional - 3 Claveles 4807\",\"category\":[\"Accesorios de cocina 3 Claveles\",\"Utensilios de cocina\"],\"is_variation\":false};\n\t\t\t\t\twindow.pmw_product_position = window.pmw_product_position || 1;\n\t\twindow.pmwDataLayer.products[54928]['position'] = window.pmw_product_position++;\n\t\t\t\t<\/script>\n\t\t<\/div><\/div><\/li><\/ul>\n<\/div>\n","protected":false},"excerpt":{"rendered":"<p><strong>Sacabolas doble<\/strong>, vaciador o cuchara parisina\u00a0profesional,\u00a0<strong>3 Claveles<\/strong> 4801\u00a0de 22 y 30 mm, de acero inoxidable y mango en polipropileno. Con agujero para facilitar extracci\u00f3n. Apto para el lavavajillas.&hellip; <a class=\"kt-excerpt-readmore more-link\" href=\"https:\/\/www.cuchillalia.com\/en\/producto\/sacabolas-vaciador-doble-profesional-3-claveles-4801\/\" aria-label=\"Sacabolas doble profesional de 22 y 30 mm &#8211; 3 Claveles 4801\">Read More<\/a><\/p>\n","protected":false},"featured_media":54865,"comment_status":"open","ping_status":"closed","template":"","meta":[],"product_brand":[],"product_cat":[8284,8283],"product_tag":[],"class_list":{"0":"post-54907","1":"product","2":"type-product","3":"status-publish","4":"has-post-thumbnail","6":"product_cat-accesorios-3-claveles","7":"product_cat-utensilios-cocina","9":"first","10":"instock","11":"taxable","12":"shipping-taxable","13":"purchasable","14":"product-type-simple"},"yoast_head":"<!-- This site is optimized with the Yoast SEO plugin v27.5 - https:\/\/yoast.com\/product\/yoast-seo-wordpress\/ -->\n<title>Sacabolas doble de 22 y 30 mm - 3 Claveles 4801 | Cuchillalia.com<\/title>\n<meta name=\"description\" content=\"Sacabolas doble, cuchara parisina o vaciador para frutas, 22 y 30 mm, 3 Claveles, en acero inoxidable, con mango de polipropileno, colgador\" \/>\n<meta name=\"robots\" content=\"index, follow, max-snippet:-1, max-image-preview:large, max-video-preview:-1\" \/>\n<link rel=\"canonical\" href=\"https:\/\/www.cuchillalia.com\/producto\/sacabolas-cocina-vaciador-profesional-25-mm-3-claveles-4805\/\" \/>\n<meta property=\"og:locale\" content=\"en_US\" \/>\n<meta property=\"og:type\" content=\"article\" \/>\n<meta property=\"og:title\" content=\"Sacabolas doble de 22 y 30 mm - 3 Claveles 4801 | Cuchillalia.com\" \/>\n<meta property=\"og:description\" content=\"Sacabolas doble, cuchara parisina o vaciador para frutas, 22 y 30 mm, 3 Claveles, en acero inoxidable, con mango de polipropileno, colgador\" \/>\n<meta property=\"og:url\" content=\"https:\/\/www.cuchillalia.com\/producto\/sacabolas-cocina-vaciador-profesional-25-mm-3-claveles-4805\/\" \/>\n<meta property=\"og:site_name\" content=\"Cuchillalia.com\" \/>\n<meta property=\"article:publisher\" content=\"http:\/\/www.facebook.com\/cuchillalia\" \/>\n<meta property=\"article:modified_time\" content=\"2025-07-03T18:13:29+00:00\" \/>\n<meta property=\"og:image\" content=\"https:\/\/www.cuchillalia.com\/wordpress\/wp-content\/uploads\/2018\/10\/cuchillalia-3-claveles-04801-vaciador-doble.jpg\" \/>\n\t<meta property=\"og:image:width\" content=\"1600\" \/>\n\t<meta property=\"og:image:height\" content=\"1600\" \/>\n\t<meta property=\"og:image:type\" content=\"image\/jpeg\" \/>\n<meta name=\"twitter:card\" content=\"summary_large_image\" \/>\n<meta name=\"twitter:site\" content=\"@Cuchillalia\" \/>\n<meta name=\"twitter:label1\" content=\"Est. reading time\" \/>\n\t<meta name=\"twitter:data1\" content=\"3 minutes\" \/>\n<!-- \/ Yoast SEO plugin. -->","yoast_head_json":{"title":"Sacabolas doble de 22 y 30 mm - 3 Claveles 4801 | Cuchillalia.com","description":"Sacabolas doble, cuchara parisina o vaciador para frutas, 22 y 30 mm, 3 Claveles, en acero inoxidable, con mango de polipropileno, colgador","robots":{"index":"index","follow":"follow","max-snippet":"max-snippet:-1","max-image-preview":"max-image-preview:large","max-video-preview":"max-video-preview:-1"},"canonical":"https:\/\/www.cuchillalia.com\/producto\/sacabolas-cocina-vaciador-profesional-25-mm-3-claveles-4805\/","og_locale":"en_US","og_type":"article","og_title":"Sacabolas doble de 22 y 30 mm - 3 Claveles 4801 | Cuchillalia.com","og_description":"Sacabolas doble, cuchara parisina o vaciador para frutas, 22 y 30 mm, 3 Claveles, en acero inoxidable, con mango de polipropileno, colgador","og_url":"https:\/\/www.cuchillalia.com\/producto\/sacabolas-cocina-vaciador-profesional-25-mm-3-claveles-4805\/","og_site_name":"Cuchillalia.com","article_publisher":"http:\/\/www.facebook.com\/cuchillalia","article_modified_time":"2025-07-03T18:13:29+00:00","og_image":[{"width":1600,"height":1600,"url":"https:\/\/www.cuchillalia.com\/wordpress\/wp-content\/uploads\/2018\/10\/cuchillalia-3-claveles-04801-vaciador-doble.jpg","type":"image\/jpeg"}],"twitter_card":"summary_large_image","twitter_site":"@Cuchillalia","twitter_misc":{"Est. reading time":"3 minutes"},"schema":{"@context":"https:\/\/schema.org","@graph":[{"@type":"WebPage","@id":"https:\/\/www.cuchillalia.com\/producto\/sacabolas-vaciador-doble-profesional-3-claveles-4801\/","url":"https:\/\/www.cuchillalia.com\/producto\/sacabolas-cocina-vaciador-profesional-25-mm-3-claveles-4805\/","name":"Sacabolas doble de 22 y 30 mm - 3 Claveles 4801 | Cuchillalia.com","isPartOf":{"@id":"https:\/\/www.cuchillalia.com\/#website"},"primaryImageOfPage":{"@id":"https:\/\/www.cuchillalia.com\/producto\/sacabolas-cocina-vaciador-profesional-25-mm-3-claveles-4805\/#primaryimage"},"image":{"@id":"https:\/\/www.cuchillalia.com\/producto\/sacabolas-cocina-vaciador-profesional-25-mm-3-claveles-4805\/#primaryimage"},"thumbnailUrl":"https:\/\/www.cuchillalia.com\/wordpress\/wp-content\/uploads\/2018\/10\/cuchillalia-3-claveles-04801-vaciador-doble.jpg","datePublished":"2018-10-29T14:35:11+00:00","dateModified":"2025-07-03T18:13:29+00:00","description":"Sacabolas doble, cuchara parisina o vaciador para frutas, 22 y 30 mm, 3 Claveles, en acero inoxidable, con mango de polipropileno, colgador","breadcrumb":{"@id":"https:\/\/www.cuchillalia.com\/producto\/sacabolas-cocina-vaciador-profesional-25-mm-3-claveles-4805\/#breadcrumb"},"inLanguage":"en-US","potentialAction":[{"@type":"ReadAction","target":["https:\/\/www.cuchillalia.com\/producto\/sacabolas-cocina-vaciador-profesional-25-mm-3-claveles-4805\/"]}]},{"@type":"ImageObject","inLanguage":"en-US","@id":"https:\/\/www.cuchillalia.com\/producto\/sacabolas-cocina-vaciador-profesional-25-mm-3-claveles-4805\/#primaryimage","url":"https:\/\/www.cuchillalia.com\/wordpress\/wp-content\/uploads\/2018\/10\/cuchillalia-3-claveles-04801-vaciador-doble.jpg","contentUrl":"https:\/\/www.cuchillalia.com\/wordpress\/wp-content\/uploads\/2018\/10\/cuchillalia-3-claveles-04801-vaciador-doble.jpg","width":1600,"height":1600,"caption":"Sacabolas \/ Vaciador Doble Profesional de 22 y 30 mm - 3 Claveles 4801 - Cuchillalia"},{"@type":"BreadcrumbList","@id":"https:\/\/www.cuchillalia.com\/producto\/sacabolas-cocina-vaciador-profesional-25-mm-3-claveles-4805\/#breadcrumb","itemListElement":[{"@type":"ListItem","position":1,"name":"Cuchillalia","item":"https:\/\/www.cuchillalia.com\/en\/"},{"@type":"ListItem","position":2,"name":"Tienda","item":"https:\/\/www.cuchillalia.com\/tienda\/"},{"@type":"ListItem","position":3,"name":"Art\u00edculos de menaje","item":"https:\/\/www.cuchillalia.com\/categoria\/menaje\/"},{"@type":"ListItem","position":4,"name":"Utensilios de cocina","item":"https:\/\/www.cuchillalia.com\/categoria\/menaje\/utensilios-cocina\/"},{"@type":"ListItem","position":5,"name":"Sacabolas doble profesional de 22 y 30 mm &#8211; 3 Claveles 4801"}]},{"@type":"WebSite","@id":"https:\/\/www.cuchillalia.com\/#website","url":"https:\/\/www.cuchillalia.com\/","name":"Cuchillalia.com","description":"","publisher":{"@id":"https:\/\/www.cuchillalia.com\/#organization"},"potentialAction":[{"@type":"SearchAction","target":{"@type":"EntryPoint","urlTemplate":"https:\/\/www.cuchillalia.com\/?s={search_term_string}"},"query-input":{"@type":"PropertyValueSpecification","valueRequired":true,"valueName":"search_term_string"}}],"inLanguage":"en-US"},{"@type":"Organization","@id":"https:\/\/www.cuchillalia.com\/#organization","name":"Cuchillalia","url":"https:\/\/www.cuchillalia.com\/","logo":{"@type":"ImageObject","inLanguage":"en-US","@id":"https:\/\/www.cuchillalia.com\/#\/schema\/logo\/image\/","url":"https:\/\/www.cuchillalia.com\/wordpress\/wp-content\/uploads\/2021\/03\/logo-cuchillalia-jpg.jpg","contentUrl":"https:\/\/www.cuchillalia.com\/wordpress\/wp-content\/uploads\/2021\/03\/logo-cuchillalia-jpg.jpg","width":276,"height":192,"caption":"Cuchillalia"},"image":{"@id":"https:\/\/www.cuchillalia.com\/#\/schema\/logo\/image\/"},"sameAs":["http:\/\/www.facebook.com\/cuchillalia","https:\/\/x.com\/Cuchillalia"]}]}},"_links":{"self":[{"href":"https:\/\/www.cuchillalia.com\/en\/wp-json\/wp\/v2\/product\/54907","targetHints":{"allow":["GET"]}}],"collection":[{"href":"https:\/\/www.cuchillalia.com\/en\/wp-json\/wp\/v2\/product"}],"about":[{"href":"https:\/\/www.cuchillalia.com\/en\/wp-json\/wp\/v2\/types\/product"}],"replies":[{"embeddable":true,"href":"https:\/\/www.cuchillalia.com\/en\/wp-json\/wp\/v2\/comments?post=54907"}],"wp:featuredmedia":[{"embeddable":true,"href":"https:\/\/www.cuchillalia.com\/en\/wp-json\/wp\/v2\/media\/54865"}],"wp:attachment":[{"href":"https:\/\/www.cuchillalia.com\/en\/wp-json\/wp\/v2\/media?parent=54907"}],"wp:term":[{"taxonomy":"product_brand","embeddable":true,"href":"https:\/\/www.cuchillalia.com\/en\/wp-json\/wp\/v2\/product_brand?post=54907"},{"taxonomy":"product_cat","embeddable":true,"href":"https:\/\/www.cuchillalia.com\/en\/wp-json\/wp\/v2\/product_cat?post=54907"},{"taxonomy":"product_tag","embeddable":true,"href":"https:\/\/www.cuchillalia.com\/en\/wp-json\/wp\/v2\/product_tag?post=54907"}],"curies":[{"name":"wp","href":"https:\/\/api.w.org\/{rel}","templated":true}]}}