{"id":54817,"date":"2018-10-26T22:02:26","date_gmt":"2018-10-26T20:02:26","guid":{"rendered":"https:\/\/www.cuchillalia.com\/?post_type=product&#038;p=54817"},"modified":"2026-05-17T02:52:29","modified_gmt":"2026-05-17T00:52:29","slug":"3-claveles-2016-tijeras-unas-rectas-11-5-cm-4-5-pulg","status":"publish","type":"product","link":"https:\/\/www.cuchillalia.com\/en\/producto\/3-claveles-2016-tijeras-unas-rectas-11-5-cm-4-5-pulg\/","title":{"rendered":"Tijeras de u\u00f1as rectas de 11,5 cm (4,5&#8243;) &#8211; 3 Claveles 2016"},"content":{"rendered":"<h2>Tabla de caracter\u00edsticas tijeras de u\u00f1as 11,5 cm 3 Claveles 2016<\/h2>\n<div class='tabla-caracteristicas'>\n<div class='fila'><span class='etiqueta'>Nombre comercial:<\/span><span class='valor'><strong>Tijeras de u\u00f1as<\/strong><\/span><\/div>\n<div class='fila'><span class='etiqueta'>Fabricante:<\/span><span class='valor'>3 Claveles<\/span><\/div>\n<div class='fila'><span class='etiqueta'>Referencia del fabricante:<\/span><span class='valor'>2016<\/span><\/div>\n<div class='fila'><span class='etiqueta'>Tipo de hoja:<\/span><span class='valor'>Recta<\/span><\/div>\n<div class='fila'><span class='etiqueta'>Acabado:<\/span><span class='valor'>Niquelado<\/span><\/div>\n<div class='fila'><span class='etiqueta'>Medidas:<\/span><span class='valor'>11.5 cm &#8211; 4,5&#8242;<\/span><\/div>\n<div class='fila'><span class='etiqueta'>Material:<\/span><span class='valor'>Acero al carbono de alta calidad<\/span><\/div>\n<div class='fila'><span class='etiqueta'>\u00bfEs apto para zurdos?:<\/span><span class='valor'>Solo para diestros<\/span><\/div>\n<div class='fila'><span class='etiqueta'>Producci\u00f3n:<\/span><span class='valor'>Forjadas en caliente<\/span><\/div>\n<div class='fila'><span class='etiqueta'>Presentaci\u00f3n del producto:<\/span><span class='valor'>Blister de pl\u00e1stico<\/span><\/div>\n<div class='fila'><span class='etiqueta'>\u00bfDonde se fabrica?:<\/span><span class='valor'>Espa\u00f1a<\/span><\/div>\n<div class='fila'><span class='etiqueta'>C\u00f3digo de barras (GTIN):<\/span><span class='valor'>8410990020162<\/span><\/div>\n<\/div>\n","protected":false},"excerpt":{"rendered":"<p>Tabla de caracter\u00edsticas tijeras de u\u00f1as 11,5 cm 3 Claveles 2016 Nombre comercial:Tijeras de u\u00f1as Fabricante:3 Claveles Referencia del fabricante:2016 Tipo de hoja:Recta Acabado:Niquelado Medidas:11.5 cm &#8211; 4,5&#8242; Material:Acero al carbono de alta calidad \u00bfEs apto para zurdos?:Solo para diestros &hellip; <a class=\"kt-excerpt-readmore more-link\" href=\"https:\/\/www.cuchillalia.com\/en\/producto\/3-claveles-2016-tijeras-unas-rectas-11-5-cm-4-5-pulg\/\" aria-label=\"Tijeras de u\u00f1as rectas de 11,5 cm (4,5&#8243;) &#8211; 3 Claveles 2016\">Read More<\/a><\/p>\n","protected":false},"featured_media":54795,"comment_status":"open","ping_status":"closed","template":"","meta":[],"product_brand":[],"product_cat":[15069],"product_tag":[],"class_list":{"0":"post-54817","1":"product","2":"type-product","3":"status-publish","4":"has-post-thumbnail","6":"product_cat-tijeras-unas","8":"first","9":"instock","10":"taxable","11":"shipping-taxable","12":"purchasable","13":"product-type-simple"},"yoast_head":"<!-- This site is optimized with the Yoast SEO plugin v27.5 - https:\/\/yoast.com\/product\/yoast-seo-wordpress\/ -->\n<title>Tijeras de u\u00f1as rectas 11.5 cm 4,5&quot; - 3 Claveles 2016 - Cuchillalia<\/title>\n<meta name=\"robots\" content=\"index, follow, max-snippet:-1, max-image-preview:large, max-video-preview:-1\" \/>\n<link rel=\"canonical\" href=\"https:\/\/www.cuchillalia.com\/producto\/3-claveles-2016-tijeras-unas-rectas-11-5-cm-4-5-pulg\/\" \/>\n<meta property=\"og:locale\" content=\"en_US\" \/>\n<meta property=\"og:type\" content=\"article\" \/>\n<meta property=\"og:title\" content=\"Tijeras de u\u00f1as rectas 11.5 cm 4,5&quot; - 3 Claveles 2016 - Cuchillalia\" \/>\n<meta property=\"og:description\" content=\"Tabla de caracter\u00edsticas tijeras de u\u00f1as 11,5 cm 3 Claveles 2016 Nombre comercial:Tijeras de u\u00f1as Fabricante:3 Claveles Referencia del fabricante:2016 Tipo de hoja:Recta Acabado:Niquelado Medidas:11.5 cm &#8211; 4,5&#8242; Material:Acero al carbono de alta calidad \u00bfEs apto para zurdos?:Solo para diestros &hellip; Read More\" \/>\n<meta property=\"og:url\" content=\"https:\/\/www.cuchillalia.com\/producto\/3-claveles-2016-tijeras-unas-rectas-11-5-cm-4-5-pulg\/\" \/>\n<meta property=\"og:site_name\" content=\"Cuchillalia.com\" \/>\n<meta property=\"article:publisher\" content=\"http:\/\/www.facebook.com\/cuchillalia\" \/>\n<meta property=\"article:modified_time\" content=\"2026-05-17T00:52:29+00:00\" \/>\n<meta property=\"og:image\" content=\"https:\/\/www.cuchillalia.com\/wordpress\/wp-content\/uploads\/2018\/10\/cuchillalia-3-claveles-02016-tijeras-u\u00f1as-rectas-11-5cm.jpg\" \/>\n\t<meta property=\"og:image:width\" content=\"1200\" \/>\n\t<meta property=\"og:image:height\" content=\"1200\" \/>\n\t<meta property=\"og:image:type\" content=\"image\/jpeg\" \/>\n<meta name=\"twitter:card\" content=\"summary_large_image\" \/>\n<meta name=\"twitter:site\" content=\"@Cuchillalia\" \/>\n<!-- \/ Yoast SEO plugin. -->","yoast_head_json":{"title":"Tijeras de u\u00f1as rectas 11.5 cm 4,5\" - 3 Claveles 2016 - Cuchillalia","robots":{"index":"index","follow":"follow","max-snippet":"max-snippet:-1","max-image-preview":"max-image-preview:large","max-video-preview":"max-video-preview:-1"},"canonical":"https:\/\/www.cuchillalia.com\/producto\/3-claveles-2016-tijeras-unas-rectas-11-5-cm-4-5-pulg\/","og_locale":"en_US","og_type":"article","og_title":"Tijeras de u\u00f1as rectas 11.5 cm 4,5\" - 3 Claveles 2016 - Cuchillalia","og_description":"Tabla de caracter\u00edsticas tijeras de u\u00f1as 11,5 cm 3 Claveles 2016 Nombre comercial:Tijeras de u\u00f1as Fabricante:3 Claveles Referencia del fabricante:2016 Tipo de hoja:Recta Acabado:Niquelado Medidas:11.5 cm &#8211; 4,5&#8242; Material:Acero al carbono de alta calidad \u00bfEs apto para zurdos?:Solo para diestros &hellip; Read More","og_url":"https:\/\/www.cuchillalia.com\/producto\/3-claveles-2016-tijeras-unas-rectas-11-5-cm-4-5-pulg\/","og_site_name":"Cuchillalia.com","article_publisher":"http:\/\/www.facebook.com\/cuchillalia","article_modified_time":"2026-05-17T00:52:29+00:00","og_image":[{"width":1200,"height":1200,"url":"https:\/\/www.cuchillalia.com\/wordpress\/wp-content\/uploads\/2018\/10\/cuchillalia-3-claveles-02016-tijeras-u\u00f1as-rectas-11-5cm.jpg","type":"image\/jpeg"}],"twitter_card":"summary_large_image","twitter_site":"@Cuchillalia","schema":{"@context":"https:\/\/schema.org","@graph":[{"@type":"WebPage","@id":"https:\/\/www.cuchillalia.com\/producto\/3-claveles-2016-tijeras-unas-rectas-11-5-cm-4-5-pulg\/","url":"https:\/\/www.cuchillalia.com\/producto\/3-claveles-2016-tijeras-unas-rectas-11-5-cm-4-5-pulg\/","name":"Tijeras de u\u00f1as rectas 11.5 cm 4,5\" - 3 Claveles 2016 - Cuchillalia","isPartOf":{"@id":"https:\/\/www.cuchillalia.com\/#website"},"primaryImageOfPage":{"@id":"https:\/\/www.cuchillalia.com\/producto\/3-claveles-2016-tijeras-unas-rectas-11-5-cm-4-5-pulg\/#primaryimage"},"image":{"@id":"https:\/\/www.cuchillalia.com\/producto\/3-claveles-2016-tijeras-unas-rectas-11-5-cm-4-5-pulg\/#primaryimage"},"thumbnailUrl":"https:\/\/www.cuchillalia.com\/wordpress\/wp-content\/uploads\/2018\/10\/cuchillalia-3-claveles-02016-tijeras-u\u00f1as-rectas-11-5cm.jpg","datePublished":"2018-10-26T20:02:26+00:00","dateModified":"2026-05-17T00:52:29+00:00","breadcrumb":{"@id":"https:\/\/www.cuchillalia.com\/producto\/3-claveles-2016-tijeras-unas-rectas-11-5-cm-4-5-pulg\/#breadcrumb"},"inLanguage":"en-US","potentialAction":[{"@type":"ReadAction","target":["https:\/\/www.cuchillalia.com\/producto\/3-claveles-2016-tijeras-unas-rectas-11-5-cm-4-5-pulg\/"]}]},{"@type":"ImageObject","inLanguage":"en-US","@id":"https:\/\/www.cuchillalia.com\/producto\/3-claveles-2016-tijeras-unas-rectas-11-5-cm-4-5-pulg\/#primaryimage","url":"https:\/\/www.cuchillalia.com\/wordpress\/wp-content\/uploads\/2018\/10\/cuchillalia-3-claveles-02016-tijeras-u\u00f1as-rectas-11-5cm.jpg","contentUrl":"https:\/\/www.cuchillalia.com\/wordpress\/wp-content\/uploads\/2018\/10\/cuchillalia-3-claveles-02016-tijeras-u\u00f1as-rectas-11-5cm.jpg","width":1200,"height":1200,"caption":"Tijeras rectas para u\u00f1as 11.5 cm 4.5\" - 3 Claveles 2016 - Cuchillalia"},{"@type":"BreadcrumbList","@id":"https:\/\/www.cuchillalia.com\/producto\/3-claveles-2016-tijeras-unas-rectas-11-5-cm-4-5-pulg\/#breadcrumb","itemListElement":[{"@type":"ListItem","position":1,"name":"Cuchillalia","item":"https:\/\/www.cuchillalia.com\/en\/"},{"@type":"ListItem","position":2,"name":"Tienda","item":"https:\/\/www.cuchillalia.com\/tienda\/"},{"@type":"ListItem","position":3,"name":"Cuidado personal","item":"https:\/\/www.cuchillalia.com\/categoria\/cuidado-personal\/"},{"@type":"ListItem","position":4,"name":"Manicura y pedicura","item":"https:\/\/www.cuchillalia.com\/categoria\/cuidado-personal\/manicura-pedicura\/"},{"@type":"ListItem","position":5,"name":"Tijeras de u\u00f1as","item":"https:\/\/www.cuchillalia.com\/categoria\/cuidado-personal\/manicura-pedicura\/tijeras-unas\/"},{"@type":"ListItem","position":6,"name":"Tijeras de u\u00f1as rectas de 11,5 cm (4,5&#8243;) &#8211; 3 Claveles 2016"}]},{"@type":"WebSite","@id":"https:\/\/www.cuchillalia.com\/#website","url":"https:\/\/www.cuchillalia.com\/","name":"Cuchillalia.com","description":"","publisher":{"@id":"https:\/\/www.cuchillalia.com\/#organization"},"potentialAction":[{"@type":"SearchAction","target":{"@type":"EntryPoint","urlTemplate":"https:\/\/www.cuchillalia.com\/?s={search_term_string}"},"query-input":{"@type":"PropertyValueSpecification","valueRequired":true,"valueName":"search_term_string"}}],"inLanguage":"en-US"},{"@type":"Organization","@id":"https:\/\/www.cuchillalia.com\/#organization","name":"Cuchillalia","url":"https:\/\/www.cuchillalia.com\/","logo":{"@type":"ImageObject","inLanguage":"en-US","@id":"https:\/\/www.cuchillalia.com\/#\/schema\/logo\/image\/","url":"https:\/\/www.cuchillalia.com\/wordpress\/wp-content\/uploads\/2021\/03\/logo-cuchillalia-jpg.jpg","contentUrl":"https:\/\/www.cuchillalia.com\/wordpress\/wp-content\/uploads\/2021\/03\/logo-cuchillalia-jpg.jpg","width":276,"height":192,"caption":"Cuchillalia"},"image":{"@id":"https:\/\/www.cuchillalia.com\/#\/schema\/logo\/image\/"},"sameAs":["http:\/\/www.facebook.com\/cuchillalia","https:\/\/x.com\/Cuchillalia"]}]}},"_links":{"self":[{"href":"https:\/\/www.cuchillalia.com\/en\/wp-json\/wp\/v2\/product\/54817","targetHints":{"allow":["GET"]}}],"collection":[{"href":"https:\/\/www.cuchillalia.com\/en\/wp-json\/wp\/v2\/product"}],"about":[{"href":"https:\/\/www.cuchillalia.com\/en\/wp-json\/wp\/v2\/types\/product"}],"replies":[{"embeddable":true,"href":"https:\/\/www.cuchillalia.com\/en\/wp-json\/wp\/v2\/comments?post=54817"}],"wp:featuredmedia":[{"embeddable":true,"href":"https:\/\/www.cuchillalia.com\/en\/wp-json\/wp\/v2\/media\/54795"}],"wp:attachment":[{"href":"https:\/\/www.cuchillalia.com\/en\/wp-json\/wp\/v2\/media?parent=54817"}],"wp:term":[{"taxonomy":"product_brand","embeddable":true,"href":"https:\/\/www.cuchillalia.com\/en\/wp-json\/wp\/v2\/product_brand?post=54817"},{"taxonomy":"product_cat","embeddable":true,"href":"https:\/\/www.cuchillalia.com\/en\/wp-json\/wp\/v2\/product_cat?post=54817"},{"taxonomy":"product_tag","embeddable":true,"href":"https:\/\/www.cuchillalia.com\/en\/wp-json\/wp\/v2\/product_tag?post=54817"}],"curies":[{"name":"wp","href":"https:\/\/api.w.org\/{rel}","templated":true}]}}