{"id":4927,"date":"2015-09-22T00:00:00","date_gmt":"2015-09-21T22:00:00","guid":{"rendered":"http:\/\/www.cuchillalia.com\/?post_type=product&#038;p=4927"},"modified":"2026-01-15T01:01:42","modified_gmt":"2026-01-15T00:01:42","slug":"bisbell-17217-soporte-magnetico-goma-verde-max-2-cuchillos","status":"publish","type":"product","link":"https:\/\/www.cuchillalia.com\/en\/producto\/bisbell-17217-soporte-magnetico-goma-verde-max-2-cuchillos\/","title":{"rendered":"Soporte magn\u00e9tico de goma para 2 cuchillos color verde &#8211; Bisbell 17217"},"content":{"rendered":"<h2>Tabla de caracter\u00edsticas soporte magn\u00e9tico verde Bisbell 17217<\/h2>\n<div class='tabla-caracteristicas'>\n<div class='fila'><span class='etiqueta'>Nombre comercial:<\/span><span class='valor'><strong>Soporte magn\u00e9tico de goma &#8211; Soft Touch verde (m\u00e1x. 2 cuchillos)<\/strong><\/span><\/div>\n<div class='fila'><span class='etiqueta'>Fabricante:<\/span><span class='valor'>Bisbell<\/span><\/div>\n<div class='fila'><span class='etiqueta'>Referencia del fabricante:<\/span><span class='valor'>17217<\/span><\/div>\n<div class='fila'><span class='etiqueta'>Medidas:<\/span><span class='valor'>3,5&#215;9,5&#215;5 cm (Alto x Largo x Fondo)<\/span><\/div>\n<div class='fila'><span class='etiqueta'>Material:<\/span><span class='valor'>Goma Soft Touch color verde<\/span><\/div>\n<div class='fila'><span class='etiqueta'>Peso del producto:<\/span><span class='valor'>155 g<\/span><\/div>\n<div class='fila'><span class='etiqueta'>Presentaci\u00f3n del producto:<\/span><span class='valor'>Blister de pl\u00e1stico<\/span><\/div>\n<div class='fila'><span class='etiqueta'>\u00bfDonde se fabrica?:<\/span><span class='valor'>Reino Unido<\/span><\/div>\n<div class='fila'><span class='etiqueta'>C\u00f3digo de barras (GTIN):<\/span><span class='valor'>8410990172175<\/span><\/div>\n<div class='fila'><span class='etiqueta'>Observaciones:<\/span><span class='valor'>&#8211; M\u00e1ximo 2 cuchillos.<br \/>\n&#8211; La superficie, de goma suave, no raya los cuchillos.<\/span><\/div>\n<\/div>\n","protected":false},"excerpt":{"rendered":"<p><strong>Soporte magn\u00e9tico para dos cuchillos<\/strong>, protegido con goma de color <strong>verde<\/strong>. Fabricados por Bisbell. Se fija a la pared mediante tornillos (incluidos).&hellip; <a class=\"kt-excerpt-readmore more-link\" href=\"https:\/\/www.cuchillalia.com\/en\/producto\/bisbell-17217-soporte-magnetico-goma-verde-max-2-cuchillos\/\" aria-label=\"Soporte magn\u00e9tico de goma para 2 cuchillos color verde &#8211; Bisbell 17217\">Read More<\/a><\/p>\n","protected":false},"featured_media":36817,"comment_status":"open","ping_status":"closed","template":"","meta":[],"product_brand":[],"product_cat":[8369,8321],"product_tag":[],"class_list":{"0":"post-4927","1":"product","2":"type-product","3":"status-publish","4":"has-post-thumbnail","6":"product_cat-bisbell-soportes-magneticos","7":"product_cat-soportes-magneticos","9":"first","10":"instock","11":"taxable","12":"shipping-taxable","13":"purchasable","14":"product-type-simple"},"yoast_head":"<!-- This site is optimized with the Yoast SEO plugin v27.5 - https:\/\/yoast.com\/product\/yoast-seo-wordpress\/ -->\n<title>Soporte Magn\u00e9tico Goma - Soft Touch Verde (2 cuchillos) - Bisbell 17217<\/title>\n<meta name=\"robots\" content=\"index, follow, max-snippet:-1, max-image-preview:large, max-video-preview:-1\" \/>\n<link rel=\"canonical\" href=\"https:\/\/www.cuchillalia.com\/producto\/bisbell-17217-soporte-magnetico-goma-verde-max-2-cuchillos\/\" \/>\n<meta property=\"og:locale\" content=\"en_US\" \/>\n<meta property=\"og:type\" content=\"article\" \/>\n<meta property=\"og:title\" content=\"Soporte Magn\u00e9tico Goma - Soft Touch Verde (2 cuchillos) - Bisbell 17217\" \/>\n<meta property=\"og:description\" content=\"Soporte magn\u00e9tico para dos cuchillos, protegido con goma de color verde. Fabricados por Bisbell. Se fija a la pared mediante tornillos (incluidos).&hellip; Read More\" \/>\n<meta property=\"og:url\" content=\"https:\/\/www.cuchillalia.com\/producto\/bisbell-17217-soporte-magnetico-goma-verde-max-2-cuchillos\/\" \/>\n<meta property=\"og:site_name\" content=\"Cuchillalia.com\" \/>\n<meta property=\"article:publisher\" content=\"http:\/\/www.facebook.com\/cuchillalia\" \/>\n<meta property=\"article:modified_time\" content=\"2026-01-15T00:01:42+00:00\" \/>\n<meta property=\"og:image\" content=\"https:\/\/www.cuchillalia.com\/wordpress\/wp-content\/uploads\/2015\/09\/bisbell-17217-soporte-magnetico-goma-verde-max-2-cuchillos-1.jpg\" \/>\n\t<meta property=\"og:image:width\" content=\"736\" \/>\n\t<meta property=\"og:image:height\" content=\"736\" \/>\n\t<meta property=\"og:image:type\" content=\"image\/jpeg\" \/>\n<meta name=\"twitter:card\" content=\"summary_large_image\" \/>\n<meta name=\"twitter:site\" content=\"@Cuchillalia\" \/>\n<!-- \/ Yoast SEO plugin. -->","yoast_head_json":{"title":"Soporte Magn\u00e9tico Goma - Soft Touch Verde (2 cuchillos) - Bisbell 17217","robots":{"index":"index","follow":"follow","max-snippet":"max-snippet:-1","max-image-preview":"max-image-preview:large","max-video-preview":"max-video-preview:-1"},"canonical":"https:\/\/www.cuchillalia.com\/producto\/bisbell-17217-soporte-magnetico-goma-verde-max-2-cuchillos\/","og_locale":"en_US","og_type":"article","og_title":"Soporte Magn\u00e9tico Goma - Soft Touch Verde (2 cuchillos) - Bisbell 17217","og_description":"Soporte magn\u00e9tico para dos cuchillos, protegido con goma de color verde. Fabricados por Bisbell. Se fija a la pared mediante tornillos (incluidos).&hellip; Read More","og_url":"https:\/\/www.cuchillalia.com\/producto\/bisbell-17217-soporte-magnetico-goma-verde-max-2-cuchillos\/","og_site_name":"Cuchillalia.com","article_publisher":"http:\/\/www.facebook.com\/cuchillalia","article_modified_time":"2026-01-15T00:01:42+00:00","og_image":[{"width":736,"height":736,"url":"https:\/\/www.cuchillalia.com\/wordpress\/wp-content\/uploads\/2015\/09\/bisbell-17217-soporte-magnetico-goma-verde-max-2-cuchillos-1.jpg","type":"image\/jpeg"}],"twitter_card":"summary_large_image","twitter_site":"@Cuchillalia","schema":{"@context":"https:\/\/schema.org","@graph":[{"@type":"WebPage","@id":"https:\/\/www.cuchillalia.com\/producto\/bisbell-17217-soporte-magnetico-goma-verde-max-2-cuchillos\/","url":"https:\/\/www.cuchillalia.com\/producto\/bisbell-17217-soporte-magnetico-goma-verde-max-2-cuchillos\/","name":"Soporte Magn\u00e9tico Goma - Soft Touch Verde (2 cuchillos) - Bisbell 17217","isPartOf":{"@id":"https:\/\/www.cuchillalia.com\/#website"},"primaryImageOfPage":{"@id":"https:\/\/www.cuchillalia.com\/producto\/bisbell-17217-soporte-magnetico-goma-verde-max-2-cuchillos\/#primaryimage"},"image":{"@id":"https:\/\/www.cuchillalia.com\/producto\/bisbell-17217-soporte-magnetico-goma-verde-max-2-cuchillos\/#primaryimage"},"thumbnailUrl":"https:\/\/www.cuchillalia.com\/wordpress\/wp-content\/uploads\/2015\/09\/bisbell-17217-soporte-magnetico-goma-verde-max-2-cuchillos-1.jpg","datePublished":"2015-09-21T22:00:00+00:00","dateModified":"2026-01-15T00:01:42+00:00","breadcrumb":{"@id":"https:\/\/www.cuchillalia.com\/producto\/bisbell-17217-soporte-magnetico-goma-verde-max-2-cuchillos\/#breadcrumb"},"inLanguage":"en-US","potentialAction":[{"@type":"ReadAction","target":["https:\/\/www.cuchillalia.com\/producto\/bisbell-17217-soporte-magnetico-goma-verde-max-2-cuchillos\/"]}]},{"@type":"ImageObject","inLanguage":"en-US","@id":"https:\/\/www.cuchillalia.com\/producto\/bisbell-17217-soporte-magnetico-goma-verde-max-2-cuchillos\/#primaryimage","url":"https:\/\/www.cuchillalia.com\/wordpress\/wp-content\/uploads\/2015\/09\/bisbell-17217-soporte-magnetico-goma-verde-max-2-cuchillos-1.jpg","contentUrl":"https:\/\/www.cuchillalia.com\/wordpress\/wp-content\/uploads\/2015\/09\/bisbell-17217-soporte-magnetico-goma-verde-max-2-cuchillos-1.jpg","width":736,"height":736,"caption":"Bisbell 17217 - Soporte Magn\u00e9tico Goma - Soft Touch Verde (max. 2 cuchillos)"},{"@type":"BreadcrumbList","@id":"https:\/\/www.cuchillalia.com\/producto\/bisbell-17217-soporte-magnetico-goma-verde-max-2-cuchillos\/#breadcrumb","itemListElement":[{"@type":"ListItem","position":1,"name":"Cuchillalia","item":"https:\/\/www.cuchillalia.com\/en\/"},{"@type":"ListItem","position":2,"name":"Tienda","item":"https:\/\/www.cuchillalia.com\/tienda\/"},{"@type":"ListItem","position":3,"name":"Accesorios para cuchillos","item":"https:\/\/www.cuchillalia.com\/categoria\/accesorios-cuchillos\/"},{"@type":"ListItem","position":4,"name":"Soportes magn\u00e9ticos para cuchillos de cocina","item":"https:\/\/www.cuchillalia.com\/categoria\/accesorios-cuchillos\/soportes-magneticos\/"},{"@type":"ListItem","position":5,"name":"Soporte magn\u00e9tico de goma para 2 cuchillos color verde &#8211; Bisbell 17217"}]},{"@type":"WebSite","@id":"https:\/\/www.cuchillalia.com\/#website","url":"https:\/\/www.cuchillalia.com\/","name":"Cuchillalia.com","description":"","publisher":{"@id":"https:\/\/www.cuchillalia.com\/#organization"},"potentialAction":[{"@type":"SearchAction","target":{"@type":"EntryPoint","urlTemplate":"https:\/\/www.cuchillalia.com\/?s={search_term_string}"},"query-input":{"@type":"PropertyValueSpecification","valueRequired":true,"valueName":"search_term_string"}}],"inLanguage":"en-US"},{"@type":"Organization","@id":"https:\/\/www.cuchillalia.com\/#organization","name":"Cuchillalia","url":"https:\/\/www.cuchillalia.com\/","logo":{"@type":"ImageObject","inLanguage":"en-US","@id":"https:\/\/www.cuchillalia.com\/#\/schema\/logo\/image\/","url":"https:\/\/www.cuchillalia.com\/wordpress\/wp-content\/uploads\/2021\/03\/logo-cuchillalia-jpg.jpg","contentUrl":"https:\/\/www.cuchillalia.com\/wordpress\/wp-content\/uploads\/2021\/03\/logo-cuchillalia-jpg.jpg","width":276,"height":192,"caption":"Cuchillalia"},"image":{"@id":"https:\/\/www.cuchillalia.com\/#\/schema\/logo\/image\/"},"sameAs":["http:\/\/www.facebook.com\/cuchillalia","https:\/\/x.com\/Cuchillalia"]}]}},"_links":{"self":[{"href":"https:\/\/www.cuchillalia.com\/en\/wp-json\/wp\/v2\/product\/4927","targetHints":{"allow":["GET"]}}],"collection":[{"href":"https:\/\/www.cuchillalia.com\/en\/wp-json\/wp\/v2\/product"}],"about":[{"href":"https:\/\/www.cuchillalia.com\/en\/wp-json\/wp\/v2\/types\/product"}],"replies":[{"embeddable":true,"href":"https:\/\/www.cuchillalia.com\/en\/wp-json\/wp\/v2\/comments?post=4927"}],"wp:featuredmedia":[{"embeddable":true,"href":"https:\/\/www.cuchillalia.com\/en\/wp-json\/wp\/v2\/media\/36817"}],"wp:attachment":[{"href":"https:\/\/www.cuchillalia.com\/en\/wp-json\/wp\/v2\/media?parent=4927"}],"wp:term":[{"taxonomy":"product_brand","embeddable":true,"href":"https:\/\/www.cuchillalia.com\/en\/wp-json\/wp\/v2\/product_brand?post=4927"},{"taxonomy":"product_cat","embeddable":true,"href":"https:\/\/www.cuchillalia.com\/en\/wp-json\/wp\/v2\/product_cat?post=4927"},{"taxonomy":"product_tag","embeddable":true,"href":"https:\/\/www.cuchillalia.com\/en\/wp-json\/wp\/v2\/product_tag?post=4927"}],"curies":[{"name":"wp","href":"https:\/\/api.w.org\/{rel}","templated":true}]}}