{"id":4863,"date":"2015-05-26T00:00:00","date_gmt":"2015-05-25T22:00:00","guid":{"rendered":"http:\/\/www.cuchillalia.com\/?post_type=product&#038;p=4863"},"modified":"2025-08-13T12:54:13","modified_gmt":"2025-08-13T10:54:13","slug":"kai-vg-0005-cuchillo-yanagiba-24cm-shun-pro-sho","status":"publish","type":"product","link":"https:\/\/www.cuchillalia.com\/en\/producto\/kai-vg-0005-cuchillo-yanagiba-24cm-shun-pro-sho\/","title":{"rendered":"KAI Shun Pro Sho VG-0005 &#8211; Cuchillo yanagiba de 24 cm"},"content":{"rendered":"<h2>Tabla de caracter\u00edsticas cuchillo Yanagiba KAI VG-0005<\/h2>\n<div class='tabla-caracteristicas'>\n<div class='fila'><span class='etiqueta'>Nombre comercial:<\/span><span class='valor'><strong>Cuchillo Shun Pro Sho yanagiba 24 cm<\/strong><\/span><\/div>\n<div class='fila'><span class='etiqueta'>Fabricante:<\/span><span class='valor'>KAI<\/span><\/div>\n<div class='fila'><span class='etiqueta'>Referencia del fabricante:<\/span><span class='valor'>VG-0005<\/span><\/div>\n<div class='fila'><span class='etiqueta'>Longitud de la hoja:<\/span><span class='valor'>24 cm<\/span><\/div>\n<div class='fila'><span class='etiqueta'>Ancho m\u00e1ximo de la hoja:<\/span><span class='valor'>3,5 cm<\/span><\/div>\n<div class='fila'><span class='etiqueta'>Longitud del mango:<\/span><span class='valor'>12,2 cm<\/span><\/div>\n<div class='fila'><span class='etiqueta'>Longitud total:<\/span><span class='valor'>37,6 cm<\/span><\/div>\n<div class='fila'><span class='etiqueta'>Material de la hoja:<\/span><span class='valor'>Acero VG-10<\/span><\/div>\n<div class='fila'><span class='etiqueta'>Tipo de hoja:<\/span><span class='valor'>Afilado por un solo lado<\/span><\/div>\n<div class='fila'><span class='etiqueta'>Dureza:<\/span><span class='valor'>HRc 61\u00b11 Rockwell<\/span><\/div>\n<div class='fila'><span class='etiqueta'>Material del mango:<\/span><span class='valor'>Madera de Pakka negra<\/span><\/div>\n<div class='fila'><span class='etiqueta'>Tipo de mango:<\/span><span class='valor'>Secci\u00f3n asim\u00e9trica con forma de &#8216;D&#8217; o casta\u00f1a<\/span><\/div>\n<div class='fila'><span class='etiqueta'>\u00bfEs apto para zurdos?:<\/span><span class='valor'>Solo para diestros<\/span><\/div>\n<div class='fila'><span class='etiqueta'>Peso del producto:<\/span><span class='valor'>200 g<\/span><\/div>\n<div class='fila'><span class='etiqueta'>Producci\u00f3n:<\/span><span class='valor'>Forjado en caliente<\/span><\/div>\n<div class='fila'><span class='etiqueta'>Presentaci\u00f3n del producto:<\/span><span class='valor'>Caja<\/span><\/div>\n<div class='fila'><span class='etiqueta'>\u00bfEs apto para el lavavajillas?:<\/span><span class='valor'>No<\/span><\/div>\n<div class='fila'><span class='etiqueta'>\u00bfDonde se fabrica?:<\/span><span class='valor'>Jap\u00f3n<\/span><\/div>\n<div class='fila'><span class='etiqueta'>\u00bfQu\u00e9 garant\u00eda tiene?:<\/span><span class='valor'>10 a\u00f1os contra todo defecto de fabricaci\u00f3n, siempre que del producto se haga un uso racional para el cual ha sido fabricado.<\/span><\/div>\n<div class='fila'><span class='etiqueta'>C\u00f3digo de barras (GTIN):<\/span><span class='valor'>4901601382952<\/span><\/div>\n<div class='fila'><span class='etiqueta'>Observaciones:<\/span><span class='valor'>&#8211; Espesor de la hoja:     3,2 mm<br \/>\n&#8211; Esta gama de cuchillos no dispone de cuchillos para zurdos.<br \/>\n&#8211; Decoraci\u00f3n realizada por un lado con una innovadora tecnolog\u00eda de grabado.<\/span><\/div>\n<\/div>\n<h3>Almacenamiento y protecci\u00f3n<\/h3>\n<p>Para el transporte y almacenamiento del cuchillo Yanagiba KAI Shun Pro Sho VG-0005 recomendamos la funda magn\u00e9tica mediana\u00a0KAI CK-M, aunque por su tama\u00f1o, queda parte de la hoja fuera de la funda. Para que la hoja quede completamente protegida, aunque sobre funda, ser\u00eda mas conveniente la grande KAI CK-L:<\/p>\n<div class=\"woocommerce columns-4 \"><ul class=\"products kad_product_wrapper rowtight shopcolumn4 shopfullwidth init-isotope-intrinsic kt-show-rating  reinit-isotope\" data-nextselector=\".woocommerce-pagination a.next\" data-navselector=\".woocommerce-pagination\" data-itemselector=\".kad_product\" data-itemloadselector=\".kt_item_fade_in\" data-iso-selector=\".kad_product\" data-iso-style=\"fitRows\" data-iso-filter=\"true\">\n<li class=\"product type-product post-8790 status-publish first instock product_cat-estuches-y-fundas-kai product_cat-fundas-cuchillos has-post-thumbnail taxable shipping-taxable purchasable product-type-simple col-xxl-2 col-xl-25 col-md-3 col-sm-4 col-xs-6 col-ss-6 estuches-y-fundas-kai fundas-cuchillos kad_product\">\n\t<div class=\"grid_item product_item clearfix kt_item_fade_in\"><a href=\"https:\/\/www.cuchillalia.com\/en\/producto\/kai-ck-m-funda-magnetica-cuchillo-mediana-24x6-cm\/\" class=\"product_item_link product_img_link\"><div class=\"kad-product-noflipper kt-product-hardcrop kt-product-intrinsic\" style=\"padding-bottom:100%;\"><div class=\"kt-product-animation-contain\"><img decoding=\"async\" src=\"https:\/\/www.cuchillalia.com\/wordpress\/wp-content\/uploads\/2016\/06\/cuchillalia-kai-ck-m-funda-magnetica-cuchillo-mediano-300x300.jpg\" srcset=\"https:\/\/www.cuchillalia.com\/wordpress\/wp-content\/uploads\/2016\/06\/cuchillalia-kai-ck-m-funda-magnetica-cuchillo-mediano-300x300.jpg 300w, https:\/\/www.cuchillalia.com\/wordpress\/wp-content\/uploads\/2016\/06\/cuchillalia-kai-ck-m-funda-magnetica-cuchillo-mediano-200x200.jpg 200w, https:\/\/www.cuchillalia.com\/wordpress\/wp-content\/uploads\/2016\/06\/cuchillalia-kai-ck-m-funda-magnetica-cuchillo-mediano-100x100.jpg 100w, https:\/\/www.cuchillalia.com\/wordpress\/wp-content\/uploads\/2016\/06\/cuchillalia-kai-ck-m-funda-magnetica-cuchillo-mediano-566x566.jpg 566w, https:\/\/www.cuchillalia.com\/wordpress\/wp-content\/uploads\/2016\/06\/cuchillalia-kai-ck-m-funda-magnetica-cuchillo-mediano-150x150.jpg 150w, https:\/\/www.cuchillalia.com\/wordpress\/wp-content\/uploads\/2016\/06\/cuchillalia-kai-ck-m-funda-magnetica-cuchillo-mediano-768x768.jpg 768w, https:\/\/www.cuchillalia.com\/wordpress\/wp-content\/uploads\/2016\/06\/cuchillalia-kai-ck-m-funda-magnetica-cuchillo-mediano-1024x1024.jpg 1024w, https:\/\/www.cuchillalia.com\/wordpress\/wp-content\/uploads\/2016\/06\/cuchillalia-kai-ck-m-funda-magnetica-cuchillo-mediano-536x536.jpg 536w, https:\/\/www.cuchillalia.com\/wordpress\/wp-content\/uploads\/2016\/06\/cuchillalia-kai-ck-m-funda-magnetica-cuchillo-mediano-268x268.jpg 268w, https:\/\/www.cuchillalia.com\/wordpress\/wp-content\/uploads\/2016\/06\/cuchillalia-kai-ck-m-funda-magnetica-cuchillo-mediano-600x600.jpg 600w, https:\/\/www.cuchillalia.com\/wordpress\/wp-content\/uploads\/2016\/06\/cuchillalia-kai-ck-m-funda-magnetica-cuchillo-mediano-800x800.jpg 800w, https:\/\/www.cuchillalia.com\/wordpress\/wp-content\/uploads\/2016\/06\/cuchillalia-kai-ck-m-funda-magnetica-cuchillo-mediano-400x400.jpg 400w, https:\/\/www.cuchillalia.com\/wordpress\/wp-content\/uploads\/2016\/06\/cuchillalia-kai-ck-m-funda-magnetica-cuchillo-mediano-720x720.jpg 720w, https:\/\/www.cuchillalia.com\/wordpress\/wp-content\/uploads\/2016\/06\/cuchillalia-kai-ck-m-funda-magnetica-cuchillo-mediano-360x360.jpg 360w, https:\/\/www.cuchillalia.com\/wordpress\/wp-content\/uploads\/2016\/06\/cuchillalia-kai-ck-m-funda-magnetica-cuchillo-mediano.jpg 1600w\" sizes=\"(max-width: 300px) 100vw, 300px\"  alt=\"Cuchillalia - KAI CK-M - Funda magn\u00e9tica para cuchillos medianos\" width=\"300\" height=\"300\" class=\"attachment-shop_catalog wp-post-image size-300x300\"><\/div><\/div><\/a> \n\n\t<div class=\"details_product_item\"><div class=\"product_details\"><a href=\"https:\/\/www.cuchillalia.com\/en\/producto\/kai-ck-m-funda-magnetica-cuchillo-mediana-24x6-cm\/\" class=\"product_item_link\"><h3 class=\"product_archive_title\">Funda magn\u00e9tica para cuchillo mediano de 24&#215;6 cm &#8211; KAI CK-M<\/h3><\/a><\/div>\t\t\n\t<a href=\"https:\/\/www.cuchillalia.com\/en\/producto\/kai-ck-m-funda-magnetica-cuchillo-mediana-24x6-cm\/\"><div class=\"star-rating\" role=\"img\" aria-label=\"Rated 4.85 out of 5\"><span style=\"width:97%\">Rated <strong class=\"rating\">4.85<\/strong> out of 5<\/span><\/div><\/a>\n\t<span class=\"price\"><span class=\"woocommerce-Price-amount amount\"><bdi>22,50<span class=\"woocommerce-Price-currencySymbol\">&euro;<\/span><\/bdi><\/span><\/span>\n<div class=\"clearfix\"><\/div><\/div>\n\t<div class=\"product_action_wrap\"><a href=\"\/en\/wp-json\/wp\/v2\/product\/4863?add-to-cart=8790\" aria-describedby=\"woocommerce_loop_add_to_cart_link_describedby_8790\" data-quantity=\"1\" class=\"button product_type_simple add_to_cart_button ajax_add_to_cart\" data-product_id=\"8790\" data-product_sku=\"KA_CK-M\" aria-label=\"Add to cart: &ldquo;Funda magn\u00e9tica para cuchillo mediano de 24x6 cm - KAI CK-M&rdquo;\" rel=\"nofollow\" data-success_message=\"&ldquo;Funda magn\u00e9tica para cuchillo mediano de 24x6 cm - KAI CK-M&rdquo; has been added to your cart\" role=\"button\">Add to cart<\/a>\t<span id=\"woocommerce_loop_add_to_cart_link_describedby_8790\" class=\"screen-reader-text\">\n\t\t\t<\/span>\n\t\t\t<input type=\"hidden\" class=\"pmwProductId\" data-id=\"8790\">\n\t\t\t\t\t<script>\n\t\t\t(window.pmwDataLayer = window.pmwDataLayer || {}).products                = window.pmwDataLayer.products || {};\n\t\t\twindow.pmwDataLayer.products[8790] = {\"id\":\"8790\",\"sku\":\"KA_CK-M\",\"price\":22.5,\"brand\":\"\",\"quantity\":1,\"dyn_r_ids\":{\"post_id\":\"8790\",\"sku\":\"KA_CK-M\",\"gpf\":\"woocommerce_gpf_8790\",\"gla\":\"gla_8790\"},\"is_variable\":false,\"type\":\"simple\",\"name\":\"Funda magn\u00e9tica para cuchillo mediano de 24x6 cm - KAI CK-M\",\"category\":[\"Estuches y fundas KAI\",\"Fundas para cuchillos\"],\"is_variation\":false};\n\t\t\t\t\twindow.pmw_product_position = window.pmw_product_position || 1;\n\t\twindow.pmwDataLayer.products[8790]['position'] = window.pmw_product_position++;\n\t\t\t\t<\/script>\n\t\t<\/div><\/div><\/li><li class=\"product type-product post-8791 status-publish instock product_cat-estuches-y-fundas-kai product_cat-fundas-cuchillos has-post-thumbnail taxable shipping-taxable purchasable product-type-simple col-xxl-2 col-xl-25 col-md-3 col-sm-4 col-xs-6 col-ss-6 estuches-y-fundas-kai fundas-cuchillos kad_product\">\n\t<div class=\"grid_item product_item clearfix kt_item_fade_in\"><a href=\"https:\/\/www.cuchillalia.com\/en\/producto\/kai-ck-l-funda-magnetica-cuchillo-grande-32x6-cm\/\" class=\"product_item_link product_img_link\"><div class=\"kad-product-noflipper kt-product-hardcrop kt-product-intrinsic\" style=\"padding-bottom:100%;\"><div class=\"kt-product-animation-contain\"><img decoding=\"async\" src=\"https:\/\/www.cuchillalia.com\/wordpress\/wp-content\/uploads\/2016\/06\/cuchillalia-kai-ck-l-funda-magnetica-cuchillo-grande-300x300.jpg\" srcset=\"https:\/\/www.cuchillalia.com\/wordpress\/wp-content\/uploads\/2016\/06\/cuchillalia-kai-ck-l-funda-magnetica-cuchillo-grande-300x300.jpg 300w, https:\/\/www.cuchillalia.com\/wordpress\/wp-content\/uploads\/2016\/06\/cuchillalia-kai-ck-l-funda-magnetica-cuchillo-grande-200x200.jpg 200w, https:\/\/www.cuchillalia.com\/wordpress\/wp-content\/uploads\/2016\/06\/cuchillalia-kai-ck-l-funda-magnetica-cuchillo-grande-100x100.jpg 100w, https:\/\/www.cuchillalia.com\/wordpress\/wp-content\/uploads\/2016\/06\/cuchillalia-kai-ck-l-funda-magnetica-cuchillo-grande-566x566.jpg 566w, https:\/\/www.cuchillalia.com\/wordpress\/wp-content\/uploads\/2016\/06\/cuchillalia-kai-ck-l-funda-magnetica-cuchillo-grande-150x150.jpg 150w, https:\/\/www.cuchillalia.com\/wordpress\/wp-content\/uploads\/2016\/06\/cuchillalia-kai-ck-l-funda-magnetica-cuchillo-grande-768x768.jpg 768w, https:\/\/www.cuchillalia.com\/wordpress\/wp-content\/uploads\/2016\/06\/cuchillalia-kai-ck-l-funda-magnetica-cuchillo-grande-1024x1024.jpg 1024w, https:\/\/www.cuchillalia.com\/wordpress\/wp-content\/uploads\/2016\/06\/cuchillalia-kai-ck-l-funda-magnetica-cuchillo-grande-536x536.jpg 536w, https:\/\/www.cuchillalia.com\/wordpress\/wp-content\/uploads\/2016\/06\/cuchillalia-kai-ck-l-funda-magnetica-cuchillo-grande-268x268.jpg 268w, https:\/\/www.cuchillalia.com\/wordpress\/wp-content\/uploads\/2016\/06\/cuchillalia-kai-ck-l-funda-magnetica-cuchillo-grande-600x600.jpg 600w, https:\/\/www.cuchillalia.com\/wordpress\/wp-content\/uploads\/2016\/06\/cuchillalia-kai-ck-l-funda-magnetica-cuchillo-grande-668x668.jpg 668w, https:\/\/www.cuchillalia.com\/wordpress\/wp-content\/uploads\/2016\/06\/cuchillalia-kai-ck-l-funda-magnetica-cuchillo-grande-334x334.jpg 334w, https:\/\/www.cuchillalia.com\/wordpress\/wp-content\/uploads\/2016\/06\/cuchillalia-kai-ck-l-funda-magnetica-cuchillo-grande-720x720.jpg 720w, https:\/\/www.cuchillalia.com\/wordpress\/wp-content\/uploads\/2016\/06\/cuchillalia-kai-ck-l-funda-magnetica-cuchillo-grande-360x360.jpg 360w, https:\/\/www.cuchillalia.com\/wordpress\/wp-content\/uploads\/2016\/06\/cuchillalia-kai-ck-l-funda-magnetica-cuchillo-grande-800x800.jpg 800w, https:\/\/www.cuchillalia.com\/wordpress\/wp-content\/uploads\/2016\/06\/cuchillalia-kai-ck-l-funda-magnetica-cuchillo-grande-400x400.jpg 400w, https:\/\/www.cuchillalia.com\/wordpress\/wp-content\/uploads\/2016\/06\/cuchillalia-kai-ck-l-funda-magnetica-cuchillo-grande-480x480.jpg 480w, https:\/\/www.cuchillalia.com\/wordpress\/wp-content\/uploads\/2016\/06\/cuchillalia-kai-ck-l-funda-magnetica-cuchillo-grande-240x240.jpg 240w, https:\/\/www.cuchillalia.com\/wordpress\/wp-content\/uploads\/2016\/06\/cuchillalia-kai-ck-l-funda-magnetica-cuchillo-grande.jpg 1600w\" sizes=\"(max-width: 300px) 100vw, 300px\"  alt=\"Cuchillalia - KAI CK-L - Funda magn\u00e9tica para cuchillos grandes\" width=\"300\" height=\"300\" class=\"attachment-shop_catalog wp-post-image size-300x300\"><\/div><\/div><\/a> \n\n\t<div class=\"details_product_item\"><div class=\"product_details\"><a href=\"https:\/\/www.cuchillalia.com\/en\/producto\/kai-ck-l-funda-magnetica-cuchillo-grande-32x6-cm\/\" class=\"product_item_link\"><h3 class=\"product_archive_title\">Funda magn\u00e9tica para cuchillo grande de 32&#215;6 cm &#8211; KAI CK-L<\/h3><\/a><\/div>\t\t\n\t<a href=\"https:\/\/www.cuchillalia.com\/en\/producto\/kai-ck-l-funda-magnetica-cuchillo-grande-32x6-cm\/\"><div class=\"star-rating\" role=\"img\" aria-label=\"Rated 4.50 out of 5\"><span style=\"width:90%\">Rated <strong class=\"rating\">4.50<\/strong> out of 5<\/span><\/div><\/a>\n\t<span class=\"price\"><span class=\"woocommerce-Price-amount amount\"><bdi>24,95<span class=\"woocommerce-Price-currencySymbol\">&euro;<\/span><\/bdi><\/span><\/span>\n<div class=\"clearfix\"><\/div><\/div>\n\t<div class=\"product_action_wrap\"><a href=\"\/en\/wp-json\/wp\/v2\/product\/4863?add-to-cart=8791\" aria-describedby=\"woocommerce_loop_add_to_cart_link_describedby_8791\" data-quantity=\"1\" class=\"button product_type_simple add_to_cart_button ajax_add_to_cart\" data-product_id=\"8791\" data-product_sku=\"KA_CK-L\" aria-label=\"Add to cart: &ldquo;Funda magn\u00e9tica para cuchillo grande de 32x6 cm - KAI CK-L&rdquo;\" rel=\"nofollow\" data-success_message=\"&ldquo;Funda magn\u00e9tica para cuchillo grande de 32x6 cm - KAI CK-L&rdquo; has been added to your cart\" role=\"button\">Add to cart<\/a>\t<span id=\"woocommerce_loop_add_to_cart_link_describedby_8791\" class=\"screen-reader-text\">\n\t\t\t<\/span>\n\t\t\t<input type=\"hidden\" class=\"pmwProductId\" data-id=\"8791\">\n\t\t\t\t\t<script>\n\t\t\t(window.pmwDataLayer = window.pmwDataLayer || {}).products                = window.pmwDataLayer.products || {};\n\t\t\twindow.pmwDataLayer.products[8791] = {\"id\":\"8791\",\"sku\":\"KA_CK-L\",\"price\":24.949999999999999,\"brand\":\"\",\"quantity\":1,\"dyn_r_ids\":{\"post_id\":\"8791\",\"sku\":\"KA_CK-L\",\"gpf\":\"woocommerce_gpf_8791\",\"gla\":\"gla_8791\"},\"is_variable\":false,\"type\":\"simple\",\"name\":\"Funda magn\u00e9tica para cuchillo grande de 32x6 cm - KAI CK-L\",\"category\":[\"Estuches y fundas KAI\",\"Fundas para cuchillos\"],\"is_variation\":false};\n\t\t\t\t\twindow.pmw_product_position = window.pmw_product_position || 1;\n\t\twindow.pmwDataLayer.products[8791]['position'] = window.pmw_product_position++;\n\t\t\t\t<\/script>\n\t\t<\/div><\/div><\/li><\/ul>\n<\/div>\n<h3>Otros modelos de cuchillos KAI Shun Pro Sho<\/h3>\n<p>En <strong>Cuchillalia.com<\/strong> disponemos de m\u00e1s modelos de cuchillos de la serie <strong><a href='https:\/\/www.cuchillalia.com\/categoria\/marcas\/kai\/shun-pro-sho\/'>KAI Shun Pro Sho<\/a><\/strong>, como por ejemplo:<\/p>\n<div class=\"woocommerce columns-4 outofstock\"><\/div>\n","protected":false},"excerpt":{"rendered":"<p><strong>Cuchillo yanagiba<\/strong> de <strong>KAI VG-0005<\/strong>, serie <strong>Shun Pro Sho<\/strong>, con hoja en acero VG-10 de 24\u00a0cm, fabricado en Jap\u00f3n, con mango cl\u00e1sico de madera de Pakka.&hellip; <a class=\"kt-excerpt-readmore more-link\" href=\"https:\/\/www.cuchillalia.com\/en\/producto\/kai-vg-0005-cuchillo-yanagiba-24cm-shun-pro-sho\/\" aria-label=\"KAI Shun Pro Sho VG-0005 &#8211; Cuchillo yanagiba de 24 cm\">Read More<\/a><\/p>\n","protected":false},"featured_media":7172,"comment_status":"open","ping_status":"closed","template":"","meta":[],"product_brand":[],"product_cat":[8312,8395],"product_tag":[],"class_list":{"0":"post-4863","1":"product","2":"type-product","3":"status-publish","4":"has-post-thumbnail","6":"product_cat-yanagiba","7":"product_cat-shun-pro-sho","9":"first","10":"outofstock","11":"taxable","12":"shipping-taxable","13":"purchasable","14":"product-type-simple"},"yoast_head":"<!-- This site is optimized with the Yoast SEO plugin v27.5 - https:\/\/yoast.com\/product\/yoast-seo-wordpress\/ -->\n<title>KAI VG-0005 | Cuchillo Yanagiba 24cm Shun Pro Sho | Cuchillalia.com<\/title>\n<meta name=\"description\" content=\"Cuchillo yanagiba de KAI de la serie Shun Pro Sho. Acero VG-10 de 24 cm. Fabricado en Jap\u00f3n, con mango cl\u00e1sico de madera de Pakka.\" \/>\n<meta name=\"robots\" content=\"index, follow, max-snippet:-1, max-image-preview:large, max-video-preview:-1\" \/>\n<link rel=\"canonical\" href=\"https:\/\/www.cuchillalia.com\/producto\/kai-vg-0005-cuchillo-yanagiba-24cm-shun-pro-sho\/\" \/>\n<meta property=\"og:locale\" content=\"en_US\" \/>\n<meta property=\"og:type\" content=\"article\" \/>\n<meta property=\"og:title\" content=\"KAI VG-0005 | Cuchillo Yanagiba 24cm Shun Pro Sho | Cuchillalia.com\" \/>\n<meta property=\"og:description\" content=\"Cuchillo yanagiba de KAI de la serie Shun Pro Sho. Acero VG-10 de 24 cm. Fabricado en Jap\u00f3n, con mango cl\u00e1sico de madera de Pakka.\" \/>\n<meta property=\"og:url\" content=\"https:\/\/www.cuchillalia.com\/producto\/kai-vg-0005-cuchillo-yanagiba-24cm-shun-pro-sho\/\" \/>\n<meta property=\"og:site_name\" content=\"Cuchillalia.com\" \/>\n<meta property=\"article:publisher\" content=\"http:\/\/www.facebook.com\/cuchillalia\" \/>\n<meta property=\"article:modified_time\" content=\"2025-08-13T10:54:13+00:00\" \/>\n<meta property=\"og:image\" content=\"https:\/\/www.cuchillalia.com\/wordpress\/wp-content\/uploads\/2015\/05\/cuchillalia-kai-vg-0005-cuchillo-yanagiba-24-cm.jpg\" \/>\n\t<meta property=\"og:image:width\" content=\"1500\" \/>\n\t<meta property=\"og:image:height\" content=\"1500\" \/>\n\t<meta property=\"og:image:type\" content=\"image\/jpeg\" \/>\n<meta name=\"twitter:card\" content=\"summary_large_image\" \/>\n<meta name=\"twitter:site\" content=\"@Cuchillalia\" \/>\n<meta name=\"twitter:label1\" content=\"Est. reading time\" \/>\n\t<meta name=\"twitter:data1\" content=\"2 minutes\" \/>\n<!-- \/ Yoast SEO plugin. -->","yoast_head_json":{"title":"KAI VG-0005 | Cuchillo Yanagiba 24cm Shun Pro Sho | Cuchillalia.com","description":"Cuchillo yanagiba de KAI de la serie Shun Pro Sho. Acero VG-10 de 24 cm. Fabricado en Jap\u00f3n, con mango cl\u00e1sico de madera de Pakka.","robots":{"index":"index","follow":"follow","max-snippet":"max-snippet:-1","max-image-preview":"max-image-preview:large","max-video-preview":"max-video-preview:-1"},"canonical":"https:\/\/www.cuchillalia.com\/producto\/kai-vg-0005-cuchillo-yanagiba-24cm-shun-pro-sho\/","og_locale":"en_US","og_type":"article","og_title":"KAI VG-0005 | Cuchillo Yanagiba 24cm Shun Pro Sho | Cuchillalia.com","og_description":"Cuchillo yanagiba de KAI de la serie Shun Pro Sho. Acero VG-10 de 24 cm. Fabricado en Jap\u00f3n, con mango cl\u00e1sico de madera de Pakka.","og_url":"https:\/\/www.cuchillalia.com\/producto\/kai-vg-0005-cuchillo-yanagiba-24cm-shun-pro-sho\/","og_site_name":"Cuchillalia.com","article_publisher":"http:\/\/www.facebook.com\/cuchillalia","article_modified_time":"2025-08-13T10:54:13+00:00","og_image":[{"width":1500,"height":1500,"url":"https:\/\/www.cuchillalia.com\/wordpress\/wp-content\/uploads\/2015\/05\/cuchillalia-kai-vg-0005-cuchillo-yanagiba-24-cm.jpg","type":"image\/jpeg"}],"twitter_card":"summary_large_image","twitter_site":"@Cuchillalia","twitter_misc":{"Est. reading time":"2 minutes"},"schema":{"@context":"https:\/\/schema.org","@graph":[{"@type":"WebPage","@id":"https:\/\/www.cuchillalia.com\/producto\/kai-vg-0005-cuchillo-yanagiba-24cm-shun-pro-sho\/","url":"https:\/\/www.cuchillalia.com\/producto\/kai-vg-0005-cuchillo-yanagiba-24cm-shun-pro-sho\/","name":"KAI VG-0005 | Cuchillo Yanagiba 24cm Shun Pro Sho | Cuchillalia.com","isPartOf":{"@id":"https:\/\/www.cuchillalia.com\/#website"},"primaryImageOfPage":{"@id":"https:\/\/www.cuchillalia.com\/producto\/kai-vg-0005-cuchillo-yanagiba-24cm-shun-pro-sho\/#primaryimage"},"image":{"@id":"https:\/\/www.cuchillalia.com\/producto\/kai-vg-0005-cuchillo-yanagiba-24cm-shun-pro-sho\/#primaryimage"},"thumbnailUrl":"https:\/\/www.cuchillalia.com\/wordpress\/wp-content\/uploads\/2015\/05\/cuchillalia-kai-vg-0005-cuchillo-yanagiba-24-cm.jpg","datePublished":"2015-05-25T22:00:00+00:00","dateModified":"2025-08-13T10:54:13+00:00","description":"Cuchillo yanagiba de KAI de la serie Shun Pro Sho. Acero VG-10 de 24 cm. Fabricado en Jap\u00f3n, con mango cl\u00e1sico de madera de Pakka.","breadcrumb":{"@id":"https:\/\/www.cuchillalia.com\/producto\/kai-vg-0005-cuchillo-yanagiba-24cm-shun-pro-sho\/#breadcrumb"},"inLanguage":"en-US","potentialAction":[{"@type":"ReadAction","target":["https:\/\/www.cuchillalia.com\/producto\/kai-vg-0005-cuchillo-yanagiba-24cm-shun-pro-sho\/"]}]},{"@type":"ImageObject","inLanguage":"en-US","@id":"https:\/\/www.cuchillalia.com\/producto\/kai-vg-0005-cuchillo-yanagiba-24cm-shun-pro-sho\/#primaryimage","url":"https:\/\/www.cuchillalia.com\/wordpress\/wp-content\/uploads\/2015\/05\/cuchillalia-kai-vg-0005-cuchillo-yanagiba-24-cm.jpg","contentUrl":"https:\/\/www.cuchillalia.com\/wordpress\/wp-content\/uploads\/2015\/05\/cuchillalia-kai-vg-0005-cuchillo-yanagiba-24-cm.jpg","width":1500,"height":1500,"caption":"Cuchillalia - KAI VG-0005 Shun Pro Sho - Cuchillo Yanagiba 24cm"},{"@type":"BreadcrumbList","@id":"https:\/\/www.cuchillalia.com\/producto\/kai-vg-0005-cuchillo-yanagiba-24cm-shun-pro-sho\/#breadcrumb","itemListElement":[{"@type":"ListItem","position":1,"name":"Cuchillalia","item":"https:\/\/www.cuchillalia.com\/en\/"},{"@type":"ListItem","position":2,"name":"Tienda","item":"https:\/\/www.cuchillalia.com\/tienda\/"},{"@type":"ListItem","position":3,"name":"Marcas","item":"https:\/\/www.cuchillalia.com\/categoria\/marcas\/"},{"@type":"ListItem","position":4,"name":"KAI","item":"https:\/\/www.cuchillalia.com\/categoria\/marcas\/kai\/"},{"@type":"ListItem","position":5,"name":"KAI Shun Pro Sho","item":"https:\/\/www.cuchillalia.com\/categoria\/marcas\/kai\/shun-pro-sho\/"},{"@type":"ListItem","position":6,"name":"KAI Shun Pro Sho VG-0005 &#8211; Cuchillo yanagiba de 24 cm"}]},{"@type":"WebSite","@id":"https:\/\/www.cuchillalia.com\/#website","url":"https:\/\/www.cuchillalia.com\/","name":"Cuchillalia.com","description":"","publisher":{"@id":"https:\/\/www.cuchillalia.com\/#organization"},"potentialAction":[{"@type":"SearchAction","target":{"@type":"EntryPoint","urlTemplate":"https:\/\/www.cuchillalia.com\/?s={search_term_string}"},"query-input":{"@type":"PropertyValueSpecification","valueRequired":true,"valueName":"search_term_string"}}],"inLanguage":"en-US"},{"@type":"Organization","@id":"https:\/\/www.cuchillalia.com\/#organization","name":"Cuchillalia","url":"https:\/\/www.cuchillalia.com\/","logo":{"@type":"ImageObject","inLanguage":"en-US","@id":"https:\/\/www.cuchillalia.com\/#\/schema\/logo\/image\/","url":"https:\/\/www.cuchillalia.com\/wordpress\/wp-content\/uploads\/2021\/03\/logo-cuchillalia-jpg.jpg","contentUrl":"https:\/\/www.cuchillalia.com\/wordpress\/wp-content\/uploads\/2021\/03\/logo-cuchillalia-jpg.jpg","width":276,"height":192,"caption":"Cuchillalia"},"image":{"@id":"https:\/\/www.cuchillalia.com\/#\/schema\/logo\/image\/"},"sameAs":["http:\/\/www.facebook.com\/cuchillalia","https:\/\/x.com\/Cuchillalia"]}]}},"_links":{"self":[{"href":"https:\/\/www.cuchillalia.com\/en\/wp-json\/wp\/v2\/product\/4863","targetHints":{"allow":["GET"]}}],"collection":[{"href":"https:\/\/www.cuchillalia.com\/en\/wp-json\/wp\/v2\/product"}],"about":[{"href":"https:\/\/www.cuchillalia.com\/en\/wp-json\/wp\/v2\/types\/product"}],"replies":[{"embeddable":true,"href":"https:\/\/www.cuchillalia.com\/en\/wp-json\/wp\/v2\/comments?post=4863"}],"wp:featuredmedia":[{"embeddable":true,"href":"https:\/\/www.cuchillalia.com\/en\/wp-json\/wp\/v2\/media\/7172"}],"wp:attachment":[{"href":"https:\/\/www.cuchillalia.com\/en\/wp-json\/wp\/v2\/media?parent=4863"}],"wp:term":[{"taxonomy":"product_brand","embeddable":true,"href":"https:\/\/www.cuchillalia.com\/en\/wp-json\/wp\/v2\/product_brand?post=4863"},{"taxonomy":"product_cat","embeddable":true,"href":"https:\/\/www.cuchillalia.com\/en\/wp-json\/wp\/v2\/product_cat?post=4863"},{"taxonomy":"product_tag","embeddable":true,"href":"https:\/\/www.cuchillalia.com\/en\/wp-json\/wp\/v2\/product_tag?post=4863"}],"curies":[{"name":"wp","href":"https:\/\/api.w.org\/{rel}","templated":true}]}}