{"id":4556,"date":"2015-08-21T00:00:00","date_gmt":"2015-08-20T22:00:00","guid":{"rendered":"http:\/\/www.cuchillalia.com\/?post_type=product&#038;p=4556"},"modified":"2026-04-13T14:10:18","modified_gmt":"2026-04-13T12:10:18","slug":"wusthof-classic-ikon-9276-estuche-puntilla-santoku","status":"publish","type":"product","link":"https:\/\/www.cuchillalia.com\/en\/producto\/wusthof-classic-ikon-9276-estuche-puntilla-santoku\/","title":{"rendered":"Estuche de 2 cuchillos (mondador+santoku) &#8211; W\u00fcsthof Classic Ikon"},"content":{"rendered":"<h2>Tabla de caracter\u00edsticas estuche de 2 cuchillos W\u00fcsthof Classic Ikon 9276<\/h2>\n<div class='tabla-caracteristicas'>\n<div class='fila'><span class='etiqueta'>Nombre comercial:<\/span><span class='valor'><strong>Estuche puntilla + santoku Classic Ikon<\/strong><\/span><\/div>\n<div class='fila'><span class='etiqueta'>Fabricante:<\/span><span class='valor'>W\u00fcsthof<\/span><\/div>\n<div class='fila'><span class='etiqueta'>Referencia del fabricante:<\/span><span class='valor'>9276<\/span><\/div>\n<div class='fila'><span class='etiqueta'>Longitud de la hoja:<\/span><span class='valor'>4006\/08 &#8211; Verduras &#8211; 8 cm<br \/>\n4176\/17 &#8211; Santoku &#8211; 17 cm<\/span><\/div>\n<div class='fila'><span class='etiqueta'>Material de la hoja:<\/span><span class='valor'>Acero inoxidable<\/span><\/div>\n<div class='fila'><span class='etiqueta'>Material del mango:<\/span><span class='valor'>POM (polioximetileno) de color negro<\/span><\/div>\n<div class='fila'><span class='etiqueta'>Tipo de mango:<\/span><span class='valor'>Cachas de POM con 3 remaches sin juntas<\/span><\/div>\n<div class='fila'><span class='etiqueta'>\u00bfEs apto para zurdos?:<\/span><span class='valor'>Para diestros y zurdos<\/span><\/div>\n<div class='fila'><span class='etiqueta'>Producci\u00f3n:<\/span><span class='valor'>Forjado en caliente<\/span><\/div>\n<div class='fila'><span class='etiqueta'>Presentaci\u00f3n del producto:<\/span><span class='valor'>Caja<\/span><\/div>\n<div class='fila'><span class='etiqueta'>\u00bfDonde se fabrica?:<\/span><span class='valor'>Solingen &#8211; Alemania<\/span><\/div>\n<div class='fila'><span class='etiqueta'>C\u00f3digo de barras (GTIN):<\/span><span class='valor'>4002293927602<\/span><\/div>\n<div class='fila'><span class='etiqueta'>Observaciones:<\/span><span class='valor'>&#8211; Forjado a partir de una \u00fanica pieza de acero inoxidable, con un mango que se sujeta c\u00f3modamente con la mano.<br \/>\n&#8211; Las cachas tienen triple remachado y el montaje final queda sin juntas y as\u00ed higi\u00e9nicamente perfectas.<br \/>\n&#8211; Los modelos Classic Ikon est\u00e1n perfectamente equilibrados para poder cortar casi sin cansarse.<br \/>\n&#8211; El dise\u00f1o de la virola es especial, quedando perfecto para cortar y tambi\u00e9n para afilar la hoja completa.<br \/>\n&#8211; Gracias a la tecnolog\u00eda PEtec (Precision Edge Technology de W\u00fcsthof) los filos duran mucho mas tiempo.<\/span><\/div>\n<\/div>\n<p>&nbsp;<\/p>\n<p>Estuche compuesto de los cuchillos siguientes:<\/p>\n<p><a href='https:\/\/www.cuchillalia.com\/producto\/wusthof-classic-ikon-4006-8-cuchillo-mondador-8cm\/'><strong>W\u00fcsthof Classic Ikon 4006\/08 \u2013 Cuchillo mondador de 8 cm<\/strong><\/a><\/p>\n<p><a href='https:\/\/www.cuchillalia.com\/producto\/wusthof-classic-ikon-4176-17-cuchillo-santoku-alveolado-17cm\/'><strong>W\u00fcsthof Classic Ikon 4176\/17 \u2013 Cuchillo santoku alveolado de 17 cm<\/strong><\/a><\/p>\n","protected":false},"excerpt":{"rendered":"<p>Estuche con <a href=\"https:\/\/www.cuchillalia.com\/producto\/wusthof-classic-ikon-4006-8-cuchillo-mondador-8cm\/\"><strong>cuchillo mondador (4006\/08)<\/strong><\/a> y <a href=\"https:\/\/www.cuchillalia.com\/producto\/wusthof-classic-ikon-4176-17-cuchillo-santoku-alveolado-17cm\/\"><strong>cuchillo santoku alveolado (4176\/17)<\/strong><\/a>, <strong>W\u00fcsthof Classic Ikon 9276<\/strong>, de mango negro. <em>Fabricados en Alemania<\/em>.&hellip; <a class=\"kt-excerpt-readmore more-link\" href=\"https:\/\/www.cuchillalia.com\/en\/producto\/wusthof-classic-ikon-9276-estuche-puntilla-santoku\/\" aria-label=\"Estuche de 2 cuchillos (mondador+santoku) &#8211; W\u00fcsthof Classic Ikon\">Read More<\/a><\/p>\n","protected":false},"featured_media":44295,"comment_status":"open","ping_status":"closed","template":"","meta":[],"product_brand":[],"product_cat":[8354,8421],"product_tag":[],"class_list":{"0":"post-4556","1":"product","2":"type-product","3":"status-publish","4":"has-post-thumbnail","6":"product_cat-juegos-de-cuchillos","7":"product_cat-classic-ikon","9":"first","10":"onbackorder","11":"taxable","12":"shipping-taxable","13":"purchasable","14":"product-type-simple"},"yoast_head":"<!-- This site is optimized with the Yoast SEO plugin v27.5 - https:\/\/yoast.com\/product\/yoast-seo-wordpress\/ -->\n<title>Estuche de mondador y santoku - W\u00fcsthof Classic Ikon 9276<\/title>\n<meta name=\"robots\" content=\"index, follow, max-snippet:-1, max-image-preview:large, max-video-preview:-1\" \/>\n<link rel=\"canonical\" href=\"https:\/\/www.cuchillalia.com\/producto\/wusthof-classic-ikon-9276-estuche-puntilla-santoku\/\" \/>\n<meta property=\"og:locale\" content=\"en_US\" \/>\n<meta property=\"og:type\" content=\"article\" \/>\n<meta property=\"og:title\" content=\"Estuche de mondador y santoku - W\u00fcsthof Classic Ikon 9276\" \/>\n<meta property=\"og:description\" content=\"Estuche con cuchillo mondador (4006\/08) y cuchillo santoku alveolado (4176\/17), W\u00fcsthof Classic Ikon 9276, de mango negro. Fabricados en Alemania.&hellip; Read More\" \/>\n<meta property=\"og:url\" content=\"https:\/\/www.cuchillalia.com\/producto\/wusthof-classic-ikon-9276-estuche-puntilla-santoku\/\" \/>\n<meta property=\"og:site_name\" content=\"Cuchillalia.com\" \/>\n<meta property=\"article:publisher\" content=\"http:\/\/www.facebook.com\/cuchillalia\" \/>\n<meta property=\"article:modified_time\" content=\"2026-04-13T12:10:18+00:00\" \/>\n<meta property=\"og:image\" content=\"https:\/\/www.cuchillalia.com\/wordpress\/wp-content\/uploads\/2015\/08\/cuchillalia-wusthof-classic-ikon-9276-estuche-2-cuchillos.jpg\" \/>\n\t<meta property=\"og:image:width\" content=\"1280\" \/>\n\t<meta property=\"og:image:height\" content=\"1280\" \/>\n\t<meta property=\"og:image:type\" content=\"image\/jpeg\" \/>\n<meta name=\"twitter:card\" content=\"summary_large_image\" \/>\n<meta name=\"twitter:site\" content=\"@Cuchillalia\" \/>\n<meta name=\"twitter:label1\" content=\"Est. reading time\" \/>\n\t<meta name=\"twitter:data1\" content=\"1 minute\" \/>\n<!-- \/ Yoast SEO plugin. -->","yoast_head_json":{"title":"Estuche de mondador y santoku - W\u00fcsthof Classic Ikon 9276","robots":{"index":"index","follow":"follow","max-snippet":"max-snippet:-1","max-image-preview":"max-image-preview:large","max-video-preview":"max-video-preview:-1"},"canonical":"https:\/\/www.cuchillalia.com\/producto\/wusthof-classic-ikon-9276-estuche-puntilla-santoku\/","og_locale":"en_US","og_type":"article","og_title":"Estuche de mondador y santoku - W\u00fcsthof Classic Ikon 9276","og_description":"Estuche con cuchillo mondador (4006\/08) y cuchillo santoku alveolado (4176\/17), W\u00fcsthof Classic Ikon 9276, de mango negro. Fabricados en Alemania.&hellip; Read More","og_url":"https:\/\/www.cuchillalia.com\/producto\/wusthof-classic-ikon-9276-estuche-puntilla-santoku\/","og_site_name":"Cuchillalia.com","article_publisher":"http:\/\/www.facebook.com\/cuchillalia","article_modified_time":"2026-04-13T12:10:18+00:00","og_image":[{"width":1280,"height":1280,"url":"https:\/\/www.cuchillalia.com\/wordpress\/wp-content\/uploads\/2015\/08\/cuchillalia-wusthof-classic-ikon-9276-estuche-2-cuchillos.jpg","type":"image\/jpeg"}],"twitter_card":"summary_large_image","twitter_site":"@Cuchillalia","twitter_misc":{"Est. reading time":"1 minute"},"schema":{"@context":"https:\/\/schema.org","@graph":[{"@type":"WebPage","@id":"https:\/\/www.cuchillalia.com\/producto\/wusthof-classic-ikon-9276-estuche-puntilla-santoku\/","url":"https:\/\/www.cuchillalia.com\/producto\/wusthof-classic-ikon-9276-estuche-puntilla-santoku\/","name":"Estuche de mondador y santoku - W\u00fcsthof Classic Ikon 9276","isPartOf":{"@id":"https:\/\/www.cuchillalia.com\/#website"},"primaryImageOfPage":{"@id":"https:\/\/www.cuchillalia.com\/producto\/wusthof-classic-ikon-9276-estuche-puntilla-santoku\/#primaryimage"},"image":{"@id":"https:\/\/www.cuchillalia.com\/producto\/wusthof-classic-ikon-9276-estuche-puntilla-santoku\/#primaryimage"},"thumbnailUrl":"https:\/\/www.cuchillalia.com\/wordpress\/wp-content\/uploads\/2015\/08\/cuchillalia-wusthof-classic-ikon-9276-estuche-2-cuchillos.jpg","datePublished":"2015-08-20T22:00:00+00:00","dateModified":"2026-04-13T12:10:18+00:00","breadcrumb":{"@id":"https:\/\/www.cuchillalia.com\/producto\/wusthof-classic-ikon-9276-estuche-puntilla-santoku\/#breadcrumb"},"inLanguage":"en-US","potentialAction":[{"@type":"ReadAction","target":["https:\/\/www.cuchillalia.com\/producto\/wusthof-classic-ikon-9276-estuche-puntilla-santoku\/"]}]},{"@type":"ImageObject","inLanguage":"en-US","@id":"https:\/\/www.cuchillalia.com\/producto\/wusthof-classic-ikon-9276-estuche-puntilla-santoku\/#primaryimage","url":"https:\/\/www.cuchillalia.com\/wordpress\/wp-content\/uploads\/2015\/08\/cuchillalia-wusthof-classic-ikon-9276-estuche-2-cuchillos.jpg","contentUrl":"https:\/\/www.cuchillalia.com\/wordpress\/wp-content\/uploads\/2015\/08\/cuchillalia-wusthof-classic-ikon-9276-estuche-2-cuchillos.jpg","width":1280,"height":1280,"caption":"Estuche Puntilla + Santoku W\u00fcsthof Classic Ikon 9276"},{"@type":"BreadcrumbList","@id":"https:\/\/www.cuchillalia.com\/producto\/wusthof-classic-ikon-9276-estuche-puntilla-santoku\/#breadcrumb","itemListElement":[{"@type":"ListItem","position":1,"name":"Cuchillalia","item":"https:\/\/www.cuchillalia.com\/en\/"},{"@type":"ListItem","position":2,"name":"Tienda","item":"https:\/\/www.cuchillalia.com\/tienda\/"},{"@type":"ListItem","position":3,"name":"Cuchillos de cocina","item":"https:\/\/www.cuchillalia.com\/categoria\/cuchillos\/"},{"@type":"ListItem","position":4,"name":"Juegos de cuchillos","item":"https:\/\/www.cuchillalia.com\/categoria\/cuchillos\/juegos-de-cuchillos\/"},{"@type":"ListItem","position":5,"name":"Estuche de 2 cuchillos (mondador+santoku) &#8211; W\u00fcsthof Classic Ikon"}]},{"@type":"WebSite","@id":"https:\/\/www.cuchillalia.com\/#website","url":"https:\/\/www.cuchillalia.com\/","name":"Cuchillalia.com","description":"","publisher":{"@id":"https:\/\/www.cuchillalia.com\/#organization"},"potentialAction":[{"@type":"SearchAction","target":{"@type":"EntryPoint","urlTemplate":"https:\/\/www.cuchillalia.com\/?s={search_term_string}"},"query-input":{"@type":"PropertyValueSpecification","valueRequired":true,"valueName":"search_term_string"}}],"inLanguage":"en-US"},{"@type":"Organization","@id":"https:\/\/www.cuchillalia.com\/#organization","name":"Cuchillalia","url":"https:\/\/www.cuchillalia.com\/","logo":{"@type":"ImageObject","inLanguage":"en-US","@id":"https:\/\/www.cuchillalia.com\/#\/schema\/logo\/image\/","url":"https:\/\/www.cuchillalia.com\/wordpress\/wp-content\/uploads\/2021\/03\/logo-cuchillalia-jpg.jpg","contentUrl":"https:\/\/www.cuchillalia.com\/wordpress\/wp-content\/uploads\/2021\/03\/logo-cuchillalia-jpg.jpg","width":276,"height":192,"caption":"Cuchillalia"},"image":{"@id":"https:\/\/www.cuchillalia.com\/#\/schema\/logo\/image\/"},"sameAs":["http:\/\/www.facebook.com\/cuchillalia","https:\/\/x.com\/Cuchillalia"]}]}},"_links":{"self":[{"href":"https:\/\/www.cuchillalia.com\/en\/wp-json\/wp\/v2\/product\/4556","targetHints":{"allow":["GET"]}}],"collection":[{"href":"https:\/\/www.cuchillalia.com\/en\/wp-json\/wp\/v2\/product"}],"about":[{"href":"https:\/\/www.cuchillalia.com\/en\/wp-json\/wp\/v2\/types\/product"}],"replies":[{"embeddable":true,"href":"https:\/\/www.cuchillalia.com\/en\/wp-json\/wp\/v2\/comments?post=4556"}],"wp:featuredmedia":[{"embeddable":true,"href":"https:\/\/www.cuchillalia.com\/en\/wp-json\/wp\/v2\/media\/44295"}],"wp:attachment":[{"href":"https:\/\/www.cuchillalia.com\/en\/wp-json\/wp\/v2\/media?parent=4556"}],"wp:term":[{"taxonomy":"product_brand","embeddable":true,"href":"https:\/\/www.cuchillalia.com\/en\/wp-json\/wp\/v2\/product_brand?post=4556"},{"taxonomy":"product_cat","embeddable":true,"href":"https:\/\/www.cuchillalia.com\/en\/wp-json\/wp\/v2\/product_cat?post=4556"},{"taxonomy":"product_tag","embeddable":true,"href":"https:\/\/www.cuchillalia.com\/en\/wp-json\/wp\/v2\/product_tag?post=4556"}],"curies":[{"name":"wp","href":"https:\/\/api.w.org\/{rel}","templated":true}]}}