{"id":44994,"date":"2018-08-20T01:35:34","date_gmt":"2018-08-19T23:35:34","guid":{"rendered":"https:\/\/www.cuchillalia.com\/?post_type=product&#038;p=44994"},"modified":"2026-02-13T15:13:02","modified_gmt":"2026-02-13T14:13:02","slug":"wusthof-classic-4177-7-cuchillo-chef-chai-dao-17-cm","status":"publish","type":"product","link":"https:\/\/www.cuchillalia.com\/en\/producto\/wusthof-classic-4177-7-cuchillo-chef-chai-dao-17-cm\/","title":{"rendered":"Cuchillo de chef Chai Dao de 17 cm &#8211; W\u00fcsthof Classic"},"content":{"rendered":"<h2>Tabla de caracter\u00edsticas cuchillo de chef Chai Dao de 17 cm W\u00fcsthof 4177-7\/17<\/h2>\n<div class='tabla-caracteristicas'>\n<div class='fila'><span class='etiqueta'>Nombre comercial:<\/span><span class='valor'><strong>Cuchillo Chai Dao Classic<\/strong><\/span><\/div>\n<div class='fila'><span class='etiqueta'>Fabricante:<\/span><span class='valor'>W\u00fcsthof<\/span><\/div>\n<div class='fila'><span class='etiqueta'>Referencia del fabricante:<\/span><span class='valor'>4177-7<\/span><\/div>\n<div class='fila'><span class='etiqueta'>Longitud de la hoja:<\/span><span class='valor'>17 cm<\/span><\/div>\n<div class='fila'><span class='etiqueta'>Material de la hoja:<\/span><span class='valor'>Acero inoxidable<\/span><\/div>\n<div class='fila'><span class='etiqueta'>Material del mango:<\/span><span class='valor'>POM (polioximetileno) de color negro<\/span><\/div>\n<div class='fila'><span class='etiqueta'>Tipo de mango:<\/span><span class='valor'>Cl\u00e1sico mango de tres remaches que se acopla perfectamente a la mano.<\/span><\/div>\n<div class='fila'><span class='etiqueta'>\u00bfEs apto para zurdos?:<\/span><span class='valor'>Para diestros y zurdos<\/span><\/div>\n<div class='fila'><span class='etiqueta'>Producci\u00f3n:<\/span><span class='valor'>Forjado en caliente<\/span><\/div>\n<div class='fila'><span class='etiqueta'>Presentaci\u00f3n del producto:<\/span><span class='valor'>Caja<\/span><\/div>\n<div class='fila'><span class='etiqueta'>\u00bfDonde se fabrica?:<\/span><span class='valor'>Solingen &#8211; Alemania<\/span><\/div>\n<div class='fila'><span class='etiqueta'>C\u00f3digo de barras (GTIN):<\/span><span class='valor'>4002293417707<\/span><\/div>\n<\/div>\n","protected":false},"excerpt":{"rendered":"<p>Tabla de caracter\u00edsticas cuchillo de chef Chai Dao de 17 cm W\u00fcsthof 4177-7\/17 Nombre comercial:Cuchillo Chai Dao Classic Fabricante:W\u00fcsthof Referencia del fabricante:4177-7 Longitud de la hoja:17 cm Material de la hoja:Acero inoxidable Material del mango:POM (polioximetileno) de color negro Tipo &hellip; <a class=\"kt-excerpt-readmore more-link\" href=\"https:\/\/www.cuchillalia.com\/en\/producto\/wusthof-classic-4177-7-cuchillo-chef-chai-dao-17-cm\/\" aria-label=\"Cuchillo de chef Chai Dao de 17 cm &#8211; W\u00fcsthof Classic\">Read More<\/a><\/p>\n","protected":false},"featured_media":44998,"comment_status":"open","ping_status":"closed","template":"","meta":[],"product_brand":[],"product_cat":[8294,8420],"product_tag":[],"class_list":{"0":"post-44994","1":"product","2":"type-product","3":"status-publish","4":"has-post-thumbnail","6":"product_cat-cebolleros","7":"product_cat-classic","9":"first","10":"outofstock","11":"taxable","12":"shipping-taxable","13":"purchasable","14":"product-type-simple"},"yoast_head":"<!-- This site is optimized with the Yoast SEO plugin v27.5 - https:\/\/yoast.com\/product\/yoast-seo-wordpress\/ -->\n<title>Cuchillo de chef Chai Dao de 17 cm - W\u00fcsthof Classic - Cuchillalia.com<\/title>\n<meta name=\"robots\" content=\"index, follow, max-snippet:-1, max-image-preview:large, max-video-preview:-1\" \/>\n<link rel=\"canonical\" href=\"https:\/\/www.cuchillalia.com\/producto\/wusthof-classic-4177-7-cuchillo-chef-chai-dao-17-cm\/\" \/>\n<meta property=\"og:locale\" content=\"en_US\" \/>\n<meta property=\"og:type\" content=\"article\" \/>\n<meta property=\"og:title\" content=\"Cuchillo de chef Chai Dao de 17 cm - W\u00fcsthof Classic - Cuchillalia.com\" \/>\n<meta property=\"og:description\" content=\"Tabla de caracter\u00edsticas cuchillo de chef Chai Dao de 17 cm W\u00fcsthof 4177-7\/17 Nombre comercial:Cuchillo Chai Dao Classic Fabricante:W\u00fcsthof Referencia del fabricante:4177-7 Longitud de la hoja:17 cm Material de la hoja:Acero inoxidable Material del mango:POM (polioximetileno) de color negro Tipo &hellip; Read More\" \/>\n<meta property=\"og:url\" content=\"https:\/\/www.cuchillalia.com\/producto\/wusthof-classic-4177-7-cuchillo-chef-chai-dao-17-cm\/\" \/>\n<meta property=\"og:site_name\" content=\"Cuchillalia.com\" \/>\n<meta property=\"article:publisher\" content=\"http:\/\/www.facebook.com\/cuchillalia\" \/>\n<meta property=\"article:modified_time\" content=\"2026-02-13T14:13:02+00:00\" \/>\n<meta property=\"og:image\" content=\"https:\/\/www.cuchillalia.com\/wordpress\/wp-content\/uploads\/2018\/08\/cuchillalia-wusthof-classic-4177-17-cuchillo-chef-dao.jpg\" \/>\n\t<meta property=\"og:image:width\" content=\"1600\" \/>\n\t<meta property=\"og:image:height\" content=\"1600\" \/>\n\t<meta property=\"og:image:type\" content=\"image\/jpeg\" \/>\n<meta name=\"twitter:card\" content=\"summary_large_image\" \/>\n<meta name=\"twitter:site\" content=\"@Cuchillalia\" \/>\n<!-- \/ Yoast SEO plugin. -->","yoast_head_json":{"title":"Cuchillo de chef Chai Dao de 17 cm - W\u00fcsthof Classic - Cuchillalia.com","robots":{"index":"index","follow":"follow","max-snippet":"max-snippet:-1","max-image-preview":"max-image-preview:large","max-video-preview":"max-video-preview:-1"},"canonical":"https:\/\/www.cuchillalia.com\/producto\/wusthof-classic-4177-7-cuchillo-chef-chai-dao-17-cm\/","og_locale":"en_US","og_type":"article","og_title":"Cuchillo de chef Chai Dao de 17 cm - W\u00fcsthof Classic - Cuchillalia.com","og_description":"Tabla de caracter\u00edsticas cuchillo de chef Chai Dao de 17 cm W\u00fcsthof 4177-7\/17 Nombre comercial:Cuchillo Chai Dao Classic Fabricante:W\u00fcsthof Referencia del fabricante:4177-7 Longitud de la hoja:17 cm Material de la hoja:Acero inoxidable Material del mango:POM (polioximetileno) de color negro Tipo &hellip; Read More","og_url":"https:\/\/www.cuchillalia.com\/producto\/wusthof-classic-4177-7-cuchillo-chef-chai-dao-17-cm\/","og_site_name":"Cuchillalia.com","article_publisher":"http:\/\/www.facebook.com\/cuchillalia","article_modified_time":"2026-02-13T14:13:02+00:00","og_image":[{"width":1600,"height":1600,"url":"https:\/\/www.cuchillalia.com\/wordpress\/wp-content\/uploads\/2018\/08\/cuchillalia-wusthof-classic-4177-17-cuchillo-chef-dao.jpg","type":"image\/jpeg"}],"twitter_card":"summary_large_image","twitter_site":"@Cuchillalia","schema":{"@context":"https:\/\/schema.org","@graph":[{"@type":"WebPage","@id":"https:\/\/www.cuchillalia.com\/producto\/wusthof-classic-4177-7-cuchillo-chef-chai-dao-17-cm\/","url":"https:\/\/www.cuchillalia.com\/producto\/wusthof-classic-4177-7-cuchillo-chef-chai-dao-17-cm\/","name":"Cuchillo de chef Chai Dao de 17 cm - W\u00fcsthof Classic - Cuchillalia.com","isPartOf":{"@id":"https:\/\/www.cuchillalia.com\/#website"},"primaryImageOfPage":{"@id":"https:\/\/www.cuchillalia.com\/producto\/wusthof-classic-4177-7-cuchillo-chef-chai-dao-17-cm\/#primaryimage"},"image":{"@id":"https:\/\/www.cuchillalia.com\/producto\/wusthof-classic-4177-7-cuchillo-chef-chai-dao-17-cm\/#primaryimage"},"thumbnailUrl":"https:\/\/www.cuchillalia.com\/wordpress\/wp-content\/uploads\/2018\/08\/cuchillalia-wusthof-classic-4177-17-cuchillo-chef-dao.jpg","datePublished":"2018-08-19T23:35:34+00:00","dateModified":"2026-02-13T14:13:02+00:00","breadcrumb":{"@id":"https:\/\/www.cuchillalia.com\/producto\/wusthof-classic-4177-7-cuchillo-chef-chai-dao-17-cm\/#breadcrumb"},"inLanguage":"en-US","potentialAction":[{"@type":"ReadAction","target":["https:\/\/www.cuchillalia.com\/producto\/wusthof-classic-4177-7-cuchillo-chef-chai-dao-17-cm\/"]}]},{"@type":"ImageObject","inLanguage":"en-US","@id":"https:\/\/www.cuchillalia.com\/producto\/wusthof-classic-4177-7-cuchillo-chef-chai-dao-17-cm\/#primaryimage","url":"https:\/\/www.cuchillalia.com\/wordpress\/wp-content\/uploads\/2018\/08\/cuchillalia-wusthof-classic-4177-17-cuchillo-chef-dao.jpg","contentUrl":"https:\/\/www.cuchillalia.com\/wordpress\/wp-content\/uploads\/2018\/08\/cuchillalia-wusthof-classic-4177-17-cuchillo-chef-dao.jpg","width":1600,"height":1600,"caption":"Cuchillo de chef Chai Dao de 17 cm - W\u00fcsthof Classic 4177-17"},{"@type":"BreadcrumbList","@id":"https:\/\/www.cuchillalia.com\/producto\/wusthof-classic-4177-7-cuchillo-chef-chai-dao-17-cm\/#breadcrumb","itemListElement":[{"@type":"ListItem","position":1,"name":"Cuchillalia","item":"https:\/\/www.cuchillalia.com\/en\/"},{"@type":"ListItem","position":2,"name":"Tienda","item":"https:\/\/www.cuchillalia.com\/tienda\/"},{"@type":"ListItem","position":3,"name":"Marcas","item":"https:\/\/www.cuchillalia.com\/categoria\/marcas\/"},{"@type":"ListItem","position":4,"name":"W\u00fcsthof","item":"https:\/\/www.cuchillalia.com\/categoria\/marcas\/wusthof\/"},{"@type":"ListItem","position":5,"name":"Serie Classic","item":"https:\/\/www.cuchillalia.com\/categoria\/marcas\/wusthof\/classic\/"},{"@type":"ListItem","position":6,"name":"Cuchillo de chef Chai Dao de 17 cm &#8211; W\u00fcsthof Classic"}]},{"@type":"WebSite","@id":"https:\/\/www.cuchillalia.com\/#website","url":"https:\/\/www.cuchillalia.com\/","name":"Cuchillalia.com","description":"","publisher":{"@id":"https:\/\/www.cuchillalia.com\/#organization"},"potentialAction":[{"@type":"SearchAction","target":{"@type":"EntryPoint","urlTemplate":"https:\/\/www.cuchillalia.com\/?s={search_term_string}"},"query-input":{"@type":"PropertyValueSpecification","valueRequired":true,"valueName":"search_term_string"}}],"inLanguage":"en-US"},{"@type":"Organization","@id":"https:\/\/www.cuchillalia.com\/#organization","name":"Cuchillalia","url":"https:\/\/www.cuchillalia.com\/","logo":{"@type":"ImageObject","inLanguage":"en-US","@id":"https:\/\/www.cuchillalia.com\/#\/schema\/logo\/image\/","url":"https:\/\/www.cuchillalia.com\/wordpress\/wp-content\/uploads\/2021\/03\/logo-cuchillalia-jpg.jpg","contentUrl":"https:\/\/www.cuchillalia.com\/wordpress\/wp-content\/uploads\/2021\/03\/logo-cuchillalia-jpg.jpg","width":276,"height":192,"caption":"Cuchillalia"},"image":{"@id":"https:\/\/www.cuchillalia.com\/#\/schema\/logo\/image\/"},"sameAs":["http:\/\/www.facebook.com\/cuchillalia","https:\/\/x.com\/Cuchillalia"]}]}},"_links":{"self":[{"href":"https:\/\/www.cuchillalia.com\/en\/wp-json\/wp\/v2\/product\/44994","targetHints":{"allow":["GET"]}}],"collection":[{"href":"https:\/\/www.cuchillalia.com\/en\/wp-json\/wp\/v2\/product"}],"about":[{"href":"https:\/\/www.cuchillalia.com\/en\/wp-json\/wp\/v2\/types\/product"}],"replies":[{"embeddable":true,"href":"https:\/\/www.cuchillalia.com\/en\/wp-json\/wp\/v2\/comments?post=44994"}],"wp:featuredmedia":[{"embeddable":true,"href":"https:\/\/www.cuchillalia.com\/en\/wp-json\/wp\/v2\/media\/44998"}],"wp:attachment":[{"href":"https:\/\/www.cuchillalia.com\/en\/wp-json\/wp\/v2\/media?parent=44994"}],"wp:term":[{"taxonomy":"product_brand","embeddable":true,"href":"https:\/\/www.cuchillalia.com\/en\/wp-json\/wp\/v2\/product_brand?post=44994"},{"taxonomy":"product_cat","embeddable":true,"href":"https:\/\/www.cuchillalia.com\/en\/wp-json\/wp\/v2\/product_cat?post=44994"},{"taxonomy":"product_tag","embeddable":true,"href":"https:\/\/www.cuchillalia.com\/en\/wp-json\/wp\/v2\/product_tag?post=44994"}],"curies":[{"name":"wp","href":"https:\/\/api.w.org\/{rel}","templated":true}]}}