{"id":44975,"date":"2018-08-19T01:42:55","date_gmt":"2018-08-18T23:42:55","guid":{"rendered":"https:\/\/www.cuchillalia.com\/?post_type=product&#038;p=44975"},"modified":"2026-05-15T18:51:59","modified_gmt":"2026-05-15T16:51:59","slug":"wusthof-classic-9755-estuche-cuchillo-chef-pelador","status":"publish","type":"product","link":"https:\/\/www.cuchillalia.com\/en\/producto\/wusthof-classic-9755-estuche-cuchillo-chef-pelador\/","title":{"rendered":"Estuche de 2 cuchillos (mondador+chef) &#8211; W\u00fcsthof Classic"},"content":{"rendered":"<h2>Tabla de caracter\u00edsticas estuche de 2 cuchillos W\u00fcsthof Classic 9755<\/h2>\n<div class=\"tabla-caracteristicas\">\n<div class=\"fila\"><span class=\"etiqueta\">Nombre comercial:<\/span><span class=\"valor\"><strong>Juego de 2 cuchillos Classic<\/strong><\/span><\/div>\n<div class=\"fila\"><span class=\"etiqueta\">Fabricante:<\/span><span class=\"valor\">W\u00fcsthof<\/span><\/div>\n<div class=\"fila\"><span class=\"etiqueta\">Referencia del fabricante:<\/span><span class=\"valor\">9755<\/span><\/div>\n<div class=\"fila\"><span class=\"etiqueta\">Material de la hoja:<\/span><span class=\"valor\">Acero inoxidable<\/span><\/div>\n<div class=\"fila\"><span class=\"etiqueta\">Material del mango:<\/span><span class=\"valor\">POM (polioximetileno) de color negro<\/span><\/div>\n<div class=\"fila\"><span class=\"etiqueta\">Tipo de mango:<\/span><span class=\"valor\">Cl\u00e1sico mango de tres remaches que se acopla perfectamente a la mano.<\/span><\/div>\n<div class=\"fila\"><span class=\"etiqueta\">\u00bfEs apto para zurdos?:<\/span><span class=\"valor\">Para diestros y zurdos<\/span><\/div>\n<div class=\"fila\"><span class=\"etiqueta\">Producci\u00f3n:<\/span><span class=\"valor\">Forjado en caliente<\/span><\/div>\n<div class=\"fila\"><span class=\"etiqueta\">Presentaci\u00f3n del producto:<\/span><span class=\"valor\">Caja<\/span><\/div>\n<div class=\"fila\"><span class=\"etiqueta\">\u00bfDonde se fabrica?:<\/span><span class=\"valor\">Solingen &#8211; Alemania<\/span><\/div>\n<div class=\"fila\"><span class=\"etiqueta\">C\u00f3digo de barras (GTIN):<\/span><span class=\"valor\">4002293975504<\/span><\/div>\n<\/div>\n","protected":false},"excerpt":{"rendered":"<p>Tabla de caracter\u00edsticas estuche de 2 cuchillos W\u00fcsthof Classic 9755 Nombre comercial:Juego de 2 cuchillos Classic Fabricante:W\u00fcsthof Referencia del fabricante:9755 Material de la hoja:Acero inoxidable Material del mango:POM (polioximetileno) de color negro Tipo de mango:Cl\u00e1sico mango de tres remaches que &hellip; <a class=\"kt-excerpt-readmore more-link\" href=\"https:\/\/www.cuchillalia.com\/en\/producto\/wusthof-classic-9755-estuche-cuchillo-chef-pelador\/\" aria-label=\"Estuche de 2 cuchillos (mondador+chef) &#8211; W\u00fcsthof Classic\">Read More<\/a><\/p>\n","protected":false},"featured_media":44867,"comment_status":"open","ping_status":"closed","template":"","meta":[],"product_brand":[],"product_cat":[8354,8420],"product_tag":[],"class_list":{"0":"post-44975","1":"product","2":"type-product","3":"status-publish","4":"has-post-thumbnail","6":"product_cat-juegos-de-cuchillos","7":"product_cat-classic","9":"first","10":"instock","11":"taxable","12":"shipping-taxable","13":"purchasable","14":"product-type-simple"},"yoast_head":"<!-- This site is optimized with the Yoast SEO plugin v27.5 - https:\/\/yoast.com\/product\/yoast-seo-wordpress\/ -->\n<title>Estuche de 2 cuchillos (mondador+chef) - W\u00fcsthof Classic - Cuchillalia.com<\/title>\n<meta name=\"robots\" content=\"index, follow, max-snippet:-1, max-image-preview:large, max-video-preview:-1\" \/>\n<link rel=\"canonical\" href=\"https:\/\/www.cuchillalia.com\/producto\/wusthof-classic-9755-estuche-cuchillo-chef-pelador\/\" \/>\n<meta property=\"og:locale\" content=\"en_US\" \/>\n<meta property=\"og:type\" content=\"article\" \/>\n<meta property=\"og:title\" content=\"Estuche de 2 cuchillos (mondador+chef) - W\u00fcsthof Classic - Cuchillalia.com\" \/>\n<meta property=\"og:description\" content=\"Tabla de caracter\u00edsticas estuche de 2 cuchillos W\u00fcsthof Classic 9755 Nombre comercial:Juego de 2 cuchillos Classic Fabricante:W\u00fcsthof Referencia del fabricante:9755 Material de la hoja:Acero inoxidable Material del mango:POM (polioximetileno) de color negro Tipo de mango:Cl\u00e1sico mango de tres remaches que &hellip; Read More\" \/>\n<meta property=\"og:url\" content=\"https:\/\/www.cuchillalia.com\/producto\/wusthof-classic-9755-estuche-cuchillo-chef-pelador\/\" \/>\n<meta property=\"og:site_name\" content=\"Cuchillalia.com\" \/>\n<meta property=\"article:publisher\" content=\"http:\/\/www.facebook.com\/cuchillalia\" \/>\n<meta property=\"article:modified_time\" content=\"2026-05-15T16:51:59+00:00\" \/>\n<meta property=\"og:image\" content=\"https:\/\/www.cuchillalia.com\/wordpress\/wp-content\/uploads\/2018\/08\/cuchillalia-wusthof-classic-9755-estuche-2-cuchillos.jpg\" \/>\n\t<meta property=\"og:image:width\" content=\"1400\" \/>\n\t<meta property=\"og:image:height\" content=\"1400\" \/>\n\t<meta property=\"og:image:type\" content=\"image\/jpeg\" \/>\n<meta name=\"twitter:card\" content=\"summary_large_image\" \/>\n<meta name=\"twitter:site\" content=\"@Cuchillalia\" \/>\n<meta name=\"twitter:label1\" content=\"Est. reading time\" \/>\n\t<meta name=\"twitter:data1\" content=\"1 minute\" \/>\n<!-- \/ Yoast SEO plugin. -->","yoast_head_json":{"title":"Estuche de 2 cuchillos (mondador+chef) - W\u00fcsthof Classic - Cuchillalia.com","robots":{"index":"index","follow":"follow","max-snippet":"max-snippet:-1","max-image-preview":"max-image-preview:large","max-video-preview":"max-video-preview:-1"},"canonical":"https:\/\/www.cuchillalia.com\/producto\/wusthof-classic-9755-estuche-cuchillo-chef-pelador\/","og_locale":"en_US","og_type":"article","og_title":"Estuche de 2 cuchillos (mondador+chef) - W\u00fcsthof Classic - Cuchillalia.com","og_description":"Tabla de caracter\u00edsticas estuche de 2 cuchillos W\u00fcsthof Classic 9755 Nombre comercial:Juego de 2 cuchillos Classic Fabricante:W\u00fcsthof Referencia del fabricante:9755 Material de la hoja:Acero inoxidable Material del mango:POM (polioximetileno) de color negro Tipo de mango:Cl\u00e1sico mango de tres remaches que &hellip; Read More","og_url":"https:\/\/www.cuchillalia.com\/producto\/wusthof-classic-9755-estuche-cuchillo-chef-pelador\/","og_site_name":"Cuchillalia.com","article_publisher":"http:\/\/www.facebook.com\/cuchillalia","article_modified_time":"2026-05-15T16:51:59+00:00","og_image":[{"width":1400,"height":1400,"url":"https:\/\/www.cuchillalia.com\/wordpress\/wp-content\/uploads\/2018\/08\/cuchillalia-wusthof-classic-9755-estuche-2-cuchillos.jpg","type":"image\/jpeg"}],"twitter_card":"summary_large_image","twitter_site":"@Cuchillalia","twitter_misc":{"Est. reading time":"1 minute"},"schema":{"@context":"https:\/\/schema.org","@graph":[{"@type":"WebPage","@id":"https:\/\/www.cuchillalia.com\/producto\/wusthof-classic-9755-estuche-cuchillo-chef-pelador\/","url":"https:\/\/www.cuchillalia.com\/producto\/wusthof-classic-9755-estuche-cuchillo-chef-pelador\/","name":"Estuche de 2 cuchillos (mondador+chef) - W\u00fcsthof Classic - Cuchillalia.com","isPartOf":{"@id":"https:\/\/www.cuchillalia.com\/#website"},"primaryImageOfPage":{"@id":"https:\/\/www.cuchillalia.com\/producto\/wusthof-classic-9755-estuche-cuchillo-chef-pelador\/#primaryimage"},"image":{"@id":"https:\/\/www.cuchillalia.com\/producto\/wusthof-classic-9755-estuche-cuchillo-chef-pelador\/#primaryimage"},"thumbnailUrl":"https:\/\/www.cuchillalia.com\/wordpress\/wp-content\/uploads\/2018\/08\/cuchillalia-wusthof-classic-9755-estuche-2-cuchillos.jpg","datePublished":"2018-08-18T23:42:55+00:00","dateModified":"2026-05-15T16:51:59+00:00","breadcrumb":{"@id":"https:\/\/www.cuchillalia.com\/producto\/wusthof-classic-9755-estuche-cuchillo-chef-pelador\/#breadcrumb"},"inLanguage":"en-US","potentialAction":[{"@type":"ReadAction","target":["https:\/\/www.cuchillalia.com\/producto\/wusthof-classic-9755-estuche-cuchillo-chef-pelador\/"]}]},{"@type":"ImageObject","inLanguage":"en-US","@id":"https:\/\/www.cuchillalia.com\/producto\/wusthof-classic-9755-estuche-cuchillo-chef-pelador\/#primaryimage","url":"https:\/\/www.cuchillalia.com\/wordpress\/wp-content\/uploads\/2018\/08\/cuchillalia-wusthof-classic-9755-estuche-2-cuchillos.jpg","contentUrl":"https:\/\/www.cuchillalia.com\/wordpress\/wp-content\/uploads\/2018\/08\/cuchillalia-wusthof-classic-9755-estuche-2-cuchillos.jpg","width":1400,"height":1400,"caption":"Estuche de cuchillo de chef y mondador forjados - Mango negro - W\u00fcsthof Classic 9755"},{"@type":"BreadcrumbList","@id":"https:\/\/www.cuchillalia.com\/producto\/wusthof-classic-9755-estuche-cuchillo-chef-pelador\/#breadcrumb","itemListElement":[{"@type":"ListItem","position":1,"name":"Cuchillalia","item":"https:\/\/www.cuchillalia.com\/en\/"},{"@type":"ListItem","position":2,"name":"Tienda","item":"https:\/\/www.cuchillalia.com\/tienda\/"},{"@type":"ListItem","position":3,"name":"Cuchillos de cocina","item":"https:\/\/www.cuchillalia.com\/categoria\/cuchillos\/"},{"@type":"ListItem","position":4,"name":"Juegos de cuchillos","item":"https:\/\/www.cuchillalia.com\/categoria\/cuchillos\/juegos-de-cuchillos\/"},{"@type":"ListItem","position":5,"name":"Estuche de 2 cuchillos (mondador+chef) &#8211; W\u00fcsthof Classic"}]},{"@type":"WebSite","@id":"https:\/\/www.cuchillalia.com\/#website","url":"https:\/\/www.cuchillalia.com\/","name":"Cuchillalia.com","description":"","publisher":{"@id":"https:\/\/www.cuchillalia.com\/#organization"},"potentialAction":[{"@type":"SearchAction","target":{"@type":"EntryPoint","urlTemplate":"https:\/\/www.cuchillalia.com\/?s={search_term_string}"},"query-input":{"@type":"PropertyValueSpecification","valueRequired":true,"valueName":"search_term_string"}}],"inLanguage":"en-US"},{"@type":"Organization","@id":"https:\/\/www.cuchillalia.com\/#organization","name":"Cuchillalia","url":"https:\/\/www.cuchillalia.com\/","logo":{"@type":"ImageObject","inLanguage":"en-US","@id":"https:\/\/www.cuchillalia.com\/#\/schema\/logo\/image\/","url":"https:\/\/www.cuchillalia.com\/wordpress\/wp-content\/uploads\/2021\/03\/logo-cuchillalia-jpg.jpg","contentUrl":"https:\/\/www.cuchillalia.com\/wordpress\/wp-content\/uploads\/2021\/03\/logo-cuchillalia-jpg.jpg","width":276,"height":192,"caption":"Cuchillalia"},"image":{"@id":"https:\/\/www.cuchillalia.com\/#\/schema\/logo\/image\/"},"sameAs":["http:\/\/www.facebook.com\/cuchillalia","https:\/\/x.com\/Cuchillalia"]}]}},"_links":{"self":[{"href":"https:\/\/www.cuchillalia.com\/en\/wp-json\/wp\/v2\/product\/44975","targetHints":{"allow":["GET"]}}],"collection":[{"href":"https:\/\/www.cuchillalia.com\/en\/wp-json\/wp\/v2\/product"}],"about":[{"href":"https:\/\/www.cuchillalia.com\/en\/wp-json\/wp\/v2\/types\/product"}],"replies":[{"embeddable":true,"href":"https:\/\/www.cuchillalia.com\/en\/wp-json\/wp\/v2\/comments?post=44975"}],"wp:featuredmedia":[{"embeddable":true,"href":"https:\/\/www.cuchillalia.com\/en\/wp-json\/wp\/v2\/media\/44867"}],"wp:attachment":[{"href":"https:\/\/www.cuchillalia.com\/en\/wp-json\/wp\/v2\/media?parent=44975"}],"wp:term":[{"taxonomy":"product_brand","embeddable":true,"href":"https:\/\/www.cuchillalia.com\/en\/wp-json\/wp\/v2\/product_brand?post=44975"},{"taxonomy":"product_cat","embeddable":true,"href":"https:\/\/www.cuchillalia.com\/en\/wp-json\/wp\/v2\/product_cat?post=44975"},{"taxonomy":"product_tag","embeddable":true,"href":"https:\/\/www.cuchillalia.com\/en\/wp-json\/wp\/v2\/product_tag?post=44975"}],"curies":[{"name":"wp","href":"https:\/\/api.w.org\/{rel}","templated":true}]}}