{"id":44578,"date":"2018-08-09T22:33:06","date_gmt":"2018-08-09T20:33:06","guid":{"rendered":"https:\/\/www.cuchillalia.com\/?post_type=product&#038;p=44578"},"modified":"2026-03-02T10:21:00","modified_gmt":"2026-03-02T09:21:00","slug":"wusthof-epicure-1070660201-juego-pelador-9-cm-chef-20-cm","status":"publish","type":"product","link":"https:\/\/www.cuchillalia.com\/en\/producto\/wusthof-epicure-1070660201-juego-pelador-9-cm-chef-20-cm\/","title":{"rendered":"Juego pelador 9 cm + Chef 20 cm W\u00fcsthof Epicure"},"content":{"rendered":"<h2>Tabla de caracter\u00edsticas estuche de 2 cuchillos W\u00fcsthof Epicure<\/h2>\n<div class='tabla-caracteristicas'>\n<div class='fila'><span class='etiqueta'>Nombre comercial:<\/span><span class='valor'><strong>Epicure juego pelador 9 cm + chef 20 cm<\/strong><\/span><\/div>\n<div class='fila'><span class='etiqueta'>Fabricante:<\/span><span class='valor'>W\u00fcsthof<\/span><\/div>\n<div class='fila'><span class='etiqueta'>Referencia del fabricante:<\/span><span class='valor'>1070660201<\/span><\/div>\n<div class='fila'><span class='etiqueta'>Longitud de la hoja:<\/span><span class='valor'>Pelador:     9 cm<br \/>\nChef:     20 cm<\/span><\/div>\n<div class='fila'><span class='etiqueta'>Material de la hoja:<\/span><span class='valor'>Acero inoxidable<\/span><\/div>\n<div class='fila'><span class='etiqueta'>Dureza:<\/span><span class='valor'>HRc 58 Rockwell<\/span><\/div>\n<div class='fila'><span class='etiqueta'>Material del mango:<\/span><span class='valor'>Fibras naturales y resina<\/span><\/div>\n<div class='fila'><span class='etiqueta'>Producci\u00f3n:<\/span><span class='valor'>Forjado en caliente<\/span><\/div>\n<div class='fila'><span class='etiqueta'>Presentaci\u00f3n del producto:<\/span><span class='valor'>Caja<\/span><\/div>\n<div class='fila'><span class='etiqueta'>\u00bfEs apto para el lavavajillas?:<\/span><span class='valor'>No<\/span><\/div>\n<div class='fila'><span class='etiqueta'>\u00bfDonde se fabrica?:<\/span><span class='valor'>Solingen &#8211; Alemania<\/span><\/div>\n<div class='fila'><span class='etiqueta'>C\u00f3digo de barras (GTIN):<\/span><span class='valor'>4002293968209<\/span><\/div>\n<div class='fila'><span class='etiqueta'>Observaciones:<\/span><span class='valor'>&#8211; Mangos de fibras naturales y resina, c\u00e1lidos como la madera y robustos como el pl\u00e1stico.<br \/>\n&#8211; PETec &#8211; La nueva tecnolog\u00eda de W\u00fcsthof para un afilado superior.<br \/>\n&#8211; Hoja fabricada en acero X50CrMoV15.<br \/>\n&#8211; W\u00fcsthof indica que se lave solo a mano.<br \/>\n<\/span><\/div>\n<\/div>\n<p>Estuche compuesto por los siguientes cuchillos:<\/p>\n<div class=\"woocommerce columns-4 \"><ul class=\"products kad_product_wrapper rowtight shopcolumn4 shopfullwidth init-isotope-intrinsic kt-show-rating  reinit-isotope\" data-nextselector=\".woocommerce-pagination a.next\" data-navselector=\".woocommerce-pagination\" data-itemselector=\".kad_product\" data-itemloadselector=\".kt_item_fade_in\" data-iso-selector=\".kad_product\" data-iso-style=\"fitRows\" data-iso-filter=\"true\">\n<li class=\"product type-product post-44532 status-publish first outofstock product_cat-mondadores product_cat-epicure has-post-thumbnail taxable shipping-taxable purchasable product-type-simple col-xxl-2 col-xl-25 col-md-3 col-sm-4 col-xs-6 col-ss-6 mondadores epicure kad_product\">\n\t<div class=\"grid_item product_item clearfix kt_item_fade_in\"><a href=\"https:\/\/www.cuchillalia.com\/en\/producto\/wusthof-epicure-1010600409-cuchillo-mondador-9-cm\/\" class=\"product_item_link product_img_link\"><div class=\"kad-product-noflipper kt-product-hardcrop kt-product-intrinsic\" style=\"padding-bottom:100%;\"><div class=\"kt-product-animation-contain\"><img decoding=\"async\" src=\"https:\/\/www.cuchillalia.com\/wordpress\/wp-content\/uploads\/2018\/08\/cuchillalia-wusthof-epicure-3966-09-mondador-puntilla-300x300.jpg\" srcset=\"https:\/\/www.cuchillalia.com\/wordpress\/wp-content\/uploads\/2018\/08\/cuchillalia-wusthof-epicure-3966-09-mondador-puntilla-300x300.jpg 300w, https:\/\/www.cuchillalia.com\/wordpress\/wp-content\/uploads\/2018\/08\/cuchillalia-wusthof-epicure-3966-09-mondador-puntilla-200x200.jpg 200w, https:\/\/www.cuchillalia.com\/wordpress\/wp-content\/uploads\/2018\/08\/cuchillalia-wusthof-epicure-3966-09-mondador-puntilla-100x100.jpg 100w, https:\/\/www.cuchillalia.com\/wordpress\/wp-content\/uploads\/2018\/08\/cuchillalia-wusthof-epicure-3966-09-mondador-puntilla-566x566.jpg 566w, https:\/\/www.cuchillalia.com\/wordpress\/wp-content\/uploads\/2018\/08\/cuchillalia-wusthof-epicure-3966-09-mondador-puntilla-150x150.jpg 150w, https:\/\/www.cuchillalia.com\/wordpress\/wp-content\/uploads\/2018\/08\/cuchillalia-wusthof-epicure-3966-09-mondador-puntilla-768x768.jpg 768w, https:\/\/www.cuchillalia.com\/wordpress\/wp-content\/uploads\/2018\/08\/cuchillalia-wusthof-epicure-3966-09-mondador-puntilla-1024x1024.jpg 1024w, https:\/\/www.cuchillalia.com\/wordpress\/wp-content\/uploads\/2018\/08\/cuchillalia-wusthof-epicure-3966-09-mondador-puntilla-668x668.jpg 668w, https:\/\/www.cuchillalia.com\/wordpress\/wp-content\/uploads\/2018\/08\/cuchillalia-wusthof-epicure-3966-09-mondador-puntilla-334x334.jpg 334w, https:\/\/www.cuchillalia.com\/wordpress\/wp-content\/uploads\/2018\/08\/cuchillalia-wusthof-epicure-3966-09-mondador-puntilla-600x600.jpg 600w, https:\/\/www.cuchillalia.com\/wordpress\/wp-content\/uploads\/2018\/08\/cuchillalia-wusthof-epicure-3966-09-mondador-puntilla-720x720.jpg 720w, https:\/\/www.cuchillalia.com\/wordpress\/wp-content\/uploads\/2018\/08\/cuchillalia-wusthof-epicure-3966-09-mondador-puntilla-360x360.jpg 360w, https:\/\/www.cuchillalia.com\/wordpress\/wp-content\/uploads\/2018\/08\/cuchillalia-wusthof-epicure-3966-09-mondador-puntilla-800x800.jpg 800w, https:\/\/www.cuchillalia.com\/wordpress\/wp-content\/uploads\/2018\/08\/cuchillalia-wusthof-epicure-3966-09-mondador-puntilla-400x400.jpg 400w, https:\/\/www.cuchillalia.com\/wordpress\/wp-content\/uploads\/2018\/08\/cuchillalia-wusthof-epicure-3966-09-mondador-puntilla-480x480.jpg 480w, https:\/\/www.cuchillalia.com\/wordpress\/wp-content\/uploads\/2018\/08\/cuchillalia-wusthof-epicure-3966-09-mondador-puntilla-240x240.jpg 240w, https:\/\/www.cuchillalia.com\/wordpress\/wp-content\/uploads\/2018\/08\/cuchillalia-wusthof-epicure-3966-09-mondador-puntilla.jpg 1280w\" sizes=\"(max-width: 300px) 100vw, 300px\"  alt=\"Cuchillo Mondador\/Puntilla de 9 cm - W\u00fcsthof Epicure 3966\/09\" width=\"300\" height=\"300\" class=\"attachment-shop_catalog wp-post-image size-300x300\"><\/div><\/div><\/a> \n\n\t<div class=\"details_product_item\"><div class=\"product_details\"><a href=\"https:\/\/www.cuchillalia.com\/en\/producto\/wusthof-epicure-1010600409-cuchillo-mondador-9-cm\/\" class=\"product_item_link\"><h3 class=\"product_archive_title\">Cuchillo mondador de 9 cm W\u00fcsthof Epicure<\/h3><\/a><\/div>\t\t\n\t<a href=\"https:\/\/www.cuchillalia.com\/en\/producto\/wusthof-epicure-1010600409-cuchillo-mondador-9-cm\/\"><span class=\"kt-notrated\">not rated<\/span><\/a>\n\t<span class=\"price\"><span class=\"woocommerce-Price-amount amount\"><bdi>115,20<span class=\"woocommerce-Price-currencySymbol\">&euro;<\/span><\/bdi><\/span><\/span>\n<div class=\"clearfix\"><\/div><\/div>\n\t<div class=\"product_action_wrap\"><a href=\"https:\/\/www.cuchillalia.com\/en\/producto\/wusthof-epicure-1010600409-cuchillo-mondador-9-cm\/\" aria-describedby=\"woocommerce_loop_add_to_cart_link_describedby_44532\" data-quantity=\"1\" class=\"button product_type_simple\" data-product_id=\"44532\" data-product_sku=\"WU_1010600409\" aria-label=\"Read more about &ldquo;Cuchillo mondador de 9 cm W\u00fcsthof Epicure&rdquo;\" rel=\"nofollow\" data-success_message=\"\">Read more<\/a>\t<span id=\"woocommerce_loop_add_to_cart_link_describedby_44532\" class=\"screen-reader-text\">\n\t\t\t<\/span>\n\t\t\t<input type=\"hidden\" class=\"pmwProductId\" data-id=\"44532\">\n\t\t\t\t\t<script>\n\t\t\t(window.pmwDataLayer = window.pmwDataLayer || {}).products                = window.pmwDataLayer.products || {};\n\t\t\twindow.pmwDataLayer.products[44532] = {\"id\":\"44532\",\"sku\":\"WU_1010600409\",\"price\":115.2,\"brand\":\"\",\"quantity\":1,\"dyn_r_ids\":{\"post_id\":\"44532\",\"sku\":\"WU_1010600409\",\"gpf\":\"woocommerce_gpf_44532\",\"gla\":\"gla_44532\"},\"is_variable\":false,\"type\":\"simple\",\"name\":\"Cuchillo mondador de 9 cm W\u00fcsthof Epicure\",\"category\":[\"Cuchillos mondadores\",\"Serie Epicure\"],\"is_variation\":false};\n\t\t\t\t\twindow.pmw_product_position = window.pmw_product_position || 1;\n\t\twindow.pmwDataLayer.products[44532]['position'] = window.pmw_product_position++;\n\t\t\t\t<\/script>\n\t\t<\/div><\/div><\/li><\/ul>\n<\/div>\n<h3>Otros cuchillos W\u00fcsthof Epicure<\/h3>\n<p>Tenemos m\u00e1s modelos de cuchillos <a href='https:\/\/www.cuchillalia.com\/categoria\/marcas\/wusthof\/epicure\/'><strong>W\u00fcsthof Epicure<\/strong><\/a>, como los siguientes:<\/p>\n<div class=\"woocommerce columns-4 outofstockreserv\"><\/div>\n","protected":false},"excerpt":{"rendered":"<p><strong>Estuche de 2 cuchillos W\u00fcsthof Epicure<\/strong>, con un <strong>mondador<\/strong>\/<strong>pelador<\/strong> de 9 cm y un <strong>cuchillo de chef<\/strong> de 20 cm. Mangos de fibras naturales y resina. <em>Fabricados en Alemania<\/em>.&hellip; <a class=\"kt-excerpt-readmore more-link\" href=\"https:\/\/www.cuchillalia.com\/en\/producto\/wusthof-epicure-1070660201-juego-pelador-9-cm-chef-20-cm\/\" aria-label=\"Juego pelador 9 cm + Chef 20 cm W\u00fcsthof Epicure\">Read More<\/a><\/p>\n","protected":false},"featured_media":44549,"comment_status":"open","ping_status":"closed","template":"","meta":[],"product_brand":[],"product_cat":[8354,8419],"product_tag":[],"class_list":{"0":"post-44578","1":"product","2":"type-product","3":"status-publish","4":"has-post-thumbnail","6":"product_cat-juegos-de-cuchillos","7":"product_cat-epicure","9":"first","10":"outofstock","11":"taxable","12":"shipping-taxable","13":"purchasable","14":"product-type-simple"},"yoast_head":"<!-- This site is optimized with the Yoast SEO plugin v27.5 - https:\/\/yoast.com\/product\/yoast-seo-wordpress\/ -->\n<title>Juego pelador 9 cm + Chef 20 cm | W\u00fcsthof Epicure | Cuchillalia.com<\/title>\n<meta name=\"description\" content=\"Estuche de 2 cuchillos W\u00fcsthof Epicure, mondador y cuchillo de chef de 20 cm. Mango de fibras naturales y resina. Fabricados en Alemania.\" \/>\n<meta name=\"robots\" content=\"index, follow, max-snippet:-1, max-image-preview:large, max-video-preview:-1\" \/>\n<link rel=\"canonical\" href=\"https:\/\/www.cuchillalia.com\/producto\/wusthof-epicure-1070660201-juego-pelador-9-cm-chef-20-cm\/\" \/>\n<meta property=\"og:locale\" content=\"en_US\" \/>\n<meta property=\"og:type\" content=\"article\" \/>\n<meta property=\"og:title\" content=\"Juego pelador 9 cm + Chef 20 cm | W\u00fcsthof Epicure | Cuchillalia.com\" \/>\n<meta property=\"og:description\" content=\"Estuche de 2 cuchillos W\u00fcsthof Epicure, mondador y cuchillo de chef de 20 cm. Mango de fibras naturales y resina. Fabricados en Alemania.\" \/>\n<meta property=\"og:url\" content=\"https:\/\/www.cuchillalia.com\/producto\/wusthof-epicure-1070660201-juego-pelador-9-cm-chef-20-cm\/\" \/>\n<meta property=\"og:site_name\" content=\"Cuchillalia.com\" \/>\n<meta property=\"article:publisher\" content=\"http:\/\/www.facebook.com\/cuchillalia\" \/>\n<meta property=\"article:modified_time\" content=\"2026-03-02T09:21:00+00:00\" \/>\n<meta property=\"og:image\" content=\"https:\/\/www.cuchillalia.com\/wordpress\/wp-content\/uploads\/2018\/08\/cuchillalia-wusthof-epicure-9682-juego-mondador-chef.jpg\" \/>\n\t<meta property=\"og:image:width\" content=\"1280\" \/>\n\t<meta property=\"og:image:height\" content=\"1280\" \/>\n\t<meta property=\"og:image:type\" content=\"image\/jpeg\" \/>\n<meta name=\"twitter:card\" content=\"summary_large_image\" \/>\n<meta name=\"twitter:site\" content=\"@Cuchillalia\" \/>\n<meta name=\"twitter:label1\" content=\"Est. reading time\" \/>\n\t<meta name=\"twitter:data1\" content=\"2 minutes\" \/>\n<!-- \/ Yoast SEO plugin. -->","yoast_head_json":{"title":"Juego pelador 9 cm + Chef 20 cm | W\u00fcsthof Epicure | Cuchillalia.com","description":"Estuche de 2 cuchillos W\u00fcsthof Epicure, mondador y cuchillo de chef de 20 cm. Mango de fibras naturales y resina. Fabricados en Alemania.","robots":{"index":"index","follow":"follow","max-snippet":"max-snippet:-1","max-image-preview":"max-image-preview:large","max-video-preview":"max-video-preview:-1"},"canonical":"https:\/\/www.cuchillalia.com\/producto\/wusthof-epicure-1070660201-juego-pelador-9-cm-chef-20-cm\/","og_locale":"en_US","og_type":"article","og_title":"Juego pelador 9 cm + Chef 20 cm | W\u00fcsthof Epicure | Cuchillalia.com","og_description":"Estuche de 2 cuchillos W\u00fcsthof Epicure, mondador y cuchillo de chef de 20 cm. Mango de fibras naturales y resina. Fabricados en Alemania.","og_url":"https:\/\/www.cuchillalia.com\/producto\/wusthof-epicure-1070660201-juego-pelador-9-cm-chef-20-cm\/","og_site_name":"Cuchillalia.com","article_publisher":"http:\/\/www.facebook.com\/cuchillalia","article_modified_time":"2026-03-02T09:21:00+00:00","og_image":[{"width":1280,"height":1280,"url":"https:\/\/www.cuchillalia.com\/wordpress\/wp-content\/uploads\/2018\/08\/cuchillalia-wusthof-epicure-9682-juego-mondador-chef.jpg","type":"image\/jpeg"}],"twitter_card":"summary_large_image","twitter_site":"@Cuchillalia","twitter_misc":{"Est. reading time":"2 minutes"},"schema":{"@context":"https:\/\/schema.org","@graph":[{"@type":"WebPage","@id":"https:\/\/www.cuchillalia.com\/producto\/wusthof-epicure-1070660201-juego-pelador-9-cm-chef-20-cm\/","url":"https:\/\/www.cuchillalia.com\/producto\/wusthof-epicure-1070660201-juego-pelador-9-cm-chef-20-cm\/","name":"Juego pelador 9 cm + Chef 20 cm | W\u00fcsthof Epicure | Cuchillalia.com","isPartOf":{"@id":"https:\/\/www.cuchillalia.com\/#website"},"primaryImageOfPage":{"@id":"https:\/\/www.cuchillalia.com\/producto\/wusthof-epicure-1070660201-juego-pelador-9-cm-chef-20-cm\/#primaryimage"},"image":{"@id":"https:\/\/www.cuchillalia.com\/producto\/wusthof-epicure-1070660201-juego-pelador-9-cm-chef-20-cm\/#primaryimage"},"thumbnailUrl":"https:\/\/www.cuchillalia.com\/wordpress\/wp-content\/uploads\/2018\/08\/cuchillalia-wusthof-epicure-9682-juego-mondador-chef.jpg","datePublished":"2018-08-09T20:33:06+00:00","dateModified":"2026-03-02T09:21:00+00:00","description":"Estuche de 2 cuchillos W\u00fcsthof Epicure, mondador y cuchillo de chef de 20 cm. Mango de fibras naturales y resina. Fabricados en Alemania.","breadcrumb":{"@id":"https:\/\/www.cuchillalia.com\/producto\/wusthof-epicure-1070660201-juego-pelador-9-cm-chef-20-cm\/#breadcrumb"},"inLanguage":"en-US","potentialAction":[{"@type":"ReadAction","target":["https:\/\/www.cuchillalia.com\/producto\/wusthof-epicure-1070660201-juego-pelador-9-cm-chef-20-cm\/"]}]},{"@type":"ImageObject","inLanguage":"en-US","@id":"https:\/\/www.cuchillalia.com\/producto\/wusthof-epicure-1070660201-juego-pelador-9-cm-chef-20-cm\/#primaryimage","url":"https:\/\/www.cuchillalia.com\/wordpress\/wp-content\/uploads\/2018\/08\/cuchillalia-wusthof-epicure-9682-juego-mondador-chef.jpg","contentUrl":"https:\/\/www.cuchillalia.com\/wordpress\/wp-content\/uploads\/2018\/08\/cuchillalia-wusthof-epicure-9682-juego-mondador-chef.jpg","width":1280,"height":1280,"caption":"Set de 2 cuchillos (Mondador de9 cm y Chef de 20 cm) - W\u00fcsthof Epicure 9682"},{"@type":"BreadcrumbList","@id":"https:\/\/www.cuchillalia.com\/producto\/wusthof-epicure-1070660201-juego-pelador-9-cm-chef-20-cm\/#breadcrumb","itemListElement":[{"@type":"ListItem","position":1,"name":"Cuchillalia","item":"https:\/\/www.cuchillalia.com\/en\/"},{"@type":"ListItem","position":2,"name":"Tienda","item":"https:\/\/www.cuchillalia.com\/tienda\/"},{"@type":"ListItem","position":3,"name":"Cuchillos de cocina","item":"https:\/\/www.cuchillalia.com\/categoria\/cuchillos\/"},{"@type":"ListItem","position":4,"name":"Juegos de cuchillos","item":"https:\/\/www.cuchillalia.com\/categoria\/cuchillos\/juegos-de-cuchillos\/"},{"@type":"ListItem","position":5,"name":"Juego pelador 9 cm + Chef 20 cm W\u00fcsthof Epicure"}]},{"@type":"WebSite","@id":"https:\/\/www.cuchillalia.com\/#website","url":"https:\/\/www.cuchillalia.com\/","name":"Cuchillalia.com","description":"","publisher":{"@id":"https:\/\/www.cuchillalia.com\/#organization"},"potentialAction":[{"@type":"SearchAction","target":{"@type":"EntryPoint","urlTemplate":"https:\/\/www.cuchillalia.com\/?s={search_term_string}"},"query-input":{"@type":"PropertyValueSpecification","valueRequired":true,"valueName":"search_term_string"}}],"inLanguage":"en-US"},{"@type":"Organization","@id":"https:\/\/www.cuchillalia.com\/#organization","name":"Cuchillalia","url":"https:\/\/www.cuchillalia.com\/","logo":{"@type":"ImageObject","inLanguage":"en-US","@id":"https:\/\/www.cuchillalia.com\/#\/schema\/logo\/image\/","url":"https:\/\/www.cuchillalia.com\/wordpress\/wp-content\/uploads\/2021\/03\/logo-cuchillalia-jpg.jpg","contentUrl":"https:\/\/www.cuchillalia.com\/wordpress\/wp-content\/uploads\/2021\/03\/logo-cuchillalia-jpg.jpg","width":276,"height":192,"caption":"Cuchillalia"},"image":{"@id":"https:\/\/www.cuchillalia.com\/#\/schema\/logo\/image\/"},"sameAs":["http:\/\/www.facebook.com\/cuchillalia","https:\/\/x.com\/Cuchillalia"]}]}},"_links":{"self":[{"href":"https:\/\/www.cuchillalia.com\/en\/wp-json\/wp\/v2\/product\/44578","targetHints":{"allow":["GET"]}}],"collection":[{"href":"https:\/\/www.cuchillalia.com\/en\/wp-json\/wp\/v2\/product"}],"about":[{"href":"https:\/\/www.cuchillalia.com\/en\/wp-json\/wp\/v2\/types\/product"}],"replies":[{"embeddable":true,"href":"https:\/\/www.cuchillalia.com\/en\/wp-json\/wp\/v2\/comments?post=44578"}],"wp:featuredmedia":[{"embeddable":true,"href":"https:\/\/www.cuchillalia.com\/en\/wp-json\/wp\/v2\/media\/44549"}],"wp:attachment":[{"href":"https:\/\/www.cuchillalia.com\/en\/wp-json\/wp\/v2\/media?parent=44578"}],"wp:term":[{"taxonomy":"product_brand","embeddable":true,"href":"https:\/\/www.cuchillalia.com\/en\/wp-json\/wp\/v2\/product_brand?post=44578"},{"taxonomy":"product_cat","embeddable":true,"href":"https:\/\/www.cuchillalia.com\/en\/wp-json\/wp\/v2\/product_cat?post=44578"},{"taxonomy":"product_tag","embeddable":true,"href":"https:\/\/www.cuchillalia.com\/en\/wp-json\/wp\/v2\/product_tag?post=44578"}],"curies":[{"name":"wp","href":"https:\/\/api.w.org\/{rel}","templated":true}]}}