{"id":44374,"date":"2018-08-06T09:40:41","date_gmt":"2018-08-06T07:40:41","guid":{"rendered":"https:\/\/www.cuchillalia.com\/?post_type=product&#038;p=44374"},"modified":"2026-05-17T02:52:30","modified_gmt":"2026-05-17T00:52:30","slug":"wusthof-classic-ikon-creme-9601-0-estuche-3-cuchillos-blanco","status":"publish","type":"product","link":"https:\/\/www.cuchillalia.com\/en\/producto\/wusthof-classic-ikon-creme-9601-0-estuche-3-cuchillos-blanco\/","title":{"rendered":"Estuche de 3 cuchillos de mango blanco (mondador+chef+chef estrecho) &#8211; W\u00fcsthof Classic Ikon Creme"},"content":{"rendered":"<h2>Tabla de caracter\u00edsticas estuche de 3 cuchillos W\u00fcsthof Classic Ikon Creme<\/h2>\n<div class='tabla-caracteristicas'>\n<div class='fila'><span class='etiqueta'>Nombre comercial:<\/span><span class='valor'><strong>Estuche 3 cuchillos Classic Ikon Creme<\/strong><\/span><\/div>\n<div class='fila'><span class='etiqueta'>Fabricante:<\/span><span class='valor'>W\u00fcsthof<\/span><\/div>\n<div class='fila'><span class='etiqueta'>Referencia del fabricante:<\/span><span class='valor'>9601-0<\/span><\/div>\n<div class='fila'><span class='etiqueta'>Longitud de la hoja:<\/span><span class='valor'>4086-0\/09 &#8211; Puntilla &#8211; 9 cm<br \/>\n4506-0\/20 &#8211; Chef estrecho &#8211; 20 cm<br \/>\n4596-0\/20 &#8211; Chef &#8211; 20 cm<\/span><\/div>\n<div class='fila'><span class='etiqueta'>Material de la hoja:<\/span><span class='valor'>Acero inoxidable<\/span><\/div>\n<div class='fila'><span class='etiqueta'>Material del mango:<\/span><span class='valor'>POM (polioximetileno) de color blanco<\/span><\/div>\n<div class='fila'><span class='etiqueta'>Tipo de mango:<\/span><span class='valor'>Cachas de POM con 3 remaches sin juntas<\/span><\/div>\n<div class='fila'><span class='etiqueta'>\u00bfEs apto para zurdos?:<\/span><span class='valor'>Para diestros y zurdos<\/span><\/div>\n<div class='fila'><span class='etiqueta'>Producci\u00f3n:<\/span><span class='valor'>Forjado en caliente<\/span><\/div>\n<div class='fila'><span class='etiqueta'>Presentaci\u00f3n del producto:<\/span><span class='valor'>Caja<\/span><\/div>\n<div class='fila'><span class='etiqueta'>\u00bfDonde se fabrica?:<\/span><span class='valor'>Solingen &#8211; Alemania<\/span><\/div>\n<div class='fila'><span class='etiqueta'>C\u00f3digo de barras (GTIN):<\/span><span class='valor'>4002293260105<\/span><\/div>\n<div class='fila'><span class='etiqueta'>Observaciones:<\/span><span class='valor'>&#8211; Forjado a partir de una \u00fanica pieza de acero inoxidable, con un mango que se sujeta c\u00f3modamente con la mano.<br \/>\n&#8211; Las cachas tienen triple remachado y el montaje final queda sin juntas y as\u00ed higi\u00e9nicamente perfectas.<br \/>\n&#8211; Los modelos Classic Ikon Creme est\u00e1n perfectamente equilibrados para poder cortar casi sin cansarse.<br \/>\n&#8211; El dise\u00f1o de la virola es especial, quedando perfecto para cortar y tambi\u00e9n para afilar la hoja completa.<br \/>\n&#8211; Gracias a la tecnolog\u00eda PEtec (Precision Edge Technology de W\u00fcsthof) los filos duran mucho mas tiempo.<br \/>\n&#8211; Mango de color crema fabricado en POM (polioximetileno).<\/span><\/div>\n<\/div>\n","protected":false},"excerpt":{"rendered":"<p>Estuche con\u00a0<a href=\"https:\/\/www.cuchillalia.com\/producto\/wusthof-classic-ikon-creme-4596-0-20-cuchillo-chef-20-cm-blanco\/\"><strong>cuchillo de chef de 20 cm (4596-0\/20)<\/strong><\/a>,\u00a0<strong><a href=\"https:\/\/www.cuchillalia.com\/producto\/wusthof-classic-ikon-creme-4086-0-9-mondador-9-cm-blanco\/\">puntilla\/mondador de 9 cm (4086-0\/9)<\/a><\/strong>\u00a0y <a href=\"https:\/\/www.cuchillalia.com\/producto\/wusthof-classic-ikon-creme-4506-0-16-cuchillo-chef-estrecho-blanco\/\"><strong>cuchillo de chef de hoja estrecha de 20 cm (4506-0\/16)<\/strong><\/a>,\u00a0<strong>W\u00fcsthof Classic Ikon 9601-0<\/strong>, todos de mango blanco\/crema. Fabricados en Alemania.&hellip; <a class=\"kt-excerpt-readmore more-link\" href=\"https:\/\/www.cuchillalia.com\/en\/producto\/wusthof-classic-ikon-creme-9601-0-estuche-3-cuchillos-blanco\/\" aria-label=\"Estuche de 3 cuchillos de mango blanco (mondador+chef+chef estrecho) &#8211; W\u00fcsthof Classic Ikon Creme\">Read More<\/a><\/p>\n","protected":false},"featured_media":44375,"comment_status":"open","ping_status":"closed","template":"","meta":[],"product_brand":[],"product_cat":[8354,8422],"product_tag":[],"class_list":{"0":"post-44374","1":"product","2":"type-product","3":"status-publish","4":"has-post-thumbnail","6":"product_cat-juegos-de-cuchillos","7":"product_cat-classic-ikon-creme","9":"first","10":"outofstock","11":"taxable","12":"shipping-taxable","13":"purchasable","14":"product-type-simple"},"yoast_head":"<!-- This site is optimized with the Yoast SEO plugin v27.5 - https:\/\/yoast.com\/product\/yoast-seo-wordpress\/ -->\n<title>Estuche de 3 cuchillos de mango blanco | W\u00fcsthof Classic Ikon Creme<\/title>\n<meta name=\"description\" content=\"Estuche de 3 cuchillos de mango blanco W\u00fcsthof Classic Ikon Creme con mondador de 9 cm, chef de 20 cm y chef de hoja estrecha\" \/>\n<meta name=\"robots\" content=\"index, follow, max-snippet:-1, max-image-preview:large, max-video-preview:-1\" \/>\n<link rel=\"canonical\" href=\"https:\/\/www.cuchillalia.com\/producto\/wusthof-classic-ikon-creme-9601-0-estuche-3-cuchillos-blanco\/\" \/>\n<meta property=\"og:locale\" content=\"en_US\" \/>\n<meta property=\"og:type\" content=\"article\" \/>\n<meta property=\"og:title\" content=\"Estuche de 3 cuchillos de mango blanco | W\u00fcsthof Classic Ikon Creme\" \/>\n<meta property=\"og:description\" content=\"Estuche de 3 cuchillos de mango blanco W\u00fcsthof Classic Ikon Creme con mondador de 9 cm, chef de 20 cm y chef de hoja estrecha\" \/>\n<meta property=\"og:url\" content=\"https:\/\/www.cuchillalia.com\/producto\/wusthof-classic-ikon-creme-9601-0-estuche-3-cuchillos-blanco\/\" \/>\n<meta property=\"og:site_name\" content=\"Cuchillalia.com\" \/>\n<meta property=\"article:publisher\" content=\"http:\/\/www.facebook.com\/cuchillalia\" \/>\n<meta property=\"article:modified_time\" content=\"2026-05-17T00:52:30+00:00\" \/>\n<meta property=\"og:image\" content=\"https:\/\/www.cuchillalia.com\/wordpress\/wp-content\/uploads\/2018\/08\/cuchillalia-wusthof-classic-ikon-creme-9601-0-set-3-cuchillos.jpg\" \/>\n\t<meta property=\"og:image:width\" content=\"1280\" \/>\n\t<meta property=\"og:image:height\" content=\"1280\" \/>\n\t<meta property=\"og:image:type\" content=\"image\/jpeg\" \/>\n<meta name=\"twitter:card\" content=\"summary_large_image\" \/>\n<meta name=\"twitter:site\" content=\"@Cuchillalia\" \/>\n<meta name=\"twitter:label1\" content=\"Est. reading time\" \/>\n\t<meta name=\"twitter:data1\" content=\"2 minutes\" \/>\n<!-- \/ Yoast SEO plugin. -->","yoast_head_json":{"title":"Estuche de 3 cuchillos de mango blanco | W\u00fcsthof Classic Ikon Creme","description":"Estuche de 3 cuchillos de mango blanco W\u00fcsthof Classic Ikon Creme con mondador de 9 cm, chef de 20 cm y chef de hoja estrecha","robots":{"index":"index","follow":"follow","max-snippet":"max-snippet:-1","max-image-preview":"max-image-preview:large","max-video-preview":"max-video-preview:-1"},"canonical":"https:\/\/www.cuchillalia.com\/producto\/wusthof-classic-ikon-creme-9601-0-estuche-3-cuchillos-blanco\/","og_locale":"en_US","og_type":"article","og_title":"Estuche de 3 cuchillos de mango blanco | W\u00fcsthof Classic Ikon Creme","og_description":"Estuche de 3 cuchillos de mango blanco W\u00fcsthof Classic Ikon Creme con mondador de 9 cm, chef de 20 cm y chef de hoja estrecha","og_url":"https:\/\/www.cuchillalia.com\/producto\/wusthof-classic-ikon-creme-9601-0-estuche-3-cuchillos-blanco\/","og_site_name":"Cuchillalia.com","article_publisher":"http:\/\/www.facebook.com\/cuchillalia","article_modified_time":"2026-05-17T00:52:30+00:00","og_image":[{"width":1280,"height":1280,"url":"https:\/\/www.cuchillalia.com\/wordpress\/wp-content\/uploads\/2018\/08\/cuchillalia-wusthof-classic-ikon-creme-9601-0-set-3-cuchillos.jpg","type":"image\/jpeg"}],"twitter_card":"summary_large_image","twitter_site":"@Cuchillalia","twitter_misc":{"Est. reading time":"2 minutes"},"schema":{"@context":"https:\/\/schema.org","@graph":[{"@type":"WebPage","@id":"https:\/\/www.cuchillalia.com\/producto\/wusthof-classic-ikon-creme-9601-0-estuche-3-cuchillos-blanco\/","url":"https:\/\/www.cuchillalia.com\/producto\/wusthof-classic-ikon-creme-9601-0-estuche-3-cuchillos-blanco\/","name":"Estuche de 3 cuchillos de mango blanco | W\u00fcsthof Classic Ikon Creme","isPartOf":{"@id":"https:\/\/www.cuchillalia.com\/#website"},"primaryImageOfPage":{"@id":"https:\/\/www.cuchillalia.com\/producto\/wusthof-classic-ikon-creme-9601-0-estuche-3-cuchillos-blanco\/#primaryimage"},"image":{"@id":"https:\/\/www.cuchillalia.com\/producto\/wusthof-classic-ikon-creme-9601-0-estuche-3-cuchillos-blanco\/#primaryimage"},"thumbnailUrl":"https:\/\/www.cuchillalia.com\/wordpress\/wp-content\/uploads\/2018\/08\/cuchillalia-wusthof-classic-ikon-creme-9601-0-set-3-cuchillos.jpg","datePublished":"2018-08-06T07:40:41+00:00","dateModified":"2026-05-17T00:52:30+00:00","description":"Estuche de 3 cuchillos de mango blanco W\u00fcsthof Classic Ikon Creme con mondador de 9 cm, chef de 20 cm y chef de hoja estrecha","breadcrumb":{"@id":"https:\/\/www.cuchillalia.com\/producto\/wusthof-classic-ikon-creme-9601-0-estuche-3-cuchillos-blanco\/#breadcrumb"},"inLanguage":"en-US","potentialAction":[{"@type":"ReadAction","target":["https:\/\/www.cuchillalia.com\/producto\/wusthof-classic-ikon-creme-9601-0-estuche-3-cuchillos-blanco\/"]}]},{"@type":"ImageObject","inLanguage":"en-US","@id":"https:\/\/www.cuchillalia.com\/producto\/wusthof-classic-ikon-creme-9601-0-estuche-3-cuchillos-blanco\/#primaryimage","url":"https:\/\/www.cuchillalia.com\/wordpress\/wp-content\/uploads\/2018\/08\/cuchillalia-wusthof-classic-ikon-creme-9601-0-set-3-cuchillos.jpg","contentUrl":"https:\/\/www.cuchillalia.com\/wordpress\/wp-content\/uploads\/2018\/08\/cuchillalia-wusthof-classic-ikon-creme-9601-0-set-3-cuchillos.jpg","width":1280,"height":1280,"caption":"Estuche 3 Cuchillos de mango blanco - Puntilla + Chef (hoja estrecha) + Chef W\u00fcsthof Classic Ikon Creme 9601-0"},{"@type":"BreadcrumbList","@id":"https:\/\/www.cuchillalia.com\/producto\/wusthof-classic-ikon-creme-9601-0-estuche-3-cuchillos-blanco\/#breadcrumb","itemListElement":[{"@type":"ListItem","position":1,"name":"Cuchillalia","item":"https:\/\/www.cuchillalia.com\/en\/"},{"@type":"ListItem","position":2,"name":"Tienda","item":"https:\/\/www.cuchillalia.com\/tienda\/"},{"@type":"ListItem","position":3,"name":"Cuchillos de cocina","item":"https:\/\/www.cuchillalia.com\/categoria\/cuchillos\/"},{"@type":"ListItem","position":4,"name":"Juegos de cuchillos","item":"https:\/\/www.cuchillalia.com\/categoria\/cuchillos\/juegos-de-cuchillos\/"},{"@type":"ListItem","position":5,"name":"Estuche de 3 cuchillos de mango blanco (mondador+chef+chef estrecho) &#8211; W\u00fcsthof Classic Ikon Creme"}]},{"@type":"WebSite","@id":"https:\/\/www.cuchillalia.com\/#website","url":"https:\/\/www.cuchillalia.com\/","name":"Cuchillalia.com","description":"","publisher":{"@id":"https:\/\/www.cuchillalia.com\/#organization"},"potentialAction":[{"@type":"SearchAction","target":{"@type":"EntryPoint","urlTemplate":"https:\/\/www.cuchillalia.com\/?s={search_term_string}"},"query-input":{"@type":"PropertyValueSpecification","valueRequired":true,"valueName":"search_term_string"}}],"inLanguage":"en-US"},{"@type":"Organization","@id":"https:\/\/www.cuchillalia.com\/#organization","name":"Cuchillalia","url":"https:\/\/www.cuchillalia.com\/","logo":{"@type":"ImageObject","inLanguage":"en-US","@id":"https:\/\/www.cuchillalia.com\/#\/schema\/logo\/image\/","url":"https:\/\/www.cuchillalia.com\/wordpress\/wp-content\/uploads\/2021\/03\/logo-cuchillalia-jpg.jpg","contentUrl":"https:\/\/www.cuchillalia.com\/wordpress\/wp-content\/uploads\/2021\/03\/logo-cuchillalia-jpg.jpg","width":276,"height":192,"caption":"Cuchillalia"},"image":{"@id":"https:\/\/www.cuchillalia.com\/#\/schema\/logo\/image\/"},"sameAs":["http:\/\/www.facebook.com\/cuchillalia","https:\/\/x.com\/Cuchillalia"]}]}},"_links":{"self":[{"href":"https:\/\/www.cuchillalia.com\/en\/wp-json\/wp\/v2\/product\/44374","targetHints":{"allow":["GET"]}}],"collection":[{"href":"https:\/\/www.cuchillalia.com\/en\/wp-json\/wp\/v2\/product"}],"about":[{"href":"https:\/\/www.cuchillalia.com\/en\/wp-json\/wp\/v2\/types\/product"}],"replies":[{"embeddable":true,"href":"https:\/\/www.cuchillalia.com\/en\/wp-json\/wp\/v2\/comments?post=44374"}],"wp:featuredmedia":[{"embeddable":true,"href":"https:\/\/www.cuchillalia.com\/en\/wp-json\/wp\/v2\/media\/44375"}],"wp:attachment":[{"href":"https:\/\/www.cuchillalia.com\/en\/wp-json\/wp\/v2\/media?parent=44374"}],"wp:term":[{"taxonomy":"product_brand","embeddable":true,"href":"https:\/\/www.cuchillalia.com\/en\/wp-json\/wp\/v2\/product_brand?post=44374"},{"taxonomy":"product_cat","embeddable":true,"href":"https:\/\/www.cuchillalia.com\/en\/wp-json\/wp\/v2\/product_cat?post=44374"},{"taxonomy":"product_tag","embeddable":true,"href":"https:\/\/www.cuchillalia.com\/en\/wp-json\/wp\/v2\/product_tag?post=44374"}],"curies":[{"name":"wp","href":"https:\/\/api.w.org\/{rel}","templated":true}]}}