{"id":44212,"date":"2018-08-02T14:27:11","date_gmt":"2018-08-02T12:27:11","guid":{"rendered":"https:\/\/www.cuchillalia.com\/?post_type=product&#038;p=44212"},"modified":"2025-07-03T21:28:32","modified_gmt":"2025-07-03T19:28:32","slug":"tijera-peluqueria-zurdos-esculpir-filarmonica-54001","status":"publish","type":"product","link":"https:\/\/www.cuchillalia.com\/en\/producto\/tijera-peluqueria-zurdos-esculpir-filarmonica-54001\/","title":{"rendered":"Tijeras de peluquer\u00eda para esculpir para zurdos ES 28 de 5,5&#8243; &#8211; Filarm\u00f3nica Aluminium 54001"},"content":{"rendered":"<h2>Tabla de caracter\u00edsticas tijera de peluquer\u00eda para zurdos Filarm\u00f3nica\u00a054001<\/h2>\n<div class='tabla-caracteristicas'>\n<div class='fila'><span class='etiqueta'>Nombre comercial:<\/span><span class='valor'><strong>Tijeras peluquero para zurdos esculpir Aluminium Left<\/strong><\/span><\/div>\n<div class='fila'><span class='etiqueta'>Fabricante:<\/span><span class='valor'>Filarm\u00f3nica<\/span><\/div>\n<div class='fila'><span class='etiqueta'>Referencia del fabricante:<\/span><span class='valor'>54001<\/span><\/div>\n<div class='fila'><span class='etiqueta'>Material de la hoja:<\/span><span class='valor'>Acero inoxidable<\/span><\/div>\n<div class='fila'><span class='etiqueta'>Dureza:<\/span><span class='valor'>HRc 56 Rockwell<\/span><\/div>\n<div class='fila'><span class='etiqueta'>Material del mango:<\/span><span class='valor'>Aluminio<\/span><\/div>\n<div class='fila'><span class='etiqueta'>Medidas:<\/span><span class='valor'>14 cm &#8211; 5,5&#8242;<\/span><\/div>\n<div class='fila'><span class='etiqueta'>\u00bfEs apto para zurdos?:<\/span><span class='valor'>Solo para zurdos<\/span><\/div>\n<div class='fila'><span class='etiqueta'>Peso del producto:<\/span><span class='valor'>28 g<\/span><\/div>\n<div class='fila'><span class='etiqueta'>Producci\u00f3n:<\/span><span class='valor'>Forjadas en caliente<\/span><\/div>\n<div class='fila'><span class='etiqueta'>Presentaci\u00f3n del producto:<\/span><span class='valor'>Blister de pl\u00e1stico<\/span><\/div>\n<div class='fila'><span class='etiqueta'>\u00bfTiene tornillo de apriete?:<\/span><span class='valor'>Tornillo plano regulable<\/span><\/div>\n<div class='fila'><span class='etiqueta'>\u00bfDonde se fabrica?:<\/span><span class='valor'>Espa\u00f1a<\/span><\/div>\n<div class='fila'><span class='etiqueta'>C\u00f3digo de barras (GTIN):<\/span><span class='valor'>8410990540011<\/span><\/div>\n<\/div>\n","protected":false},"excerpt":{"rendered":"<p><strong>Tijera de esculpir en peluquer\u00eda para zurdos<\/strong>, <strong>Filarm\u00f3nica Aluminium Left ES28<\/strong>, referencia <em>54001<\/em>, de <strong>5.5&#8243;<\/strong> de largo. Mangos de aluminio que aportan mayor ligereza a las tijeras. <em>Fabricadas en Espa\u00f1a<\/em>.&hellip; <a class=\"kt-excerpt-readmore more-link\" href=\"https:\/\/www.cuchillalia.com\/en\/producto\/tijera-peluqueria-zurdos-esculpir-filarmonica-54001\/\" aria-label=\"Tijeras de peluquer\u00eda para esculpir para zurdos ES 28 de 5,5&#8243; &#8211; Filarm\u00f3nica Aluminium 54001\">Read More<\/a><\/p>\n","protected":false},"featured_media":43774,"comment_status":"open","ping_status":"closed","template":"","meta":[],"product_brand":[],"product_cat":[8336,8371,8272],"product_tag":[],"class_list":{"0":"post-44212","1":"product","2":"type-product","3":"status-publish","4":"has-post-thumbnail","6":"product_cat-esculpir-entresacar","7":"product_cat-tijeras-peluqueria-filarmonica","8":"product_cat-tijeras-zurdos","10":"first","11":"instock","12":"taxable","13":"shipping-taxable","14":"purchasable","15":"product-type-simple"},"yoast_head":"<!-- This site is optimized with the Yoast SEO plugin v27.5 - https:\/\/yoast.com\/product\/yoast-seo-wordpress\/ -->\n<title>Tijeras de peluquer\u00eda para zurdos para esculpir 5,5&quot; Filarm\u00f3nica 54001<\/title>\n<meta name=\"description\" content=\"Tijeras de peluquer\u00eda para zurdos para esculpir fabricadas en Espa\u00f1a por Filarm\u00f3nica, referencia 54001, de 5,5&quot;, Aluminium Left, tornillo plano regulable.\" \/>\n<meta name=\"robots\" content=\"index, follow, max-snippet:-1, max-image-preview:large, max-video-preview:-1\" \/>\n<link rel=\"canonical\" href=\"https:\/\/www.cuchillalia.com\/producto\/tijera-peluqueria-zurdos-esculpir-filarmonica-54001\/\" \/>\n<meta property=\"og:locale\" content=\"en_US\" \/>\n<meta property=\"og:type\" content=\"article\" \/>\n<meta property=\"og:title\" content=\"Tijeras de peluquer\u00eda para zurdos para esculpir 5,5&quot; Filarm\u00f3nica 54001\" \/>\n<meta property=\"og:description\" content=\"Tijeras de peluquer\u00eda para zurdos para esculpir fabricadas en Espa\u00f1a por Filarm\u00f3nica, referencia 54001, de 5,5&quot;, Aluminium Left, tornillo plano regulable.\" \/>\n<meta property=\"og:url\" content=\"https:\/\/www.cuchillalia.com\/producto\/tijera-peluqueria-zurdos-esculpir-filarmonica-54001\/\" \/>\n<meta property=\"og:site_name\" content=\"Cuchillalia.com\" \/>\n<meta property=\"article:publisher\" content=\"http:\/\/www.facebook.com\/cuchillalia\" \/>\n<meta property=\"article:modified_time\" content=\"2025-07-03T19:28:32+00:00\" \/>\n<meta property=\"og:image\" content=\"https:\/\/www.cuchillalia.com\/wordpress\/wp-content\/uploads\/2018\/07\/cuchillalia-filarmonica-54000-tijera-peluqueria-zurdos-esculpir.jpg\" \/>\n\t<meta property=\"og:image:width\" content=\"1600\" \/>\n\t<meta property=\"og:image:height\" content=\"1600\" \/>\n\t<meta property=\"og:image:type\" content=\"image\/jpeg\" \/>\n<meta name=\"twitter:card\" content=\"summary_large_image\" \/>\n<meta name=\"twitter:site\" content=\"@Cuchillalia\" \/>\n<!-- \/ Yoast SEO plugin. -->","yoast_head_json":{"title":"Tijeras de peluquer\u00eda para zurdos para esculpir 5,5\" Filarm\u00f3nica 54001","description":"Tijeras de peluquer\u00eda para zurdos para esculpir fabricadas en Espa\u00f1a por Filarm\u00f3nica, referencia 54001, de 5,5\", Aluminium Left, tornillo plano regulable.","robots":{"index":"index","follow":"follow","max-snippet":"max-snippet:-1","max-image-preview":"max-image-preview:large","max-video-preview":"max-video-preview:-1"},"canonical":"https:\/\/www.cuchillalia.com\/producto\/tijera-peluqueria-zurdos-esculpir-filarmonica-54001\/","og_locale":"en_US","og_type":"article","og_title":"Tijeras de peluquer\u00eda para zurdos para esculpir 5,5\" Filarm\u00f3nica 54001","og_description":"Tijeras de peluquer\u00eda para zurdos para esculpir fabricadas en Espa\u00f1a por Filarm\u00f3nica, referencia 54001, de 5,5\", Aluminium Left, tornillo plano regulable.","og_url":"https:\/\/www.cuchillalia.com\/producto\/tijera-peluqueria-zurdos-esculpir-filarmonica-54001\/","og_site_name":"Cuchillalia.com","article_publisher":"http:\/\/www.facebook.com\/cuchillalia","article_modified_time":"2025-07-03T19:28:32+00:00","og_image":[{"width":1600,"height":1600,"url":"https:\/\/www.cuchillalia.com\/wordpress\/wp-content\/uploads\/2018\/07\/cuchillalia-filarmonica-54000-tijera-peluqueria-zurdos-esculpir.jpg","type":"image\/jpeg"}],"twitter_card":"summary_large_image","twitter_site":"@Cuchillalia","schema":{"@context":"https:\/\/schema.org","@graph":[{"@type":"WebPage","@id":"https:\/\/www.cuchillalia.com\/producto\/tijera-peluqueria-zurdos-esculpir-filarmonica-54001\/","url":"https:\/\/www.cuchillalia.com\/producto\/tijera-peluqueria-zurdos-esculpir-filarmonica-54001\/","name":"Tijeras de peluquer\u00eda para zurdos para esculpir 5,5\" Filarm\u00f3nica 54001","isPartOf":{"@id":"https:\/\/www.cuchillalia.com\/#website"},"primaryImageOfPage":{"@id":"https:\/\/www.cuchillalia.com\/producto\/tijera-peluqueria-zurdos-esculpir-filarmonica-54001\/#primaryimage"},"image":{"@id":"https:\/\/www.cuchillalia.com\/producto\/tijera-peluqueria-zurdos-esculpir-filarmonica-54001\/#primaryimage"},"thumbnailUrl":"https:\/\/www.cuchillalia.com\/wordpress\/wp-content\/uploads\/2018\/07\/cuchillalia-filarmonica-54000-tijera-peluqueria-zurdos-esculpir.jpg","datePublished":"2018-08-02T12:27:11+00:00","dateModified":"2025-07-03T19:28:32+00:00","description":"Tijeras de peluquer\u00eda para zurdos para esculpir fabricadas en Espa\u00f1a por Filarm\u00f3nica, referencia 54001, de 5,5\", Aluminium Left, tornillo plano regulable.","breadcrumb":{"@id":"https:\/\/www.cuchillalia.com\/producto\/tijera-peluqueria-zurdos-esculpir-filarmonica-54001\/#breadcrumb"},"inLanguage":"en-US","potentialAction":[{"@type":"ReadAction","target":["https:\/\/www.cuchillalia.com\/producto\/tijera-peluqueria-zurdos-esculpir-filarmonica-54001\/"]}]},{"@type":"ImageObject","inLanguage":"en-US","@id":"https:\/\/www.cuchillalia.com\/producto\/tijera-peluqueria-zurdos-esculpir-filarmonica-54001\/#primaryimage","url":"https:\/\/www.cuchillalia.com\/wordpress\/wp-content\/uploads\/2018\/07\/cuchillalia-filarmonica-54000-tijera-peluqueria-zurdos-esculpir.jpg","contentUrl":"https:\/\/www.cuchillalia.com\/wordpress\/wp-content\/uploads\/2018\/07\/cuchillalia-filarmonica-54000-tijera-peluqueria-zurdos-esculpir.jpg","width":1600,"height":1600,"caption":"Tijera de peluquer\u00eda para esculpir para zurdos Filarm\u00f3nica Aluminium Left 54001 - Cuchillalia"},{"@type":"BreadcrumbList","@id":"https:\/\/www.cuchillalia.com\/producto\/tijera-peluqueria-zurdos-esculpir-filarmonica-54001\/#breadcrumb","itemListElement":[{"@type":"ListItem","position":1,"name":"Cuchillalia","item":"https:\/\/www.cuchillalia.com\/en\/"},{"@type":"ListItem","position":2,"name":"Tienda","item":"https:\/\/www.cuchillalia.com\/tienda\/"},{"@type":"ListItem","position":3,"name":"Marcas","item":"https:\/\/www.cuchillalia.com\/categoria\/marcas\/"},{"@type":"ListItem","position":4,"name":"Filarm\u00f3nica","item":"https:\/\/www.cuchillalia.com\/categoria\/marcas\/filarmonica\/"},{"@type":"ListItem","position":5,"name":"Tijeras de peluquer\u00eda de Filarm\u00f3nica","item":"https:\/\/www.cuchillalia.com\/categoria\/marcas\/filarmonica\/tijeras-peluqueria-filarmonica\/"},{"@type":"ListItem","position":6,"name":"Tijeras de peluquer\u00eda para esculpir para zurdos ES 28 de 5,5&#8243; &#8211; Filarm\u00f3nica Aluminium 54001"}]},{"@type":"WebSite","@id":"https:\/\/www.cuchillalia.com\/#website","url":"https:\/\/www.cuchillalia.com\/","name":"Cuchillalia.com","description":"","publisher":{"@id":"https:\/\/www.cuchillalia.com\/#organization"},"potentialAction":[{"@type":"SearchAction","target":{"@type":"EntryPoint","urlTemplate":"https:\/\/www.cuchillalia.com\/?s={search_term_string}"},"query-input":{"@type":"PropertyValueSpecification","valueRequired":true,"valueName":"search_term_string"}}],"inLanguage":"en-US"},{"@type":"Organization","@id":"https:\/\/www.cuchillalia.com\/#organization","name":"Cuchillalia","url":"https:\/\/www.cuchillalia.com\/","logo":{"@type":"ImageObject","inLanguage":"en-US","@id":"https:\/\/www.cuchillalia.com\/#\/schema\/logo\/image\/","url":"https:\/\/www.cuchillalia.com\/wordpress\/wp-content\/uploads\/2021\/03\/logo-cuchillalia-jpg.jpg","contentUrl":"https:\/\/www.cuchillalia.com\/wordpress\/wp-content\/uploads\/2021\/03\/logo-cuchillalia-jpg.jpg","width":276,"height":192,"caption":"Cuchillalia"},"image":{"@id":"https:\/\/www.cuchillalia.com\/#\/schema\/logo\/image\/"},"sameAs":["http:\/\/www.facebook.com\/cuchillalia","https:\/\/x.com\/Cuchillalia"]}]}},"_links":{"self":[{"href":"https:\/\/www.cuchillalia.com\/en\/wp-json\/wp\/v2\/product\/44212","targetHints":{"allow":["GET"]}}],"collection":[{"href":"https:\/\/www.cuchillalia.com\/en\/wp-json\/wp\/v2\/product"}],"about":[{"href":"https:\/\/www.cuchillalia.com\/en\/wp-json\/wp\/v2\/types\/product"}],"replies":[{"embeddable":true,"href":"https:\/\/www.cuchillalia.com\/en\/wp-json\/wp\/v2\/comments?post=44212"}],"wp:featuredmedia":[{"embeddable":true,"href":"https:\/\/www.cuchillalia.com\/en\/wp-json\/wp\/v2\/media\/43774"}],"wp:attachment":[{"href":"https:\/\/www.cuchillalia.com\/en\/wp-json\/wp\/v2\/media?parent=44212"}],"wp:term":[{"taxonomy":"product_brand","embeddable":true,"href":"https:\/\/www.cuchillalia.com\/en\/wp-json\/wp\/v2\/product_brand?post=44212"},{"taxonomy":"product_cat","embeddable":true,"href":"https:\/\/www.cuchillalia.com\/en\/wp-json\/wp\/v2\/product_cat?post=44212"},{"taxonomy":"product_tag","embeddable":true,"href":"https:\/\/www.cuchillalia.com\/en\/wp-json\/wp\/v2\/product_tag?post=44212"}],"curies":[{"name":"wp","href":"https:\/\/api.w.org\/{rel}","templated":true}]}}