{"id":39434,"date":"2018-06-12T00:15:36","date_gmt":"2018-06-11T22:15:36","guid":{"rendered":"https:\/\/www.cuchillalia.com\/?post_type=product&#038;p=39434"},"modified":"2025-07-03T21:32:42","modified_gmt":"2025-07-03T19:32:42","slug":"kai-ndc-0706-shun-nagare-cuchillo-chef-20-cm","status":"publish","type":"product","link":"https:\/\/www.cuchillalia.com\/en\/producto\/kai-ndc-0706-shun-nagare-cuchillo-chef-20-cm\/","title":{"rendered":"KAI Shun Nagare NDC-0706 &#8211; Cuchillo de chef de 20 cm"},"content":{"rendered":"<p>Con la serie Shun Nagare, KAI ha creado una gran obra maestra innovando en el arte de la forja japonesa. Todo con un dise\u00f1o propio y sofisticado adem\u00e1s de un proceso de fabricaci\u00f3n con t\u00e9cnicas complejas. Esta gama de cuchillos tiene las hojas con un brillo especialmente alto y un dibujo en el acero de damasco en forma de rayos.<\/p>\n<h2>La hoja del chef KAI Shun Nagare<\/h2>\n<p>La hoja dual-core de la gama de cuchillos KAI Shun Nagare ha sido fabricada por la marca japonesa KAI siguiendo un proceso de forja innovador, mezclando dos tipos de acero de propiedades diferentes en 72 capas. Los dos aceros son el VG-2, que es flexible y resistente, y el VG-10, especialmente duro, lo que permite obtener una dureza de 61 (\u00b11) HRC.<br \/>\nLas cuchillas tienen el filo occidental, han sido afiladas por ambos lados. Su calidad de corte es duradera gracias a la dureza del acero.<\/p>\n<h2>El mango del chef KAI Shun Nagare<\/h2>\n<p>El mango ergon\u00f3mico de los cuchillos de la serie Shun Nagare presenta un dise\u00f1o suave ligeramente curvado. La parte forjada en el mango le aporta estabilidad y equilibrio gracias al contrapeso \u00f3ptimo respecto de la hoja.<br \/>\nFabricado en madera de Pakka de color gris oscuro, con cachas remachadas. La madera es de alta resistencia.<\/p>\n<h2>Tabla de caracter\u00edsticas cuchillo de chef KAI NDC-0706<\/h2>\n<div class='tabla-caracteristicas'>\n<div class='fila'><span class='etiqueta'>Nombre comercial:<\/span><span class='valor'><strong>Shun Nagare chef de 20 cm<\/strong><\/span><\/div>\n<div class='fila'><span class='etiqueta'>Fabricante:<\/span><span class='valor'>KAI<\/span><\/div>\n<div class='fila'><span class='etiqueta'>Referencia del fabricante:<\/span><span class='valor'>NDC-0706<\/span><\/div>\n<div class='fila'><span class='etiqueta'>Longitud de la hoja:<\/span><span class='valor'>20 cm<\/span><\/div>\n<div class='fila'><span class='etiqueta'>Longitud del mango:<\/span><span class='valor'>14 cm<\/span><\/div>\n<div class='fila'><span class='etiqueta'>Material de la hoja:<\/span><span class='valor'>Hoja en acero de Damasco de 72 capas<\/span><\/div>\n<div class='fila'><span class='etiqueta'>Dureza:<\/span><span class='valor'>HRc 61\u00b11 Rockwell<\/span><\/div>\n<div class='fila'><span class='etiqueta'>Material del mango:<\/span><span class='valor'>Madera de Pakka gris<\/span><\/div>\n<div class='fila'><span class='etiqueta'>Tipo de mango:<\/span><span class='valor'>Ergon\u00f3mico<\/span><\/div>\n<div class='fila'><span class='etiqueta'>\u00bfEs apto para zurdos?:<\/span><span class='valor'>Para diestros y zurdos<\/span><\/div>\n<div class='fila'><span class='etiqueta'>Presentaci\u00f3n del producto:<\/span><span class='valor'>Caja<\/span><\/div>\n<div class='fila'><span class='etiqueta'>\u00bfEs apto para el lavavajillas?:<\/span><span class='valor'>No<\/span><\/div>\n<div class='fila'><span class='etiqueta'>\u00bfDonde se fabrica?:<\/span><span class='valor'>Jap\u00f3n<\/span><\/div>\n<div class='fila'><span class='etiqueta'>\u00bfQu\u00e9 garant\u00eda tiene?:<\/span><span class='valor'>10 a\u00f1os contra todo defecto de fabricaci\u00f3n, siempre que del producto se haga un uso racional para el cual ha sido fabricado.<\/span><\/div>\n<div class='fila'><span class='etiqueta'>C\u00f3digo de barras (GTIN):<\/span><span class='valor'>4901601006407<\/span><\/div>\n<\/div>\n<h3>Otros modelos de cuchillos KAI Shun Nagare<\/h3>\n<p>En <strong>Cuchillalia.com<\/strong> disponemos de otros modelos diferentes de la misma serie de cuchillos <strong><a href='https:\/\/www.cuchillalia.com\/categoria\/marcas\/kai\/shun-nagare\/'>KAI Shun Nagare<\/a><\/strong>, como por ejemplo:<\/p>\n<div class=\"woocommerce columns-4 outofstock\"><ul class=\"products kad_product_wrapper rowtight shopcolumn4 shopfullwidth init-isotope-intrinsic kt-show-rating  reinit-isotope\" data-nextselector=\".woocommerce-pagination a.next\" data-navselector=\".woocommerce-pagination\" data-itemselector=\".kad_product\" data-itemloadselector=\".kt_item_fade_in\" data-iso-selector=\".kad_product\" data-iso-style=\"fitRows\" data-iso-filter=\"true\">\n<li class=\"product type-product post-64772 status-publish first instock product_cat-mondadores product_cat-shun-nagare has-post-thumbnail taxable shipping-taxable purchasable product-type-simple col-xxl-2 col-xl-25 col-md-3 col-sm-4 col-xs-6 col-ss-6 mondadores shun-nagare kad_product\">\n\t<div class=\"grid_item product_item clearfix kt_item_fade_in\"><a href=\"https:\/\/www.cuchillalia.com\/en\/producto\/kai-ndc-0700-shun-nagare-cuchillo-mondador-9cm\/\" class=\"product_item_link product_img_link\"><div class=\"kad-product-noflipper kt-product-hardcrop kt-product-intrinsic\" style=\"padding-bottom:100%;\"><div class=\"kt-product-animation-contain\"><img decoding=\"async\" src=\"https:\/\/www.cuchillalia.com\/wordpress\/wp-content\/uploads\/2019\/04\/kai-shun-nagare-ndc-0700-cuchillo-mondador-300x300.jpg\" srcset=\"https:\/\/www.cuchillalia.com\/wordpress\/wp-content\/uploads\/2019\/04\/kai-shun-nagare-ndc-0700-cuchillo-mondador-300x300.jpg 300w, https:\/\/www.cuchillalia.com\/wordpress\/wp-content\/uploads\/2019\/04\/kai-shun-nagare-ndc-0700-cuchillo-mondador-200x200.jpg 200w, https:\/\/www.cuchillalia.com\/wordpress\/wp-content\/uploads\/2019\/04\/kai-shun-nagare-ndc-0700-cuchillo-mondador-100x100.jpg 100w, https:\/\/www.cuchillalia.com\/wordpress\/wp-content\/uploads\/2019\/04\/kai-shun-nagare-ndc-0700-cuchillo-mondador-566x566.jpg 566w, https:\/\/www.cuchillalia.com\/wordpress\/wp-content\/uploads\/2019\/04\/kai-shun-nagare-ndc-0700-cuchillo-mondador-1024x1024.jpg 1024w, https:\/\/www.cuchillalia.com\/wordpress\/wp-content\/uploads\/2019\/04\/kai-shun-nagare-ndc-0700-cuchillo-mondador-150x150.jpg 150w, https:\/\/www.cuchillalia.com\/wordpress\/wp-content\/uploads\/2019\/04\/kai-shun-nagare-ndc-0700-cuchillo-mondador-768x768.jpg 768w, https:\/\/www.cuchillalia.com\/wordpress\/wp-content\/uploads\/2019\/04\/kai-shun-nagare-ndc-0700-cuchillo-mondador-1536x1536.jpg 1536w, https:\/\/www.cuchillalia.com\/wordpress\/wp-content\/uploads\/2019\/04\/kai-shun-nagare-ndc-0700-cuchillo-mondador-2048x2048.jpg 2048w, https:\/\/www.cuchillalia.com\/wordpress\/wp-content\/uploads\/2019\/04\/kai-shun-nagare-ndc-0700-cuchillo-mondador-720x720.jpg 720w, https:\/\/www.cuchillalia.com\/wordpress\/wp-content\/uploads\/2019\/04\/kai-shun-nagare-ndc-0700-cuchillo-mondador-360x360.jpg 360w, https:\/\/www.cuchillalia.com\/wordpress\/wp-content\/uploads\/2019\/04\/kai-shun-nagare-ndc-0700-cuchillo-mondador-600x600.jpg 600w, https:\/\/www.cuchillalia.com\/wordpress\/wp-content\/uploads\/2019\/04\/kai-shun-nagare-ndc-0700-cuchillo-mondador-800x800.jpg 800w, https:\/\/www.cuchillalia.com\/wordpress\/wp-content\/uploads\/2019\/04\/kai-shun-nagare-ndc-0700-cuchillo-mondador-400x400.jpg 400w, https:\/\/www.cuchillalia.com\/wordpress\/wp-content\/uploads\/2019\/04\/kai-shun-nagare-ndc-0700-cuchillo-mondador.jpg 1600w\" sizes=\"(max-width: 300px) 100vw, 300px\"  alt=\"KAI Shun Nagare NDC-0700 - Cuchillo mondador - Cuchillalia\" width=\"300\" height=\"300\" class=\"attachment-shop_catalog wp-post-image size-300x300\"><\/div><\/div><\/a> \n\n\t<div class=\"details_product_item\"><div class=\"product_details\"><a href=\"https:\/\/www.cuchillalia.com\/en\/producto\/kai-ndc-0700-shun-nagare-cuchillo-mondador-9cm\/\" class=\"product_item_link\"><h3 class=\"product_archive_title\">KAI Shun Nagare NDC-0700 &#8211; Cuchillo mondador de 9 cm<\/h3><\/a><\/div>\t\t\n\t<a href=\"https:\/\/www.cuchillalia.com\/en\/producto\/kai-ndc-0700-shun-nagare-cuchillo-mondador-9cm\/\"><span class=\"kt-notrated\">not rated<\/span><\/a>\n\t<span class=\"price\"><span class=\"woocommerce-Price-amount amount\"><bdi>269,00<span class=\"woocommerce-Price-currencySymbol\">&euro;<\/span><\/bdi><\/span><\/span>\n<div class=\"clearfix\"><\/div><\/div>\n\t<div class=\"product_action_wrap\"><a href=\"\/en\/wp-json\/wp\/v2\/product\/39434?add-to-cart=64772\" aria-describedby=\"woocommerce_loop_add_to_cart_link_describedby_64772\" data-quantity=\"1\" class=\"button product_type_simple add_to_cart_button ajax_add_to_cart\" data-product_id=\"64772\" data-product_sku=\"KA_NDC-0700\" aria-label=\"Add to cart: &ldquo;KAI Shun Nagare NDC-0700 - Cuchillo mondador de 9 cm&rdquo;\" rel=\"nofollow\" data-success_message=\"&ldquo;KAI Shun Nagare NDC-0700 - Cuchillo mondador de 9 cm&rdquo; has been added to your cart\" role=\"button\">Add to cart<\/a>\t<span id=\"woocommerce_loop_add_to_cart_link_describedby_64772\" class=\"screen-reader-text\">\n\t\t\t<\/span>\n\t\t\t<input type=\"hidden\" class=\"pmwProductId\" data-id=\"64772\">\n\t\t\t\t\t<script>\n\t\t\t(window.pmwDataLayer = window.pmwDataLayer || {}).products                = window.pmwDataLayer.products || {};\n\t\t\twindow.pmwDataLayer.products[64772] = {\"id\":\"64772\",\"sku\":\"KA_NDC-0700\",\"price\":269,\"brand\":\"\",\"quantity\":1,\"dyn_r_ids\":{\"post_id\":\"64772\",\"sku\":\"KA_NDC-0700\",\"gpf\":\"woocommerce_gpf_64772\",\"gla\":\"gla_64772\"},\"is_variable\":false,\"type\":\"simple\",\"name\":\"KAI Shun Nagare NDC-0700 - Cuchillo mondador de 9 cm\",\"category\":[\"Cuchillos mondadores\",\"KAI Shun Nagare\"],\"is_variation\":false};\n\t\t\t\t\twindow.pmw_product_position = window.pmw_product_position || 1;\n\t\twindow.pmwDataLayer.products[64772]['position'] = window.pmw_product_position++;\n\t\t\t\t<\/script>\n\t\t<\/div><\/div><\/li><\/ul>\n<\/div>\n","protected":false},"excerpt":{"rendered":"<p>Con la serie Shun Nagare, KAI ha creado una gran obra maestra innovando en el arte de la forja japonesa. Todo con un dise\u00f1o propio y sofisticado adem\u00e1s de un proceso de fabricaci\u00f3n con t\u00e9cnicas complejas. Esta gama de cuchillos &hellip; <a class=\"kt-excerpt-readmore more-link\" href=\"https:\/\/www.cuchillalia.com\/en\/producto\/kai-ndc-0706-shun-nagare-cuchillo-chef-20-cm\/\" aria-label=\"KAI Shun Nagare NDC-0706 &#8211; Cuchillo de chef de 20 cm\">Read More<\/a><\/p>\n","protected":false},"featured_media":157149,"comment_status":"open","ping_status":"closed","template":"","meta":[],"product_brand":[],"product_cat":[8294,10105],"product_tag":[],"class_list":{"0":"post-39434","1":"product","2":"type-product","3":"status-publish","4":"has-post-thumbnail","6":"product_cat-cebolleros","7":"product_cat-shun-nagare","9":"first","10":"outofstock","11":"taxable","12":"shipping-taxable","13":"purchasable","14":"product-type-simple"},"yoast_head":"<!-- This site is optimized with the Yoast SEO plugin v27.5 - https:\/\/yoast.com\/product\/yoast-seo-wordpress\/ -->\n<title>KAI Shun Nagare NDC-0706 - Cuchillo Chef 20 cm - Cuchillalia<\/title>\n<meta name=\"robots\" content=\"index, follow, max-snippet:-1, max-image-preview:large, max-video-preview:-1\" \/>\n<link rel=\"canonical\" href=\"https:\/\/www.cuchillalia.com\/producto\/kai-ndc-0706-shun-nagare-cuchillo-chef-20-cm\/\" \/>\n<meta property=\"og:locale\" content=\"en_US\" \/>\n<meta property=\"og:type\" content=\"article\" \/>\n<meta property=\"og:title\" content=\"KAI Shun Nagare NDC-0706 - Cuchillo Chef 20 cm - Cuchillalia\" \/>\n<meta property=\"og:description\" content=\"Con la serie Shun Nagare, KAI ha creado una gran obra maestra innovando en el arte de la forja japonesa. Todo con un dise\u00f1o propio y sofisticado adem\u00e1s de un proceso de fabricaci\u00f3n con t\u00e9cnicas complejas. Esta gama de cuchillos &hellip; Read More\" \/>\n<meta property=\"og:url\" content=\"https:\/\/www.cuchillalia.com\/producto\/kai-ndc-0706-shun-nagare-cuchillo-chef-20-cm\/\" \/>\n<meta property=\"og:site_name\" content=\"Cuchillalia.com\" \/>\n<meta property=\"article:publisher\" content=\"http:\/\/www.facebook.com\/cuchillalia\" \/>\n<meta property=\"article:modified_time\" content=\"2025-07-03T19:32:42+00:00\" \/>\n<meta property=\"og:image\" content=\"https:\/\/www.cuchillalia.com\/wordpress\/wp-content\/uploads\/2019\/04\/kai-shun-nagare-ndc-0706-cuchillo-chef.jpg\" \/>\n\t<meta property=\"og:image:width\" content=\"1600\" \/>\n\t<meta property=\"og:image:height\" content=\"1600\" \/>\n\t<meta property=\"og:image:type\" content=\"image\/jpeg\" \/>\n<meta name=\"twitter:card\" content=\"summary_large_image\" \/>\n<meta name=\"twitter:site\" content=\"@Cuchillalia\" \/>\n<meta name=\"twitter:label1\" content=\"Est. reading time\" \/>\n\t<meta name=\"twitter:data1\" content=\"3 minutes\" \/>\n<!-- \/ Yoast SEO plugin. -->","yoast_head_json":{"title":"KAI Shun Nagare NDC-0706 - Cuchillo Chef 20 cm - Cuchillalia","robots":{"index":"index","follow":"follow","max-snippet":"max-snippet:-1","max-image-preview":"max-image-preview:large","max-video-preview":"max-video-preview:-1"},"canonical":"https:\/\/www.cuchillalia.com\/producto\/kai-ndc-0706-shun-nagare-cuchillo-chef-20-cm\/","og_locale":"en_US","og_type":"article","og_title":"KAI Shun Nagare NDC-0706 - Cuchillo Chef 20 cm - Cuchillalia","og_description":"Con la serie Shun Nagare, KAI ha creado una gran obra maestra innovando en el arte de la forja japonesa. Todo con un dise\u00f1o propio y sofisticado adem\u00e1s de un proceso de fabricaci\u00f3n con t\u00e9cnicas complejas. Esta gama de cuchillos &hellip; Read More","og_url":"https:\/\/www.cuchillalia.com\/producto\/kai-ndc-0706-shun-nagare-cuchillo-chef-20-cm\/","og_site_name":"Cuchillalia.com","article_publisher":"http:\/\/www.facebook.com\/cuchillalia","article_modified_time":"2025-07-03T19:32:42+00:00","og_image":[{"width":1600,"height":1600,"url":"https:\/\/www.cuchillalia.com\/wordpress\/wp-content\/uploads\/2019\/04\/kai-shun-nagare-ndc-0706-cuchillo-chef.jpg","type":"image\/jpeg"}],"twitter_card":"summary_large_image","twitter_site":"@Cuchillalia","twitter_misc":{"Est. reading time":"3 minutes"},"schema":{"@context":"https:\/\/schema.org","@graph":[{"@type":"WebPage","@id":"https:\/\/www.cuchillalia.com\/producto\/kai-ndc-0706-shun-nagare-cuchillo-chef-20-cm\/","url":"https:\/\/www.cuchillalia.com\/producto\/kai-ndc-0706-shun-nagare-cuchillo-chef-20-cm\/","name":"KAI Shun Nagare NDC-0706 - Cuchillo Chef 20 cm - Cuchillalia","isPartOf":{"@id":"https:\/\/www.cuchillalia.com\/#website"},"primaryImageOfPage":{"@id":"https:\/\/www.cuchillalia.com\/producto\/kai-ndc-0706-shun-nagare-cuchillo-chef-20-cm\/#primaryimage"},"image":{"@id":"https:\/\/www.cuchillalia.com\/producto\/kai-ndc-0706-shun-nagare-cuchillo-chef-20-cm\/#primaryimage"},"thumbnailUrl":"https:\/\/www.cuchillalia.com\/wordpress\/wp-content\/uploads\/2019\/04\/kai-shun-nagare-ndc-0706-cuchillo-chef.jpg","datePublished":"2018-06-11T22:15:36+00:00","dateModified":"2025-07-03T19:32:42+00:00","breadcrumb":{"@id":"https:\/\/www.cuchillalia.com\/producto\/kai-ndc-0706-shun-nagare-cuchillo-chef-20-cm\/#breadcrumb"},"inLanguage":"en-US","potentialAction":[{"@type":"ReadAction","target":["https:\/\/www.cuchillalia.com\/producto\/kai-ndc-0706-shun-nagare-cuchillo-chef-20-cm\/"]}]},{"@type":"ImageObject","inLanguage":"en-US","@id":"https:\/\/www.cuchillalia.com\/producto\/kai-ndc-0706-shun-nagare-cuchillo-chef-20-cm\/#primaryimage","url":"https:\/\/www.cuchillalia.com\/wordpress\/wp-content\/uploads\/2019\/04\/kai-shun-nagare-ndc-0706-cuchillo-chef.jpg","contentUrl":"https:\/\/www.cuchillalia.com\/wordpress\/wp-content\/uploads\/2019\/04\/kai-shun-nagare-ndc-0706-cuchillo-chef.jpg","width":1600,"height":1600,"caption":"KAI Shun Nagare NDC-0706 - Cuchillo de chef - Cuchillalia"},{"@type":"BreadcrumbList","@id":"https:\/\/www.cuchillalia.com\/producto\/kai-ndc-0706-shun-nagare-cuchillo-chef-20-cm\/#breadcrumb","itemListElement":[{"@type":"ListItem","position":1,"name":"Cuchillalia","item":"https:\/\/www.cuchillalia.com\/en\/"},{"@type":"ListItem","position":2,"name":"Tienda","item":"https:\/\/www.cuchillalia.com\/tienda\/"},{"@type":"ListItem","position":3,"name":"Marcas","item":"https:\/\/www.cuchillalia.com\/categoria\/marcas\/"},{"@type":"ListItem","position":4,"name":"KAI","item":"https:\/\/www.cuchillalia.com\/categoria\/marcas\/kai\/"},{"@type":"ListItem","position":5,"name":"KAI Shun Nagare","item":"https:\/\/www.cuchillalia.com\/categoria\/marcas\/kai\/shun-nagare\/"},{"@type":"ListItem","position":6,"name":"KAI Shun Nagare NDC-0706 &#8211; Cuchillo de chef de 20 cm"}]},{"@type":"WebSite","@id":"https:\/\/www.cuchillalia.com\/#website","url":"https:\/\/www.cuchillalia.com\/","name":"Cuchillalia.com","description":"","publisher":{"@id":"https:\/\/www.cuchillalia.com\/#organization"},"potentialAction":[{"@type":"SearchAction","target":{"@type":"EntryPoint","urlTemplate":"https:\/\/www.cuchillalia.com\/?s={search_term_string}"},"query-input":{"@type":"PropertyValueSpecification","valueRequired":true,"valueName":"search_term_string"}}],"inLanguage":"en-US"},{"@type":"Organization","@id":"https:\/\/www.cuchillalia.com\/#organization","name":"Cuchillalia","url":"https:\/\/www.cuchillalia.com\/","logo":{"@type":"ImageObject","inLanguage":"en-US","@id":"https:\/\/www.cuchillalia.com\/#\/schema\/logo\/image\/","url":"https:\/\/www.cuchillalia.com\/wordpress\/wp-content\/uploads\/2021\/03\/logo-cuchillalia-jpg.jpg","contentUrl":"https:\/\/www.cuchillalia.com\/wordpress\/wp-content\/uploads\/2021\/03\/logo-cuchillalia-jpg.jpg","width":276,"height":192,"caption":"Cuchillalia"},"image":{"@id":"https:\/\/www.cuchillalia.com\/#\/schema\/logo\/image\/"},"sameAs":["http:\/\/www.facebook.com\/cuchillalia","https:\/\/x.com\/Cuchillalia"]}]}},"_links":{"self":[{"href":"https:\/\/www.cuchillalia.com\/en\/wp-json\/wp\/v2\/product\/39434","targetHints":{"allow":["GET"]}}],"collection":[{"href":"https:\/\/www.cuchillalia.com\/en\/wp-json\/wp\/v2\/product"}],"about":[{"href":"https:\/\/www.cuchillalia.com\/en\/wp-json\/wp\/v2\/types\/product"}],"replies":[{"embeddable":true,"href":"https:\/\/www.cuchillalia.com\/en\/wp-json\/wp\/v2\/comments?post=39434"}],"wp:featuredmedia":[{"embeddable":true,"href":"https:\/\/www.cuchillalia.com\/en\/wp-json\/wp\/v2\/media\/157149"}],"wp:attachment":[{"href":"https:\/\/www.cuchillalia.com\/en\/wp-json\/wp\/v2\/media?parent=39434"}],"wp:term":[{"taxonomy":"product_brand","embeddable":true,"href":"https:\/\/www.cuchillalia.com\/en\/wp-json\/wp\/v2\/product_brand?post=39434"},{"taxonomy":"product_cat","embeddable":true,"href":"https:\/\/www.cuchillalia.com\/en\/wp-json\/wp\/v2\/product_cat?post=39434"},{"taxonomy":"product_tag","embeddable":true,"href":"https:\/\/www.cuchillalia.com\/en\/wp-json\/wp\/v2\/product_tag?post=39434"}],"curies":[{"name":"wp","href":"https:\/\/api.w.org\/{rel}","templated":true}]}}