{"id":38887,"date":"2018-05-25T17:53:02","date_gmt":"2018-05-25T15:53:02","guid":{"rendered":"https:\/\/www.cuchillalia.com\/?post_type=product&#038;p=38887"},"modified":"2026-03-20T01:37:19","modified_gmt":"2026-03-20T00:37:19","slug":"tijera-cocina-titanio-3-claveles-429-chef-negra","status":"publish","type":"product","link":"https:\/\/www.cuchillalia.com\/en\/producto\/tijera-cocina-titanio-3-claveles-429-chef-negra\/","title":{"rendered":"Tijeras de cocina negras de 20 cm &#8211; 3 Claveles Titanio Chef 429"},"content":{"rendered":"<h2>Tabla de caracter\u00edsticas tijera de cocina de titanio 3 Claveles<\/h2>\n<div class='tabla-caracteristicas'>\n<div class='fila'><span class='etiqueta'>Nombre comercial:<\/span><span class='valor'><strong>Tijeras de cocina chef profesional titanio negro<\/strong><\/span><\/div>\n<div class='fila'><span class='etiqueta'>Fabricante:<\/span><span class='valor'>3 Claveles<\/span><\/div>\n<div class='fila'><span class='etiqueta'>Referencia del fabricante:<\/span><span class='valor'>429<\/span><\/div>\n<div class='fila'><span class='etiqueta'>Tipo de hoja:<\/span><span class='valor'>Filo microdentado<\/span><\/div>\n<div class='fila'><span class='etiqueta'>Acabado:<\/span><span class='valor'>Recubrimiento PVD nitruro de titanio<\/span><\/div>\n<div class='fila'><span class='etiqueta'>Dureza:<\/span><span class='valor'>HRc 55-56 Rockwell<\/span><\/div>\n<div class='fila'><span class='etiqueta'>Tipo de mango:<\/span><span class='valor'>Ergon\u00f3mico<\/span><\/div>\n<div class='fila'><span class='etiqueta'>Medidas:<\/span><span class='valor'>20 cm &#8211; 8&#8242;<\/span><\/div>\n<div class='fila'><span class='etiqueta'>Material:<\/span><span class='valor'>Acero inoxidable con recubrimiento de nitruro de titanio<\/span><\/div>\n<div class='fila'><span class='etiqueta'>\u00bfEs apto para zurdos?:<\/span><span class='valor'>Solo para diestros<\/span><\/div>\n<div class='fila'><span class='etiqueta'>Peso del producto:<\/span><span class='valor'>230 g<\/span><\/div>\n<div class='fila'><span class='etiqueta'>Producci\u00f3n:<\/span><span class='valor'>Forjadas en caliente<\/span><\/div>\n<div class='fila'><span class='etiqueta'>Presentaci\u00f3n del producto:<\/span><span class='valor'>Estuche de pl\u00e1stico<\/span><\/div>\n<div class='fila'><span class='etiqueta'>\u00bfEs apto para el lavavajillas?:<\/span><span class='valor'>Si<\/span><\/div>\n<div class='fila'><span class='etiqueta'>\u00bfDonde se fabrica?:<\/span><span class='valor'>Espa\u00f1a<\/span><\/div>\n<div class='fila'><span class='etiqueta'>C\u00f3digo de barras (GTIN):<\/span><span class='valor'>8410990004292<\/span><\/div>\n<div class='fila'><span class='etiqueta'>Observaciones:<\/span><span class='valor'>&#8211; Tijera de cocina apta para todo tipo de alimentos, limpieza de pescados, conejos y aves en general (pollo, pato, pavo, \u2026).<br \/>\n&#8211; Dise\u00f1o sim\u00e9trico. L\u00edneas suaves y redondeadas. Mayor confort y facilidad de limpieza.<br \/>\n&#8211; Gracias al tornillo que une ambas piezas de la tijera, ajustable, se aporta mayor poder de corte y tiempo en buen estado.<br \/>\n&#8211; Hojas fuertes y microdentadas, lo que facilita el corte de los alimentos al no resbalar.<br \/>\n&#8211; El recubrimiento de nitruro de titanio le aporta un mayor rendimiento,  duraci\u00f3n del afilado y resistencia a la abrasi\u00f3n.<br \/>\n&#8211; Certificado de calidad ISO 9001.<br \/>\n&#8211; Apta para el lavavajillas. Como con cualquier otra tijera o cuchillo, se recomienda secar bien despu\u00e9s del lavado.<br \/>\n&#8211; Acero inoxidable AISI 420-4118<\/span><\/div>\n<\/div>\n<h3>V\u00eddeo fabricando tijeras de cocina de 3 Claveles:<\/h3>\n<p style='text-align: center;'><div class=\"kad-youtube-shortcode videofit\"  ><iframe loading=\"lazy\" width=\"600\" height=\"400\" src=\"https:\/\/www.youtube.com\/embed\/Kiv45wHssIE?autoplay=0&controls=1&fs=1&modestbranding=0&theme=dark&rel=0&loop=0\" frameborder=\"0\" allowfullscreen=\"true\"><\/iframe><\/div>\n","protected":false},"excerpt":{"rendered":"<p><strong>Tijeras de cocina en titanio profesionales, Chef 3 Claveles 429<\/strong>, en <em>acero inoxidable<\/em>, con recubrimiento de <strong>PVD (nitruro de titanio)<\/strong>, de 20 cm &#8211; 8&#8243;, con <em>filo microdentado<\/em>.\u00a0<em>Fabricadas en Espa\u00f1a<\/em>.&hellip; <a class=\"kt-excerpt-readmore more-link\" href=\"https:\/\/www.cuchillalia.com\/en\/producto\/tijera-cocina-titanio-3-claveles-429-chef-negra\/\" aria-label=\"Tijeras de cocina negras de 20 cm &#8211; 3 Claveles Titanio Chef 429\">Read More<\/a><\/p>\n","protected":false},"featured_media":38899,"comment_status":"open","ping_status":"closed","template":"","meta":[],"product_brand":[],"product_cat":[8278,8279],"product_tag":[],"class_list":{"0":"post-38887","1":"product","2":"type-product","3":"status-publish","4":"has-post-thumbnail","6":"product_cat-cocina","7":"product_cat-tijeras-cocina-3-claveles","9":"first","10":"instock","11":"taxable","12":"shipping-taxable","13":"purchasable","14":"product-type-simple"},"yoast_head":"<!-- This site is optimized with the Yoast SEO plugin v27.5 - https:\/\/yoast.com\/product\/yoast-seo-wordpress\/ -->\n<title>Tijeras de Cocina de titanio Chef Profesional - 3 Claveles 429 - Cuchillalia<\/title>\n<meta name=\"description\" content=\"Tijera de cocina con recubrimiento en PVD Nitruro de Titanio, fabricadas en Espa\u00f1a por 3 Claveles, referencia 429, con filo microdentado, ideal para cortar todo tipo de alimentos en cocina, de acero inoxidable, de 8&quot;, 20 cm. Presentada en estuche.\" \/>\n<meta name=\"robots\" content=\"index, follow, max-snippet:-1, max-image-preview:large, max-video-preview:-1\" \/>\n<link rel=\"canonical\" href=\"https:\/\/www.cuchillalia.com\/producto\/tijera-cocina-titanio-3-claveles-429-chef-negra\/\" \/>\n<meta property=\"og:locale\" content=\"en_US\" \/>\n<meta property=\"og:type\" content=\"article\" \/>\n<meta property=\"og:title\" content=\"Tijeras de Cocina de titanio Chef Profesional - 3 Claveles 429 - Cuchillalia\" \/>\n<meta property=\"og:description\" content=\"Tijera de cocina con recubrimiento en PVD Nitruro de Titanio, fabricadas en Espa\u00f1a por 3 Claveles, referencia 429, con filo microdentado, ideal para cortar todo tipo de alimentos en cocina, de acero inoxidable, de 8&quot;, 20 cm. Presentada en estuche.\" \/>\n<meta property=\"og:url\" content=\"https:\/\/www.cuchillalia.com\/producto\/tijera-cocina-titanio-3-claveles-429-chef-negra\/\" \/>\n<meta property=\"og:site_name\" content=\"Cuchillalia.com\" \/>\n<meta property=\"article:publisher\" content=\"http:\/\/www.facebook.com\/cuchillalia\" \/>\n<meta property=\"article:modified_time\" content=\"2026-03-20T00:37:19+00:00\" \/>\n<meta property=\"og:image\" content=\"https:\/\/www.cuchillalia.com\/wordpress\/wp-content\/uploads\/2018\/05\/cuchillalia-3-claveles-00429-tijeras-cocina-titanio.jpg\" \/>\n\t<meta property=\"og:image:width\" content=\"800\" \/>\n\t<meta property=\"og:image:height\" content=\"800\" \/>\n\t<meta property=\"og:image:type\" content=\"image\/jpeg\" \/>\n<meta name=\"twitter:card\" content=\"summary_large_image\" \/>\n<meta name=\"twitter:site\" content=\"@Cuchillalia\" \/>\n<meta name=\"twitter:label1\" content=\"Est. reading time\" \/>\n\t<meta name=\"twitter:data1\" content=\"1 minute\" \/>\n<!-- \/ Yoast SEO plugin. -->","yoast_head_json":{"title":"Tijeras de Cocina de titanio Chef Profesional - 3 Claveles 429 - Cuchillalia","description":"Tijera de cocina con recubrimiento en PVD Nitruro de Titanio, fabricadas en Espa\u00f1a por 3 Claveles, referencia 429, con filo microdentado, ideal para cortar todo tipo de alimentos en cocina, de acero inoxidable, de 8\", 20 cm. Presentada en estuche.","robots":{"index":"index","follow":"follow","max-snippet":"max-snippet:-1","max-image-preview":"max-image-preview:large","max-video-preview":"max-video-preview:-1"},"canonical":"https:\/\/www.cuchillalia.com\/producto\/tijera-cocina-titanio-3-claveles-429-chef-negra\/","og_locale":"en_US","og_type":"article","og_title":"Tijeras de Cocina de titanio Chef Profesional - 3 Claveles 429 - Cuchillalia","og_description":"Tijera de cocina con recubrimiento en PVD Nitruro de Titanio, fabricadas en Espa\u00f1a por 3 Claveles, referencia 429, con filo microdentado, ideal para cortar todo tipo de alimentos en cocina, de acero inoxidable, de 8\", 20 cm. Presentada en estuche.","og_url":"https:\/\/www.cuchillalia.com\/producto\/tijera-cocina-titanio-3-claveles-429-chef-negra\/","og_site_name":"Cuchillalia.com","article_publisher":"http:\/\/www.facebook.com\/cuchillalia","article_modified_time":"2026-03-20T00:37:19+00:00","og_image":[{"width":800,"height":800,"url":"https:\/\/www.cuchillalia.com\/wordpress\/wp-content\/uploads\/2018\/05\/cuchillalia-3-claveles-00429-tijeras-cocina-titanio.jpg","type":"image\/jpeg"}],"twitter_card":"summary_large_image","twitter_site":"@Cuchillalia","twitter_misc":{"Est. reading time":"1 minute"},"schema":{"@context":"https:\/\/schema.org","@graph":[{"@type":"WebPage","@id":"https:\/\/www.cuchillalia.com\/producto\/tijera-cocina-titanio-3-claveles-429-chef-negra\/","url":"https:\/\/www.cuchillalia.com\/producto\/tijera-cocina-titanio-3-claveles-429-chef-negra\/","name":"Tijeras de Cocina de titanio Chef Profesional - 3 Claveles 429 - Cuchillalia","isPartOf":{"@id":"https:\/\/www.cuchillalia.com\/#website"},"primaryImageOfPage":{"@id":"https:\/\/www.cuchillalia.com\/producto\/tijera-cocina-titanio-3-claveles-429-chef-negra\/#primaryimage"},"image":{"@id":"https:\/\/www.cuchillalia.com\/producto\/tijera-cocina-titanio-3-claveles-429-chef-negra\/#primaryimage"},"thumbnailUrl":"https:\/\/www.cuchillalia.com\/wordpress\/wp-content\/uploads\/2018\/05\/cuchillalia-3-claveles-00429-tijeras-cocina-titanio.jpg","datePublished":"2018-05-25T15:53:02+00:00","dateModified":"2026-03-20T00:37:19+00:00","description":"Tijera de cocina con recubrimiento en PVD Nitruro de Titanio, fabricadas en Espa\u00f1a por 3 Claveles, referencia 429, con filo microdentado, ideal para cortar todo tipo de alimentos en cocina, de acero inoxidable, de 8\", 20 cm. Presentada en estuche.","breadcrumb":{"@id":"https:\/\/www.cuchillalia.com\/producto\/tijera-cocina-titanio-3-claveles-429-chef-negra\/#breadcrumb"},"inLanguage":"en-US","potentialAction":[{"@type":"ReadAction","target":["https:\/\/www.cuchillalia.com\/producto\/tijera-cocina-titanio-3-claveles-429-chef-negra\/"]}]},{"@type":"ImageObject","inLanguage":"en-US","@id":"https:\/\/www.cuchillalia.com\/producto\/tijera-cocina-titanio-3-claveles-429-chef-negra\/#primaryimage","url":"https:\/\/www.cuchillalia.com\/wordpress\/wp-content\/uploads\/2018\/05\/cuchillalia-3-claveles-00429-tijeras-cocina-titanio.jpg","contentUrl":"https:\/\/www.cuchillalia.com\/wordpress\/wp-content\/uploads\/2018\/05\/cuchillalia-3-claveles-00429-tijeras-cocina-titanio.jpg","width":800,"height":800,"caption":"Tijera de cocina de titanio Chef 3 Claveles 429 - Cuchillalia"},{"@type":"BreadcrumbList","@id":"https:\/\/www.cuchillalia.com\/producto\/tijera-cocina-titanio-3-claveles-429-chef-negra\/#breadcrumb","itemListElement":[{"@type":"ListItem","position":1,"name":"Cuchillalia","item":"https:\/\/www.cuchillalia.com\/en\/"},{"@type":"ListItem","position":2,"name":"Tienda","item":"https:\/\/www.cuchillalia.com\/tienda\/"},{"@type":"ListItem","position":3,"name":"Marcas","item":"https:\/\/www.cuchillalia.com\/categoria\/marcas\/"},{"@type":"ListItem","position":4,"name":"3 Claveles","item":"https:\/\/www.cuchillalia.com\/categoria\/marcas\/3-claveles\/"},{"@type":"ListItem","position":5,"name":"Tijeras de cocina 3 Claveles","item":"https:\/\/www.cuchillalia.com\/categoria\/marcas\/3-claveles\/tijeras-cocina-3-claveles\/"},{"@type":"ListItem","position":6,"name":"Tijeras de cocina negras de 20 cm &#8211; 3 Claveles Titanio Chef 429"}]},{"@type":"WebSite","@id":"https:\/\/www.cuchillalia.com\/#website","url":"https:\/\/www.cuchillalia.com\/","name":"Cuchillalia.com","description":"","publisher":{"@id":"https:\/\/www.cuchillalia.com\/#organization"},"potentialAction":[{"@type":"SearchAction","target":{"@type":"EntryPoint","urlTemplate":"https:\/\/www.cuchillalia.com\/?s={search_term_string}"},"query-input":{"@type":"PropertyValueSpecification","valueRequired":true,"valueName":"search_term_string"}}],"inLanguage":"en-US"},{"@type":"Organization","@id":"https:\/\/www.cuchillalia.com\/#organization","name":"Cuchillalia","url":"https:\/\/www.cuchillalia.com\/","logo":{"@type":"ImageObject","inLanguage":"en-US","@id":"https:\/\/www.cuchillalia.com\/#\/schema\/logo\/image\/","url":"https:\/\/www.cuchillalia.com\/wordpress\/wp-content\/uploads\/2021\/03\/logo-cuchillalia-jpg.jpg","contentUrl":"https:\/\/www.cuchillalia.com\/wordpress\/wp-content\/uploads\/2021\/03\/logo-cuchillalia-jpg.jpg","width":276,"height":192,"caption":"Cuchillalia"},"image":{"@id":"https:\/\/www.cuchillalia.com\/#\/schema\/logo\/image\/"},"sameAs":["http:\/\/www.facebook.com\/cuchillalia","https:\/\/x.com\/Cuchillalia"]}]}},"_links":{"self":[{"href":"https:\/\/www.cuchillalia.com\/en\/wp-json\/wp\/v2\/product\/38887","targetHints":{"allow":["GET"]}}],"collection":[{"href":"https:\/\/www.cuchillalia.com\/en\/wp-json\/wp\/v2\/product"}],"about":[{"href":"https:\/\/www.cuchillalia.com\/en\/wp-json\/wp\/v2\/types\/product"}],"replies":[{"embeddable":true,"href":"https:\/\/www.cuchillalia.com\/en\/wp-json\/wp\/v2\/comments?post=38887"}],"wp:featuredmedia":[{"embeddable":true,"href":"https:\/\/www.cuchillalia.com\/en\/wp-json\/wp\/v2\/media\/38899"}],"wp:attachment":[{"href":"https:\/\/www.cuchillalia.com\/en\/wp-json\/wp\/v2\/media?parent=38887"}],"wp:term":[{"taxonomy":"product_brand","embeddable":true,"href":"https:\/\/www.cuchillalia.com\/en\/wp-json\/wp\/v2\/product_brand?post=38887"},{"taxonomy":"product_cat","embeddable":true,"href":"https:\/\/www.cuchillalia.com\/en\/wp-json\/wp\/v2\/product_cat?post=38887"},{"taxonomy":"product_tag","embeddable":true,"href":"https:\/\/www.cuchillalia.com\/en\/wp-json\/wp\/v2\/product_tag?post=38887"}],"curies":[{"name":"wp","href":"https:\/\/api.w.org\/{rel}","templated":true}]}}