{"id":3867,"date":"2015-05-26T00:00:00","date_gmt":"2015-05-25T22:00:00","guid":{"rendered":"http:\/\/www.cuchillalia.com\/?post_type=product&#038;p=3867"},"modified":"2025-07-03T20:10:38","modified_gmt":"2025-07-03T18:10:38","slug":"hojas-recambio-cuter-ancho-18mm-10-uds-3-claveles-235","status":"publish","type":"product","link":"https:\/\/www.cuchillalia.com\/en\/producto\/hojas-recambio-cuter-ancho-18mm-10-uds-3-claveles-235\/","title":{"rendered":"Dispensador de 10 hojas de recambio para c\u00fater de ancho 18 mm &#8211; 3 Claveles 235"},"content":{"rendered":"<h2>Tabla de caracter\u00edsticas hojas\/cuchillas de recambio para c\u00fater de 18 mm<\/h2>\n<div class='tabla-caracteristicas'>\n<div class='fila'><span class='etiqueta'>Nombre comercial:<\/span><span class='valor'><strong>Cuchillas 10 uds. 18  mm<\/strong><\/span><\/div>\n<div class='fila'><span class='etiqueta'>Fabricante:<\/span><span class='valor'>3 Claveles<\/span><\/div>\n<div class='fila'><span class='etiqueta'>Referencia del fabricante:<\/span><span class='valor'>235<\/span><\/div>\n<div class='fila'><span class='etiqueta'>Presentaci\u00f3n del producto:<\/span><span class='valor'>Dispensador de pl\u00e1stico con 10 hojas<\/span><\/div>\n<div class='fila'><span class='etiqueta'>C\u00f3digo de barras (GTIN):<\/span><span class='valor'>8410990002359<\/span><\/div>\n<div class='fila'><span class='etiqueta'>Observaciones:<\/span><span class='valor'>&#8211; Con dispensador de 10 unidades.<\/span><\/div>\n<\/div>\n<hr \/>\n<p>Estas hojas de recambio son, por ejemplo, para los siguientes modelos de cuter:<\/p>\n<p style='text-align: left;'><div class=\"woocommerce columns-4 \"><ul class=\"products kad_product_wrapper rowtight shopcolumn4 shopfullwidth init-isotope-intrinsic kt-show-rating  reinit-isotope\" data-nextselector=\".woocommerce-pagination a.next\" data-navselector=\".woocommerce-pagination\" data-itemselector=\".kad_product\" data-itemloadselector=\".kt_item_fade_in\" data-iso-selector=\".kad_product\" data-iso-style=\"fitRows\" data-iso-filter=\"true\">\n<li class=\"product type-product post-3855 status-publish first instock product_cat-cuters has-post-thumbnail taxable shipping-taxable purchasable product-type-simple col-xxl-2 col-xl-25 col-md-3 col-sm-4 col-xs-6 col-ss-6 cuters kad_product\">\n\t<div class=\"grid_item product_item clearfix kt_item_fade_in\"><a href=\"https:\/\/www.cuchillalia.com\/en\/producto\/cutter-metalico-cuchilla-18mm-3-claveles-209\/\" class=\"product_item_link product_img_link\"><div class=\"kad-product-noflipper kt-product-hardcrop kt-product-intrinsic\" style=\"padding-bottom:100%;\"><div class=\"kt-product-animation-contain\"><img decoding=\"async\" src=\"https:\/\/www.cuchillalia.com\/wordpress\/wp-content\/uploads\/2015\/05\/cuchillalia-3-claveles-00209-cutter-18mm-300x300.jpg\" srcset=\"https:\/\/www.cuchillalia.com\/wordpress\/wp-content\/uploads\/2015\/05\/cuchillalia-3-claveles-00209-cutter-18mm-300x300.jpg 300w, https:\/\/www.cuchillalia.com\/wordpress\/wp-content\/uploads\/2015\/05\/cuchillalia-3-claveles-00209-cutter-18mm-200x200.jpg 200w, https:\/\/www.cuchillalia.com\/wordpress\/wp-content\/uploads\/2015\/05\/cuchillalia-3-claveles-00209-cutter-18mm-100x100.jpg 100w, https:\/\/www.cuchillalia.com\/wordpress\/wp-content\/uploads\/2015\/05\/cuchillalia-3-claveles-00209-cutter-18mm-566x566.jpg 566w, https:\/\/www.cuchillalia.com\/wordpress\/wp-content\/uploads\/2015\/05\/cuchillalia-3-claveles-00209-cutter-18mm-150x150.jpg 150w, https:\/\/www.cuchillalia.com\/wordpress\/wp-content\/uploads\/2015\/05\/cuchillalia-3-claveles-00209-cutter-18mm-768x768.jpg 768w, https:\/\/www.cuchillalia.com\/wordpress\/wp-content\/uploads\/2015\/05\/cuchillalia-3-claveles-00209-cutter-18mm-1024x1024.jpg 1024w, https:\/\/www.cuchillalia.com\/wordpress\/wp-content\/uploads\/2015\/05\/cuchillalia-3-claveles-00209-cutter-18mm-600x600.jpg 600w, https:\/\/www.cuchillalia.com\/wordpress\/wp-content\/uploads\/2015\/05\/cuchillalia-3-claveles-00209-cutter-18mm-668x668.jpg 668w, https:\/\/www.cuchillalia.com\/wordpress\/wp-content\/uploads\/2015\/05\/cuchillalia-3-claveles-00209-cutter-18mm-334x334.jpg 334w, https:\/\/www.cuchillalia.com\/wordpress\/wp-content\/uploads\/2015\/05\/cuchillalia-3-claveles-00209-cutter-18mm-720x720.jpg 720w, https:\/\/www.cuchillalia.com\/wordpress\/wp-content\/uploads\/2015\/05\/cuchillalia-3-claveles-00209-cutter-18mm-360x360.jpg 360w, https:\/\/www.cuchillalia.com\/wordpress\/wp-content\/uploads\/2015\/05\/cuchillalia-3-claveles-00209-cutter-18mm-800x800.jpg 800w, https:\/\/www.cuchillalia.com\/wordpress\/wp-content\/uploads\/2015\/05\/cuchillalia-3-claveles-00209-cutter-18mm-400x400.jpg 400w, https:\/\/www.cuchillalia.com\/wordpress\/wp-content\/uploads\/2015\/05\/cuchillalia-3-claveles-00209-cutter-18mm-480x480.jpg 480w, https:\/\/www.cuchillalia.com\/wordpress\/wp-content\/uploads\/2015\/05\/cuchillalia-3-claveles-00209-cutter-18mm-240x240.jpg 240w, https:\/\/www.cuchillalia.com\/wordpress\/wp-content\/uploads\/2015\/05\/cuchillalia-3-claveles-00209-cutter-18mm.jpg 1600w\" sizes=\"(max-width: 300px) 100vw, 300px\"  alt=\"Cuchillalia - Cutter Metal-Nylon \/ ABS Cuchilla 18 mm - Cierre de Seguridad - 3 Claveles 209\" width=\"300\" height=\"300\" class=\"attachment-shop_catalog wp-post-image size-300x300\"><\/div><\/div><\/a> \n\n\t<div class=\"details_product_item\"><div class=\"product_details\"><a href=\"https:\/\/www.cuchillalia.com\/en\/producto\/cutter-metalico-cuchilla-18mm-3-claveles-209\/\" class=\"product_item_link\"><h3 class=\"product_archive_title\">C\u00fater met\u00e1lico con cuchilla de 18 mm y seguro &#8211; 3 Claveles 209<\/h3><\/a><\/div>\t\t\n\t<a href=\"https:\/\/www.cuchillalia.com\/en\/producto\/cutter-metalico-cuchilla-18mm-3-claveles-209\/\"><span class=\"kt-notrated\">not rated<\/span><\/a>\n\t<span class=\"price\"><span class=\"woocommerce-Price-amount amount\"><bdi>8,99<span class=\"woocommerce-Price-currencySymbol\">&euro;<\/span><\/bdi><\/span><\/span>\n<div class=\"clearfix\"><\/div><\/div>\n\t<div class=\"product_action_wrap\"><a href=\"\/en\/wp-json\/wp\/v2\/product\/3867?add-to-cart=3855\" aria-describedby=\"woocommerce_loop_add_to_cart_link_describedby_3855\" data-quantity=\"1\" class=\"button product_type_simple add_to_cart_button ajax_add_to_cart\" data-product_id=\"3855\" data-product_sku=\"3C_00209\" aria-label=\"Add to cart: &ldquo;C\u00fater met\u00e1lico con cuchilla de 18 mm y seguro - 3 Claveles 209&rdquo;\" rel=\"nofollow\" data-success_message=\"&ldquo;C\u00fater met\u00e1lico con cuchilla de 18 mm y seguro - 3 Claveles 209&rdquo; has been added to your cart\" role=\"button\">Add to cart<\/a>\t<span id=\"woocommerce_loop_add_to_cart_link_describedby_3855\" class=\"screen-reader-text\">\n\t\t\t<\/span>\n\t\t\t<input type=\"hidden\" class=\"pmwProductId\" data-id=\"3855\">\n\t\t\t\t\t<script>\n\t\t\t(window.pmwDataLayer = window.pmwDataLayer || {}).products                = window.pmwDataLayer.products || {};\n\t\t\twindow.pmwDataLayer.products[3855] = {\"id\":\"3855\",\"sku\":\"3C_00209\",\"price\":8.9900000000000002,\"brand\":\"\",\"quantity\":1,\"dyn_r_ids\":{\"post_id\":\"3855\",\"sku\":\"3C_00209\",\"gpf\":\"woocommerce_gpf_3855\",\"gla\":\"gla_3855\"},\"is_variable\":false,\"type\":\"simple\",\"name\":\"C\u00fater met\u00e1lico con cuchilla de 18 mm y seguro - 3 Claveles 209\",\"category\":[\"Cuters\"],\"is_variation\":false};\n\t\t\t\t\twindow.pmw_product_position = window.pmw_product_position || 1;\n\t\twindow.pmwDataLayer.products[3855]['position'] = window.pmw_product_position++;\n\t\t\t\t<\/script>\n\t\t<\/div><\/div><\/li><li class=\"product type-product post-163325 status-publish instock product_cat-cuters has-post-thumbnail taxable shipping-taxable purchasable product-type-simple col-xxl-2 col-xl-25 col-md-3 col-sm-4 col-xs-6 col-ss-6 cuters kad_product\">\n\t<div class=\"grid_item product_item clearfix kt_item_fade_in\"><a href=\"https:\/\/www.cuchillalia.com\/en\/producto\/cutter-cuchilla-18-mm-bloqueo-rueda-3-claveles-211\/\" class=\"product_item_link product_img_link\"><div class=\"kad-product-noflipper kt-product-hardcrop kt-product-intrinsic\" style=\"padding-bottom:100%;\"><div class=\"kt-product-animation-contain\"><img decoding=\"async\" src=\"https:\/\/www.cuchillalia.com\/wordpress\/wp-content\/uploads\/2022\/09\/cutter-18-mm-3-claveles-00211-300x300.jpg\" srcset=\"https:\/\/www.cuchillalia.com\/wordpress\/wp-content\/uploads\/2022\/09\/cutter-18-mm-3-claveles-00211-300x300.jpg 300w, https:\/\/www.cuchillalia.com\/wordpress\/wp-content\/uploads\/2022\/09\/cutter-18-mm-3-claveles-00211-1024x1024.jpg 1024w, https:\/\/www.cuchillalia.com\/wordpress\/wp-content\/uploads\/2022\/09\/cutter-18-mm-3-claveles-00211-150x150.jpg 150w, https:\/\/www.cuchillalia.com\/wordpress\/wp-content\/uploads\/2022\/09\/cutter-18-mm-3-claveles-00211-768x768.jpg 768w, https:\/\/www.cuchillalia.com\/wordpress\/wp-content\/uploads\/2022\/09\/cutter-18-mm-3-claveles-00211-200x200.jpg 200w, https:\/\/www.cuchillalia.com\/wordpress\/wp-content\/uploads\/2022\/09\/cutter-18-mm-3-claveles-00211-566x566.jpg 566w, https:\/\/www.cuchillalia.com\/wordpress\/wp-content\/uploads\/2022\/09\/cutter-18-mm-3-claveles-00211-100x100.jpg 100w, https:\/\/www.cuchillalia.com\/wordpress\/wp-content\/uploads\/2022\/09\/cutter-18-mm-3-claveles-00211-720x720.jpg 720w, https:\/\/www.cuchillalia.com\/wordpress\/wp-content\/uploads\/2022\/09\/cutter-18-mm-3-claveles-00211-360x360.jpg 360w, https:\/\/www.cuchillalia.com\/wordpress\/wp-content\/uploads\/2022\/09\/cutter-18-mm-3-claveles-00211-800x800.jpg 800w, https:\/\/www.cuchillalia.com\/wordpress\/wp-content\/uploads\/2022\/09\/cutter-18-mm-3-claveles-00211-400x400.jpg 400w, https:\/\/www.cuchillalia.com\/wordpress\/wp-content\/uploads\/2022\/09\/cutter-18-mm-3-claveles-00211-600x600.jpg 600w, https:\/\/www.cuchillalia.com\/wordpress\/wp-content\/uploads\/2022\/09\/cutter-18-mm-3-claveles-00211.jpg 1200w\" sizes=\"(max-width: 300px) 100vw, 300px\"  alt=\"Cutter Metal-Nylon \/ ABS con cuchilla de 18 mm precortada - Bloqueo con rueda giratoria - 3 Claveles 211\" width=\"300\" height=\"300\" class=\"attachment-shop_catalog wp-post-image size-300x300\"><\/div><\/div><\/a> \n\n\t<div class=\"details_product_item\"><div class=\"product_details\"><a href=\"https:\/\/www.cuchillalia.com\/en\/producto\/cutter-cuchilla-18-mm-bloqueo-rueda-3-claveles-211\/\" class=\"product_item_link\"><h3 class=\"product_archive_title\">C\u00fater met\u00e1lico con cuchilla de 18 mm y seguro giratorio \u2013 3 Claveles 211<\/h3><\/a><\/div>\t\t\n\t<a href=\"https:\/\/www.cuchillalia.com\/en\/producto\/cutter-cuchilla-18-mm-bloqueo-rueda-3-claveles-211\/\"><span class=\"kt-notrated\">not rated<\/span><\/a>\n\t<span class=\"price\"><span class=\"woocommerce-Price-amount amount\"><bdi>5,99<span class=\"woocommerce-Price-currencySymbol\">&euro;<\/span><\/bdi><\/span><\/span>\n<div class=\"clearfix\"><\/div><\/div>\n\t<div class=\"product_action_wrap\"><a href=\"\/en\/wp-json\/wp\/v2\/product\/3867?add-to-cart=163325\" aria-describedby=\"woocommerce_loop_add_to_cart_link_describedby_163325\" data-quantity=\"1\" class=\"button product_type_simple add_to_cart_button ajax_add_to_cart\" data-product_id=\"163325\" data-product_sku=\"3C_00211\" aria-label=\"Add to cart: &ldquo;C\u00fater met\u00e1lico con cuchilla de 18 mm y seguro giratorio \u2013 3 Claveles 211&rdquo;\" rel=\"nofollow\" data-success_message=\"&ldquo;C\u00fater met\u00e1lico con cuchilla de 18 mm y seguro giratorio \u2013 3 Claveles 211&rdquo; has been added to your cart\" role=\"button\">Add to cart<\/a>\t<span id=\"woocommerce_loop_add_to_cart_link_describedby_163325\" class=\"screen-reader-text\">\n\t\t\t<\/span>\n\t\t\t<input type=\"hidden\" class=\"pmwProductId\" data-id=\"163325\">\n\t\t\t\t\t<script>\n\t\t\t(window.pmwDataLayer = window.pmwDataLayer || {}).products                = window.pmwDataLayer.products || {};\n\t\t\twindow.pmwDataLayer.products[163325] = {\"id\":\"163325\",\"sku\":\"3C_00211\",\"price\":5.9900000000000002,\"brand\":\"\",\"quantity\":1,\"dyn_r_ids\":{\"post_id\":\"163325\",\"sku\":\"3C_00211\",\"gpf\":\"woocommerce_gpf_163325\",\"gla\":\"gla_163325\"},\"is_variable\":false,\"type\":\"simple\",\"name\":\"C\u00fater met\u00e1lico con cuchilla de 18 mm y seguro giratorio \u2013 3 Claveles 211\",\"category\":[\"Cuters\"],\"is_variation\":false};\n\t\t\t\t\twindow.pmw_product_position = window.pmw_product_position || 1;\n\t\twindow.pmwDataLayer.products[163325]['position'] = window.pmw_product_position++;\n\t\t\t\t<\/script>\n\t\t<\/div><\/div><\/li><\/ul>\n<\/div>\n","protected":false},"excerpt":{"rendered":"<p><strong>Hojas \/ cuchillas de recambio para cuters<\/strong>, de 18 mm de ancho, precortadas para 13 usos cada una. De <strong>3 Claveles<\/strong>. <em>En pack de 10 unidades<\/em>.&hellip; <a class=\"kt-excerpt-readmore more-link\" href=\"https:\/\/www.cuchillalia.com\/en\/producto\/hojas-recambio-cuter-ancho-18mm-10-uds-3-claveles-235\/\" aria-label=\"Dispensador de 10 hojas de recambio para c\u00fater de ancho 18 mm &#8211; 3 Claveles 235\">Read More<\/a><\/p>\n","protected":false},"featured_media":7557,"comment_status":"open","ping_status":"closed","template":"","meta":[],"product_brand":[],"product_cat":[8276],"product_tag":[],"class_list":{"0":"post-3867","1":"product","2":"type-product","3":"status-publish","4":"has-post-thumbnail","6":"product_cat-cuchillas","8":"first","9":"instock","10":"taxable","11":"shipping-taxable","12":"purchasable","13":"product-type-simple"},"yoast_head":"<!-- This site is optimized with the Yoast SEO plugin v27.5 - https:\/\/yoast.com\/product\/yoast-seo-wordpress\/ -->\n<title>10 Hojas Recambio C\u00fater - Ancho 18mm - 3 Claveles 235 - Cuchillalia<\/title>\n<meta name=\"description\" content=\"Pack de 10 hojas de recambio para c\u00fatter ancho (18 mm). 3 Claveles 235. Con pr\u00e1ctico dispensador de pl\u00e1stico. Presentado en blister de cart\u00f3n.\" \/>\n<meta name=\"robots\" content=\"index, follow, max-snippet:-1, max-image-preview:large, max-video-preview:-1\" \/>\n<link rel=\"canonical\" href=\"https:\/\/www.cuchillalia.com\/producto\/hojas-recambio-cuter-ancho-18mm-10-uds-3-claveles-235\/\" \/>\n<meta property=\"og:locale\" content=\"en_US\" \/>\n<meta property=\"og:type\" content=\"article\" \/>\n<meta property=\"og:title\" content=\"10 Hojas Recambio C\u00fater - Ancho 18mm - 3 Claveles 235 - Cuchillalia\" \/>\n<meta property=\"og:description\" content=\"Pack de 10 hojas de recambio para c\u00fatter ancho (18 mm). 3 Claveles 235. Con pr\u00e1ctico dispensador de pl\u00e1stico. Presentado en blister de cart\u00f3n.\" \/>\n<meta property=\"og:url\" content=\"https:\/\/www.cuchillalia.com\/producto\/hojas-recambio-cuter-ancho-18mm-10-uds-3-claveles-235\/\" \/>\n<meta property=\"og:site_name\" content=\"Cuchillalia.com\" \/>\n<meta property=\"article:publisher\" content=\"http:\/\/www.facebook.com\/cuchillalia\" \/>\n<meta property=\"article:modified_time\" content=\"2025-07-03T18:10:38+00:00\" \/>\n<meta property=\"og:image\" content=\"https:\/\/www.cuchillalia.com\/wordpress\/wp-content\/uploads\/2015\/05\/cuchillalia-3-claveles-00235-recambio-cutter-18mm.jpg\" \/>\n\t<meta property=\"og:image:width\" content=\"1600\" \/>\n\t<meta property=\"og:image:height\" content=\"1600\" \/>\n\t<meta property=\"og:image:type\" content=\"image\/jpeg\" \/>\n<meta name=\"twitter:card\" content=\"summary_large_image\" \/>\n<meta name=\"twitter:site\" content=\"@Cuchillalia\" \/>\n<meta name=\"twitter:label1\" content=\"Est. reading time\" \/>\n\t<meta name=\"twitter:data1\" content=\"1 minute\" \/>\n<!-- \/ Yoast SEO plugin. -->","yoast_head_json":{"title":"10 Hojas Recambio C\u00fater - Ancho 18mm - 3 Claveles 235 - Cuchillalia","description":"Pack de 10 hojas de recambio para c\u00fatter ancho (18 mm). 3 Claveles 235. Con pr\u00e1ctico dispensador de pl\u00e1stico. Presentado en blister de cart\u00f3n.","robots":{"index":"index","follow":"follow","max-snippet":"max-snippet:-1","max-image-preview":"max-image-preview:large","max-video-preview":"max-video-preview:-1"},"canonical":"https:\/\/www.cuchillalia.com\/producto\/hojas-recambio-cuter-ancho-18mm-10-uds-3-claveles-235\/","og_locale":"en_US","og_type":"article","og_title":"10 Hojas Recambio C\u00fater - Ancho 18mm - 3 Claveles 235 - Cuchillalia","og_description":"Pack de 10 hojas de recambio para c\u00fatter ancho (18 mm). 3 Claveles 235. Con pr\u00e1ctico dispensador de pl\u00e1stico. Presentado en blister de cart\u00f3n.","og_url":"https:\/\/www.cuchillalia.com\/producto\/hojas-recambio-cuter-ancho-18mm-10-uds-3-claveles-235\/","og_site_name":"Cuchillalia.com","article_publisher":"http:\/\/www.facebook.com\/cuchillalia","article_modified_time":"2025-07-03T18:10:38+00:00","og_image":[{"width":1600,"height":1600,"url":"https:\/\/www.cuchillalia.com\/wordpress\/wp-content\/uploads\/2015\/05\/cuchillalia-3-claveles-00235-recambio-cutter-18mm.jpg","type":"image\/jpeg"}],"twitter_card":"summary_large_image","twitter_site":"@Cuchillalia","twitter_misc":{"Est. reading time":"1 minute"},"schema":{"@context":"https:\/\/schema.org","@graph":[{"@type":"WebPage","@id":"https:\/\/www.cuchillalia.com\/producto\/hojas-recambio-cuter-ancho-18mm-10-uds-3-claveles-235\/","url":"https:\/\/www.cuchillalia.com\/producto\/hojas-recambio-cuter-ancho-18mm-10-uds-3-claveles-235\/","name":"10 Hojas Recambio C\u00fater - Ancho 18mm - 3 Claveles 235 - Cuchillalia","isPartOf":{"@id":"https:\/\/www.cuchillalia.com\/#website"},"primaryImageOfPage":{"@id":"https:\/\/www.cuchillalia.com\/producto\/hojas-recambio-cuter-ancho-18mm-10-uds-3-claveles-235\/#primaryimage"},"image":{"@id":"https:\/\/www.cuchillalia.com\/producto\/hojas-recambio-cuter-ancho-18mm-10-uds-3-claveles-235\/#primaryimage"},"thumbnailUrl":"https:\/\/www.cuchillalia.com\/wordpress\/wp-content\/uploads\/2015\/05\/cuchillalia-3-claveles-00235-recambio-cutter-18mm.jpg","datePublished":"2015-05-25T22:00:00+00:00","dateModified":"2025-07-03T18:10:38+00:00","description":"Pack de 10 hojas de recambio para c\u00fatter ancho (18 mm). 3 Claveles 235. Con pr\u00e1ctico dispensador de pl\u00e1stico. Presentado en blister de cart\u00f3n.","breadcrumb":{"@id":"https:\/\/www.cuchillalia.com\/producto\/hojas-recambio-cuter-ancho-18mm-10-uds-3-claveles-235\/#breadcrumb"},"inLanguage":"en-US","potentialAction":[{"@type":"ReadAction","target":["https:\/\/www.cuchillalia.com\/producto\/hojas-recambio-cuter-ancho-18mm-10-uds-3-claveles-235\/"]}]},{"@type":"ImageObject","inLanguage":"en-US","@id":"https:\/\/www.cuchillalia.com\/producto\/hojas-recambio-cuter-ancho-18mm-10-uds-3-claveles-235\/#primaryimage","url":"https:\/\/www.cuchillalia.com\/wordpress\/wp-content\/uploads\/2015\/05\/cuchillalia-3-claveles-00235-recambio-cutter-18mm.jpg","contentUrl":"https:\/\/www.cuchillalia.com\/wordpress\/wp-content\/uploads\/2015\/05\/cuchillalia-3-claveles-00235-recambio-cutter-18mm.jpg","width":1600,"height":1600,"caption":"10 Hojas de recambio de ancho 18 mm para c\u00fater - 3 Claveles 235 - Cuchillalia"},{"@type":"BreadcrumbList","@id":"https:\/\/www.cuchillalia.com\/producto\/hojas-recambio-cuter-ancho-18mm-10-uds-3-claveles-235\/#breadcrumb","itemListElement":[{"@type":"ListItem","position":1,"name":"Cuchillalia","item":"https:\/\/www.cuchillalia.com\/en\/"},{"@type":"ListItem","position":2,"name":"Tienda","item":"https:\/\/www.cuchillalia.com\/tienda\/"},{"@type":"ListItem","position":3,"name":"Herramientas","item":"https:\/\/www.cuchillalia.com\/categoria\/herramientas\/"},{"@type":"ListItem","position":4,"name":"Cuters","item":"https:\/\/www.cuchillalia.com\/categoria\/herramientas\/cuters\/"},{"@type":"ListItem","position":5,"name":"Cuchillas de recambio para cuters","item":"https:\/\/www.cuchillalia.com\/categoria\/herramientas\/cuters\/cuchillas\/"},{"@type":"ListItem","position":6,"name":"Dispensador de 10 hojas de recambio para c\u00fater de ancho 18 mm &#8211; 3 Claveles 235"}]},{"@type":"WebSite","@id":"https:\/\/www.cuchillalia.com\/#website","url":"https:\/\/www.cuchillalia.com\/","name":"Cuchillalia.com","description":"","publisher":{"@id":"https:\/\/www.cuchillalia.com\/#organization"},"potentialAction":[{"@type":"SearchAction","target":{"@type":"EntryPoint","urlTemplate":"https:\/\/www.cuchillalia.com\/?s={search_term_string}"},"query-input":{"@type":"PropertyValueSpecification","valueRequired":true,"valueName":"search_term_string"}}],"inLanguage":"en-US"},{"@type":"Organization","@id":"https:\/\/www.cuchillalia.com\/#organization","name":"Cuchillalia","url":"https:\/\/www.cuchillalia.com\/","logo":{"@type":"ImageObject","inLanguage":"en-US","@id":"https:\/\/www.cuchillalia.com\/#\/schema\/logo\/image\/","url":"https:\/\/www.cuchillalia.com\/wordpress\/wp-content\/uploads\/2021\/03\/logo-cuchillalia-jpg.jpg","contentUrl":"https:\/\/www.cuchillalia.com\/wordpress\/wp-content\/uploads\/2021\/03\/logo-cuchillalia-jpg.jpg","width":276,"height":192,"caption":"Cuchillalia"},"image":{"@id":"https:\/\/www.cuchillalia.com\/#\/schema\/logo\/image\/"},"sameAs":["http:\/\/www.facebook.com\/cuchillalia","https:\/\/x.com\/Cuchillalia"]}]}},"_links":{"self":[{"href":"https:\/\/www.cuchillalia.com\/en\/wp-json\/wp\/v2\/product\/3867","targetHints":{"allow":["GET"]}}],"collection":[{"href":"https:\/\/www.cuchillalia.com\/en\/wp-json\/wp\/v2\/product"}],"about":[{"href":"https:\/\/www.cuchillalia.com\/en\/wp-json\/wp\/v2\/types\/product"}],"replies":[{"embeddable":true,"href":"https:\/\/www.cuchillalia.com\/en\/wp-json\/wp\/v2\/comments?post=3867"}],"wp:featuredmedia":[{"embeddable":true,"href":"https:\/\/www.cuchillalia.com\/en\/wp-json\/wp\/v2\/media\/7557"}],"wp:attachment":[{"href":"https:\/\/www.cuchillalia.com\/en\/wp-json\/wp\/v2\/media?parent=3867"}],"wp:term":[{"taxonomy":"product_brand","embeddable":true,"href":"https:\/\/www.cuchillalia.com\/en\/wp-json\/wp\/v2\/product_brand?post=3867"},{"taxonomy":"product_cat","embeddable":true,"href":"https:\/\/www.cuchillalia.com\/en\/wp-json\/wp\/v2\/product_cat?post=3867"},{"taxonomy":"product_tag","embeddable":true,"href":"https:\/\/www.cuchillalia.com\/en\/wp-json\/wp\/v2\/product_tag?post=3867"}],"curies":[{"name":"wp","href":"https:\/\/api.w.org\/{rel}","templated":true}]}}