{"id":3863,"date":"2015-05-26T00:00:00","date_gmt":"2015-05-25T22:00:00","guid":{"rendered":"http:\/\/www.cuchillalia.com\/?post_type=product&#038;p=3863"},"modified":"2026-05-17T02:52:29","modified_gmt":"2026-05-17T00:52:29","slug":"cutter-zinc-hoja-doble-punta-trapecio-3-claveles-214","status":"publish","type":"product","link":"https:\/\/www.cuchillalia.com\/en\/producto\/cutter-zinc-hoja-doble-punta-trapecio-3-claveles-214\/","title":{"rendered":"C\u00fater met\u00e1lico con hoja trapezoidal y cargador autom\u00e1tico &#8211; 3 Claveles 214"},"content":{"rendered":"<h2>Tabla de caracter\u00edsticas cuter de zinc\/TPR de 3 Claveles<\/h2>\n<div class='tabla-caracteristicas'>\n<div class='fila'><span class='etiqueta'>Nombre comercial:<\/span><span class='valor'><strong>Cuter zinc &#8211; Bloqueo Varias Posiciones<\/strong><\/span><\/div>\n<div class='fila'><span class='etiqueta'>Fabricante:<\/span><span class='valor'>3 Claveles<\/span><\/div>\n<div class='fila'><span class='etiqueta'>Referencia del fabricante:<\/span><span class='valor'>214<\/span><\/div>\n<div class='fila'><span class='etiqueta'>Tipo de hoja:<\/span><span class='valor'>Cuchillas trapezoidales de doble punta<\/span><\/div>\n<div class='fila'><span class='etiqueta'>Medidas:<\/span><span class='valor'>17.5 cm (sin la hoja)<\/span><\/div>\n<div class='fila'><span class='etiqueta'>Material:<\/span><span class='valor'>Zinc + TPR (goma termopl\u00e1stica)<\/span><\/div>\n<div class='fila'><span class='etiqueta'>\u00bfEs apto para zurdos?:<\/span><span class='valor'>Para diestros y zurdos<\/span><\/div>\n<div class='fila'><span class='etiqueta'>Presentaci\u00f3n del producto:<\/span><span class='valor'>Display de cart\u00f3n<\/span><\/div>\n<div class='fila'><span class='etiqueta'>C\u00f3digo de barras (GTIN):<\/span><span class='valor'>8410990002144<\/span><\/div>\n<div class='fila'><span class='etiqueta'>Observaciones:<\/span><span class='valor'>&#8211; Se incluyen 10 cuchillas.<\/span><\/div>\n<\/div>\n<hr \/>\n<p>Si lo que necesita son las hojas de recambio para el cutter pinche en la ficha siguiente:<\/p>\n<p style='text-align: left;'><div class=\"woocommerce \"><ul class=\"products kad_product_wrapper rowtight shopcolumn4 shopfullwidth init-isotope-intrinsic kt-show-rating  reinit-isotope\" data-nextselector=\".woocommerce-pagination a.next\" data-navselector=\".woocommerce-pagination\" data-itemselector=\".kad_product\" data-itemloadselector=\".kt_item_fade_in\" data-iso-selector=\".kad_product\" data-iso-style=\"fitRows\" data-iso-filter=\"true\">\n<li class=\"product type-product post-3871 status-publish first instock product_cat-cuchillas has-post-thumbnail taxable shipping-taxable purchasable product-type-simple col-xxl-2 col-xl-25 col-md-3 col-sm-4 col-xs-6 col-ss-6 cuchillas kad_product\">\n\t<div class=\"grid_item product_item clearfix kt_item_fade_in\"><a href=\"https:\/\/www.cuchillalia.com\/en\/producto\/hojas-doble-punta-recambio-cuter-trapecio-10-uds-3-claveles-238\/\" class=\"product_item_link product_img_link\"><div class=\"kad-product-noflipper kt-product-hardcrop kt-product-intrinsic\" style=\"padding-bottom:100%;\"><div class=\"kt-product-animation-contain\"><img decoding=\"async\" src=\"https:\/\/www.cuchillalia.com\/wordpress\/wp-content\/uploads\/2015\/05\/cuchillalia-3-claveles-00238-recambio-cutter-trapezoidal-300x300.jpg\" srcset=\"https:\/\/www.cuchillalia.com\/wordpress\/wp-content\/uploads\/2015\/05\/cuchillalia-3-claveles-00238-recambio-cutter-trapezoidal-300x300.jpg 300w, https:\/\/www.cuchillalia.com\/wordpress\/wp-content\/uploads\/2015\/05\/cuchillalia-3-claveles-00238-recambio-cutter-trapezoidal-200x200.jpg 200w, https:\/\/www.cuchillalia.com\/wordpress\/wp-content\/uploads\/2015\/05\/cuchillalia-3-claveles-00238-recambio-cutter-trapezoidal-100x100.jpg 100w, https:\/\/www.cuchillalia.com\/wordpress\/wp-content\/uploads\/2015\/05\/cuchillalia-3-claveles-00238-recambio-cutter-trapezoidal-566x566.jpg 566w, https:\/\/www.cuchillalia.com\/wordpress\/wp-content\/uploads\/2015\/05\/cuchillalia-3-claveles-00238-recambio-cutter-trapezoidal-150x150.jpg 150w, https:\/\/www.cuchillalia.com\/wordpress\/wp-content\/uploads\/2015\/05\/cuchillalia-3-claveles-00238-recambio-cutter-trapezoidal-768x768.jpg 768w, https:\/\/www.cuchillalia.com\/wordpress\/wp-content\/uploads\/2015\/05\/cuchillalia-3-claveles-00238-recambio-cutter-trapezoidal-1024x1024.jpg 1024w, https:\/\/www.cuchillalia.com\/wordpress\/wp-content\/uploads\/2015\/05\/cuchillalia-3-claveles-00238-recambio-cutter-trapezoidal-600x600.jpg 600w, https:\/\/www.cuchillalia.com\/wordpress\/wp-content\/uploads\/2015\/05\/cuchillalia-3-claveles-00238-recambio-cutter-trapezoidal-720x720.jpg 720w, https:\/\/www.cuchillalia.com\/wordpress\/wp-content\/uploads\/2015\/05\/cuchillalia-3-claveles-00238-recambio-cutter-trapezoidal-360x360.jpg 360w, https:\/\/www.cuchillalia.com\/wordpress\/wp-content\/uploads\/2015\/05\/cuchillalia-3-claveles-00238-recambio-cutter-trapezoidal-800x800.jpg 800w, https:\/\/www.cuchillalia.com\/wordpress\/wp-content\/uploads\/2015\/05\/cuchillalia-3-claveles-00238-recambio-cutter-trapezoidal-400x400.jpg 400w, https:\/\/www.cuchillalia.com\/wordpress\/wp-content\/uploads\/2015\/05\/cuchillalia-3-claveles-00238-recambio-cutter-trapezoidal.jpg 1600w\" sizes=\"(max-width: 300px) 100vw, 300px\"  alt=\"Cuchillalia - 10 Hojas Recambio Cuter - Trapecio - 3 Claveles 238\" width=\"300\" height=\"300\" class=\"attachment-shop_catalog wp-post-image size-300x300\"><\/div><\/div><\/a> \n\n\t<div class=\"details_product_item\"><div class=\"product_details\"><a href=\"https:\/\/www.cuchillalia.com\/en\/producto\/hojas-doble-punta-recambio-cuter-trapecio-10-uds-3-claveles-238\/\" class=\"product_item_link\"><h3 class=\"product_archive_title\">Dispensador de 10 hojas trapezoidales de recambio para c\u00fater &#8211; 3 Claveles 238<\/h3><\/a><\/div>\t\t\n\t<a href=\"https:\/\/www.cuchillalia.com\/en\/producto\/hojas-doble-punta-recambio-cuter-trapecio-10-uds-3-claveles-238\/\"><span class=\"kt-notrated\">not rated<\/span><\/a>\n\t<span class=\"price\"><span class=\"woocommerce-Price-amount amount\"><bdi>2,59<span class=\"woocommerce-Price-currencySymbol\">&euro;<\/span><\/bdi><\/span><\/span>\n<div class=\"clearfix\"><\/div><\/div>\n\t<div class=\"product_action_wrap\"><a href=\"\/en\/wp-json\/wp\/v2\/product\/3863?add-to-cart=3871\" aria-describedby=\"woocommerce_loop_add_to_cart_link_describedby_3871\" data-quantity=\"1\" class=\"button product_type_simple add_to_cart_button ajax_add_to_cart\" data-product_id=\"3871\" data-product_sku=\"3C_00238\" aria-label=\"Add to cart: &ldquo;Dispensador de 10 hojas trapezoidales de recambio para c\u00fater - 3 Claveles 238&rdquo;\" rel=\"nofollow\" data-success_message=\"&ldquo;Dispensador de 10 hojas trapezoidales de recambio para c\u00fater - 3 Claveles 238&rdquo; has been added to your cart\" role=\"button\">Add to cart<\/a>\t<span id=\"woocommerce_loop_add_to_cart_link_describedby_3871\" class=\"screen-reader-text\">\n\t\t\t<\/span>\n\t\t\t<input type=\"hidden\" class=\"pmwProductId\" data-id=\"3871\">\n\t\t\t\t\t<script>\n\t\t\t(window.pmwDataLayer = window.pmwDataLayer || {}).products                = window.pmwDataLayer.products || {};\n\t\t\twindow.pmwDataLayer.products[3871] = {\"id\":\"3871\",\"sku\":\"3C_00238\",\"price\":2.5899999999999999,\"brand\":\"\",\"quantity\":1,\"dyn_r_ids\":{\"post_id\":\"3871\",\"sku\":\"3C_00238\",\"gpf\":\"woocommerce_gpf_3871\",\"gla\":\"gla_3871\"},\"is_variable\":false,\"type\":\"simple\",\"name\":\"Dispensador de 10 hojas trapezoidales de recambio para c\u00fater - 3 Claveles 238\",\"category\":[\"Cuchillas de recambio para cuters\"],\"is_variation\":false};\n\t\t\t\t\twindow.pmw_product_position = window.pmw_product_position || 1;\n\t\twindow.pmwDataLayer.products[3871]['position'] = window.pmw_product_position++;\n\t\t\t\t<\/script>\n\t\t<\/div><\/div><\/li><\/ul>\n<\/div>\n","protected":false},"excerpt":{"rendered":"<p><strong>Cutter met\u00e1lico con hoja trapezoidal<\/strong> de doble punta y cargador autom\u00e1tico con capacidad de hasta 10 hojas (inclu\u00eddas). Bloqueo de la hoja en 3 posiciones.&hellip; <a class=\"kt-excerpt-readmore more-link\" href=\"https:\/\/www.cuchillalia.com\/en\/producto\/cutter-zinc-hoja-doble-punta-trapecio-3-claveles-214\/\" aria-label=\"C\u00fater met\u00e1lico con hoja trapezoidal y cargador autom\u00e1tico &#8211; 3 Claveles 214\">Read More<\/a><\/p>\n","protected":false},"featured_media":7553,"comment_status":"open","ping_status":"closed","template":"","meta":[],"product_brand":[],"product_cat":[8275],"product_tag":[],"class_list":{"0":"post-3863","1":"product","2":"type-product","3":"status-publish","4":"has-post-thumbnail","6":"product_cat-cuters","8":"first","9":"instock","10":"taxable","11":"shipping-taxable","12":"purchasable","13":"product-type-simple"},"yoast_head":"<!-- This site is optimized with the Yoast SEO plugin v27.5 - https:\/\/yoast.com\/product\/yoast-seo-wordpress\/ -->\n<title>C\u00fatter de zinc\/TPR de 3 Claveles con hoja trapecio con bloqueo<\/title>\n<meta name=\"robots\" content=\"index, follow, max-snippet:-1, max-image-preview:large, max-video-preview:-1\" \/>\n<link rel=\"canonical\" href=\"https:\/\/www.cuchillalia.com\/producto\/cutter-zinc-hoja-doble-punta-trapecio-3-claveles-214\/\" \/>\n<meta property=\"og:locale\" content=\"en_US\" \/>\n<meta property=\"og:type\" content=\"article\" \/>\n<meta property=\"og:title\" content=\"C\u00fatter de zinc\/TPR de 3 Claveles con hoja trapecio con bloqueo\" \/>\n<meta property=\"og:description\" content=\"Cutter met\u00e1lico con hoja trapezoidal de doble punta y cargador autom\u00e1tico con capacidad de hasta 10 hojas (inclu\u00eddas). Bloqueo de la hoja en 3 posiciones.&hellip; Read More\" \/>\n<meta property=\"og:url\" content=\"https:\/\/www.cuchillalia.com\/producto\/cutter-zinc-hoja-doble-punta-trapecio-3-claveles-214\/\" \/>\n<meta property=\"og:site_name\" content=\"Cuchillalia.com\" \/>\n<meta property=\"article:publisher\" content=\"http:\/\/www.facebook.com\/cuchillalia\" \/>\n<meta property=\"article:modified_time\" content=\"2026-05-17T00:52:29+00:00\" \/>\n<meta property=\"og:image\" content=\"https:\/\/www.cuchillalia.com\/wordpress\/wp-content\/uploads\/2015\/05\/cuchillalia-3-claveles-00214-cutter-zinc-goma-trapezoidal.jpg\" \/>\n\t<meta property=\"og:image:width\" content=\"1600\" \/>\n\t<meta property=\"og:image:height\" content=\"1600\" \/>\n\t<meta property=\"og:image:type\" content=\"image\/jpeg\" \/>\n<meta name=\"twitter:card\" content=\"summary_large_image\" \/>\n<meta name=\"twitter:site\" content=\"@Cuchillalia\" \/>\n<meta name=\"twitter:label1\" content=\"Est. reading time\" \/>\n\t<meta name=\"twitter:data1\" content=\"1 minute\" \/>\n<!-- \/ Yoast SEO plugin. -->","yoast_head_json":{"title":"C\u00fatter de zinc\/TPR de 3 Claveles con hoja trapecio con bloqueo","robots":{"index":"index","follow":"follow","max-snippet":"max-snippet:-1","max-image-preview":"max-image-preview:large","max-video-preview":"max-video-preview:-1"},"canonical":"https:\/\/www.cuchillalia.com\/producto\/cutter-zinc-hoja-doble-punta-trapecio-3-claveles-214\/","og_locale":"en_US","og_type":"article","og_title":"C\u00fatter de zinc\/TPR de 3 Claveles con hoja trapecio con bloqueo","og_description":"Cutter met\u00e1lico con hoja trapezoidal de doble punta y cargador autom\u00e1tico con capacidad de hasta 10 hojas (inclu\u00eddas). Bloqueo de la hoja en 3 posiciones.&hellip; Read More","og_url":"https:\/\/www.cuchillalia.com\/producto\/cutter-zinc-hoja-doble-punta-trapecio-3-claveles-214\/","og_site_name":"Cuchillalia.com","article_publisher":"http:\/\/www.facebook.com\/cuchillalia","article_modified_time":"2026-05-17T00:52:29+00:00","og_image":[{"width":1600,"height":1600,"url":"https:\/\/www.cuchillalia.com\/wordpress\/wp-content\/uploads\/2015\/05\/cuchillalia-3-claveles-00214-cutter-zinc-goma-trapezoidal.jpg","type":"image\/jpeg"}],"twitter_card":"summary_large_image","twitter_site":"@Cuchillalia","twitter_misc":{"Est. reading time":"1 minute"},"schema":{"@context":"https:\/\/schema.org","@graph":[{"@type":"WebPage","@id":"https:\/\/www.cuchillalia.com\/producto\/cutter-zinc-hoja-doble-punta-trapecio-3-claveles-214\/","url":"https:\/\/www.cuchillalia.com\/producto\/cutter-zinc-hoja-doble-punta-trapecio-3-claveles-214\/","name":"C\u00fatter de zinc\/TPR de 3 Claveles con hoja trapecio con bloqueo","isPartOf":{"@id":"https:\/\/www.cuchillalia.com\/#website"},"primaryImageOfPage":{"@id":"https:\/\/www.cuchillalia.com\/producto\/cutter-zinc-hoja-doble-punta-trapecio-3-claveles-214\/#primaryimage"},"image":{"@id":"https:\/\/www.cuchillalia.com\/producto\/cutter-zinc-hoja-doble-punta-trapecio-3-claveles-214\/#primaryimage"},"thumbnailUrl":"https:\/\/www.cuchillalia.com\/wordpress\/wp-content\/uploads\/2015\/05\/cuchillalia-3-claveles-00214-cutter-zinc-goma-trapezoidal.jpg","datePublished":"2015-05-25T22:00:00+00:00","dateModified":"2026-05-17T00:52:29+00:00","breadcrumb":{"@id":"https:\/\/www.cuchillalia.com\/producto\/cutter-zinc-hoja-doble-punta-trapecio-3-claveles-214\/#breadcrumb"},"inLanguage":"en-US","potentialAction":[{"@type":"ReadAction","target":["https:\/\/www.cuchillalia.com\/producto\/cutter-zinc-hoja-doble-punta-trapecio-3-claveles-214\/"]}]},{"@type":"ImageObject","inLanguage":"en-US","@id":"https:\/\/www.cuchillalia.com\/producto\/cutter-zinc-hoja-doble-punta-trapecio-3-claveles-214\/#primaryimage","url":"https:\/\/www.cuchillalia.com\/wordpress\/wp-content\/uploads\/2015\/05\/cuchillalia-3-claveles-00214-cutter-zinc-goma-trapezoidal.jpg","contentUrl":"https:\/\/www.cuchillalia.com\/wordpress\/wp-content\/uploads\/2015\/05\/cuchillalia-3-claveles-00214-cutter-zinc-goma-trapezoidal.jpg","width":1600,"height":1600,"caption":"Cuchillalia - Cutter Zinc - TPR - Hoja Trapecio - Bloqueo en varias posiciones - 3 Claveles 214"},{"@type":"BreadcrumbList","@id":"https:\/\/www.cuchillalia.com\/producto\/cutter-zinc-hoja-doble-punta-trapecio-3-claveles-214\/#breadcrumb","itemListElement":[{"@type":"ListItem","position":1,"name":"Cuchillalia","item":"https:\/\/www.cuchillalia.com\/en\/"},{"@type":"ListItem","position":2,"name":"Tienda","item":"https:\/\/www.cuchillalia.com\/tienda\/"},{"@type":"ListItem","position":3,"name":"Herramientas","item":"https:\/\/www.cuchillalia.com\/categoria\/herramientas\/"},{"@type":"ListItem","position":4,"name":"Cuters","item":"https:\/\/www.cuchillalia.com\/categoria\/herramientas\/cuters\/"},{"@type":"ListItem","position":5,"name":"C\u00fater met\u00e1lico con hoja trapezoidal y cargador autom\u00e1tico &#8211; 3 Claveles 214"}]},{"@type":"WebSite","@id":"https:\/\/www.cuchillalia.com\/#website","url":"https:\/\/www.cuchillalia.com\/","name":"Cuchillalia.com","description":"","publisher":{"@id":"https:\/\/www.cuchillalia.com\/#organization"},"potentialAction":[{"@type":"SearchAction","target":{"@type":"EntryPoint","urlTemplate":"https:\/\/www.cuchillalia.com\/?s={search_term_string}"},"query-input":{"@type":"PropertyValueSpecification","valueRequired":true,"valueName":"search_term_string"}}],"inLanguage":"en-US"},{"@type":"Organization","@id":"https:\/\/www.cuchillalia.com\/#organization","name":"Cuchillalia","url":"https:\/\/www.cuchillalia.com\/","logo":{"@type":"ImageObject","inLanguage":"en-US","@id":"https:\/\/www.cuchillalia.com\/#\/schema\/logo\/image\/","url":"https:\/\/www.cuchillalia.com\/wordpress\/wp-content\/uploads\/2021\/03\/logo-cuchillalia-jpg.jpg","contentUrl":"https:\/\/www.cuchillalia.com\/wordpress\/wp-content\/uploads\/2021\/03\/logo-cuchillalia-jpg.jpg","width":276,"height":192,"caption":"Cuchillalia"},"image":{"@id":"https:\/\/www.cuchillalia.com\/#\/schema\/logo\/image\/"},"sameAs":["http:\/\/www.facebook.com\/cuchillalia","https:\/\/x.com\/Cuchillalia"]}]}},"_links":{"self":[{"href":"https:\/\/www.cuchillalia.com\/en\/wp-json\/wp\/v2\/product\/3863","targetHints":{"allow":["GET"]}}],"collection":[{"href":"https:\/\/www.cuchillalia.com\/en\/wp-json\/wp\/v2\/product"}],"about":[{"href":"https:\/\/www.cuchillalia.com\/en\/wp-json\/wp\/v2\/types\/product"}],"replies":[{"embeddable":true,"href":"https:\/\/www.cuchillalia.com\/en\/wp-json\/wp\/v2\/comments?post=3863"}],"wp:featuredmedia":[{"embeddable":true,"href":"https:\/\/www.cuchillalia.com\/en\/wp-json\/wp\/v2\/media\/7553"}],"wp:attachment":[{"href":"https:\/\/www.cuchillalia.com\/en\/wp-json\/wp\/v2\/media?parent=3863"}],"wp:term":[{"taxonomy":"product_brand","embeddable":true,"href":"https:\/\/www.cuchillalia.com\/en\/wp-json\/wp\/v2\/product_brand?post=3863"},{"taxonomy":"product_cat","embeddable":true,"href":"https:\/\/www.cuchillalia.com\/en\/wp-json\/wp\/v2\/product_cat?post=3863"},{"taxonomy":"product_tag","embeddable":true,"href":"https:\/\/www.cuchillalia.com\/en\/wp-json\/wp\/v2\/product_tag?post=3863"}],"curies":[{"name":"wp","href":"https:\/\/api.w.org\/{rel}","templated":true}]}}