{"id":3857,"date":"2015-05-26T00:00:00","date_gmt":"2015-05-25T22:00:00","guid":{"rendered":"http:\/\/www.cuchillalia.com\/?post_type=product&#038;p=3857"},"modified":"2026-01-25T00:00:09","modified_gmt":"2026-01-24T23:00:09","slug":"cutter-metalico-cuchilla-25mm-3-claveles-208","status":"publish","type":"product","link":"https:\/\/www.cuchillalia.com\/en\/producto\/cutter-metalico-cuchilla-25mm-3-claveles-208\/","title":{"rendered":"C\u00fater met\u00e1lico con cuchilla de 25 mm y seguro &#8211; 3 Claveles 208"},"content":{"rendered":"<h2>Tabla de caracter\u00edsticas cuter metal\/nylon de 25 mm 3 Claveles<\/h2>\n<div class='tabla-caracteristicas'>\n<div class='fila'><span class='etiqueta'>Nombre comercial:<\/span><span class='valor'><strong>Cuter metal-nylon \/ ABS cierre seguridad 25 mm<\/strong><\/span><\/div>\n<div class='fila'><span class='etiqueta'>Fabricante:<\/span><span class='valor'>3 Claveles<\/span><\/div>\n<div class='fila'><span class='etiqueta'>Referencia del fabricante:<\/span><span class='valor'>208<\/span><\/div>\n<div class='fila'><span class='etiqueta'>Tipo de hoja:<\/span><span class='valor'>Hoja precortada de 25 mm de ancho<\/span><\/div>\n<div class='fila'><span class='etiqueta'>Tipo de mango:<\/span><span class='valor'>Armaz\u00f3n met\u00e1lico<br \/>\nMango de inyecci\u00f3n en acero inoxidable, nylon y ABS<\/span><\/div>\n<div class='fila'><span class='etiqueta'>Medidas:<\/span><span class='valor'>Largo:     20.5 cm<\/span><\/div>\n<div class='fila'><span class='etiqueta'>Presentaci\u00f3n del producto:<\/span><span class='valor'>Display de cart\u00f3n<\/span><\/div>\n<div class='fila'><span class='etiqueta'>C\u00f3digo de barras (GTIN):<\/span><span class='valor'>8410990002083<\/span><\/div>\n<div class='fila'><span class='etiqueta'>Observaciones:<\/span><span class='valor'>&#8211; Se incluyen 3 cuchillas.<\/span><\/div>\n<\/div>\n<hr \/>\n<p>Si lo que necesita son las hojas de recambio para el cutter pinche en la ficha siguiente:<\/p>\n<p style='text-align: left;'><div class=\"woocommerce \"><\/div>\n","protected":false},"excerpt":{"rendered":"<p><strong>Cutter met\u00e1lico con mango ergon\u00f3mico<\/strong> de Nylon y ABS, <strong>3 Claveles<\/strong>, referencia 208. <em>Bloqueo autom\u00e1tico<\/em> de la hoja. Hojas de 25 mm de ancho. Incluye 3 hojas de recambio precortadas para partirlas con facilidad.&hellip; <a class=\"kt-excerpt-readmore more-link\" href=\"https:\/\/www.cuchillalia.com\/en\/producto\/cutter-metalico-cuchilla-25mm-3-claveles-208\/\" aria-label=\"C\u00fater met\u00e1lico con cuchilla de 25 mm y seguro &#8211; 3 Claveles 208\">Read More<\/a><\/p>\n","protected":false},"featured_media":7560,"comment_status":"open","ping_status":"closed","template":"","meta":[],"product_brand":[],"product_cat":[8275],"product_tag":[],"class_list":{"0":"post-3857","1":"product","2":"type-product","3":"status-publish","4":"has-post-thumbnail","6":"product_cat-cuters","8":"first","9":"instock","10":"taxable","11":"shipping-taxable","12":"purchasable","13":"product-type-simple"},"yoast_head":"<!-- This site is optimized with the Yoast SEO plugin v27.5 - https:\/\/yoast.com\/product\/yoast-seo-wordpress\/ -->\n<title>C\u00fatter de metal, nylon y ABS con cuchilla de 25mm | Cuchillalia.com<\/title>\n<meta name=\"description\" content=\"C\u00fater met\u00e1lico, mango ergon\u00f3mico de Nylon\/ABS. Bloqueo autom\u00e1tico de la hoja (Auto Lock). Hojas de 25 mm de ancho divisibles. Incluye 3 hojas\" \/>\n<meta name=\"robots\" content=\"index, follow, max-snippet:-1, max-image-preview:large, max-video-preview:-1\" \/>\n<link rel=\"canonical\" href=\"https:\/\/www.cuchillalia.com\/producto\/cutter-metalico-cuchilla-25mm-3-claveles-208\/\" \/>\n<meta property=\"og:locale\" content=\"en_US\" \/>\n<meta property=\"og:type\" content=\"article\" \/>\n<meta property=\"og:title\" content=\"C\u00fatter de metal, nylon y ABS con cuchilla de 25mm | Cuchillalia.com\" \/>\n<meta property=\"og:description\" content=\"C\u00fater met\u00e1lico, mango ergon\u00f3mico de Nylon\/ABS. Bloqueo autom\u00e1tico de la hoja (Auto Lock). Hojas de 25 mm de ancho divisibles. Incluye 3 hojas\" \/>\n<meta property=\"og:url\" content=\"https:\/\/www.cuchillalia.com\/producto\/cutter-metalico-cuchilla-25mm-3-claveles-208\/\" \/>\n<meta property=\"og:site_name\" content=\"Cuchillalia.com\" \/>\n<meta property=\"article:publisher\" content=\"http:\/\/www.facebook.com\/cuchillalia\" \/>\n<meta property=\"article:modified_time\" content=\"2026-01-24T23:00:09+00:00\" \/>\n<meta property=\"og:image\" content=\"https:\/\/www.cuchillalia.com\/wordpress\/wp-content\/uploads\/2015\/05\/cuchillalia-3-claveles-00208-cutter-25mm.jpg\" \/>\n\t<meta property=\"og:image:width\" content=\"1600\" \/>\n\t<meta property=\"og:image:height\" content=\"1600\" \/>\n\t<meta property=\"og:image:type\" content=\"image\/jpeg\" \/>\n<meta name=\"twitter:card\" content=\"summary_large_image\" \/>\n<meta name=\"twitter:site\" content=\"@Cuchillalia\" \/>\n<meta name=\"twitter:label1\" content=\"Est. reading time\" \/>\n\t<meta name=\"twitter:data1\" content=\"1 minute\" \/>\n<!-- \/ Yoast SEO plugin. -->","yoast_head_json":{"title":"C\u00fatter de metal, nylon y ABS con cuchilla de 25mm | Cuchillalia.com","description":"C\u00fater met\u00e1lico, mango ergon\u00f3mico de Nylon\/ABS. Bloqueo autom\u00e1tico de la hoja (Auto Lock). Hojas de 25 mm de ancho divisibles. Incluye 3 hojas","robots":{"index":"index","follow":"follow","max-snippet":"max-snippet:-1","max-image-preview":"max-image-preview:large","max-video-preview":"max-video-preview:-1"},"canonical":"https:\/\/www.cuchillalia.com\/producto\/cutter-metalico-cuchilla-25mm-3-claveles-208\/","og_locale":"en_US","og_type":"article","og_title":"C\u00fatter de metal, nylon y ABS con cuchilla de 25mm | Cuchillalia.com","og_description":"C\u00fater met\u00e1lico, mango ergon\u00f3mico de Nylon\/ABS. Bloqueo autom\u00e1tico de la hoja (Auto Lock). Hojas de 25 mm de ancho divisibles. Incluye 3 hojas","og_url":"https:\/\/www.cuchillalia.com\/producto\/cutter-metalico-cuchilla-25mm-3-claveles-208\/","og_site_name":"Cuchillalia.com","article_publisher":"http:\/\/www.facebook.com\/cuchillalia","article_modified_time":"2026-01-24T23:00:09+00:00","og_image":[{"width":1600,"height":1600,"url":"https:\/\/www.cuchillalia.com\/wordpress\/wp-content\/uploads\/2015\/05\/cuchillalia-3-claveles-00208-cutter-25mm.jpg","type":"image\/jpeg"}],"twitter_card":"summary_large_image","twitter_site":"@Cuchillalia","twitter_misc":{"Est. reading time":"1 minute"},"schema":{"@context":"https:\/\/schema.org","@graph":[{"@type":"WebPage","@id":"https:\/\/www.cuchillalia.com\/producto\/cutter-metalico-cuchilla-25mm-3-claveles-208\/","url":"https:\/\/www.cuchillalia.com\/producto\/cutter-metalico-cuchilla-25mm-3-claveles-208\/","name":"C\u00fatter de metal, nylon y ABS con cuchilla de 25mm | Cuchillalia.com","isPartOf":{"@id":"https:\/\/www.cuchillalia.com\/#website"},"primaryImageOfPage":{"@id":"https:\/\/www.cuchillalia.com\/producto\/cutter-metalico-cuchilla-25mm-3-claveles-208\/#primaryimage"},"image":{"@id":"https:\/\/www.cuchillalia.com\/producto\/cutter-metalico-cuchilla-25mm-3-claveles-208\/#primaryimage"},"thumbnailUrl":"https:\/\/www.cuchillalia.com\/wordpress\/wp-content\/uploads\/2015\/05\/cuchillalia-3-claveles-00208-cutter-25mm.jpg","datePublished":"2015-05-25T22:00:00+00:00","dateModified":"2026-01-24T23:00:09+00:00","description":"C\u00fater met\u00e1lico, mango ergon\u00f3mico de Nylon\/ABS. Bloqueo autom\u00e1tico de la hoja (Auto Lock). Hojas de 25 mm de ancho divisibles. Incluye 3 hojas","breadcrumb":{"@id":"https:\/\/www.cuchillalia.com\/producto\/cutter-metalico-cuchilla-25mm-3-claveles-208\/#breadcrumb"},"inLanguage":"en-US","potentialAction":[{"@type":"ReadAction","target":["https:\/\/www.cuchillalia.com\/producto\/cutter-metalico-cuchilla-25mm-3-claveles-208\/"]}]},{"@type":"ImageObject","inLanguage":"en-US","@id":"https:\/\/www.cuchillalia.com\/producto\/cutter-metalico-cuchilla-25mm-3-claveles-208\/#primaryimage","url":"https:\/\/www.cuchillalia.com\/wordpress\/wp-content\/uploads\/2015\/05\/cuchillalia-3-claveles-00208-cutter-25mm.jpg","contentUrl":"https:\/\/www.cuchillalia.com\/wordpress\/wp-content\/uploads\/2015\/05\/cuchillalia-3-claveles-00208-cutter-25mm.jpg","width":1600,"height":1600,"caption":"Cuchillalia - Cutter Metal-Nylon \/ ABS Cuchilla 25mm - Cierre de Seguridad - 3 Claveles 208"},{"@type":"BreadcrumbList","@id":"https:\/\/www.cuchillalia.com\/producto\/cutter-metalico-cuchilla-25mm-3-claveles-208\/#breadcrumb","itemListElement":[{"@type":"ListItem","position":1,"name":"Cuchillalia","item":"https:\/\/www.cuchillalia.com\/en\/"},{"@type":"ListItem","position":2,"name":"Tienda","item":"https:\/\/www.cuchillalia.com\/tienda\/"},{"@type":"ListItem","position":3,"name":"Herramientas","item":"https:\/\/www.cuchillalia.com\/categoria\/herramientas\/"},{"@type":"ListItem","position":4,"name":"Cuters","item":"https:\/\/www.cuchillalia.com\/categoria\/herramientas\/cuters\/"},{"@type":"ListItem","position":5,"name":"C\u00fater met\u00e1lico con cuchilla de 25 mm y seguro &#8211; 3 Claveles 208"}]},{"@type":"WebSite","@id":"https:\/\/www.cuchillalia.com\/#website","url":"https:\/\/www.cuchillalia.com\/","name":"Cuchillalia.com","description":"","publisher":{"@id":"https:\/\/www.cuchillalia.com\/#organization"},"potentialAction":[{"@type":"SearchAction","target":{"@type":"EntryPoint","urlTemplate":"https:\/\/www.cuchillalia.com\/?s={search_term_string}"},"query-input":{"@type":"PropertyValueSpecification","valueRequired":true,"valueName":"search_term_string"}}],"inLanguage":"en-US"},{"@type":"Organization","@id":"https:\/\/www.cuchillalia.com\/#organization","name":"Cuchillalia","url":"https:\/\/www.cuchillalia.com\/","logo":{"@type":"ImageObject","inLanguage":"en-US","@id":"https:\/\/www.cuchillalia.com\/#\/schema\/logo\/image\/","url":"https:\/\/www.cuchillalia.com\/wordpress\/wp-content\/uploads\/2021\/03\/logo-cuchillalia-jpg.jpg","contentUrl":"https:\/\/www.cuchillalia.com\/wordpress\/wp-content\/uploads\/2021\/03\/logo-cuchillalia-jpg.jpg","width":276,"height":192,"caption":"Cuchillalia"},"image":{"@id":"https:\/\/www.cuchillalia.com\/#\/schema\/logo\/image\/"},"sameAs":["http:\/\/www.facebook.com\/cuchillalia","https:\/\/x.com\/Cuchillalia"]}]}},"_links":{"self":[{"href":"https:\/\/www.cuchillalia.com\/en\/wp-json\/wp\/v2\/product\/3857","targetHints":{"allow":["GET"]}}],"collection":[{"href":"https:\/\/www.cuchillalia.com\/en\/wp-json\/wp\/v2\/product"}],"about":[{"href":"https:\/\/www.cuchillalia.com\/en\/wp-json\/wp\/v2\/types\/product"}],"replies":[{"embeddable":true,"href":"https:\/\/www.cuchillalia.com\/en\/wp-json\/wp\/v2\/comments?post=3857"}],"wp:featuredmedia":[{"embeddable":true,"href":"https:\/\/www.cuchillalia.com\/en\/wp-json\/wp\/v2\/media\/7560"}],"wp:attachment":[{"href":"https:\/\/www.cuchillalia.com\/en\/wp-json\/wp\/v2\/media?parent=3857"}],"wp:term":[{"taxonomy":"product_brand","embeddable":true,"href":"https:\/\/www.cuchillalia.com\/en\/wp-json\/wp\/v2\/product_brand?post=3857"},{"taxonomy":"product_cat","embeddable":true,"href":"https:\/\/www.cuchillalia.com\/en\/wp-json\/wp\/v2\/product_cat?post=3857"},{"taxonomy":"product_tag","embeddable":true,"href":"https:\/\/www.cuchillalia.com\/en\/wp-json\/wp\/v2\/product_tag?post=3857"}],"curies":[{"name":"wp","href":"https:\/\/api.w.org\/{rel}","templated":true}]}}