{"id":3855,"date":"2015-05-26T00:00:00","date_gmt":"2015-05-25T22:00:00","guid":{"rendered":"http:\/\/www.cuchillalia.com\/?post_type=product&#038;p=3855"},"modified":"2026-01-25T00:00:07","modified_gmt":"2026-01-24T23:00:07","slug":"cutter-metalico-cuchilla-18mm-3-claveles-209","status":"publish","type":"product","link":"https:\/\/www.cuchillalia.com\/en\/producto\/cutter-metalico-cuchilla-18mm-3-claveles-209\/","title":{"rendered":"C\u00fater met\u00e1lico con cuchilla de 18 mm y seguro &#8211; 3 Claveles 209"},"content":{"rendered":"<h2>Tabla de caracter\u00edsticas cuter metal\/nylon de 18 mm 3 Claveles<\/h2>\n<div class='tabla-caracteristicas'>\n<div class='fila'><span class='etiqueta'>Nombre comercial:<\/span><span class='valor'><strong>Cuter metal-nylon \/ ABS cierre seguridad 18 mm<\/strong><\/span><\/div>\n<div class='fila'><span class='etiqueta'>Fabricante:<\/span><span class='valor'>3 Claveles<\/span><\/div>\n<div class='fila'><span class='etiqueta'>Referencia del fabricante:<\/span><span class='valor'>209<\/span><\/div>\n<div class='fila'><span class='etiqueta'>Tipo de hoja:<\/span><span class='valor'>Hoja precortada de 18 mm de ancho<\/span><\/div>\n<div class='fila'><span class='etiqueta'>Tipo de mango:<\/span><span class='valor'>Armaz\u00f3n met\u00e1lico<br \/>\nMango de inyecci\u00f3n en acero inoxidable, nylon y ABS<\/span><\/div>\n<div class='fila'><span class='etiqueta'>Medidas:<\/span><span class='valor'>Largo:     17 cm<\/span><\/div>\n<div class='fila'><span class='etiqueta'>Peso del producto:<\/span><span class='valor'>159 g<\/span><\/div>\n<div class='fila'><span class='etiqueta'>Presentaci\u00f3n del producto:<\/span><span class='valor'>Display de cart\u00f3n<\/span><\/div>\n<div class='fila'><span class='etiqueta'>C\u00f3digo de barras (GTIN):<\/span><span class='valor'>8410990002090<\/span><\/div>\n<div class='fila'><span class='etiqueta'>Observaciones:<\/span><span class='valor'>&#8211; Se incluyen 6 cuchillas.<\/span><\/div>\n<\/div>\n<hr \/>\n<p>Si lo que necesita son las hojas de recambio para este modelo de cutter:<\/p>\n<p style='text-align: left;'><div class=\"woocommerce \"><ul class=\"products kad_product_wrapper rowtight shopcolumn4 shopfullwidth init-isotope-intrinsic kt-show-rating  reinit-isotope\" data-nextselector=\".woocommerce-pagination a.next\" data-navselector=\".woocommerce-pagination\" data-itemselector=\".kad_product\" data-itemloadselector=\".kt_item_fade_in\" data-iso-selector=\".kad_product\" data-iso-style=\"fitRows\" data-iso-filter=\"true\">\n<li class=\"product type-product post-3867 status-publish first instock product_cat-cuchillas has-post-thumbnail taxable shipping-taxable purchasable product-type-simple col-xxl-2 col-xl-25 col-md-3 col-sm-4 col-xs-6 col-ss-6 cuchillas kad_product\">\n\t<div class=\"grid_item product_item clearfix kt_item_fade_in\"><a href=\"https:\/\/www.cuchillalia.com\/en\/producto\/hojas-recambio-cuter-ancho-18mm-10-uds-3-claveles-235\/\" class=\"product_item_link product_img_link\"><div class=\"kad-product-noflipper kt-product-hardcrop kt-product-intrinsic\" style=\"padding-bottom:100%;\"><div class=\"kt-product-animation-contain\"><img decoding=\"async\" src=\"https:\/\/www.cuchillalia.com\/wordpress\/wp-content\/uploads\/2015\/05\/cuchillalia-3-claveles-00235-recambio-cutter-18mm-300x300.jpg\" srcset=\"https:\/\/www.cuchillalia.com\/wordpress\/wp-content\/uploads\/2015\/05\/cuchillalia-3-claveles-00235-recambio-cutter-18mm-300x300.jpg 300w, https:\/\/www.cuchillalia.com\/wordpress\/wp-content\/uploads\/2015\/05\/cuchillalia-3-claveles-00235-recambio-cutter-18mm-200x200.jpg 200w, https:\/\/www.cuchillalia.com\/wordpress\/wp-content\/uploads\/2015\/05\/cuchillalia-3-claveles-00235-recambio-cutter-18mm-100x100.jpg 100w, https:\/\/www.cuchillalia.com\/wordpress\/wp-content\/uploads\/2015\/05\/cuchillalia-3-claveles-00235-recambio-cutter-18mm-566x566.jpg 566w, https:\/\/www.cuchillalia.com\/wordpress\/wp-content\/uploads\/2015\/05\/cuchillalia-3-claveles-00235-recambio-cutter-18mm-150x150.jpg 150w, https:\/\/www.cuchillalia.com\/wordpress\/wp-content\/uploads\/2015\/05\/cuchillalia-3-claveles-00235-recambio-cutter-18mm-768x768.jpg 768w, https:\/\/www.cuchillalia.com\/wordpress\/wp-content\/uploads\/2015\/05\/cuchillalia-3-claveles-00235-recambio-cutter-18mm-1024x1024.jpg 1024w, https:\/\/www.cuchillalia.com\/wordpress\/wp-content\/uploads\/2015\/05\/cuchillalia-3-claveles-00235-recambio-cutter-18mm-600x600.jpg 600w, https:\/\/www.cuchillalia.com\/wordpress\/wp-content\/uploads\/2015\/05\/cuchillalia-3-claveles-00235-recambio-cutter-18mm-800x800.jpg 800w, https:\/\/www.cuchillalia.com\/wordpress\/wp-content\/uploads\/2015\/05\/cuchillalia-3-claveles-00235-recambio-cutter-18mm-400x400.jpg 400w, https:\/\/www.cuchillalia.com\/wordpress\/wp-content\/uploads\/2015\/05\/cuchillalia-3-claveles-00235-recambio-cutter-18mm-720x720.jpg 720w, https:\/\/www.cuchillalia.com\/wordpress\/wp-content\/uploads\/2015\/05\/cuchillalia-3-claveles-00235-recambio-cutter-18mm-360x360.jpg 360w, https:\/\/www.cuchillalia.com\/wordpress\/wp-content\/uploads\/2015\/05\/cuchillalia-3-claveles-00235-recambio-cutter-18mm.jpg 1600w\" sizes=\"(max-width: 300px) 100vw, 300px\"  alt=\"10 Hojas de recambio de ancho 18 mm para c\u00fater - 3 Claveles 235 - Cuchillalia\" width=\"300\" height=\"300\" class=\"attachment-shop_catalog wp-post-image size-300x300\"><\/div><\/div><\/a> \n\n\t<div class=\"details_product_item\"><div class=\"product_details\"><a href=\"https:\/\/www.cuchillalia.com\/en\/producto\/hojas-recambio-cuter-ancho-18mm-10-uds-3-claveles-235\/\" class=\"product_item_link\"><h3 class=\"product_archive_title\">Dispensador de 10 hojas de recambio para c\u00fater de ancho 18 mm &#8211; 3 Claveles 235<\/h3><\/a><\/div>\t\t\n\t<a href=\"https:\/\/www.cuchillalia.com\/en\/producto\/hojas-recambio-cuter-ancho-18mm-10-uds-3-claveles-235\/\"><div class=\"star-rating\" role=\"img\" aria-label=\"Rated 5 out of 5\"><span style=\"width:100%\">Rated <strong class=\"rating\">5<\/strong> out of 5<\/span><\/div><\/a>\n\t<span class=\"price\"><span class=\"woocommerce-Price-amount amount\"><bdi>3,19<span class=\"woocommerce-Price-currencySymbol\">&euro;<\/span><\/bdi><\/span><\/span>\n<div class=\"clearfix\"><\/div><\/div>\n\t<div class=\"product_action_wrap\"><a href=\"\/en\/wp-json\/wp\/v2\/product\/3855?add-to-cart=3867\" aria-describedby=\"woocommerce_loop_add_to_cart_link_describedby_3867\" data-quantity=\"1\" class=\"button product_type_simple add_to_cart_button ajax_add_to_cart\" data-product_id=\"3867\" data-product_sku=\"3C_00235\" aria-label=\"Add to cart: &ldquo;Dispensador de 10 hojas de recambio para c\u00fater de ancho 18 mm - 3 Claveles 235&rdquo;\" rel=\"nofollow\" data-success_message=\"&ldquo;Dispensador de 10 hojas de recambio para c\u00fater de ancho 18 mm - 3 Claveles 235&rdquo; has been added to your cart\" role=\"button\">Add to cart<\/a>\t<span id=\"woocommerce_loop_add_to_cart_link_describedby_3867\" class=\"screen-reader-text\">\n\t\t\t<\/span>\n\t\t\t<input type=\"hidden\" class=\"pmwProductId\" data-id=\"3867\">\n\t\t\t\t\t<script>\n\t\t\t(window.pmwDataLayer = window.pmwDataLayer || {}).products                = window.pmwDataLayer.products || {};\n\t\t\twindow.pmwDataLayer.products[3867] = {\"id\":\"3867\",\"sku\":\"3C_00235\",\"price\":3.1899999999999999,\"brand\":\"\",\"quantity\":1,\"dyn_r_ids\":{\"post_id\":\"3867\",\"sku\":\"3C_00235\",\"gpf\":\"woocommerce_gpf_3867\",\"gla\":\"gla_3867\"},\"is_variable\":false,\"type\":\"simple\",\"name\":\"Dispensador de 10 hojas de recambio para c\u00fater de ancho 18 mm - 3 Claveles 235\",\"category\":[\"Cuchillas de recambio para cuters\"],\"is_variation\":false};\n\t\t\t\t\twindow.pmw_product_position = window.pmw_product_position || 1;\n\t\twindow.pmwDataLayer.products[3867]['position'] = window.pmw_product_position++;\n\t\t\t\t<\/script>\n\t\t<\/div><\/div><\/li><\/ul>\n<\/div>\n","protected":false},"excerpt":{"rendered":"<p><strong>Cutter met\u00e1lico con mango ergon\u00f3mico<\/strong> de Nylon y ABS, <strong>3 Claveles<\/strong>, referencia <strong>209<\/strong>. <em>Bloqueo autom\u00e1tico<\/em> de la hoja (<em>Auto Lock<\/em>). Hojas de 18 mm de ancho. Incluye 6 hojas de recambio con 8 divisiones cada una.&hellip; <a class=\"kt-excerpt-readmore more-link\" href=\"https:\/\/www.cuchillalia.com\/en\/producto\/cutter-metalico-cuchilla-18mm-3-claveles-209\/\" aria-label=\"C\u00fater met\u00e1lico con cuchilla de 18 mm y seguro &#8211; 3 Claveles 209\">Read More<\/a><\/p>\n","protected":false},"featured_media":7562,"comment_status":"open","ping_status":"closed","template":"","meta":[],"product_brand":[],"product_cat":[8275],"product_tag":[],"class_list":{"0":"post-3855","1":"product","2":"type-product","3":"status-publish","4":"has-post-thumbnail","6":"product_cat-cuters","8":"first","9":"instock","10":"taxable","11":"shipping-taxable","12":"purchasable","13":"product-type-simple"},"yoast_head":"<!-- This site is optimized with the Yoast SEO plugin v27.5 - https:\/\/yoast.com\/product\/yoast-seo-wordpress\/ -->\n<title>C\u00fatter de metal, nylon y ABS con 6 cuchillas de 18mm | Cuchillalia.com<\/title>\n<meta name=\"description\" content=\"C\u00fater met\u00e1lico, mango ergon\u00f3mico de Nylon\/ABS. Bloqueo autom\u00e1tico de la hoja (Auto Lock). Hojas de 18 mm de ancho divisibles. Incluye 6 hojas\" \/>\n<meta name=\"robots\" content=\"index, follow, max-snippet:-1, max-image-preview:large, max-video-preview:-1\" \/>\n<link rel=\"canonical\" href=\"https:\/\/www.cuchillalia.com\/producto\/cutter-metalico-cuchilla-18mm-3-claveles-209\/\" \/>\n<meta property=\"og:locale\" content=\"en_US\" \/>\n<meta property=\"og:type\" content=\"article\" \/>\n<meta property=\"og:title\" content=\"C\u00fatter de metal, nylon y ABS con 6 cuchillas de 18mm | Cuchillalia.com\" \/>\n<meta property=\"og:description\" content=\"C\u00fater met\u00e1lico, mango ergon\u00f3mico de Nylon\/ABS. Bloqueo autom\u00e1tico de la hoja (Auto Lock). Hojas de 18 mm de ancho divisibles. Incluye 6 hojas\" \/>\n<meta property=\"og:url\" content=\"https:\/\/www.cuchillalia.com\/producto\/cutter-metalico-cuchilla-18mm-3-claveles-209\/\" \/>\n<meta property=\"og:site_name\" content=\"Cuchillalia.com\" \/>\n<meta property=\"article:publisher\" content=\"http:\/\/www.facebook.com\/cuchillalia\" \/>\n<meta property=\"article:modified_time\" content=\"2026-01-24T23:00:07+00:00\" \/>\n<meta property=\"og:image\" content=\"https:\/\/www.cuchillalia.com\/wordpress\/wp-content\/uploads\/2015\/05\/cuchillalia-3-claveles-00209-cutter-18mm.jpg\" \/>\n\t<meta property=\"og:image:width\" content=\"1600\" \/>\n\t<meta property=\"og:image:height\" content=\"1600\" \/>\n\t<meta property=\"og:image:type\" content=\"image\/jpeg\" \/>\n<meta name=\"twitter:card\" content=\"summary_large_image\" \/>\n<meta name=\"twitter:site\" content=\"@Cuchillalia\" \/>\n<meta name=\"twitter:label1\" content=\"Est. reading time\" \/>\n\t<meta name=\"twitter:data1\" content=\"1 minute\" \/>\n<!-- \/ Yoast SEO plugin. -->","yoast_head_json":{"title":"C\u00fatter de metal, nylon y ABS con 6 cuchillas de 18mm | Cuchillalia.com","description":"C\u00fater met\u00e1lico, mango ergon\u00f3mico de Nylon\/ABS. Bloqueo autom\u00e1tico de la hoja (Auto Lock). Hojas de 18 mm de ancho divisibles. Incluye 6 hojas","robots":{"index":"index","follow":"follow","max-snippet":"max-snippet:-1","max-image-preview":"max-image-preview:large","max-video-preview":"max-video-preview:-1"},"canonical":"https:\/\/www.cuchillalia.com\/producto\/cutter-metalico-cuchilla-18mm-3-claveles-209\/","og_locale":"en_US","og_type":"article","og_title":"C\u00fatter de metal, nylon y ABS con 6 cuchillas de 18mm | Cuchillalia.com","og_description":"C\u00fater met\u00e1lico, mango ergon\u00f3mico de Nylon\/ABS. Bloqueo autom\u00e1tico de la hoja (Auto Lock). Hojas de 18 mm de ancho divisibles. Incluye 6 hojas","og_url":"https:\/\/www.cuchillalia.com\/producto\/cutter-metalico-cuchilla-18mm-3-claveles-209\/","og_site_name":"Cuchillalia.com","article_publisher":"http:\/\/www.facebook.com\/cuchillalia","article_modified_time":"2026-01-24T23:00:07+00:00","og_image":[{"width":1600,"height":1600,"url":"https:\/\/www.cuchillalia.com\/wordpress\/wp-content\/uploads\/2015\/05\/cuchillalia-3-claveles-00209-cutter-18mm.jpg","type":"image\/jpeg"}],"twitter_card":"summary_large_image","twitter_site":"@Cuchillalia","twitter_misc":{"Est. reading time":"1 minute"},"schema":{"@context":"https:\/\/schema.org","@graph":[{"@type":"WebPage","@id":"https:\/\/www.cuchillalia.com\/producto\/cutter-metalico-cuchilla-18mm-3-claveles-209\/","url":"https:\/\/www.cuchillalia.com\/producto\/cutter-metalico-cuchilla-18mm-3-claveles-209\/","name":"C\u00fatter de metal, nylon y ABS con 6 cuchillas de 18mm | Cuchillalia.com","isPartOf":{"@id":"https:\/\/www.cuchillalia.com\/#website"},"primaryImageOfPage":{"@id":"https:\/\/www.cuchillalia.com\/producto\/cutter-metalico-cuchilla-18mm-3-claveles-209\/#primaryimage"},"image":{"@id":"https:\/\/www.cuchillalia.com\/producto\/cutter-metalico-cuchilla-18mm-3-claveles-209\/#primaryimage"},"thumbnailUrl":"https:\/\/www.cuchillalia.com\/wordpress\/wp-content\/uploads\/2015\/05\/cuchillalia-3-claveles-00209-cutter-18mm.jpg","datePublished":"2015-05-25T22:00:00+00:00","dateModified":"2026-01-24T23:00:07+00:00","description":"C\u00fater met\u00e1lico, mango ergon\u00f3mico de Nylon\/ABS. Bloqueo autom\u00e1tico de la hoja (Auto Lock). Hojas de 18 mm de ancho divisibles. Incluye 6 hojas","breadcrumb":{"@id":"https:\/\/www.cuchillalia.com\/producto\/cutter-metalico-cuchilla-18mm-3-claveles-209\/#breadcrumb"},"inLanguage":"en-US","potentialAction":[{"@type":"ReadAction","target":["https:\/\/www.cuchillalia.com\/producto\/cutter-metalico-cuchilla-18mm-3-claveles-209\/"]}]},{"@type":"ImageObject","inLanguage":"en-US","@id":"https:\/\/www.cuchillalia.com\/producto\/cutter-metalico-cuchilla-18mm-3-claveles-209\/#primaryimage","url":"https:\/\/www.cuchillalia.com\/wordpress\/wp-content\/uploads\/2015\/05\/cuchillalia-3-claveles-00209-cutter-18mm.jpg","contentUrl":"https:\/\/www.cuchillalia.com\/wordpress\/wp-content\/uploads\/2015\/05\/cuchillalia-3-claveles-00209-cutter-18mm.jpg","width":1600,"height":1600,"caption":"Cuchillalia - Cutter Metal-Nylon \/ ABS Cuchilla 18 mm - Cierre de Seguridad - 3 Claveles 209"},{"@type":"BreadcrumbList","@id":"https:\/\/www.cuchillalia.com\/producto\/cutter-metalico-cuchilla-18mm-3-claveles-209\/#breadcrumb","itemListElement":[{"@type":"ListItem","position":1,"name":"Cuchillalia","item":"https:\/\/www.cuchillalia.com\/en\/"},{"@type":"ListItem","position":2,"name":"Tienda","item":"https:\/\/www.cuchillalia.com\/tienda\/"},{"@type":"ListItem","position":3,"name":"Herramientas","item":"https:\/\/www.cuchillalia.com\/categoria\/herramientas\/"},{"@type":"ListItem","position":4,"name":"Cuters","item":"https:\/\/www.cuchillalia.com\/categoria\/herramientas\/cuters\/"},{"@type":"ListItem","position":5,"name":"C\u00fater met\u00e1lico con cuchilla de 18 mm y seguro &#8211; 3 Claveles 209"}]},{"@type":"WebSite","@id":"https:\/\/www.cuchillalia.com\/#website","url":"https:\/\/www.cuchillalia.com\/","name":"Cuchillalia.com","description":"","publisher":{"@id":"https:\/\/www.cuchillalia.com\/#organization"},"potentialAction":[{"@type":"SearchAction","target":{"@type":"EntryPoint","urlTemplate":"https:\/\/www.cuchillalia.com\/?s={search_term_string}"},"query-input":{"@type":"PropertyValueSpecification","valueRequired":true,"valueName":"search_term_string"}}],"inLanguage":"en-US"},{"@type":"Organization","@id":"https:\/\/www.cuchillalia.com\/#organization","name":"Cuchillalia","url":"https:\/\/www.cuchillalia.com\/","logo":{"@type":"ImageObject","inLanguage":"en-US","@id":"https:\/\/www.cuchillalia.com\/#\/schema\/logo\/image\/","url":"https:\/\/www.cuchillalia.com\/wordpress\/wp-content\/uploads\/2021\/03\/logo-cuchillalia-jpg.jpg","contentUrl":"https:\/\/www.cuchillalia.com\/wordpress\/wp-content\/uploads\/2021\/03\/logo-cuchillalia-jpg.jpg","width":276,"height":192,"caption":"Cuchillalia"},"image":{"@id":"https:\/\/www.cuchillalia.com\/#\/schema\/logo\/image\/"},"sameAs":["http:\/\/www.facebook.com\/cuchillalia","https:\/\/x.com\/Cuchillalia"]}]}},"_links":{"self":[{"href":"https:\/\/www.cuchillalia.com\/en\/wp-json\/wp\/v2\/product\/3855","targetHints":{"allow":["GET"]}}],"collection":[{"href":"https:\/\/www.cuchillalia.com\/en\/wp-json\/wp\/v2\/product"}],"about":[{"href":"https:\/\/www.cuchillalia.com\/en\/wp-json\/wp\/v2\/types\/product"}],"replies":[{"embeddable":true,"href":"https:\/\/www.cuchillalia.com\/en\/wp-json\/wp\/v2\/comments?post=3855"}],"wp:featuredmedia":[{"embeddable":true,"href":"https:\/\/www.cuchillalia.com\/en\/wp-json\/wp\/v2\/media\/7562"}],"wp:attachment":[{"href":"https:\/\/www.cuchillalia.com\/en\/wp-json\/wp\/v2\/media?parent=3855"}],"wp:term":[{"taxonomy":"product_brand","embeddable":true,"href":"https:\/\/www.cuchillalia.com\/en\/wp-json\/wp\/v2\/product_brand?post=3855"},{"taxonomy":"product_cat","embeddable":true,"href":"https:\/\/www.cuchillalia.com\/en\/wp-json\/wp\/v2\/product_cat?post=3855"},{"taxonomy":"product_tag","embeddable":true,"href":"https:\/\/www.cuchillalia.com\/en\/wp-json\/wp\/v2\/product_tag?post=3855"}],"curies":[{"name":"wp","href":"https:\/\/api.w.org\/{rel}","templated":true}]}}