{"id":3842,"date":"2015-05-26T00:00:00","date_gmt":"2015-05-25T22:00:00","guid":{"rendered":"http:\/\/www.cuchillalia.com\/?post_type=product&#038;p=3842"},"modified":"2026-01-28T00:50:51","modified_gmt":"2026-01-27T23:50:51","slug":"3-claveles-12217-pinza-depilar-ancha-negra-8cm","status":"publish","type":"product","link":"https:\/\/www.cuchillalia.com\/en\/producto\/3-claveles-12217-pinza-depilar-ancha-negra-8cm\/","title":{"rendered":"Pinzas de depilar anchas negras de 8 cm &#8211; 3 Claveles 12217"},"content":{"rendered":"<h2>Tabla de caracter\u00edsticas Pinza Depilar Ancha Negra 3 Claveles 12217<\/h2>\n<div class=\"tabla-caracteristicas\">\n<div class=\"fila\"><span class=\"etiqueta\">Nombre comercial:<\/span><span class=\"valor\"><strong>Pinza de depilar ancha<\/strong><\/span><\/div>\n<div class=\"fila\"><span class=\"etiqueta\">Fabricante:<\/span><span class=\"valor\">3 Claveles<\/span><\/div>\n<div class=\"fila\"><span class=\"etiqueta\">Referencia del fabricante:<\/span><span class=\"valor\">12217<\/span><\/div>\n<div class=\"fila\"><span class=\"etiqueta\">Acabado:<\/span><span class=\"valor\">Color negro<\/span><\/div>\n<div class=\"fila\"><span class=\"etiqueta\">Medidas:<\/span><span class=\"valor\">8 cm<\/span><\/div>\n<div class=\"fila\"><span class=\"etiqueta\">Material:<\/span><span class=\"valor\">Acero al Carbono<\/span><\/div>\n<div class=\"fila\"><span class=\"etiqueta\">Presentaci\u00f3n del producto:<\/span><span class=\"valor\">Blister de pl\u00e1stico<\/span><\/div>\n<div class=\"fila\"><span class=\"etiqueta\">C\u00f3digo de barras (GTIN):<\/span><span class=\"valor\">8410990122170<\/span><\/div>\n<div class=\"fila\"><span class=\"etiqueta\">Observaciones:<\/span><span class=\"valor\">&#8211; La punta ancha facilita un buen agarre al pelo.<\/span><\/div>\n<\/div>\n","protected":false},"excerpt":{"rendered":"<p>Tabla de caracter\u00edsticas Pinza Depilar Ancha Negra 3 Claveles 12217 Nombre comercial:Pinza de depilar ancha Fabricante:3 Claveles Referencia del fabricante:12217 Acabado:Color negro Medidas:8 cm Material:Acero al Carbono Presentaci\u00f3n del producto:Blister de pl\u00e1stico C\u00f3digo de barras (GTIN):8410990122170 Observaciones:&#8211; La punta ancha &hellip; <a class=\"kt-excerpt-readmore more-link\" href=\"https:\/\/www.cuchillalia.com\/en\/producto\/3-claveles-12217-pinza-depilar-ancha-negra-8cm\/\" aria-label=\"Pinzas de depilar anchas negras de 8 cm &#8211; 3 Claveles 12217\">Read More<\/a><\/p>\n","protected":false},"featured_media":13582,"comment_status":"open","ping_status":"closed","template":"","meta":[],"product_brand":[],"product_cat":[8332],"product_tag":[],"class_list":{"0":"post-3842","1":"product","2":"type-product","3":"status-publish","4":"has-post-thumbnail","6":"product_cat-pinzas-depilar","8":"first","9":"instock","10":"taxable","11":"shipping-taxable","12":"purchasable","13":"product-type-simple"},"yoast_head":"<!-- This site is optimized with the Yoast SEO plugin v27.5 - https:\/\/yoast.com\/product\/yoast-seo-wordpress\/ -->\n<title>Pinza de Depilar Ancha Negra 8cm - 3 Claveles 12217 - Cuchillalia<\/title>\n<meta name=\"description\" content=\"Pinza de depilar ancha, recta, de color negro, fabricada por 3 Claveles, referencia 12217, acero inoxidable, presentada en display.\" \/>\n<meta name=\"robots\" content=\"index, follow, max-snippet:-1, max-image-preview:large, max-video-preview:-1\" \/>\n<link rel=\"canonical\" href=\"https:\/\/www.cuchillalia.com\/producto\/3-claveles-12217-pinza-depilar-ancha-negra-8cm\/\" \/>\n<meta property=\"og:locale\" content=\"en_US\" \/>\n<meta property=\"og:type\" content=\"article\" \/>\n<meta property=\"og:title\" content=\"Pinza de Depilar Ancha Negra 8cm - 3 Claveles 12217 - Cuchillalia\" \/>\n<meta property=\"og:description\" content=\"Pinza de depilar ancha, recta, de color negro, fabricada por 3 Claveles, referencia 12217, acero inoxidable, presentada en display.\" \/>\n<meta property=\"og:url\" content=\"https:\/\/www.cuchillalia.com\/producto\/3-claveles-12217-pinza-depilar-ancha-negra-8cm\/\" \/>\n<meta property=\"og:site_name\" content=\"Cuchillalia.com\" \/>\n<meta property=\"article:publisher\" content=\"http:\/\/www.facebook.com\/cuchillalia\" \/>\n<meta property=\"article:modified_time\" content=\"2026-01-27T23:50:51+00:00\" \/>\n<meta property=\"og:image\" content=\"https:\/\/www.cuchillalia.com\/wordpress\/wp-content\/uploads\/2015\/05\/cuchillalia-3-claveles-12217-pinza-depilar-ancha-negra.jpg\" \/>\n\t<meta property=\"og:image:width\" content=\"1029\" \/>\n\t<meta property=\"og:image:height\" content=\"1029\" \/>\n\t<meta property=\"og:image:type\" content=\"image\/jpeg\" \/>\n<meta name=\"twitter:card\" content=\"summary_large_image\" \/>\n<meta name=\"twitter:site\" content=\"@Cuchillalia\" \/>\n<meta name=\"twitter:label1\" content=\"Est. reading time\" \/>\n\t<meta name=\"twitter:data1\" content=\"1 minute\" \/>\n<!-- \/ Yoast SEO plugin. -->","yoast_head_json":{"title":"Pinza de Depilar Ancha Negra 8cm - 3 Claveles 12217 - Cuchillalia","description":"Pinza de depilar ancha, recta, de color negro, fabricada por 3 Claveles, referencia 12217, acero inoxidable, presentada en display.","robots":{"index":"index","follow":"follow","max-snippet":"max-snippet:-1","max-image-preview":"max-image-preview:large","max-video-preview":"max-video-preview:-1"},"canonical":"https:\/\/www.cuchillalia.com\/producto\/3-claveles-12217-pinza-depilar-ancha-negra-8cm\/","og_locale":"en_US","og_type":"article","og_title":"Pinza de Depilar Ancha Negra 8cm - 3 Claveles 12217 - Cuchillalia","og_description":"Pinza de depilar ancha, recta, de color negro, fabricada por 3 Claveles, referencia 12217, acero inoxidable, presentada en display.","og_url":"https:\/\/www.cuchillalia.com\/producto\/3-claveles-12217-pinza-depilar-ancha-negra-8cm\/","og_site_name":"Cuchillalia.com","article_publisher":"http:\/\/www.facebook.com\/cuchillalia","article_modified_time":"2026-01-27T23:50:51+00:00","og_image":[{"width":1029,"height":1029,"url":"https:\/\/www.cuchillalia.com\/wordpress\/wp-content\/uploads\/2015\/05\/cuchillalia-3-claveles-12217-pinza-depilar-ancha-negra.jpg","type":"image\/jpeg"}],"twitter_card":"summary_large_image","twitter_site":"@Cuchillalia","twitter_misc":{"Est. reading time":"1 minute"},"schema":{"@context":"https:\/\/schema.org","@graph":[{"@type":"WebPage","@id":"https:\/\/www.cuchillalia.com\/producto\/3-claveles-12217-pinza-depilar-ancha-negra-8cm\/","url":"https:\/\/www.cuchillalia.com\/producto\/3-claveles-12217-pinza-depilar-ancha-negra-8cm\/","name":"Pinza de Depilar Ancha Negra 8cm - 3 Claveles 12217 - Cuchillalia","isPartOf":{"@id":"https:\/\/www.cuchillalia.com\/#website"},"primaryImageOfPage":{"@id":"https:\/\/www.cuchillalia.com\/producto\/3-claveles-12217-pinza-depilar-ancha-negra-8cm\/#primaryimage"},"image":{"@id":"https:\/\/www.cuchillalia.com\/producto\/3-claveles-12217-pinza-depilar-ancha-negra-8cm\/#primaryimage"},"thumbnailUrl":"https:\/\/www.cuchillalia.com\/wordpress\/wp-content\/uploads\/2015\/05\/cuchillalia-3-claveles-12217-pinza-depilar-ancha-negra.jpg","datePublished":"2015-05-25T22:00:00+00:00","dateModified":"2026-01-27T23:50:51+00:00","description":"Pinza de depilar ancha, recta, de color negro, fabricada por 3 Claveles, referencia 12217, acero inoxidable, presentada en display.","breadcrumb":{"@id":"https:\/\/www.cuchillalia.com\/producto\/3-claveles-12217-pinza-depilar-ancha-negra-8cm\/#breadcrumb"},"inLanguage":"en-US","potentialAction":[{"@type":"ReadAction","target":["https:\/\/www.cuchillalia.com\/producto\/3-claveles-12217-pinza-depilar-ancha-negra-8cm\/"]}]},{"@type":"ImageObject","inLanguage":"en-US","@id":"https:\/\/www.cuchillalia.com\/producto\/3-claveles-12217-pinza-depilar-ancha-negra-8cm\/#primaryimage","url":"https:\/\/www.cuchillalia.com\/wordpress\/wp-content\/uploads\/2015\/05\/cuchillalia-3-claveles-12217-pinza-depilar-ancha-negra.jpg","contentUrl":"https:\/\/www.cuchillalia.com\/wordpress\/wp-content\/uploads\/2015\/05\/cuchillalia-3-claveles-12217-pinza-depilar-ancha-negra.jpg","width":1029,"height":1029,"caption":"Pinza de Depilar Ancha Negra 8cm - 3 Claveles 12217 - Cuchillalia"},{"@type":"BreadcrumbList","@id":"https:\/\/www.cuchillalia.com\/producto\/3-claveles-12217-pinza-depilar-ancha-negra-8cm\/#breadcrumb","itemListElement":[{"@type":"ListItem","position":1,"name":"Cuchillalia","item":"https:\/\/www.cuchillalia.com\/en\/"},{"@type":"ListItem","position":2,"name":"Tienda","item":"https:\/\/www.cuchillalia.com\/tienda\/"},{"@type":"ListItem","position":3,"name":"Cuidado personal","item":"https:\/\/www.cuchillalia.com\/categoria\/cuidado-personal\/"},{"@type":"ListItem","position":4,"name":"Pinzas de depilar","item":"https:\/\/www.cuchillalia.com\/categoria\/cuidado-personal\/pinzas-depilar\/"},{"@type":"ListItem","position":5,"name":"Pinzas de depilar anchas negras de 8 cm &#8211; 3 Claveles 12217"}]},{"@type":"WebSite","@id":"https:\/\/www.cuchillalia.com\/#website","url":"https:\/\/www.cuchillalia.com\/","name":"Cuchillalia.com","description":"","publisher":{"@id":"https:\/\/www.cuchillalia.com\/#organization"},"potentialAction":[{"@type":"SearchAction","target":{"@type":"EntryPoint","urlTemplate":"https:\/\/www.cuchillalia.com\/?s={search_term_string}"},"query-input":{"@type":"PropertyValueSpecification","valueRequired":true,"valueName":"search_term_string"}}],"inLanguage":"en-US"},{"@type":"Organization","@id":"https:\/\/www.cuchillalia.com\/#organization","name":"Cuchillalia","url":"https:\/\/www.cuchillalia.com\/","logo":{"@type":"ImageObject","inLanguage":"en-US","@id":"https:\/\/www.cuchillalia.com\/#\/schema\/logo\/image\/","url":"https:\/\/www.cuchillalia.com\/wordpress\/wp-content\/uploads\/2021\/03\/logo-cuchillalia-jpg.jpg","contentUrl":"https:\/\/www.cuchillalia.com\/wordpress\/wp-content\/uploads\/2021\/03\/logo-cuchillalia-jpg.jpg","width":276,"height":192,"caption":"Cuchillalia"},"image":{"@id":"https:\/\/www.cuchillalia.com\/#\/schema\/logo\/image\/"},"sameAs":["http:\/\/www.facebook.com\/cuchillalia","https:\/\/x.com\/Cuchillalia"]}]}},"_links":{"self":[{"href":"https:\/\/www.cuchillalia.com\/en\/wp-json\/wp\/v2\/product\/3842","targetHints":{"allow":["GET"]}}],"collection":[{"href":"https:\/\/www.cuchillalia.com\/en\/wp-json\/wp\/v2\/product"}],"about":[{"href":"https:\/\/www.cuchillalia.com\/en\/wp-json\/wp\/v2\/types\/product"}],"replies":[{"embeddable":true,"href":"https:\/\/www.cuchillalia.com\/en\/wp-json\/wp\/v2\/comments?post=3842"}],"wp:featuredmedia":[{"embeddable":true,"href":"https:\/\/www.cuchillalia.com\/en\/wp-json\/wp\/v2\/media\/13582"}],"wp:attachment":[{"href":"https:\/\/www.cuchillalia.com\/en\/wp-json\/wp\/v2\/media?parent=3842"}],"wp:term":[{"taxonomy":"product_brand","embeddable":true,"href":"https:\/\/www.cuchillalia.com\/en\/wp-json\/wp\/v2\/product_brand?post=3842"},{"taxonomy":"product_cat","embeddable":true,"href":"https:\/\/www.cuchillalia.com\/en\/wp-json\/wp\/v2\/product_cat?post=3842"},{"taxonomy":"product_tag","embeddable":true,"href":"https:\/\/www.cuchillalia.com\/en\/wp-json\/wp\/v2\/product_tag?post=3842"}],"curies":[{"name":"wp","href":"https:\/\/api.w.org\/{rel}","templated":true}]}}