{"id":35889,"date":"2018-02-23T11:04:42","date_gmt":"2018-02-23T10:04:42","guid":{"rendered":"https:\/\/www.cuchillalia.com\/?post_type=product&#038;p=35889"},"modified":"2026-03-20T13:01:07","modified_gmt":"2026-03-20T12:01:07","slug":"cuchillo-lunch-perlado-dentado-arcos-toscana-570200","status":"publish","type":"product","link":"https:\/\/www.cuchillalia.com\/en\/producto\/cuchillo-lunch-perlado-dentado-arcos-toscana-570200\/","title":{"rendered":"Cuchillo lunch perlado \/ dentado &#8211; Arcos Toscana 570200"},"content":{"rendered":"<h2>Tabla de caracter\u00edsticas cuchillo lunch Arcos Toscana<\/h2>\n<div class='tabla-caracteristicas'>\n<div class='fila'><span class='etiqueta'>Nombre comercial:<\/span><span class='valor'><strong>Cuchillo lunch (perlado) Toscana<\/strong><\/span><\/div>\n<div class='fila'><span class='etiqueta'>Fabricante:<\/span><span class='valor'>Arcos<\/span><\/div>\n<div class='fila'><span class='etiqueta'>Referencia del fabricante:<\/span><span class='valor'>570200<\/span><\/div>\n<div class='fila'><span class='etiqueta'>Longitud de la hoja:<\/span><span class='valor'>8,5 cm<\/span><\/div>\n<div class='fila'><span class='etiqueta'>Longitud total:<\/span><span class='valor'>18,5 cm<\/span><\/div>\n<div class='fila'><span class='etiqueta'>Tipo de hoja:<\/span><span class='valor'>Filo perlado \/ dentado<\/span><\/div>\n<div class='fila'><span class='etiqueta'>Material del mango:<\/span><span class='valor'>Met\u00e1lico <\/span><\/div>\n<div class='fila'><span class='etiqueta'>Material:<\/span><span class='valor'>Acero inoxidable 18\/10<\/span><\/div>\n<div class='fila'><span class='etiqueta'>\u00bfEs apto para zurdos?:<\/span><span class='valor'>Para diestros y zurdos<\/span><\/div>\n<div class='fila'><span class='etiqueta'>\u00bfEs apto para el lavavajillas?:<\/span><span class='valor'>Si<\/span><\/div>\n<div class='fila'><span class='etiqueta'>\u00bfDonde se fabrica?:<\/span><span class='valor'>Espa\u00f1a<\/span><\/div>\n<div class='fila'><span class='etiqueta'>\u00bfQu\u00e9 garant\u00eda tiene?:<\/span><span class='valor'>10 a\u00f1os contra todo defecto de fabricaci\u00f3n, siempre que del producto se haga un uso racional para el cual ha sido fabricado.<\/span><\/div>\n<div class='fila'><span class='etiqueta'>C\u00f3digo de barras (GTIN):<\/span><span class='valor'>8421002570209<\/span><\/div>\n<div class='fila'><span class='etiqueta'>Observaciones:<\/span><span class='valor'>&#8211; Cubierto fabricado en una sola pieza maciza (Monoblock), junto al mango, en acero martens\u00edtico inoxidable, de alto contenido en cromo. Este acero tiene una alta rigidez y durabilidad.<br \/>\n&#8211; Acero resistente a la corrosi\u00f3n y al lavavajillas.<br \/>\n&#8211; El perlado (dentado) del cuchillo se realiza despu\u00e9s del mecanizado, lo que le da un mayor poder de corte.<\/span><\/div>\n<\/div>\n<h3>Comparativa del tama\u00f1o del cuchillo lunch Arcos Toscana<\/h3>\n<p>A veces es dif\u00edcil elegir un cubierto si solo tienes la medida del largo. Como dicen que una imagen vale m\u00e1s que 1000 palabras, en Cuchillalia.com te lo ponemos m\u00e1s f\u00e1cil con la comparativa de tama\u00f1os de todos los <a href='https:\/\/www.cuchillalia.com\/categoria\/marcas\/arcos\/cubiertos-arcos\/toscana\/'><strong>cubiertos de la serie Toscana de Arcos<\/strong><\/a> con un par de objetos que todos tenemos en casa, un bol\u00edgrafo o una lata de refresco:<\/p>\n<p><img class='aligncenter wp-image-159881 size-full' title='Comparativa del tama\u00f1o del cuchillo lunch con resto serie Arcos Toscana' src='https:\/\/www.cuchillalia.com\/wordpress\/wp-content\/uploads\/2018\/02\/comparativa-tamanos-cubiertos-arcos-toscana-570200.jpg' alt='Comparativa del tama\u00f1o del cuchillo lunch con resto serie Arcos Toscana' width='1024' height='596' \/><\/p>\n","protected":false},"excerpt":{"rendered":"<p><strong>Cuchillo lunch dentado<\/strong> de <strong>Arcos<\/strong>, serie <strong>Toscana<\/strong>, referencia <strong>570200<\/strong>. Hoja y mango en una pieza de acero inoxidable. Se venden unidades sueltas o en cajas de 12 cuchillos.&hellip; <a class=\"kt-excerpt-readmore more-link\" href=\"https:\/\/www.cuchillalia.com\/en\/producto\/cuchillo-lunch-perlado-dentado-arcos-toscana-570200\/\" aria-label=\"Cuchillo lunch perlado \/ dentado &#8211; Arcos Toscana 570200\">Read More<\/a><\/p>\n","protected":false},"featured_media":35839,"comment_status":"open","ping_status":"closed","template":"","meta":[],"product_brand":[],"product_cat":[8366,8792,8308],"product_tag":[],"class_list":{"0":"post-35889","1":"product","2":"type-product","3":"status-publish","4":"has-post-thumbnail","6":"product_cat-toscana","7":"product_cat-cuchillos-mesa","8":"product_cat-cuberteria-mesa","10":"first","11":"instock","12":"taxable","13":"shipping-taxable","14":"purchasable","15":"product-type-simple"},"yoast_head":"<!-- This site is optimized with the Yoast SEO plugin v27.5 - https:\/\/yoast.com\/product\/yoast-seo-wordpress\/ -->\n<title>Cuchillo lunch dentado\/perlado Arcos serie Toscana 570200 - Cuchillalia<\/title>\n<meta name=\"description\" content=\"Cuchillo lunch Arcos Toscana 570200, de 85 mm de hoja (185 mm en total), dentado\/perlado, con mango met\u00e1lico. Se venden unidades sueltas o cajas de 12.\" \/>\n<meta name=\"robots\" content=\"index, follow, max-snippet:-1, max-image-preview:large, max-video-preview:-1\" \/>\n<link rel=\"canonical\" href=\"https:\/\/www.cuchillalia.com\/producto\/cuchillo-lunch-perlado-dentado-arcos-toscana-570200\/\" \/>\n<meta property=\"og:locale\" content=\"en_US\" \/>\n<meta property=\"og:type\" content=\"article\" \/>\n<meta property=\"og:title\" content=\"Cuchillo lunch dentado\/perlado Arcos serie Toscana 570200 - Cuchillalia\" \/>\n<meta property=\"og:description\" content=\"Cuchillo lunch Arcos Toscana 570200, de 85 mm de hoja (185 mm en total), dentado\/perlado, con mango met\u00e1lico. Se venden unidades sueltas o cajas de 12.\" \/>\n<meta property=\"og:url\" content=\"https:\/\/www.cuchillalia.com\/producto\/cuchillo-lunch-perlado-dentado-arcos-toscana-570200\/\" \/>\n<meta property=\"og:site_name\" content=\"Cuchillalia.com\" \/>\n<meta property=\"article:publisher\" content=\"http:\/\/www.facebook.com\/cuchillalia\" \/>\n<meta property=\"article:modified_time\" content=\"2026-03-20T12:01:07+00:00\" \/>\n<meta property=\"og:image\" content=\"https:\/\/www.cuchillalia.com\/wordpress\/wp-content\/uploads\/2018\/02\/arcos-toscana-570200-cuchillo-lunch-perlado.jpg\" \/>\n\t<meta property=\"og:image:width\" content=\"1600\" \/>\n\t<meta property=\"og:image:height\" content=\"1600\" \/>\n\t<meta property=\"og:image:type\" content=\"image\/jpeg\" \/>\n<meta name=\"twitter:card\" content=\"summary_large_image\" \/>\n<meta name=\"twitter:site\" content=\"@Cuchillalia\" \/>\n<meta name=\"twitter:label1\" content=\"Est. reading time\" \/>\n\t<meta name=\"twitter:data1\" content=\"2 minutes\" \/>\n<!-- \/ Yoast SEO plugin. -->","yoast_head_json":{"title":"Cuchillo lunch dentado\/perlado Arcos serie Toscana 570200 - Cuchillalia","description":"Cuchillo lunch Arcos Toscana 570200, de 85 mm de hoja (185 mm en total), dentado\/perlado, con mango met\u00e1lico. Se venden unidades sueltas o cajas de 12.","robots":{"index":"index","follow":"follow","max-snippet":"max-snippet:-1","max-image-preview":"max-image-preview:large","max-video-preview":"max-video-preview:-1"},"canonical":"https:\/\/www.cuchillalia.com\/producto\/cuchillo-lunch-perlado-dentado-arcos-toscana-570200\/","og_locale":"en_US","og_type":"article","og_title":"Cuchillo lunch dentado\/perlado Arcos serie Toscana 570200 - Cuchillalia","og_description":"Cuchillo lunch Arcos Toscana 570200, de 85 mm de hoja (185 mm en total), dentado\/perlado, con mango met\u00e1lico. Se venden unidades sueltas o cajas de 12.","og_url":"https:\/\/www.cuchillalia.com\/producto\/cuchillo-lunch-perlado-dentado-arcos-toscana-570200\/","og_site_name":"Cuchillalia.com","article_publisher":"http:\/\/www.facebook.com\/cuchillalia","article_modified_time":"2026-03-20T12:01:07+00:00","og_image":[{"width":1600,"height":1600,"url":"https:\/\/www.cuchillalia.com\/wordpress\/wp-content\/uploads\/2018\/02\/arcos-toscana-570200-cuchillo-lunch-perlado.jpg","type":"image\/jpeg"}],"twitter_card":"summary_large_image","twitter_site":"@Cuchillalia","twitter_misc":{"Est. reading time":"2 minutes"},"schema":{"@context":"https:\/\/schema.org","@graph":[{"@type":"WebPage","@id":"https:\/\/www.cuchillalia.com\/producto\/cuchillo-lunch-perlado-dentado-arcos-toscana-570200\/","url":"https:\/\/www.cuchillalia.com\/producto\/cuchillo-lunch-perlado-dentado-arcos-toscana-570200\/","name":"Cuchillo lunch dentado\/perlado Arcos serie Toscana 570200 - Cuchillalia","isPartOf":{"@id":"https:\/\/www.cuchillalia.com\/#website"},"primaryImageOfPage":{"@id":"https:\/\/www.cuchillalia.com\/producto\/cuchillo-lunch-perlado-dentado-arcos-toscana-570200\/#primaryimage"},"image":{"@id":"https:\/\/www.cuchillalia.com\/producto\/cuchillo-lunch-perlado-dentado-arcos-toscana-570200\/#primaryimage"},"thumbnailUrl":"https:\/\/www.cuchillalia.com\/wordpress\/wp-content\/uploads\/2018\/02\/arcos-toscana-570200-cuchillo-lunch-perlado.jpg","datePublished":"2018-02-23T10:04:42+00:00","dateModified":"2026-03-20T12:01:07+00:00","description":"Cuchillo lunch Arcos Toscana 570200, de 85 mm de hoja (185 mm en total), dentado\/perlado, con mango met\u00e1lico. Se venden unidades sueltas o cajas de 12.","breadcrumb":{"@id":"https:\/\/www.cuchillalia.com\/producto\/cuchillo-lunch-perlado-dentado-arcos-toscana-570200\/#breadcrumb"},"inLanguage":"en-US","potentialAction":[{"@type":"ReadAction","target":["https:\/\/www.cuchillalia.com\/producto\/cuchillo-lunch-perlado-dentado-arcos-toscana-570200\/"]}]},{"@type":"ImageObject","inLanguage":"en-US","@id":"https:\/\/www.cuchillalia.com\/producto\/cuchillo-lunch-perlado-dentado-arcos-toscana-570200\/#primaryimage","url":"https:\/\/www.cuchillalia.com\/wordpress\/wp-content\/uploads\/2018\/02\/arcos-toscana-570200-cuchillo-lunch-perlado.jpg","contentUrl":"https:\/\/www.cuchillalia.com\/wordpress\/wp-content\/uploads\/2018\/02\/arcos-toscana-570200-cuchillo-lunch-perlado.jpg","width":1600,"height":1600,"caption":"Cuchillo Lunch perlado\/dentado - Arcos Toscana 570200 - Cuchillalia"},{"@type":"BreadcrumbList","@id":"https:\/\/www.cuchillalia.com\/producto\/cuchillo-lunch-perlado-dentado-arcos-toscana-570200\/#breadcrumb","itemListElement":[{"@type":"ListItem","position":1,"name":"Cuchillalia","item":"https:\/\/www.cuchillalia.com\/en\/"},{"@type":"ListItem","position":2,"name":"Tienda","item":"https:\/\/www.cuchillalia.com\/tienda\/"},{"@type":"ListItem","position":3,"name":"Marcas","item":"https:\/\/www.cuchillalia.com\/categoria\/marcas\/"},{"@type":"ListItem","position":4,"name":"Arcos","item":"https:\/\/www.cuchillalia.com\/categoria\/marcas\/arcos\/"},{"@type":"ListItem","position":5,"name":"Cubiertos Arcos","item":"https:\/\/www.cuchillalia.com\/categoria\/marcas\/arcos\/cubiertos-arcos\/"},{"@type":"ListItem","position":6,"name":"Cubiertos Arcos Toscana","item":"https:\/\/www.cuchillalia.com\/categoria\/marcas\/arcos\/cubiertos-arcos\/toscana\/"},{"@type":"ListItem","position":7,"name":"Cuchillo lunch perlado \/ dentado &#8211; Arcos Toscana 570200"}]},{"@type":"WebSite","@id":"https:\/\/www.cuchillalia.com\/#website","url":"https:\/\/www.cuchillalia.com\/","name":"Cuchillalia.com","description":"","publisher":{"@id":"https:\/\/www.cuchillalia.com\/#organization"},"potentialAction":[{"@type":"SearchAction","target":{"@type":"EntryPoint","urlTemplate":"https:\/\/www.cuchillalia.com\/?s={search_term_string}"},"query-input":{"@type":"PropertyValueSpecification","valueRequired":true,"valueName":"search_term_string"}}],"inLanguage":"en-US"},{"@type":"Organization","@id":"https:\/\/www.cuchillalia.com\/#organization","name":"Cuchillalia","url":"https:\/\/www.cuchillalia.com\/","logo":{"@type":"ImageObject","inLanguage":"en-US","@id":"https:\/\/www.cuchillalia.com\/#\/schema\/logo\/image\/","url":"https:\/\/www.cuchillalia.com\/wordpress\/wp-content\/uploads\/2021\/03\/logo-cuchillalia-jpg.jpg","contentUrl":"https:\/\/www.cuchillalia.com\/wordpress\/wp-content\/uploads\/2021\/03\/logo-cuchillalia-jpg.jpg","width":276,"height":192,"caption":"Cuchillalia"},"image":{"@id":"https:\/\/www.cuchillalia.com\/#\/schema\/logo\/image\/"},"sameAs":["http:\/\/www.facebook.com\/cuchillalia","https:\/\/x.com\/Cuchillalia"]}]}},"_links":{"self":[{"href":"https:\/\/www.cuchillalia.com\/en\/wp-json\/wp\/v2\/product\/35889","targetHints":{"allow":["GET"]}}],"collection":[{"href":"https:\/\/www.cuchillalia.com\/en\/wp-json\/wp\/v2\/product"}],"about":[{"href":"https:\/\/www.cuchillalia.com\/en\/wp-json\/wp\/v2\/types\/product"}],"replies":[{"embeddable":true,"href":"https:\/\/www.cuchillalia.com\/en\/wp-json\/wp\/v2\/comments?post=35889"}],"wp:featuredmedia":[{"embeddable":true,"href":"https:\/\/www.cuchillalia.com\/en\/wp-json\/wp\/v2\/media\/35839"}],"wp:attachment":[{"href":"https:\/\/www.cuchillalia.com\/en\/wp-json\/wp\/v2\/media?parent=35889"}],"wp:term":[{"taxonomy":"product_brand","embeddable":true,"href":"https:\/\/www.cuchillalia.com\/en\/wp-json\/wp\/v2\/product_brand?post=35889"},{"taxonomy":"product_cat","embeddable":true,"href":"https:\/\/www.cuchillalia.com\/en\/wp-json\/wp\/v2\/product_cat?post=35889"},{"taxonomy":"product_tag","embeddable":true,"href":"https:\/\/www.cuchillalia.com\/en\/wp-json\/wp\/v2\/product_tag?post=35889"}],"curies":[{"name":"wp","href":"https:\/\/api.w.org\/{rel}","templated":true}]}}