{"id":33025,"date":"2017-12-01T11:17:50","date_gmt":"2017-12-01T10:17:50","guid":{"rendered":"https:\/\/www.cuchillalia.com\/?post_type=product&#038;p=33025"},"modified":"2026-05-17T02:52:30","modified_gmt":"2026-05-17T00:52:30","slug":"pulidor-cuero-kai-45035020-mango-madera","status":"publish","type":"product","link":"https:\/\/www.cuchillalia.com\/en\/producto\/pulidor-cuero-kai-45035020-mango-madera\/","title":{"rendered":"Pulidor \/ asentador de cuero con mango de madera y crema &#8211; KAI"},"content":{"rendered":"<p>Set pulidor de cuero para cuchillos con mango de madera fabricado en Jap\u00f3n por KAI.<\/p>\n<p><strong>Crema de pulido:<\/strong> Con el fin de realizar un pulido \u00f3ptimo, el cuero debe ser frotado con la crema de pulir antes del uso. Aplicar la pasta con los dedos y extender uniformemente. Dejar secar durante 5 minutos. Despu\u00e9s de la primera aplicaci\u00f3n de base, la pasta de pulir no se volver\u00e1 a aplicar hasta que sea necesario, ya que esta primera vez es muy eficaz y duradera.<\/p>\n<p><strong>Cuero:<\/strong> El \u00e1ngulo de las pasadas de los cuchillos sobre el cuero es el mismo que para el afilado en las piedras. Pasar el cuchillo sobre el cuero varias veces en el sentido contrario al corte, con una ligera presi\u00f3n y cambiar de lado. Cada cara del cuchillo o navaja debe pasarse 10 a 12 veces.<\/p>\n<h2>Tabla de caracter\u00edsticas set pulidor de cuero KAI 45035020 con crema<\/h2>\n<div class='tabla-caracteristicas'>\n<div class='fila'><span class='etiqueta'>Nombre comercial:<\/span><span class='valor'><strong>Pulidor de cuero KAI<\/strong><\/span><\/div>\n<div class='fila'><span class='etiqueta'>Fabricante:<\/span><span class='valor'>KAI<\/span><\/div>\n<div class='fila'><span class='etiqueta'>Referencia del fabricante:<\/span><span class='valor'>45035020<\/span><\/div>\n<div class='fila'><span class='etiqueta'>Longitud de la hoja:<\/span><span class='valor'>20,5 cm<\/span><\/div>\n<div class='fila'><span class='etiqueta'>Longitud del mango:<\/span><span class='valor'>13 cm<\/span><\/div>\n<div class='fila'><span class='etiqueta'>Material de la hoja:<\/span><span class='valor'>Cuero<\/span><\/div>\n<div class='fila'><span class='etiqueta'>Material del mango:<\/span><span class='valor'>Madera<\/span><\/div>\n<div class='fila'><span class='etiqueta'>Medidas:<\/span><span class='valor'>Pulidor de cuero:     34x4x1,7 cm<br \/>\nEmbalaje:     35,2x5x4,6 cm<\/span><\/div>\n<div class='fila'><span class='etiqueta'>Peso del producto:<\/span><span class='valor'>Pulidor de cuero:     140 g<\/span><\/div>\n<div class='fila'><span class='etiqueta'>Presentaci\u00f3n del producto:<\/span><span class='valor'>Caja para regalo<\/span><\/div>\n<div class='fila'><span class='etiqueta'>\u00bfEs apto para el lavavajillas?:<\/span><span class='valor'>No<\/span><\/div>\n<div class='fila'><span class='etiqueta'>\u00bfDonde se fabrica?:<\/span><span class='valor'>Jap\u00f3n<\/span><\/div>\n<div class='fila'><span class='etiqueta'>\u00bfQu\u00e9 garant\u00eda tiene?:<\/span><span class='valor'>10 a\u00f1os contra todo defecto de fabricaci\u00f3n, siempre que del producto se haga un uso racional para el cual ha sido fabricado.<\/span><\/div>\n<div class='fila'><span class='etiqueta'>C\u00f3digo de barras (GTIN):<\/span><span class='valor'>4260163215000<\/span><\/div>\n<div class='fila'><span class='etiqueta'>Observaciones:<\/span><span class='valor'>&#8211; El kit incluye tubo con crema de pulido.<\/span><\/div>\n<\/div>\n","protected":false},"excerpt":{"rendered":"<p><strong>Set de pulidor \/ asentador de cuero y pasta de pulir<\/strong>\u00a0con mango de madera, de <strong>KAI 45035020<\/strong>, en elegante caja negra.&hellip; <a class=\"kt-excerpt-readmore more-link\" href=\"https:\/\/www.cuchillalia.com\/en\/producto\/pulidor-cuero-kai-45035020-mango-madera\/\" aria-label=\"Pulidor \/ asentador de cuero con mango de madera y crema &#8211; KAI\">Read More<\/a><\/p>\n","protected":false},"featured_media":33027,"comment_status":"open","ping_status":"closed","template":"","meta":[],"product_brand":[],"product_cat":[8380,8381,8329],"product_tag":[],"class_list":{"0":"post-33025","1":"product","2":"type-product","3":"status-publish","4":"has-post-thumbnail","6":"product_cat-accesorios-kai","7":"product_cat-piedras-afilar-kai","8":"product_cat-piedras-afilar","10":"first","11":"instock","12":"taxable","13":"shipping-taxable","14":"purchasable","15":"product-type-simple"},"yoast_head":"<!-- This site is optimized with the Yoast SEO plugin v27.5 - https:\/\/yoast.com\/product\/yoast-seo-wordpress\/ -->\n<title>Asentador de cuero KAI 45035020 - mango de madera y crema - Cuchillalia<\/title>\n<meta name=\"description\" content=\"Kit de pulidor de cuero con mango de madera y crema de pulir. Para cuchillos y navajas. Fabricado por KAI en Jap\u00f3n. Presentado en caja elegante negra.\" \/>\n<meta name=\"robots\" content=\"index, follow, max-snippet:-1, max-image-preview:large, max-video-preview:-1\" \/>\n<link rel=\"canonical\" href=\"https:\/\/www.cuchillalia.com\/producto\/pulidor-cuero-kai-45035020-mango-madera\/\" \/>\n<meta property=\"og:locale\" content=\"en_US\" \/>\n<meta property=\"og:type\" content=\"article\" \/>\n<meta property=\"og:title\" content=\"Asentador de cuero KAI 45035020 - mango de madera y crema - Cuchillalia\" \/>\n<meta property=\"og:description\" content=\"Kit de pulidor de cuero con mango de madera y crema de pulir. Para cuchillos y navajas. Fabricado por KAI en Jap\u00f3n. Presentado en caja elegante negra.\" \/>\n<meta property=\"og:url\" content=\"https:\/\/www.cuchillalia.com\/producto\/pulidor-cuero-kai-45035020-mango-madera\/\" \/>\n<meta property=\"og:site_name\" content=\"Cuchillalia.com\" \/>\n<meta property=\"article:publisher\" content=\"http:\/\/www.facebook.com\/cuchillalia\" \/>\n<meta property=\"article:modified_time\" content=\"2026-05-17T00:52:30+00:00\" \/>\n<meta property=\"og:image\" content=\"https:\/\/www.cuchillalia.com\/wordpress\/wp-content\/uploads\/2017\/12\/kai-45035020-pulidor-cuero-cuchillalia.jpg\" \/>\n\t<meta property=\"og:image:width\" content=\"1600\" \/>\n\t<meta property=\"og:image:height\" content=\"1600\" \/>\n\t<meta property=\"og:image:type\" content=\"image\/jpeg\" \/>\n<meta name=\"twitter:card\" content=\"summary_large_image\" \/>\n<meta name=\"twitter:site\" content=\"@Cuchillalia\" \/>\n<meta name=\"twitter:label1\" content=\"Est. reading time\" \/>\n\t<meta name=\"twitter:data1\" content=\"1 minute\" \/>\n<!-- \/ Yoast SEO plugin. -->","yoast_head_json":{"title":"Asentador de cuero KAI 45035020 - mango de madera y crema - Cuchillalia","description":"Kit de pulidor de cuero con mango de madera y crema de pulir. Para cuchillos y navajas. Fabricado por KAI en Jap\u00f3n. Presentado en caja elegante negra.","robots":{"index":"index","follow":"follow","max-snippet":"max-snippet:-1","max-image-preview":"max-image-preview:large","max-video-preview":"max-video-preview:-1"},"canonical":"https:\/\/www.cuchillalia.com\/producto\/pulidor-cuero-kai-45035020-mango-madera\/","og_locale":"en_US","og_type":"article","og_title":"Asentador de cuero KAI 45035020 - mango de madera y crema - Cuchillalia","og_description":"Kit de pulidor de cuero con mango de madera y crema de pulir. Para cuchillos y navajas. Fabricado por KAI en Jap\u00f3n. Presentado en caja elegante negra.","og_url":"https:\/\/www.cuchillalia.com\/producto\/pulidor-cuero-kai-45035020-mango-madera\/","og_site_name":"Cuchillalia.com","article_publisher":"http:\/\/www.facebook.com\/cuchillalia","article_modified_time":"2026-05-17T00:52:30+00:00","og_image":[{"width":1600,"height":1600,"url":"https:\/\/www.cuchillalia.com\/wordpress\/wp-content\/uploads\/2017\/12\/kai-45035020-pulidor-cuero-cuchillalia.jpg","type":"image\/jpeg"}],"twitter_card":"summary_large_image","twitter_site":"@Cuchillalia","twitter_misc":{"Est. reading time":"1 minute"},"schema":{"@context":"https:\/\/schema.org","@graph":[{"@type":"WebPage","@id":"https:\/\/www.cuchillalia.com\/producto\/pulidor-cuero-kai-45035020-mango-madera\/","url":"https:\/\/www.cuchillalia.com\/producto\/pulidor-cuero-kai-45035020-mango-madera\/","name":"Asentador de cuero KAI 45035020 - mango de madera y crema - Cuchillalia","isPartOf":{"@id":"https:\/\/www.cuchillalia.com\/#website"},"primaryImageOfPage":{"@id":"https:\/\/www.cuchillalia.com\/producto\/pulidor-cuero-kai-45035020-mango-madera\/#primaryimage"},"image":{"@id":"https:\/\/www.cuchillalia.com\/producto\/pulidor-cuero-kai-45035020-mango-madera\/#primaryimage"},"thumbnailUrl":"https:\/\/www.cuchillalia.com\/wordpress\/wp-content\/uploads\/2017\/12\/kai-45035020-pulidor-cuero-cuchillalia.jpg","datePublished":"2017-12-01T10:17:50+00:00","dateModified":"2026-05-17T00:52:30+00:00","description":"Kit de pulidor de cuero con mango de madera y crema de pulir. Para cuchillos y navajas. Fabricado por KAI en Jap\u00f3n. Presentado en caja elegante negra.","breadcrumb":{"@id":"https:\/\/www.cuchillalia.com\/producto\/pulidor-cuero-kai-45035020-mango-madera\/#breadcrumb"},"inLanguage":"en-US","potentialAction":[{"@type":"ReadAction","target":["https:\/\/www.cuchillalia.com\/producto\/pulidor-cuero-kai-45035020-mango-madera\/"]}]},{"@type":"ImageObject","inLanguage":"en-US","@id":"https:\/\/www.cuchillalia.com\/producto\/pulidor-cuero-kai-45035020-mango-madera\/#primaryimage","url":"https:\/\/www.cuchillalia.com\/wordpress\/wp-content\/uploads\/2017\/12\/kai-45035020-pulidor-cuero-cuchillalia.jpg","contentUrl":"https:\/\/www.cuchillalia.com\/wordpress\/wp-content\/uploads\/2017\/12\/kai-45035020-pulidor-cuero-cuchillalia.jpg","width":1600,"height":1600,"caption":"Asentador de cuero KAI 45035020 para cuchillos - Cuchillalia"},{"@type":"BreadcrumbList","@id":"https:\/\/www.cuchillalia.com\/producto\/pulidor-cuero-kai-45035020-mango-madera\/#breadcrumb","itemListElement":[{"@type":"ListItem","position":1,"name":"Cuchillalia","item":"https:\/\/www.cuchillalia.com\/en\/"},{"@type":"ListItem","position":2,"name":"Tienda","item":"https:\/\/www.cuchillalia.com\/tienda\/"},{"@type":"ListItem","position":3,"name":"Marcas","item":"https:\/\/www.cuchillalia.com\/categoria\/marcas\/"},{"@type":"ListItem","position":4,"name":"KAI","item":"https:\/\/www.cuchillalia.com\/categoria\/marcas\/kai\/"},{"@type":"ListItem","position":5,"name":"Afilado KAI","item":"https:\/\/www.cuchillalia.com\/categoria\/marcas\/kai\/piedras-afilar-kai\/"},{"@type":"ListItem","position":6,"name":"Pulidor \/ asentador de cuero con mango de madera y crema &#8211; KAI"}]},{"@type":"WebSite","@id":"https:\/\/www.cuchillalia.com\/#website","url":"https:\/\/www.cuchillalia.com\/","name":"Cuchillalia.com","description":"","publisher":{"@id":"https:\/\/www.cuchillalia.com\/#organization"},"potentialAction":[{"@type":"SearchAction","target":{"@type":"EntryPoint","urlTemplate":"https:\/\/www.cuchillalia.com\/?s={search_term_string}"},"query-input":{"@type":"PropertyValueSpecification","valueRequired":true,"valueName":"search_term_string"}}],"inLanguage":"en-US"},{"@type":"Organization","@id":"https:\/\/www.cuchillalia.com\/#organization","name":"Cuchillalia","url":"https:\/\/www.cuchillalia.com\/","logo":{"@type":"ImageObject","inLanguage":"en-US","@id":"https:\/\/www.cuchillalia.com\/#\/schema\/logo\/image\/","url":"https:\/\/www.cuchillalia.com\/wordpress\/wp-content\/uploads\/2021\/03\/logo-cuchillalia-jpg.jpg","contentUrl":"https:\/\/www.cuchillalia.com\/wordpress\/wp-content\/uploads\/2021\/03\/logo-cuchillalia-jpg.jpg","width":276,"height":192,"caption":"Cuchillalia"},"image":{"@id":"https:\/\/www.cuchillalia.com\/#\/schema\/logo\/image\/"},"sameAs":["http:\/\/www.facebook.com\/cuchillalia","https:\/\/x.com\/Cuchillalia"]}]}},"_links":{"self":[{"href":"https:\/\/www.cuchillalia.com\/en\/wp-json\/wp\/v2\/product\/33025","targetHints":{"allow":["GET"]}}],"collection":[{"href":"https:\/\/www.cuchillalia.com\/en\/wp-json\/wp\/v2\/product"}],"about":[{"href":"https:\/\/www.cuchillalia.com\/en\/wp-json\/wp\/v2\/types\/product"}],"replies":[{"embeddable":true,"href":"https:\/\/www.cuchillalia.com\/en\/wp-json\/wp\/v2\/comments?post=33025"}],"wp:featuredmedia":[{"embeddable":true,"href":"https:\/\/www.cuchillalia.com\/en\/wp-json\/wp\/v2\/media\/33027"}],"wp:attachment":[{"href":"https:\/\/www.cuchillalia.com\/en\/wp-json\/wp\/v2\/media?parent=33025"}],"wp:term":[{"taxonomy":"product_brand","embeddable":true,"href":"https:\/\/www.cuchillalia.com\/en\/wp-json\/wp\/v2\/product_brand?post=33025"},{"taxonomy":"product_cat","embeddable":true,"href":"https:\/\/www.cuchillalia.com\/en\/wp-json\/wp\/v2\/product_cat?post=33025"},{"taxonomy":"product_tag","embeddable":true,"href":"https:\/\/www.cuchillalia.com\/en\/wp-json\/wp\/v2\/product_tag?post=33025"}],"curies":[{"name":"wp","href":"https:\/\/api.w.org\/{rel}","templated":true}]}}