{"id":32350,"date":"2017-11-16T14:34:50","date_gmt":"2017-11-16T13:34:50","guid":{"rendered":"https:\/\/www.cuchillalia.com\/?post_type=product&#038;p=32350"},"modified":"2026-02-16T22:48:25","modified_gmt":"2026-02-16T21:48:25","slug":"3-claveles-proflex-8251-cuchillo-cocinero-20cm-mango-rojo","status":"publish","type":"product","link":"https:\/\/www.cuchillalia.com\/en\/producto\/3-claveles-proflex-8251-cuchillo-cocinero-20cm-mango-rojo\/","title":{"rendered":"Cuchillo cocinero de 20 cm con mango rojo &#8211; 3 Claveles Proflex"},"content":{"rendered":"<h2>Tabla de caracter\u00edsticas 3 Claveles Proflex Rojo 8251 Cuchillo Cocinero 20cm<\/h2>\n<div class='tabla-caracteristicas'>\n<div class='fila'><span class='etiqueta'>Nombre comercial:<\/span><span class='valor'><strong>Cocinero 20 cm l\u00ednea Proflex rojo<\/strong><\/span><\/div>\n<div class='fila'><span class='etiqueta'>Fabricante:<\/span><span class='valor'>3 Claveles<\/span><\/div>\n<div class='fila'><span class='etiqueta'>Referencia del fabricante:<\/span><span class='valor'>8251<\/span><\/div>\n<div class='fila'><span class='etiqueta'>Longitud de la hoja:<\/span><span class='valor'>20 cm<\/span><\/div>\n<div class='fila'><span class='etiqueta'>Longitud total:<\/span><span class='valor'>33 cm<\/span><\/div>\n<div class='fila'><span class='etiqueta'>Material de la hoja:<\/span><span class='valor'>Acero inoxidable<\/span><\/div>\n<div class='fila'><span class='etiqueta'>Acabado:<\/span><span class='valor'>Pulido brillo<\/span><\/div>\n<div class='fila'><span class='etiqueta'>Dureza:<\/span><span class='valor'>HRc 56 Rockwell<\/span><\/div>\n<div class='fila'><span class='etiqueta'>Material del mango:<\/span><span class='valor'>Polipropileno rojo<\/span><\/div>\n<div class='fila'><span class='etiqueta'>Tipo de mango:<\/span><span class='valor'>Mango inyectado ergon\u00f3mico con superficie de alta adherencia (Proflex) y tratamiento Microban<\/span><\/div>\n<div class='fila'><span class='etiqueta'>\u00bfEs apto para zurdos?:<\/span><span class='valor'>Para diestros y zurdos<\/span><\/div>\n<div class='fila'><span class='etiqueta'>Producci\u00f3n:<\/span><span class='valor'>Estampaci\u00f3n<\/span><\/div>\n<div class='fila'><span class='etiqueta'>Presentaci\u00f3n del producto:<\/span><span class='valor'>Blister de pl\u00e1stico<\/span><\/div>\n<div class='fila'><span class='etiqueta'>\u00bfEs apto para el lavavajillas?:<\/span><span class='valor'>Si<\/span><\/div>\n<div class='fila'><span class='etiqueta'>C\u00f3digo de barras (GTIN):<\/span><span class='valor'>8410990082511<\/span><\/div>\n<div class='fila'><span class='etiqueta'>Observaciones:<\/span><span class='valor'>&#8211; Mango ergon\u00f3mico Proflex y Microban (protecci\u00f3n antibacteriana), dos caracter\u00edsticas reunidas en un mismo producto. Material termopl\u00e1stico de alta calidad y tecnolog\u00eda antibacteriana. Desarrollado para uso intensivo.<br \/>\n&#8211; Mango de color rojo para destinarlo al corte de  carnes rojas\u00a0(ternera, cordero, \u2026).<br \/>\n&#8211; Certificaci\u00f3n sanitaria NSF Internacional (National Sanitary Foundation).<\/span><\/div>\n<\/div>\n","protected":false},"excerpt":{"rendered":"<p>Tabla de caracter\u00edsticas 3 Claveles Proflex Rojo 8251 Cuchillo Cocinero 20cm Nombre comercial:Cocinero 20 cm l\u00ednea Proflex rojo Fabricante:3 Claveles Referencia del fabricante:8251 Longitud de la hoja:20 cm Longitud total:33 cm Material de la hoja:Acero inoxidable Acabado:Pulido brillo Dureza:HRc 56 &hellip; <a class=\"kt-excerpt-readmore more-link\" href=\"https:\/\/www.cuchillalia.com\/en\/producto\/3-claveles-proflex-8251-cuchillo-cocinero-20cm-mango-rojo\/\" aria-label=\"Cuchillo cocinero de 20 cm con mango rojo &#8211; 3 Claveles Proflex\">Read More<\/a><\/p>\n","protected":false},"featured_media":32318,"comment_status":"open","ping_status":"closed","template":"","meta":[],"product_brand":[],"product_cat":[8294,8327],"product_tag":[],"class_list":{"0":"post-32350","1":"product","2":"type-product","3":"status-publish","4":"has-post-thumbnail","6":"product_cat-cebolleros","7":"product_cat-proflex","9":"first","10":"instock","11":"taxable","12":"shipping-taxable","13":"purchasable","14":"product-type-simple"},"yoast_head":"<!-- This site is optimized with the Yoast SEO plugin v27.5 - https:\/\/yoast.com\/product\/yoast-seo-wordpress\/ -->\n<title>Cuchillo Cocinero 20cm 8&quot; PROFLEX Rojo - 3 Claveles 8251 - Cuchillalia<\/title>\n<meta name=\"robots\" content=\"index, follow, max-snippet:-1, max-image-preview:large, max-video-preview:-1\" \/>\n<link rel=\"canonical\" href=\"https:\/\/www.cuchillalia.com\/producto\/3-claveles-proflex-8251-cuchillo-cocinero-20cm-mango-rojo\/\" \/>\n<meta property=\"og:locale\" content=\"en_US\" \/>\n<meta property=\"og:type\" content=\"article\" \/>\n<meta property=\"og:title\" content=\"Cuchillo Cocinero 20cm 8&quot; PROFLEX Rojo - 3 Claveles 8251 - Cuchillalia\" \/>\n<meta property=\"og:description\" content=\"Tabla de caracter\u00edsticas 3 Claveles Proflex Rojo 8251 Cuchillo Cocinero 20cm Nombre comercial:Cocinero 20 cm l\u00ednea Proflex rojo Fabricante:3 Claveles Referencia del fabricante:8251 Longitud de la hoja:20 cm Longitud total:33 cm Material de la hoja:Acero inoxidable Acabado:Pulido brillo Dureza:HRc 56 &hellip; Read More\" \/>\n<meta property=\"og:url\" content=\"https:\/\/www.cuchillalia.com\/producto\/3-claveles-proflex-8251-cuchillo-cocinero-20cm-mango-rojo\/\" \/>\n<meta property=\"og:site_name\" content=\"Cuchillalia.com\" \/>\n<meta property=\"article:publisher\" content=\"http:\/\/www.facebook.com\/cuchillalia\" \/>\n<meta property=\"article:modified_time\" content=\"2026-02-16T21:48:25+00:00\" \/>\n<meta property=\"og:image\" content=\"https:\/\/www.cuchillalia.com\/wordpress\/wp-content\/uploads\/2017\/11\/cuchillalia-3-claveles-proflex-08251-cuchillo-cocinero-20cm-rojo.jpg\" \/>\n\t<meta property=\"og:image:width\" content=\"1600\" \/>\n\t<meta property=\"og:image:height\" content=\"1600\" \/>\n\t<meta property=\"og:image:type\" content=\"image\/jpeg\" \/>\n<meta name=\"twitter:card\" content=\"summary_large_image\" \/>\n<meta name=\"twitter:site\" content=\"@Cuchillalia\" \/>\n<meta name=\"twitter:label1\" content=\"Est. reading time\" \/>\n\t<meta name=\"twitter:data1\" content=\"1 minute\" \/>\n<!-- \/ Yoast SEO plugin. -->","yoast_head_json":{"title":"Cuchillo Cocinero 20cm 8\" PROFLEX Rojo - 3 Claveles 8251 - Cuchillalia","robots":{"index":"index","follow":"follow","max-snippet":"max-snippet:-1","max-image-preview":"max-image-preview:large","max-video-preview":"max-video-preview:-1"},"canonical":"https:\/\/www.cuchillalia.com\/producto\/3-claveles-proflex-8251-cuchillo-cocinero-20cm-mango-rojo\/","og_locale":"en_US","og_type":"article","og_title":"Cuchillo Cocinero 20cm 8\" PROFLEX Rojo - 3 Claveles 8251 - Cuchillalia","og_description":"Tabla de caracter\u00edsticas 3 Claveles Proflex Rojo 8251 Cuchillo Cocinero 20cm Nombre comercial:Cocinero 20 cm l\u00ednea Proflex rojo Fabricante:3 Claveles Referencia del fabricante:8251 Longitud de la hoja:20 cm Longitud total:33 cm Material de la hoja:Acero inoxidable Acabado:Pulido brillo Dureza:HRc 56 &hellip; Read More","og_url":"https:\/\/www.cuchillalia.com\/producto\/3-claveles-proflex-8251-cuchillo-cocinero-20cm-mango-rojo\/","og_site_name":"Cuchillalia.com","article_publisher":"http:\/\/www.facebook.com\/cuchillalia","article_modified_time":"2026-02-16T21:48:25+00:00","og_image":[{"width":1600,"height":1600,"url":"https:\/\/www.cuchillalia.com\/wordpress\/wp-content\/uploads\/2017\/11\/cuchillalia-3-claveles-proflex-08251-cuchillo-cocinero-20cm-rojo.jpg","type":"image\/jpeg"}],"twitter_card":"summary_large_image","twitter_site":"@Cuchillalia","twitter_misc":{"Est. reading time":"1 minute"},"schema":{"@context":"https:\/\/schema.org","@graph":[{"@type":"WebPage","@id":"https:\/\/www.cuchillalia.com\/producto\/3-claveles-proflex-8251-cuchillo-cocinero-20cm-mango-rojo\/","url":"https:\/\/www.cuchillalia.com\/producto\/3-claveles-proflex-8251-cuchillo-cocinero-20cm-mango-rojo\/","name":"Cuchillo Cocinero 20cm 8\" PROFLEX Rojo - 3 Claveles 8251 - Cuchillalia","isPartOf":{"@id":"https:\/\/www.cuchillalia.com\/#website"},"primaryImageOfPage":{"@id":"https:\/\/www.cuchillalia.com\/producto\/3-claveles-proflex-8251-cuchillo-cocinero-20cm-mango-rojo\/#primaryimage"},"image":{"@id":"https:\/\/www.cuchillalia.com\/producto\/3-claveles-proflex-8251-cuchillo-cocinero-20cm-mango-rojo\/#primaryimage"},"thumbnailUrl":"https:\/\/www.cuchillalia.com\/wordpress\/wp-content\/uploads\/2017\/11\/cuchillalia-3-claveles-proflex-08251-cuchillo-cocinero-20cm-rojo.jpg","datePublished":"2017-11-16T13:34:50+00:00","dateModified":"2026-02-16T21:48:25+00:00","breadcrumb":{"@id":"https:\/\/www.cuchillalia.com\/producto\/3-claveles-proflex-8251-cuchillo-cocinero-20cm-mango-rojo\/#breadcrumb"},"inLanguage":"en-US","potentialAction":[{"@type":"ReadAction","target":["https:\/\/www.cuchillalia.com\/producto\/3-claveles-proflex-8251-cuchillo-cocinero-20cm-mango-rojo\/"]}]},{"@type":"ImageObject","inLanguage":"en-US","@id":"https:\/\/www.cuchillalia.com\/producto\/3-claveles-proflex-8251-cuchillo-cocinero-20cm-mango-rojo\/#primaryimage","url":"https:\/\/www.cuchillalia.com\/wordpress\/wp-content\/uploads\/2017\/11\/cuchillalia-3-claveles-proflex-08251-cuchillo-cocinero-20cm-rojo.jpg","contentUrl":"https:\/\/www.cuchillalia.com\/wordpress\/wp-content\/uploads\/2017\/11\/cuchillalia-3-claveles-proflex-08251-cuchillo-cocinero-20cm-rojo.jpg","width":1600,"height":1600,"caption":"Cuchillalia - 3 Claveles Proflex Rojo 8251 - Cuchillo Cocinero 20cm 8\""},{"@type":"BreadcrumbList","@id":"https:\/\/www.cuchillalia.com\/producto\/3-claveles-proflex-8251-cuchillo-cocinero-20cm-mango-rojo\/#breadcrumb","itemListElement":[{"@type":"ListItem","position":1,"name":"Cuchillalia","item":"https:\/\/www.cuchillalia.com\/en\/"},{"@type":"ListItem","position":2,"name":"Tienda","item":"https:\/\/www.cuchillalia.com\/tienda\/"},{"@type":"ListItem","position":3,"name":"Marcas","item":"https:\/\/www.cuchillalia.com\/categoria\/marcas\/"},{"@type":"ListItem","position":4,"name":"3 Claveles","item":"https:\/\/www.cuchillalia.com\/categoria\/marcas\/3-claveles\/"},{"@type":"ListItem","position":5,"name":"Serie 3 Claveles Proflex","item":"https:\/\/www.cuchillalia.com\/categoria\/marcas\/3-claveles\/proflex\/"},{"@type":"ListItem","position":6,"name":"Cuchillo cocinero de 20 cm con mango rojo &#8211; 3 Claveles Proflex"}]},{"@type":"WebSite","@id":"https:\/\/www.cuchillalia.com\/#website","url":"https:\/\/www.cuchillalia.com\/","name":"Cuchillalia.com","description":"","publisher":{"@id":"https:\/\/www.cuchillalia.com\/#organization"},"potentialAction":[{"@type":"SearchAction","target":{"@type":"EntryPoint","urlTemplate":"https:\/\/www.cuchillalia.com\/?s={search_term_string}"},"query-input":{"@type":"PropertyValueSpecification","valueRequired":true,"valueName":"search_term_string"}}],"inLanguage":"en-US"},{"@type":"Organization","@id":"https:\/\/www.cuchillalia.com\/#organization","name":"Cuchillalia","url":"https:\/\/www.cuchillalia.com\/","logo":{"@type":"ImageObject","inLanguage":"en-US","@id":"https:\/\/www.cuchillalia.com\/#\/schema\/logo\/image\/","url":"https:\/\/www.cuchillalia.com\/wordpress\/wp-content\/uploads\/2021\/03\/logo-cuchillalia-jpg.jpg","contentUrl":"https:\/\/www.cuchillalia.com\/wordpress\/wp-content\/uploads\/2021\/03\/logo-cuchillalia-jpg.jpg","width":276,"height":192,"caption":"Cuchillalia"},"image":{"@id":"https:\/\/www.cuchillalia.com\/#\/schema\/logo\/image\/"},"sameAs":["http:\/\/www.facebook.com\/cuchillalia","https:\/\/x.com\/Cuchillalia"]}]}},"_links":{"self":[{"href":"https:\/\/www.cuchillalia.com\/en\/wp-json\/wp\/v2\/product\/32350","targetHints":{"allow":["GET"]}}],"collection":[{"href":"https:\/\/www.cuchillalia.com\/en\/wp-json\/wp\/v2\/product"}],"about":[{"href":"https:\/\/www.cuchillalia.com\/en\/wp-json\/wp\/v2\/types\/product"}],"replies":[{"embeddable":true,"href":"https:\/\/www.cuchillalia.com\/en\/wp-json\/wp\/v2\/comments?post=32350"}],"wp:featuredmedia":[{"embeddable":true,"href":"https:\/\/www.cuchillalia.com\/en\/wp-json\/wp\/v2\/media\/32318"}],"wp:attachment":[{"href":"https:\/\/www.cuchillalia.com\/en\/wp-json\/wp\/v2\/media?parent=32350"}],"wp:term":[{"taxonomy":"product_brand","embeddable":true,"href":"https:\/\/www.cuchillalia.com\/en\/wp-json\/wp\/v2\/product_brand?post=32350"},{"taxonomy":"product_cat","embeddable":true,"href":"https:\/\/www.cuchillalia.com\/en\/wp-json\/wp\/v2\/product_cat?post=32350"},{"taxonomy":"product_tag","embeddable":true,"href":"https:\/\/www.cuchillalia.com\/en\/wp-json\/wp\/v2\/product_tag?post=32350"}],"curies":[{"name":"wp","href":"https:\/\/api.w.org\/{rel}","templated":true}]}}