{"id":32253,"date":"2017-11-13T22:39:52","date_gmt":"2017-11-13T21:39:52","guid":{"rendered":"https:\/\/www.cuchillalia.com\/?post_type=product&#038;p=32253"},"modified":"2026-05-09T00:03:25","modified_gmt":"2026-05-08T22:03:25","slug":"cuchillo-salmonero-alveolado-30cm-arcos-colour-prof-242700","status":"publish","type":"product","link":"https:\/\/www.cuchillalia.com\/en\/producto\/cuchillo-salmonero-alveolado-30cm-arcos-colour-prof-242700\/","title":{"rendered":"Cuchillo jamonero salmonero alveolado gris de 30 cm &#8211; Arcos Colour Prof 242700"},"content":{"rendered":"<p><b>Cuchillo Salmonero \/ Jamonero 300 mm<\/b>\u00a0dise\u00f1ado para un uso intensivo en los sectores profesionales m\u00e1s exigentes.<\/p>\n<p><img class='imagen-sin-borde aligncenter wp-image-6741 size-thumbnail' title='Logo NSF' src='https:\/\/www.cuchillalia.com\/wordpress\/wp-content\/uploads\/2016\/05\/Logo-NSF-150x71.png' alt='Logo NSF' width='150' height='71' \/><\/p>\n<p>Cuchillo con <strong>Certificaci\u00f3n Sanitaria NSF<\/strong> (National Sanitary Foundation), que es una organizaci\u00f3n independiente no gubernamental, l\u00edder a nivel mundial, que avala la seguridad de la salud p\u00fablica.<\/p>\n<p>Con cada cuchillo de la <a href='https:\/\/www.cuchillalia.com\/categoria\/marcas\/arcos\/colour-prof\/'><strong>serie Colour Prof de Arcos<\/strong><\/a> se incluyen varios tapones de diferentes colores para poder identificar cada uno seg\u00fan su uso: Amarillo, Rojo, Azul, Verde, Marr\u00f3n y Blanco.<\/p>\n<h2>Tabla de caracter\u00edsticas cuchillo salmonero alveolado Arcos Colour Prof<\/h2>\n<div class='tabla-caracteristicas'>\n<div class='fila'><span class='etiqueta'>Nombre comercial:<\/span><span class='valor'><strong>Jamonero\/salmonero de 300 mm Colour Prof<\/strong><\/span><\/div>\n<div class='fila'><span class='etiqueta'>Fabricante:<\/span><span class='valor'>Arcos<\/span><\/div>\n<div class='fila'><span class='etiqueta'>Referencia del fabricante:<\/span><span class='valor'>242700<\/span><\/div>\n<div class='fila'><span class='etiqueta'>Longitud de la hoja:<\/span><span class='valor'>30 cm<\/span><\/div>\n<div class='fila'><span class='etiqueta'>Material de la hoja:<\/span><span class='valor'>Acero inoxidable forjado Nitrum\u00ae<\/span><\/div>\n<div class='fila'><span class='etiqueta'>Tipo de hoja:<\/span><span class='valor'>Alveolada y flexible<\/span><\/div>\n<div class='fila'><span class='etiqueta'>Material del mango:<\/span><span class='valor'>N\u00facleo duro de polipropileno recubierto de caucho.<\/span><\/div>\n<div class='fila'><span class='etiqueta'>Tipo de mango:<\/span><span class='valor'>Doble inyecci\u00f3n, ergon\u00f3mico, antideslizante e impermeable.<\/span><\/div>\n<div class='fila'><span class='etiqueta'>\u00bfEs apto para zurdos?:<\/span><span class='valor'>Para diestros y zurdos<\/span><\/div>\n<div class='fila'><span class='etiqueta'>Presentaci\u00f3n del producto:<\/span><span class='valor'>Display de pl\u00e1stico<\/span><\/div>\n<div class='fila'><span class='etiqueta'>\u00bfDonde se fabrica?:<\/span><span class='valor'>Albacete &#8211; Espa\u00f1a<\/span><\/div>\n<div class='fila'><span class='etiqueta'>\u00bfQu\u00e9 garant\u00eda tiene?:<\/span><span class='valor'>10 a\u00f1os contra todo defecto de fabricaci\u00f3n, siempre que del producto se haga un uso racional para el cual ha sido fabricado.<\/span><\/div>\n<div class='fila'><span class='etiqueta'>C\u00f3digo de barras (GTIN):<\/span><span class='valor'>8421002242700<\/span><\/div>\n<div class='fila'><span class='etiqueta'>Observaciones:<\/span><span class='valor'>&#8211; Mango en polipropileno recubierto con elast\u00f3mero, lo que le da una adherencia a la mano superior y una resistencia a la deformaci\u00f3n por temperaturas extremas.<br \/>\n&#8211; Cada cuchillo de la serie Colour Prof de Arcos incluye un juego de tapones con los diversos colores para la r\u00e1pida identificaci\u00f3n de los cuchillos y un perfecto control higi\u00e9nico-sanitario, tal y como especifican las normas europeas sanitarias de control alimenticio: amarillo, rojo, azul, verde, marr\u00f3n y blanco.<\/span><\/div>\n<\/div>\n<p>&nbsp;<\/p>\n<p>Si este cuchillo no se ajusta a lo que necesitas, puedes visitar nuestra recopilaci\u00f3n de <strong><a href='https:\/\/www.cuchillalia.com\/categoria\/cuchillos\/jamoneros\/'>cuchillos jamoneros<\/a><\/strong> en Cuchillalia donde seguro encontrar\u00e1s el cuchillo jamonero que buscas.<\/p>\n<h2>Accesorios para el corte del jam\u00f3n<\/h2>\n<p>Despu\u00e9s de elegir tu cuchillo te recomendamos que pases por nuestro cat\u00e1logo de <strong><a href='https:\/\/www.cuchillalia.com\/categoria\/accesorios-cuchillos\/soportes-jamoneros\/'>soportes jamoneros<\/a><\/strong> o de <strong><a href='https:\/\/www.cuchillalia.com\/categoria\/accesorios-cuchillos\/pinzas-jamon-pescado-emplatar\/filtros\/uso\/jamon\/'>pinzas para el jam\u00f3n<\/a><\/strong>.<\/p>\n<p>Adem\u00e1s del <strong>cuchillo de jamonero<\/strong>, se recomienda tener tambi\u00e9n un <a href='https:\/\/www.cuchillalia.com\/categoria\/cuchillos\/deshuesadores\/'><strong>cuchillo deshuesador<\/strong><\/a> para limpiar las zonas cercanas al hueso y <strong><a href='https:\/\/www.cuchillalia.com\/categoria\/cuchillos\/carniceros\/filtros\/largo\/hasta-20\/' rel='nofollow'>un cuchillo carnicero corto<\/a><\/strong> para retirar la piel.<\/p>\n","protected":false},"excerpt":{"rendered":"<p><strong>Cuchillo jamonero \/ salmonero alveolado Arcos 242700<\/strong>\u00a0de la serie <strong>Colour Prof<\/strong>. Hoja en acero inoxidable Nitrum de 30 cm. Mango ergon\u00f3mico con doble inyecci\u00f3n con n\u00facleo en polipropileno y recubrimiento en Caucho. Con 6 tapones de color. Presentado en\u00a0Display. <em>Fabricado en Espa\u00f1a<\/em>.&hellip; <a class=\"kt-excerpt-readmore more-link\" href=\"https:\/\/www.cuchillalia.com\/en\/producto\/cuchillo-salmonero-alveolado-30cm-arcos-colour-prof-242700\/\" aria-label=\"Cuchillo jamonero salmonero alveolado gris de 30 cm &#8211; Arcos Colour Prof 242700\">Read More<\/a><\/p>\n","protected":false},"featured_media":32252,"comment_status":"open","ping_status":"closed","template":"","meta":[],"product_brand":[],"product_cat":[8293,8360],"product_tag":[],"class_list":{"0":"post-32253","1":"product","2":"type-product","3":"status-publish","4":"has-post-thumbnail","6":"product_cat-jamoneros","7":"product_cat-colour-prof","9":"first","10":"instock","11":"taxable","12":"shipping-taxable","13":"purchasable","14":"product-type-simple"},"yoast_head":"<!-- This site is optimized with the Yoast SEO plugin v27.5 - https:\/\/yoast.com\/product\/yoast-seo-wordpress\/ -->\n<title>Cuchillo Salmonero\/Jamonero 30cm Arcos Colour Prof 242700 Cuchillalia<\/title>\n<meta name=\"description\" content=\"Cuchillo Jamonero \/ Salmonero Alveolado de 30 cm de la serie Colour Prof de Arcos, 242700, en Acero Inoxidable Nitrum. Mango de doble inyecci\u00f3n.\" \/>\n<meta name=\"robots\" content=\"index, follow, max-snippet:-1, max-image-preview:large, max-video-preview:-1\" \/>\n<link rel=\"canonical\" href=\"https:\/\/www.cuchillalia.com\/producto\/cuchillo-salmonero-alveolado-30cm-arcos-colour-prof-242700\/\" \/>\n<meta property=\"og:locale\" content=\"en_US\" \/>\n<meta property=\"og:type\" content=\"article\" \/>\n<meta property=\"og:title\" content=\"Cuchillo Salmonero\/Jamonero 30cm Arcos Colour Prof 242700 Cuchillalia\" \/>\n<meta property=\"og:description\" content=\"Cuchillo Jamonero \/ Salmonero Alveolado de 30 cm de la serie Colour Prof de Arcos, 242700, en Acero Inoxidable Nitrum. Mango de doble inyecci\u00f3n.\" \/>\n<meta property=\"og:url\" content=\"https:\/\/www.cuchillalia.com\/producto\/cuchillo-salmonero-alveolado-30cm-arcos-colour-prof-242700\/\" \/>\n<meta property=\"og:site_name\" content=\"Cuchillalia.com\" \/>\n<meta property=\"article:publisher\" content=\"http:\/\/www.facebook.com\/cuchillalia\" \/>\n<meta property=\"article:modified_time\" content=\"2026-05-08T22:03:25+00:00\" \/>\n<meta property=\"og:image\" content=\"https:\/\/www.cuchillalia.com\/wordpress\/wp-content\/uploads\/2017\/11\/cuchillalia-arcos-colour-prof-242700-cuchillo-jamonero-salmonero-30-cm.jpg\" \/>\n\t<meta property=\"og:image:width\" content=\"1600\" \/>\n\t<meta property=\"og:image:height\" content=\"1600\" \/>\n\t<meta property=\"og:image:type\" content=\"image\/jpeg\" \/>\n<meta name=\"twitter:card\" content=\"summary_large_image\" \/>\n<meta name=\"twitter:site\" content=\"@Cuchillalia\" \/>\n<meta name=\"twitter:label1\" content=\"Est. reading time\" \/>\n\t<meta name=\"twitter:data1\" content=\"3 minutes\" \/>\n<!-- \/ Yoast SEO plugin. -->","yoast_head_json":{"title":"Cuchillo Salmonero\/Jamonero 30cm Arcos Colour Prof 242700 Cuchillalia","description":"Cuchillo Jamonero \/ Salmonero Alveolado de 30 cm de la serie Colour Prof de Arcos, 242700, en Acero Inoxidable Nitrum. Mango de doble inyecci\u00f3n.","robots":{"index":"index","follow":"follow","max-snippet":"max-snippet:-1","max-image-preview":"max-image-preview:large","max-video-preview":"max-video-preview:-1"},"canonical":"https:\/\/www.cuchillalia.com\/producto\/cuchillo-salmonero-alveolado-30cm-arcos-colour-prof-242700\/","og_locale":"en_US","og_type":"article","og_title":"Cuchillo Salmonero\/Jamonero 30cm Arcos Colour Prof 242700 Cuchillalia","og_description":"Cuchillo Jamonero \/ Salmonero Alveolado de 30 cm de la serie Colour Prof de Arcos, 242700, en Acero Inoxidable Nitrum. Mango de doble inyecci\u00f3n.","og_url":"https:\/\/www.cuchillalia.com\/producto\/cuchillo-salmonero-alveolado-30cm-arcos-colour-prof-242700\/","og_site_name":"Cuchillalia.com","article_publisher":"http:\/\/www.facebook.com\/cuchillalia","article_modified_time":"2026-05-08T22:03:25+00:00","og_image":[{"width":1600,"height":1600,"url":"https:\/\/www.cuchillalia.com\/wordpress\/wp-content\/uploads\/2017\/11\/cuchillalia-arcos-colour-prof-242700-cuchillo-jamonero-salmonero-30-cm.jpg","type":"image\/jpeg"}],"twitter_card":"summary_large_image","twitter_site":"@Cuchillalia","twitter_misc":{"Est. reading time":"3 minutes"},"schema":{"@context":"https:\/\/schema.org","@graph":[{"@type":"WebPage","@id":"https:\/\/www.cuchillalia.com\/producto\/cuchillo-salmonero-alveolado-30cm-arcos-colour-prof-242700\/","url":"https:\/\/www.cuchillalia.com\/producto\/cuchillo-salmonero-alveolado-30cm-arcos-colour-prof-242700\/","name":"Cuchillo Salmonero\/Jamonero 30cm Arcos Colour Prof 242700 Cuchillalia","isPartOf":{"@id":"https:\/\/www.cuchillalia.com\/#website"},"primaryImageOfPage":{"@id":"https:\/\/www.cuchillalia.com\/producto\/cuchillo-salmonero-alveolado-30cm-arcos-colour-prof-242700\/#primaryimage"},"image":{"@id":"https:\/\/www.cuchillalia.com\/producto\/cuchillo-salmonero-alveolado-30cm-arcos-colour-prof-242700\/#primaryimage"},"thumbnailUrl":"https:\/\/www.cuchillalia.com\/wordpress\/wp-content\/uploads\/2017\/11\/cuchillalia-arcos-colour-prof-242700-cuchillo-jamonero-salmonero-30-cm.jpg","datePublished":"2017-11-13T21:39:52+00:00","dateModified":"2026-05-08T22:03:25+00:00","description":"Cuchillo Jamonero \/ Salmonero Alveolado de 30 cm de la serie Colour Prof de Arcos, 242700, en Acero Inoxidable Nitrum. Mango de doble inyecci\u00f3n.","breadcrumb":{"@id":"https:\/\/www.cuchillalia.com\/producto\/cuchillo-salmonero-alveolado-30cm-arcos-colour-prof-242700\/#breadcrumb"},"inLanguage":"en-US","potentialAction":[{"@type":"ReadAction","target":["https:\/\/www.cuchillalia.com\/producto\/cuchillo-salmonero-alveolado-30cm-arcos-colour-prof-242700\/"]}]},{"@type":"ImageObject","inLanguage":"en-US","@id":"https:\/\/www.cuchillalia.com\/producto\/cuchillo-salmonero-alveolado-30cm-arcos-colour-prof-242700\/#primaryimage","url":"https:\/\/www.cuchillalia.com\/wordpress\/wp-content\/uploads\/2017\/11\/cuchillalia-arcos-colour-prof-242700-cuchillo-jamonero-salmonero-30-cm.jpg","contentUrl":"https:\/\/www.cuchillalia.com\/wordpress\/wp-content\/uploads\/2017\/11\/cuchillalia-arcos-colour-prof-242700-cuchillo-jamonero-salmonero-30-cm.jpg","width":1600,"height":1600,"caption":"Cuchillo Jamonero-Salmonero Alveolado Arcos Colour Prof 242700 - Cuchillalia"},{"@type":"BreadcrumbList","@id":"https:\/\/www.cuchillalia.com\/producto\/cuchillo-salmonero-alveolado-30cm-arcos-colour-prof-242700\/#breadcrumb","itemListElement":[{"@type":"ListItem","position":1,"name":"Cuchillalia","item":"https:\/\/www.cuchillalia.com\/en\/"},{"@type":"ListItem","position":2,"name":"Tienda","item":"https:\/\/www.cuchillalia.com\/tienda\/"},{"@type":"ListItem","position":3,"name":"Cuchillos de cocina","item":"https:\/\/www.cuchillalia.com\/categoria\/cuchillos\/"},{"@type":"ListItem","position":4,"name":"Cuchillos jamoneros","item":"https:\/\/www.cuchillalia.com\/categoria\/cuchillos\/jamoneros\/"},{"@type":"ListItem","position":5,"name":"Cuchillo jamonero salmonero alveolado gris de 30 cm &#8211; Arcos Colour Prof 242700"}]},{"@type":"WebSite","@id":"https:\/\/www.cuchillalia.com\/#website","url":"https:\/\/www.cuchillalia.com\/","name":"Cuchillalia.com","description":"","publisher":{"@id":"https:\/\/www.cuchillalia.com\/#organization"},"potentialAction":[{"@type":"SearchAction","target":{"@type":"EntryPoint","urlTemplate":"https:\/\/www.cuchillalia.com\/?s={search_term_string}"},"query-input":{"@type":"PropertyValueSpecification","valueRequired":true,"valueName":"search_term_string"}}],"inLanguage":"en-US"},{"@type":"Organization","@id":"https:\/\/www.cuchillalia.com\/#organization","name":"Cuchillalia","url":"https:\/\/www.cuchillalia.com\/","logo":{"@type":"ImageObject","inLanguage":"en-US","@id":"https:\/\/www.cuchillalia.com\/#\/schema\/logo\/image\/","url":"https:\/\/www.cuchillalia.com\/wordpress\/wp-content\/uploads\/2021\/03\/logo-cuchillalia-jpg.jpg","contentUrl":"https:\/\/www.cuchillalia.com\/wordpress\/wp-content\/uploads\/2021\/03\/logo-cuchillalia-jpg.jpg","width":276,"height":192,"caption":"Cuchillalia"},"image":{"@id":"https:\/\/www.cuchillalia.com\/#\/schema\/logo\/image\/"},"sameAs":["http:\/\/www.facebook.com\/cuchillalia","https:\/\/x.com\/Cuchillalia"]}]}},"_links":{"self":[{"href":"https:\/\/www.cuchillalia.com\/en\/wp-json\/wp\/v2\/product\/32253","targetHints":{"allow":["GET"]}}],"collection":[{"href":"https:\/\/www.cuchillalia.com\/en\/wp-json\/wp\/v2\/product"}],"about":[{"href":"https:\/\/www.cuchillalia.com\/en\/wp-json\/wp\/v2\/types\/product"}],"replies":[{"embeddable":true,"href":"https:\/\/www.cuchillalia.com\/en\/wp-json\/wp\/v2\/comments?post=32253"}],"wp:featuredmedia":[{"embeddable":true,"href":"https:\/\/www.cuchillalia.com\/en\/wp-json\/wp\/v2\/media\/32252"}],"wp:attachment":[{"href":"https:\/\/www.cuchillalia.com\/en\/wp-json\/wp\/v2\/media?parent=32253"}],"wp:term":[{"taxonomy":"product_brand","embeddable":true,"href":"https:\/\/www.cuchillalia.com\/en\/wp-json\/wp\/v2\/product_brand?post=32253"},{"taxonomy":"product_cat","embeddable":true,"href":"https:\/\/www.cuchillalia.com\/en\/wp-json\/wp\/v2\/product_cat?post=32253"},{"taxonomy":"product_tag","embeddable":true,"href":"https:\/\/www.cuchillalia.com\/en\/wp-json\/wp\/v2\/product_tag?post=32253"}],"curies":[{"name":"wp","href":"https:\/\/api.w.org\/{rel}","templated":true}]}}