{"id":32048,"date":"2017-11-07T09:56:56","date_gmt":"2017-11-07T08:56:56","guid":{"rendered":"https:\/\/www.cuchillalia.com\/tienda\/arcos-288400-macheta-largo-200-mm-espesor-2-5-mm-390-g-aprox\/"},"modified":"2026-03-20T12:56:01","modified_gmt":"2026-03-20T11:56:01","slug":"arcos-288400-macheta-largo-200-mm-espesor-2-5-mm-390-g-aprox","status":"publish","type":"product","link":"https:\/\/www.cuchillalia.com\/en\/producto\/arcos-288400-macheta-largo-200-mm-espesor-2-5-mm-390-g-aprox\/","title":{"rendered":"Macheta de 20 cm\/2,5 mm (390 g) &#8211; Arcos Universal 288400"},"content":{"rendered":"<h2>Tabla de caracter\u00edsticas macheta de carnicero 20 cm Arcos<\/h2>\n<div class='tabla-caracteristicas'>\n<div class='fila'><span class='etiqueta'>Nombre comercial:<\/span><span class='valor'><strong>Macheta de 2,5 mm de espesor, 20 cm de largo y 390g de peso<\/strong><\/span><\/div>\n<div class='fila'><span class='etiqueta'>Fabricante:<\/span><span class='valor'>Arcos<\/span><\/div>\n<div class='fila'><span class='etiqueta'>Referencia del fabricante:<\/span><span class='valor'>288400<\/span><\/div>\n<div class='fila'><span class='etiqueta'>Longitud de la hoja:<\/span><span class='valor'>20 cm<\/span><\/div>\n<div class='fila'><span class='etiqueta'>Material de la hoja:<\/span><span class='valor'>Acero inoxidable Nitrum\u00ae<\/span><\/div>\n<div class='fila'><span class='etiqueta'>Material del mango:<\/span><span class='valor'>POM (polioximetileno) de color negro<\/span><\/div>\n<div class='fila'><span class='etiqueta'>Tipo de mango:<\/span><span class='valor'>Cachas de POM con 3 remaches<\/span><\/div>\n<div class='fila'><span class='etiqueta'>\u00bfEs apto para zurdos?:<\/span><span class='valor'>Para diestros y zurdos<\/span><\/div>\n<div class='fila'><span class='etiqueta'>Peso del producto:<\/span><span class='valor'>390 g<\/span><\/div>\n<div class='fila'><span class='etiqueta'>Presentaci\u00f3n del producto:<\/span><span class='valor'>Estuche de pl\u00e1stico<\/span><\/div>\n<div class='fila'><span class='etiqueta'>\u00bfDonde se fabrica?:<\/span><span class='valor'>Albacete &#8211; Espa\u00f1a<\/span><\/div>\n<div class='fila'><span class='etiqueta'>\u00bfQu\u00e9 garant\u00eda tiene?:<\/span><span class='valor'>10 a\u00f1os contra todo defecto de fabricaci\u00f3n, siempre que del producto se haga un uso racional para el cual ha sido fabricado.<\/span><\/div>\n<div class='fila'><span class='etiqueta'>C\u00f3digo de barras (GTIN):<\/span><span class='valor'>8421002288401<\/span><\/div>\n<div class='fila'><span class='etiqueta'>Observaciones:<\/span><span class='valor'>&#8211; Acero Nitrum: F\u00f3rmula exclusiva de acero al nitr\u00f3geno que proporciona m\u00e1s dureza, mayor corte y aumenta durabilidad del filo.<br \/>\n&#8211; Cachas de los mangos de Polioximetileno (POM), resistentes desde -40\u00baC hasta 150\u00baC.<br \/>\n&#8211; Dise\u00f1o de corte cl\u00e1sico.<br \/>\n&#8211; Remaches machihembrados de acero inoxidable, de gran resistencia.<\/span><\/div>\n<\/div>\n","protected":false},"excerpt":{"rendered":"<p><strong>Hachuela de carnicero<\/strong> de 20 cm x 2.5 mm de espesor, de <strong>Arcos<\/strong> serie <strong>Universal<\/strong>, modelo <strong>288400<\/strong>.&hellip; <a class=\"kt-excerpt-readmore more-link\" href=\"https:\/\/www.cuchillalia.com\/en\/producto\/arcos-288400-macheta-largo-200-mm-espesor-2-5-mm-390-g-aprox\/\" aria-label=\"Macheta de 20 cm\/2,5 mm (390 g) &#8211; Arcos Universal 288400\">Read More<\/a><\/p>\n","protected":false},"featured_media":32041,"comment_status":"open","ping_status":"closed","template":"","meta":[],"product_brand":[],"product_cat":[8307,8362],"product_tag":[],"class_list":{"0":"post-32048","1":"product","2":"type-product","3":"status-publish","4":"has-post-thumbnail","6":"product_cat-hachuelas","7":"product_cat-universal","9":"first","10":"instock","11":"taxable","12":"shipping-taxable","13":"purchasable","14":"product-type-simple"},"yoast_head":"<!-- This site is optimized with the Yoast SEO plugin v27.5 - https:\/\/yoast.com\/product\/yoast-seo-wordpress\/ -->\n<title>Macheta de carnicero 20cm - 390g - Arcos 288400 | Cuchillalia<\/title>\n<meta name=\"description\" content=\"Macheta de carnicero de Arcos Universal 288400, 20cm x 2.5mm de espesor, 390 g de peso, mango POM negro. Hoja en acero inoxidable Nitrum exclusivo de Arcos.\" \/>\n<meta name=\"robots\" content=\"index, follow, max-snippet:-1, max-image-preview:large, max-video-preview:-1\" \/>\n<link rel=\"canonical\" href=\"https:\/\/www.cuchillalia.com\/producto\/arcos-288400-macheta-largo-200-mm-espesor-2-5-mm-390-g-aprox\/\" \/>\n<meta property=\"og:locale\" content=\"en_US\" \/>\n<meta property=\"og:type\" content=\"article\" \/>\n<meta property=\"og:title\" content=\"Macheta de carnicero 20cm - 390g - Arcos 288400 | Cuchillalia\" \/>\n<meta property=\"og:description\" content=\"Macheta de carnicero de Arcos Universal 288400, 20cm x 2.5mm de espesor, 390 g de peso, mango POM negro. Hoja en acero inoxidable Nitrum exclusivo de Arcos.\" \/>\n<meta property=\"og:url\" content=\"https:\/\/www.cuchillalia.com\/producto\/arcos-288400-macheta-largo-200-mm-espesor-2-5-mm-390-g-aprox\/\" \/>\n<meta property=\"og:site_name\" content=\"Cuchillalia.com\" \/>\n<meta property=\"article:publisher\" content=\"http:\/\/www.facebook.com\/cuchillalia\" \/>\n<meta property=\"article:modified_time\" content=\"2026-03-20T11:56:01+00:00\" \/>\n<meta property=\"og:image\" content=\"https:\/\/www.cuchillalia.com\/wordpress\/wp-content\/uploads\/2017\/11\/cuchillalia-arcos-universal-288400-macheta-espesor-2-5mm-largo-200mm-390g.jpg\" \/>\n\t<meta property=\"og:image:width\" content=\"1600\" \/>\n\t<meta property=\"og:image:height\" content=\"1600\" \/>\n\t<meta property=\"og:image:type\" content=\"image\/jpeg\" \/>\n<meta name=\"twitter:card\" content=\"summary_large_image\" \/>\n<meta name=\"twitter:site\" content=\"@Cuchillalia\" \/>\n<meta name=\"twitter:label1\" content=\"Est. reading time\" \/>\n\t<meta name=\"twitter:data1\" content=\"1 minute\" \/>\n<!-- \/ Yoast SEO plugin. -->","yoast_head_json":{"title":"Macheta de carnicero 20cm - 390g - Arcos 288400 | Cuchillalia","description":"Macheta de carnicero de Arcos Universal 288400, 20cm x 2.5mm de espesor, 390 g de peso, mango POM negro. Hoja en acero inoxidable Nitrum exclusivo de Arcos.","robots":{"index":"index","follow":"follow","max-snippet":"max-snippet:-1","max-image-preview":"max-image-preview:large","max-video-preview":"max-video-preview:-1"},"canonical":"https:\/\/www.cuchillalia.com\/producto\/arcos-288400-macheta-largo-200-mm-espesor-2-5-mm-390-g-aprox\/","og_locale":"en_US","og_type":"article","og_title":"Macheta de carnicero 20cm - 390g - Arcos 288400 | Cuchillalia","og_description":"Macheta de carnicero de Arcos Universal 288400, 20cm x 2.5mm de espesor, 390 g de peso, mango POM negro. Hoja en acero inoxidable Nitrum exclusivo de Arcos.","og_url":"https:\/\/www.cuchillalia.com\/producto\/arcos-288400-macheta-largo-200-mm-espesor-2-5-mm-390-g-aprox\/","og_site_name":"Cuchillalia.com","article_publisher":"http:\/\/www.facebook.com\/cuchillalia","article_modified_time":"2026-03-20T11:56:01+00:00","og_image":[{"width":1600,"height":1600,"url":"https:\/\/www.cuchillalia.com\/wordpress\/wp-content\/uploads\/2017\/11\/cuchillalia-arcos-universal-288400-macheta-espesor-2-5mm-largo-200mm-390g.jpg","type":"image\/jpeg"}],"twitter_card":"summary_large_image","twitter_site":"@Cuchillalia","twitter_misc":{"Est. reading time":"1 minute"},"schema":{"@context":"https:\/\/schema.org","@graph":[{"@type":"WebPage","@id":"https:\/\/www.cuchillalia.com\/producto\/arcos-288400-macheta-largo-200-mm-espesor-2-5-mm-390-g-aprox\/","url":"https:\/\/www.cuchillalia.com\/producto\/arcos-288400-macheta-largo-200-mm-espesor-2-5-mm-390-g-aprox\/","name":"Macheta de carnicero 20cm - 390g - Arcos 288400 | Cuchillalia","isPartOf":{"@id":"https:\/\/www.cuchillalia.com\/#website"},"primaryImageOfPage":{"@id":"https:\/\/www.cuchillalia.com\/producto\/arcos-288400-macheta-largo-200-mm-espesor-2-5-mm-390-g-aprox\/#primaryimage"},"image":{"@id":"https:\/\/www.cuchillalia.com\/producto\/arcos-288400-macheta-largo-200-mm-espesor-2-5-mm-390-g-aprox\/#primaryimage"},"thumbnailUrl":"https:\/\/www.cuchillalia.com\/wordpress\/wp-content\/uploads\/2017\/11\/cuchillalia-arcos-universal-288400-macheta-espesor-2-5mm-largo-200mm-390g.jpg","datePublished":"2017-11-07T08:56:56+00:00","dateModified":"2026-03-20T11:56:01+00:00","description":"Macheta de carnicero de Arcos Universal 288400, 20cm x 2.5mm de espesor, 390 g de peso, mango POM negro. Hoja en acero inoxidable Nitrum exclusivo de Arcos.","breadcrumb":{"@id":"https:\/\/www.cuchillalia.com\/producto\/arcos-288400-macheta-largo-200-mm-espesor-2-5-mm-390-g-aprox\/#breadcrumb"},"inLanguage":"en-US","potentialAction":[{"@type":"ReadAction","target":["https:\/\/www.cuchillalia.com\/producto\/arcos-288400-macheta-largo-200-mm-espesor-2-5-mm-390-g-aprox\/"]}]},{"@type":"ImageObject","inLanguage":"en-US","@id":"https:\/\/www.cuchillalia.com\/producto\/arcos-288400-macheta-largo-200-mm-espesor-2-5-mm-390-g-aprox\/#primaryimage","url":"https:\/\/www.cuchillalia.com\/wordpress\/wp-content\/uploads\/2017\/11\/cuchillalia-arcos-universal-288400-macheta-espesor-2-5mm-largo-200mm-390g.jpg","contentUrl":"https:\/\/www.cuchillalia.com\/wordpress\/wp-content\/uploads\/2017\/11\/cuchillalia-arcos-universal-288400-macheta-espesor-2-5mm-largo-200mm-390g.jpg","width":1600,"height":1600,"caption":"Arcos Universal 288400 - Macheta Arcos de 2.5 mm de espesor, 200 mm de hoja y 390g de peso"},{"@type":"BreadcrumbList","@id":"https:\/\/www.cuchillalia.com\/producto\/arcos-288400-macheta-largo-200-mm-espesor-2-5-mm-390-g-aprox\/#breadcrumb","itemListElement":[{"@type":"ListItem","position":1,"name":"Cuchillalia","item":"https:\/\/www.cuchillalia.com\/en\/"},{"@type":"ListItem","position":2,"name":"Tienda","item":"https:\/\/www.cuchillalia.com\/tienda\/"},{"@type":"ListItem","position":3,"name":"Marcas","item":"https:\/\/www.cuchillalia.com\/categoria\/marcas\/"},{"@type":"ListItem","position":4,"name":"Arcos","item":"https:\/\/www.cuchillalia.com\/categoria\/marcas\/arcos\/"},{"@type":"ListItem","position":5,"name":"Serie Universal","item":"https:\/\/www.cuchillalia.com\/categoria\/marcas\/arcos\/universal\/"},{"@type":"ListItem","position":6,"name":"Macheta de 20 cm\/2,5 mm (390 g) &#8211; Arcos Universal 288400"}]},{"@type":"WebSite","@id":"https:\/\/www.cuchillalia.com\/#website","url":"https:\/\/www.cuchillalia.com\/","name":"Cuchillalia.com","description":"","publisher":{"@id":"https:\/\/www.cuchillalia.com\/#organization"},"potentialAction":[{"@type":"SearchAction","target":{"@type":"EntryPoint","urlTemplate":"https:\/\/www.cuchillalia.com\/?s={search_term_string}"},"query-input":{"@type":"PropertyValueSpecification","valueRequired":true,"valueName":"search_term_string"}}],"inLanguage":"en-US"},{"@type":"Organization","@id":"https:\/\/www.cuchillalia.com\/#organization","name":"Cuchillalia","url":"https:\/\/www.cuchillalia.com\/","logo":{"@type":"ImageObject","inLanguage":"en-US","@id":"https:\/\/www.cuchillalia.com\/#\/schema\/logo\/image\/","url":"https:\/\/www.cuchillalia.com\/wordpress\/wp-content\/uploads\/2021\/03\/logo-cuchillalia-jpg.jpg","contentUrl":"https:\/\/www.cuchillalia.com\/wordpress\/wp-content\/uploads\/2021\/03\/logo-cuchillalia-jpg.jpg","width":276,"height":192,"caption":"Cuchillalia"},"image":{"@id":"https:\/\/www.cuchillalia.com\/#\/schema\/logo\/image\/"},"sameAs":["http:\/\/www.facebook.com\/cuchillalia","https:\/\/x.com\/Cuchillalia"]}]}},"_links":{"self":[{"href":"https:\/\/www.cuchillalia.com\/en\/wp-json\/wp\/v2\/product\/32048","targetHints":{"allow":["GET"]}}],"collection":[{"href":"https:\/\/www.cuchillalia.com\/en\/wp-json\/wp\/v2\/product"}],"about":[{"href":"https:\/\/www.cuchillalia.com\/en\/wp-json\/wp\/v2\/types\/product"}],"replies":[{"embeddable":true,"href":"https:\/\/www.cuchillalia.com\/en\/wp-json\/wp\/v2\/comments?post=32048"}],"wp:featuredmedia":[{"embeddable":true,"href":"https:\/\/www.cuchillalia.com\/en\/wp-json\/wp\/v2\/media\/32041"}],"wp:attachment":[{"href":"https:\/\/www.cuchillalia.com\/en\/wp-json\/wp\/v2\/media?parent=32048"}],"wp:term":[{"taxonomy":"product_brand","embeddable":true,"href":"https:\/\/www.cuchillalia.com\/en\/wp-json\/wp\/v2\/product_brand?post=32048"},{"taxonomy":"product_cat","embeddable":true,"href":"https:\/\/www.cuchillalia.com\/en\/wp-json\/wp\/v2\/product_cat?post=32048"},{"taxonomy":"product_tag","embeddable":true,"href":"https:\/\/www.cuchillalia.com\/en\/wp-json\/wp\/v2\/product_tag?post=32048"}],"curies":[{"name":"wp","href":"https:\/\/api.w.org\/{rel}","templated":true}]}}