{"id":3079,"date":"2015-02-02T01:00:00","date_gmt":"2015-02-02T00:00:00","guid":{"rendered":"http:\/\/www.cuchillalia.com\/tienda\/16550-tijera-cortaunas-gatos-apoyadedos-3-claveles\/"},"modified":"2025-09-21T22:58:19","modified_gmt":"2025-09-21T20:58:19","slug":"16550-tijera-cortaunas-gatos-apoyadedos-3-claveles","status":"publish","type":"product","link":"https:\/\/www.cuchillalia.com\/en\/producto\/16550-tijera-cortaunas-gatos-apoyadedos-3-claveles\/","title":{"rendered":"Tijeras corta\u00fa\u00f1as para gatos con apoyadedos &#8211; 3 Claveles 16550"},"content":{"rendered":"<h3>V\u00eddeo del unboxing de la tijera corta\u00fa\u00f1as para Gatos Grandes\u00a0&#8211; 3 Claveles 16550<\/h3>\n<p style='text-align: center;'><div class=\"kad-youtube-shortcode videofit\"  ><iframe loading=\"lazy\" width=\"600\" height=\"400\" src=\"https:\/\/www.youtube.com\/embed\/wJRUDhXrXqM?autoplay=0&controls=1&fs=1&modestbranding=0&theme=dark&rel=0&loop=0\" frameborder=\"0\" allowfullscreen=\"true\"><\/iframe><\/div>\n<h2>Tabla de caracter\u00edsticas Tijera Corta\u00fa\u00f1as Gatos Grandes\u00a03 Claveles 16550<\/h2>\n<div class='tabla-caracteristicas'>\n<div class='fila'><span class='etiqueta'>Nombre comercial:<\/span><span class='valor'><strong>Corta\u00fa\u00f1as para gatos<\/strong><\/span><\/div>\n<div class='fila'><span class='etiqueta'>Fabricante:<\/span><span class='valor'>3 Claveles<\/span><\/div>\n<div class='fila'><span class='etiqueta'>Referencia del fabricante:<\/span><span class='valor'>16550<\/span><\/div>\n<div class='fila'><span class='etiqueta'>Material de la hoja:<\/span><span class='valor'>Acero inoxidable<\/span><\/div>\n<div class='fila'><span class='etiqueta'>Tipo de mango:<\/span><span class='valor'>Ergon\u00f3mico con apoyadedos<\/span><\/div>\n<div class='fila'><span class='etiqueta'>Medidas:<\/span><span class='valor'>10 cm<\/span><\/div>\n<div class='fila'><span class='etiqueta'>\u00bfEs apto para zurdos?:<\/span><span class='valor'>Solo para diestros<\/span><\/div>\n<div class='fila'><span class='etiqueta'>Producci\u00f3n:<\/span><span class='valor'>Estampaci\u00f3n<\/span><\/div>\n<div class='fila'><span class='etiqueta'>Presentaci\u00f3n del producto:<\/span><span class='valor'>Blister de pl\u00e1stico<\/span><\/div>\n<div class='fila'><span class='etiqueta'>C\u00f3digo de barras (GTIN):<\/span><span class='valor'>8410990165504<\/span><\/div>\n<div class='fila'><span class='etiqueta'>Observaciones:<\/span><span class='valor'>&#8211; Con tope de profundidad<\/span><\/div>\n<\/div>\n","protected":false},"excerpt":{"rendered":"<p><strong>Tijera Corta\u00fa\u00f1as<\/strong> con apoyadedos 3 Claveles <strong>para gatos y animales peque\u00f1os<\/strong> con mango ergon\u00f3mico y tope de profundidad, de 10 cm. Presentaci\u00f3n en Display.&hellip; <a class=\"kt-excerpt-readmore more-link\" href=\"https:\/\/www.cuchillalia.com\/en\/producto\/16550-tijera-cortaunas-gatos-apoyadedos-3-claveles\/\" aria-label=\"Tijeras corta\u00fa\u00f1as para gatos con apoyadedos &#8211; 3 Claveles 16550\">Read More<\/a><\/p>\n","protected":false},"featured_media":16221,"comment_status":"open","ping_status":"closed","template":"","meta":[],"product_brand":[],"product_cat":[8339],"product_tag":[],"class_list":{"0":"post-3079","1":"product","2":"type-product","3":"status-publish","4":"has-post-thumbnail","6":"product_cat-perros-gatos","8":"first","9":"instock","10":"taxable","11":"shipping-taxable","12":"purchasable","13":"product-type-simple"},"yoast_head":"<!-- This site is optimized with the Yoast SEO plugin v27.5 - https:\/\/yoast.com\/product\/yoast-seo-wordpress\/ -->\n<title>Tijera Corta\u00fa\u00f1as para Gatos Apoyadedos - 3 Claveles 16550 - Cuchillalia<\/title>\n<meta name=\"description\" content=\"Tijera Corta\u00fa\u00f1as con apoyadedos de 3 Claveles 16550 para gatos y animales peque\u00f1os con mango ergon\u00f3mico, de 10cm, de acero inoxidable.\" \/>\n<meta name=\"robots\" content=\"index, follow, max-snippet:-1, max-image-preview:large, max-video-preview:-1\" \/>\n<link rel=\"canonical\" href=\"https:\/\/www.cuchillalia.com\/producto\/16550-tijera-cortaunas-gatos-apoyadedos-3-claveles\/\" \/>\n<meta property=\"og:locale\" content=\"en_US\" \/>\n<meta property=\"og:type\" content=\"article\" \/>\n<meta property=\"og:title\" content=\"Tijera Corta\u00fa\u00f1as para Gatos Apoyadedos - 3 Claveles 16550 - Cuchillalia\" \/>\n<meta property=\"og:description\" content=\"Tijera Corta\u00fa\u00f1as con apoyadedos de 3 Claveles 16550 para gatos y animales peque\u00f1os con mango ergon\u00f3mico, de 10cm, de acero inoxidable.\" \/>\n<meta property=\"og:url\" content=\"https:\/\/www.cuchillalia.com\/producto\/16550-tijera-cortaunas-gatos-apoyadedos-3-claveles\/\" \/>\n<meta property=\"og:site_name\" content=\"Cuchillalia.com\" \/>\n<meta property=\"article:publisher\" content=\"http:\/\/www.facebook.com\/cuchillalia\" \/>\n<meta property=\"article:modified_time\" content=\"2025-09-21T20:58:19+00:00\" \/>\n<meta property=\"og:image\" content=\"https:\/\/www.cuchillalia.com\/wordpress\/wp-content\/uploads\/2015\/02\/cuchillalia-3-claveles-16550-tijera-cortaunas-gatos-grandes.jpg\" \/>\n\t<meta property=\"og:image:width\" content=\"1600\" \/>\n\t<meta property=\"og:image:height\" content=\"1600\" \/>\n\t<meta property=\"og:image:type\" content=\"image\/jpeg\" \/>\n<meta name=\"twitter:card\" content=\"summary_large_image\" \/>\n<meta name=\"twitter:site\" content=\"@Cuchillalia\" \/>\n<!-- \/ Yoast SEO plugin. -->","yoast_head_json":{"title":"Tijera Corta\u00fa\u00f1as para Gatos Apoyadedos - 3 Claveles 16550 - Cuchillalia","description":"Tijera Corta\u00fa\u00f1as con apoyadedos de 3 Claveles 16550 para gatos y animales peque\u00f1os con mango ergon\u00f3mico, de 10cm, de acero inoxidable.","robots":{"index":"index","follow":"follow","max-snippet":"max-snippet:-1","max-image-preview":"max-image-preview:large","max-video-preview":"max-video-preview:-1"},"canonical":"https:\/\/www.cuchillalia.com\/producto\/16550-tijera-cortaunas-gatos-apoyadedos-3-claveles\/","og_locale":"en_US","og_type":"article","og_title":"Tijera Corta\u00fa\u00f1as para Gatos Apoyadedos - 3 Claveles 16550 - Cuchillalia","og_description":"Tijera Corta\u00fa\u00f1as con apoyadedos de 3 Claveles 16550 para gatos y animales peque\u00f1os con mango ergon\u00f3mico, de 10cm, de acero inoxidable.","og_url":"https:\/\/www.cuchillalia.com\/producto\/16550-tijera-cortaunas-gatos-apoyadedos-3-claveles\/","og_site_name":"Cuchillalia.com","article_publisher":"http:\/\/www.facebook.com\/cuchillalia","article_modified_time":"2025-09-21T20:58:19+00:00","og_image":[{"width":1600,"height":1600,"url":"https:\/\/www.cuchillalia.com\/wordpress\/wp-content\/uploads\/2015\/02\/cuchillalia-3-claveles-16550-tijera-cortaunas-gatos-grandes.jpg","type":"image\/jpeg"}],"twitter_card":"summary_large_image","twitter_site":"@Cuchillalia","schema":{"@context":"https:\/\/schema.org","@graph":[{"@type":"WebPage","@id":"https:\/\/www.cuchillalia.com\/producto\/16550-tijera-cortaunas-gatos-apoyadedos-3-claveles\/","url":"https:\/\/www.cuchillalia.com\/producto\/16550-tijera-cortaunas-gatos-apoyadedos-3-claveles\/","name":"Tijera Corta\u00fa\u00f1as para Gatos Apoyadedos - 3 Claveles 16550 - Cuchillalia","isPartOf":{"@id":"https:\/\/www.cuchillalia.com\/#website"},"primaryImageOfPage":{"@id":"https:\/\/www.cuchillalia.com\/producto\/16550-tijera-cortaunas-gatos-apoyadedos-3-claveles\/#primaryimage"},"image":{"@id":"https:\/\/www.cuchillalia.com\/producto\/16550-tijera-cortaunas-gatos-apoyadedos-3-claveles\/#primaryimage"},"thumbnailUrl":"https:\/\/www.cuchillalia.com\/wordpress\/wp-content\/uploads\/2015\/02\/cuchillalia-3-claveles-16550-tijera-cortaunas-gatos-grandes.jpg","datePublished":"2015-02-02T00:00:00+00:00","dateModified":"2025-09-21T20:58:19+00:00","description":"Tijera Corta\u00fa\u00f1as con apoyadedos de 3 Claveles 16550 para gatos y animales peque\u00f1os con mango ergon\u00f3mico, de 10cm, de acero inoxidable.","breadcrumb":{"@id":"https:\/\/www.cuchillalia.com\/producto\/16550-tijera-cortaunas-gatos-apoyadedos-3-claveles\/#breadcrumb"},"inLanguage":"en-US","potentialAction":[{"@type":"ReadAction","target":["https:\/\/www.cuchillalia.com\/producto\/16550-tijera-cortaunas-gatos-apoyadedos-3-claveles\/"]}]},{"@type":"ImageObject","inLanguage":"en-US","@id":"https:\/\/www.cuchillalia.com\/producto\/16550-tijera-cortaunas-gatos-apoyadedos-3-claveles\/#primaryimage","url":"https:\/\/www.cuchillalia.com\/wordpress\/wp-content\/uploads\/2015\/02\/cuchillalia-3-claveles-16550-tijera-cortaunas-gatos-grandes.jpg","contentUrl":"https:\/\/www.cuchillalia.com\/wordpress\/wp-content\/uploads\/2015\/02\/cuchillalia-3-claveles-16550-tijera-cortaunas-gatos-grandes.jpg","width":1600,"height":1600,"caption":"Tijera Corta\u00fa\u00f1as para Gatos Grandes - 3 Claveles 16550 - Cuchillalia"},{"@type":"BreadcrumbList","@id":"https:\/\/www.cuchillalia.com\/producto\/16550-tijera-cortaunas-gatos-apoyadedos-3-claveles\/#breadcrumb","itemListElement":[{"@type":"ListItem","position":1,"name":"Cuchillalia","item":"https:\/\/www.cuchillalia.com\/en\/"},{"@type":"ListItem","position":2,"name":"Tienda","item":"https:\/\/www.cuchillalia.com\/tienda\/"},{"@type":"ListItem","position":3,"name":"Tijeras","item":"https:\/\/www.cuchillalia.com\/categoria\/tijeras\/"},{"@type":"ListItem","position":4,"name":"Tijeras para perros y gatos","item":"https:\/\/www.cuchillalia.com\/categoria\/tijeras\/perros-gatos\/"},{"@type":"ListItem","position":5,"name":"Tijeras corta\u00fa\u00f1as para gatos con apoyadedos &#8211; 3 Claveles 16550"}]},{"@type":"WebSite","@id":"https:\/\/www.cuchillalia.com\/#website","url":"https:\/\/www.cuchillalia.com\/","name":"Cuchillalia.com","description":"","publisher":{"@id":"https:\/\/www.cuchillalia.com\/#organization"},"potentialAction":[{"@type":"SearchAction","target":{"@type":"EntryPoint","urlTemplate":"https:\/\/www.cuchillalia.com\/?s={search_term_string}"},"query-input":{"@type":"PropertyValueSpecification","valueRequired":true,"valueName":"search_term_string"}}],"inLanguage":"en-US"},{"@type":"Organization","@id":"https:\/\/www.cuchillalia.com\/#organization","name":"Cuchillalia","url":"https:\/\/www.cuchillalia.com\/","logo":{"@type":"ImageObject","inLanguage":"en-US","@id":"https:\/\/www.cuchillalia.com\/#\/schema\/logo\/image\/","url":"https:\/\/www.cuchillalia.com\/wordpress\/wp-content\/uploads\/2021\/03\/logo-cuchillalia-jpg.jpg","contentUrl":"https:\/\/www.cuchillalia.com\/wordpress\/wp-content\/uploads\/2021\/03\/logo-cuchillalia-jpg.jpg","width":276,"height":192,"caption":"Cuchillalia"},"image":{"@id":"https:\/\/www.cuchillalia.com\/#\/schema\/logo\/image\/"},"sameAs":["http:\/\/www.facebook.com\/cuchillalia","https:\/\/x.com\/Cuchillalia"]}]}},"_links":{"self":[{"href":"https:\/\/www.cuchillalia.com\/en\/wp-json\/wp\/v2\/product\/3079","targetHints":{"allow":["GET"]}}],"collection":[{"href":"https:\/\/www.cuchillalia.com\/en\/wp-json\/wp\/v2\/product"}],"about":[{"href":"https:\/\/www.cuchillalia.com\/en\/wp-json\/wp\/v2\/types\/product"}],"replies":[{"embeddable":true,"href":"https:\/\/www.cuchillalia.com\/en\/wp-json\/wp\/v2\/comments?post=3079"}],"wp:featuredmedia":[{"embeddable":true,"href":"https:\/\/www.cuchillalia.com\/en\/wp-json\/wp\/v2\/media\/16221"}],"wp:attachment":[{"href":"https:\/\/www.cuchillalia.com\/en\/wp-json\/wp\/v2\/media?parent=3079"}],"wp:term":[{"taxonomy":"product_brand","embeddable":true,"href":"https:\/\/www.cuchillalia.com\/en\/wp-json\/wp\/v2\/product_brand?post=3079"},{"taxonomy":"product_cat","embeddable":true,"href":"https:\/\/www.cuchillalia.com\/en\/wp-json\/wp\/v2\/product_cat?post=3079"},{"taxonomy":"product_tag","embeddable":true,"href":"https:\/\/www.cuchillalia.com\/en\/wp-json\/wp\/v2\/product_tag?post=3079"}],"curies":[{"name":"wp","href":"https:\/\/api.w.org\/{rel}","templated":true}]}}