{"id":30066,"date":"2017-08-01T20:38:18","date_gmt":"2017-08-01T18:38:18","guid":{"rendered":"https:\/\/www.cuchillalia.com\/tienda\/metaltex-73761591-tabla-cortar-36x23cm-efecto-arena-ranurada\/"},"modified":"2025-07-08T10:22:44","modified_gmt":"2025-07-08T08:22:44","slug":"metaltex-73761591-tabla-cortar-36x23cm-efecto-arena-ranurada","status":"publish","type":"product","link":"https:\/\/www.cuchillalia.com\/en\/producto\/metaltex-73761591-tabla-cortar-36x23cm-efecto-arena-ranurada\/","title":{"rendered":"Tabla de corte en polietileno ranurada de 36&#215;23 cm espesor 15 mm efecto arena &#8211; Metaltex"},"content":{"rendered":"<h2>Tabla de caracter\u00edsticas Tabla de Corte 36&#215;23 efecto arena RANURADA<\/h2>\n<div class='tabla-caracteristicas'>\n<div class='fila'><span class='etiqueta'>Nombre comercial:<\/span><span class='valor'><strong>Tabla de polietileno efecto arena 36&#215;23 cm &#8211; ranurada<\/strong><\/span><\/div>\n<div class='fila'><span class='etiqueta'>Fabricante:<\/span><span class='valor'>Metaltex<\/span><\/div>\n<div class='fila'><span class='etiqueta'>Referencia del fabricante:<\/span><span class='valor'>73761591<\/span><\/div>\n<div class='fila'><span class='etiqueta'>Medidas:<\/span><span class='valor'>Plancha de 36&#215;23 cm<br \/>\nEspesor de 1.5 cm<\/span><\/div>\n<div class='fila'><span class='etiqueta'>Material:<\/span><span class='valor'>Polietileno (PE-500)<\/span><\/div>\n<div class='fila'><span class='etiqueta'>Peso del producto:<\/span><span class='valor'>1160 g (aprox.)<\/span><\/div>\n<div class='fila'><span class='etiqueta'>Presentaci\u00f3n del producto:<\/span><span class='valor'>Envuelta en pl\u00e1stico retr\u00e1ctil<\/span><\/div>\n<div class='fila'><span class='etiqueta'>\u00bfEs apto para el lavavajillas?:<\/span><span class='valor'>Si<\/span><\/div>\n<div class='fila'><span class='etiqueta'>\u00bfDonde se fabrica?:<\/span><span class='valor'>Espa\u00f1a<\/span><\/div>\n<div class='fila'><span class='etiqueta'>C\u00f3digo de barras (GTIN):<\/span><span class='valor'>8002527376165<\/span><\/div>\n<div class='fila'><span class='etiqueta'>Observaciones:<\/span><span class='valor'>&#8211; Higi\u00e9nica. No absorbe olores.<br \/>\n&#8211; La tabla viene con ranuras para la retenci\u00f3n de los l\u00edquidos de los alimentos.<br \/>\n&#8211; Esta tabla de corte de 36&#215;23 cm entra perfectamente en un lavavajillas dom\u00e9stico est\u00e1ndar.<br \/>\n&#8211; Con pies antideslizantes.<br \/>\n&#8211; Lavar antes de su primer uso.<\/span><\/div>\n<\/div>\n<p><img class='aligncenter wp-image-30037 size-medium' title='Las tablas de metaltex traen de serie los taquitos de goma o pies antideslizantes.' src='https:\/\/www.cuchillalia.com\/wordpress\/wp-content\/uploads\/2016\/01\/Pies-antideslizantes-tablas-metaltex-300x300.jpg' alt='Las tablas de metaltex traen de serie los taquitos de goma o pies antideslizantes.' width='300' height='300' \/><\/p>\n<h3>\u00bfY si no encuentro la tabla que necesito?<\/h3>\n<p>Desde <strong><a href='https:\/\/www.cuchillalia.com' target='_blank' rel='noopener noreferrer'>Cuchillalia.com<\/a><\/strong> ofrecemos <strong>tablas de cortar a cualquier medida<\/strong> que puedas imaginar en diferentes colores (<strong>blanco, marr\u00f3n, verde, rojo, azul o amarillo)<\/strong>, con o sin pies antideslizantes, y de <strong>10 a 100 mm de grosor<\/strong> (consultar disponibilidades), fabricadas en Espa\u00f1a con polietileno. Incluso hasta 3 metros de largo.<\/p>\n<p>Visita nuestra p\u00e1gina con el <strong><a href='https:\/\/www.cuchillalia.com\/formulario-tablas-cortar-medida-polietileno\/'>formulario para pedir precio de tabla a medida<\/a><\/strong> sin compromiso.<\/p>\n<p><a href='https:\/\/www.cuchillalia.com\/wordpress\/wp-content\/uploads\/2017\/08\/cuchillalia-detalle-efecto-arena-tablas-metaltex.jpg'><img class='aligncenter wp-image-30050 size-medium' title='Detalle del efecto arena de una tabla de metaltex - Cuchillalia' src='https:\/\/www.cuchillalia.com\/wordpress\/wp-content\/uploads\/2017\/08\/cuchillalia-detalle-efecto-arena-tablas-metaltex-300x300.jpg' alt='Detalle del efecto arena de una tabla de metaltex - Cuchillalia' width='300' height='300' \/><\/a><\/p>\n<h3>\u00bfC\u00f3mo renovar la superficie de una tabla de polietileno?<\/h3>\n<p>Con el uso diario, las tablas de polietileno acumulan cortes y grietas que dificultan una limpieza profunda y reducen su vida \u00fatil. Si notas que tu tabla est\u00e1 desgastada o presenta surcos visibles, no hace falta sustituirla todav\u00eda. Puedes recuperar f\u00e1cilmente su superficie con un <a href='https:\/\/www.cuchillalia.com\/producto\/raspador-tablas-cocina-polietileno-metaltex-737002000\/'><strong>raspador de tablas de cocina de polietileno<\/strong><\/a>, como el modelo que recomendamos en <strong>Cuchillalia.com<\/strong>. Es una soluci\u00f3n pr\u00e1ctica, econ\u00f3mica y muy eficaz para mantener tus tablas siempre en condiciones higi\u00e9nicas \u00f3ptimas.<\/p>\n<div class=\"woocommerce \"><ul class=\"products kad_product_wrapper rowtight shopcolumn4 shopfullwidth init-isotope-intrinsic kt-show-rating  reinit-isotope\" data-nextselector=\".woocommerce-pagination a.next\" data-navselector=\".woocommerce-pagination\" data-itemselector=\".kad_product\" data-itemloadselector=\".kt_item_fade_in\" data-iso-selector=\".kad_product\" data-iso-style=\"fitRows\" data-iso-filter=\"true\">\n<li class=\"product type-product post-244476 status-publish first instock product_cat-tablas-corte product_cat-tablas-corte-metaltex has-post-thumbnail taxable shipping-taxable purchasable product-type-simple col-xxl-2 col-xl-25 col-md-3 col-sm-4 col-xs-6 col-ss-6 tablas-corte tablas-corte-metaltex kad_product\">\n\t<div class=\"grid_item product_item clearfix kt_item_fade_in\"><a href=\"https:\/\/www.cuchillalia.com\/en\/producto\/raspador-tablas-cocina-polietileno-metaltex-737002000\/\" class=\"product_item_link product_img_link\"><div class=\"kad-product-noflipper kt-product-hardcrop kt-product-intrinsic\" style=\"padding-bottom:100%;\"><div class=\"kt-product-animation-contain\"><img decoding=\"async\" src=\"https:\/\/www.cuchillalia.com\/wordpress\/wp-content\/uploads\/2025\/06\/raspador-tablas-polietileno-metaltex-737002000-300x300.jpg\" srcset=\"https:\/\/www.cuchillalia.com\/wordpress\/wp-content\/uploads\/2025\/06\/raspador-tablas-polietileno-metaltex-737002000-300x300.jpg 300w, https:\/\/www.cuchillalia.com\/wordpress\/wp-content\/uploads\/2025\/06\/raspador-tablas-polietileno-metaltex-737002000-1024x1024.jpg 1024w, https:\/\/www.cuchillalia.com\/wordpress\/wp-content\/uploads\/2025\/06\/raspador-tablas-polietileno-metaltex-737002000-150x150.jpg 150w, https:\/\/www.cuchillalia.com\/wordpress\/wp-content\/uploads\/2025\/06\/raspador-tablas-polietileno-metaltex-737002000-768x768.jpg 768w, https:\/\/www.cuchillalia.com\/wordpress\/wp-content\/uploads\/2025\/06\/raspador-tablas-polietileno-metaltex-737002000-1536x1536.jpg 1536w, https:\/\/www.cuchillalia.com\/wordpress\/wp-content\/uploads\/2025\/06\/raspador-tablas-polietileno-metaltex-737002000-200x200.jpg 200w, https:\/\/www.cuchillalia.com\/wordpress\/wp-content\/uploads\/2025\/06\/raspador-tablas-polietileno-metaltex-737002000-566x566.jpg 566w, https:\/\/www.cuchillalia.com\/wordpress\/wp-content\/uploads\/2025\/06\/raspador-tablas-polietileno-metaltex-737002000-100x100.jpg 100w, https:\/\/www.cuchillalia.com\/wordpress\/wp-content\/uploads\/2025\/06\/raspador-tablas-polietileno-metaltex-737002000-720x720.jpg 720w, https:\/\/www.cuchillalia.com\/wordpress\/wp-content\/uploads\/2025\/06\/raspador-tablas-polietileno-metaltex-737002000-360x360.jpg 360w, https:\/\/www.cuchillalia.com\/wordpress\/wp-content\/uploads\/2025\/06\/raspador-tablas-polietileno-metaltex-737002000-600x600.jpg 600w, https:\/\/www.cuchillalia.com\/wordpress\/wp-content\/uploads\/2025\/06\/raspador-tablas-polietileno-metaltex-737002000.jpg 2000w\" sizes=\"(max-width: 300px) 100vw, 300px\"  alt=\"Raspador para tablas de corte de polietileno - Metaltex - Cuchillalia.com\" width=\"300\" height=\"300\" class=\"attachment-shop_catalog wp-post-image size-300x300\"><\/div><\/div><\/a> \n\n\t<div class=\"details_product_item\"><div class=\"product_details\"><a href=\"https:\/\/www.cuchillalia.com\/en\/producto\/raspador-tablas-cocina-polietileno-metaltex-737002000\/\" class=\"product_item_link\"><h3 class=\"product_archive_title\">Raspador para tablas de cocina de polietileno Metaltex<\/h3><\/a><\/div>\t\t\n\t<a href=\"https:\/\/www.cuchillalia.com\/en\/producto\/raspador-tablas-cocina-polietileno-metaltex-737002000\/\"><div class=\"star-rating\" role=\"img\" aria-label=\"Rated 1.00 out of 5\"><span style=\"width:20%\">Rated <strong class=\"rating\">1.00<\/strong> out of 5<\/span><\/div><\/a>\n\t<span class=\"price\"><span class=\"woocommerce-Price-amount amount\"><bdi>36,00<span class=\"woocommerce-Price-currencySymbol\">&euro;<\/span><\/bdi><\/span><\/span>\n<div class=\"clearfix\"><\/div><\/div>\n\t<div class=\"product_action_wrap\"><a href=\"\/en\/wp-json\/wp\/v2\/product\/30066?add-to-cart=244476\" aria-describedby=\"woocommerce_loop_add_to_cart_link_describedby_244476\" data-quantity=\"1\" class=\"button product_type_simple add_to_cart_button ajax_add_to_cart\" data-product_id=\"244476\" data-product_sku=\"ME_737002000\" aria-label=\"Add to cart: &ldquo;Raspador para tablas de cocina de polietileno Metaltex&rdquo;\" rel=\"nofollow\" data-success_message=\"&ldquo;Raspador para tablas de cocina de polietileno Metaltex&rdquo; has been added to your cart\" role=\"button\">Add to cart<\/a>\t<span id=\"woocommerce_loop_add_to_cart_link_describedby_244476\" class=\"screen-reader-text\">\n\t\t\t<\/span>\n\t\t\t<input type=\"hidden\" class=\"pmwProductId\" data-id=\"244476\">\n\t\t\t\t\t<script>\n\t\t\t(window.pmwDataLayer = window.pmwDataLayer || {}).products                = window.pmwDataLayer.products || {};\n\t\t\twindow.pmwDataLayer.products[244476] = {\"id\":\"244476\",\"sku\":\"ME_737002000\",\"price\":36,\"brand\":\"\",\"quantity\":1,\"dyn_r_ids\":{\"post_id\":\"244476\",\"sku\":\"ME_737002000\",\"gpf\":\"woocommerce_gpf_244476\",\"gla\":\"gla_244476\"},\"is_variable\":false,\"type\":\"simple\",\"name\":\"Raspador para tablas de cocina de polietileno Metaltex\",\"category\":[\"Tablas de corte\",\"Tablas de corte de Metaltex\"],\"is_variation\":false};\n\t\t\t\t\twindow.pmw_product_position = window.pmw_product_position || 1;\n\t\twindow.pmwDataLayer.products[244476]['position'] = window.pmw_product_position++;\n\t\t\t\t<\/script>\n\t\t<\/div><\/div><\/li><\/ul>\n<\/div>\n<p>&nbsp;<\/p>\n","protected":false},"excerpt":{"rendered":"<p><strong>Tabla de cortar de polietileno<\/strong> (PE-500) de <strong>Metaltex<\/strong>, con <strong>efecto arena<\/strong>, de 36&#215;23 cm y espesor 15 mm, con <strong>pies antideslizantes<\/strong>. Con ranura para retenci\u00f3n de los l\u00edquidos de los alimentos. Presentado en envasado retr\u00e1ctil. Fabricada en Espa\u00f1a.&hellip; <a class=\"kt-excerpt-readmore more-link\" href=\"https:\/\/www.cuchillalia.com\/en\/producto\/metaltex-73761591-tabla-cortar-36x23cm-efecto-arena-ranurada\/\" aria-label=\"Tabla de corte en polietileno ranurada de 36&#215;23 cm espesor 15 mm efecto arena &#8211; Metaltex\">Read More<\/a><\/p>\n","protected":false},"featured_media":30057,"comment_status":"open","ping_status":"closed","template":"","meta":[],"product_brand":[],"product_cat":[8326,8406],"product_tag":[],"class_list":{"0":"post-30066","1":"product","2":"type-product","3":"status-publish","4":"has-post-thumbnail","6":"product_cat-tablas-corte","7":"product_cat-tablas-corte-metaltex","9":"first","10":"instock","11":"taxable","12":"shipping-taxable","13":"purchasable","14":"product-type-simple"},"yoast_head":"<!-- This site is optimized with the Yoast SEO plugin v27.5 - https:\/\/yoast.com\/product\/yoast-seo-wordpress\/ -->\n<title>Tabla Cortar Polietileno Metaltex 36x23 cm efecto arena ranurada<\/title>\n<meta name=\"description\" content=\"Tabla de Cortar en Polietileno de Metaltex, 73761591, efecto arena, 36x23 cm y espesor 15 mm, ranurada para recoger l\u00edquidos. Con pies antideslizantes. Fabricada en Espa\u00f1a. Presentada en envasado retr\u00e1ctil.\" \/>\n<meta name=\"robots\" content=\"index, follow, max-snippet:-1, max-image-preview:large, max-video-preview:-1\" \/>\n<link rel=\"canonical\" href=\"https:\/\/www.cuchillalia.com\/producto\/metaltex-73761591-tabla-cortar-36x23cm-efecto-arena-ranurada\/\" \/>\n<meta property=\"og:locale\" content=\"en_US\" \/>\n<meta property=\"og:type\" content=\"article\" \/>\n<meta property=\"og:title\" content=\"Tabla Cortar Polietileno Metaltex 36x23 cm efecto arena ranurada\" \/>\n<meta property=\"og:description\" content=\"Tabla de Cortar en Polietileno de Metaltex, 73761591, efecto arena, 36x23 cm y espesor 15 mm, ranurada para recoger l\u00edquidos. Con pies antideslizantes. Fabricada en Espa\u00f1a. Presentada en envasado retr\u00e1ctil.\" \/>\n<meta property=\"og:url\" content=\"https:\/\/www.cuchillalia.com\/producto\/metaltex-73761591-tabla-cortar-36x23cm-efecto-arena-ranurada\/\" \/>\n<meta property=\"og:site_name\" content=\"Cuchillalia.com\" \/>\n<meta property=\"article:publisher\" content=\"http:\/\/www.facebook.com\/cuchillalia\" \/>\n<meta property=\"article:modified_time\" content=\"2025-07-08T08:22:44+00:00\" \/>\n<meta property=\"og:image\" content=\"https:\/\/www.cuchillalia.com\/wordpress\/wp-content\/uploads\/2017\/08\/cuchillalia-metaltex-73761591-tabla-efecto-arena-ranurada.jpg\" \/>\n\t<meta property=\"og:image:width\" content=\"1000\" \/>\n\t<meta property=\"og:image:height\" content=\"1000\" \/>\n\t<meta property=\"og:image:type\" content=\"image\/jpeg\" \/>\n<meta name=\"twitter:card\" content=\"summary_large_image\" \/>\n<meta name=\"twitter:site\" content=\"@Cuchillalia\" \/>\n<meta name=\"twitter:label1\" content=\"Est. reading time\" \/>\n\t<meta name=\"twitter:data1\" content=\"3 minutes\" \/>\n<!-- \/ Yoast SEO plugin. -->","yoast_head_json":{"title":"Tabla Cortar Polietileno Metaltex 36x23 cm efecto arena ranurada","description":"Tabla de Cortar en Polietileno de Metaltex, 73761591, efecto arena, 36x23 cm y espesor 15 mm, ranurada para recoger l\u00edquidos. Con pies antideslizantes. Fabricada en Espa\u00f1a. Presentada en envasado retr\u00e1ctil.","robots":{"index":"index","follow":"follow","max-snippet":"max-snippet:-1","max-image-preview":"max-image-preview:large","max-video-preview":"max-video-preview:-1"},"canonical":"https:\/\/www.cuchillalia.com\/producto\/metaltex-73761591-tabla-cortar-36x23cm-efecto-arena-ranurada\/","og_locale":"en_US","og_type":"article","og_title":"Tabla Cortar Polietileno Metaltex 36x23 cm efecto arena ranurada","og_description":"Tabla de Cortar en Polietileno de Metaltex, 73761591, efecto arena, 36x23 cm y espesor 15 mm, ranurada para recoger l\u00edquidos. Con pies antideslizantes. Fabricada en Espa\u00f1a. Presentada en envasado retr\u00e1ctil.","og_url":"https:\/\/www.cuchillalia.com\/producto\/metaltex-73761591-tabla-cortar-36x23cm-efecto-arena-ranurada\/","og_site_name":"Cuchillalia.com","article_publisher":"http:\/\/www.facebook.com\/cuchillalia","article_modified_time":"2025-07-08T08:22:44+00:00","og_image":[{"width":1000,"height":1000,"url":"https:\/\/www.cuchillalia.com\/wordpress\/wp-content\/uploads\/2017\/08\/cuchillalia-metaltex-73761591-tabla-efecto-arena-ranurada.jpg","type":"image\/jpeg"}],"twitter_card":"summary_large_image","twitter_site":"@Cuchillalia","twitter_misc":{"Est. reading time":"3 minutes"},"schema":{"@context":"https:\/\/schema.org","@graph":[{"@type":"WebPage","@id":"https:\/\/www.cuchillalia.com\/producto\/metaltex-73761591-tabla-cortar-36x23cm-efecto-arena-ranurada\/","url":"https:\/\/www.cuchillalia.com\/producto\/metaltex-73761591-tabla-cortar-36x23cm-efecto-arena-ranurada\/","name":"Tabla Cortar Polietileno Metaltex 36x23 cm efecto arena ranurada","isPartOf":{"@id":"https:\/\/www.cuchillalia.com\/#website"},"primaryImageOfPage":{"@id":"https:\/\/www.cuchillalia.com\/producto\/metaltex-73761591-tabla-cortar-36x23cm-efecto-arena-ranurada\/#primaryimage"},"image":{"@id":"https:\/\/www.cuchillalia.com\/producto\/metaltex-73761591-tabla-cortar-36x23cm-efecto-arena-ranurada\/#primaryimage"},"thumbnailUrl":"https:\/\/www.cuchillalia.com\/wordpress\/wp-content\/uploads\/2017\/08\/cuchillalia-metaltex-73761591-tabla-efecto-arena-ranurada.jpg","datePublished":"2017-08-01T18:38:18+00:00","dateModified":"2025-07-08T08:22:44+00:00","description":"Tabla de Cortar en Polietileno de Metaltex, 73761591, efecto arena, 36x23 cm y espesor 15 mm, ranurada para recoger l\u00edquidos. Con pies antideslizantes. Fabricada en Espa\u00f1a. Presentada en envasado retr\u00e1ctil.","breadcrumb":{"@id":"https:\/\/www.cuchillalia.com\/producto\/metaltex-73761591-tabla-cortar-36x23cm-efecto-arena-ranurada\/#breadcrumb"},"inLanguage":"en-US","potentialAction":[{"@type":"ReadAction","target":["https:\/\/www.cuchillalia.com\/producto\/metaltex-73761591-tabla-cortar-36x23cm-efecto-arena-ranurada\/"]}]},{"@type":"ImageObject","inLanguage":"en-US","@id":"https:\/\/www.cuchillalia.com\/producto\/metaltex-73761591-tabla-cortar-36x23cm-efecto-arena-ranurada\/#primaryimage","url":"https:\/\/www.cuchillalia.com\/wordpress\/wp-content\/uploads\/2017\/08\/cuchillalia-metaltex-73761591-tabla-efecto-arena-ranurada.jpg","contentUrl":"https:\/\/www.cuchillalia.com\/wordpress\/wp-content\/uploads\/2017\/08\/cuchillalia-metaltex-73761591-tabla-efecto-arena-ranurada.jpg","width":1000,"height":1000,"caption":"Tabla de corte efecto arena de 36x23 cm - Metaltex 73761591 - Cuchillalia"},{"@type":"BreadcrumbList","@id":"https:\/\/www.cuchillalia.com\/producto\/metaltex-73761591-tabla-cortar-36x23cm-efecto-arena-ranurada\/#breadcrumb","itemListElement":[{"@type":"ListItem","position":1,"name":"Cuchillalia","item":"https:\/\/www.cuchillalia.com\/en\/"},{"@type":"ListItem","position":2,"name":"Tienda","item":"https:\/\/www.cuchillalia.com\/tienda\/"},{"@type":"ListItem","position":3,"name":"Accesorios para cuchillos","item":"https:\/\/www.cuchillalia.com\/categoria\/accesorios-cuchillos\/"},{"@type":"ListItem","position":4,"name":"Tablas de corte","item":"https:\/\/www.cuchillalia.com\/categoria\/accesorios-cuchillos\/tablas-corte\/"},{"@type":"ListItem","position":5,"name":"Tabla de corte en polietileno ranurada de 36&#215;23 cm espesor 15 mm efecto arena &#8211; Metaltex"}]},{"@type":"WebSite","@id":"https:\/\/www.cuchillalia.com\/#website","url":"https:\/\/www.cuchillalia.com\/","name":"Cuchillalia.com","description":"","publisher":{"@id":"https:\/\/www.cuchillalia.com\/#organization"},"potentialAction":[{"@type":"SearchAction","target":{"@type":"EntryPoint","urlTemplate":"https:\/\/www.cuchillalia.com\/?s={search_term_string}"},"query-input":{"@type":"PropertyValueSpecification","valueRequired":true,"valueName":"search_term_string"}}],"inLanguage":"en-US"},{"@type":"Organization","@id":"https:\/\/www.cuchillalia.com\/#organization","name":"Cuchillalia","url":"https:\/\/www.cuchillalia.com\/","logo":{"@type":"ImageObject","inLanguage":"en-US","@id":"https:\/\/www.cuchillalia.com\/#\/schema\/logo\/image\/","url":"https:\/\/www.cuchillalia.com\/wordpress\/wp-content\/uploads\/2021\/03\/logo-cuchillalia-jpg.jpg","contentUrl":"https:\/\/www.cuchillalia.com\/wordpress\/wp-content\/uploads\/2021\/03\/logo-cuchillalia-jpg.jpg","width":276,"height":192,"caption":"Cuchillalia"},"image":{"@id":"https:\/\/www.cuchillalia.com\/#\/schema\/logo\/image\/"},"sameAs":["http:\/\/www.facebook.com\/cuchillalia","https:\/\/x.com\/Cuchillalia"]}]}},"_links":{"self":[{"href":"https:\/\/www.cuchillalia.com\/en\/wp-json\/wp\/v2\/product\/30066","targetHints":{"allow":["GET"]}}],"collection":[{"href":"https:\/\/www.cuchillalia.com\/en\/wp-json\/wp\/v2\/product"}],"about":[{"href":"https:\/\/www.cuchillalia.com\/en\/wp-json\/wp\/v2\/types\/product"}],"replies":[{"embeddable":true,"href":"https:\/\/www.cuchillalia.com\/en\/wp-json\/wp\/v2\/comments?post=30066"}],"wp:featuredmedia":[{"embeddable":true,"href":"https:\/\/www.cuchillalia.com\/en\/wp-json\/wp\/v2\/media\/30057"}],"wp:attachment":[{"href":"https:\/\/www.cuchillalia.com\/en\/wp-json\/wp\/v2\/media?parent=30066"}],"wp:term":[{"taxonomy":"product_brand","embeddable":true,"href":"https:\/\/www.cuchillalia.com\/en\/wp-json\/wp\/v2\/product_brand?post=30066"},{"taxonomy":"product_cat","embeddable":true,"href":"https:\/\/www.cuchillalia.com\/en\/wp-json\/wp\/v2\/product_cat?post=30066"},{"taxonomy":"product_tag","embeddable":true,"href":"https:\/\/www.cuchillalia.com\/en\/wp-json\/wp\/v2\/product_tag?post=30066"}],"curies":[{"name":"wp","href":"https:\/\/api.w.org\/{rel}","templated":true}]}}