{"id":29181,"date":"2017-06-14T12:27:19","date_gmt":"2017-06-14T10:27:19","guid":{"rendered":"https:\/\/www.cuchillalia.com\/tienda\/arcos-185324-tijera-cocina-mango-blanco\/"},"modified":"2026-04-13T10:42:50","modified_gmt":"2026-04-13T08:42:50","slug":"arcos-185324-tijera-cocina-mango-blanco","status":"publish","type":"product","link":"https:\/\/www.cuchillalia.com\/en\/producto\/arcos-185324-tijera-cocina-mango-blanco\/","title":{"rendered":"Tijeras de cocina de mango blanco de 20 cm &#8211; Arcos 185324"},"content":{"rendered":"<h2>Tabla de caracter\u00edsticas tijeras de cocina blanca Arcos 185324<\/h2>\n<div class='tabla-caracteristicas'>\n<div class='fila'><span class='etiqueta'>Nombre comercial:<\/span><span class='valor'><strong>Tijeras de cocina 200 mm blanco<\/strong><\/span><\/div>\n<div class='fila'><span class='etiqueta'>Fabricante:<\/span><span class='valor'>Arcos<\/span><\/div>\n<div class='fila'><span class='etiqueta'>Referencia del fabricante:<\/span><span class='valor'>185324<\/span><\/div>\n<div class='fila'><span class='etiqueta'>Material de la hoja:<\/span><span class='valor'>Acero inoxidable<\/span><\/div>\n<div class='fila'><span class='etiqueta'>Tipo de hoja:<\/span><span class='valor'>Filo microdentado<\/span><\/div>\n<div class='fila'><span class='etiqueta'>Material del mango:<\/span><span class='valor'>Polipropileno blanco<\/span><\/div>\n<div class='fila'><span class='etiqueta'>Medidas:<\/span><span class='valor'>20 cm &#8211; 8&#8242;<\/span><\/div>\n<div class='fila'><span class='etiqueta'>\u00bfEs apto para zurdos?:<\/span><span class='valor'>Solo para diestros<\/span><\/div>\n<div class='fila'><span class='etiqueta'>Producci\u00f3n:<\/span><span class='valor'>Estampaci\u00f3n<\/span><\/div>\n<div class='fila'><span class='etiqueta'>\u00bfDonde se fabrica?:<\/span><span class='valor'>Jap\u00f3n<\/span><\/div>\n<div class='fila'><span class='etiqueta'>\u00bfQu\u00e9 garant\u00eda tiene?:<\/span><span class='valor'>10 a\u00f1os contra todo defecto de fabricaci\u00f3n, siempre que del producto se haga un uso racional para el cual ha sido fabricado.<\/span><\/div>\n<div class='fila'><span class='etiqueta'>C\u00f3digo de barras (GTIN):<\/span><span class='valor'>8421002185342<\/span><\/div>\n<\/div>\n","protected":false},"excerpt":{"rendered":"<p><strong>Tijeras de cocina Arcos 185324<\/strong>, de 20 cm, en acero inoxidable, con mango acabado <strong>color blanco<\/strong>, a juego con la <strong><a href=\"https:\/\/www.cuchillalia.com\/categoria\/marcas\/arcos\/riviera-blanc\/\">serie Riviera Blanc de Arcos<\/a><\/strong>. <em>Filo microdentado<\/em>. <em>Fabricadas en Jap\u00f3n<\/em>.&hellip; <a class=\"kt-excerpt-readmore more-link\" href=\"https:\/\/www.cuchillalia.com\/en\/producto\/arcos-185324-tijera-cocina-mango-blanco\/\" aria-label=\"Tijeras de cocina de mango blanco de 20 cm &#8211; Arcos 185324\">Read More<\/a><\/p>\n","protected":false},"featured_media":29182,"comment_status":"open","ping_status":"closed","template":"","meta":[],"product_brand":[],"product_cat":[8278,8355],"product_tag":[],"class_list":{"0":"post-29181","1":"product","2":"type-product","3":"status-publish","4":"has-post-thumbnail","6":"product_cat-cocina","7":"product_cat-tijeras-cocina-arcos","9":"first","10":"instock","11":"taxable","12":"shipping-taxable","13":"purchasable","14":"product-type-simple"},"yoast_head":"<!-- This site is optimized with the Yoast SEO plugin v27.5 - https:\/\/yoast.com\/product\/yoast-seo-wordpress\/ -->\n<title>Arcos 185324 Tijeras de cocina de mango blanco 20 cm - Cuchillalia<\/title>\n<meta name=\"description\" content=\"Tijeras de cocina Arcos de 20 cm de largo, con mango de color blanco de polipropileno. Fabricadas en Jap\u00f3n. Garant\u00eda 10 a\u00f1os\" \/>\n<meta name=\"robots\" content=\"index, follow, max-snippet:-1, max-image-preview:large, max-video-preview:-1\" \/>\n<link rel=\"canonical\" href=\"https:\/\/www.cuchillalia.com\/producto\/arcos-185324-tijera-cocina-mango-blanco\/\" \/>\n<meta property=\"og:locale\" content=\"en_US\" \/>\n<meta property=\"og:type\" content=\"article\" \/>\n<meta property=\"og:title\" content=\"Arcos 185324 Tijeras de cocina de mango blanco 20 cm - Cuchillalia\" \/>\n<meta property=\"og:description\" content=\"Tijeras de cocina Arcos de 20 cm de largo, con mango de color blanco de polipropileno. Fabricadas en Jap\u00f3n. Garant\u00eda 10 a\u00f1os\" \/>\n<meta property=\"og:url\" content=\"https:\/\/www.cuchillalia.com\/producto\/arcos-185324-tijera-cocina-mango-blanco\/\" \/>\n<meta property=\"og:site_name\" content=\"Cuchillalia.com\" \/>\n<meta property=\"article:publisher\" content=\"http:\/\/www.facebook.com\/cuchillalia\" \/>\n<meta property=\"article:modified_time\" content=\"2026-04-13T08:42:50+00:00\" \/>\n<meta property=\"og:image\" content=\"https:\/\/www.cuchillalia.com\/wordpress\/wp-content\/uploads\/2017\/06\/cuchillalia-arcos-185324-tijera-cocina-mango-blanco.jpg\" \/>\n\t<meta property=\"og:image:width\" content=\"1500\" \/>\n\t<meta property=\"og:image:height\" content=\"1500\" \/>\n\t<meta property=\"og:image:type\" content=\"image\/jpeg\" \/>\n<meta name=\"twitter:card\" content=\"summary_large_image\" \/>\n<meta name=\"twitter:site\" content=\"@Cuchillalia\" \/>\n<!-- \/ Yoast SEO plugin. -->","yoast_head_json":{"title":"Arcos 185324 Tijeras de cocina de mango blanco 20 cm - Cuchillalia","description":"Tijeras de cocina Arcos de 20 cm de largo, con mango de color blanco de polipropileno. Fabricadas en Jap\u00f3n. Garant\u00eda 10 a\u00f1os","robots":{"index":"index","follow":"follow","max-snippet":"max-snippet:-1","max-image-preview":"max-image-preview:large","max-video-preview":"max-video-preview:-1"},"canonical":"https:\/\/www.cuchillalia.com\/producto\/arcos-185324-tijera-cocina-mango-blanco\/","og_locale":"en_US","og_type":"article","og_title":"Arcos 185324 Tijeras de cocina de mango blanco 20 cm - Cuchillalia","og_description":"Tijeras de cocina Arcos de 20 cm de largo, con mango de color blanco de polipropileno. Fabricadas en Jap\u00f3n. Garant\u00eda 10 a\u00f1os","og_url":"https:\/\/www.cuchillalia.com\/producto\/arcos-185324-tijera-cocina-mango-blanco\/","og_site_name":"Cuchillalia.com","article_publisher":"http:\/\/www.facebook.com\/cuchillalia","article_modified_time":"2026-04-13T08:42:50+00:00","og_image":[{"width":1500,"height":1500,"url":"https:\/\/www.cuchillalia.com\/wordpress\/wp-content\/uploads\/2017\/06\/cuchillalia-arcos-185324-tijera-cocina-mango-blanco.jpg","type":"image\/jpeg"}],"twitter_card":"summary_large_image","twitter_site":"@Cuchillalia","schema":{"@context":"https:\/\/schema.org","@graph":[{"@type":"WebPage","@id":"https:\/\/www.cuchillalia.com\/producto\/arcos-185324-tijera-cocina-mango-blanco\/","url":"https:\/\/www.cuchillalia.com\/producto\/arcos-185324-tijera-cocina-mango-blanco\/","name":"Arcos 185324 Tijeras de cocina de mango blanco 20 cm - Cuchillalia","isPartOf":{"@id":"https:\/\/www.cuchillalia.com\/#website"},"primaryImageOfPage":{"@id":"https:\/\/www.cuchillalia.com\/producto\/arcos-185324-tijera-cocina-mango-blanco\/#primaryimage"},"image":{"@id":"https:\/\/www.cuchillalia.com\/producto\/arcos-185324-tijera-cocina-mango-blanco\/#primaryimage"},"thumbnailUrl":"https:\/\/www.cuchillalia.com\/wordpress\/wp-content\/uploads\/2017\/06\/cuchillalia-arcos-185324-tijera-cocina-mango-blanco.jpg","datePublished":"2017-06-14T10:27:19+00:00","dateModified":"2026-04-13T08:42:50+00:00","description":"Tijeras de cocina Arcos de 20 cm de largo, con mango de color blanco de polipropileno. Fabricadas en Jap\u00f3n. Garant\u00eda 10 a\u00f1os","breadcrumb":{"@id":"https:\/\/www.cuchillalia.com\/producto\/arcos-185324-tijera-cocina-mango-blanco\/#breadcrumb"},"inLanguage":"en-US","potentialAction":[{"@type":"ReadAction","target":["https:\/\/www.cuchillalia.com\/producto\/arcos-185324-tijera-cocina-mango-blanco\/"]}]},{"@type":"ImageObject","inLanguage":"en-US","@id":"https:\/\/www.cuchillalia.com\/producto\/arcos-185324-tijera-cocina-mango-blanco\/#primaryimage","url":"https:\/\/www.cuchillalia.com\/wordpress\/wp-content\/uploads\/2017\/06\/cuchillalia-arcos-185324-tijera-cocina-mango-blanco.jpg","contentUrl":"https:\/\/www.cuchillalia.com\/wordpress\/wp-content\/uploads\/2017\/06\/cuchillalia-arcos-185324-tijera-cocina-mango-blanco.jpg","width":1500,"height":1500,"caption":"Arcos 185324 - Tijera de Cocina Usos Varios Inoxidable 8\" Mangos Blancos - Cuchillalia"},{"@type":"BreadcrumbList","@id":"https:\/\/www.cuchillalia.com\/producto\/arcos-185324-tijera-cocina-mango-blanco\/#breadcrumb","itemListElement":[{"@type":"ListItem","position":1,"name":"Cuchillalia","item":"https:\/\/www.cuchillalia.com\/en\/"},{"@type":"ListItem","position":2,"name":"Tienda","item":"https:\/\/www.cuchillalia.com\/tienda\/"},{"@type":"ListItem","position":3,"name":"Marcas","item":"https:\/\/www.cuchillalia.com\/categoria\/marcas\/"},{"@type":"ListItem","position":4,"name":"Arcos","item":"https:\/\/www.cuchillalia.com\/categoria\/marcas\/arcos\/"},{"@type":"ListItem","position":5,"name":"Tijeras de cocina de Arcos","item":"https:\/\/www.cuchillalia.com\/categoria\/marcas\/arcos\/tijeras-cocina-arcos\/"},{"@type":"ListItem","position":6,"name":"Tijeras de cocina de mango blanco de 20 cm &#8211; Arcos 185324"}]},{"@type":"WebSite","@id":"https:\/\/www.cuchillalia.com\/#website","url":"https:\/\/www.cuchillalia.com\/","name":"Cuchillalia.com","description":"","publisher":{"@id":"https:\/\/www.cuchillalia.com\/#organization"},"potentialAction":[{"@type":"SearchAction","target":{"@type":"EntryPoint","urlTemplate":"https:\/\/www.cuchillalia.com\/?s={search_term_string}"},"query-input":{"@type":"PropertyValueSpecification","valueRequired":true,"valueName":"search_term_string"}}],"inLanguage":"en-US"},{"@type":"Organization","@id":"https:\/\/www.cuchillalia.com\/#organization","name":"Cuchillalia","url":"https:\/\/www.cuchillalia.com\/","logo":{"@type":"ImageObject","inLanguage":"en-US","@id":"https:\/\/www.cuchillalia.com\/#\/schema\/logo\/image\/","url":"https:\/\/www.cuchillalia.com\/wordpress\/wp-content\/uploads\/2021\/03\/logo-cuchillalia-jpg.jpg","contentUrl":"https:\/\/www.cuchillalia.com\/wordpress\/wp-content\/uploads\/2021\/03\/logo-cuchillalia-jpg.jpg","width":276,"height":192,"caption":"Cuchillalia"},"image":{"@id":"https:\/\/www.cuchillalia.com\/#\/schema\/logo\/image\/"},"sameAs":["http:\/\/www.facebook.com\/cuchillalia","https:\/\/x.com\/Cuchillalia"]}]}},"_links":{"self":[{"href":"https:\/\/www.cuchillalia.com\/en\/wp-json\/wp\/v2\/product\/29181","targetHints":{"allow":["GET"]}}],"collection":[{"href":"https:\/\/www.cuchillalia.com\/en\/wp-json\/wp\/v2\/product"}],"about":[{"href":"https:\/\/www.cuchillalia.com\/en\/wp-json\/wp\/v2\/types\/product"}],"replies":[{"embeddable":true,"href":"https:\/\/www.cuchillalia.com\/en\/wp-json\/wp\/v2\/comments?post=29181"}],"wp:featuredmedia":[{"embeddable":true,"href":"https:\/\/www.cuchillalia.com\/en\/wp-json\/wp\/v2\/media\/29182"}],"wp:attachment":[{"href":"https:\/\/www.cuchillalia.com\/en\/wp-json\/wp\/v2\/media?parent=29181"}],"wp:term":[{"taxonomy":"product_brand","embeddable":true,"href":"https:\/\/www.cuchillalia.com\/en\/wp-json\/wp\/v2\/product_brand?post=29181"},{"taxonomy":"product_cat","embeddable":true,"href":"https:\/\/www.cuchillalia.com\/en\/wp-json\/wp\/v2\/product_cat?post=29181"},{"taxonomy":"product_tag","embeddable":true,"href":"https:\/\/www.cuchillalia.com\/en\/wp-json\/wp\/v2\/product_tag?post=29181"}],"curies":[{"name":"wp","href":"https:\/\/api.w.org\/{rel}","templated":true}]}}