{"id":28071,"date":"2017-05-18T11:30:36","date_gmt":"2017-05-18T09:30:36","guid":{"rendered":"https:\/\/www.cuchillalia.com\/tienda\/kai-shun-dm-0900-rallador-2-caras\/"},"modified":"2026-05-17T02:52:31","modified_gmt":"2026-05-17T00:52:31","slug":"kai-shun-dm-0900-rallador-2-caras","status":"publish","type":"product","link":"https:\/\/www.cuchillalia.com\/en\/producto\/kai-shun-dm-0900-rallador-2-caras\/","title":{"rendered":"Rallador de 2 caras &#8211; KAI Shun DM-0900"},"content":{"rendered":"<h2>Tabla de caracter\u00edsticas Rallador KAI Shun DM-0900<\/h2>\n<div class='tabla-caracteristicas'>\n<div class='fila'><span class='etiqueta'>Nombre comercial:<\/span><span class='valor'><strong>Micro-rallador Shun 2 caras<\/strong><\/span><\/div>\n<div class='fila'><span class='etiqueta'>Fabricante:<\/span><span class='valor'>KAI<\/span><\/div>\n<div class='fila'><span class='etiqueta'>Referencia del fabricante:<\/span><span class='valor'>DM-0900<\/span><\/div>\n<div class='fila'><span class='etiqueta'>Material del mango:<\/span><span class='valor'>Acero inoxidable<\/span><\/div>\n<div class='fila'><span class='etiqueta'>Medidas:<\/span><span class='valor'>27,5&#215;14,3&#215;0.5 cm (Largo x Ancho x Alto)<\/span><\/div>\n<div class='fila'><span class='etiqueta'>Material:<\/span><span class='valor'>Acero inoxidable<\/span><\/div>\n<div class='fila'><span class='etiqueta'>Peso del producto:<\/span><span class='valor'>290 g<\/span><\/div>\n<div class='fila'><span class='etiqueta'>Presentaci\u00f3n del producto:<\/span><span class='valor'>Caja para regalo<\/span><\/div>\n<div class='fila'><span class='etiqueta'>\u00bfDonde se fabrica?:<\/span><span class='valor'>Jap\u00f3n<\/span><\/div>\n<div class='fila'><span class='etiqueta'>C\u00f3digo de barras (GTIN):<\/span><span class='valor'>4901601351323<\/span><\/div>\n<div class='fila'><span class='etiqueta'>Observaciones:<\/span><span class='valor'>&#8211; Caracter\u00edsticas:<br \/>\n     Gran superficie de rallado, para un uso mucho mas c\u00f3modo y efectivo.<br \/>\n     Se puede usar por los dos lados, uno para rallado fino y el otro para rallado muy fino.<br \/>\n     Adecuado para rallar r\u00e1bano picante, tomates, zanahorias, ajo, wasabi, jengibre, &#8230;<br \/>\n&#8211; Modo de empleo:<br \/>\n     La cara mas gruesa es para el daikon (r\u00e1bano japon\u00e9s), zanahoria, manzana, &#8230;<br \/>\n     El dorso, mas fino, es para el ajo, jengibre, la patata, &#8230;<br \/>\n     F\u00e1cil de limpiar con el cepillo de bamb\u00fa (inclu\u00eddo en la caja).<br \/>\n&#8211; Contenido de la caja:<br \/>\n     Rallador KAI Shun DM-0900.<br \/>\n     Cepillo de bamb\u00fa para la limpieza.<br \/>\n     Instrucciones en ingl\u00e9s, alem\u00e1n, franc\u00e9s.<br \/>\n&#8211; Presentado en elegante caja para regalo.<\/span><\/div>\n<\/div>\n<p><a href='https:\/\/www.cuchillalia.com\/wordpress\/wp-content\/uploads\/2017\/05\/cuchillalia-kai-shun-dm-0900-rallador-2-caras-unboxing-2.jpg'><img class='aligncenter wp-image-28076 size-medium' title='KAI Shun DM-0900 - Rallador 2 caras - Unboxing - Cuchillalia' src='https:\/\/www.cuchillalia.com\/wordpress\/wp-content\/uploads\/2017\/05\/cuchillalia-kai-shun-dm-0900-rallador-2-caras-unboxing-2-225x300.jpg' alt='KAI Shun DM-0900 - Rallador 2 caras - Unboxing - Cuchillalia' width='225' height='300' \/><img class='aligncenter wp-image-28074 size-medium' title='KAI Shun DM-0900 - Rallador 2 caras - Unboxing - Cuchillalia' src='https:\/\/www.cuchillalia.com\/wordpress\/wp-content\/uploads\/2017\/05\/cuchillalia-kai-shun-dm-0900-rallador-2-caras-caja-abriendose-225x300.jpg' alt='KAI Shun DM-0900 - Rallador 2 caras - Unboxing - Cuchillalia' width='225' height='300' \/><\/a><\/p>\n","protected":false},"excerpt":{"rendered":"<p><strong>Rallador a dos caras<\/strong> (fino\/extrafino) <strong>KAI Shun DM-0900<\/strong> de acero inoxidable, presentado en caja de regalo y con cepillo de bamb\u00fa para la limpieza.&hellip; <a class=\"kt-excerpt-readmore more-link\" href=\"https:\/\/www.cuchillalia.com\/en\/producto\/kai-shun-dm-0900-rallador-2-caras\/\" aria-label=\"Rallador de 2 caras &#8211; KAI Shun DM-0900\">Read More<\/a><\/p>\n","protected":false},"featured_media":28075,"comment_status":"open","ping_status":"closed","template":"","meta":[],"product_brand":[],"product_cat":[8380,8285],"product_tag":[],"class_list":{"0":"post-28071","1":"product","2":"type-product","3":"status-publish","4":"has-post-thumbnail","6":"product_cat-accesorios-kai","7":"product_cat-ralladores","9":"first","10":"outofstock","11":"taxable","12":"shipping-taxable","13":"purchasable","14":"product-type-simple"},"yoast_head":"<!-- This site is optimized with the Yoast SEO plugin v27.5 - https:\/\/yoast.com\/product\/yoast-seo-wordpress\/ -->\n<title>KAI Shun DM-0900 - Rallador a dos caras - Cuchillalia<\/title>\n<meta name=\"description\" content=\"Rallador a dos caras (fino\/extrafino) KAI Shun DM-0900 de acero inoxidable, presentado en caja de regalo y con cepillo de bamb\u00fa para la limpieza.\" \/>\n<meta name=\"robots\" content=\"index, follow, max-snippet:-1, max-image-preview:large, max-video-preview:-1\" \/>\n<link rel=\"canonical\" href=\"https:\/\/www.cuchillalia.com\/producto\/kai-shun-dm-0900-rallador-2-caras\/\" \/>\n<meta property=\"og:locale\" content=\"en_US\" \/>\n<meta property=\"og:type\" content=\"article\" \/>\n<meta property=\"og:title\" content=\"KAI Shun DM-0900 - Rallador a dos caras - Cuchillalia\" \/>\n<meta property=\"og:description\" content=\"Rallador a dos caras (fino\/extrafino) KAI Shun DM-0900 de acero inoxidable, presentado en caja de regalo y con cepillo de bamb\u00fa para la limpieza.\" \/>\n<meta property=\"og:url\" content=\"https:\/\/www.cuchillalia.com\/producto\/kai-shun-dm-0900-rallador-2-caras\/\" \/>\n<meta property=\"og:site_name\" content=\"Cuchillalia.com\" \/>\n<meta property=\"article:publisher\" content=\"http:\/\/www.facebook.com\/cuchillalia\" \/>\n<meta property=\"article:modified_time\" content=\"2026-05-17T00:52:31+00:00\" \/>\n<meta property=\"og:image\" content=\"https:\/\/www.cuchillalia.com\/wordpress\/wp-content\/uploads\/2017\/05\/cuchillalia-kai-shun-dm-0900-rallador-2-caras.jpg\" \/>\n\t<meta property=\"og:image:width\" content=\"700\" \/>\n\t<meta property=\"og:image:height\" content=\"700\" \/>\n\t<meta property=\"og:image:type\" content=\"image\/jpeg\" \/>\n<meta name=\"twitter:card\" content=\"summary_large_image\" \/>\n<meta name=\"twitter:site\" content=\"@Cuchillalia\" \/>\n<meta name=\"twitter:label1\" content=\"Est. reading time\" \/>\n\t<meta name=\"twitter:data1\" content=\"1 minute\" \/>\n<!-- \/ Yoast SEO plugin. -->","yoast_head_json":{"title":"KAI Shun DM-0900 - Rallador a dos caras - Cuchillalia","description":"Rallador a dos caras (fino\/extrafino) KAI Shun DM-0900 de acero inoxidable, presentado en caja de regalo y con cepillo de bamb\u00fa para la limpieza.","robots":{"index":"index","follow":"follow","max-snippet":"max-snippet:-1","max-image-preview":"max-image-preview:large","max-video-preview":"max-video-preview:-1"},"canonical":"https:\/\/www.cuchillalia.com\/producto\/kai-shun-dm-0900-rallador-2-caras\/","og_locale":"en_US","og_type":"article","og_title":"KAI Shun DM-0900 - Rallador a dos caras - Cuchillalia","og_description":"Rallador a dos caras (fino\/extrafino) KAI Shun DM-0900 de acero inoxidable, presentado en caja de regalo y con cepillo de bamb\u00fa para la limpieza.","og_url":"https:\/\/www.cuchillalia.com\/producto\/kai-shun-dm-0900-rallador-2-caras\/","og_site_name":"Cuchillalia.com","article_publisher":"http:\/\/www.facebook.com\/cuchillalia","article_modified_time":"2026-05-17T00:52:31+00:00","og_image":[{"width":700,"height":700,"url":"https:\/\/www.cuchillalia.com\/wordpress\/wp-content\/uploads\/2017\/05\/cuchillalia-kai-shun-dm-0900-rallador-2-caras.jpg","type":"image\/jpeg"}],"twitter_card":"summary_large_image","twitter_site":"@Cuchillalia","twitter_misc":{"Est. reading time":"1 minute"},"schema":{"@context":"https:\/\/schema.org","@graph":[{"@type":"WebPage","@id":"https:\/\/www.cuchillalia.com\/producto\/kai-shun-dm-0900-rallador-2-caras\/","url":"https:\/\/www.cuchillalia.com\/producto\/kai-shun-dm-0900-rallador-2-caras\/","name":"KAI Shun DM-0900 - Rallador a dos caras - Cuchillalia","isPartOf":{"@id":"https:\/\/www.cuchillalia.com\/#website"},"primaryImageOfPage":{"@id":"https:\/\/www.cuchillalia.com\/producto\/kai-shun-dm-0900-rallador-2-caras\/#primaryimage"},"image":{"@id":"https:\/\/www.cuchillalia.com\/producto\/kai-shun-dm-0900-rallador-2-caras\/#primaryimage"},"thumbnailUrl":"https:\/\/www.cuchillalia.com\/wordpress\/wp-content\/uploads\/2017\/05\/cuchillalia-kai-shun-dm-0900-rallador-2-caras.jpg","datePublished":"2017-05-18T09:30:36+00:00","dateModified":"2026-05-17T00:52:31+00:00","description":"Rallador a dos caras (fino\/extrafino) KAI Shun DM-0900 de acero inoxidable, presentado en caja de regalo y con cepillo de bamb\u00fa para la limpieza.","breadcrumb":{"@id":"https:\/\/www.cuchillalia.com\/producto\/kai-shun-dm-0900-rallador-2-caras\/#breadcrumb"},"inLanguage":"en-US","potentialAction":[{"@type":"ReadAction","target":["https:\/\/www.cuchillalia.com\/producto\/kai-shun-dm-0900-rallador-2-caras\/"]}]},{"@type":"ImageObject","inLanguage":"en-US","@id":"https:\/\/www.cuchillalia.com\/producto\/kai-shun-dm-0900-rallador-2-caras\/#primaryimage","url":"https:\/\/www.cuchillalia.com\/wordpress\/wp-content\/uploads\/2017\/05\/cuchillalia-kai-shun-dm-0900-rallador-2-caras.jpg","contentUrl":"https:\/\/www.cuchillalia.com\/wordpress\/wp-content\/uploads\/2017\/05\/cuchillalia-kai-shun-dm-0900-rallador-2-caras.jpg","width":700,"height":700,"caption":"KAI Shun DM-0900 - Rallador 2 caras - Cuchillalia"},{"@type":"BreadcrumbList","@id":"https:\/\/www.cuchillalia.com\/producto\/kai-shun-dm-0900-rallador-2-caras\/#breadcrumb","itemListElement":[{"@type":"ListItem","position":1,"name":"Cuchillalia","item":"https:\/\/www.cuchillalia.com\/en\/"},{"@type":"ListItem","position":2,"name":"Tienda","item":"https:\/\/www.cuchillalia.com\/tienda\/"},{"@type":"ListItem","position":3,"name":"Marcas","item":"https:\/\/www.cuchillalia.com\/categoria\/marcas\/"},{"@type":"ListItem","position":4,"name":"KAI","item":"https:\/\/www.cuchillalia.com\/categoria\/marcas\/kai\/"},{"@type":"ListItem","position":5,"name":"Accesorios KAI","item":"https:\/\/www.cuchillalia.com\/categoria\/marcas\/kai\/accesorios-kai\/"},{"@type":"ListItem","position":6,"name":"Rallador de 2 caras &#8211; KAI Shun DM-0900"}]},{"@type":"WebSite","@id":"https:\/\/www.cuchillalia.com\/#website","url":"https:\/\/www.cuchillalia.com\/","name":"Cuchillalia.com","description":"","publisher":{"@id":"https:\/\/www.cuchillalia.com\/#organization"},"potentialAction":[{"@type":"SearchAction","target":{"@type":"EntryPoint","urlTemplate":"https:\/\/www.cuchillalia.com\/?s={search_term_string}"},"query-input":{"@type":"PropertyValueSpecification","valueRequired":true,"valueName":"search_term_string"}}],"inLanguage":"en-US"},{"@type":"Organization","@id":"https:\/\/www.cuchillalia.com\/#organization","name":"Cuchillalia","url":"https:\/\/www.cuchillalia.com\/","logo":{"@type":"ImageObject","inLanguage":"en-US","@id":"https:\/\/www.cuchillalia.com\/#\/schema\/logo\/image\/","url":"https:\/\/www.cuchillalia.com\/wordpress\/wp-content\/uploads\/2021\/03\/logo-cuchillalia-jpg.jpg","contentUrl":"https:\/\/www.cuchillalia.com\/wordpress\/wp-content\/uploads\/2021\/03\/logo-cuchillalia-jpg.jpg","width":276,"height":192,"caption":"Cuchillalia"},"image":{"@id":"https:\/\/www.cuchillalia.com\/#\/schema\/logo\/image\/"},"sameAs":["http:\/\/www.facebook.com\/cuchillalia","https:\/\/x.com\/Cuchillalia"]}]}},"_links":{"self":[{"href":"https:\/\/www.cuchillalia.com\/en\/wp-json\/wp\/v2\/product\/28071","targetHints":{"allow":["GET"]}}],"collection":[{"href":"https:\/\/www.cuchillalia.com\/en\/wp-json\/wp\/v2\/product"}],"about":[{"href":"https:\/\/www.cuchillalia.com\/en\/wp-json\/wp\/v2\/types\/product"}],"replies":[{"embeddable":true,"href":"https:\/\/www.cuchillalia.com\/en\/wp-json\/wp\/v2\/comments?post=28071"}],"wp:featuredmedia":[{"embeddable":true,"href":"https:\/\/www.cuchillalia.com\/en\/wp-json\/wp\/v2\/media\/28075"}],"wp:attachment":[{"href":"https:\/\/www.cuchillalia.com\/en\/wp-json\/wp\/v2\/media?parent=28071"}],"wp:term":[{"taxonomy":"product_brand","embeddable":true,"href":"https:\/\/www.cuchillalia.com\/en\/wp-json\/wp\/v2\/product_brand?post=28071"},{"taxonomy":"product_cat","embeddable":true,"href":"https:\/\/www.cuchillalia.com\/en\/wp-json\/wp\/v2\/product_cat?post=28071"},{"taxonomy":"product_tag","embeddable":true,"href":"https:\/\/www.cuchillalia.com\/en\/wp-json\/wp\/v2\/product_tag?post=28071"}],"curies":[{"name":"wp","href":"https:\/\/api.w.org\/{rel}","templated":true}]}}