{"id":27892,"date":"2017-05-15T13:10:13","date_gmt":"2017-05-15T11:10:13","guid":{"rendered":"https:\/\/www.cuchillalia.com\/tienda\/juego-piedras-naturales-maquinas-afilar-manuales-ebel-pro\/"},"modified":"2026-05-17T02:52:31","modified_gmt":"2026-05-17T00:52:31","slug":"juego-piedras-naturales-maquinas-afilar-manuales-ebel-pro","status":"publish","type":"product","link":"https:\/\/www.cuchillalia.com\/en\/producto\/juego-piedras-naturales-maquinas-afilar-manuales-ebel-pro\/","title":{"rendered":"Juego de piedras para m\u00e1quinas de afilar manuales Ebel Pro &#8211; A Pedra Das Meigas"},"content":{"rendered":"<h2>Tabla de caracter\u00edsticas kit de piedras para m\u00e1quinas de afilar manuales tipo Edge PRO<\/h2>\n<div class='tabla-caracteristicas'>\n<div class='fila'><span class='etiqueta'>Nombre comercial:<\/span><span class='valor'><strong>Juego de piedras naturales para su uso en m\u00e1quinas de afilar manuales EbelPro y similares<\/strong><\/span><\/div>\n<div class='fila'><span class='etiqueta'>Fabricante:<\/span><span class='valor'>A Pedra Das Meigas<\/span><\/div>\n<div class='fila'><span class='etiqueta'>Referencia del fabricante:<\/span><span class='valor'>EBEL<\/span><\/div>\n<div class='fila'><span class='etiqueta'>Medidas:<\/span><span class='valor'>Piedras 0 a 5:     15&#215;2,5&#215;2 (+0,5) cm<br \/>\nPiedra 6 (pulir):     15&#215;2,5&#215;1,7 (+0,5) cm<br \/>\nN\u00famero 7 (cuero):     15&#215;2,5&#215;0,4 (+0,5) cm<br \/>\nSoporte de pl\u00e1stico:     16,3&#215;2,6&#215;0.5 cm<\/p>\n<p>Al espesor de cada piedra se le suman 0.5 cm que corresponden al soporte de pl\u00e1stico.<\/p>\n<p>Todas las medidas son aproximadas. Al ser piedras naturales, pueden variar de un bl\u00edster a otro.<\/span><\/div>\n<div class='fila'><span class='etiqueta'>Material:<\/span><span class='valor'>Piedra natural<\/span><\/div>\n<div class='fila'><span class='etiqueta'>Peso del producto:<\/span><span class='valor'>Piedras 0 a 6:     175 a 225 g<br \/>\nN\u00famero 7 (cuero):     37 g<\/p>\n<p>Pesos aproximados. Al ser piedras naturales, pueden variar de un bl\u00edster a otro.<\/span><\/div>\n<div class='fila'><span class='etiqueta'>Presentaci\u00f3n del producto:<\/span><span class='valor'>Blister de pl\u00e1stico<\/span><\/div>\n<div class='fila'><span class='etiqueta'>\u00bfDonde se fabrica?:<\/span><span class='valor'>Espa\u00f1a<\/span><\/div>\n<div class='fila'><span class='etiqueta'>C\u00f3digo de barras (GTIN):<\/span><span class='valor'>8436538040867<\/span><\/div>\n<\/div>\n","protected":false},"excerpt":{"rendered":"<p>Juego de <strong>7 Piedras naturales para Afilar y asentador de cuero<\/strong> para m\u00e1quinas de afilar manuales como la <strong>EBEL PRO<\/strong> o las cl\u00f3nicas <strong>EDGE PRO<\/strong>. <em>Para afilar\u00a0con agua<\/em>, fabricadas por\u00a0<strong>A Pedra Das Meigas<\/strong>.\u00a0Presentadas en blister. <em>Fabricado en Espa\u00f1a<\/em>.&hellip; <a class=\"kt-excerpt-readmore more-link\" href=\"https:\/\/www.cuchillalia.com\/en\/producto\/juego-piedras-naturales-maquinas-afilar-manuales-ebel-pro\/\" aria-label=\"Juego de piedras para m\u00e1quinas de afilar manuales Ebel Pro &#8211; A Pedra Das Meigas\">Read More<\/a><\/p>\n","protected":false},"featured_media":27918,"comment_status":"open","ping_status":"closed","template":"","meta":[],"product_brand":[],"product_cat":[8347,8329],"product_tag":[],"class_list":{"0":"post-27892","1":"product","2":"type-product","3":"status-publish","4":"has-post-thumbnail","6":"product_cat-piedras-afilar-pedra-meigas","7":"product_cat-piedras-afilar","9":"first","10":"instock","11":"taxable","12":"shipping-taxable","13":"purchasable","14":"product-type-simple"},"yoast_head":"<!-- This site is optimized with the Yoast SEO plugin v27.5 - https:\/\/yoast.com\/product\/yoast-seo-wordpress\/ -->\n<title>Juego de 7 piedras naturales para m\u00e1quinas afilar manuales | Cuchillalia<\/title>\n<meta name=\"description\" content=\"Kit de 6 piedras para afilar y pulidor de cuero de A Pedra Das Meigas para m\u00e1quinas de afilado manual tipo Edge PRO, Ebel PRO o cl\u00f3nicos\" \/>\n<meta name=\"robots\" content=\"index, follow, max-snippet:-1, max-image-preview:large, max-video-preview:-1\" \/>\n<link rel=\"canonical\" href=\"https:\/\/www.cuchillalia.com\/producto\/juego-piedras-naturales-maquinas-afilar-manuales-ebel-pro\/\" \/>\n<meta property=\"og:locale\" content=\"en_US\" \/>\n<meta property=\"og:type\" content=\"article\" \/>\n<meta property=\"og:title\" content=\"Juego de 7 piedras naturales para m\u00e1quinas afilar manuales | Cuchillalia\" \/>\n<meta property=\"og:description\" content=\"Kit de 6 piedras para afilar y pulidor de cuero de A Pedra Das Meigas para m\u00e1quinas de afilado manual tipo Edge PRO, Ebel PRO o cl\u00f3nicos\" \/>\n<meta property=\"og:url\" content=\"https:\/\/www.cuchillalia.com\/producto\/juego-piedras-naturales-maquinas-afilar-manuales-ebel-pro\/\" \/>\n<meta property=\"og:site_name\" content=\"Cuchillalia.com\" \/>\n<meta property=\"article:publisher\" content=\"http:\/\/www.facebook.com\/cuchillalia\" \/>\n<meta property=\"article:modified_time\" content=\"2026-05-17T00:52:31+00:00\" \/>\n<meta property=\"og:image\" content=\"https:\/\/www.cuchillalia.com\/wordpress\/wp-content\/uploads\/2017\/05\/cuchillalia-a-pedra-das-meigas-juego-piedras-edge-pro-1.jpg\" \/>\n\t<meta property=\"og:image:width\" content=\"1600\" \/>\n\t<meta property=\"og:image:height\" content=\"1600\" \/>\n\t<meta property=\"og:image:type\" content=\"image\/jpeg\" \/>\n<meta name=\"twitter:card\" content=\"summary_large_image\" \/>\n<meta name=\"twitter:site\" content=\"@Cuchillalia\" \/>\n<meta name=\"twitter:label1\" content=\"Est. reading time\" \/>\n\t<meta name=\"twitter:data1\" content=\"1 minute\" \/>\n<!-- \/ Yoast SEO plugin. -->","yoast_head_json":{"title":"Juego de 7 piedras naturales para m\u00e1quinas afilar manuales | Cuchillalia","description":"Kit de 6 piedras para afilar y pulidor de cuero de A Pedra Das Meigas para m\u00e1quinas de afilado manual tipo Edge PRO, Ebel PRO o cl\u00f3nicos","robots":{"index":"index","follow":"follow","max-snippet":"max-snippet:-1","max-image-preview":"max-image-preview:large","max-video-preview":"max-video-preview:-1"},"canonical":"https:\/\/www.cuchillalia.com\/producto\/juego-piedras-naturales-maquinas-afilar-manuales-ebel-pro\/","og_locale":"en_US","og_type":"article","og_title":"Juego de 7 piedras naturales para m\u00e1quinas afilar manuales | Cuchillalia","og_description":"Kit de 6 piedras para afilar y pulidor de cuero de A Pedra Das Meigas para m\u00e1quinas de afilado manual tipo Edge PRO, Ebel PRO o cl\u00f3nicos","og_url":"https:\/\/www.cuchillalia.com\/producto\/juego-piedras-naturales-maquinas-afilar-manuales-ebel-pro\/","og_site_name":"Cuchillalia.com","article_publisher":"http:\/\/www.facebook.com\/cuchillalia","article_modified_time":"2026-05-17T00:52:31+00:00","og_image":[{"width":1600,"height":1600,"url":"https:\/\/www.cuchillalia.com\/wordpress\/wp-content\/uploads\/2017\/05\/cuchillalia-a-pedra-das-meigas-juego-piedras-edge-pro-1.jpg","type":"image\/jpeg"}],"twitter_card":"summary_large_image","twitter_site":"@Cuchillalia","twitter_misc":{"Est. reading time":"1 minute"},"schema":{"@context":"https:\/\/schema.org","@graph":[{"@type":"WebPage","@id":"https:\/\/www.cuchillalia.com\/producto\/juego-piedras-naturales-maquinas-afilar-manuales-ebel-pro\/","url":"https:\/\/www.cuchillalia.com\/producto\/juego-piedras-naturales-maquinas-afilar-manuales-ebel-pro\/","name":"Juego de 7 piedras naturales para m\u00e1quinas afilar manuales | Cuchillalia","isPartOf":{"@id":"https:\/\/www.cuchillalia.com\/#website"},"primaryImageOfPage":{"@id":"https:\/\/www.cuchillalia.com\/producto\/juego-piedras-naturales-maquinas-afilar-manuales-ebel-pro\/#primaryimage"},"image":{"@id":"https:\/\/www.cuchillalia.com\/producto\/juego-piedras-naturales-maquinas-afilar-manuales-ebel-pro\/#primaryimage"},"thumbnailUrl":"https:\/\/www.cuchillalia.com\/wordpress\/wp-content\/uploads\/2017\/05\/cuchillalia-a-pedra-das-meigas-juego-piedras-edge-pro-1.jpg","datePublished":"2017-05-15T11:10:13+00:00","dateModified":"2026-05-17T00:52:31+00:00","description":"Kit de 6 piedras para afilar y pulidor de cuero de A Pedra Das Meigas para m\u00e1quinas de afilado manual tipo Edge PRO, Ebel PRO o cl\u00f3nicos","breadcrumb":{"@id":"https:\/\/www.cuchillalia.com\/producto\/juego-piedras-naturales-maquinas-afilar-manuales-ebel-pro\/#breadcrumb"},"inLanguage":"en-US","potentialAction":[{"@type":"ReadAction","target":["https:\/\/www.cuchillalia.com\/producto\/juego-piedras-naturales-maquinas-afilar-manuales-ebel-pro\/"]}]},{"@type":"ImageObject","inLanguage":"en-US","@id":"https:\/\/www.cuchillalia.com\/producto\/juego-piedras-naturales-maquinas-afilar-manuales-ebel-pro\/#primaryimage","url":"https:\/\/www.cuchillalia.com\/wordpress\/wp-content\/uploads\/2017\/05\/cuchillalia-a-pedra-das-meigas-juego-piedras-edge-pro-1.jpg","contentUrl":"https:\/\/www.cuchillalia.com\/wordpress\/wp-content\/uploads\/2017\/05\/cuchillalia-a-pedra-das-meigas-juego-piedras-edge-pro-1.jpg","width":1600,"height":1600,"caption":"Juego de piedras para m\u00e1quinas de afilar manual como la Edge PRO, EBEL PRO o cl\u00f3nicas - Cuchillalia"},{"@type":"BreadcrumbList","@id":"https:\/\/www.cuchillalia.com\/producto\/juego-piedras-naturales-maquinas-afilar-manuales-ebel-pro\/#breadcrumb","itemListElement":[{"@type":"ListItem","position":1,"name":"Cuchillalia","item":"https:\/\/www.cuchillalia.com\/en\/"},{"@type":"ListItem","position":2,"name":"Tienda","item":"https:\/\/www.cuchillalia.com\/tienda\/"},{"@type":"ListItem","position":3,"name":"Accesorios para cuchillos","item":"https:\/\/www.cuchillalia.com\/categoria\/accesorios-cuchillos\/"},{"@type":"ListItem","position":4,"name":"Piedras para afilar cuchillos","item":"https:\/\/www.cuchillalia.com\/categoria\/accesorios-cuchillos\/piedras-afilar\/"},{"@type":"ListItem","position":5,"name":"Juego de piedras para m\u00e1quinas de afilar manuales Ebel Pro &#8211; A Pedra Das Meigas"}]},{"@type":"WebSite","@id":"https:\/\/www.cuchillalia.com\/#website","url":"https:\/\/www.cuchillalia.com\/","name":"Cuchillalia.com","description":"","publisher":{"@id":"https:\/\/www.cuchillalia.com\/#organization"},"potentialAction":[{"@type":"SearchAction","target":{"@type":"EntryPoint","urlTemplate":"https:\/\/www.cuchillalia.com\/?s={search_term_string}"},"query-input":{"@type":"PropertyValueSpecification","valueRequired":true,"valueName":"search_term_string"}}],"inLanguage":"en-US"},{"@type":"Organization","@id":"https:\/\/www.cuchillalia.com\/#organization","name":"Cuchillalia","url":"https:\/\/www.cuchillalia.com\/","logo":{"@type":"ImageObject","inLanguage":"en-US","@id":"https:\/\/www.cuchillalia.com\/#\/schema\/logo\/image\/","url":"https:\/\/www.cuchillalia.com\/wordpress\/wp-content\/uploads\/2021\/03\/logo-cuchillalia-jpg.jpg","contentUrl":"https:\/\/www.cuchillalia.com\/wordpress\/wp-content\/uploads\/2021\/03\/logo-cuchillalia-jpg.jpg","width":276,"height":192,"caption":"Cuchillalia"},"image":{"@id":"https:\/\/www.cuchillalia.com\/#\/schema\/logo\/image\/"},"sameAs":["http:\/\/www.facebook.com\/cuchillalia","https:\/\/x.com\/Cuchillalia"]}]}},"_links":{"self":[{"href":"https:\/\/www.cuchillalia.com\/en\/wp-json\/wp\/v2\/product\/27892","targetHints":{"allow":["GET"]}}],"collection":[{"href":"https:\/\/www.cuchillalia.com\/en\/wp-json\/wp\/v2\/product"}],"about":[{"href":"https:\/\/www.cuchillalia.com\/en\/wp-json\/wp\/v2\/types\/product"}],"replies":[{"embeddable":true,"href":"https:\/\/www.cuchillalia.com\/en\/wp-json\/wp\/v2\/comments?post=27892"}],"wp:featuredmedia":[{"embeddable":true,"href":"https:\/\/www.cuchillalia.com\/en\/wp-json\/wp\/v2\/media\/27918"}],"wp:attachment":[{"href":"https:\/\/www.cuchillalia.com\/en\/wp-json\/wp\/v2\/media?parent=27892"}],"wp:term":[{"taxonomy":"product_brand","embeddable":true,"href":"https:\/\/www.cuchillalia.com\/en\/wp-json\/wp\/v2\/product_brand?post=27892"},{"taxonomy":"product_cat","embeddable":true,"href":"https:\/\/www.cuchillalia.com\/en\/wp-json\/wp\/v2\/product_cat?post=27892"},{"taxonomy":"product_tag","embeddable":true,"href":"https:\/\/www.cuchillalia.com\/en\/wp-json\/wp\/v2\/product_tag?post=27892"}],"curies":[{"name":"wp","href":"https:\/\/api.w.org\/{rel}","templated":true}]}}