{"id":26701,"date":"2017-04-26T23:15:58","date_gmt":"2017-04-26T21:15:58","guid":{"rendered":"https:\/\/www.cuchillalia.com\/tienda\/gancho-metalico-doble-barra-magnetica-negro-bisbell-17223n\/"},"modified":"2025-07-03T21:27:52","modified_gmt":"2025-07-03T19:27:52","slug":"gancho-metalico-doble-barra-magnetica-negro-bisbell-17223n","status":"publish","type":"product","link":"https:\/\/www.cuchillalia.com\/en\/producto\/gancho-metalico-doble-barra-magnetica-negro-bisbell-17223n\/","title":{"rendered":"Gancho met\u00e1lico doble negro para barra magn\u00e9tica &#8211; Bisbell 17223N"},"content":{"rendered":"<p>La t\u00edpica imagen de una <a href='https:\/\/www.cuchillalia.com\/categoria\/accesorios-cuchillos\/soportes-magneticos\/'><strong>barra o soporte magn\u00e9tico<\/strong><\/a> es llena de <a href='https:\/\/www.cuchillalia.com\/categoria\/cuchillos\/'><strong>cuchillos<\/strong><\/a>. Pero \u00bfy si te dijera que tambi\u00e9n puedes colgar <a href='https:\/\/www.cuchillalia.com\/categoria\/tijeras\/cocina\/'><strong>tijeras de cocina<\/strong><\/a> o cualquier otro <a href='https:\/\/www.cuchillalia.com\/categoria\/menaje\/utensilios-cocina\/'><strong>art\u00edculo de menaje<\/strong><\/a> ligero? Para eso puedes usar estos pr\u00e1cticos ganchos para soporte magn\u00e9tico:<\/p>\n<p><img class='aligncenter wp-image-26697 size-medium' title='Ganchos met\u00e1licos para colgar utensilios de la cocina en las barras magn\u00e9ticas - Bisbell 17222 y 17223' src='https:\/\/www.cuchillalia.com\/wordpress\/wp-content\/uploads\/2017\/04\/bisbell-17222-17223-ganchos-metalicos-simples-dobles-barra-magnetica-300x300.jpg' alt='Ganchos met\u00e1licos para colgar utensilios de la cocina en las barras magn\u00e9ticas - Bisbell 17222 y 17223' width='300' height='300' \/><\/p>\n<h2>Tabla de caracter\u00edsticas gancho doble para soporte magn\u00e9tico<\/h2>\n<div class='tabla-caracteristicas'>\n<div class='fila'><span class='etiqueta'>Nombre comercial:<\/span><span class='valor'><strong>Gancho doble para barra magn\u00e9tica color negro<\/strong><\/span><\/div>\n<div class='fila'><span class='etiqueta'>Fabricante:<\/span><span class='valor'>Bisbell<\/span><\/div>\n<div class='fila'><span class='etiqueta'>Referencia del fabricante:<\/span><span class='valor'>17223N<\/span><\/div>\n<div class='fila'><span class='etiqueta'>Medidas:<\/span><span class='valor'>Ancho que ocupa en la barra:     2 cm<br \/>\nAncho a la altura de los dos ganchos:     3,4 cm<br \/>\nLargo:     10,8 cm<br \/>\nFondo:     5 cm<\/span><\/div>\n<div class='fila'><span class='etiqueta'>Peso del producto:<\/span><span class='valor'>18,3 g<\/span><\/div>\n<div class='fila'><span class='etiqueta'>\u00bfDonde se fabrica?:<\/span><span class='valor'>Reino Unido<\/span><\/div>\n<div class='fila'><span class='etiqueta'>C\u00f3digo de barras (GTIN):<\/span><span class='valor'>5017421000682<\/span><\/div>\n<div class='fila'><span class='etiqueta'>Observaciones:<\/span><span class='valor'>&#8211; Pr\u00e1ctico gancho met\u00e1lico doble para colocar en la barra magn\u00e9tica y as\u00ed colgar casi cualquier cosa, desde tijeras, trapos, otros art\u00edculos de menaje, tazas, llaves, \u2026<br \/>\n&#8211; Color negro.<\/span><\/div>\n<\/div>\n<p>&nbsp;<\/p>\n","protected":false},"excerpt":{"rendered":"<p><strong>Gancho doble para los soportes magn\u00e9ticos de cuchillos<\/strong>. Color negro. Pr\u00e1cticos para colgar desde tijeras, trapos, accesorios de menaje, &#8230; <strong>Bisbell 17223<\/strong>.&hellip; <a class=\"kt-excerpt-readmore more-link\" href=\"https:\/\/www.cuchillalia.com\/en\/producto\/gancho-metalico-doble-barra-magnetica-negro-bisbell-17223n\/\" aria-label=\"Gancho met\u00e1lico doble negro para barra magn\u00e9tica &#8211; Bisbell 17223N\">Read More<\/a><\/p>\n","protected":false},"featured_media":26694,"comment_status":"open","ping_status":"closed","template":"","meta":[],"product_brand":[],"product_cat":[8369,8321],"product_tag":[],"class_list":{"0":"post-26701","1":"product","2":"type-product","3":"status-publish","4":"has-post-thumbnail","6":"product_cat-bisbell-soportes-magneticos","7":"product_cat-soportes-magneticos","9":"first","10":"instock","11":"taxable","12":"shipping-taxable","13":"purchasable","14":"product-type-simple"},"yoast_head":"<!-- This site is optimized with the Yoast SEO plugin v27.5 - https:\/\/yoast.com\/product\/yoast-seo-wordpress\/ -->\n<title>Gancho doble para Barra Magn\u00e9tica para cuchillos Bisbell 17223 Negro<\/title>\n<meta name=\"description\" content=\"Gancho doble met\u00e1lico para Barra magn\u00e9tica. Pr\u00e1ctico para colgar tijeras, utensilios de la cocina, trapos, ... fabricado por Bisbell. En color negro.\" \/>\n<meta name=\"robots\" content=\"index, follow, max-snippet:-1, max-image-preview:large, max-video-preview:-1\" \/>\n<link rel=\"canonical\" href=\"https:\/\/www.cuchillalia.com\/producto\/gancho-metalico-simple-barra-magnetica-negro-bisbell-17222n\/\" \/>\n<meta property=\"og:locale\" content=\"en_US\" \/>\n<meta property=\"og:type\" content=\"article\" \/>\n<meta property=\"og:title\" content=\"Gancho doble para Barra Magn\u00e9tica para cuchillos Bisbell 17223 Negro\" \/>\n<meta property=\"og:description\" content=\"Gancho doble met\u00e1lico para Barra magn\u00e9tica. Pr\u00e1ctico para colgar tijeras, utensilios de la cocina, trapos, ... fabricado por Bisbell. En color negro.\" \/>\n<meta property=\"og:url\" content=\"https:\/\/www.cuchillalia.com\/producto\/gancho-metalico-simple-barra-magnetica-negro-bisbell-17222n\/\" \/>\n<meta property=\"og:site_name\" content=\"Cuchillalia.com\" \/>\n<meta property=\"article:publisher\" content=\"http:\/\/www.facebook.com\/cuchillalia\" \/>\n<meta property=\"article:modified_time\" content=\"2025-07-03T19:27:52+00:00\" \/>\n<meta property=\"og:image\" content=\"https:\/\/www.cuchillalia.com\/wordpress\/wp-content\/uploads\/2017\/04\/bisbell-17223-gancho-metalico-doble-barra-magnetica-negro.jpg\" \/>\n\t<meta property=\"og:image:width\" content=\"800\" \/>\n\t<meta property=\"og:image:height\" content=\"800\" \/>\n\t<meta property=\"og:image:type\" content=\"image\/jpeg\" \/>\n<meta name=\"twitter:card\" content=\"summary_large_image\" \/>\n<meta name=\"twitter:site\" content=\"@Cuchillalia\" \/>\n<meta name=\"twitter:label1\" content=\"Est. reading time\" \/>\n\t<meta name=\"twitter:data1\" content=\"2 minutes\" \/>\n<!-- \/ Yoast SEO plugin. -->","yoast_head_json":{"title":"Gancho doble para Barra Magn\u00e9tica para cuchillos Bisbell 17223 Negro","description":"Gancho doble met\u00e1lico para Barra magn\u00e9tica. Pr\u00e1ctico para colgar tijeras, utensilios de la cocina, trapos, ... fabricado por Bisbell. En color negro.","robots":{"index":"index","follow":"follow","max-snippet":"max-snippet:-1","max-image-preview":"max-image-preview:large","max-video-preview":"max-video-preview:-1"},"canonical":"https:\/\/www.cuchillalia.com\/producto\/gancho-metalico-simple-barra-magnetica-negro-bisbell-17222n\/","og_locale":"en_US","og_type":"article","og_title":"Gancho doble para Barra Magn\u00e9tica para cuchillos Bisbell 17223 Negro","og_description":"Gancho doble met\u00e1lico para Barra magn\u00e9tica. Pr\u00e1ctico para colgar tijeras, utensilios de la cocina, trapos, ... fabricado por Bisbell. En color negro.","og_url":"https:\/\/www.cuchillalia.com\/producto\/gancho-metalico-simple-barra-magnetica-negro-bisbell-17222n\/","og_site_name":"Cuchillalia.com","article_publisher":"http:\/\/www.facebook.com\/cuchillalia","article_modified_time":"2025-07-03T19:27:52+00:00","og_image":[{"width":800,"height":800,"url":"https:\/\/www.cuchillalia.com\/wordpress\/wp-content\/uploads\/2017\/04\/bisbell-17223-gancho-metalico-doble-barra-magnetica-negro.jpg","type":"image\/jpeg"}],"twitter_card":"summary_large_image","twitter_site":"@Cuchillalia","twitter_misc":{"Est. reading time":"2 minutes"},"schema":{"@context":"https:\/\/schema.org","@graph":[{"@type":"WebPage","@id":"https:\/\/www.cuchillalia.com\/producto\/gancho-metalico-doble-barra-magnetica-negro-bisbell-17223n\/","url":"https:\/\/www.cuchillalia.com\/producto\/gancho-metalico-simple-barra-magnetica-negro-bisbell-17222n\/","name":"Gancho doble para Barra Magn\u00e9tica para cuchillos Bisbell 17223 Negro","isPartOf":{"@id":"https:\/\/www.cuchillalia.com\/#website"},"primaryImageOfPage":{"@id":"https:\/\/www.cuchillalia.com\/producto\/gancho-metalico-simple-barra-magnetica-negro-bisbell-17222n\/#primaryimage"},"image":{"@id":"https:\/\/www.cuchillalia.com\/producto\/gancho-metalico-simple-barra-magnetica-negro-bisbell-17222n\/#primaryimage"},"thumbnailUrl":"https:\/\/www.cuchillalia.com\/wordpress\/wp-content\/uploads\/2017\/04\/bisbell-17223-gancho-metalico-doble-barra-magnetica-negro.jpg","datePublished":"2017-04-26T21:15:58+00:00","dateModified":"2025-07-03T19:27:52+00:00","description":"Gancho doble met\u00e1lico para Barra magn\u00e9tica. Pr\u00e1ctico para colgar tijeras, utensilios de la cocina, trapos, ... fabricado por Bisbell. En color negro.","breadcrumb":{"@id":"https:\/\/www.cuchillalia.com\/producto\/gancho-metalico-simple-barra-magnetica-negro-bisbell-17222n\/#breadcrumb"},"inLanguage":"en-US","potentialAction":[{"@type":"ReadAction","target":["https:\/\/www.cuchillalia.com\/producto\/gancho-metalico-simple-barra-magnetica-negro-bisbell-17222n\/"]}]},{"@type":"ImageObject","inLanguage":"en-US","@id":"https:\/\/www.cuchillalia.com\/producto\/gancho-metalico-simple-barra-magnetica-negro-bisbell-17222n\/#primaryimage","url":"https:\/\/www.cuchillalia.com\/wordpress\/wp-content\/uploads\/2017\/04\/bisbell-17223-gancho-metalico-doble-barra-magnetica-negro.jpg","contentUrl":"https:\/\/www.cuchillalia.com\/wordpress\/wp-content\/uploads\/2017\/04\/bisbell-17223-gancho-metalico-doble-barra-magnetica-negro.jpg","width":800,"height":800,"caption":"Gancho doble met\u00e1lico para barra magn\u00e9tica de color Negro - Bisbell 17223"},{"@type":"BreadcrumbList","@id":"https:\/\/www.cuchillalia.com\/producto\/gancho-metalico-simple-barra-magnetica-negro-bisbell-17222n\/#breadcrumb","itemListElement":[{"@type":"ListItem","position":1,"name":"Cuchillalia","item":"https:\/\/www.cuchillalia.com\/en\/"},{"@type":"ListItem","position":2,"name":"Tienda","item":"https:\/\/www.cuchillalia.com\/tienda\/"},{"@type":"ListItem","position":3,"name":"Accesorios para cuchillos","item":"https:\/\/www.cuchillalia.com\/categoria\/accesorios-cuchillos\/"},{"@type":"ListItem","position":4,"name":"Soportes magn\u00e9ticos para cuchillos de cocina","item":"https:\/\/www.cuchillalia.com\/categoria\/accesorios-cuchillos\/soportes-magneticos\/"},{"@type":"ListItem","position":5,"name":"Gancho met\u00e1lico doble negro para barra magn\u00e9tica &#8211; Bisbell 17223N"}]},{"@type":"WebSite","@id":"https:\/\/www.cuchillalia.com\/#website","url":"https:\/\/www.cuchillalia.com\/","name":"Cuchillalia.com","description":"","publisher":{"@id":"https:\/\/www.cuchillalia.com\/#organization"},"potentialAction":[{"@type":"SearchAction","target":{"@type":"EntryPoint","urlTemplate":"https:\/\/www.cuchillalia.com\/?s={search_term_string}"},"query-input":{"@type":"PropertyValueSpecification","valueRequired":true,"valueName":"search_term_string"}}],"inLanguage":"en-US"},{"@type":"Organization","@id":"https:\/\/www.cuchillalia.com\/#organization","name":"Cuchillalia","url":"https:\/\/www.cuchillalia.com\/","logo":{"@type":"ImageObject","inLanguage":"en-US","@id":"https:\/\/www.cuchillalia.com\/#\/schema\/logo\/image\/","url":"https:\/\/www.cuchillalia.com\/wordpress\/wp-content\/uploads\/2021\/03\/logo-cuchillalia-jpg.jpg","contentUrl":"https:\/\/www.cuchillalia.com\/wordpress\/wp-content\/uploads\/2021\/03\/logo-cuchillalia-jpg.jpg","width":276,"height":192,"caption":"Cuchillalia"},"image":{"@id":"https:\/\/www.cuchillalia.com\/#\/schema\/logo\/image\/"},"sameAs":["http:\/\/www.facebook.com\/cuchillalia","https:\/\/x.com\/Cuchillalia"]}]}},"_links":{"self":[{"href":"https:\/\/www.cuchillalia.com\/en\/wp-json\/wp\/v2\/product\/26701","targetHints":{"allow":["GET"]}}],"collection":[{"href":"https:\/\/www.cuchillalia.com\/en\/wp-json\/wp\/v2\/product"}],"about":[{"href":"https:\/\/www.cuchillalia.com\/en\/wp-json\/wp\/v2\/types\/product"}],"replies":[{"embeddable":true,"href":"https:\/\/www.cuchillalia.com\/en\/wp-json\/wp\/v2\/comments?post=26701"}],"wp:featuredmedia":[{"embeddable":true,"href":"https:\/\/www.cuchillalia.com\/en\/wp-json\/wp\/v2\/media\/26694"}],"wp:attachment":[{"href":"https:\/\/www.cuchillalia.com\/en\/wp-json\/wp\/v2\/media?parent=26701"}],"wp:term":[{"taxonomy":"product_brand","embeddable":true,"href":"https:\/\/www.cuchillalia.com\/en\/wp-json\/wp\/v2\/product_brand?post=26701"},{"taxonomy":"product_cat","embeddable":true,"href":"https:\/\/www.cuchillalia.com\/en\/wp-json\/wp\/v2\/product_cat?post=26701"},{"taxonomy":"product_tag","embeddable":true,"href":"https:\/\/www.cuchillalia.com\/en\/wp-json\/wp\/v2\/product_tag?post=26701"}],"curies":[{"name":"wp","href":"https:\/\/api.w.org\/{rel}","templated":true}]}}