{"id":26336,"date":"2017-04-20T13:56:32","date_gmt":"2017-04-20T11:56:32","guid":{"rendered":"https:\/\/www.cuchillalia.com\/tienda\/soporte-jamonero-arcos-693900-cabezal-giratorio\/"},"modified":"2026-03-20T12:55:30","modified_gmt":"2026-03-20T11:55:30","slug":"soporte-jamonero-arcos-693900-cabezal-giratorio","status":"publish","type":"product","link":"https:\/\/www.cuchillalia.com\/en\/producto\/soporte-jamonero-arcos-693900-cabezal-giratorio\/","title":{"rendered":"Soporte jamonero giratorio plegable en acero y polietileno &#8211; Arcos"},"content":{"rendered":"<h2>Tabla de caracter\u00edsticas soporte jamonero giratorio plegable de Arcos<\/h2>\n<div class='tabla-caracteristicas'>\n<div class='fila'><span class='etiqueta'>Nombre comercial:<\/span><span class='valor'><strong>Soporte de jam\u00f3n<\/strong><\/span><\/div>\n<div class='fila'><span class='etiqueta'>Fabricante:<\/span><span class='valor'>Arcos<\/span><\/div>\n<div class='fila'><span class='etiqueta'>Referencia del fabricante:<\/span><span class='valor'>693900<\/span><\/div>\n<div class='fila'><span class='etiqueta'>Medidas:<\/span><span class='valor'>&#8211; Soporte extendido:     53x19x38.5 cm<br \/>\n&#8211; Soporte plegado:     53x19x10,8 cm<br \/>\n&#8211; Base de polietileno:     53x19x4.5 cm (los tacos o pies antideslizantes elevan 5 mm, ya incluidos)<br \/>\n&#8211; Caja:     55,5x20x11.5 cm<br \/>\n(Largo x Ancho x Alto)<\/span><\/div>\n<div class='fila'><span class='etiqueta'>Material:<\/span><span class='valor'>Base de polietileno PE-500<br \/>\nSoporte jamonero plegable:     acero cromado<br \/>\nCasquillos giratorios:     acero cromado<br \/>\nBrazo:     acero cromado<br \/>\nPincho que sujeta el jam\u00f3n:     Acero inoxidable AISI-304<\/span><\/div>\n<div class='fila'><span class='etiqueta'>Peso del producto:<\/span><span class='valor'>6300 g<\/span><\/div>\n<div class='fila'><span class='etiqueta'>Presentaci\u00f3n del producto:<\/span><span class='valor'>Caja<\/span><\/div>\n<div class='fila'><span class='etiqueta'>\u00bfEs desmontable?:<\/span><span class='valor'>Si<\/span><\/div>\n<div class='fila'><span class='etiqueta'>\u00bfDonde se fabrica?:<\/span><span class='valor'>Espa\u00f1a<\/span><\/div>\n<div class='fila'><span class='etiqueta'>\u00bfQu\u00e9 garant\u00eda tiene?:<\/span><span class='valor'>10 a\u00f1os contra todo defecto de fabricaci\u00f3n, siempre que del producto se haga un uso racional para el cual ha sido fabricado.<\/span><\/div>\n<div class='fila'><span class='etiqueta'>C\u00f3digo de barras (GTIN):<\/span><span class='valor'>8421002693908<\/span><\/div>\n<\/div>\n<h2>Otros soportes jamoneros de polietileno<\/h2>\n<div class=\"woocommerce columns-3 \"><ul class=\"products kad_product_wrapper rowtight shopcolumn3 shopfullwidth init-isotope-intrinsic kt-show-rating  reinit-isotope\" data-nextselector=\".woocommerce-pagination a.next\" data-navselector=\".woocommerce-pagination\" data-itemselector=\".kad_product\" data-itemloadselector=\".kt_item_fade_in\" data-iso-selector=\".kad_product\" data-iso-style=\"fitRows\" data-iso-filter=\"true\">\n<li class=\"product type-product post-164829 status-publish first instock product_cat-soportes-jamoneros has-post-thumbnail taxable shipping-taxable purchasable product-type-simple col-xxl-25 col-xl-3 col-md-4 col-sm-4 col-xs-6 col-ss-12 soportes-jamoneros kad_product\">\n\t<div class=\"grid_item product_item clearfix kt_item_fade_in\"><a href=\"https:\/\/www.cuchillalia.com\/en\/producto\/soporte-jamonero-rojo-en-polietileno-20-mm\/\" class=\"product_item_link product_img_link\"><div class=\"kad-product-noflipper kt-product-hardcrop kt-product-intrinsic\" style=\"padding-bottom:100%;\"><div class=\"kt-product-animation-contain\"><img decoding=\"async\" src=\"https:\/\/www.cuchillalia.com\/wordpress\/wp-content\/uploads\/2022\/11\/soporte-jamonero-rojo-de-polietileno-400x400.jpg\" srcset=\"https:\/\/www.cuchillalia.com\/wordpress\/wp-content\/uploads\/2022\/11\/soporte-jamonero-rojo-de-polietileno-400x400.jpg 400w, https:\/\/www.cuchillalia.com\/wordpress\/wp-content\/uploads\/2022\/11\/soporte-jamonero-rojo-de-polietileno-300x300.jpg 300w, https:\/\/www.cuchillalia.com\/wordpress\/wp-content\/uploads\/2022\/11\/soporte-jamonero-rojo-de-polietileno-1024x1024.jpg 1024w, https:\/\/www.cuchillalia.com\/wordpress\/wp-content\/uploads\/2022\/11\/soporte-jamonero-rojo-de-polietileno-150x150.jpg 150w, https:\/\/www.cuchillalia.com\/wordpress\/wp-content\/uploads\/2022\/11\/soporte-jamonero-rojo-de-polietileno-768x768.jpg 768w, https:\/\/www.cuchillalia.com\/wordpress\/wp-content\/uploads\/2022\/11\/soporte-jamonero-rojo-de-polietileno-200x200.jpg 200w, https:\/\/www.cuchillalia.com\/wordpress\/wp-content\/uploads\/2022\/11\/soporte-jamonero-rojo-de-polietileno-566x566.jpg 566w, https:\/\/www.cuchillalia.com\/wordpress\/wp-content\/uploads\/2022\/11\/soporte-jamonero-rojo-de-polietileno-100x100.jpg 100w, https:\/\/www.cuchillalia.com\/wordpress\/wp-content\/uploads\/2022\/11\/soporte-jamonero-rojo-de-polietileno-720x720.jpg 720w, https:\/\/www.cuchillalia.com\/wordpress\/wp-content\/uploads\/2022\/11\/soporte-jamonero-rojo-de-polietileno-360x360.jpg 360w, https:\/\/www.cuchillalia.com\/wordpress\/wp-content\/uploads\/2022\/11\/soporte-jamonero-rojo-de-polietileno-600x600.jpg 600w, https:\/\/www.cuchillalia.com\/wordpress\/wp-content\/uploads\/2022\/11\/soporte-jamonero-rojo-de-polietileno-800x800.jpg 800w, https:\/\/www.cuchillalia.com\/wordpress\/wp-content\/uploads\/2022\/11\/soporte-jamonero-rojo-de-polietileno-480x480.jpg 480w, https:\/\/www.cuchillalia.com\/wordpress\/wp-content\/uploads\/2022\/11\/soporte-jamonero-rojo-de-polietileno-240x240.jpg 240w, https:\/\/www.cuchillalia.com\/wordpress\/wp-content\/uploads\/2022\/11\/soporte-jamonero-rojo-de-polietileno.jpg 1500w\" sizes=\"(max-width: 400px) 100vw, 400px\"  alt=\"Soporte jamonero rojo de polietileno - Cuchillalia.com\" width=\"400\" height=\"400\" class=\"attachment-shop_catalog wp-post-image size-400x400\"><\/div><\/div><\/a> \n\n\t<div class=\"details_product_item\"><div class=\"product_details\"><a href=\"https:\/\/www.cuchillalia.com\/en\/producto\/soporte-jamonero-rojo-en-polietileno-20-mm\/\" class=\"product_item_link\"><h3 class=\"product_archive_title\">Soporte jamonero rojo en polietileno de 20 mm<\/h3><\/a><\/div>\t\t\n\t<a href=\"https:\/\/www.cuchillalia.com\/en\/producto\/soporte-jamonero-rojo-en-polietileno-20-mm\/\"><div class=\"star-rating\" role=\"img\" aria-label=\"Rated 5.00 out of 5\"><span style=\"width:100%\">Rated <strong class=\"rating\">5.00<\/strong> out of 5<\/span><\/div><\/a>\n\t<span class=\"price\"><span class=\"woocommerce-Price-amount amount\"><bdi>69,99<span class=\"woocommerce-Price-currencySymbol\">&euro;<\/span><\/bdi><\/span><\/span>\n<div class=\"clearfix\"><\/div><\/div>\n\t<div class=\"product_action_wrap\"><a href=\"\/en\/wp-json\/wp\/v2\/product\/26336?add-to-cart=164829\" aria-describedby=\"woocommerce_loop_add_to_cart_link_describedby_164829\" data-quantity=\"1\" class=\"button product_type_simple add_to_cart_button ajax_add_to_cart\" data-product_id=\"164829\" data-product_sku=\"MEC_RO-JAM-20\" aria-label=\"Add to cart: &ldquo;Soporte jamonero rojo en polietileno de 20 mm&rdquo;\" rel=\"nofollow\" data-success_message=\"&ldquo;Soporte jamonero rojo en polietileno de 20 mm&rdquo; has been added to your cart\" role=\"button\">Add to cart<\/a>\t<span id=\"woocommerce_loop_add_to_cart_link_describedby_164829\" class=\"screen-reader-text\">\n\t\t\t<\/span>\n\t\t\t<input type=\"hidden\" class=\"pmwProductId\" data-id=\"164829\">\n\t\t\t\t\t<script>\n\t\t\t(window.pmwDataLayer = window.pmwDataLayer || {}).products                = window.pmwDataLayer.products || {};\n\t\t\twindow.pmwDataLayer.products[164829] = {\"id\":\"164829\",\"sku\":\"MEC_RO-JAM-20\",\"price\":69.989999999999995,\"brand\":\"\",\"quantity\":1,\"dyn_r_ids\":{\"post_id\":\"164829\",\"sku\":\"MEC_RO-JAM-20\",\"gpf\":\"woocommerce_gpf_164829\",\"gla\":\"gla_164829\"},\"is_variable\":false,\"type\":\"simple\",\"name\":\"Soporte jamonero rojo en polietileno de 20 mm\",\"category\":[\"Soportes jamoneros\"],\"is_variation\":false};\n\t\t\t\t\twindow.pmw_product_position = window.pmw_product_position || 1;\n\t\twindow.pmwDataLayer.products[164829]['position'] = window.pmw_product_position++;\n\t\t\t\t<\/script>\n\t\t<\/div><\/div><\/li><li class=\"product type-product post-164837 status-publish onbackorder product_cat-soportes-jamoneros has-post-thumbnail taxable shipping-taxable purchasable product-type-simple col-xxl-25 col-xl-3 col-md-4 col-sm-4 col-xs-6 col-ss-12 soportes-jamoneros kad_product\">\n\t<div class=\"grid_item product_item clearfix kt_item_fade_in\"><a href=\"https:\/\/www.cuchillalia.com\/en\/producto\/soporte-jamonero-plegable-blanco-en-polietileno-20-mm\/\" class=\"product_item_link product_img_link\"><div class=\"kad-product-noflipper kt-product-hardcrop kt-product-intrinsic\" style=\"padding-bottom:100%;\"><div class=\"kt-product-animation-contain\"><img decoding=\"async\" src=\"https:\/\/www.cuchillalia.com\/wordpress\/wp-content\/uploads\/2022\/11\/soporte-jamonero-plegable-polietileno-blanco-400x400.jpg\" srcset=\"https:\/\/www.cuchillalia.com\/wordpress\/wp-content\/uploads\/2022\/11\/soporte-jamonero-plegable-polietileno-blanco-400x400.jpg 400w, https:\/\/www.cuchillalia.com\/wordpress\/wp-content\/uploads\/2022\/11\/soporte-jamonero-plegable-polietileno-blanco-300x300.jpg 300w, https:\/\/www.cuchillalia.com\/wordpress\/wp-content\/uploads\/2022\/11\/soporte-jamonero-plegable-polietileno-blanco-1024x1024.jpg 1024w, https:\/\/www.cuchillalia.com\/wordpress\/wp-content\/uploads\/2022\/11\/soporte-jamonero-plegable-polietileno-blanco-150x150.jpg 150w, https:\/\/www.cuchillalia.com\/wordpress\/wp-content\/uploads\/2022\/11\/soporte-jamonero-plegable-polietileno-blanco-768x768.jpg 768w, https:\/\/www.cuchillalia.com\/wordpress\/wp-content\/uploads\/2022\/11\/soporte-jamonero-plegable-polietileno-blanco-200x200.jpg 200w, https:\/\/www.cuchillalia.com\/wordpress\/wp-content\/uploads\/2022\/11\/soporte-jamonero-plegable-polietileno-blanco-566x566.jpg 566w, https:\/\/www.cuchillalia.com\/wordpress\/wp-content\/uploads\/2022\/11\/soporte-jamonero-plegable-polietileno-blanco-100x100.jpg 100w, https:\/\/www.cuchillalia.com\/wordpress\/wp-content\/uploads\/2022\/11\/soporte-jamonero-plegable-polietileno-blanco-720x720.jpg 720w, https:\/\/www.cuchillalia.com\/wordpress\/wp-content\/uploads\/2022\/11\/soporte-jamonero-plegable-polietileno-blanco-360x360.jpg 360w, https:\/\/www.cuchillalia.com\/wordpress\/wp-content\/uploads\/2022\/11\/soporte-jamonero-plegable-polietileno-blanco-600x600.jpg 600w, https:\/\/www.cuchillalia.com\/wordpress\/wp-content\/uploads\/2022\/11\/soporte-jamonero-plegable-polietileno-blanco-800x800.jpg 800w, https:\/\/www.cuchillalia.com\/wordpress\/wp-content\/uploads\/2022\/11\/soporte-jamonero-plegable-polietileno-blanco-480x480.jpg 480w, https:\/\/www.cuchillalia.com\/wordpress\/wp-content\/uploads\/2022\/11\/soporte-jamonero-plegable-polietileno-blanco-240x240.jpg 240w, https:\/\/www.cuchillalia.com\/wordpress\/wp-content\/uploads\/2022\/11\/soporte-jamonero-plegable-polietileno-blanco.jpg 1500w\" sizes=\"(max-width: 400px) 100vw, 400px\"  alt=\"Soporte jamonero plegable de polietileno blanco\" width=\"400\" height=\"400\" class=\"attachment-shop_catalog wp-post-image size-400x400\"><\/div><\/div><\/a> \n\n\t<div class=\"details_product_item\"><div class=\"product_details\"><a href=\"https:\/\/www.cuchillalia.com\/en\/producto\/soporte-jamonero-plegable-blanco-en-polietileno-20-mm\/\" class=\"product_item_link\"><h3 class=\"product_archive_title\">Soporte jamonero plegable blanco en polietileno de 20 mm<\/h3><\/a><\/div>\t\t\n\t<a href=\"https:\/\/www.cuchillalia.com\/en\/producto\/soporte-jamonero-plegable-blanco-en-polietileno-20-mm\/\"><span class=\"kt-notrated\">not rated<\/span><\/a>\n\t<span class=\"price\"><span class=\"woocommerce-Price-amount amount\"><bdi>49,99<span class=\"woocommerce-Price-currencySymbol\">&euro;<\/span><\/bdi><\/span><\/span>\n<div class=\"clearfix\"><\/div><\/div>\n\t<div class=\"product_action_wrap\"><a href=\"\/en\/wp-json\/wp\/v2\/product\/26336?add-to-cart=164837\" aria-describedby=\"woocommerce_loop_add_to_cart_link_describedby_164837\" data-quantity=\"1\" class=\"button product_type_simple add_to_cart_button ajax_add_to_cart\" data-product_id=\"164837\" data-product_sku=\"MEC_BL-JAM-PLE\" aria-label=\"Add to cart: &ldquo;Soporte jamonero plegable blanco en polietileno de 20 mm&rdquo;\" rel=\"nofollow\" data-success_message=\"&ldquo;Soporte jamonero plegable blanco en polietileno de 20 mm&rdquo; has been added to your cart\" role=\"button\">Add to cart<\/a>\t<span id=\"woocommerce_loop_add_to_cart_link_describedby_164837\" class=\"screen-reader-text\">\n\t\t\t<\/span>\n\t\t\t<input type=\"hidden\" class=\"pmwProductId\" data-id=\"164837\">\n\t\t\t\t\t<script>\n\t\t\t(window.pmwDataLayer = window.pmwDataLayer || {}).products                = window.pmwDataLayer.products || {};\n\t\t\twindow.pmwDataLayer.products[164837] = {\"id\":\"164837\",\"sku\":\"MEC_BL-JAM-PLE\",\"price\":49.990000000000002,\"brand\":\"\",\"quantity\":1,\"dyn_r_ids\":{\"post_id\":\"164837\",\"sku\":\"MEC_BL-JAM-PLE\",\"gpf\":\"woocommerce_gpf_164837\",\"gla\":\"gla_164837\"},\"is_variable\":false,\"type\":\"simple\",\"name\":\"Soporte jamonero plegable blanco en polietileno de 20 mm\",\"category\":[\"Soportes jamoneros\"],\"is_variation\":false};\n\t\t\t\t\twindow.pmw_product_position = window.pmw_product_position || 1;\n\t\twindow.pmwDataLayer.products[164837]['position'] = window.pmw_product_position++;\n\t\t\t\t<\/script>\n\t\t<\/div><\/div><\/li><\/ul>\n<\/div>\n","protected":false},"excerpt":{"rendered":"<p><strong>Soporte jamonero Arcos con cabezal giratorio<\/strong>, de acero inoxidable, base de polietileno PE-500, <strong>referencia 693900<\/strong>. F\u00e1cil y r\u00e1pido de montar y girar el jam\u00f3n. Fabricado en Espa\u00f1a.&hellip; <a class=\"kt-excerpt-readmore more-link\" href=\"https:\/\/www.cuchillalia.com\/en\/producto\/soporte-jamonero-arcos-693900-cabezal-giratorio\/\" aria-label=\"Soporte jamonero giratorio plegable en acero y polietileno &#8211; Arcos\">Read More<\/a><\/p>\n","protected":false},"featured_media":26337,"comment_status":"open","ping_status":"closed","template":"","meta":[],"product_brand":[],"product_cat":[8349,8323],"product_tag":[],"class_list":{"0":"post-26336","1":"product","2":"type-product","3":"status-publish","4":"has-post-thumbnail","6":"product_cat-accesorios-arcos","7":"product_cat-soportes-jamoneros","9":"first","10":"onbackorder","11":"taxable","12":"shipping-taxable","13":"purchasable","14":"product-type-simple"},"yoast_head":"<!-- This site is optimized with the Yoast SEO plugin v27.5 - https:\/\/yoast.com\/product\/yoast-seo-wordpress\/ -->\n<title>Soporte Jamonero Arcos cabezal giratorio acero plegable | Cuchillalia.com<\/title>\n<meta name=\"description\" content=\"Soporte jamonero giratorio plegable en acero y con base de polietileno, fabricado en Espa\u00f1a por Arcos. Portes gratis para pen\u00ednsula y Baleares\" \/>\n<meta name=\"robots\" content=\"index, follow, max-snippet:-1, max-image-preview:large, max-video-preview:-1\" \/>\n<link rel=\"canonical\" href=\"https:\/\/www.cuchillalia.com\/producto\/soporte-jamonero-arcos-693900-cabezal-giratorio\/\" \/>\n<meta property=\"og:locale\" content=\"en_US\" \/>\n<meta property=\"og:type\" content=\"article\" \/>\n<meta property=\"og:title\" content=\"Soporte Jamonero Arcos cabezal giratorio acero plegable | Cuchillalia.com\" \/>\n<meta property=\"og:description\" content=\"Soporte jamonero giratorio plegable en acero y con base de polietileno, fabricado en Espa\u00f1a por Arcos. Portes gratis para pen\u00ednsula y Baleares\" \/>\n<meta property=\"og:url\" content=\"https:\/\/www.cuchillalia.com\/producto\/soporte-jamonero-arcos-693900-cabezal-giratorio\/\" \/>\n<meta property=\"og:site_name\" content=\"Cuchillalia.com\" \/>\n<meta property=\"article:publisher\" content=\"http:\/\/www.facebook.com\/cuchillalia\" \/>\n<meta property=\"article:modified_time\" content=\"2026-03-20T11:55:30+00:00\" \/>\n<meta property=\"og:image\" content=\"https:\/\/www.cuchillalia.com\/wordpress\/wp-content\/uploads\/2017\/04\/arcos-693900-jamonero-cabezal-giratorio.jpg\" \/>\n\t<meta property=\"og:image:width\" content=\"1600\" \/>\n\t<meta property=\"og:image:height\" content=\"1600\" \/>\n\t<meta property=\"og:image:type\" content=\"image\/jpeg\" \/>\n<meta name=\"twitter:card\" content=\"summary_large_image\" \/>\n<meta name=\"twitter:site\" content=\"@Cuchillalia\" \/>\n<meta name=\"twitter:label1\" content=\"Est. reading time\" \/>\n\t<meta name=\"twitter:data1\" content=\"2 minutes\" \/>\n<!-- \/ Yoast SEO plugin. -->","yoast_head_json":{"title":"Soporte Jamonero Arcos cabezal giratorio acero plegable | Cuchillalia.com","description":"Soporte jamonero giratorio plegable en acero y con base de polietileno, fabricado en Espa\u00f1a por Arcos. Portes gratis para pen\u00ednsula y Baleares","robots":{"index":"index","follow":"follow","max-snippet":"max-snippet:-1","max-image-preview":"max-image-preview:large","max-video-preview":"max-video-preview:-1"},"canonical":"https:\/\/www.cuchillalia.com\/producto\/soporte-jamonero-arcos-693900-cabezal-giratorio\/","og_locale":"en_US","og_type":"article","og_title":"Soporte Jamonero Arcos cabezal giratorio acero plegable | Cuchillalia.com","og_description":"Soporte jamonero giratorio plegable en acero y con base de polietileno, fabricado en Espa\u00f1a por Arcos. Portes gratis para pen\u00ednsula y Baleares","og_url":"https:\/\/www.cuchillalia.com\/producto\/soporte-jamonero-arcos-693900-cabezal-giratorio\/","og_site_name":"Cuchillalia.com","article_publisher":"http:\/\/www.facebook.com\/cuchillalia","article_modified_time":"2026-03-20T11:55:30+00:00","og_image":[{"width":1600,"height":1600,"url":"https:\/\/www.cuchillalia.com\/wordpress\/wp-content\/uploads\/2017\/04\/arcos-693900-jamonero-cabezal-giratorio.jpg","type":"image\/jpeg"}],"twitter_card":"summary_large_image","twitter_site":"@Cuchillalia","twitter_misc":{"Est. reading time":"2 minutes"},"schema":{"@context":"https:\/\/schema.org","@graph":[{"@type":"WebPage","@id":"https:\/\/www.cuchillalia.com\/producto\/soporte-jamonero-arcos-693900-cabezal-giratorio\/","url":"https:\/\/www.cuchillalia.com\/producto\/soporte-jamonero-arcos-693900-cabezal-giratorio\/","name":"Soporte Jamonero Arcos cabezal giratorio acero plegable | Cuchillalia.com","isPartOf":{"@id":"https:\/\/www.cuchillalia.com\/#website"},"primaryImageOfPage":{"@id":"https:\/\/www.cuchillalia.com\/producto\/soporte-jamonero-arcos-693900-cabezal-giratorio\/#primaryimage"},"image":{"@id":"https:\/\/www.cuchillalia.com\/producto\/soporte-jamonero-arcos-693900-cabezal-giratorio\/#primaryimage"},"thumbnailUrl":"https:\/\/www.cuchillalia.com\/wordpress\/wp-content\/uploads\/2017\/04\/arcos-693900-jamonero-cabezal-giratorio.jpg","datePublished":"2017-04-20T11:56:32+00:00","dateModified":"2026-03-20T11:55:30+00:00","description":"Soporte jamonero giratorio plegable en acero y con base de polietileno, fabricado en Espa\u00f1a por Arcos. Portes gratis para pen\u00ednsula y Baleares","breadcrumb":{"@id":"https:\/\/www.cuchillalia.com\/producto\/soporte-jamonero-arcos-693900-cabezal-giratorio\/#breadcrumb"},"inLanguage":"en-US","potentialAction":[{"@type":"ReadAction","target":["https:\/\/www.cuchillalia.com\/producto\/soporte-jamonero-arcos-693900-cabezal-giratorio\/"]}]},{"@type":"ImageObject","inLanguage":"en-US","@id":"https:\/\/www.cuchillalia.com\/producto\/soporte-jamonero-arcos-693900-cabezal-giratorio\/#primaryimage","url":"https:\/\/www.cuchillalia.com\/wordpress\/wp-content\/uploads\/2017\/04\/arcos-693900-jamonero-cabezal-giratorio.jpg","contentUrl":"https:\/\/www.cuchillalia.com\/wordpress\/wp-content\/uploads\/2017\/04\/arcos-693900-jamonero-cabezal-giratorio.jpg","width":1600,"height":1600,"caption":"Cuchillalia - Soporte jamonero Arcos 693900 con casquillos giratorios y base en polietileno negro PE-500"},{"@type":"BreadcrumbList","@id":"https:\/\/www.cuchillalia.com\/producto\/soporte-jamonero-arcos-693900-cabezal-giratorio\/#breadcrumb","itemListElement":[{"@type":"ListItem","position":1,"name":"Cuchillalia","item":"https:\/\/www.cuchillalia.com\/en\/"},{"@type":"ListItem","position":2,"name":"Tienda","item":"https:\/\/www.cuchillalia.com\/tienda\/"},{"@type":"ListItem","position":3,"name":"Marcas","item":"https:\/\/www.cuchillalia.com\/categoria\/marcas\/"},{"@type":"ListItem","position":4,"name":"Arcos","item":"https:\/\/www.cuchillalia.com\/categoria\/marcas\/arcos\/"},{"@type":"ListItem","position":5,"name":"Accesorios de Arcos","item":"https:\/\/www.cuchillalia.com\/categoria\/marcas\/arcos\/accesorios-arcos\/"},{"@type":"ListItem","position":6,"name":"Soporte jamonero giratorio plegable en acero y polietileno &#8211; Arcos"}]},{"@type":"WebSite","@id":"https:\/\/www.cuchillalia.com\/#website","url":"https:\/\/www.cuchillalia.com\/","name":"Cuchillalia.com","description":"","publisher":{"@id":"https:\/\/www.cuchillalia.com\/#organization"},"potentialAction":[{"@type":"SearchAction","target":{"@type":"EntryPoint","urlTemplate":"https:\/\/www.cuchillalia.com\/?s={search_term_string}"},"query-input":{"@type":"PropertyValueSpecification","valueRequired":true,"valueName":"search_term_string"}}],"inLanguage":"en-US"},{"@type":"Organization","@id":"https:\/\/www.cuchillalia.com\/#organization","name":"Cuchillalia","url":"https:\/\/www.cuchillalia.com\/","logo":{"@type":"ImageObject","inLanguage":"en-US","@id":"https:\/\/www.cuchillalia.com\/#\/schema\/logo\/image\/","url":"https:\/\/www.cuchillalia.com\/wordpress\/wp-content\/uploads\/2021\/03\/logo-cuchillalia-jpg.jpg","contentUrl":"https:\/\/www.cuchillalia.com\/wordpress\/wp-content\/uploads\/2021\/03\/logo-cuchillalia-jpg.jpg","width":276,"height":192,"caption":"Cuchillalia"},"image":{"@id":"https:\/\/www.cuchillalia.com\/#\/schema\/logo\/image\/"},"sameAs":["http:\/\/www.facebook.com\/cuchillalia","https:\/\/x.com\/Cuchillalia"]}]}},"_links":{"self":[{"href":"https:\/\/www.cuchillalia.com\/en\/wp-json\/wp\/v2\/product\/26336","targetHints":{"allow":["GET"]}}],"collection":[{"href":"https:\/\/www.cuchillalia.com\/en\/wp-json\/wp\/v2\/product"}],"about":[{"href":"https:\/\/www.cuchillalia.com\/en\/wp-json\/wp\/v2\/types\/product"}],"replies":[{"embeddable":true,"href":"https:\/\/www.cuchillalia.com\/en\/wp-json\/wp\/v2\/comments?post=26336"}],"wp:featuredmedia":[{"embeddable":true,"href":"https:\/\/www.cuchillalia.com\/en\/wp-json\/wp\/v2\/media\/26337"}],"wp:attachment":[{"href":"https:\/\/www.cuchillalia.com\/en\/wp-json\/wp\/v2\/media?parent=26336"}],"wp:term":[{"taxonomy":"product_brand","embeddable":true,"href":"https:\/\/www.cuchillalia.com\/en\/wp-json\/wp\/v2\/product_brand?post=26336"},{"taxonomy":"product_cat","embeddable":true,"href":"https:\/\/www.cuchillalia.com\/en\/wp-json\/wp\/v2\/product_cat?post=26336"},{"taxonomy":"product_tag","embeddable":true,"href":"https:\/\/www.cuchillalia.com\/en\/wp-json\/wp\/v2\/product_tag?post=26336"}],"curies":[{"name":"wp","href":"https:\/\/api.w.org\/{rel}","templated":true}]}}