{"id":2495,"date":"2015-02-02T01:00:00","date_gmt":"2015-02-02T00:00:00","guid":{"rendered":"http:\/\/www.cuchillalia.com\/tienda\/kit-tijeras-peluqueria-aluminium-azul-filarmonica\/"},"modified":"2025-07-03T21:28:43","modified_gmt":"2025-07-03T19:28:43","slug":"kit-2-tijeras-peluqueria-5-5-navaja-filarmonica-aluminium-azul-54057","status":"publish","type":"product","link":"https:\/\/www.cuchillalia.com\/en\/producto\/kit-2-tijeras-peluqueria-5-5-navaja-filarmonica-aluminium-azul-54057\/","title":{"rendered":"Set de 2 tijeras de peluquer\u00eda de 5,5&#8243; de color azul &#8211; Filarm\u00f3nica Aluminium 54057"},"content":{"rendered":"<h2>Tabla de caracter\u00edsticas Kit Tijeras Peluquer\u00eda Aluminium Azul Filarm\u00f3nica 54057<\/h2>\n<div class='tabla-caracteristicas'>\n<div class='fila'><span class='etiqueta'>Nombre comercial:<\/span><span class='valor'><strong>Set tijeras peluquero azul l\u00ednea Aluminium<\/strong><\/span><\/div>\n<div class='fila'><span class='etiqueta'>Fabricante:<\/span><span class='valor'>Filarm\u00f3nica<\/span><\/div>\n<div class='fila'><span class='etiqueta'>Referencia del fabricante:<\/span><span class='valor'>54057<\/span><\/div>\n<div class='fila'><span class='etiqueta'>Material de la hoja:<\/span><span class='valor'>Acero inoxidable<\/span><\/div>\n<div class='fila'><span class='etiqueta'>Tipo de hoja:<\/span><span class='valor'>Filo suave a 45\u00ba<\/span><\/div>\n<div class='fila'><span class='etiqueta'>Dureza:<\/span><span class='valor'>HRc 56 Rockwell<\/span><\/div>\n<div class='fila'><span class='etiqueta'>Material del mango:<\/span><span class='valor'>Aluminio<\/span><\/div>\n<div class='fila'><span class='etiqueta'>Tipo de mango:<\/span><span class='valor'>Con silenciador y apoyadedos<\/span><\/div>\n<div class='fila'><span class='etiqueta'>Medidas:<\/span><span class='valor'>14 cm &#8211; 5,5&#8242;<\/span><\/div>\n<div class='fila'><span class='etiqueta'>\u00bfEs apto para zurdos?:<\/span><span class='valor'>Solo para diestros<\/span><\/div>\n<div class='fila'><span class='etiqueta'>Producci\u00f3n:<\/span><span class='valor'>Forjadas en caliente<\/span><\/div>\n<div class='fila'><span class='etiqueta'>\u00bfTiene tornillo de apriete?:<\/span><span class='valor'>Tornillo plano regulable<\/span><\/div>\n<div class='fila'><span class='etiqueta'>\u00bfDonde se fabrica?:<\/span><span class='valor'>Espa\u00f1a<\/span><\/div>\n<div class='fila'><span class='etiqueta'>C\u00f3digo de barras (GTIN):<\/span><span class='valor'>8410990540578<\/span><\/div>\n<div class='fila'><span class='etiqueta'>Observaciones:<\/span><span class='valor'>&#8211; Kit compuesto por las referencias:<br \/>\n     54055 &#8211; Tijera Peluquer\u00eda Aluminium Azul 5,5&#8242; &#8211; Filarm\u00f3nica<br \/>\n     54056 &#8211; Tijera Peluquer\u00eda Aluminium Azul ES-28 5,5&#8242; &#8211; Filarm\u00f3nica<br \/>\n&#8211; La dureza de la hoja (HRc 56) permite una mayor duraci\u00f3n del filo.<br \/>\n&#8211; Filo suave a 45\u00ba.<br \/>\n&#8211; Mangos en aluminio para un menor peso (1\/3 del acero) ya que aportan mayor ligereza.<br \/>\n&#8211; Tornillo plano regulable. Permite aflojar las hojas suavemente con un destornillador sin perder el roce de la medialuna.<\/span><\/div>\n<\/div>\n","protected":false},"excerpt":{"rendered":"<p>Tabla de caracter\u00edsticas Kit Tijeras Peluquer\u00eda Aluminium Azul Filarm\u00f3nica 54057 Nombre comercial:Set tijeras peluquero azul l\u00ednea Aluminium Fabricante:Filarm\u00f3nica Referencia del fabricante:54057 Material de la hoja:Acero inoxidable Tipo de hoja:Filo suave a 45\u00ba Dureza:HRc 56 Rockwell Material del mango:Aluminio Tipo de &hellip; <a class=\"kt-excerpt-readmore more-link\" href=\"https:\/\/www.cuchillalia.com\/en\/producto\/kit-2-tijeras-peluqueria-5-5-navaja-filarmonica-aluminium-azul-54057\/\" aria-label=\"Set de 2 tijeras de peluquer\u00eda de 5,5&#8243; de color azul &#8211; Filarm\u00f3nica Aluminium 54057\">Read More<\/a><\/p>\n","protected":false},"featured_media":7475,"comment_status":"open","ping_status":"closed","template":"","meta":[],"product_brand":[],"product_cat":[8338,8371],"product_tag":[],"class_list":{"0":"post-2495","1":"product","2":"type-product","3":"status-publish","4":"has-post-thumbnail","6":"product_cat-juegos-tijeras","7":"product_cat-tijeras-peluqueria-filarmonica","9":"first","10":"instock","11":"taxable","12":"shipping-taxable","13":"purchasable","14":"product-type-simple"},"yoast_head":"<!-- This site is optimized with the Yoast SEO plugin v27.5 - https:\/\/yoast.com\/product\/yoast-seo-wordpress\/ -->\n<title>KIT Tijeras Peluquer\u00eda ALUMINIUM AZUL - 54057 Filarm\u00f3nica<\/title>\n<meta name=\"robots\" content=\"index, follow, max-snippet:-1, max-image-preview:large, max-video-preview:-1\" \/>\n<link rel=\"canonical\" href=\"https:\/\/www.cuchillalia.com\/producto\/kit-2-tijeras-peluqueria-5-5-navaja-filarmonica-aluminium-azul-54057\/\" \/>\n<meta property=\"og:locale\" content=\"en_US\" \/>\n<meta property=\"og:type\" content=\"article\" \/>\n<meta property=\"og:title\" content=\"KIT Tijeras Peluquer\u00eda ALUMINIUM AZUL - 54057 Filarm\u00f3nica\" \/>\n<meta property=\"og:description\" content=\"Tabla de caracter\u00edsticas Kit Tijeras Peluquer\u00eda Aluminium Azul Filarm\u00f3nica 54057 Nombre comercial:Set tijeras peluquero azul l\u00ednea Aluminium Fabricante:Filarm\u00f3nica Referencia del fabricante:54057 Material de la hoja:Acero inoxidable Tipo de hoja:Filo suave a 45\u00ba Dureza:HRc 56 Rockwell Material del mango:Aluminio Tipo de &hellip; Read More\" \/>\n<meta property=\"og:url\" content=\"https:\/\/www.cuchillalia.com\/producto\/kit-2-tijeras-peluqueria-5-5-navaja-filarmonica-aluminium-azul-54057\/\" \/>\n<meta property=\"og:site_name\" content=\"Cuchillalia.com\" \/>\n<meta property=\"article:publisher\" content=\"http:\/\/www.facebook.com\/cuchillalia\" \/>\n<meta property=\"article:modified_time\" content=\"2025-07-03T19:28:43+00:00\" \/>\n<meta property=\"og:image\" content=\"https:\/\/www.cuchillalia.com\/wordpress\/wp-content\/uploads\/2015\/02\/cuchillalia-filarmonica-54057-kit-tijeras-peluqueria-aluminium-azul.jpg\" \/>\n\t<meta property=\"og:image:width\" content=\"1600\" \/>\n\t<meta property=\"og:image:height\" content=\"1600\" \/>\n\t<meta property=\"og:image:type\" content=\"image\/jpeg\" \/>\n<meta name=\"twitter:card\" content=\"summary_large_image\" \/>\n<meta name=\"twitter:site\" content=\"@Cuchillalia\" \/>\n<meta name=\"twitter:label1\" content=\"Est. reading time\" \/>\n\t<meta name=\"twitter:data1\" content=\"1 minute\" \/>\n<!-- \/ Yoast SEO plugin. -->","yoast_head_json":{"title":"KIT Tijeras Peluquer\u00eda ALUMINIUM AZUL - 54057 Filarm\u00f3nica","robots":{"index":"index","follow":"follow","max-snippet":"max-snippet:-1","max-image-preview":"max-image-preview:large","max-video-preview":"max-video-preview:-1"},"canonical":"https:\/\/www.cuchillalia.com\/producto\/kit-2-tijeras-peluqueria-5-5-navaja-filarmonica-aluminium-azul-54057\/","og_locale":"en_US","og_type":"article","og_title":"KIT Tijeras Peluquer\u00eda ALUMINIUM AZUL - 54057 Filarm\u00f3nica","og_description":"Tabla de caracter\u00edsticas Kit Tijeras Peluquer\u00eda Aluminium Azul Filarm\u00f3nica 54057 Nombre comercial:Set tijeras peluquero azul l\u00ednea Aluminium Fabricante:Filarm\u00f3nica Referencia del fabricante:54057 Material de la hoja:Acero inoxidable Tipo de hoja:Filo suave a 45\u00ba Dureza:HRc 56 Rockwell Material del mango:Aluminio Tipo de &hellip; Read More","og_url":"https:\/\/www.cuchillalia.com\/producto\/kit-2-tijeras-peluqueria-5-5-navaja-filarmonica-aluminium-azul-54057\/","og_site_name":"Cuchillalia.com","article_publisher":"http:\/\/www.facebook.com\/cuchillalia","article_modified_time":"2025-07-03T19:28:43+00:00","og_image":[{"width":1600,"height":1600,"url":"https:\/\/www.cuchillalia.com\/wordpress\/wp-content\/uploads\/2015\/02\/cuchillalia-filarmonica-54057-kit-tijeras-peluqueria-aluminium-azul.jpg","type":"image\/jpeg"}],"twitter_card":"summary_large_image","twitter_site":"@Cuchillalia","twitter_misc":{"Est. reading time":"1 minute"},"schema":{"@context":"https:\/\/schema.org","@graph":[{"@type":"WebPage","@id":"https:\/\/www.cuchillalia.com\/producto\/kit-2-tijeras-peluqueria-5-5-navaja-filarmonica-aluminium-azul-54057\/","url":"https:\/\/www.cuchillalia.com\/producto\/kit-2-tijeras-peluqueria-5-5-navaja-filarmonica-aluminium-azul-54057\/","name":"KIT Tijeras Peluquer\u00eda ALUMINIUM AZUL - 54057 Filarm\u00f3nica","isPartOf":{"@id":"https:\/\/www.cuchillalia.com\/#website"},"primaryImageOfPage":{"@id":"https:\/\/www.cuchillalia.com\/producto\/kit-2-tijeras-peluqueria-5-5-navaja-filarmonica-aluminium-azul-54057\/#primaryimage"},"image":{"@id":"https:\/\/www.cuchillalia.com\/producto\/kit-2-tijeras-peluqueria-5-5-navaja-filarmonica-aluminium-azul-54057\/#primaryimage"},"thumbnailUrl":"https:\/\/www.cuchillalia.com\/wordpress\/wp-content\/uploads\/2015\/02\/cuchillalia-filarmonica-54057-kit-tijeras-peluqueria-aluminium-azul.jpg","datePublished":"2015-02-02T00:00:00+00:00","dateModified":"2025-07-03T19:28:43+00:00","breadcrumb":{"@id":"https:\/\/www.cuchillalia.com\/producto\/kit-2-tijeras-peluqueria-5-5-navaja-filarmonica-aluminium-azul-54057\/#breadcrumb"},"inLanguage":"en-US","potentialAction":[{"@type":"ReadAction","target":["https:\/\/www.cuchillalia.com\/producto\/kit-2-tijeras-peluqueria-5-5-navaja-filarmonica-aluminium-azul-54057\/"]}]},{"@type":"ImageObject","inLanguage":"en-US","@id":"https:\/\/www.cuchillalia.com\/producto\/kit-2-tijeras-peluqueria-5-5-navaja-filarmonica-aluminium-azul-54057\/#primaryimage","url":"https:\/\/www.cuchillalia.com\/wordpress\/wp-content\/uploads\/2015\/02\/cuchillalia-filarmonica-54057-kit-tijeras-peluqueria-aluminium-azul.jpg","contentUrl":"https:\/\/www.cuchillalia.com\/wordpress\/wp-content\/uploads\/2015\/02\/cuchillalia-filarmonica-54057-kit-tijeras-peluqueria-aluminium-azul.jpg","width":1600,"height":1600,"caption":"Cuchillalia - Filarm\u00f3nica 54057 - KIT Tijeras Peluquer\u00eda (Corte + Esculpir) ALUMINIUM AZUL 5,5\""},{"@type":"BreadcrumbList","@id":"https:\/\/www.cuchillalia.com\/producto\/kit-2-tijeras-peluqueria-5-5-navaja-filarmonica-aluminium-azul-54057\/#breadcrumb","itemListElement":[{"@type":"ListItem","position":1,"name":"Cuchillalia","item":"https:\/\/www.cuchillalia.com\/en\/"},{"@type":"ListItem","position":2,"name":"Tienda","item":"https:\/\/www.cuchillalia.com\/tienda\/"},{"@type":"ListItem","position":3,"name":"Tijeras","item":"https:\/\/www.cuchillalia.com\/categoria\/tijeras\/"},{"@type":"ListItem","position":4,"name":"Tijeras de peluquer\u00eda","item":"https:\/\/www.cuchillalia.com\/categoria\/tijeras\/peluqueria\/"},{"@type":"ListItem","position":5,"name":"Sets de tijeras de peluquer\u00eda","item":"https:\/\/www.cuchillalia.com\/categoria\/tijeras\/peluqueria\/juegos-tijeras\/"},{"@type":"ListItem","position":6,"name":"Set de 2 tijeras de peluquer\u00eda de 5,5&#8243; de color azul &#8211; Filarm\u00f3nica Aluminium 54057"}]},{"@type":"WebSite","@id":"https:\/\/www.cuchillalia.com\/#website","url":"https:\/\/www.cuchillalia.com\/","name":"Cuchillalia.com","description":"","publisher":{"@id":"https:\/\/www.cuchillalia.com\/#organization"},"potentialAction":[{"@type":"SearchAction","target":{"@type":"EntryPoint","urlTemplate":"https:\/\/www.cuchillalia.com\/?s={search_term_string}"},"query-input":{"@type":"PropertyValueSpecification","valueRequired":true,"valueName":"search_term_string"}}],"inLanguage":"en-US"},{"@type":"Organization","@id":"https:\/\/www.cuchillalia.com\/#organization","name":"Cuchillalia","url":"https:\/\/www.cuchillalia.com\/","logo":{"@type":"ImageObject","inLanguage":"en-US","@id":"https:\/\/www.cuchillalia.com\/#\/schema\/logo\/image\/","url":"https:\/\/www.cuchillalia.com\/wordpress\/wp-content\/uploads\/2021\/03\/logo-cuchillalia-jpg.jpg","contentUrl":"https:\/\/www.cuchillalia.com\/wordpress\/wp-content\/uploads\/2021\/03\/logo-cuchillalia-jpg.jpg","width":276,"height":192,"caption":"Cuchillalia"},"image":{"@id":"https:\/\/www.cuchillalia.com\/#\/schema\/logo\/image\/"},"sameAs":["http:\/\/www.facebook.com\/cuchillalia","https:\/\/x.com\/Cuchillalia"]}]}},"_links":{"self":[{"href":"https:\/\/www.cuchillalia.com\/en\/wp-json\/wp\/v2\/product\/2495","targetHints":{"allow":["GET"]}}],"collection":[{"href":"https:\/\/www.cuchillalia.com\/en\/wp-json\/wp\/v2\/product"}],"about":[{"href":"https:\/\/www.cuchillalia.com\/en\/wp-json\/wp\/v2\/types\/product"}],"replies":[{"embeddable":true,"href":"https:\/\/www.cuchillalia.com\/en\/wp-json\/wp\/v2\/comments?post=2495"}],"wp:featuredmedia":[{"embeddable":true,"href":"https:\/\/www.cuchillalia.com\/en\/wp-json\/wp\/v2\/media\/7475"}],"wp:attachment":[{"href":"https:\/\/www.cuchillalia.com\/en\/wp-json\/wp\/v2\/media?parent=2495"}],"wp:term":[{"taxonomy":"product_brand","embeddable":true,"href":"https:\/\/www.cuchillalia.com\/en\/wp-json\/wp\/v2\/product_brand?post=2495"},{"taxonomy":"product_cat","embeddable":true,"href":"https:\/\/www.cuchillalia.com\/en\/wp-json\/wp\/v2\/product_cat?post=2495"},{"taxonomy":"product_tag","embeddable":true,"href":"https:\/\/www.cuchillalia.com\/en\/wp-json\/wp\/v2\/product_tag?post=2495"}],"curies":[{"name":"wp","href":"https:\/\/api.w.org\/{rel}","templated":true}]}}