{"id":243713,"date":"2025-05-16T14:29:33","date_gmt":"2025-05-16T12:29:33","guid":{"rendered":"https:\/\/www.cuchillalia.com\/?post_type=product&#038;p=243713"},"modified":"2026-04-28T21:39:58","modified_gmt":"2026-04-28T19:39:58","slug":"maleta-cuchillos-libro-20-piezas-wusthof-2189632001","status":"publish","type":"product","link":"https:\/\/www.cuchillalia.com\/en\/producto\/maleta-cuchillos-libro-20-piezas-wusthof-2189632001\/","title":{"rendered":"Maleta para cuchillos tipo libro para 20 piezas W\u00fcsthof"},"content":{"rendered":"<h2>Tabla de caracter\u00edsticas maleta de cuchillos W\u00fcsthof<\/h2>\n<div class=\"tabla-caracteristicas\">\n<div class=\"fila\"><span class=\"etiqueta\">Nombre comercial:<\/span><span class=\"valor\"><strong>Maleta de libro 20 piezas<\/strong><\/span><\/div>\n<div class=\"fila\"><span class=\"etiqueta\">Fabricante:<\/span><span class=\"valor\">W\u00fcsthof<\/span><\/div>\n<div class=\"fila\"><span class=\"etiqueta\">Referencia del fabricante:<\/span><span class=\"valor\">2189632001<\/span><\/div>\n<div class=\"fila\"><span class=\"etiqueta\">Material:<\/span><span class=\"valor\">Textil<\/span><\/div>\n<div class=\"fila\"><span class=\"etiqueta\">C\u00f3digo de barras (GTIN):<\/span><span class=\"valor\">4002293110318<\/span><\/div>\n<\/div>\n","protected":false},"excerpt":{"rendered":"<p><strong>Maleta para cuchillos en forma de libro<\/strong> de <strong>W\u00fcsthof<\/strong>, con capacidad para <strong>20 piezas<\/strong>.&hellip; <a class=\"kt-excerpt-readmore more-link\" href=\"https:\/\/www.cuchillalia.com\/en\/producto\/maleta-cuchillos-libro-20-piezas-wusthof-2189632001\/\" aria-label=\"Maleta para cuchillos tipo libro para 20 piezas W\u00fcsthof\">Read More<\/a><\/p>\n","protected":false},"featured_media":243736,"comment_status":"open","ping_status":"closed","template":"","meta":[],"product_brand":[],"product_cat":[8418,8320],"product_tag":[],"class_list":{"0":"post-243713","1":"product","2":"type-product","3":"status-publish","4":"has-post-thumbnail","6":"product_cat-accesorios-wusthof","7":"product_cat-estuches-mantas","9":"first","10":"onbackorder","11":"taxable","12":"shipping-taxable","13":"purchasable","14":"product-type-simple"},"yoast_head":"<!-- This site is optimized with the Yoast SEO plugin v27.5 - https:\/\/yoast.com\/product\/yoast-seo-wordpress\/ -->\n<title>Maleta para cuchillos tipo libro para 20 piezas W\u00fcsthof - Cuchillalia.com<\/title>\n<meta name=\"robots\" content=\"index, follow, max-snippet:-1, max-image-preview:large, max-video-preview:-1\" \/>\n<link rel=\"canonical\" href=\"https:\/\/www.cuchillalia.com\/producto\/maleta-cuchillos-libro-20-piezas-wusthof-2189632001\/\" \/>\n<meta property=\"og:locale\" content=\"en_US\" \/>\n<meta property=\"og:type\" content=\"article\" \/>\n<meta property=\"og:title\" content=\"Maleta para cuchillos tipo libro para 20 piezas W\u00fcsthof - Cuchillalia.com\" \/>\n<meta property=\"og:description\" content=\"Maleta para cuchillos en forma de libro de W\u00fcsthof, con capacidad para 20 piezas.&hellip; Read More\" \/>\n<meta property=\"og:url\" content=\"https:\/\/www.cuchillalia.com\/producto\/maleta-cuchillos-libro-20-piezas-wusthof-2189632001\/\" \/>\n<meta property=\"og:site_name\" content=\"Cuchillalia.com\" \/>\n<meta property=\"article:publisher\" content=\"http:\/\/www.facebook.com\/cuchillalia\" \/>\n<meta property=\"article:modified_time\" content=\"2026-04-28T19:39:58+00:00\" \/>\n<meta property=\"og:image\" content=\"https:\/\/www.cuchillalia.com\/wordpress\/wp-content\/uploads\/2025\/05\/maleta-libro-20-piezas-wusthof-2189632001.jpg\" \/>\n\t<meta property=\"og:image:width\" content=\"2500\" \/>\n\t<meta property=\"og:image:height\" content=\"2500\" \/>\n\t<meta property=\"og:image:type\" content=\"image\/jpeg\" \/>\n<meta name=\"twitter:card\" content=\"summary_large_image\" \/>\n<meta name=\"twitter:site\" content=\"@Cuchillalia\" \/>\n<meta name=\"twitter:label1\" content=\"Est. reading time\" \/>\n\t<meta name=\"twitter:data1\" content=\"1 minute\" \/>\n<!-- \/ Yoast SEO plugin. -->","yoast_head_json":{"title":"Maleta para cuchillos tipo libro para 20 piezas W\u00fcsthof - Cuchillalia.com","robots":{"index":"index","follow":"follow","max-snippet":"max-snippet:-1","max-image-preview":"max-image-preview:large","max-video-preview":"max-video-preview:-1"},"canonical":"https:\/\/www.cuchillalia.com\/producto\/maleta-cuchillos-libro-20-piezas-wusthof-2189632001\/","og_locale":"en_US","og_type":"article","og_title":"Maleta para cuchillos tipo libro para 20 piezas W\u00fcsthof - Cuchillalia.com","og_description":"Maleta para cuchillos en forma de libro de W\u00fcsthof, con capacidad para 20 piezas.&hellip; Read More","og_url":"https:\/\/www.cuchillalia.com\/producto\/maleta-cuchillos-libro-20-piezas-wusthof-2189632001\/","og_site_name":"Cuchillalia.com","article_publisher":"http:\/\/www.facebook.com\/cuchillalia","article_modified_time":"2026-04-28T19:39:58+00:00","og_image":[{"width":2500,"height":2500,"url":"https:\/\/www.cuchillalia.com\/wordpress\/wp-content\/uploads\/2025\/05\/maleta-libro-20-piezas-wusthof-2189632001.jpg","type":"image\/jpeg"}],"twitter_card":"summary_large_image","twitter_site":"@Cuchillalia","twitter_misc":{"Est. reading time":"1 minute"},"schema":{"@context":"https:\/\/schema.org","@graph":[{"@type":"WebPage","@id":"https:\/\/www.cuchillalia.com\/producto\/maleta-cuchillos-libro-20-piezas-wusthof-2189632001\/","url":"https:\/\/www.cuchillalia.com\/producto\/maleta-cuchillos-libro-20-piezas-wusthof-2189632001\/","name":"Maleta para cuchillos tipo libro para 20 piezas W\u00fcsthof - Cuchillalia.com","isPartOf":{"@id":"https:\/\/www.cuchillalia.com\/#website"},"primaryImageOfPage":{"@id":"https:\/\/www.cuchillalia.com\/producto\/maleta-cuchillos-libro-20-piezas-wusthof-2189632001\/#primaryimage"},"image":{"@id":"https:\/\/www.cuchillalia.com\/producto\/maleta-cuchillos-libro-20-piezas-wusthof-2189632001\/#primaryimage"},"thumbnailUrl":"https:\/\/www.cuchillalia.com\/wordpress\/wp-content\/uploads\/2025\/05\/maleta-libro-20-piezas-wusthof-2189632001.jpg","datePublished":"2025-05-16T12:29:33+00:00","dateModified":"2026-04-28T19:39:58+00:00","breadcrumb":{"@id":"https:\/\/www.cuchillalia.com\/producto\/maleta-cuchillos-libro-20-piezas-wusthof-2189632001\/#breadcrumb"},"inLanguage":"en-US","potentialAction":[{"@type":"ReadAction","target":["https:\/\/www.cuchillalia.com\/producto\/maleta-cuchillos-libro-20-piezas-wusthof-2189632001\/"]}]},{"@type":"ImageObject","inLanguage":"en-US","@id":"https:\/\/www.cuchillalia.com\/producto\/maleta-cuchillos-libro-20-piezas-wusthof-2189632001\/#primaryimage","url":"https:\/\/www.cuchillalia.com\/wordpress\/wp-content\/uploads\/2025\/05\/maleta-libro-20-piezas-wusthof-2189632001.jpg","contentUrl":"https:\/\/www.cuchillalia.com\/wordpress\/wp-content\/uploads\/2025\/05\/maleta-libro-20-piezas-wusthof-2189632001.jpg","width":2500,"height":2500,"caption":"Maleta tipo libro para 20 piezas W\u00fcsthof 2189632001 - Cuchillalia.com"},{"@type":"BreadcrumbList","@id":"https:\/\/www.cuchillalia.com\/producto\/maleta-cuchillos-libro-20-piezas-wusthof-2189632001\/#breadcrumb","itemListElement":[{"@type":"ListItem","position":1,"name":"Cuchillalia","item":"https:\/\/www.cuchillalia.com\/en\/"},{"@type":"ListItem","position":2,"name":"Tienda","item":"https:\/\/www.cuchillalia.com\/tienda\/"},{"@type":"ListItem","position":3,"name":"Accesorios para cuchillos","item":"https:\/\/www.cuchillalia.com\/categoria\/accesorios-cuchillos\/"},{"@type":"ListItem","position":4,"name":"Estuches y mantas para cuchillos","item":"https:\/\/www.cuchillalia.com\/categoria\/accesorios-cuchillos\/estuches-mantas\/"},{"@type":"ListItem","position":5,"name":"Maleta para cuchillos tipo libro para 20 piezas W\u00fcsthof"}]},{"@type":"WebSite","@id":"https:\/\/www.cuchillalia.com\/#website","url":"https:\/\/www.cuchillalia.com\/","name":"Cuchillalia.com","description":"","publisher":{"@id":"https:\/\/www.cuchillalia.com\/#organization"},"potentialAction":[{"@type":"SearchAction","target":{"@type":"EntryPoint","urlTemplate":"https:\/\/www.cuchillalia.com\/?s={search_term_string}"},"query-input":{"@type":"PropertyValueSpecification","valueRequired":true,"valueName":"search_term_string"}}],"inLanguage":"en-US"},{"@type":"Organization","@id":"https:\/\/www.cuchillalia.com\/#organization","name":"Cuchillalia","url":"https:\/\/www.cuchillalia.com\/","logo":{"@type":"ImageObject","inLanguage":"en-US","@id":"https:\/\/www.cuchillalia.com\/#\/schema\/logo\/image\/","url":"https:\/\/www.cuchillalia.com\/wordpress\/wp-content\/uploads\/2021\/03\/logo-cuchillalia-jpg.jpg","contentUrl":"https:\/\/www.cuchillalia.com\/wordpress\/wp-content\/uploads\/2021\/03\/logo-cuchillalia-jpg.jpg","width":276,"height":192,"caption":"Cuchillalia"},"image":{"@id":"https:\/\/www.cuchillalia.com\/#\/schema\/logo\/image\/"},"sameAs":["http:\/\/www.facebook.com\/cuchillalia","https:\/\/x.com\/Cuchillalia"]}]}},"_links":{"self":[{"href":"https:\/\/www.cuchillalia.com\/en\/wp-json\/wp\/v2\/product\/243713","targetHints":{"allow":["GET"]}}],"collection":[{"href":"https:\/\/www.cuchillalia.com\/en\/wp-json\/wp\/v2\/product"}],"about":[{"href":"https:\/\/www.cuchillalia.com\/en\/wp-json\/wp\/v2\/types\/product"}],"replies":[{"embeddable":true,"href":"https:\/\/www.cuchillalia.com\/en\/wp-json\/wp\/v2\/comments?post=243713"}],"wp:featuredmedia":[{"embeddable":true,"href":"https:\/\/www.cuchillalia.com\/en\/wp-json\/wp\/v2\/media\/243736"}],"wp:attachment":[{"href":"https:\/\/www.cuchillalia.com\/en\/wp-json\/wp\/v2\/media?parent=243713"}],"wp:term":[{"taxonomy":"product_brand","embeddable":true,"href":"https:\/\/www.cuchillalia.com\/en\/wp-json\/wp\/v2\/product_brand?post=243713"},{"taxonomy":"product_cat","embeddable":true,"href":"https:\/\/www.cuchillalia.com\/en\/wp-json\/wp\/v2\/product_cat?post=243713"},{"taxonomy":"product_tag","embeddable":true,"href":"https:\/\/www.cuchillalia.com\/en\/wp-json\/wp\/v2\/product_tag?post=243713"}],"curies":[{"name":"wp","href":"https:\/\/api.w.org\/{rel}","templated":true}]}}