{"id":243445,"date":"2025-05-12T23:11:07","date_gmt":"2025-05-12T21:11:07","guid":{"rendered":"https:\/\/www.cuchillalia.com\/?post_type=product&#038;p=243445"},"modified":"2026-03-20T12:42:18","modified_gmt":"2026-03-20T11:42:18","slug":"jabon-acero-quita-olores-zwilling-1007202","status":"publish","type":"product","link":"https:\/\/www.cuchillalia.com\/en\/producto\/jabon-acero-quita-olores-zwilling-1007202\/","title":{"rendered":"Jab\u00f3n de acero quita-olores Zwilling"},"content":{"rendered":"<p>El <strong>jab\u00f3n de acero quita olores<\/strong> de Zwilling es un utensilio de cocina muy util para eliminar los olores persistentes de las manos, como el ajo, la cebolla y el pescado. Este jab\u00f3n est\u00e1 hecho de acero inoxidable de alta calidad y tiene una forma ergon\u00f3mica que se adapta c\u00f3modamente a la mano. Adem\u00e1s, no requiere de ning\u00fan tipo de detergente para su uso, lo que lo hace ecol\u00f3gico y econ\u00f3mico.<\/p>\n<p>Mediante el uso de este jab\u00f3n de acero, los olores no se neutralizan con otros aromas, como ocurre con los detergentes habituales, sino que se eliminan o reducen de forma dr\u00e1stica con el efecto combinado del jab\u00f3n de acero, el agua y el aire, ya que el acero de este jab\u00f3n act\u00faa como catalizador en la reacci\u00f3n que transforma las mol\u00e9culas del olor en compuestos neutrales.<\/p>\n<ul>\n<li>Jab\u00f3n quita-olores hecho de acero inoxidable de alta calidad.<\/li>\n<li>Forma ergon\u00f3mica que se adapta c\u00f3modamente a la mano.<\/li>\n<li>No requiere detergente para su uso.<\/li>\n<li><strong>Ecol\u00f3gico<\/strong> y econ\u00f3mico.<\/li>\n<li>El jab\u00f3n de acero Zwilling no tiene aditivos qu\u00edmicos ni ninguna sustancia a\u00f1adida. Es simplemente acero inoxidable.<\/li>\n<li>Ideal para eliminar los olores persistentes de las manos.<\/li>\n<li>Tampoco el uso le har\u00e1 perder eficacia. No se gasta.<\/li>\n<\/ul>\n<h2>Usos recomendados<\/h2>\n<p>El <strong>jab\u00f3n quita-olores<\/strong> de acero inoxidable se utiliza para eliminar los olores persistentes de las manos, como el ajo, la cebolla y el pescado. Es ideal para chefs, cocineros caseros y cualquier persona que quiera mantener sus manos libres de olores durante la preparaci\u00f3n de alimentos. Incluso es capaz de hacer desaparecer olores resistentes ajenos a la cocina como el del di\u00e9sel.<\/p>\n<h2>Modo de uso<\/h2>\n<p>Este jab\u00f3n de acero se usa de un modo muy simple: lavar las manos solamente con el jab\u00f3n de acero bajo el agua durante 30 segundos y secar despu\u00e9s. Ver\u00e1s como notas la diferencia.<\/p>\n<h2>Instrucciones de cuidado<\/h2>\n<p>El jab\u00f3n se puede limpiar con agua y un pa\u00f1o suave despu\u00e9s de su uso. No se recomienda lavarlo en el lavavajillas.<\/p>\n<h2>Advertencias<\/h2>\n<p>Se debe tener cuidado al manipularlo, ya que es resbaladizo cuando est\u00e1 mojado.<\/p>\n<h2>Tabla de caracter\u00edsticas jab\u00f3n de acero inoxidable<\/h2>\n<div class='tabla-caracteristicas'>\n<div class='fila'><span class='etiqueta'>Nombre comercial:<\/span><span class='valor'><strong>Jab\u00f3n de acero<\/strong><\/span><\/div>\n<div class='fila'><span class='etiqueta'>Fabricante:<\/span><span class='valor'>Zwilling<\/span><\/div>\n<div class='fila'><span class='etiqueta'>Referencia del fabricante:<\/span><span class='valor'>89003-000 &#8211; 1007202<\/span><\/div>\n<div class='fila'><span class='etiqueta'>Medidas:<\/span><span class='valor'>9,5x4x2,5 cm<\/span><\/div>\n<div class='fila'><span class='etiqueta'>Material:<\/span><span class='valor'>Acero inoxidable<\/span><\/div>\n<div class='fila'><span class='etiqueta'>Peso del producto:<\/span><span class='valor'>55g<\/span><\/div>\n<div class='fila'><span class='etiqueta'>Presentaci\u00f3n del producto:<\/span><span class='valor'>Cajita a de cart\u00f3n<\/span><\/div>\n<div class='fila'><span class='etiqueta'>\u00bfDonde se fabrica?:<\/span><span class='valor'>Alemania<\/span><\/div>\n<div class='fila'><span class='etiqueta'>C\u00f3digo de barras (GTIN):<\/span><span class='valor'>4009839243691<\/span><\/div>\n<\/div>\n","protected":false},"excerpt":{"rendered":"<p><strong>Jab\u00f3n de acero inoxidable<\/strong> para eliminar olores de las manos, de <strong>Zwilling<\/strong>. Reduce los olores fuertes de las manos en la cocina.&hellip; <a class=\"kt-excerpt-readmore more-link\" href=\"https:\/\/www.cuchillalia.com\/en\/producto\/jabon-acero-quita-olores-zwilling-1007202\/\" aria-label=\"Jab\u00f3n de acero quita-olores Zwilling\">Read More<\/a><\/p>\n","protected":false},"featured_media":243446,"comment_status":"open","ping_status":"closed","template":"","meta":[],"product_brand":[],"product_cat":[8839,8283],"product_tag":[],"class_list":{"0":"post-243445","1":"product","2":"type-product","3":"status-publish","4":"has-post-thumbnail","6":"product_cat-accesorios-zwilling","7":"product_cat-utensilios-cocina","9":"first","10":"instock","11":"taxable","12":"shipping-taxable","13":"purchasable","14":"product-type-simple"},"yoast_head":"<!-- This site is optimized with the Yoast SEO plugin v27.5 - https:\/\/yoast.com\/product\/yoast-seo-wordpress\/ -->\n<title>Jab\u00f3n de acero quita-olores Zwilling | Cuchillalia.com<\/title>\n<meta name=\"description\" content=\"Jab\u00f3n de acero inoxidable, elimina olores intensos de las manos, como el ajo, el pescado o la cebolla. No se gasta. Sin aditivos qu\u00edmicos.\" \/>\n<meta name=\"robots\" content=\"index, follow, max-snippet:-1, max-image-preview:large, max-video-preview:-1\" \/>\n<link rel=\"canonical\" href=\"https:\/\/www.cuchillalia.com\/producto\/jabon-acero-quita-olores-zwilling-1007202\/\" \/>\n<meta property=\"og:locale\" content=\"en_US\" \/>\n<meta property=\"og:type\" content=\"article\" \/>\n<meta property=\"og:title\" content=\"Jab\u00f3n de acero quita-olores Zwilling | Cuchillalia.com\" \/>\n<meta property=\"og:description\" content=\"Jab\u00f3n de acero inoxidable, elimina olores intensos de las manos, como el ajo, el pescado o la cebolla. No se gasta. Sin aditivos qu\u00edmicos.\" \/>\n<meta property=\"og:url\" content=\"https:\/\/www.cuchillalia.com\/producto\/jabon-acero-quita-olores-zwilling-1007202\/\" \/>\n<meta property=\"og:site_name\" content=\"Cuchillalia.com\" \/>\n<meta property=\"article:publisher\" content=\"http:\/\/www.facebook.com\/cuchillalia\" \/>\n<meta property=\"article:modified_time\" content=\"2026-03-20T11:42:18+00:00\" \/>\n<meta property=\"og:image\" content=\"https:\/\/www.cuchillalia.com\/wordpress\/wp-content\/uploads\/2025\/05\/jabon-acero-zwilling-1007202.jpg\" \/>\n\t<meta property=\"og:image:width\" content=\"2000\" \/>\n\t<meta property=\"og:image:height\" content=\"2000\" \/>\n\t<meta property=\"og:image:type\" content=\"image\/jpeg\" \/>\n<meta name=\"twitter:card\" content=\"summary_large_image\" \/>\n<meta name=\"twitter:site\" content=\"@Cuchillalia\" \/>\n<meta name=\"twitter:label1\" content=\"Est. reading time\" \/>\n\t<meta name=\"twitter:data1\" content=\"2 minutes\" \/>\n<!-- \/ Yoast SEO plugin. -->","yoast_head_json":{"title":"Jab\u00f3n de acero quita-olores Zwilling | Cuchillalia.com","description":"Jab\u00f3n de acero inoxidable, elimina olores intensos de las manos, como el ajo, el pescado o la cebolla. No se gasta. Sin aditivos qu\u00edmicos.","robots":{"index":"index","follow":"follow","max-snippet":"max-snippet:-1","max-image-preview":"max-image-preview:large","max-video-preview":"max-video-preview:-1"},"canonical":"https:\/\/www.cuchillalia.com\/producto\/jabon-acero-quita-olores-zwilling-1007202\/","og_locale":"en_US","og_type":"article","og_title":"Jab\u00f3n de acero quita-olores Zwilling | Cuchillalia.com","og_description":"Jab\u00f3n de acero inoxidable, elimina olores intensos de las manos, como el ajo, el pescado o la cebolla. No se gasta. Sin aditivos qu\u00edmicos.","og_url":"https:\/\/www.cuchillalia.com\/producto\/jabon-acero-quita-olores-zwilling-1007202\/","og_site_name":"Cuchillalia.com","article_publisher":"http:\/\/www.facebook.com\/cuchillalia","article_modified_time":"2026-03-20T11:42:18+00:00","og_image":[{"width":2000,"height":2000,"url":"https:\/\/www.cuchillalia.com\/wordpress\/wp-content\/uploads\/2025\/05\/jabon-acero-zwilling-1007202.jpg","type":"image\/jpeg"}],"twitter_card":"summary_large_image","twitter_site":"@Cuchillalia","twitter_misc":{"Est. reading time":"2 minutes"},"schema":{"@context":"https:\/\/schema.org","@graph":[{"@type":"WebPage","@id":"https:\/\/www.cuchillalia.com\/producto\/jabon-acero-quita-olores-zwilling-1007202\/","url":"https:\/\/www.cuchillalia.com\/producto\/jabon-acero-quita-olores-zwilling-1007202\/","name":"Jab\u00f3n de acero quita-olores Zwilling | Cuchillalia.com","isPartOf":{"@id":"https:\/\/www.cuchillalia.com\/#website"},"primaryImageOfPage":{"@id":"https:\/\/www.cuchillalia.com\/producto\/jabon-acero-quita-olores-zwilling-1007202\/#primaryimage"},"image":{"@id":"https:\/\/www.cuchillalia.com\/producto\/jabon-acero-quita-olores-zwilling-1007202\/#primaryimage"},"thumbnailUrl":"https:\/\/www.cuchillalia.com\/wordpress\/wp-content\/uploads\/2025\/05\/jabon-acero-zwilling-1007202.jpg","datePublished":"2025-05-12T21:11:07+00:00","dateModified":"2026-03-20T11:42:18+00:00","description":"Jab\u00f3n de acero inoxidable, elimina olores intensos de las manos, como el ajo, el pescado o la cebolla. No se gasta. Sin aditivos qu\u00edmicos.","breadcrumb":{"@id":"https:\/\/www.cuchillalia.com\/producto\/jabon-acero-quita-olores-zwilling-1007202\/#breadcrumb"},"inLanguage":"en-US","potentialAction":[{"@type":"ReadAction","target":["https:\/\/www.cuchillalia.com\/producto\/jabon-acero-quita-olores-zwilling-1007202\/"]}]},{"@type":"ImageObject","inLanguage":"en-US","@id":"https:\/\/www.cuchillalia.com\/producto\/jabon-acero-quita-olores-zwilling-1007202\/#primaryimage","url":"https:\/\/www.cuchillalia.com\/wordpress\/wp-content\/uploads\/2025\/05\/jabon-acero-zwilling-1007202.jpg","contentUrl":"https:\/\/www.cuchillalia.com\/wordpress\/wp-content\/uploads\/2025\/05\/jabon-acero-zwilling-1007202.jpg","width":2000,"height":2000,"caption":"Jab\u00f3n de acero quita olores de Zwilling - Cuchillalia.com"},{"@type":"BreadcrumbList","@id":"https:\/\/www.cuchillalia.com\/producto\/jabon-acero-quita-olores-zwilling-1007202\/#breadcrumb","itemListElement":[{"@type":"ListItem","position":1,"name":"Cuchillalia","item":"https:\/\/www.cuchillalia.com\/en\/"},{"@type":"ListItem","position":2,"name":"Tienda","item":"https:\/\/www.cuchillalia.com\/tienda\/"},{"@type":"ListItem","position":3,"name":"Art\u00edculos de menaje","item":"https:\/\/www.cuchillalia.com\/categoria\/menaje\/"},{"@type":"ListItem","position":4,"name":"Utensilios de cocina","item":"https:\/\/www.cuchillalia.com\/categoria\/menaje\/utensilios-cocina\/"},{"@type":"ListItem","position":5,"name":"Jab\u00f3n de acero quita-olores Zwilling"}]},{"@type":"WebSite","@id":"https:\/\/www.cuchillalia.com\/#website","url":"https:\/\/www.cuchillalia.com\/","name":"Cuchillalia.com","description":"","publisher":{"@id":"https:\/\/www.cuchillalia.com\/#organization"},"potentialAction":[{"@type":"SearchAction","target":{"@type":"EntryPoint","urlTemplate":"https:\/\/www.cuchillalia.com\/?s={search_term_string}"},"query-input":{"@type":"PropertyValueSpecification","valueRequired":true,"valueName":"search_term_string"}}],"inLanguage":"en-US"},{"@type":"Organization","@id":"https:\/\/www.cuchillalia.com\/#organization","name":"Cuchillalia","url":"https:\/\/www.cuchillalia.com\/","logo":{"@type":"ImageObject","inLanguage":"en-US","@id":"https:\/\/www.cuchillalia.com\/#\/schema\/logo\/image\/","url":"https:\/\/www.cuchillalia.com\/wordpress\/wp-content\/uploads\/2021\/03\/logo-cuchillalia-jpg.jpg","contentUrl":"https:\/\/www.cuchillalia.com\/wordpress\/wp-content\/uploads\/2021\/03\/logo-cuchillalia-jpg.jpg","width":276,"height":192,"caption":"Cuchillalia"},"image":{"@id":"https:\/\/www.cuchillalia.com\/#\/schema\/logo\/image\/"},"sameAs":["http:\/\/www.facebook.com\/cuchillalia","https:\/\/x.com\/Cuchillalia"]}]}},"_links":{"self":[{"href":"https:\/\/www.cuchillalia.com\/en\/wp-json\/wp\/v2\/product\/243445","targetHints":{"allow":["GET"]}}],"collection":[{"href":"https:\/\/www.cuchillalia.com\/en\/wp-json\/wp\/v2\/product"}],"about":[{"href":"https:\/\/www.cuchillalia.com\/en\/wp-json\/wp\/v2\/types\/product"}],"replies":[{"embeddable":true,"href":"https:\/\/www.cuchillalia.com\/en\/wp-json\/wp\/v2\/comments?post=243445"}],"wp:featuredmedia":[{"embeddable":true,"href":"https:\/\/www.cuchillalia.com\/en\/wp-json\/wp\/v2\/media\/243446"}],"wp:attachment":[{"href":"https:\/\/www.cuchillalia.com\/en\/wp-json\/wp\/v2\/media?parent=243445"}],"wp:term":[{"taxonomy":"product_brand","embeddable":true,"href":"https:\/\/www.cuchillalia.com\/en\/wp-json\/wp\/v2\/product_brand?post=243445"},{"taxonomy":"product_cat","embeddable":true,"href":"https:\/\/www.cuchillalia.com\/en\/wp-json\/wp\/v2\/product_cat?post=243445"},{"taxonomy":"product_tag","embeddable":true,"href":"https:\/\/www.cuchillalia.com\/en\/wp-json\/wp\/v2\/product_tag?post=243445"}],"curies":[{"name":"wp","href":"https:\/\/api.w.org\/{rel}","templated":true}]}}