{"id":241106,"date":"2025-01-20T22:22:37","date_gmt":"2025-01-20T21:22:37","guid":{"rendered":"https:\/\/www.cuchillalia.com\/?post_type=product&#038;p=241106"},"modified":"2026-05-17T02:52:30","modified_gmt":"2026-05-17T00:52:30","slug":"chaira-de-25-cm-de-mango-blanco-filarmonica-5551","status":"publish","type":"product","link":"https:\/\/www.cuchillalia.com\/en\/producto\/chaira-de-25-cm-de-mango-blanco-filarmonica-5551\/","title":{"rendered":"Chaira de 25 cm de mango blanco Filarm\u00f3nica 5551"},"content":{"rendered":"<h2>Tabla de caracter\u00edsticas chaira blanca de 25 cm Filarm\u00f3nica<\/h2>\n<div class='tabla-caracteristicas'>\n<div class='fila'><span class='etiqueta'>Nombre comercial:<\/span><span class='valor'><strong>Chaira profesional 10&#8242; mango polipropileno blanco Filarm\u00f3nica<\/strong><\/span><\/div>\n<div class='fila'><span class='etiqueta'>Fabricante:<\/span><span class='valor'>Filarm\u00f3nica<\/span><\/div>\n<div class='fila'><span class='etiqueta'>Referencia del fabricante:<\/span><span class='valor'>05551<\/span><\/div>\n<div class='fila'><span class='etiqueta'>Longitud de la hoja:<\/span><span class='valor'>25 cm<\/span><\/div>\n<div class='fila'><span class='etiqueta'>Material de la hoja:<\/span><span class='valor'>Acero inoxidable<\/span><\/div>\n<div class='fila'><span class='etiqueta'>Material del mango:<\/span><span class='valor'>Polipropileno blanco<\/span><\/div>\n<div class='fila'><span class='etiqueta'>Tipo de mango:<\/span><span class='valor'>Sobremoldeado<\/span><\/div>\n<div class='fila'><span class='etiqueta'>\u00bfEs apto para zurdos?:<\/span><span class='valor'>Para diestros y zurdos<\/span><\/div>\n<div class='fila'><span class='etiqueta'>\u00bfEs apto para el lavavajillas?:<\/span><span class='valor'>Si<\/span><\/div>\n<div class='fila'><span class='etiqueta'>\u00bfEs esterilizable?:<\/span><span class='valor'>Si, hasta 135\u00baC<\/span><\/div>\n<div class='fila'><span class='etiqueta'>C\u00f3digo de barras (GTIN):<\/span><span class='valor'>8410990055515<\/span><\/div>\n<\/div>\n","protected":false},"excerpt":{"rendered":"<p><strong>Chaira blanca de 25 cm<\/strong> de <strong>Filarm\u00f3nica<\/strong>.&hellip; <a class=\"kt-excerpt-readmore more-link\" href=\"https:\/\/www.cuchillalia.com\/en\/producto\/chaira-de-25-cm-de-mango-blanco-filarmonica-5551\/\" aria-label=\"Chaira de 25 cm de mango blanco Filarm\u00f3nica 5551\">Read More<\/a><\/p>\n","protected":false},"featured_media":241120,"comment_status":"open","ping_status":"closed","template":"","meta":[],"product_brand":[],"product_cat":[8319],"product_tag":[],"class_list":{"0":"post-241106","1":"product","2":"type-product","3":"status-publish","4":"has-post-thumbnail","6":"product_cat-chairas","8":"first","9":"instock","10":"taxable","11":"shipping-taxable","12":"purchasable","13":"product-type-simple"},"yoast_head":"<!-- This site is optimized with the Yoast SEO plugin v27.5 - https:\/\/yoast.com\/product\/yoast-seo-wordpress\/ -->\n<title>Chaira de 25 cm de mango blanco Filarm\u00f3nica 5551 - Cuchillalia.com<\/title>\n<meta name=\"robots\" content=\"index, follow, max-snippet:-1, max-image-preview:large, max-video-preview:-1\" \/>\n<link rel=\"canonical\" href=\"https:\/\/www.cuchillalia.com\/producto\/chaira-de-25-cm-de-mango-blanco-filarmonica-5551\/\" \/>\n<meta property=\"og:locale\" content=\"en_US\" \/>\n<meta property=\"og:type\" content=\"article\" \/>\n<meta property=\"og:title\" content=\"Chaira de 25 cm de mango blanco Filarm\u00f3nica 5551 - Cuchillalia.com\" \/>\n<meta property=\"og:description\" content=\"Chaira blanca de 25 cm de Filarm\u00f3nica.&hellip; Read More\" \/>\n<meta property=\"og:url\" content=\"https:\/\/www.cuchillalia.com\/producto\/chaira-de-25-cm-de-mango-blanco-filarmonica-5551\/\" \/>\n<meta property=\"og:site_name\" content=\"Cuchillalia.com\" \/>\n<meta property=\"article:publisher\" content=\"http:\/\/www.facebook.com\/cuchillalia\" \/>\n<meta property=\"article:modified_time\" content=\"2026-05-17T00:52:30+00:00\" \/>\n<meta property=\"og:image\" content=\"https:\/\/www.cuchillalia.com\/wordpress\/wp-content\/uploads\/2025\/01\/chaira-25-cm-mango-blanco-filarmonica-5551.jpg\" \/>\n\t<meta property=\"og:image:width\" content=\"1800\" \/>\n\t<meta property=\"og:image:height\" content=\"1800\" \/>\n\t<meta property=\"og:image:type\" content=\"image\/jpeg\" \/>\n<meta name=\"twitter:card\" content=\"summary_large_image\" \/>\n<meta name=\"twitter:site\" content=\"@Cuchillalia\" \/>\n<meta name=\"twitter:label1\" content=\"Est. reading time\" \/>\n\t<meta name=\"twitter:data1\" content=\"1 minute\" \/>\n<!-- \/ Yoast SEO plugin. -->","yoast_head_json":{"title":"Chaira de 25 cm de mango blanco Filarm\u00f3nica 5551 - Cuchillalia.com","robots":{"index":"index","follow":"follow","max-snippet":"max-snippet:-1","max-image-preview":"max-image-preview:large","max-video-preview":"max-video-preview:-1"},"canonical":"https:\/\/www.cuchillalia.com\/producto\/chaira-de-25-cm-de-mango-blanco-filarmonica-5551\/","og_locale":"en_US","og_type":"article","og_title":"Chaira de 25 cm de mango blanco Filarm\u00f3nica 5551 - Cuchillalia.com","og_description":"Chaira blanca de 25 cm de Filarm\u00f3nica.&hellip; Read More","og_url":"https:\/\/www.cuchillalia.com\/producto\/chaira-de-25-cm-de-mango-blanco-filarmonica-5551\/","og_site_name":"Cuchillalia.com","article_publisher":"http:\/\/www.facebook.com\/cuchillalia","article_modified_time":"2026-05-17T00:52:30+00:00","og_image":[{"width":1800,"height":1800,"url":"https:\/\/www.cuchillalia.com\/wordpress\/wp-content\/uploads\/2025\/01\/chaira-25-cm-mango-blanco-filarmonica-5551.jpg","type":"image\/jpeg"}],"twitter_card":"summary_large_image","twitter_site":"@Cuchillalia","twitter_misc":{"Est. reading time":"1 minute"},"schema":{"@context":"https:\/\/schema.org","@graph":[{"@type":"WebPage","@id":"https:\/\/www.cuchillalia.com\/producto\/chaira-de-25-cm-de-mango-blanco-filarmonica-5551\/","url":"https:\/\/www.cuchillalia.com\/producto\/chaira-de-25-cm-de-mango-blanco-filarmonica-5551\/","name":"Chaira de 25 cm de mango blanco Filarm\u00f3nica 5551 - Cuchillalia.com","isPartOf":{"@id":"https:\/\/www.cuchillalia.com\/#website"},"primaryImageOfPage":{"@id":"https:\/\/www.cuchillalia.com\/producto\/chaira-de-25-cm-de-mango-blanco-filarmonica-5551\/#primaryimage"},"image":{"@id":"https:\/\/www.cuchillalia.com\/producto\/chaira-de-25-cm-de-mango-blanco-filarmonica-5551\/#primaryimage"},"thumbnailUrl":"https:\/\/www.cuchillalia.com\/wordpress\/wp-content\/uploads\/2025\/01\/chaira-25-cm-mango-blanco-filarmonica-5551.jpg","datePublished":"2025-01-20T21:22:37+00:00","dateModified":"2026-05-17T00:52:30+00:00","breadcrumb":{"@id":"https:\/\/www.cuchillalia.com\/producto\/chaira-de-25-cm-de-mango-blanco-filarmonica-5551\/#breadcrumb"},"inLanguage":"en-US","potentialAction":[{"@type":"ReadAction","target":["https:\/\/www.cuchillalia.com\/producto\/chaira-de-25-cm-de-mango-blanco-filarmonica-5551\/"]}]},{"@type":"ImageObject","inLanguage":"en-US","@id":"https:\/\/www.cuchillalia.com\/producto\/chaira-de-25-cm-de-mango-blanco-filarmonica-5551\/#primaryimage","url":"https:\/\/www.cuchillalia.com\/wordpress\/wp-content\/uploads\/2025\/01\/chaira-25-cm-mango-blanco-filarmonica-5551.jpg","contentUrl":"https:\/\/www.cuchillalia.com\/wordpress\/wp-content\/uploads\/2025\/01\/chaira-25-cm-mango-blanco-filarmonica-5551.jpg","width":1800,"height":1800,"caption":"Chaira blanca de 25 cm Filarm\u00f3nica 5551 - Cuchillalia.com"},{"@type":"BreadcrumbList","@id":"https:\/\/www.cuchillalia.com\/producto\/chaira-de-25-cm-de-mango-blanco-filarmonica-5551\/#breadcrumb","itemListElement":[{"@type":"ListItem","position":1,"name":"Cuchillalia","item":"https:\/\/www.cuchillalia.com\/en\/"},{"@type":"ListItem","position":2,"name":"Tienda","item":"https:\/\/www.cuchillalia.com\/tienda\/"},{"@type":"ListItem","position":3,"name":"Accesorios para cuchillos","item":"https:\/\/www.cuchillalia.com\/categoria\/accesorios-cuchillos\/"},{"@type":"ListItem","position":4,"name":"Chairas","item":"https:\/\/www.cuchillalia.com\/categoria\/accesorios-cuchillos\/chairas\/"},{"@type":"ListItem","position":5,"name":"Chaira de 25 cm de mango blanco Filarm\u00f3nica 5551"}]},{"@type":"WebSite","@id":"https:\/\/www.cuchillalia.com\/#website","url":"https:\/\/www.cuchillalia.com\/","name":"Cuchillalia.com","description":"","publisher":{"@id":"https:\/\/www.cuchillalia.com\/#organization"},"potentialAction":[{"@type":"SearchAction","target":{"@type":"EntryPoint","urlTemplate":"https:\/\/www.cuchillalia.com\/?s={search_term_string}"},"query-input":{"@type":"PropertyValueSpecification","valueRequired":true,"valueName":"search_term_string"}}],"inLanguage":"en-US"},{"@type":"Organization","@id":"https:\/\/www.cuchillalia.com\/#organization","name":"Cuchillalia","url":"https:\/\/www.cuchillalia.com\/","logo":{"@type":"ImageObject","inLanguage":"en-US","@id":"https:\/\/www.cuchillalia.com\/#\/schema\/logo\/image\/","url":"https:\/\/www.cuchillalia.com\/wordpress\/wp-content\/uploads\/2021\/03\/logo-cuchillalia-jpg.jpg","contentUrl":"https:\/\/www.cuchillalia.com\/wordpress\/wp-content\/uploads\/2021\/03\/logo-cuchillalia-jpg.jpg","width":276,"height":192,"caption":"Cuchillalia"},"image":{"@id":"https:\/\/www.cuchillalia.com\/#\/schema\/logo\/image\/"},"sameAs":["http:\/\/www.facebook.com\/cuchillalia","https:\/\/x.com\/Cuchillalia"]}]}},"_links":{"self":[{"href":"https:\/\/www.cuchillalia.com\/en\/wp-json\/wp\/v2\/product\/241106","targetHints":{"allow":["GET"]}}],"collection":[{"href":"https:\/\/www.cuchillalia.com\/en\/wp-json\/wp\/v2\/product"}],"about":[{"href":"https:\/\/www.cuchillalia.com\/en\/wp-json\/wp\/v2\/types\/product"}],"replies":[{"embeddable":true,"href":"https:\/\/www.cuchillalia.com\/en\/wp-json\/wp\/v2\/comments?post=241106"}],"wp:featuredmedia":[{"embeddable":true,"href":"https:\/\/www.cuchillalia.com\/en\/wp-json\/wp\/v2\/media\/241120"}],"wp:attachment":[{"href":"https:\/\/www.cuchillalia.com\/en\/wp-json\/wp\/v2\/media?parent=241106"}],"wp:term":[{"taxonomy":"product_brand","embeddable":true,"href":"https:\/\/www.cuchillalia.com\/en\/wp-json\/wp\/v2\/product_brand?post=241106"},{"taxonomy":"product_cat","embeddable":true,"href":"https:\/\/www.cuchillalia.com\/en\/wp-json\/wp\/v2\/product_cat?post=241106"},{"taxonomy":"product_tag","embeddable":true,"href":"https:\/\/www.cuchillalia.com\/en\/wp-json\/wp\/v2\/product_tag?post=241106"}],"curies":[{"name":"wp","href":"https:\/\/api.w.org\/{rel}","templated":true}]}}