{"id":240862,"date":"2025-01-10T17:13:15","date_gmt":"2025-01-10T16:13:15","guid":{"rendered":"https:\/\/www.cuchillalia.com\/?post_type=product&#038;p=240862"},"modified":"2025-07-03T21:27:51","modified_gmt":"2025-07-03T19:27:51","slug":"navaja-baladeo-amarillo-mango-madera-eco000199","status":"publish","type":"product","link":"https:\/\/www.cuchillalia.com\/en\/producto\/navaja-baladeo-amarillo-mango-madera-eco000199\/","title":{"rendered":"Navaja Balad\u00e9o Amarillo mango madera ECO000199"},"content":{"rendered":"<p>Descubre la <strong>navaja Balad\u00e9o Amarillo<\/strong>, una herramienta dise\u00f1ada para los amantes de la aventura y la funcionalidad. Con su elegante hoja de acero inoxidable con terminaci\u00f3n en <strong>imitaci\u00f3n acero de Damasco<\/strong> y su mango de madera de fresno, esta navaja combina durabilidad y estilo. Gracias a su dise\u00f1o plegable y multiusos, resulta ideal para actividades al aire libre, bricolaje o simplemente como una pieza imprescindible en cualquier kit personal. Adem\u00e1s, su sistema de seguridad tipo Liner Lock y la apertura con una sola mano garantizan comodidad y seguridad en su uso.<\/p>\n<h3>Navaja Balad\u00e9o Amarillo:<\/h3>\n<ul>\n<li>Posee una <strong>hoja de acero inoxidable<\/strong> con <strong>acabado imitaci\u00f3n acero de Damasco<\/strong>. Es un acabado \u00fanico que le aporta un estilo sofisticado mientras mantiene la resistencia necesaria para un uso prolongado.<\/li>\n<li>El <strong>mango de madera de fresno<\/strong> ofrece un agarre c\u00f3modo y seguro, adem\u00e1s de un dise\u00f1o natural y atractivo que se adapta perfectamente a la mano.<\/li>\n<li>Su <strong>cierre de seguridad Liner Lock<\/strong> evita cierres accidentales, brindando tranquilidad en cada uso.<\/li>\n<li>Equipado con un tet\u00f3n en la hoja que permite la <strong>apertura a una sola mano<\/strong>. Este dise\u00f1o facilita un manejo r\u00e1pido y pr\u00e1ctico, incluso en situaciones que requieran agilidad.<\/li>\n<li>La navaja incluye una pr\u00e1ctica <strong>cuerda negra para la sujeci\u00f3n<\/strong>, que permite atarla a la mu\u00f1eca o mochila, asegur\u00e1ndola en todo momento.<\/li>\n<\/ul>\n<h2>Tabla de caracter\u00edsticas navaja Balad\u00e9o Amarillo<\/h2>\n<div class='tabla-caracteristicas'>\n<div class='fila'><span class='etiqueta'>Nombre comercial:<\/span><span class='valor'><strong>Balad\u00e9o Amarillo<\/strong><\/span><\/div>\n<div class='fila'><span class='etiqueta'>Fabricante:<\/span><span class='valor'>Balad\u00e9o<\/span><\/div>\n<div class='fila'><span class='etiqueta'>Referencia del fabricante:<\/span><span class='valor'>ECO000199<\/span><\/div>\n<div class='fila'><span class='etiqueta'>Longitud de la hoja:<\/span><span class='valor'>7,6 cm<\/span><\/div>\n<div class='fila'><span class='etiqueta'>Ancho m\u00e1ximo de la hoja:<\/span><span class='valor'>1,9 cm<\/span><\/div>\n<div class='fila'><span class='etiqueta'>Longitud del mango:<\/span><span class='valor'>10,3 cm<\/span><\/div>\n<div class='fila'><span class='etiqueta'>Longitud total:<\/span><span class='valor'>18,3 cm<\/span><\/div>\n<div class='fila'><span class='etiqueta'>Material de la hoja:<\/span><span class='valor'>Acero inoxidable<\/span><\/div>\n<div class='fila'><span class='etiqueta'>Tipo de hoja:<\/span><span class='valor'>Plegable. Filo liso.<\/span><\/div>\n<div class='fila'><span class='etiqueta'>Acabado:<\/span><span class='valor'>Relieve imitaci\u00f3n acero de Damasco<\/span><\/div>\n<div class='fila'><span class='etiqueta'>Material del mango:<\/span><span class='valor'>Madera de fresno<\/span><\/div>\n<div class='fila'><span class='etiqueta'>Medidas:<\/span><span class='valor'>Cerrada:     10,3&#215;2,5&#215;1,3 cm<br \/>\nAbierta:     18,3&#215;2,5&#215;1,3 cm<\/span><\/div>\n<div class='fila'><span class='etiqueta'>\u00bfEs apto para zurdos?:<\/span><span class='valor'>La apertura est\u00e1 pensada para un diestro, pero eso no impide usarla a un zurdo.<\/span><\/div>\n<div class='fila'><span class='etiqueta'>Peso del producto:<\/span><span class='valor'>86 g<\/span><\/div>\n<div class='fila'><span class='etiqueta'>\u00bfTiene bloqueo de hoja?:<\/span><span class='valor'>Bloqueo de seguridad Liner Lock<\/span><\/div>\n<div class='fila'><span class='etiqueta'>\u00bfTiene apertura a una mano?:<\/span><span class='valor'>Si<\/span><\/div>\n<div class='fila'><span class='etiqueta'>Presentaci\u00f3n del producto:<\/span><span class='valor'>Caja<\/span><\/div>\n<div class='fila'><span class='etiqueta'>C\u00f3digo de barras (GTIN):<\/span><span class='valor'>3661190008220<\/span><\/div>\n<\/div>\n<h3>Otros productos Balad\u00e9o<\/h3>\n<div class=\"woocommerce columns-4 outofstock\"><ul class=\"products kad_product_wrapper rowtight shopcolumn4 shopfullwidth init-isotope-intrinsic kt-show-rating  reinit-isotope\" data-nextselector=\".woocommerce-pagination a.next\" data-navselector=\".woocommerce-pagination\" data-itemselector=\".kad_product\" data-itemloadselector=\".kt_item_fade_in\" data-iso-selector=\".kad_product\" data-iso-style=\"fitRows\" data-iso-filter=\"true\">\n<li class=\"product type-product post-97315 status-publish first instock product_cat-camping product_cat-baladeo product_cat-cuberteria-mesa product_cat-juegos-cubiertos has-post-thumbnail taxable shipping-taxable purchasable product-type-simple col-xxl-2 col-xl-25 col-md-3 col-sm-4 col-xs-6 col-ss-6 camping baladeo cuberteria-mesa juegos-cubiertos kad_product\">\n\t<div class=\"grid_item product_item clearfix kt_item_fade_in\"><a href=\"https:\/\/www.cuchillalia.com\/en\/producto\/set-3-cubiertos-camping-viaje-baladeo-eco112\/\" class=\"product_item_link product_img_link\"><div class=\"kad-product-noflipper kt-product-hardcrop kt-product-intrinsic\" style=\"padding-bottom:100%;\"><div class=\"kt-product-animation-contain\"><img decoding=\"async\" src=\"https:\/\/www.cuchillalia.com\/wordpress\/wp-content\/uploads\/2020\/02\/cubiertos-camping-viaje-basecamp-baladeo-eco000112-presentados-300x300.jpg\" srcset=\"https:\/\/www.cuchillalia.com\/wordpress\/wp-content\/uploads\/2020\/02\/cubiertos-camping-viaje-basecamp-baladeo-eco000112-presentados-300x300.jpg 300w, https:\/\/www.cuchillalia.com\/wordpress\/wp-content\/uploads\/2020\/02\/cubiertos-camping-viaje-basecamp-baladeo-eco000112-presentados-200x200.jpg 200w, https:\/\/www.cuchillalia.com\/wordpress\/wp-content\/uploads\/2020\/02\/cubiertos-camping-viaje-basecamp-baladeo-eco000112-presentados-100x100.jpg 100w, https:\/\/www.cuchillalia.com\/wordpress\/wp-content\/uploads\/2020\/02\/cubiertos-camping-viaje-basecamp-baladeo-eco000112-presentados-566x566.jpg 566w, https:\/\/www.cuchillalia.com\/wordpress\/wp-content\/uploads\/2020\/02\/cubiertos-camping-viaje-basecamp-baladeo-eco000112-presentados-1024x1024.jpg 1024w, https:\/\/www.cuchillalia.com\/wordpress\/wp-content\/uploads\/2020\/02\/cubiertos-camping-viaje-basecamp-baladeo-eco000112-presentados-150x150.jpg 150w, https:\/\/www.cuchillalia.com\/wordpress\/wp-content\/uploads\/2020\/02\/cubiertos-camping-viaje-basecamp-baladeo-eco000112-presentados-768x768.jpg 768w, https:\/\/www.cuchillalia.com\/wordpress\/wp-content\/uploads\/2020\/02\/cubiertos-camping-viaje-basecamp-baladeo-eco000112-presentados-1536x1536.jpg 1536w, https:\/\/www.cuchillalia.com\/wordpress\/wp-content\/uploads\/2020\/02\/cubiertos-camping-viaje-basecamp-baladeo-eco000112-presentados-720x720.jpg 720w, https:\/\/www.cuchillalia.com\/wordpress\/wp-content\/uploads\/2020\/02\/cubiertos-camping-viaje-basecamp-baladeo-eco000112-presentados-360x360.jpg 360w, https:\/\/www.cuchillalia.com\/wordpress\/wp-content\/uploads\/2020\/02\/cubiertos-camping-viaje-basecamp-baladeo-eco000112-presentados-600x600.jpg 600w, https:\/\/www.cuchillalia.com\/wordpress\/wp-content\/uploads\/2020\/02\/cubiertos-camping-viaje-basecamp-baladeo-eco000112-presentados-800x800.jpg 800w, https:\/\/www.cuchillalia.com\/wordpress\/wp-content\/uploads\/2020\/02\/cubiertos-camping-viaje-basecamp-baladeo-eco000112-presentados-400x400.jpg 400w, https:\/\/www.cuchillalia.com\/wordpress\/wp-content\/uploads\/2020\/02\/cubiertos-camping-viaje-basecamp-baladeo-eco000112-presentados-480x480.jpg 480w, https:\/\/www.cuchillalia.com\/wordpress\/wp-content\/uploads\/2020\/02\/cubiertos-camping-viaje-basecamp-baladeo-eco000112-presentados-240x240.jpg 240w, https:\/\/www.cuchillalia.com\/wordpress\/wp-content\/uploads\/2020\/02\/cubiertos-camping-viaje-basecamp-baladeo-eco000112-presentados.jpg 1600w\" sizes=\"(max-width: 300px) 100vw, 300px\"  alt=\"Cuchara, tenedor y cuchillo del set de cubiertos de camping\/viajes Basecamp Balad\u00e9o - Cuchillalia\" width=\"300\" height=\"300\" class=\"attachment-shop_catalog wp-post-image size-300x300\"><\/div><\/div><\/a> \n\n\t<div class=\"details_product_item\"><div class=\"product_details\"><a href=\"https:\/\/www.cuchillalia.com\/en\/producto\/set-3-cubiertos-camping-viaje-baladeo-eco112\/\" class=\"product_item_link\"><h3 class=\"product_archive_title\">Set de 3 cubiertos para camping con funda &#8211; Balad\u00e9o ECO112<\/h3><\/a><\/div>\t\t\n\t<a href=\"https:\/\/www.cuchillalia.com\/en\/producto\/set-3-cubiertos-camping-viaje-baladeo-eco112\/\"><span class=\"kt-notrated\">not rated<\/span><\/a>\n\t<span class=\"price\"><span class=\"woocommerce-Price-amount amount\"><bdi>17,47<span class=\"woocommerce-Price-currencySymbol\">&euro;<\/span><\/bdi><\/span><\/span>\n<div class=\"clearfix\"><\/div><\/div>\n\t<div class=\"product_action_wrap\"><a href=\"\/en\/wp-json\/wp\/v2\/product\/240862?add-to-cart=97315\" aria-describedby=\"woocommerce_loop_add_to_cart_link_describedby_97315\" data-quantity=\"1\" class=\"button product_type_simple add_to_cart_button ajax_add_to_cart\" data-product_id=\"97315\" data-product_sku=\"BA_ECO000112\" aria-label=\"Add to cart: &ldquo;Set de 3 cubiertos para camping con funda - Balad\u00e9o ECO112&rdquo;\" rel=\"nofollow\" data-success_message=\"&ldquo;Set de 3 cubiertos para camping con funda - Balad\u00e9o ECO112&rdquo; has been added to your cart\" role=\"button\">Add to cart<\/a>\t<span id=\"woocommerce_loop_add_to_cart_link_describedby_97315\" class=\"screen-reader-text\">\n\t\t\t<\/span>\n\t\t\t<input type=\"hidden\" class=\"pmwProductId\" data-id=\"97315\">\n\t\t\t\t\t<script>\n\t\t\t(window.pmwDataLayer = window.pmwDataLayer || {}).products                = window.pmwDataLayer.products || {};\n\t\t\twindow.pmwDataLayer.products[97315] = {\"id\":\"97315\",\"sku\":\"BA_ECO000112\",\"price\":17.469999999999999,\"brand\":\"\",\"quantity\":1,\"dyn_r_ids\":{\"post_id\":\"97315\",\"sku\":\"BA_ECO000112\",\"gpf\":\"woocommerce_gpf_97315\",\"gla\":\"gla_97315\"},\"is_variable\":false,\"type\":\"simple\",\"name\":\"Set de 3 cubiertos para camping con funda - Balad\u00e9o ECO112\",\"category\":[\"Accesorios para camping\",\"Balad\u00e9o\",\"Cuchillos y cuberter\u00eda de mesa\",\"Juegos de cubiertos\"],\"is_variation\":false};\n\t\t\t\t\twindow.pmw_product_position = window.pmw_product_position || 1;\n\t\twindow.pmwDataLayer.products[97315]['position'] = window.pmw_product_position++;\n\t\t\t\t<\/script>\n\t\t<\/div><\/div><\/li><\/ul>\n<\/div>\n<h3>Afilar tu navaja Balad\u00e9o Amarillo<\/h3>\n<p>Para afilar tu <strong>navaja Balad\u00e9o Amarillo<\/strong>\u00a0recomendamos el <a href='https:\/\/www.cuchillalia.com\/producto\/afilador-navajas-duo-victorinox-4-3323\/'><strong>afilador de navajas DUO Victorinox<\/strong><\/a>:<\/p>\n<div class=\"woocommerce columns-4 \"><ul class=\"products kad_product_wrapper rowtight shopcolumn4 shopfullwidth init-isotope-intrinsic kt-show-rating  reinit-isotope\" data-nextselector=\".woocommerce-pagination a.next\" data-navselector=\".woocommerce-pagination\" data-itemselector=\".kad_product\" data-itemloadselector=\".kt_item_fade_in\" data-iso-selector=\".kad_product\" data-iso-style=\"fitRows\" data-iso-filter=\"true\">\n<li class=\"product type-product post-169021 status-publish first instock product_cat-afiladores has-post-thumbnail taxable shipping-taxable purchasable product-type-simple col-xxl-2 col-xl-25 col-md-3 col-sm-4 col-xs-6 col-ss-6 afiladores kad_product\">\n\t<div class=\"grid_item product_item clearfix kt_item_fade_in\"><a href=\"https:\/\/www.cuchillalia.com\/en\/producto\/afilador-navajas-victorinox-duo-4-3323\/\" class=\"product_item_link product_img_link\"><div class=\"kad-product-noflipper kt-product-hardcrop kt-product-intrinsic\" style=\"padding-bottom:100%;\"><div class=\"kt-product-animation-contain\"><img decoding=\"async\" src=\"https:\/\/www.cuchillalia.com\/wordpress\/wp-content\/uploads\/2023\/06\/afilador-cuchillos-duo-victorinox-300x300.jpg\" srcset=\"https:\/\/www.cuchillalia.com\/wordpress\/wp-content\/uploads\/2023\/06\/afilador-cuchillos-duo-victorinox-300x300.jpg 300w, https:\/\/www.cuchillalia.com\/wordpress\/wp-content\/uploads\/2023\/06\/afilador-cuchillos-duo-victorinox-1024x1024.jpg 1024w, https:\/\/www.cuchillalia.com\/wordpress\/wp-content\/uploads\/2023\/06\/afilador-cuchillos-duo-victorinox-150x150.jpg 150w, https:\/\/www.cuchillalia.com\/wordpress\/wp-content\/uploads\/2023\/06\/afilador-cuchillos-duo-victorinox-768x768.jpg 768w, https:\/\/www.cuchillalia.com\/wordpress\/wp-content\/uploads\/2023\/06\/afilador-cuchillos-duo-victorinox-1536x1536.jpg 1536w, https:\/\/www.cuchillalia.com\/wordpress\/wp-content\/uploads\/2023\/06\/afilador-cuchillos-duo-victorinox-200x200.jpg 200w, https:\/\/www.cuchillalia.com\/wordpress\/wp-content\/uploads\/2023\/06\/afilador-cuchillos-duo-victorinox-566x566.jpg 566w, https:\/\/www.cuchillalia.com\/wordpress\/wp-content\/uploads\/2023\/06\/afilador-cuchillos-duo-victorinox-100x100.jpg 100w, https:\/\/www.cuchillalia.com\/wordpress\/wp-content\/uploads\/2023\/06\/afilador-cuchillos-duo-victorinox-720x720.jpg 720w, https:\/\/www.cuchillalia.com\/wordpress\/wp-content\/uploads\/2023\/06\/afilador-cuchillos-duo-victorinox-360x360.jpg 360w, https:\/\/www.cuchillalia.com\/wordpress\/wp-content\/uploads\/2023\/06\/afilador-cuchillos-duo-victorinox-600x600.jpg 600w, https:\/\/www.cuchillalia.com\/wordpress\/wp-content\/uploads\/2023\/06\/afilador-cuchillos-duo-victorinox-800x800.jpg 800w, https:\/\/www.cuchillalia.com\/wordpress\/wp-content\/uploads\/2023\/06\/afilador-cuchillos-duo-victorinox-400x400.jpg 400w, https:\/\/www.cuchillalia.com\/wordpress\/wp-content\/uploads\/2023\/06\/afilador-cuchillos-duo-victorinox.jpg 1600w\" sizes=\"(max-width: 300px) 100vw, 300px\"  alt=\"\" width=\"300\" height=\"300\" class=\"attachment-shop_catalog wp-post-image size-300x300\"><\/div><\/div><\/a> \n\n\t<div class=\"details_product_item\"><div class=\"product_details\"><a href=\"https:\/\/www.cuchillalia.com\/en\/producto\/afilador-navajas-victorinox-duo-4-3323\/\" class=\"product_item_link\"><h3 class=\"product_archive_title\">Afilador de navajas DUO Victorinox 4.3323<\/h3><\/a><\/div>\t\t\n\t<a href=\"https:\/\/www.cuchillalia.com\/en\/producto\/afilador-navajas-victorinox-duo-4-3323\/\"><span class=\"kt-notrated\">not rated<\/span><\/a>\n\t<span class=\"price\"><span class=\"woocommerce-Price-amount amount\"><bdi>13,99<span class=\"woocommerce-Price-currencySymbol\">&euro;<\/span><\/bdi><\/span><\/span>\n<div class=\"clearfix\"><\/div><\/div>\n\t<div class=\"product_action_wrap\"><a href=\"\/en\/wp-json\/wp\/v2\/product\/240862?add-to-cart=169021\" aria-describedby=\"woocommerce_loop_add_to_cart_link_describedby_169021\" data-quantity=\"1\" class=\"button product_type_simple add_to_cart_button ajax_add_to_cart\" data-product_id=\"169021\" data-product_sku=\"VI_4.3323\" aria-label=\"Add to cart: &ldquo;Afilador de navajas DUO Victorinox 4.3323&rdquo;\" rel=\"nofollow\" data-success_message=\"&ldquo;Afilador de navajas DUO Victorinox 4.3323&rdquo; has been added to your cart\" role=\"button\">Add to cart<\/a>\t<span id=\"woocommerce_loop_add_to_cart_link_describedby_169021\" class=\"screen-reader-text\">\n\t\t\t<\/span>\n\t\t\t<input type=\"hidden\" class=\"pmwProductId\" data-id=\"169021\">\n\t\t\t\t\t<script>\n\t\t\t(window.pmwDataLayer = window.pmwDataLayer || {}).products                = window.pmwDataLayer.products || {};\n\t\t\twindow.pmwDataLayer.products[169021] = {\"id\":\"169021\",\"sku\":\"VI_4.3323\",\"price\":13.99,\"brand\":\"\",\"quantity\":1,\"dyn_r_ids\":{\"post_id\":\"169021\",\"sku\":\"VI_4.3323\",\"gpf\":\"woocommerce_gpf_169021\",\"gla\":\"gla_169021\"},\"is_variable\":false,\"type\":\"simple\",\"name\":\"Afilador de navajas DUO Victorinox 4.3323\",\"category\":[\"Afiladores para cuchillos\"],\"is_variation\":false};\n\t\t\t\t\twindow.pmw_product_position = window.pmw_product_position || 1;\n\t\twindow.pmwDataLayer.products[169021]['position'] = window.pmw_product_position++;\n\t\t\t\t<\/script>\n\t\t<\/div><\/div><\/li><\/ul>\n<\/div>\n","protected":false},"excerpt":{"rendered":"<p>Navaja modelo <strong>Amarillo<\/strong>, de <strong>Balad\u00e9o<\/strong>, con hoja imitando <strong>acero de Damasco<\/strong>.&hellip; <a class=\"kt-excerpt-readmore more-link\" href=\"https:\/\/www.cuchillalia.com\/en\/producto\/navaja-baladeo-amarillo-mango-madera-eco000199\/\" aria-label=\"Navaja Balad\u00e9o Amarillo mango madera ECO000199\">Read More<\/a><\/p>\n","protected":false},"featured_media":240867,"comment_status":"open","ping_status":"closed","template":"","meta":[],"product_brand":[],"product_cat":[8587,8582],"product_tag":[],"class_list":{"0":"post-240862","1":"product","2":"type-product","3":"status-publish","4":"has-post-thumbnail","6":"product_cat-baladeo","7":"product_cat-navajas","9":"first","10":"instock","11":"taxable","12":"shipping-taxable","13":"purchasable","14":"product-type-simple"},"yoast_head":"<!-- This site is optimized with the Yoast SEO plugin v27.5 - https:\/\/yoast.com\/product\/yoast-seo-wordpress\/ -->\n<title>Navaja Balad\u00e9o Amarillo mango madera imitaci\u00f3n acero Damasco<\/title>\n<meta name=\"description\" content=\"Compra la navaja Balad\u00e9o Amarillo con hoja en imitaci\u00f3n acero de Damasco y mango de madera de fresno. Ideal para aventuras al aire libre y tareas diarias.\" \/>\n<meta name=\"robots\" content=\"index, follow, max-snippet:-1, max-image-preview:large, max-video-preview:-1\" \/>\n<link rel=\"canonical\" href=\"https:\/\/www.cuchillalia.com\/producto\/navaja-baladeo-amarillo-mango-madera-eco000199\/\" \/>\n<meta property=\"og:locale\" content=\"en_US\" \/>\n<meta property=\"og:type\" content=\"article\" \/>\n<meta property=\"og:title\" content=\"Navaja Balad\u00e9o Amarillo mango madera imitaci\u00f3n acero Damasco\" \/>\n<meta property=\"og:description\" content=\"Compra la navaja Balad\u00e9o Amarillo con hoja en imitaci\u00f3n acero de Damasco y mango de madera de fresno. Ideal para aventuras al aire libre y tareas diarias.\" \/>\n<meta property=\"og:url\" content=\"https:\/\/www.cuchillalia.com\/producto\/navaja-baladeo-amarillo-mango-madera-eco000199\/\" \/>\n<meta property=\"og:site_name\" content=\"Cuchillalia.com\" \/>\n<meta property=\"article:publisher\" content=\"http:\/\/www.facebook.com\/cuchillalia\" \/>\n<meta property=\"article:modified_time\" content=\"2025-07-03T19:27:51+00:00\" \/>\n<meta property=\"og:image\" content=\"https:\/\/www.cuchillalia.com\/wordpress\/wp-content\/uploads\/2025\/01\/navaja-baladeo-amarillo-eco000199.jpg\" \/>\n\t<meta property=\"og:image:width\" content=\"1800\" \/>\n\t<meta property=\"og:image:height\" content=\"1800\" \/>\n\t<meta property=\"og:image:type\" content=\"image\/jpeg\" \/>\n<meta name=\"twitter:card\" content=\"summary_large_image\" \/>\n<meta name=\"twitter:site\" content=\"@Cuchillalia\" \/>\n<meta name=\"twitter:label1\" content=\"Est. reading time\" \/>\n\t<meta name=\"twitter:data1\" content=\"3 minutes\" \/>\n<!-- \/ Yoast SEO plugin. -->","yoast_head_json":{"title":"Navaja Balad\u00e9o Amarillo mango madera imitaci\u00f3n acero Damasco","description":"Compra la navaja Balad\u00e9o Amarillo con hoja en imitaci\u00f3n acero de Damasco y mango de madera de fresno. Ideal para aventuras al aire libre y tareas diarias.","robots":{"index":"index","follow":"follow","max-snippet":"max-snippet:-1","max-image-preview":"max-image-preview:large","max-video-preview":"max-video-preview:-1"},"canonical":"https:\/\/www.cuchillalia.com\/producto\/navaja-baladeo-amarillo-mango-madera-eco000199\/","og_locale":"en_US","og_type":"article","og_title":"Navaja Balad\u00e9o Amarillo mango madera imitaci\u00f3n acero Damasco","og_description":"Compra la navaja Balad\u00e9o Amarillo con hoja en imitaci\u00f3n acero de Damasco y mango de madera de fresno. Ideal para aventuras al aire libre y tareas diarias.","og_url":"https:\/\/www.cuchillalia.com\/producto\/navaja-baladeo-amarillo-mango-madera-eco000199\/","og_site_name":"Cuchillalia.com","article_publisher":"http:\/\/www.facebook.com\/cuchillalia","article_modified_time":"2025-07-03T19:27:51+00:00","og_image":[{"width":1800,"height":1800,"url":"https:\/\/www.cuchillalia.com\/wordpress\/wp-content\/uploads\/2025\/01\/navaja-baladeo-amarillo-eco000199.jpg","type":"image\/jpeg"}],"twitter_card":"summary_large_image","twitter_site":"@Cuchillalia","twitter_misc":{"Est. reading time":"3 minutes"},"schema":{"@context":"https:\/\/schema.org","@graph":[{"@type":"WebPage","@id":"https:\/\/www.cuchillalia.com\/producto\/navaja-baladeo-amarillo-mango-madera-eco000199\/","url":"https:\/\/www.cuchillalia.com\/producto\/navaja-baladeo-amarillo-mango-madera-eco000199\/","name":"Navaja Balad\u00e9o Amarillo mango madera imitaci\u00f3n acero Damasco","isPartOf":{"@id":"https:\/\/www.cuchillalia.com\/#website"},"primaryImageOfPage":{"@id":"https:\/\/www.cuchillalia.com\/producto\/navaja-baladeo-amarillo-mango-madera-eco000199\/#primaryimage"},"image":{"@id":"https:\/\/www.cuchillalia.com\/producto\/navaja-baladeo-amarillo-mango-madera-eco000199\/#primaryimage"},"thumbnailUrl":"https:\/\/www.cuchillalia.com\/wordpress\/wp-content\/uploads\/2025\/01\/navaja-baladeo-amarillo-eco000199.jpg","datePublished":"2025-01-10T16:13:15+00:00","dateModified":"2025-07-03T19:27:51+00:00","description":"Compra la navaja Balad\u00e9o Amarillo con hoja en imitaci\u00f3n acero de Damasco y mango de madera de fresno. Ideal para aventuras al aire libre y tareas diarias.","breadcrumb":{"@id":"https:\/\/www.cuchillalia.com\/producto\/navaja-baladeo-amarillo-mango-madera-eco000199\/#breadcrumb"},"inLanguage":"en-US","potentialAction":[{"@type":"ReadAction","target":["https:\/\/www.cuchillalia.com\/producto\/navaja-baladeo-amarillo-mango-madera-eco000199\/"]}]},{"@type":"ImageObject","inLanguage":"en-US","@id":"https:\/\/www.cuchillalia.com\/producto\/navaja-baladeo-amarillo-mango-madera-eco000199\/#primaryimage","url":"https:\/\/www.cuchillalia.com\/wordpress\/wp-content\/uploads\/2025\/01\/navaja-baladeo-amarillo-eco000199.jpg","contentUrl":"https:\/\/www.cuchillalia.com\/wordpress\/wp-content\/uploads\/2025\/01\/navaja-baladeo-amarillo-eco000199.jpg","width":1800,"height":1800,"caption":"Navaja Balad\u00e9o Amarillo con mango de madera de fresno - Cuchillalia"},{"@type":"BreadcrumbList","@id":"https:\/\/www.cuchillalia.com\/producto\/navaja-baladeo-amarillo-mango-madera-eco000199\/#breadcrumb","itemListElement":[{"@type":"ListItem","position":1,"name":"Cuchillalia","item":"https:\/\/www.cuchillalia.com\/en\/"},{"@type":"ListItem","position":2,"name":"Tienda","item":"https:\/\/www.cuchillalia.com\/tienda\/"},{"@type":"ListItem","position":3,"name":"Cuchillos de cocina","item":"https:\/\/www.cuchillalia.com\/categoria\/cuchillos\/"},{"@type":"ListItem","position":4,"name":"Navajas","item":"https:\/\/www.cuchillalia.com\/categoria\/cuchillos\/navajas\/"},{"@type":"ListItem","position":5,"name":"Navaja Balad\u00e9o Amarillo mango madera ECO000199"}]},{"@type":"WebSite","@id":"https:\/\/www.cuchillalia.com\/#website","url":"https:\/\/www.cuchillalia.com\/","name":"Cuchillalia.com","description":"","publisher":{"@id":"https:\/\/www.cuchillalia.com\/#organization"},"potentialAction":[{"@type":"SearchAction","target":{"@type":"EntryPoint","urlTemplate":"https:\/\/www.cuchillalia.com\/?s={search_term_string}"},"query-input":{"@type":"PropertyValueSpecification","valueRequired":true,"valueName":"search_term_string"}}],"inLanguage":"en-US"},{"@type":"Organization","@id":"https:\/\/www.cuchillalia.com\/#organization","name":"Cuchillalia","url":"https:\/\/www.cuchillalia.com\/","logo":{"@type":"ImageObject","inLanguage":"en-US","@id":"https:\/\/www.cuchillalia.com\/#\/schema\/logo\/image\/","url":"https:\/\/www.cuchillalia.com\/wordpress\/wp-content\/uploads\/2021\/03\/logo-cuchillalia-jpg.jpg","contentUrl":"https:\/\/www.cuchillalia.com\/wordpress\/wp-content\/uploads\/2021\/03\/logo-cuchillalia-jpg.jpg","width":276,"height":192,"caption":"Cuchillalia"},"image":{"@id":"https:\/\/www.cuchillalia.com\/#\/schema\/logo\/image\/"},"sameAs":["http:\/\/www.facebook.com\/cuchillalia","https:\/\/x.com\/Cuchillalia"]}]}},"_links":{"self":[{"href":"https:\/\/www.cuchillalia.com\/en\/wp-json\/wp\/v2\/product\/240862","targetHints":{"allow":["GET"]}}],"collection":[{"href":"https:\/\/www.cuchillalia.com\/en\/wp-json\/wp\/v2\/product"}],"about":[{"href":"https:\/\/www.cuchillalia.com\/en\/wp-json\/wp\/v2\/types\/product"}],"replies":[{"embeddable":true,"href":"https:\/\/www.cuchillalia.com\/en\/wp-json\/wp\/v2\/comments?post=240862"}],"wp:featuredmedia":[{"embeddable":true,"href":"https:\/\/www.cuchillalia.com\/en\/wp-json\/wp\/v2\/media\/240867"}],"wp:attachment":[{"href":"https:\/\/www.cuchillalia.com\/en\/wp-json\/wp\/v2\/media?parent=240862"}],"wp:term":[{"taxonomy":"product_brand","embeddable":true,"href":"https:\/\/www.cuchillalia.com\/en\/wp-json\/wp\/v2\/product_brand?post=240862"},{"taxonomy":"product_cat","embeddable":true,"href":"https:\/\/www.cuchillalia.com\/en\/wp-json\/wp\/v2\/product_cat?post=240862"},{"taxonomy":"product_tag","embeddable":true,"href":"https:\/\/www.cuchillalia.com\/en\/wp-json\/wp\/v2\/product_tag?post=240862"}],"curies":[{"name":"wp","href":"https:\/\/api.w.org\/{rel}","templated":true}]}}