{"id":239924,"date":"2024-11-26T21:34:54","date_gmt":"2024-11-26T20:34:54","guid":{"rendered":"https:\/\/www.cuchillalia.com\/?post_type=product&#038;p=239924"},"modified":"2026-02-12T20:16:56","modified_gmt":"2026-02-12T19:16:56","slug":"navaja-ligera-azul-plata-gerber-paralite-1069417","status":"publish","type":"product","link":"https:\/\/www.cuchillalia.com\/en\/producto\/navaja-ligera-azul-plata-gerber-paralite-1069417\/","title":{"rendered":"Navaja ligera azul\/plata Gerber Paralite 1069417"},"content":{"rendered":"<h2>Tabla de caracter\u00edsticas navaja Gerber Paralite<\/h2>\n<div class='tabla-caracteristicas'>\n<div class='fila'><span class='etiqueta'>Nombre comercial:<\/span><span class='valor'><strong>Gerber Paralite Blue<\/strong><\/span><\/div>\n<div class='fila'><span class='etiqueta'>Fabricante:<\/span><span class='valor'>Gerber<\/span><\/div>\n<div class='fila'><span class='etiqueta'>Referencia del fabricante:<\/span><span class='valor'>33-024061 &#8211; 1069417<\/span><\/div>\n<div class='fila'><span class='etiqueta'>Longitud de la hoja:<\/span><span class='valor'>7,5 cm<\/span><\/div>\n<div class='fila'><span class='etiqueta'>Ancho m\u00e1ximo de la hoja:<\/span><span class='valor'>2,1 cm<\/span><\/div>\n<div class='fila'><span class='etiqueta'>Longitud del mango:<\/span><span class='valor'>10,5 cm<\/span><\/div>\n<div class='fila'><span class='etiqueta'>Longitud total:<\/span><span class='valor'>18 cm<\/span><\/div>\n<div class='fila'><span class='etiqueta'>Material de la hoja:<\/span><span class='valor'>Acero Inoxidable 5Cr15MoV<\/span><\/div>\n<div class='fila'><span class='etiqueta'>Tipo de hoja:<\/span><span class='valor'>Filo liso. Hoja drop point.<\/span><\/div>\n<div class='fila'><span class='etiqueta'>Material del mango:<\/span><span class='valor'>Acero inoxidable<\/span><\/div>\n<div class='fila'><span class='etiqueta'>Tipo de mango:<\/span><span class='valor'>Incluye un gancho para el bolsillo<\/span><\/div>\n<div class='fila'><span class='etiqueta'>\u00bfEs apto para zurdos?:<\/span><span class='valor'>Si<\/span><\/div>\n<div class='fila'><span class='etiqueta'>Peso del producto:<\/span><span class='valor'>95 g<\/span><\/div>\n<div class='fila'><span class='etiqueta'>\u00bfTiene bloqueo de hoja?:<\/span><span class='valor'>Si, del tipo frame-lock<\/span><\/div>\n<div class='fila'><span class='etiqueta'>\u00bfTiene apertura a una mano?:<\/span><span class='valor'>Si, mediante tornillo a ambos lados de la hoja<\/span><\/div>\n<div class='fila'><span class='etiqueta'>Presentaci\u00f3n del producto:<\/span><span class='valor'>Caja<\/span><\/div>\n<div class='fila'><span class='etiqueta'>\u00bfEs apto para el lavavajillas?:<\/span><span class='valor'>No<\/span><\/div>\n<div class='fila'><span class='etiqueta'>\u00bfDonde se fabrica?:<\/span><span class='valor'>China<\/span><\/div>\n<div class='fila'><span class='etiqueta'>C\u00f3digo de barras (GTIN):<\/span><span class='valor'>0013658167650<\/span><\/div>\n<div class='fila'><span class='etiqueta'>Observaciones:<\/span><span class='valor'>&#8211; El bot\u00f3n de la hoja es sim\u00e9trico para poder abrirlo desde ambos lados. Apertura a una sola mano.<br \/>\n&#8211; Si en tu pa\u00eds no se puede llevar navajas de apertura a una mano, se le puede quitar el bot\u00f3n de la hoja. As\u00ed queda una navaja de apertura a dos manos.<\/span><\/div>\n<\/div>\n","protected":false},"excerpt":{"rendered":"<p><strong>Navaja color azul y plata<\/strong> para uso diario de 7,5 cm de hoja, <strong>Gerber Paralite 1069417<\/strong>.&hellip; <a class=\"kt-excerpt-readmore more-link\" href=\"https:\/\/www.cuchillalia.com\/en\/producto\/navaja-ligera-azul-plata-gerber-paralite-1069417\/\" aria-label=\"Navaja ligera azul\/plata Gerber Paralite 1069417\">Read More<\/a><\/p>\n","protected":false},"featured_media":239944,"comment_status":"open","ping_status":"closed","template":"","meta":[],"product_brand":[],"product_cat":[24820,8582],"product_tag":[],"class_list":{"0":"post-239924","1":"product","2":"type-product","3":"status-publish","4":"has-post-thumbnail","6":"product_cat-gerber","7":"product_cat-navajas","9":"first","10":"instock","11":"taxable","12":"shipping-taxable","13":"purchasable","14":"product-type-simple"},"yoast_head":"<!-- This site is optimized with the Yoast SEO plugin v27.5 - https:\/\/yoast.com\/product\/yoast-seo-wordpress\/ -->\n<title>Navaja ligera azul\/plata Gerber Paralite 1069417 - Cuchillalia.com<\/title>\n<meta name=\"robots\" content=\"index, follow, max-snippet:-1, max-image-preview:large, max-video-preview:-1\" \/>\n<link rel=\"canonical\" href=\"https:\/\/www.cuchillalia.com\/producto\/navaja-ligera-azul-plata-gerber-paralite-1069417\/\" \/>\n<meta property=\"og:locale\" content=\"en_US\" \/>\n<meta property=\"og:type\" content=\"article\" \/>\n<meta property=\"og:title\" content=\"Navaja ligera azul\/plata Gerber Paralite 1069417 - Cuchillalia.com\" \/>\n<meta property=\"og:description\" content=\"Navaja color azul y plata para uso diario de 7,5 cm de hoja, Gerber Paralite 1069417.&hellip; Read More\" \/>\n<meta property=\"og:url\" content=\"https:\/\/www.cuchillalia.com\/producto\/navaja-ligera-azul-plata-gerber-paralite-1069417\/\" \/>\n<meta property=\"og:site_name\" content=\"Cuchillalia.com\" \/>\n<meta property=\"article:publisher\" content=\"http:\/\/www.facebook.com\/cuchillalia\" \/>\n<meta property=\"article:modified_time\" content=\"2026-02-12T19:16:56+00:00\" \/>\n<meta property=\"og:image\" content=\"https:\/\/www.cuchillalia.com\/wordpress\/wp-content\/uploads\/2024\/11\/navaja-gerber-paralite-33-024061-1069415.jpg\" \/>\n\t<meta property=\"og:image:width\" content=\"1400\" \/>\n\t<meta property=\"og:image:height\" content=\"1400\" \/>\n\t<meta property=\"og:image:type\" content=\"image\/jpeg\" \/>\n<meta name=\"twitter:card\" content=\"summary_large_image\" \/>\n<meta name=\"twitter:site\" content=\"@Cuchillalia\" \/>\n<meta name=\"twitter:label1\" content=\"Est. reading time\" \/>\n\t<meta name=\"twitter:data1\" content=\"2 minutes\" \/>\n<!-- \/ Yoast SEO plugin. -->","yoast_head_json":{"title":"Navaja ligera azul\/plata Gerber Paralite 1069417 - Cuchillalia.com","robots":{"index":"index","follow":"follow","max-snippet":"max-snippet:-1","max-image-preview":"max-image-preview:large","max-video-preview":"max-video-preview:-1"},"canonical":"https:\/\/www.cuchillalia.com\/producto\/navaja-ligera-azul-plata-gerber-paralite-1069417\/","og_locale":"en_US","og_type":"article","og_title":"Navaja ligera azul\/plata Gerber Paralite 1069417 - Cuchillalia.com","og_description":"Navaja color azul y plata para uso diario de 7,5 cm de hoja, Gerber Paralite 1069417.&hellip; Read More","og_url":"https:\/\/www.cuchillalia.com\/producto\/navaja-ligera-azul-plata-gerber-paralite-1069417\/","og_site_name":"Cuchillalia.com","article_publisher":"http:\/\/www.facebook.com\/cuchillalia","article_modified_time":"2026-02-12T19:16:56+00:00","og_image":[{"width":1400,"height":1400,"url":"https:\/\/www.cuchillalia.com\/wordpress\/wp-content\/uploads\/2024\/11\/navaja-gerber-paralite-33-024061-1069415.jpg","type":"image\/jpeg"}],"twitter_card":"summary_large_image","twitter_site":"@Cuchillalia","twitter_misc":{"Est. reading time":"2 minutes"},"schema":{"@context":"https:\/\/schema.org","@graph":[{"@type":"WebPage","@id":"https:\/\/www.cuchillalia.com\/producto\/navaja-ligera-azul-plata-gerber-paralite-1069417\/","url":"https:\/\/www.cuchillalia.com\/producto\/navaja-ligera-azul-plata-gerber-paralite-1069417\/","name":"Navaja ligera azul\/plata Gerber Paralite 1069417 - Cuchillalia.com","isPartOf":{"@id":"https:\/\/www.cuchillalia.com\/#website"},"primaryImageOfPage":{"@id":"https:\/\/www.cuchillalia.com\/producto\/navaja-ligera-azul-plata-gerber-paralite-1069417\/#primaryimage"},"image":{"@id":"https:\/\/www.cuchillalia.com\/producto\/navaja-ligera-azul-plata-gerber-paralite-1069417\/#primaryimage"},"thumbnailUrl":"https:\/\/www.cuchillalia.com\/wordpress\/wp-content\/uploads\/2024\/11\/navaja-gerber-paralite-33-024061-1069415.jpg","datePublished":"2024-11-26T20:34:54+00:00","dateModified":"2026-02-12T19:16:56+00:00","breadcrumb":{"@id":"https:\/\/www.cuchillalia.com\/producto\/navaja-ligera-azul-plata-gerber-paralite-1069417\/#breadcrumb"},"inLanguage":"en-US","potentialAction":[{"@type":"ReadAction","target":["https:\/\/www.cuchillalia.com\/producto\/navaja-ligera-azul-plata-gerber-paralite-1069417\/"]}]},{"@type":"ImageObject","inLanguage":"en-US","@id":"https:\/\/www.cuchillalia.com\/producto\/navaja-ligera-azul-plata-gerber-paralite-1069417\/#primaryimage","url":"https:\/\/www.cuchillalia.com\/wordpress\/wp-content\/uploads\/2024\/11\/navaja-gerber-paralite-33-024061-1069415.jpg","contentUrl":"https:\/\/www.cuchillalia.com\/wordpress\/wp-content\/uploads\/2024\/11\/navaja-gerber-paralite-33-024061-1069415.jpg","width":1400,"height":1400,"caption":"Navaja Gerber Paralite azul\/plata - Cuchillalia.com"},{"@type":"BreadcrumbList","@id":"https:\/\/www.cuchillalia.com\/producto\/navaja-ligera-azul-plata-gerber-paralite-1069417\/#breadcrumb","itemListElement":[{"@type":"ListItem","position":1,"name":"Cuchillalia","item":"https:\/\/www.cuchillalia.com\/en\/"},{"@type":"ListItem","position":2,"name":"Tienda","item":"https:\/\/www.cuchillalia.com\/tienda\/"},{"@type":"ListItem","position":3,"name":"Cuchillos de cocina","item":"https:\/\/www.cuchillalia.com\/categoria\/cuchillos\/"},{"@type":"ListItem","position":4,"name":"Navajas","item":"https:\/\/www.cuchillalia.com\/categoria\/cuchillos\/navajas\/"},{"@type":"ListItem","position":5,"name":"Navaja ligera azul\/plata Gerber Paralite 1069417"}]},{"@type":"WebSite","@id":"https:\/\/www.cuchillalia.com\/#website","url":"https:\/\/www.cuchillalia.com\/","name":"Cuchillalia.com","description":"","publisher":{"@id":"https:\/\/www.cuchillalia.com\/#organization"},"potentialAction":[{"@type":"SearchAction","target":{"@type":"EntryPoint","urlTemplate":"https:\/\/www.cuchillalia.com\/?s={search_term_string}"},"query-input":{"@type":"PropertyValueSpecification","valueRequired":true,"valueName":"search_term_string"}}],"inLanguage":"en-US"},{"@type":"Organization","@id":"https:\/\/www.cuchillalia.com\/#organization","name":"Cuchillalia","url":"https:\/\/www.cuchillalia.com\/","logo":{"@type":"ImageObject","inLanguage":"en-US","@id":"https:\/\/www.cuchillalia.com\/#\/schema\/logo\/image\/","url":"https:\/\/www.cuchillalia.com\/wordpress\/wp-content\/uploads\/2021\/03\/logo-cuchillalia-jpg.jpg","contentUrl":"https:\/\/www.cuchillalia.com\/wordpress\/wp-content\/uploads\/2021\/03\/logo-cuchillalia-jpg.jpg","width":276,"height":192,"caption":"Cuchillalia"},"image":{"@id":"https:\/\/www.cuchillalia.com\/#\/schema\/logo\/image\/"},"sameAs":["http:\/\/www.facebook.com\/cuchillalia","https:\/\/x.com\/Cuchillalia"]}]}},"_links":{"self":[{"href":"https:\/\/www.cuchillalia.com\/en\/wp-json\/wp\/v2\/product\/239924","targetHints":{"allow":["GET"]}}],"collection":[{"href":"https:\/\/www.cuchillalia.com\/en\/wp-json\/wp\/v2\/product"}],"about":[{"href":"https:\/\/www.cuchillalia.com\/en\/wp-json\/wp\/v2\/types\/product"}],"replies":[{"embeddable":true,"href":"https:\/\/www.cuchillalia.com\/en\/wp-json\/wp\/v2\/comments?post=239924"}],"wp:featuredmedia":[{"embeddable":true,"href":"https:\/\/www.cuchillalia.com\/en\/wp-json\/wp\/v2\/media\/239944"}],"wp:attachment":[{"href":"https:\/\/www.cuchillalia.com\/en\/wp-json\/wp\/v2\/media?parent=239924"}],"wp:term":[{"taxonomy":"product_brand","embeddable":true,"href":"https:\/\/www.cuchillalia.com\/en\/wp-json\/wp\/v2\/product_brand?post=239924"},{"taxonomy":"product_cat","embeddable":true,"href":"https:\/\/www.cuchillalia.com\/en\/wp-json\/wp\/v2\/product_cat?post=239924"},{"taxonomy":"product_tag","embeddable":true,"href":"https:\/\/www.cuchillalia.com\/en\/wp-json\/wp\/v2\/product_tag?post=239924"}],"curies":[{"name":"wp","href":"https:\/\/api.w.org\/{rel}","templated":true}]}}