{"id":239770,"date":"2024-11-24T16:12:45","date_gmt":"2024-11-24T15:12:45","guid":{"rendered":"https:\/\/www.cuchillalia.com\/?post_type=product&#038;p=239770"},"modified":"2026-05-12T09:54:57","modified_gmt":"2026-05-12T07:54:57","slug":"olla-semirapida-24-cm-woll-active-lite-124dali","status":"publish","type":"product","link":"https:\/\/www.cuchillalia.com\/en\/producto\/olla-semirapida-24-cm-woll-active-lite-124dali\/","title":{"rendered":"Olla semir\u00e1pida de 24 cm Woll Active Lite 124DALI"},"content":{"rendered":"<h2>Tabla de caracter\u00edsticas olla semir\u00e1pida de 24 cm Woll Active Lite<\/h2>\n<div class='tabla-caracteristicas'>\n<div class='fila'><span class='etiqueta'>Nombre comercial:<\/span><span class='valor'><strong>Olla 20cm IL\/Active Lite<\/strong><\/span><\/div>\n<div class='fila'><span class='etiqueta'>Fabricante:<\/span><span class='valor'>Woll<\/span><\/div>\n<div class='fila'><span class='etiqueta'>Referencia del fabricante:<\/span><span class='valor'>124DALI<\/span><\/div>\n<div class='fila'><span class='etiqueta'>Tipo de mango:<\/span><span class='valor'>Asas fijas<\/span><\/div>\n<div class='fila'><span class='etiqueta'>Material:<\/span><span class='valor'>Aluminio con 5 capas de recubrimiento con diamante, resistentes a cortes y abrasiones<\/span><\/div>\n<div class='fila'><span class='etiqueta'>Peso del producto:<\/span><span class='valor'>3,87 kg<\/span><\/div>\n<div class='fila'><span class='etiqueta'>Di\u00e1metro:<\/span><span class='valor'>24 cm<\/span><\/div>\n<div class='fila'><span class='etiqueta'>Altura:<\/span><span class='valor'>13,5 cm<\/span><\/div>\n<div class='fila'><span class='etiqueta'>Di\u00e1metro inferior:<\/span><span class='valor'>19,9 cm<\/span><\/div>\n<div class='fila'><span class='etiqueta'>Capacidad:<\/span><span class='valor'>5 litros<\/span><\/div>\n<div class='fila'><span class='etiqueta'>\u00bfEs apto para inducci\u00f3n?:<\/span><span class='valor'>Si<\/span><\/div>\n<div class='fila'><span class='etiqueta'>\u00bfEs apto para horno?:<\/span><span class='valor'>Si, quitando la tapa<\/span><\/div>\n<div class='fila'><span class='etiqueta'>\u00bfEs apto para el lavavajillas?:<\/span><span class='valor'>Si<\/span><\/div>\n<div class='fila'><span class='etiqueta'>\u00bfIncluye tapa?:<\/span><span class='valor'>Si<\/span><\/div>\n<div class='fila'><span class='etiqueta'>\u00bfDonde se fabrica?:<\/span><span class='valor'>Alemania<\/span><\/div>\n<div class='fila'><span class='etiqueta'>\u00bfQu\u00e9 garant\u00eda tiene?:<\/span><span class='valor'>25 a\u00f1os de garant\u00eda en el cuerpo de la olla y 3 a\u00f1os en el revestimiento antiadherente.<\/span><\/div>\n<div class='fila'><span class='etiqueta'>C\u00f3digo de barras (GTIN):<\/span><span class='valor'>4054359010568<\/span><\/div>\n<\/div>\n","protected":false},"excerpt":{"rendered":"<p>Olla semir\u00e1pida a presi\u00f3n de 5 litros, <strong>Woll Active Lite 124DALI<\/strong>.&hellip; <a class=\"kt-excerpt-readmore more-link\" href=\"https:\/\/www.cuchillalia.com\/en\/producto\/olla-semirapida-24-cm-woll-active-lite-124dali\/\" aria-label=\"Olla semir\u00e1pida de 24 cm Woll Active Lite 124DALI\">Read More<\/a><\/p>\n","protected":false},"featured_media":239732,"comment_status":"open","ping_status":"closed","template":"","meta":[],"product_brand":[],"product_cat":[24827,8412],"product_tag":[],"class_list":{"0":"post-239770","1":"product","2":"type-product","3":"status-publish","4":"has-post-thumbnail","6":"product_cat-active-lite","7":"product_cat-ollas-cacerolas","9":"first","10":"outofstock","11":"taxable","12":"shipping-taxable","13":"purchasable","14":"product-type-simple"},"yoast_head":"<!-- This site is optimized with the Yoast SEO plugin v27.5 - https:\/\/yoast.com\/product\/yoast-seo-wordpress\/ -->\n<title>Woll Active Lite 124DALI | Olla semir\u00e1pida de titanio | Cuchillalia<\/title>\n<meta name=\"robots\" content=\"index, follow, max-snippet:-1, max-image-preview:large, max-video-preview:-1\" \/>\n<link rel=\"canonical\" href=\"https:\/\/www.cuchillalia.com\/producto\/woll-pressure-pro-121pp-olla-rapida-presion-4-litros\/\" \/>\n<meta property=\"og:locale\" content=\"en_US\" \/>\n<meta property=\"og:type\" content=\"article\" \/>\n<meta property=\"og:title\" content=\"Woll Active Lite 124DALI | Olla semir\u00e1pida de titanio | Cuchillalia\" \/>\n<meta property=\"og:description\" content=\"Olla semir\u00e1pida a presi\u00f3n de 5 litros, Woll Active Lite 124DALI.&hellip; Read More\" \/>\n<meta property=\"og:url\" content=\"https:\/\/www.cuchillalia.com\/producto\/woll-pressure-pro-121pp-olla-rapida-presion-4-litros\/\" \/>\n<meta property=\"og:site_name\" content=\"Cuchillalia.com\" \/>\n<meta property=\"article:publisher\" content=\"http:\/\/www.facebook.com\/cuchillalia\" \/>\n<meta property=\"article:modified_time\" content=\"2026-05-12T07:54:57+00:00\" \/>\n<meta property=\"og:image\" content=\"https:\/\/www.cuchillalia.com\/wordpress\/wp-content\/uploads\/2024\/11\/olla-semirapida-24-cm-woll-active-lite-124dali.jpg\" \/>\n\t<meta property=\"og:image:width\" content=\"1280\" \/>\n\t<meta property=\"og:image:height\" content=\"1280\" \/>\n\t<meta property=\"og:image:type\" content=\"image\/jpeg\" \/>\n<meta name=\"twitter:card\" content=\"summary_large_image\" \/>\n<meta name=\"twitter:site\" content=\"@Cuchillalia\" \/>\n<meta name=\"twitter:label1\" content=\"Est. reading time\" \/>\n\t<meta name=\"twitter:data1\" content=\"2 minutes\" \/>\n<!-- \/ Yoast SEO plugin. -->","yoast_head_json":{"title":"Woll Active Lite 124DALI | Olla semir\u00e1pida de titanio | Cuchillalia","robots":{"index":"index","follow":"follow","max-snippet":"max-snippet:-1","max-image-preview":"max-image-preview:large","max-video-preview":"max-video-preview:-1"},"canonical":"https:\/\/www.cuchillalia.com\/producto\/woll-pressure-pro-121pp-olla-rapida-presion-4-litros\/","og_locale":"en_US","og_type":"article","og_title":"Woll Active Lite 124DALI | Olla semir\u00e1pida de titanio | Cuchillalia","og_description":"Olla semir\u00e1pida a presi\u00f3n de 5 litros, Woll Active Lite 124DALI.&hellip; Read More","og_url":"https:\/\/www.cuchillalia.com\/producto\/woll-pressure-pro-121pp-olla-rapida-presion-4-litros\/","og_site_name":"Cuchillalia.com","article_publisher":"http:\/\/www.facebook.com\/cuchillalia","article_modified_time":"2026-05-12T07:54:57+00:00","og_image":[{"width":1280,"height":1280,"url":"https:\/\/www.cuchillalia.com\/wordpress\/wp-content\/uploads\/2024\/11\/olla-semirapida-24-cm-woll-active-lite-124dali.jpg","type":"image\/jpeg"}],"twitter_card":"summary_large_image","twitter_site":"@Cuchillalia","twitter_misc":{"Est. reading time":"2 minutes"},"schema":{"@context":"https:\/\/schema.org","@graph":[{"@type":"WebPage","@id":"https:\/\/www.cuchillalia.com\/producto\/olla-semirapida-24-cm-woll-active-lite-124dali\/","url":"https:\/\/www.cuchillalia.com\/producto\/woll-pressure-pro-121pp-olla-rapida-presion-4-litros\/","name":"Woll Active Lite 124DALI | Olla semir\u00e1pida de titanio | Cuchillalia","isPartOf":{"@id":"https:\/\/www.cuchillalia.com\/#website"},"primaryImageOfPage":{"@id":"https:\/\/www.cuchillalia.com\/producto\/woll-pressure-pro-121pp-olla-rapida-presion-4-litros\/#primaryimage"},"image":{"@id":"https:\/\/www.cuchillalia.com\/producto\/woll-pressure-pro-121pp-olla-rapida-presion-4-litros\/#primaryimage"},"thumbnailUrl":"https:\/\/www.cuchillalia.com\/wordpress\/wp-content\/uploads\/2024\/11\/olla-semirapida-24-cm-woll-active-lite-124dali.jpg","datePublished":"2024-11-24T15:12:45+00:00","dateModified":"2026-05-12T07:54:57+00:00","breadcrumb":{"@id":"https:\/\/www.cuchillalia.com\/producto\/woll-pressure-pro-121pp-olla-rapida-presion-4-litros\/#breadcrumb"},"inLanguage":"en-US","potentialAction":[{"@type":"ReadAction","target":["https:\/\/www.cuchillalia.com\/producto\/woll-pressure-pro-121pp-olla-rapida-presion-4-litros\/"]}]},{"@type":"ImageObject","inLanguage":"en-US","@id":"https:\/\/www.cuchillalia.com\/producto\/woll-pressure-pro-121pp-olla-rapida-presion-4-litros\/#primaryimage","url":"https:\/\/www.cuchillalia.com\/wordpress\/wp-content\/uploads\/2024\/11\/olla-semirapida-24-cm-woll-active-lite-124dali.jpg","contentUrl":"https:\/\/www.cuchillalia.com\/wordpress\/wp-content\/uploads\/2024\/11\/olla-semirapida-24-cm-woll-active-lite-124dali.jpg","width":1280,"height":1280,"caption":"Olla semir\u00e1pida de 24 cm Woll Active Line 124DALI - Cuchillalia.com"},{"@type":"BreadcrumbList","@id":"https:\/\/www.cuchillalia.com\/producto\/woll-pressure-pro-121pp-olla-rapida-presion-4-litros\/#breadcrumb","itemListElement":[{"@type":"ListItem","position":1,"name":"Cuchillalia","item":"https:\/\/www.cuchillalia.com\/en\/"},{"@type":"ListItem","position":2,"name":"Tienda","item":"https:\/\/www.cuchillalia.com\/tienda\/"},{"@type":"ListItem","position":3,"name":"Marcas","item":"https:\/\/www.cuchillalia.com\/categoria\/marcas\/"},{"@type":"ListItem","position":4,"name":"Woll","item":"https:\/\/www.cuchillalia.com\/categoria\/marcas\/woll\/"},{"@type":"ListItem","position":5,"name":"Active Lite","item":"https:\/\/www.cuchillalia.com\/categoria\/marcas\/woll\/active-lite\/"},{"@type":"ListItem","position":6,"name":"Olla semir\u00e1pida de 24 cm Woll Active Lite 124DALI"}]},{"@type":"WebSite","@id":"https:\/\/www.cuchillalia.com\/#website","url":"https:\/\/www.cuchillalia.com\/","name":"Cuchillalia.com","description":"","publisher":{"@id":"https:\/\/www.cuchillalia.com\/#organization"},"potentialAction":[{"@type":"SearchAction","target":{"@type":"EntryPoint","urlTemplate":"https:\/\/www.cuchillalia.com\/?s={search_term_string}"},"query-input":{"@type":"PropertyValueSpecification","valueRequired":true,"valueName":"search_term_string"}}],"inLanguage":"en-US"},{"@type":"Organization","@id":"https:\/\/www.cuchillalia.com\/#organization","name":"Cuchillalia","url":"https:\/\/www.cuchillalia.com\/","logo":{"@type":"ImageObject","inLanguage":"en-US","@id":"https:\/\/www.cuchillalia.com\/#\/schema\/logo\/image\/","url":"https:\/\/www.cuchillalia.com\/wordpress\/wp-content\/uploads\/2021\/03\/logo-cuchillalia-jpg.jpg","contentUrl":"https:\/\/www.cuchillalia.com\/wordpress\/wp-content\/uploads\/2021\/03\/logo-cuchillalia-jpg.jpg","width":276,"height":192,"caption":"Cuchillalia"},"image":{"@id":"https:\/\/www.cuchillalia.com\/#\/schema\/logo\/image\/"},"sameAs":["http:\/\/www.facebook.com\/cuchillalia","https:\/\/x.com\/Cuchillalia"]}]}},"_links":{"self":[{"href":"https:\/\/www.cuchillalia.com\/en\/wp-json\/wp\/v2\/product\/239770","targetHints":{"allow":["GET"]}}],"collection":[{"href":"https:\/\/www.cuchillalia.com\/en\/wp-json\/wp\/v2\/product"}],"about":[{"href":"https:\/\/www.cuchillalia.com\/en\/wp-json\/wp\/v2\/types\/product"}],"replies":[{"embeddable":true,"href":"https:\/\/www.cuchillalia.com\/en\/wp-json\/wp\/v2\/comments?post=239770"}],"wp:featuredmedia":[{"embeddable":true,"href":"https:\/\/www.cuchillalia.com\/en\/wp-json\/wp\/v2\/media\/239732"}],"wp:attachment":[{"href":"https:\/\/www.cuchillalia.com\/en\/wp-json\/wp\/v2\/media?parent=239770"}],"wp:term":[{"taxonomy":"product_brand","embeddable":true,"href":"https:\/\/www.cuchillalia.com\/en\/wp-json\/wp\/v2\/product_brand?post=239770"},{"taxonomy":"product_cat","embeddable":true,"href":"https:\/\/www.cuchillalia.com\/en\/wp-json\/wp\/v2\/product_cat?post=239770"},{"taxonomy":"product_tag","embeddable":true,"href":"https:\/\/www.cuchillalia.com\/en\/wp-json\/wp\/v2\/product_tag?post=239770"}],"curies":[{"name":"wp","href":"https:\/\/api.w.org\/{rel}","templated":true}]}}